{"id":6706,"date":"2026-03-23T13:25:00","date_gmt":"2026-03-23T10:25:00","guid":{"rendered":"https:\/\/integramedikal.com\/magaza\/?post_type=product&#038;p=6706"},"modified":"2026-03-23T13:32:56","modified_gmt":"2026-03-23T10:32:56","slug":"first-crush-elektrik-ve-sarjli-ilac-tablet-ezme-cihazi","status":"publish","type":"product","link":"https:\/\/integramedikal.com\/magaza\/urun\/first-crush-elektrik-ve-sarjli-ilac-tablet-ezme-cihazi\/","title":{"rendered":"First Crush Elektrik ve \u015earjl\u0131 \u0130la\u00e7\/Tablet Ezme Cihaz\u0131"},"content":{"rendered":"<div class=\"flex_column av_one_full flex_column_div av-zero-column-padding first avia-builder-el-0 el_before_av_hr avia-builder-el-first \">\n<section class=\"av_textblock_section \">\n<div class=\"avia_textblock \">\n<h3><strong>First Crush Elektrik ve \u015earjl\u0131 \u0130la\u00e7\/Tablet Ezme Cihaz\u0131<\/strong><\/h3>\n<\/div>\n<\/section>\n<section class=\"av_textblock_section \">\n<div class=\"avia_textblock \">\n<p><iframe loading=\"lazy\" src=\"https:\/\/www.youtube.com\/embed\/sRo6ubue5Qc?wmode=opaque&amp;rel=0\" width=\"600\" height=\"350\" frameborder=\"0\" allowfullscreen=\"allowfullscreen\" data-mce-fragment=\"1\"><\/iframe><\/p>\n<\/div>\n<\/section>\n<\/div>\n<section class=\"av_textblock_section \">\n<div class=\"avia_textblock \">\n<h2 data-path-to-node=\"3\"><b data-path-to-node=\"3\" data-index-in-node=\"0\">First Crush: Profesyonel ve Hijyenik \u0130la\u00e7 Haz\u0131rlama Teknolojisi<\/b><\/h2>\n<p data-path-to-node=\"4\">\u0130la\u00e7 ezmek hi\u00e7 bu kadar g\u00fcvenli, h\u0131zl\u0131 ve zahmetsiz olmam\u0131\u015ft\u0131. <b data-path-to-node=\"4\" data-index-in-node=\"63\">FDA onayl\u0131<\/b> First Crush, hem ev tipi kullan\u0131mda hem de profesyonel sa\u011fl\u0131k kurumlar\u0131nda standartlar\u0131 yeniden belirliyor.<\/p>\n<h3 data-path-to-node=\"5\"><b data-path-to-node=\"5\" data-index-in-node=\"0\">Neden First Crush&#8217;\u0131 Se\u00e7melisiniz?<\/b><\/h3>\n<h4 data-path-to-node=\"6\"><b data-path-to-node=\"6\" data-index-in-node=\"0\">Tam G\u00fcvenlik ve Hijyen (FDA Onayl\u0131)<\/b><\/h4>\n<p data-path-to-node=\"7,0,0\"><b data-path-to-node=\"7,0,0\" data-index-in-node=\"0\">S\u0131f\u0131r Kontaminasyon:<\/b> \u00d6zel \u00e7ift kap sistemi sayesinde ila\u00e7lar cihazla do\u011frudan temas etmez. Bu da farkl\u0131 ila\u00e7lar aras\u0131nda \u00e7apraz bula\u015fma riskini tamamen ortadan kald\u0131r\u0131r.<\/p>\n<p data-path-to-node=\"7,1,0\"><b data-path-to-node=\"7,1,0\" data-index-in-node=\"0\">Soluma Riskine Son:<\/b> \u0130lac\u0131 ezerken olu\u015fan ve sa\u011fl\u0131\u011fa zararl\u0131 olabilen <b data-path-to-node=\"7,1,0\" data-index-in-node=\"69\">ila\u00e7 tozlar\u0131n\u0131n (aerosol)<\/b> ortamdaki ki\u015filer taraf\u0131ndan solunmas\u0131n\u0131 %100 engeller.<\/p>\n<h4 data-path-to-node=\"8\"><b data-path-to-node=\"8\" data-index-in-node=\"0\">Ergonomi ve Personel Sa\u011fl\u0131\u011f\u0131<\/b><\/h4>\n<p data-path-to-node=\"9,0,0\"><b data-path-to-node=\"9,0,0\" data-index-in-node=\"0\">Yaralanmalar\u0131 \u00d6nler:<\/b> Manuel ezicilerin neden oldu\u011fu bilek, dirsek, omuz ve boyun zedelenmelerine son verir. Fiziksel g\u00fc\u00e7 gerektirmez, tek dokunu\u015fla \u00e7al\u0131\u015f\u0131r.<\/p>\n<p data-path-to-node=\"9,1,0\"><b data-path-to-node=\"9,1,0\" data-index-in-node=\"0\">Kullan\u0131c\u0131 Dostu:<\/b> Portatif ve hafif tasar\u0131m\u0131yla klinikte, evde veya seyahatte her an yan\u0131n\u0131zda.<\/p>\n<h4 data-path-to-node=\"10\"><b data-path-to-node=\"10\" data-index-in-node=\"0\">H\u0131z ve Performans<\/b><\/h4>\n<p data-path-to-node=\"11,0,0\"><b data-path-to-node=\"11,0,0\" data-index-in-node=\"0\">\u0130ki Farkl\u0131 \u00d6\u011f\u00fctme Modu:<\/b> \u0130htiyaca g\u00f6re <b data-path-to-node=\"11,0,0\" data-index-in-node=\"38\">5 saniyelik<\/b> h\u0131zl\u0131 mod veya daha yo\u011fun tabletler i\u00e7in <b data-path-to-node=\"11,0,0\" data-index-in-node=\"91\">13 saniyelik<\/b> derinlemesine \u00f6\u011f\u00fctme se\u00e7ene\u011fi sunar.<\/p>\n<p data-path-to-node=\"11,1,0\"><b data-path-to-node=\"11,1,0\" data-index-in-node=\"0\">S\u0131v\u0131 Besleme \u0130\u00e7in \u0130deal:<\/b> Tableti o kadar ince bir toz haline getirir ki, NG (nasogastrik) t\u00fcpleri veya s\u0131v\u0131 besleme aparatlar\u0131n\u0131 t\u0131kamaz.<\/p>\n<h4 data-path-to-node=\"12\"><b data-path-to-node=\"12\" data-index-in-node=\"0\">Verimlilik ve Tasarruf<\/b><\/h4>\n<p data-path-to-node=\"13,0,0\"><b data-path-to-node=\"13,0,0\" data-index-in-node=\"0\">Maliyet Y\u00f6netimi:<\/b> Sa\u011fl\u0131k kurumlar\u0131nda i\u015f y\u00fck\u00fcn\u00fc azaltarak zaman, yanl\u0131\u015f dozlama riskini \u00f6nleyerek de para tasarrufu sa\u011flar.<\/p>\n<p data-path-to-node=\"13,1,0\"><b data-path-to-node=\"13,1,0\" data-index-in-node=\"0\">Sessiz Operasyon:<\/b> Hastane koridorlar\u0131nda veya gece vakti evde kimseyi rahats\u0131z etmeden, ultra sessiz performansla \u00e7al\u0131\u015f\u0131r.<\/p>\n<hr data-path-to-node=\"14\" \/>\n<h3 data-path-to-node=\"15\"><b data-path-to-node=\"15\" data-index-in-node=\"0\">\u00d6ne \u00c7\u0131kan \u00d6zellikler Tablosu<\/b><\/h3>\n<table data-path-to-node=\"16\">\n<thead>\n<tr>\n<td><strong>\u00d6zellik<\/strong><\/td>\n<td><strong>Sa\u011flad\u0131\u011f\u0131 Avantaj<\/strong><\/td>\n<\/tr>\n<\/thead>\n<tbody>\n<tr>\n<td><span data-path-to-node=\"16,1,0,0\"><b data-path-to-node=\"16,1,0,0\" data-index-in-node=\"0\">Sertifika<\/b><\/span><\/td>\n<td><span data-path-to-node=\"16,1,1,0\"><b data-path-to-node=\"16,1,1,0\" data-index-in-node=\"0\">FDA Onayl\u0131<\/b> G\u00fcvenilirlik<\/span><\/td>\n<\/tr>\n<tr>\n<td><span data-path-to-node=\"16,2,0,0\"><b data-path-to-node=\"16,2,0,0\" data-index-in-node=\"0\">H\u0131z<\/b><\/span><\/td>\n<td><span data-path-to-node=\"16,2,1,0\">5 Saniyede Toz Haline Getirme<\/span><\/td>\n<\/tr>\n<tr>\n<td><span data-path-to-node=\"16,3,0,0\"><b data-path-to-node=\"16,3,0,0\" data-index-in-node=\"0\">Batarya<\/b><\/span><\/td>\n<td><span data-path-to-node=\"16,3,1,0\">\u015earj Edilebilir &amp; Mobil Kullan\u0131m<\/span><\/td>\n<\/tr>\n<tr>\n<td><span data-path-to-node=\"16,4,0,0\"><b data-path-to-node=\"16,4,0,0\" data-index-in-node=\"0\">Hijyen<\/b><\/span><\/td>\n<td><span data-path-to-node=\"16,4,1,0\">Temizlemesi Kolay, \u00c7ift Kap Teknolojisi<\/span><\/td>\n<\/tr>\n<tr>\n<td><span data-path-to-node=\"16,5,0,0\"><b data-path-to-node=\"16,5,0,0\" data-index-in-node=\"0\">Ses Seviyesi<\/b><\/span><\/td>\n<td><span data-path-to-node=\"16,5,1,0\">Konforlu ve Sessiz \u00c7al\u0131\u015fma<\/span><\/td>\n<\/tr>\n<\/tbody>\n<\/table>\n<\/div>\n<\/section>\n<section class=\"av_textblock_section \">\n<div class=\"avia_textblock \">\n<div class=\"proNameHolder\">\n<div class=\"nameHolder\">\n<h5 class=\"proSubName\"><span style=\"color: #ff0000;\">500 ALT-\u00dcST \u0130LA\u00c7 TABLET EZME KABI \u0130LE B\u0130RL\u0130KTE G\u00d6NDER\u0130L\u0130R.<\/span><\/h5>\n<\/div>\n<\/div>\n<h5><span style=\"color: #ffffff;\">severo, ilac, severe ilac ezme cihazi, ilac ezme, elektrikli ilac ezme cihaz\u0131, first crush, integra, medikal, tablet ezme cihazi, tablet ezici, ilac ezici, sarjli ilac ezme, sarjli tablet ezme,\u00a0sarjli tablet ezme cihazi, elektrikli tablet ezme cihazi, alt ust ilac ezme kabi, tablet kabi, alt \u00fcst ila\u00e7 ezme kab\u0131, ilac toz haline getirme, ilaci toz yapma, huzur evi ilac kab\u0131, ilac icemeyenler icin ezme cihazi, ilac yutamayanlar icin ezme cihazi<\/span><\/h5>\n<\/div>\n<\/section>\n","protected":false},"excerpt":{"rendered":"<p><span style=\"color: #000000;\"><span style=\"font-family: Roboto; font-size: small;\">Saat\u00a0<\/span><span style=\"font-family: Roboto; font-size: medium;\">14:00 <\/span><span style=\"font-family: Roboto; font-size: small;\">\u2019a kadar verilen sipari\u015fleriniz ayn\u0131 g\u00fcn i\u00e7erisinde kargo \u015firketine teslim edilmektedir.<\/span><\/span><\/p>\n","protected":false},"featured_media":6708,"comment_status":"open","ping_status":"closed","template":"","meta":[],"product_brand":[],"product_cat":[15],"product_tag":[1240,1238,1242,1248,1246,1237,1225,1244,1251,1231,1236,1249,1247,1250,1229,1227,1245,1253,1243,1232,1255,1228,1234,1230,1256,1226,1233,1254,1235,1252,1241,1239],"class_list":{"0":"post-6706","1":"product","2":"type-product","3":"status-publish","4":"has-post-thumbnail","6":"product_cat-genel-sarf","7":"product_tag-bebekler-icin-ilac-ezme","8":"product_tag-dijital-ilac-ezici","9":"product_tag-disfaji-ilac-hazirlama","10":"product_tag-doz-kaybini-onleyen-ilac-ezici","11":"product_tag-el-bilegi-dostu-ilac-ezici","12":"product_tag-elektrikli-havan","13":"product_tag-elektrikli-ilac-ezici","14":"product_tag-ergonomik-ilac-ezme","15":"product_tag-evde-bakim-ilac-hazirlama","16":"product_tag-fda-onayli-ilac-ezici","17":"product_tag-first-crush-ilac-ezici","18":"product_tag-hastane-tipi-ilac-ezici","19":"product_tag-hizli-tablet-ogutme","20":"product_tag-huzurevi-medikal-ekipman","21":"product_tag-ilac-kirma-makinesi","22":"product_tag-ilac-ogutucu","23":"product_tag-is-kazasi-onleyici-medikal-cihaz","24":"product_tag-kedi-kopek-hap-ezme","25":"product_tag-kontaminasyon-onleyici-ilac-ezici","26":"product_tag-medikal-tablet-ezici","27":"product_tag-ng-tupu-ilac-hazirlama","28":"product_tag-otomatik-hap-ezici","29":"product_tag-portatif-ilac-ogutucu","30":"product_tag-profesyonel-ilac-ezme-sistemi","31":"product_tag-saglik-kurumu-maliyet-dusurucu-cozumler","32":"product_tag-sarjli-tablet-ezme-cihazi","33":"product_tag-sessiz-ilac-ezme-makinesi","34":"product_tag-sivi-beslenme-icin-ilac-hazirlama","35":"product_tag-toz-ilac-hazirlama-cihazi","36":"product_tag-veteriner-ilac-ezme-cihazi","37":"product_tag-yaslilar-icin-hap-ogutme","38":"product_tag-yutma-guclugu-icin-ilac-ezici","40":"first","41":"instock","42":"sale","43":"taxable","44":"shipping-taxable","45":"purchasable","46":"product-type-simple"},"yoast_head":"<!-- This site is optimized with the Yoast SEO plugin v27.4 - https:\/\/yoast.com\/product\/yoast-seo-wordpress\/ -->\n<title>First Crush Elektrik ve \u015earjl\u0131 \u0130la\u00e7\/Tablet Ezme Cihaz\u0131 - \u0130ntegra Medikal | | Ma\u011faza<\/title>\n<meta name=\"description\" content=\"First Crush: Profesyonel ve Hijyenik \u0130la\u00e7 Haz\u0131rlama Teknolojisi\u0130la\u00e7 ezmek hi\u00e7 bu kadar g\u00fcvenli, h\u0131zl\u0131 ve zahmetsiz olmam\u0131\u015ft\u0131. FDA onayl\u0131 First Crush, hem ev tipi kullan\u0131mda hem de profesyonel sa\u011fl\u0131k kurumlar\u0131nda standartlar\u0131 yeniden belirliyor.\" \/>\n<meta name=\"robots\" content=\"index, follow, max-snippet:-1, max-image-preview:large, max-video-preview:-1\" \/>\n<link rel=\"canonical\" href=\"https:\/\/integramedikal.com\/magaza\/urun\/first-crush-elektrik-ve-sarjli-ilac-tablet-ezme-cihazi\/\" \/>\n<meta property=\"og:locale\" content=\"tr_TR\" \/>\n<meta property=\"og:type\" content=\"article\" \/>\n<meta property=\"og:title\" content=\"First Crush Elektrik ve \u015earjl\u0131 \u0130la\u00e7\/Tablet Ezme Cihaz\u0131 - \u0130ntegra Medikal | | Ma\u011faza\" \/>\n<meta property=\"og:description\" content=\"First Crush: Profesyonel ve Hijyenik \u0130la\u00e7 Haz\u0131rlama Teknolojisi\u0130la\u00e7 ezmek hi\u00e7 bu kadar g\u00fcvenli, h\u0131zl\u0131 ve zahmetsiz olmam\u0131\u015ft\u0131. FDA onayl\u0131 First Crush, hem ev tipi kullan\u0131mda hem de profesyonel sa\u011fl\u0131k kurumlar\u0131nda standartlar\u0131 yeniden belirliyor.\" \/>\n<meta property=\"og:url\" content=\"https:\/\/integramedikal.com\/magaza\/urun\/first-crush-elektrik-ve-sarjli-ilac-tablet-ezme-cihazi\/\" \/>\n<meta property=\"og:site_name\" content=\"\u0130ntegra Medikal | | Ma\u011faza\" \/>\n<meta property=\"article:publisher\" content=\"https:\/\/www.facebook.com\/integramedikal1\" \/>\n<meta property=\"article:modified_time\" content=\"2026-03-23T10:32:56+00:00\" \/>\n<meta property=\"og:image\" content=\"https:\/\/integramedikal.com\/magaza\/wp-content\/uploads\/2026\/03\/first-crush-elektrikli-ve-sarjli-ilactablet-ezme-cihazi-2.jpeg\" \/>\n\t<meta property=\"og:image:width\" content=\"450\" \/>\n\t<meta property=\"og:image:height\" content=\"450\" \/>\n\t<meta property=\"og:image:type\" content=\"image\/jpeg\" \/>\n<meta name=\"twitter:card\" content=\"summary_large_image\" \/>\n<meta name=\"twitter:site\" content=\"@integramedikal\" \/>\n<meta name=\"twitter:label1\" content=\"Tahmini okuma s\u00fcresi\" \/>\n\t<meta name=\"twitter:data1\" content=\"2 dakika\" \/>\n<script type=\"application\/ld+json\" class=\"yoast-schema-graph\">{\"@context\":\"https:\\\/\\\/schema.org\",\"@graph\":[{\"@type\":\"WebPage\",\"@id\":\"https:\\\/\\\/integramedikal.com\\\/magaza\\\/urun\\\/first-crush-elektrik-ve-sarjli-ilac-tablet-ezme-cihazi\\\/\",\"url\":\"https:\\\/\\\/integramedikal.com\\\/magaza\\\/urun\\\/first-crush-elektrik-ve-sarjli-ilac-tablet-ezme-cihazi\\\/\",\"name\":\"First Crush Elektrik ve \u015earjl\u0131 \u0130la\u00e7\\\/Tablet Ezme Cihaz\u0131 - \u0130ntegra Medikal | | Ma\u011faza\",\"isPartOf\":{\"@id\":\"https:\\\/\\\/integramedikal.com\\\/magaza\\\/#website\"},\"primaryImageOfPage\":{\"@id\":\"https:\\\/\\\/integramedikal.com\\\/magaza\\\/urun\\\/first-crush-elektrik-ve-sarjli-ilac-tablet-ezme-cihazi\\\/#primaryimage\"},\"image\":{\"@id\":\"https:\\\/\\\/integramedikal.com\\\/magaza\\\/urun\\\/first-crush-elektrik-ve-sarjli-ilac-tablet-ezme-cihazi\\\/#primaryimage\"},\"thumbnailUrl\":\"https:\\\/\\\/integramedikal.com\\\/magaza\\\/wp-content\\\/uploads\\\/2026\\\/03\\\/first-crush-elektrikli-ve-sarjli-ilactablet-ezme-cihazi-2.jpeg\",\"datePublished\":\"2026-03-23T10:25:00+00:00\",\"dateModified\":\"2026-03-23T10:32:56+00:00\",\"description\":\"First Crush: Profesyonel ve Hijyenik \u0130la\u00e7 Haz\u0131rlama Teknolojisi\u0130la\u00e7 ezmek hi\u00e7 bu kadar g\u00fcvenli, h\u0131zl\u0131 ve zahmetsiz olmam\u0131\u015ft\u0131. FDA onayl\u0131 First Crush, hem ev tipi kullan\u0131mda hem de profesyonel sa\u011fl\u0131k kurumlar\u0131nda standartlar\u0131 yeniden belirliyor.\",\"breadcrumb\":{\"@id\":\"https:\\\/\\\/integramedikal.com\\\/magaza\\\/urun\\\/first-crush-elektrik-ve-sarjli-ilac-tablet-ezme-cihazi\\\/#breadcrumb\"},\"inLanguage\":\"tr\",\"potentialAction\":[{\"@type\":\"ReadAction\",\"target\":[\"https:\\\/\\\/integramedikal.com\\\/magaza\\\/urun\\\/first-crush-elektrik-ve-sarjli-ilac-tablet-ezme-cihazi\\\/\"]}]},{\"@type\":\"ImageObject\",\"inLanguage\":\"tr\",\"@id\":\"https:\\\/\\\/integramedikal.com\\\/magaza\\\/urun\\\/first-crush-elektrik-ve-sarjli-ilac-tablet-ezme-cihazi\\\/#primaryimage\",\"url\":\"https:\\\/\\\/integramedikal.com\\\/magaza\\\/wp-content\\\/uploads\\\/2026\\\/03\\\/first-crush-elektrikli-ve-sarjli-ilactablet-ezme-cihazi-2.jpeg\",\"contentUrl\":\"https:\\\/\\\/integramedikal.com\\\/magaza\\\/wp-content\\\/uploads\\\/2026\\\/03\\\/first-crush-elektrikli-ve-sarjli-ilactablet-ezme-cihazi-2.jpeg\",\"width\":450,\"height\":450},{\"@type\":\"BreadcrumbList\",\"@id\":\"https:\\\/\\\/integramedikal.com\\\/magaza\\\/urun\\\/first-crush-elektrik-ve-sarjli-ilac-tablet-ezme-cihazi\\\/#breadcrumb\",\"itemListElement\":[{\"@type\":\"ListItem\",\"position\":1,\"name\":\"Anasayfa\",\"item\":\"https:\\\/\\\/integramedikal.com\\\/magaza\\\/anasayfa\\\/\"},{\"@type\":\"ListItem\",\"position\":2,\"name\":\"Shop\",\"item\":\"https:\\\/\\\/integramedikal.com\\\/magaza\\\/shop\\\/\"},{\"@type\":\"ListItem\",\"position\":3,\"name\":\"First Crush Elektrik ve \u015earjl\u0131 \u0130la\u00e7\\\/Tablet Ezme Cihaz\u0131\"}]},{\"@type\":\"WebSite\",\"@id\":\"https:\\\/\\\/integramedikal.com\\\/magaza\\\/#website\",\"url\":\"https:\\\/\\\/integramedikal.com\\\/magaza\\\/\",\"name\":\"\u0130ntegra Medikal < | | >Ma\u011faza\",\"description\":\"Sa\u011fl\u0131kta Kalite | Sekt\u00f6rde 25. Y\u0131l\",\"publisher\":{\"@id\":\"https:\\\/\\\/integramedikal.com\\\/magaza\\\/#organization\"},\"potentialAction\":[{\"@type\":\"SearchAction\",\"target\":{\"@type\":\"EntryPoint\",\"urlTemplate\":\"https:\\\/\\\/integramedikal.com\\\/magaza\\\/?s={search_term_string}\"},\"query-input\":{\"@type\":\"PropertyValueSpecification\",\"valueRequired\":true,\"valueName\":\"search_term_string\"}}],\"inLanguage\":\"tr\"},{\"@type\":\"Organization\",\"@id\":\"https:\\\/\\\/integramedikal.com\\\/magaza\\\/#organization\",\"name\":\"\u0130ntegra Medikal < | | >Ma\u011faza\",\"url\":\"https:\\\/\\\/integramedikal.com\\\/magaza\\\/\",\"logo\":{\"@type\":\"ImageObject\",\"inLanguage\":\"tr\",\"@id\":\"https:\\\/\\\/integramedikal.com\\\/magaza\\\/#\\\/schema\\\/logo\\\/image\\\/\",\"url\":\"https:\\\/\\\/integramedikal.com\\\/magaza\\\/wp-content\\\/uploads\\\/2025\\\/06\\\/integra-logo-1.png\",\"contentUrl\":\"https:\\\/\\\/integramedikal.com\\\/magaza\\\/wp-content\\\/uploads\\\/2025\\\/06\\\/integra-logo-1.png\",\"width\":340,\"height\":156,\"caption\":\"\u0130ntegra Medikal < | | >Ma\u011faza\"},\"image\":{\"@id\":\"https:\\\/\\\/integramedikal.com\\\/magaza\\\/#\\\/schema\\\/logo\\\/image\\\/\"},\"sameAs\":[\"https:\\\/\\\/www.facebook.com\\\/integramedikal1\",\"https:\\\/\\\/x.com\\\/integramedikal\",\"https:\\\/\\\/www.instagram.com\\\/integramedikal\\\/\",\"https:\\\/\\\/www.youtube.com\\\/user\\\/integramedikal\"]}]}<\/script>\n<!-- \/ Yoast SEO plugin. -->","yoast_head_json":{"title":"First Crush Elektrik ve \u015earjl\u0131 \u0130la\u00e7\/Tablet Ezme Cihaz\u0131 - \u0130ntegra Medikal | | Ma\u011faza","description":"First Crush: Profesyonel ve Hijyenik \u0130la\u00e7 Haz\u0131rlama Teknolojisi\u0130la\u00e7 ezmek hi\u00e7 bu kadar g\u00fcvenli, h\u0131zl\u0131 ve zahmetsiz olmam\u0131\u015ft\u0131. FDA onayl\u0131 First Crush, hem ev tipi kullan\u0131mda hem de profesyonel sa\u011fl\u0131k kurumlar\u0131nda standartlar\u0131 yeniden belirliyor.","robots":{"index":"index","follow":"follow","max-snippet":"max-snippet:-1","max-image-preview":"max-image-preview:large","max-video-preview":"max-video-preview:-1"},"canonical":"https:\/\/integramedikal.com\/magaza\/urun\/first-crush-elektrik-ve-sarjli-ilac-tablet-ezme-cihazi\/","og_locale":"tr_TR","og_type":"article","og_title":"First Crush Elektrik ve \u015earjl\u0131 \u0130la\u00e7\/Tablet Ezme Cihaz\u0131 - \u0130ntegra Medikal | | Ma\u011faza","og_description":"First Crush: Profesyonel ve Hijyenik \u0130la\u00e7 Haz\u0131rlama Teknolojisi\u0130la\u00e7 ezmek hi\u00e7 bu kadar g\u00fcvenli, h\u0131zl\u0131 ve zahmetsiz olmam\u0131\u015ft\u0131. FDA onayl\u0131 First Crush, hem ev tipi kullan\u0131mda hem de profesyonel sa\u011fl\u0131k kurumlar\u0131nda standartlar\u0131 yeniden belirliyor.","og_url":"https:\/\/integramedikal.com\/magaza\/urun\/first-crush-elektrik-ve-sarjli-ilac-tablet-ezme-cihazi\/","og_site_name":"\u0130ntegra Medikal | | Ma\u011faza","article_publisher":"https:\/\/www.facebook.com\/integramedikal1","article_modified_time":"2026-03-23T10:32:56+00:00","og_image":[{"width":450,"height":450,"url":"https:\/\/integramedikal.com\/magaza\/wp-content\/uploads\/2026\/03\/first-crush-elektrikli-ve-sarjli-ilactablet-ezme-cihazi-2.jpeg","type":"image\/jpeg"}],"twitter_card":"summary_large_image","twitter_site":"@integramedikal","twitter_misc":{"Tahmini okuma s\u00fcresi":"2 dakika"},"schema":{"@context":"https:\/\/schema.org","@graph":[{"@type":"WebPage","@id":"https:\/\/integramedikal.com\/magaza\/urun\/first-crush-elektrik-ve-sarjli-ilac-tablet-ezme-cihazi\/","url":"https:\/\/integramedikal.com\/magaza\/urun\/first-crush-elektrik-ve-sarjli-ilac-tablet-ezme-cihazi\/","name":"First Crush Elektrik ve \u015earjl\u0131 \u0130la\u00e7\/Tablet Ezme Cihaz\u0131 - \u0130ntegra Medikal | | Ma\u011faza","isPartOf":{"@id":"https:\/\/integramedikal.com\/magaza\/#website"},"primaryImageOfPage":{"@id":"https:\/\/integramedikal.com\/magaza\/urun\/first-crush-elektrik-ve-sarjli-ilac-tablet-ezme-cihazi\/#primaryimage"},"image":{"@id":"https:\/\/integramedikal.com\/magaza\/urun\/first-crush-elektrik-ve-sarjli-ilac-tablet-ezme-cihazi\/#primaryimage"},"thumbnailUrl":"https:\/\/integramedikal.com\/magaza\/wp-content\/uploads\/2026\/03\/first-crush-elektrikli-ve-sarjli-ilactablet-ezme-cihazi-2.jpeg","datePublished":"2026-03-23T10:25:00+00:00","dateModified":"2026-03-23T10:32:56+00:00","description":"First Crush: Profesyonel ve Hijyenik \u0130la\u00e7 Haz\u0131rlama Teknolojisi\u0130la\u00e7 ezmek hi\u00e7 bu kadar g\u00fcvenli, h\u0131zl\u0131 ve zahmetsiz olmam\u0131\u015ft\u0131. FDA onayl\u0131 First Crush, hem ev tipi kullan\u0131mda hem de profesyonel sa\u011fl\u0131k kurumlar\u0131nda standartlar\u0131 yeniden belirliyor.","breadcrumb":{"@id":"https:\/\/integramedikal.com\/magaza\/urun\/first-crush-elektrik-ve-sarjli-ilac-tablet-ezme-cihazi\/#breadcrumb"},"inLanguage":"tr","potentialAction":[{"@type":"ReadAction","target":["https:\/\/integramedikal.com\/magaza\/urun\/first-crush-elektrik-ve-sarjli-ilac-tablet-ezme-cihazi\/"]}]},{"@type":"ImageObject","inLanguage":"tr","@id":"https:\/\/integramedikal.com\/magaza\/urun\/first-crush-elektrik-ve-sarjli-ilac-tablet-ezme-cihazi\/#primaryimage","url":"https:\/\/integramedikal.com\/magaza\/wp-content\/uploads\/2026\/03\/first-crush-elektrikli-ve-sarjli-ilactablet-ezme-cihazi-2.jpeg","contentUrl":"https:\/\/integramedikal.com\/magaza\/wp-content\/uploads\/2026\/03\/first-crush-elektrikli-ve-sarjli-ilactablet-ezme-cihazi-2.jpeg","width":450,"height":450},{"@type":"BreadcrumbList","@id":"https:\/\/integramedikal.com\/magaza\/urun\/first-crush-elektrik-ve-sarjli-ilac-tablet-ezme-cihazi\/#breadcrumb","itemListElement":[{"@type":"ListItem","position":1,"name":"Anasayfa","item":"https:\/\/integramedikal.com\/magaza\/anasayfa\/"},{"@type":"ListItem","position":2,"name":"Shop","item":"https:\/\/integramedikal.com\/magaza\/shop\/"},{"@type":"ListItem","position":3,"name":"First Crush Elektrik ve \u015earjl\u0131 \u0130la\u00e7\/Tablet Ezme Cihaz\u0131"}]},{"@type":"WebSite","@id":"https:\/\/integramedikal.com\/magaza\/#website","url":"https:\/\/integramedikal.com\/magaza\/","name":"\u0130ntegra Medikal < | | >Ma\u011faza","description":"Sa\u011fl\u0131kta Kalite | Sekt\u00f6rde 25. Y\u0131l","publisher":{"@id":"https:\/\/integramedikal.com\/magaza\/#organization"},"potentialAction":[{"@type":"SearchAction","target":{"@type":"EntryPoint","urlTemplate":"https:\/\/integramedikal.com\/magaza\/?s={search_term_string}"},"query-input":{"@type":"PropertyValueSpecification","valueRequired":true,"valueName":"search_term_string"}}],"inLanguage":"tr"},{"@type":"Organization","@id":"https:\/\/integramedikal.com\/magaza\/#organization","name":"\u0130ntegra Medikal < | | >Ma\u011faza","url":"https:\/\/integramedikal.com\/magaza\/","logo":{"@type":"ImageObject","inLanguage":"tr","@id":"https:\/\/integramedikal.com\/magaza\/#\/schema\/logo\/image\/","url":"https:\/\/integramedikal.com\/magaza\/wp-content\/uploads\/2025\/06\/integra-logo-1.png","contentUrl":"https:\/\/integramedikal.com\/magaza\/wp-content\/uploads\/2025\/06\/integra-logo-1.png","width":340,"height":156,"caption":"\u0130ntegra Medikal < | | >Ma\u011faza"},"image":{"@id":"https:\/\/integramedikal.com\/magaza\/#\/schema\/logo\/image\/"},"sameAs":["https:\/\/www.facebook.com\/integramedikal1","https:\/\/x.com\/integramedikal","https:\/\/www.instagram.com\/integramedikal\/","https:\/\/www.youtube.com\/user\/integramedikal"]}]}},"_links":{"self":[{"href":"https:\/\/integramedikal.com\/magaza\/wp-json\/wp\/v2\/product\/6706","targetHints":{"allow":["GET"]}}],"collection":[{"href":"https:\/\/integramedikal.com\/magaza\/wp-json\/wp\/v2\/product"}],"about":[{"href":"https:\/\/integramedikal.com\/magaza\/wp-json\/wp\/v2\/types\/product"}],"replies":[{"embeddable":true,"href":"https:\/\/integramedikal.com\/magaza\/wp-json\/wp\/v2\/comments?post=6706"}],"wp:featuredmedia":[{"embeddable":true,"href":"https:\/\/integramedikal.com\/magaza\/wp-json\/wp\/v2\/media\/6708"}],"wp:attachment":[{"href":"https:\/\/integramedikal.com\/magaza\/wp-json\/wp\/v2\/media?parent=6706"}],"wp:term":[{"taxonomy":"product_brand","embeddable":true,"href":"https:\/\/integramedikal.com\/magaza\/wp-json\/wp\/v2\/product_brand?post=6706"},{"taxonomy":"product_cat","embeddable":true,"href":"https:\/\/integramedikal.com\/magaza\/wp-json\/wp\/v2\/product_cat?post=6706"},{"taxonomy":"product_tag","embeddable":true,"href":"https:\/\/integramedikal.com\/magaza\/wp-json\/wp\/v2\/product_tag?post=6706"}],"curies":[{"name":"wp","href":"https:\/\/api.w.org\/{rel}","templated":true}]}}