{"id":6686,"date":"2026-03-12T14:50:27","date_gmt":"2026-03-12T11:50:27","guid":{"rendered":"https:\/\/integramedikal.com\/magaza\/?post_type=product&#038;p=6686"},"modified":"2026-03-23T10:09:26","modified_gmt":"2026-03-23T07:09:26","slug":"me-medical-profesyonel-cerrahi-tiras-makinesi-clipper","status":"publish","type":"product","link":"https:\/\/integramedikal.com\/magaza\/urun\/me-medical-profesyonel-cerrahi-tiras-makinesi-clipper\/","title":{"rendered":"ME Medical Profesyonel Cerrahi T\u0131ra\u015f Makinesi (Clipper)"},"content":{"rendered":"<p><iframe loading=\"lazy\" title=\"YouTube video player\" src=\"https:\/\/www.youtube.com\/embed\/R7DocoEzqOw?si=z4heuzbkcsr4Xdd_\" width=\"700\" height=\"350\" frameborder=\"0\" allowfullscreen=\"allowfullscreen\"><span data-mce-type=\"bookmark\" style=\"display: inline-block; width: 0px; overflow: hidden; line-height: 0;\" class=\"mce_SELRES_start\">\ufeff<\/span><\/iframe><\/p>\n<h2 data-section-id=\"1qiane\" data-start=\"541\" data-end=\"599\">ME Medical Profesyonel Cerrahi T\u0131ra\u015f Makinesi (Clipper)<\/h2>\n<p data-start=\"601\" data-end=\"907\">ME Medical Cerrahi Clipper, ameliyat \u00f6ncesi cerrahi alan haz\u0131rl\u0131\u011f\u0131nda h\u0131zl\u0131, g\u00fcvenli ve hijyenik t\u0131ra\u015f i\u015flemi i\u00e7in geli\u015ftirilmi\u015f profesyonel bir medikal cihazd\u0131r. \u00d6zel tasar\u0131m\u0131 sayesinde cilt tahri\u015fini, mikro kesikleri ve enfeksiyon riskini minimum seviyeye indirir.<\/p>\n<p data-start=\"909\" data-end=\"1080\">Hastaneler, ameliyathaneler ve klinik kullan\u0131m\u0131na uygun olan cihaz; ergonomik yap\u0131s\u0131, g\u00fc\u00e7l\u00fc bataryas\u0131 ve tek kullan\u0131ml\u0131k kesici u\u00e7 sistemi ile g\u00fcvenli bir kullan\u0131m sa\u011flar.<br \/>\n<img loading=\"lazy\" decoding=\"async\" class=\"aligncenter wp-image-6687\" src=\"https:\/\/integramedikal.com\/magaza\/wp-content\/uploads\/2026\/03\/me-medical-klipper-ucu-tiras-makinesi-clipper.jpg\" alt=\"\" width=\"559\" height=\"416\" srcset=\"https:\/\/integramedikal.com\/magaza\/wp-content\/uploads\/2026\/03\/me-medical-klipper-ucu-tiras-makinesi-clipper.jpg 1030w, https:\/\/integramedikal.com\/magaza\/wp-content\/uploads\/2026\/03\/me-medical-klipper-ucu-tiras-makinesi-clipper-300x223.jpg 300w, https:\/\/integramedikal.com\/magaza\/wp-content\/uploads\/2026\/03\/me-medical-klipper-ucu-tiras-makinesi-clipper-768x571.jpg 768w, https:\/\/integramedikal.com\/magaza\/wp-content\/uploads\/2026\/03\/me-medical-klipper-ucu-tiras-makinesi-clipper-705x524.jpg 705w, https:\/\/integramedikal.com\/magaza\/wp-content\/uploads\/2026\/03\/me-medical-klipper-ucu-tiras-makinesi-clipper-450x335.jpg 450w, https:\/\/integramedikal.com\/magaza\/wp-content\/uploads\/2026\/03\/me-medical-klipper-ucu-tiras-makinesi-clipper-600x446.jpg 600w\" sizes=\"auto, (max-width: 559px) 100vw, 559px\" \/><\/p>\n<h3 data-section-id=\"1ci69sz\" data-start=\"1082\" data-end=\"1102\">\u00dcr\u00fcn \u00d6zellikleri<\/h3>\n<p data-start=\"1105\" data-end=\"1175\">D\u00f6nd\u00fcr\u00fclebilir t\u0131ra\u015f ba\u015fl\u0131\u011f\u0131 sayesinde zor b\u00f6lgelerde kolay kullan\u0131m<\/p>\n<p data-start=\"1178\" data-end=\"1232\">Islak ve kuru y\u00fczeylerde etkili v\u00fccut t\u00fcy\u00fc temizleme (IPX7)<\/p>\n<p data-start=\"1235\" data-end=\"1280\">Kaymaz ergonomik tutu\u015f ile g\u00fcvenli kullan\u0131m<\/p>\n<p data-start=\"1283\" data-end=\"1338\">Tek kullan\u0131ml\u0131k cerrahi kesici u\u00e7 ile maksimum hijyen<\/p>\n<p data-start=\"1341\" data-end=\"1394\">Geli\u015fmi\u015f batarya teknolojisi ve h\u0131zl\u0131 \u015farj \u00f6zelli\u011fi<\/p>\n<p data-start=\"1397\" data-end=\"1454\">Ameliyat \u00f6ncesi cerrahi saha haz\u0131rl\u0131\u011f\u0131 i\u00e7in ideal tasar\u0131m<\/p>\n<h3 data-section-id=\"15uocfb\" data-start=\"1456\" data-end=\"1477\">Kullan\u0131m Alanlar\u0131<\/h3>\n<p data-start=\"1480\" data-end=\"1520\">Ameliyat \u00f6ncesi cerrahi alan temizli\u011fi<\/p>\n<p data-start=\"1523\" data-end=\"1554\">Hastaneler ve ameliyathaneler<\/p>\n<p data-start=\"1557\" data-end=\"1586\">Klinik ve sa\u011fl\u0131k merkezleri<\/p>\n<p data-start=\"1589\" data-end=\"1617\">Pre-operatif hasta haz\u0131rl\u0131\u011f\u0131<\/p>\n<h3 data-section-id=\"zdic33\" data-start=\"1619\" data-end=\"1634\">Avantajlar\u0131<\/h3>\n<p data-start=\"1635\" data-end=\"1807\">\u2714 Cilt tahri\u015fini ve mikro kesikleri azalt\u0131r<br data-start=\"1678\" data-end=\"1681\" \/>\u2714 Enfeksiyon riskini minimuma indirir<br data-start=\"1718\" data-end=\"1721\" \/>\u2714 Tek kullan\u0131ml\u0131k u\u00e7 sistemi ile hijyen sa\u011flar<br data-start=\"1767\" data-end=\"1770\" \/>\u2714 Ergonomik ve profesyonel kullan\u0131m<\/p>\n<p data-start=\"1635\" data-end=\"1807\"><strong><span style=\"color: #ff0000;\">50 adet tek kullan\u0131ml\u0131k u\u00e7 ile birlikte 1 adet cihaz g\u00f6nderilmektedir.<\/span><\/strong><\/p>\n","protected":false},"excerpt":{"rendered":"<p><span style=\"color: #000000;\"><span style=\"font-family: Roboto; font-size: small;\">Saat\u00a0<\/span><span style=\"font-family: Roboto; font-size: medium;\">14:00 <\/span><span style=\"font-family: Roboto; font-size: small;\">\u2019a kadar verilen sipari\u015fleriniz ayn\u0131 g\u00fcn i\u00e7erisinde kargo \u015firketine teslim edilmektedir.<\/span><\/span><\/p>\n","protected":false},"featured_media":6690,"comment_status":"open","ping_status":"closed","template":"","meta":[],"product_brand":[],"product_cat":[15],"product_tag":[1214,1204,1208,1220,1211,1205,1202,1223,1209,1218,1212,1201,1210,1224,1216,1206,1221,1222,1215,1207,1213,1203,1217,1219],"class_list":{"0":"post-6686","1":"product","2":"type-product","3":"status-publish","4":"has-post-thumbnail","6":"product_cat-genel-sarf","7":"product_tag-ameliyat-oncesi-killar-icin-tiras-makinesi","8":"product_tag-ameliyat-oncesi-tiras-makinesi","9":"product_tag-ameliyat-tiras-cihazi","10":"product_tag-ameliyathane-ekipmanlari-tiras-makinesi","11":"product_tag-ameliyathane-tiras-makinesi","12":"product_tag-cerrahi-alan-hazirlama-makinesi","13":"product_tag-cerrahi-clipper","14":"product_tag-cerrahi-clipper-cihazi","15":"product_tag-cerrahi-clipper-makinesi","16":"product_tag-cerrahi-preparasyon-tiras-makinesi","17":"product_tag-cerrahi-saha-hazirlama-cihazi","18":"product_tag-cerrahi-tiras-makinesi","19":"product_tag-disposable-blade-cerrahi-tiras-makinesi","20":"product_tag-hastane-ekipmanlari-tiras-makinesi","21":"product_tag-hastane-tipi-tiras-makinesi","22":"product_tag-hastane-tiras-makinesi","23":"product_tag-me-medical-cerrahi-tiras-makinesi","24":"product_tag-me-medical-clipper","25":"product_tag-medikal-clipper","26":"product_tag-medikal-tiras-makinesi","27":"product_tag-preoperatif-tiras-makinesi","28":"product_tag-profesyonel-cerrahi-tiras-makinesi","29":"product_tag-profesyonel-medikal-clipper","30":"product_tag-tek-kullanimlik-bicakli-cerrahi-tiras-makinesi","32":"first","33":"instock","34":"sale","35":"taxable","36":"shipping-taxable","37":"purchasable","38":"product-type-simple"},"yoast_head":"<!-- This site is optimized with the Yoast SEO plugin v27.4 - https:\/\/yoast.com\/product\/yoast-seo-wordpress\/ -->\n<title>ME Medical Profesyonel Cerrahi T\u0131ra\u015f Makinesi (Clipper) - \u0130ntegra Medikal | | Ma\u011faza<\/title>\n<meta name=\"description\" content=\"cerrahi t\u0131ra\u015f makinesi, cerrahi clipper, profesyonel cerrahi t\u0131ra\u015f makinesi, ameliyat \u00f6ncesi t\u0131ra\u015f makinesi, cerrahi alan haz\u0131rlama makinesi, hastane t\u0131ra\u015f makinesi, medikal t\u0131ra\u015f makinesi, ameliyat t\u0131ra\u015f cihaz\u0131, cerrahi clipper makinesi, disposable blade cerrahi t\u0131ra\u015f makinesi, ameliyathane t\u0131ra\u015f makinesi, cerrahi saha haz\u0131rlama cihaz\u0131, preoperatif t\u0131ra\u015f makinesi, ameliyat \u00f6ncesi k\u0131llar i\u00e7in t\u0131ra\u015f makinesi, medikal clipper, hastane tipi t\u0131ra\u015f makinesi, profesyonel medikal clipper, cerrahi preparasyon t\u0131ra\u015f makinesi, tek kullan\u0131ml\u0131k b\u0131\u00e7akl\u0131 cerrahi t\u0131ra\u015f makinesi, ameliyathane ekipmanlar\u0131 t\u0131ra\u015f makinesi, me medical cerrahi t\u0131ra\u015f makinesi, me medical clipper, cerrahi clipper cihaz\u0131, hastane ekipmanlar\u0131 t\u0131ra\u015f makinesi\" \/>\n<meta name=\"robots\" content=\"index, follow, max-snippet:-1, max-image-preview:large, max-video-preview:-1\" \/>\n<link rel=\"canonical\" href=\"https:\/\/integramedikal.com\/magaza\/urun\/me-medical-profesyonel-cerrahi-tiras-makinesi-clipper\/\" \/>\n<meta property=\"og:locale\" content=\"tr_TR\" \/>\n<meta property=\"og:type\" content=\"article\" \/>\n<meta property=\"og:title\" content=\"ME Medical Profesyonel Cerrahi T\u0131ra\u015f Makinesi (Clipper) - \u0130ntegra Medikal | | Ma\u011faza\" \/>\n<meta property=\"og:description\" content=\"cerrahi t\u0131ra\u015f makinesi, cerrahi clipper, profesyonel cerrahi t\u0131ra\u015f makinesi, ameliyat \u00f6ncesi t\u0131ra\u015f makinesi, cerrahi alan haz\u0131rlama makinesi, hastane t\u0131ra\u015f makinesi, medikal t\u0131ra\u015f makinesi, ameliyat t\u0131ra\u015f cihaz\u0131, cerrahi clipper makinesi, disposable blade cerrahi t\u0131ra\u015f makinesi, ameliyathane t\u0131ra\u015f makinesi, cerrahi saha haz\u0131rlama cihaz\u0131, preoperatif t\u0131ra\u015f makinesi, ameliyat \u00f6ncesi k\u0131llar i\u00e7in t\u0131ra\u015f makinesi, medikal clipper, hastane tipi t\u0131ra\u015f makinesi, profesyonel medikal clipper, cerrahi preparasyon t\u0131ra\u015f makinesi, tek kullan\u0131ml\u0131k b\u0131\u00e7akl\u0131 cerrahi t\u0131ra\u015f makinesi, ameliyathane ekipmanlar\u0131 t\u0131ra\u015f makinesi, me medical cerrahi t\u0131ra\u015f makinesi, me medical clipper, cerrahi clipper cihaz\u0131, hastane ekipmanlar\u0131 t\u0131ra\u015f makinesi\" \/>\n<meta property=\"og:url\" content=\"https:\/\/integramedikal.com\/magaza\/urun\/me-medical-profesyonel-cerrahi-tiras-makinesi-clipper\/\" \/>\n<meta property=\"og:site_name\" content=\"\u0130ntegra Medikal | | Ma\u011faza\" \/>\n<meta property=\"article:publisher\" content=\"https:\/\/www.facebook.com\/integramedikal1\" \/>\n<meta property=\"article:modified_time\" content=\"2026-03-23T07:09:26+00:00\" \/>\n<meta property=\"og:image\" content=\"https:\/\/integramedikal.com\/magaza\/wp-content\/uploads\/2026\/03\/me-medical-cerrahi-klipper-cihazi-ucu-03-1.png\" \/>\n\t<meta property=\"og:image:width\" content=\"500\" \/>\n\t<meta property=\"og:image:height\" content=\"500\" \/>\n\t<meta property=\"og:image:type\" content=\"image\/png\" \/>\n<meta name=\"twitter:card\" content=\"summary_large_image\" \/>\n<meta name=\"twitter:site\" content=\"@integramedikal\" \/>\n<meta name=\"twitter:label1\" content=\"Tahmini okuma s\u00fcresi\" \/>\n\t<meta name=\"twitter:data1\" content=\"2 dakika\" \/>\n<script type=\"application\/ld+json\" class=\"yoast-schema-graph\">{\"@context\":\"https:\\\/\\\/schema.org\",\"@graph\":[{\"@type\":\"WebPage\",\"@id\":\"https:\\\/\\\/integramedikal.com\\\/magaza\\\/urun\\\/me-medical-profesyonel-cerrahi-tiras-makinesi-clipper\\\/\",\"url\":\"https:\\\/\\\/integramedikal.com\\\/magaza\\\/urun\\\/me-medical-profesyonel-cerrahi-tiras-makinesi-clipper\\\/\",\"name\":\"ME Medical Profesyonel Cerrahi T\u0131ra\u015f Makinesi (Clipper) - \u0130ntegra Medikal | | Ma\u011faza\",\"isPartOf\":{\"@id\":\"https:\\\/\\\/integramedikal.com\\\/magaza\\\/#website\"},\"primaryImageOfPage\":{\"@id\":\"https:\\\/\\\/integramedikal.com\\\/magaza\\\/urun\\\/me-medical-profesyonel-cerrahi-tiras-makinesi-clipper\\\/#primaryimage\"},\"image\":{\"@id\":\"https:\\\/\\\/integramedikal.com\\\/magaza\\\/urun\\\/me-medical-profesyonel-cerrahi-tiras-makinesi-clipper\\\/#primaryimage\"},\"thumbnailUrl\":\"https:\\\/\\\/integramedikal.com\\\/magaza\\\/wp-content\\\/uploads\\\/2026\\\/03\\\/me-medical-cerrahi-klipper-cihazi-ucu-03-1.png\",\"datePublished\":\"2026-03-12T11:50:27+00:00\",\"dateModified\":\"2026-03-23T07:09:26+00:00\",\"description\":\"cerrahi t\u0131ra\u015f makinesi, cerrahi clipper, profesyonel cerrahi t\u0131ra\u015f makinesi, ameliyat \u00f6ncesi t\u0131ra\u015f makinesi, cerrahi alan haz\u0131rlama makinesi, hastane t\u0131ra\u015f makinesi, medikal t\u0131ra\u015f makinesi, ameliyat t\u0131ra\u015f cihaz\u0131, cerrahi clipper makinesi, disposable blade cerrahi t\u0131ra\u015f makinesi, ameliyathane t\u0131ra\u015f makinesi, cerrahi saha haz\u0131rlama cihaz\u0131, preoperatif t\u0131ra\u015f makinesi, ameliyat \u00f6ncesi k\u0131llar i\u00e7in t\u0131ra\u015f makinesi, medikal clipper, hastane tipi t\u0131ra\u015f makinesi, profesyonel medikal clipper, cerrahi preparasyon t\u0131ra\u015f makinesi, tek kullan\u0131ml\u0131k b\u0131\u00e7akl\u0131 cerrahi t\u0131ra\u015f makinesi, ameliyathane ekipmanlar\u0131 t\u0131ra\u015f makinesi, me medical cerrahi t\u0131ra\u015f makinesi, me medical clipper, cerrahi clipper cihaz\u0131, hastane ekipmanlar\u0131 t\u0131ra\u015f makinesi\",\"breadcrumb\":{\"@id\":\"https:\\\/\\\/integramedikal.com\\\/magaza\\\/urun\\\/me-medical-profesyonel-cerrahi-tiras-makinesi-clipper\\\/#breadcrumb\"},\"inLanguage\":\"tr\",\"potentialAction\":[{\"@type\":\"ReadAction\",\"target\":[\"https:\\\/\\\/integramedikal.com\\\/magaza\\\/urun\\\/me-medical-profesyonel-cerrahi-tiras-makinesi-clipper\\\/\"]}]},{\"@type\":\"ImageObject\",\"inLanguage\":\"tr\",\"@id\":\"https:\\\/\\\/integramedikal.com\\\/magaza\\\/urun\\\/me-medical-profesyonel-cerrahi-tiras-makinesi-clipper\\\/#primaryimage\",\"url\":\"https:\\\/\\\/integramedikal.com\\\/magaza\\\/wp-content\\\/uploads\\\/2026\\\/03\\\/me-medical-cerrahi-klipper-cihazi-ucu-03-1.png\",\"contentUrl\":\"https:\\\/\\\/integramedikal.com\\\/magaza\\\/wp-content\\\/uploads\\\/2026\\\/03\\\/me-medical-cerrahi-klipper-cihazi-ucu-03-1.png\",\"width\":500,\"height\":500},{\"@type\":\"BreadcrumbList\",\"@id\":\"https:\\\/\\\/integramedikal.com\\\/magaza\\\/urun\\\/me-medical-profesyonel-cerrahi-tiras-makinesi-clipper\\\/#breadcrumb\",\"itemListElement\":[{\"@type\":\"ListItem\",\"position\":1,\"name\":\"Anasayfa\",\"item\":\"https:\\\/\\\/integramedikal.com\\\/magaza\\\/anasayfa\\\/\"},{\"@type\":\"ListItem\",\"position\":2,\"name\":\"Shop\",\"item\":\"https:\\\/\\\/integramedikal.com\\\/magaza\\\/shop\\\/\"},{\"@type\":\"ListItem\",\"position\":3,\"name\":\"ME Medical Profesyonel Cerrahi T\u0131ra\u015f Makinesi (Clipper)\"}]},{\"@type\":\"WebSite\",\"@id\":\"https:\\\/\\\/integramedikal.com\\\/magaza\\\/#website\",\"url\":\"https:\\\/\\\/integramedikal.com\\\/magaza\\\/\",\"name\":\"\u0130ntegra Medikal < | | >Ma\u011faza\",\"description\":\"Sa\u011fl\u0131kta Kalite | Sekt\u00f6rde 25. Y\u0131l\",\"publisher\":{\"@id\":\"https:\\\/\\\/integramedikal.com\\\/magaza\\\/#organization\"},\"potentialAction\":[{\"@type\":\"SearchAction\",\"target\":{\"@type\":\"EntryPoint\",\"urlTemplate\":\"https:\\\/\\\/integramedikal.com\\\/magaza\\\/?s={search_term_string}\"},\"query-input\":{\"@type\":\"PropertyValueSpecification\",\"valueRequired\":true,\"valueName\":\"search_term_string\"}}],\"inLanguage\":\"tr\"},{\"@type\":\"Organization\",\"@id\":\"https:\\\/\\\/integramedikal.com\\\/magaza\\\/#organization\",\"name\":\"\u0130ntegra Medikal < | | >Ma\u011faza\",\"url\":\"https:\\\/\\\/integramedikal.com\\\/magaza\\\/\",\"logo\":{\"@type\":\"ImageObject\",\"inLanguage\":\"tr\",\"@id\":\"https:\\\/\\\/integramedikal.com\\\/magaza\\\/#\\\/schema\\\/logo\\\/image\\\/\",\"url\":\"https:\\\/\\\/integramedikal.com\\\/magaza\\\/wp-content\\\/uploads\\\/2025\\\/06\\\/integra-logo-1.png\",\"contentUrl\":\"https:\\\/\\\/integramedikal.com\\\/magaza\\\/wp-content\\\/uploads\\\/2025\\\/06\\\/integra-logo-1.png\",\"width\":340,\"height\":156,\"caption\":\"\u0130ntegra Medikal < | | >Ma\u011faza\"},\"image\":{\"@id\":\"https:\\\/\\\/integramedikal.com\\\/magaza\\\/#\\\/schema\\\/logo\\\/image\\\/\"},\"sameAs\":[\"https:\\\/\\\/www.facebook.com\\\/integramedikal1\",\"https:\\\/\\\/x.com\\\/integramedikal\",\"https:\\\/\\\/www.instagram.com\\\/integramedikal\\\/\",\"https:\\\/\\\/www.youtube.com\\\/user\\\/integramedikal\"]}]}<\/script>\n<!-- \/ Yoast SEO plugin. -->","yoast_head_json":{"title":"ME Medical Profesyonel Cerrahi T\u0131ra\u015f Makinesi (Clipper) - \u0130ntegra Medikal | | Ma\u011faza","description":"cerrahi t\u0131ra\u015f makinesi, cerrahi clipper, profesyonel cerrahi t\u0131ra\u015f makinesi, ameliyat \u00f6ncesi t\u0131ra\u015f makinesi, cerrahi alan haz\u0131rlama makinesi, hastane t\u0131ra\u015f makinesi, medikal t\u0131ra\u015f makinesi, ameliyat t\u0131ra\u015f cihaz\u0131, cerrahi clipper makinesi, disposable blade cerrahi t\u0131ra\u015f makinesi, ameliyathane t\u0131ra\u015f makinesi, cerrahi saha haz\u0131rlama cihaz\u0131, preoperatif t\u0131ra\u015f makinesi, ameliyat \u00f6ncesi k\u0131llar i\u00e7in t\u0131ra\u015f makinesi, medikal clipper, hastane tipi t\u0131ra\u015f makinesi, profesyonel medikal clipper, cerrahi preparasyon t\u0131ra\u015f makinesi, tek kullan\u0131ml\u0131k b\u0131\u00e7akl\u0131 cerrahi t\u0131ra\u015f makinesi, ameliyathane ekipmanlar\u0131 t\u0131ra\u015f makinesi, me medical cerrahi t\u0131ra\u015f makinesi, me medical clipper, cerrahi clipper cihaz\u0131, hastane ekipmanlar\u0131 t\u0131ra\u015f makinesi","robots":{"index":"index","follow":"follow","max-snippet":"max-snippet:-1","max-image-preview":"max-image-preview:large","max-video-preview":"max-video-preview:-1"},"canonical":"https:\/\/integramedikal.com\/magaza\/urun\/me-medical-profesyonel-cerrahi-tiras-makinesi-clipper\/","og_locale":"tr_TR","og_type":"article","og_title":"ME Medical Profesyonel Cerrahi T\u0131ra\u015f Makinesi (Clipper) - \u0130ntegra Medikal | | Ma\u011faza","og_description":"cerrahi t\u0131ra\u015f makinesi, cerrahi clipper, profesyonel cerrahi t\u0131ra\u015f makinesi, ameliyat \u00f6ncesi t\u0131ra\u015f makinesi, cerrahi alan haz\u0131rlama makinesi, hastane t\u0131ra\u015f makinesi, medikal t\u0131ra\u015f makinesi, ameliyat t\u0131ra\u015f cihaz\u0131, cerrahi clipper makinesi, disposable blade cerrahi t\u0131ra\u015f makinesi, ameliyathane t\u0131ra\u015f makinesi, cerrahi saha haz\u0131rlama cihaz\u0131, preoperatif t\u0131ra\u015f makinesi, ameliyat \u00f6ncesi k\u0131llar i\u00e7in t\u0131ra\u015f makinesi, medikal clipper, hastane tipi t\u0131ra\u015f makinesi, profesyonel medikal clipper, cerrahi preparasyon t\u0131ra\u015f makinesi, tek kullan\u0131ml\u0131k b\u0131\u00e7akl\u0131 cerrahi t\u0131ra\u015f makinesi, ameliyathane ekipmanlar\u0131 t\u0131ra\u015f makinesi, me medical cerrahi t\u0131ra\u015f makinesi, me medical clipper, cerrahi clipper cihaz\u0131, hastane ekipmanlar\u0131 t\u0131ra\u015f makinesi","og_url":"https:\/\/integramedikal.com\/magaza\/urun\/me-medical-profesyonel-cerrahi-tiras-makinesi-clipper\/","og_site_name":"\u0130ntegra Medikal | | Ma\u011faza","article_publisher":"https:\/\/www.facebook.com\/integramedikal1","article_modified_time":"2026-03-23T07:09:26+00:00","og_image":[{"width":500,"height":500,"url":"https:\/\/integramedikal.com\/magaza\/wp-content\/uploads\/2026\/03\/me-medical-cerrahi-klipper-cihazi-ucu-03-1.png","type":"image\/png"}],"twitter_card":"summary_large_image","twitter_site":"@integramedikal","twitter_misc":{"Tahmini okuma s\u00fcresi":"2 dakika"},"schema":{"@context":"https:\/\/schema.org","@graph":[{"@type":"WebPage","@id":"https:\/\/integramedikal.com\/magaza\/urun\/me-medical-profesyonel-cerrahi-tiras-makinesi-clipper\/","url":"https:\/\/integramedikal.com\/magaza\/urun\/me-medical-profesyonel-cerrahi-tiras-makinesi-clipper\/","name":"ME Medical Profesyonel Cerrahi T\u0131ra\u015f Makinesi (Clipper) - \u0130ntegra Medikal | | Ma\u011faza","isPartOf":{"@id":"https:\/\/integramedikal.com\/magaza\/#website"},"primaryImageOfPage":{"@id":"https:\/\/integramedikal.com\/magaza\/urun\/me-medical-profesyonel-cerrahi-tiras-makinesi-clipper\/#primaryimage"},"image":{"@id":"https:\/\/integramedikal.com\/magaza\/urun\/me-medical-profesyonel-cerrahi-tiras-makinesi-clipper\/#primaryimage"},"thumbnailUrl":"https:\/\/integramedikal.com\/magaza\/wp-content\/uploads\/2026\/03\/me-medical-cerrahi-klipper-cihazi-ucu-03-1.png","datePublished":"2026-03-12T11:50:27+00:00","dateModified":"2026-03-23T07:09:26+00:00","description":"cerrahi t\u0131ra\u015f makinesi, cerrahi clipper, profesyonel cerrahi t\u0131ra\u015f makinesi, ameliyat \u00f6ncesi t\u0131ra\u015f makinesi, cerrahi alan haz\u0131rlama makinesi, hastane t\u0131ra\u015f makinesi, medikal t\u0131ra\u015f makinesi, ameliyat t\u0131ra\u015f cihaz\u0131, cerrahi clipper makinesi, disposable blade cerrahi t\u0131ra\u015f makinesi, ameliyathane t\u0131ra\u015f makinesi, cerrahi saha haz\u0131rlama cihaz\u0131, preoperatif t\u0131ra\u015f makinesi, ameliyat \u00f6ncesi k\u0131llar i\u00e7in t\u0131ra\u015f makinesi, medikal clipper, hastane tipi t\u0131ra\u015f makinesi, profesyonel medikal clipper, cerrahi preparasyon t\u0131ra\u015f makinesi, tek kullan\u0131ml\u0131k b\u0131\u00e7akl\u0131 cerrahi t\u0131ra\u015f makinesi, ameliyathane ekipmanlar\u0131 t\u0131ra\u015f makinesi, me medical cerrahi t\u0131ra\u015f makinesi, me medical clipper, cerrahi clipper cihaz\u0131, hastane ekipmanlar\u0131 t\u0131ra\u015f makinesi","breadcrumb":{"@id":"https:\/\/integramedikal.com\/magaza\/urun\/me-medical-profesyonel-cerrahi-tiras-makinesi-clipper\/#breadcrumb"},"inLanguage":"tr","potentialAction":[{"@type":"ReadAction","target":["https:\/\/integramedikal.com\/magaza\/urun\/me-medical-profesyonel-cerrahi-tiras-makinesi-clipper\/"]}]},{"@type":"ImageObject","inLanguage":"tr","@id":"https:\/\/integramedikal.com\/magaza\/urun\/me-medical-profesyonel-cerrahi-tiras-makinesi-clipper\/#primaryimage","url":"https:\/\/integramedikal.com\/magaza\/wp-content\/uploads\/2026\/03\/me-medical-cerrahi-klipper-cihazi-ucu-03-1.png","contentUrl":"https:\/\/integramedikal.com\/magaza\/wp-content\/uploads\/2026\/03\/me-medical-cerrahi-klipper-cihazi-ucu-03-1.png","width":500,"height":500},{"@type":"BreadcrumbList","@id":"https:\/\/integramedikal.com\/magaza\/urun\/me-medical-profesyonel-cerrahi-tiras-makinesi-clipper\/#breadcrumb","itemListElement":[{"@type":"ListItem","position":1,"name":"Anasayfa","item":"https:\/\/integramedikal.com\/magaza\/anasayfa\/"},{"@type":"ListItem","position":2,"name":"Shop","item":"https:\/\/integramedikal.com\/magaza\/shop\/"},{"@type":"ListItem","position":3,"name":"ME Medical Profesyonel Cerrahi T\u0131ra\u015f Makinesi (Clipper)"}]},{"@type":"WebSite","@id":"https:\/\/integramedikal.com\/magaza\/#website","url":"https:\/\/integramedikal.com\/magaza\/","name":"\u0130ntegra Medikal < | | >Ma\u011faza","description":"Sa\u011fl\u0131kta Kalite | Sekt\u00f6rde 25. Y\u0131l","publisher":{"@id":"https:\/\/integramedikal.com\/magaza\/#organization"},"potentialAction":[{"@type":"SearchAction","target":{"@type":"EntryPoint","urlTemplate":"https:\/\/integramedikal.com\/magaza\/?s={search_term_string}"},"query-input":{"@type":"PropertyValueSpecification","valueRequired":true,"valueName":"search_term_string"}}],"inLanguage":"tr"},{"@type":"Organization","@id":"https:\/\/integramedikal.com\/magaza\/#organization","name":"\u0130ntegra Medikal < | | >Ma\u011faza","url":"https:\/\/integramedikal.com\/magaza\/","logo":{"@type":"ImageObject","inLanguage":"tr","@id":"https:\/\/integramedikal.com\/magaza\/#\/schema\/logo\/image\/","url":"https:\/\/integramedikal.com\/magaza\/wp-content\/uploads\/2025\/06\/integra-logo-1.png","contentUrl":"https:\/\/integramedikal.com\/magaza\/wp-content\/uploads\/2025\/06\/integra-logo-1.png","width":340,"height":156,"caption":"\u0130ntegra Medikal < | | >Ma\u011faza"},"image":{"@id":"https:\/\/integramedikal.com\/magaza\/#\/schema\/logo\/image\/"},"sameAs":["https:\/\/www.facebook.com\/integramedikal1","https:\/\/x.com\/integramedikal","https:\/\/www.instagram.com\/integramedikal\/","https:\/\/www.youtube.com\/user\/integramedikal"]}]}},"_links":{"self":[{"href":"https:\/\/integramedikal.com\/magaza\/wp-json\/wp\/v2\/product\/6686","targetHints":{"allow":["GET"]}}],"collection":[{"href":"https:\/\/integramedikal.com\/magaza\/wp-json\/wp\/v2\/product"}],"about":[{"href":"https:\/\/integramedikal.com\/magaza\/wp-json\/wp\/v2\/types\/product"}],"replies":[{"embeddable":true,"href":"https:\/\/integramedikal.com\/magaza\/wp-json\/wp\/v2\/comments?post=6686"}],"wp:featuredmedia":[{"embeddable":true,"href":"https:\/\/integramedikal.com\/magaza\/wp-json\/wp\/v2\/media\/6690"}],"wp:attachment":[{"href":"https:\/\/integramedikal.com\/magaza\/wp-json\/wp\/v2\/media?parent=6686"}],"wp:term":[{"taxonomy":"product_brand","embeddable":true,"href":"https:\/\/integramedikal.com\/magaza\/wp-json\/wp\/v2\/product_brand?post=6686"},{"taxonomy":"product_cat","embeddable":true,"href":"https:\/\/integramedikal.com\/magaza\/wp-json\/wp\/v2\/product_cat?post=6686"},{"taxonomy":"product_tag","embeddable":true,"href":"https:\/\/integramedikal.com\/magaza\/wp-json\/wp\/v2\/product_tag?post=6686"}],"curies":[{"name":"wp","href":"https:\/\/api.w.org\/{rel}","templated":true}]}}