{"id":6618,"date":"2026-02-25T13:52:08","date_gmt":"2026-02-25T10:52:08","guid":{"rendered":"https:\/\/integramedikal.com\/magaza\/?post_type=product&#038;p=6618"},"modified":"2026-03-31T09:55:16","modified_gmt":"2026-03-31T06:55:16","slug":"g102-standart-tekerlekli-sandalye","status":"publish","type":"product","link":"https:\/\/integramedikal.com\/magaza\/urun\/g102-standart-tekerlekli-sandalye\/","title":{"rendered":"G102 Standart Tekerlekli Sandalye"},"content":{"rendered":"<div>B2B m\u00fc\u015fterilerinin ve T\u00fcrkiye&#8217;deki engelli toplulu\u011fu i\u00e7in ula\u015f\u0131m \u00e7\u00f6z\u00fcmleri sunan \u015firketlerin ihtiya\u00e7lar\u0131n\u0131 kar\u015f\u0131lamak \u00fczere tasarlanm\u0131\u015f birinci s\u0131n\u0131f bir \u00fcr\u00fcn olan G102 Manuel Tekerlekli Sandalye ile ilgili kesin k\u0131lavuza ho\u015f geldiniz. Bu tekerlekli sandalye, dayan\u0131kl\u0131l\u0131k, maliyet etkinli\u011fi ve kullan\u0131c\u0131 merkezli tasar\u0131m\u0131n m\u00fckemmel kar\u0131\u015f\u0131m\u0131n\u0131 ortaya \u00e7\u0131kararak onu i\u015fletmeniz i\u00e7in vazge\u00e7ilmez bir teklif haline getirir. \u00dcr\u00fcn\u00fcn temel \u00f6zelliklerini ve faydalar\u0131n\u0131 anlamak, envanteriniz veya ki\u015fisel kullan\u0131m\u0131n\u0131z i\u00e7in bilin\u00e7li bir karar vermede \u00e7ok \u00f6nemlidir.<\/div>\n<div><\/div>\n<div>G102 Manuel Tekerlekli Sandalye, sa\u011flam bir \u00e7er\u00e7eveye sahiptir ve mobil engelliler i\u00e7in dayan\u0131kl\u0131 bir ortak olarak yerini teyit eder. Bu g\u00fc\u00e7, uzun \u00f6m\u00fcr vaat eder ve tekerlekli sandalyenin, kullan\u0131labilece\u011fi zorlu ortamlarda yayg\u0131n olan g\u00fcnl\u00fck a\u015f\u0131nma ve y\u0131pranmaya dayanmas\u0131n\u0131 sa\u011flar. G\u00fc\u00e7l\u00fc g\u00f6vde yap\u0131s\u0131n\u0131n \u00f6tesinde, tekerlekli sandalye 2 y\u0131l garantilidir, bu da g\u00f6n\u00fcl rahatl\u0131\u011f\u0131 sunar ve \u00fcreticinin kal\u0131c\u0131 kalitesine olan g\u00fcvenini g\u00f6sterir.<\/div>\n<div><\/div>\n<div>G102 Manuel Tekerlekli Sandalyenin Temel \u00d6zellikleri<\/div>\n<div><\/div>\n<div>\u00d6zellikle ticari bir teklif i\u00e7in manuel tekerlekli sandalye se\u00e7erken, mevcut kullan\u0131c\u0131lar taraf\u0131ndan \u00f6nerilen geri bildirimleri dikkate almak \u00f6nemlidir. G102 modeli, hem kullan\u0131m kolayl\u0131\u011f\u0131 hem de konforu a\u00e7\u0131s\u0131ndan olumlu raporlar al\u0131yor ve yard\u0131mc\u0131 olmak i\u00e7in tasarland\u0131\u011f\u0131 ki\u015filerin g\u00fcnl\u00fck ya\u015famlar\u0131na sorunsuz bir \u015fekilde uyum sa\u011flayan, kullan\u0131c\u0131 taraf\u0131ndan \u00f6nerilen bir se\u00e7im olarak \u00f6ne \u00e7\u0131k\u0131yor. Sadece ekonomik bir \u00fcr\u00fcn de\u011fil, ayn\u0131 zamanda engellilerin ihtiya\u00e7lar\u0131n\u0131 \u00f6d\u00fcn vermeden kar\u015f\u0131lamak i\u00e7in vicdani planlama ve uygulamay\u0131 yans\u0131tan bir \u00fcr\u00fcnd\u00fcr.<\/div>\n<div><\/div>\n<div>Ek olarak, G102 Manuel Tekerlekli Sandalyenin ekonomik ayak izi, onu maliyet etkinli\u011fine dikkat eden i\u015fletmeler i\u00e7in \u00e7ekici bir se\u00e7im haline getiriyor. Kaliteden \u00f6d\u00fcn vermeden, sa\u011flay\u0131c\u0131lara tasarruflar\u0131n\u0131 m\u00fc\u015fterilerine aktarma yetene\u011fi vererek m\u00fc\u015fteri memnuniyetini ve sadakatini art\u0131ran finansal bir avantaj sunar. Kalite ve sat\u0131n al\u0131nabilirlik aras\u0131ndaki bu denge, \u00f6zellikle B2B m\u00fc\u015fterisini hedefleyenler i\u00e7in mobilite yard\u0131mc\u0131lar\u0131 pazar\u0131nda e\u015fsiz bir f\u0131rsat sunuyor.<\/div>\n<div><\/div>\n<div>Neden G102 Manuel Tekerlekli Sandalyeyi Se\u00e7melisiniz?<\/div>\n<div><\/div>\n<div>Bir i\u015fletme olarak, h\u0131zl\u0131 sevkiyat vaat eden bir \u00fcr\u00fcnle ortakl\u0131k, do\u011frudan daha iyi hizmet sunumu anlam\u0131na gelir. G102 Manuel Tekerlekli Sandalye, i\u015fletmelerin sa\u011fl\u0131kl\u0131 stok seviyelerini korumalar\u0131n\u0131 ve m\u00fc\u015fteri taleplerine an\u0131nda yan\u0131t vermelerini sa\u011flayan h\u0131zl\u0131 teslimat g\u00fcvencesiyle bu konuda \u00f6ne \u00e7\u0131k\u0131yor. H\u0131zl\u0131 geri d\u00f6n\u00fc\u015f, \u00fcreticinin hizmete olan ba\u011fl\u0131l\u0131\u011f\u0131n\u0131n bir kan\u0131t\u0131d\u0131r ve zaten zorlu olan bu mobilite \u00fcr\u00fcn\u00fcne ek bir g\u00fcvenilirlik katman\u0131 ekler.<\/div>\n<div>\u00dcstelik G102 Manuel Tekerlekli Sandalye sadece bir \u00fcr\u00fcn de\u011fil; kalite ve deste\u011fin garantisidir. Ana hatlar\u0131yla belirtilen kapsaml\u0131 \u00f6zellikler, T\u00fcrkiye pazar\u0131n\u0131n benzersiz manzaras\u0131na g\u00f6re uyarlanm\u0131\u015ft\u0131r.<\/div>\n","protected":false},"excerpt":{"rendered":"<p>B2B m\u00fc\u015fterilerinin ve T\u00fcrkiye&#8217;deki engelli toplulu\u011fu i\u00e7in ula\u015f\u0131m \u00e7\u00f6z\u00fcmleri sunan \u015firketlerin ihtiya\u00e7lar\u0131n\u0131 kar\u015f\u0131lamak \u00fczere tasarlanm\u0131\u015f birinci s\u0131n\u0131f bir \u00fcr\u00fcn olan G102 Manuel Tekerlekli Sandalye ile ilgili kesin k\u0131lavuza ho\u015f geldiniz. Bu tekerlekli sandalye, dayan\u0131kl\u0131l\u0131k, maliyet etkinli\u011fi ve kullan\u0131c\u0131 merkezli tasar\u0131m\u0131n m\u00fckemmel kar\u0131\u015f\u0131m\u0131n\u0131 ortaya \u00e7\u0131kararak onu i\u015fletmeniz i\u00e7in vazge\u00e7ilmez bir teklif haline getirir. \u00dcr\u00fcn\u00fcn temel \u00f6zelliklerini [&hellip;]<\/p>\n","protected":false},"featured_media":6619,"comment_status":"open","ping_status":"closed","template":"","meta":[],"product_brand":[],"product_cat":[47],"product_tag":[],"class_list":{"0":"post-6618","1":"product","2":"type-product","3":"status-publish","4":"has-post-thumbnail","6":"product_cat-manuel-tekerlekli-sandalye","8":"first","9":"instock","10":"sale","11":"taxable","12":"shipping-taxable","13":"purchasable","14":"product-type-simple"},"yoast_head":"<!-- This site is optimized with the Yoast SEO plugin v27.4 - https:\/\/yoast.com\/product\/yoast-seo-wordpress\/ -->\n<title>G102 Standart Tekerlekli Sandalye - \u0130ntegra Medikal | | Ma\u011faza<\/title>\n<meta name=\"description\" content=\"G102 Manuel Tekerlekli Sandalye, sa\u011flam bir \u00e7er\u00e7eveye sahiptir ve mobil engelliler i\u00e7in dayan\u0131kl\u0131 bir ortak olarak yerini teyit eder. Bu g\u00fc\u00e7, uzun \u00f6m\u00fcr vaat eder ve tekerlekli sandalyenin, kullan\u0131labilece\u011fi zorlu ortamlarda yayg\u0131n olan g\u00fcnl\u00fck a\u015f\u0131nma ve y\u0131pranmaya dayanmas\u0131n\u0131 sa\u011flar. G\u00fc\u00e7l\u00fc g\u00f6vde yap\u0131s\u0131n\u0131n \u00f6tesinde, tekerlekli sandalye 2 y\u0131l garantilidir, bu da g\u00f6n\u00fcl rahatl\u0131\u011f\u0131 sunar ve \u00fcreticinin kal\u0131c\u0131 kalitesine olan g\u00fcvenini g\u00f6sterir.\" \/>\n<meta name=\"robots\" content=\"index, follow, max-snippet:-1, max-image-preview:large, max-video-preview:-1\" \/>\n<link rel=\"canonical\" href=\"https:\/\/integramedikal.com\/magaza\/urun\/g102-standart-tekerlekli-sandalye\/\" \/>\n<meta property=\"og:locale\" content=\"tr_TR\" \/>\n<meta property=\"og:type\" content=\"article\" \/>\n<meta property=\"og:title\" content=\"G102 Standart Tekerlekli Sandalye - \u0130ntegra Medikal | | Ma\u011faza\" \/>\n<meta property=\"og:description\" content=\"G102 Manuel Tekerlekli Sandalye, sa\u011flam bir \u00e7er\u00e7eveye sahiptir ve mobil engelliler i\u00e7in dayan\u0131kl\u0131 bir ortak olarak yerini teyit eder. Bu g\u00fc\u00e7, uzun \u00f6m\u00fcr vaat eder ve tekerlekli sandalyenin, kullan\u0131labilece\u011fi zorlu ortamlarda yayg\u0131n olan g\u00fcnl\u00fck a\u015f\u0131nma ve y\u0131pranmaya dayanmas\u0131n\u0131 sa\u011flar. G\u00fc\u00e7l\u00fc g\u00f6vde yap\u0131s\u0131n\u0131n \u00f6tesinde, tekerlekli sandalye 2 y\u0131l garantilidir, bu da g\u00f6n\u00fcl rahatl\u0131\u011f\u0131 sunar ve \u00fcreticinin kal\u0131c\u0131 kalitesine olan g\u00fcvenini g\u00f6sterir.\" \/>\n<meta property=\"og:url\" content=\"https:\/\/integramedikal.com\/magaza\/urun\/g102-standart-tekerlekli-sandalye\/\" \/>\n<meta property=\"og:site_name\" content=\"\u0130ntegra Medikal | | Ma\u011faza\" \/>\n<meta property=\"article:publisher\" content=\"https:\/\/www.facebook.com\/integramedikal1\" \/>\n<meta property=\"article:modified_time\" content=\"2026-03-31T06:55:16+00:00\" \/>\n<meta property=\"og:image\" content=\"https:\/\/integramedikal.com\/magaza\/wp-content\/uploads\/2026\/02\/g102-standart-tekerlekli-sandalye.jpg\" \/>\n\t<meta property=\"og:image:width\" content=\"900\" \/>\n\t<meta property=\"og:image:height\" content=\"900\" \/>\n\t<meta property=\"og:image:type\" content=\"image\/jpeg\" \/>\n<meta name=\"twitter:card\" content=\"summary_large_image\" \/>\n<meta name=\"twitter:site\" content=\"@integramedikal\" \/>\n<meta name=\"twitter:label1\" content=\"Tahmini okuma s\u00fcresi\" \/>\n\t<meta name=\"twitter:data1\" content=\"3 dakika\" \/>\n<script type=\"application\/ld+json\" class=\"yoast-schema-graph\">{\"@context\":\"https:\\\/\\\/schema.org\",\"@graph\":[{\"@type\":\"WebPage\",\"@id\":\"https:\\\/\\\/integramedikal.com\\\/magaza\\\/urun\\\/g102-standart-tekerlekli-sandalye\\\/\",\"url\":\"https:\\\/\\\/integramedikal.com\\\/magaza\\\/urun\\\/g102-standart-tekerlekli-sandalye\\\/\",\"name\":\"G102 Standart Tekerlekli Sandalye - \u0130ntegra Medikal | | Ma\u011faza\",\"isPartOf\":{\"@id\":\"https:\\\/\\\/integramedikal.com\\\/magaza\\\/#website\"},\"primaryImageOfPage\":{\"@id\":\"https:\\\/\\\/integramedikal.com\\\/magaza\\\/urun\\\/g102-standart-tekerlekli-sandalye\\\/#primaryimage\"},\"image\":{\"@id\":\"https:\\\/\\\/integramedikal.com\\\/magaza\\\/urun\\\/g102-standart-tekerlekli-sandalye\\\/#primaryimage\"},\"thumbnailUrl\":\"https:\\\/\\\/integramedikal.com\\\/magaza\\\/wp-content\\\/uploads\\\/2026\\\/02\\\/g102-standart-tekerlekli-sandalye.jpg\",\"datePublished\":\"2026-02-25T10:52:08+00:00\",\"dateModified\":\"2026-03-31T06:55:16+00:00\",\"description\":\"G102 Manuel Tekerlekli Sandalye, sa\u011flam bir \u00e7er\u00e7eveye sahiptir ve mobil engelliler i\u00e7in dayan\u0131kl\u0131 bir ortak olarak yerini teyit eder. Bu g\u00fc\u00e7, uzun \u00f6m\u00fcr vaat eder ve tekerlekli sandalyenin, kullan\u0131labilece\u011fi zorlu ortamlarda yayg\u0131n olan g\u00fcnl\u00fck a\u015f\u0131nma ve y\u0131pranmaya dayanmas\u0131n\u0131 sa\u011flar. G\u00fc\u00e7l\u00fc g\u00f6vde yap\u0131s\u0131n\u0131n \u00f6tesinde, tekerlekli sandalye 2 y\u0131l garantilidir, bu da g\u00f6n\u00fcl rahatl\u0131\u011f\u0131 sunar ve \u00fcreticinin kal\u0131c\u0131 kalitesine olan g\u00fcvenini g\u00f6sterir.\",\"breadcrumb\":{\"@id\":\"https:\\\/\\\/integramedikal.com\\\/magaza\\\/urun\\\/g102-standart-tekerlekli-sandalye\\\/#breadcrumb\"},\"inLanguage\":\"tr\",\"potentialAction\":[{\"@type\":\"ReadAction\",\"target\":[\"https:\\\/\\\/integramedikal.com\\\/magaza\\\/urun\\\/g102-standart-tekerlekli-sandalye\\\/\"]}]},{\"@type\":\"ImageObject\",\"inLanguage\":\"tr\",\"@id\":\"https:\\\/\\\/integramedikal.com\\\/magaza\\\/urun\\\/g102-standart-tekerlekli-sandalye\\\/#primaryimage\",\"url\":\"https:\\\/\\\/integramedikal.com\\\/magaza\\\/wp-content\\\/uploads\\\/2026\\\/02\\\/g102-standart-tekerlekli-sandalye.jpg\",\"contentUrl\":\"https:\\\/\\\/integramedikal.com\\\/magaza\\\/wp-content\\\/uploads\\\/2026\\\/02\\\/g102-standart-tekerlekli-sandalye.jpg\",\"width\":900,\"height\":900},{\"@type\":\"BreadcrumbList\",\"@id\":\"https:\\\/\\\/integramedikal.com\\\/magaza\\\/urun\\\/g102-standart-tekerlekli-sandalye\\\/#breadcrumb\",\"itemListElement\":[{\"@type\":\"ListItem\",\"position\":1,\"name\":\"Anasayfa\",\"item\":\"https:\\\/\\\/integramedikal.com\\\/magaza\\\/anasayfa\\\/\"},{\"@type\":\"ListItem\",\"position\":2,\"name\":\"Shop\",\"item\":\"https:\\\/\\\/integramedikal.com\\\/magaza\\\/shop\\\/\"},{\"@type\":\"ListItem\",\"position\":3,\"name\":\"G102 Standart Tekerlekli Sandalye\"}]},{\"@type\":\"WebSite\",\"@id\":\"https:\\\/\\\/integramedikal.com\\\/magaza\\\/#website\",\"url\":\"https:\\\/\\\/integramedikal.com\\\/magaza\\\/\",\"name\":\"\u0130ntegra Medikal < | | >Ma\u011faza\",\"description\":\"Sa\u011fl\u0131kta Kalite | Sekt\u00f6rde 25. Y\u0131l\",\"publisher\":{\"@id\":\"https:\\\/\\\/integramedikal.com\\\/magaza\\\/#organization\"},\"potentialAction\":[{\"@type\":\"SearchAction\",\"target\":{\"@type\":\"EntryPoint\",\"urlTemplate\":\"https:\\\/\\\/integramedikal.com\\\/magaza\\\/?s={search_term_string}\"},\"query-input\":{\"@type\":\"PropertyValueSpecification\",\"valueRequired\":true,\"valueName\":\"search_term_string\"}}],\"inLanguage\":\"tr\"},{\"@type\":\"Organization\",\"@id\":\"https:\\\/\\\/integramedikal.com\\\/magaza\\\/#organization\",\"name\":\"\u0130ntegra Medikal < | | >Ma\u011faza\",\"url\":\"https:\\\/\\\/integramedikal.com\\\/magaza\\\/\",\"logo\":{\"@type\":\"ImageObject\",\"inLanguage\":\"tr\",\"@id\":\"https:\\\/\\\/integramedikal.com\\\/magaza\\\/#\\\/schema\\\/logo\\\/image\\\/\",\"url\":\"https:\\\/\\\/integramedikal.com\\\/magaza\\\/wp-content\\\/uploads\\\/2025\\\/06\\\/integra-logo-1.png\",\"contentUrl\":\"https:\\\/\\\/integramedikal.com\\\/magaza\\\/wp-content\\\/uploads\\\/2025\\\/06\\\/integra-logo-1.png\",\"width\":340,\"height\":156,\"caption\":\"\u0130ntegra Medikal < | | >Ma\u011faza\"},\"image\":{\"@id\":\"https:\\\/\\\/integramedikal.com\\\/magaza\\\/#\\\/schema\\\/logo\\\/image\\\/\"},\"sameAs\":[\"https:\\\/\\\/www.facebook.com\\\/integramedikal1\",\"https:\\\/\\\/x.com\\\/integramedikal\",\"https:\\\/\\\/www.instagram.com\\\/integramedikal\\\/\",\"https:\\\/\\\/www.youtube.com\\\/user\\\/integramedikal\"]}]}<\/script>\n<!-- \/ Yoast SEO plugin. -->","yoast_head_json":{"title":"G102 Standart Tekerlekli Sandalye - \u0130ntegra Medikal | | Ma\u011faza","description":"G102 Manuel Tekerlekli Sandalye, sa\u011flam bir \u00e7er\u00e7eveye sahiptir ve mobil engelliler i\u00e7in dayan\u0131kl\u0131 bir ortak olarak yerini teyit eder. Bu g\u00fc\u00e7, uzun \u00f6m\u00fcr vaat eder ve tekerlekli sandalyenin, kullan\u0131labilece\u011fi zorlu ortamlarda yayg\u0131n olan g\u00fcnl\u00fck a\u015f\u0131nma ve y\u0131pranmaya dayanmas\u0131n\u0131 sa\u011flar. G\u00fc\u00e7l\u00fc g\u00f6vde yap\u0131s\u0131n\u0131n \u00f6tesinde, tekerlekli sandalye 2 y\u0131l garantilidir, bu da g\u00f6n\u00fcl rahatl\u0131\u011f\u0131 sunar ve \u00fcreticinin kal\u0131c\u0131 kalitesine olan g\u00fcvenini g\u00f6sterir.","robots":{"index":"index","follow":"follow","max-snippet":"max-snippet:-1","max-image-preview":"max-image-preview:large","max-video-preview":"max-video-preview:-1"},"canonical":"https:\/\/integramedikal.com\/magaza\/urun\/g102-standart-tekerlekli-sandalye\/","og_locale":"tr_TR","og_type":"article","og_title":"G102 Standart Tekerlekli Sandalye - \u0130ntegra Medikal | | Ma\u011faza","og_description":"G102 Manuel Tekerlekli Sandalye, sa\u011flam bir \u00e7er\u00e7eveye sahiptir ve mobil engelliler i\u00e7in dayan\u0131kl\u0131 bir ortak olarak yerini teyit eder. Bu g\u00fc\u00e7, uzun \u00f6m\u00fcr vaat eder ve tekerlekli sandalyenin, kullan\u0131labilece\u011fi zorlu ortamlarda yayg\u0131n olan g\u00fcnl\u00fck a\u015f\u0131nma ve y\u0131pranmaya dayanmas\u0131n\u0131 sa\u011flar. G\u00fc\u00e7l\u00fc g\u00f6vde yap\u0131s\u0131n\u0131n \u00f6tesinde, tekerlekli sandalye 2 y\u0131l garantilidir, bu da g\u00f6n\u00fcl rahatl\u0131\u011f\u0131 sunar ve \u00fcreticinin kal\u0131c\u0131 kalitesine olan g\u00fcvenini g\u00f6sterir.","og_url":"https:\/\/integramedikal.com\/magaza\/urun\/g102-standart-tekerlekli-sandalye\/","og_site_name":"\u0130ntegra Medikal | | Ma\u011faza","article_publisher":"https:\/\/www.facebook.com\/integramedikal1","article_modified_time":"2026-03-31T06:55:16+00:00","og_image":[{"width":900,"height":900,"url":"https:\/\/integramedikal.com\/magaza\/wp-content\/uploads\/2026\/02\/g102-standart-tekerlekli-sandalye.jpg","type":"image\/jpeg"}],"twitter_card":"summary_large_image","twitter_site":"@integramedikal","twitter_misc":{"Tahmini okuma s\u00fcresi":"3 dakika"},"schema":{"@context":"https:\/\/schema.org","@graph":[{"@type":"WebPage","@id":"https:\/\/integramedikal.com\/magaza\/urun\/g102-standart-tekerlekli-sandalye\/","url":"https:\/\/integramedikal.com\/magaza\/urun\/g102-standart-tekerlekli-sandalye\/","name":"G102 Standart Tekerlekli Sandalye - \u0130ntegra Medikal | | Ma\u011faza","isPartOf":{"@id":"https:\/\/integramedikal.com\/magaza\/#website"},"primaryImageOfPage":{"@id":"https:\/\/integramedikal.com\/magaza\/urun\/g102-standart-tekerlekli-sandalye\/#primaryimage"},"image":{"@id":"https:\/\/integramedikal.com\/magaza\/urun\/g102-standart-tekerlekli-sandalye\/#primaryimage"},"thumbnailUrl":"https:\/\/integramedikal.com\/magaza\/wp-content\/uploads\/2026\/02\/g102-standart-tekerlekli-sandalye.jpg","datePublished":"2026-02-25T10:52:08+00:00","dateModified":"2026-03-31T06:55:16+00:00","description":"G102 Manuel Tekerlekli Sandalye, sa\u011flam bir \u00e7er\u00e7eveye sahiptir ve mobil engelliler i\u00e7in dayan\u0131kl\u0131 bir ortak olarak yerini teyit eder. Bu g\u00fc\u00e7, uzun \u00f6m\u00fcr vaat eder ve tekerlekli sandalyenin, kullan\u0131labilece\u011fi zorlu ortamlarda yayg\u0131n olan g\u00fcnl\u00fck a\u015f\u0131nma ve y\u0131pranmaya dayanmas\u0131n\u0131 sa\u011flar. G\u00fc\u00e7l\u00fc g\u00f6vde yap\u0131s\u0131n\u0131n \u00f6tesinde, tekerlekli sandalye 2 y\u0131l garantilidir, bu da g\u00f6n\u00fcl rahatl\u0131\u011f\u0131 sunar ve \u00fcreticinin kal\u0131c\u0131 kalitesine olan g\u00fcvenini g\u00f6sterir.","breadcrumb":{"@id":"https:\/\/integramedikal.com\/magaza\/urun\/g102-standart-tekerlekli-sandalye\/#breadcrumb"},"inLanguage":"tr","potentialAction":[{"@type":"ReadAction","target":["https:\/\/integramedikal.com\/magaza\/urun\/g102-standart-tekerlekli-sandalye\/"]}]},{"@type":"ImageObject","inLanguage":"tr","@id":"https:\/\/integramedikal.com\/magaza\/urun\/g102-standart-tekerlekli-sandalye\/#primaryimage","url":"https:\/\/integramedikal.com\/magaza\/wp-content\/uploads\/2026\/02\/g102-standart-tekerlekli-sandalye.jpg","contentUrl":"https:\/\/integramedikal.com\/magaza\/wp-content\/uploads\/2026\/02\/g102-standart-tekerlekli-sandalye.jpg","width":900,"height":900},{"@type":"BreadcrumbList","@id":"https:\/\/integramedikal.com\/magaza\/urun\/g102-standart-tekerlekli-sandalye\/#breadcrumb","itemListElement":[{"@type":"ListItem","position":1,"name":"Anasayfa","item":"https:\/\/integramedikal.com\/magaza\/anasayfa\/"},{"@type":"ListItem","position":2,"name":"Shop","item":"https:\/\/integramedikal.com\/magaza\/shop\/"},{"@type":"ListItem","position":3,"name":"G102 Standart Tekerlekli Sandalye"}]},{"@type":"WebSite","@id":"https:\/\/integramedikal.com\/magaza\/#website","url":"https:\/\/integramedikal.com\/magaza\/","name":"\u0130ntegra Medikal < | | >Ma\u011faza","description":"Sa\u011fl\u0131kta Kalite | Sekt\u00f6rde 25. Y\u0131l","publisher":{"@id":"https:\/\/integramedikal.com\/magaza\/#organization"},"potentialAction":[{"@type":"SearchAction","target":{"@type":"EntryPoint","urlTemplate":"https:\/\/integramedikal.com\/magaza\/?s={search_term_string}"},"query-input":{"@type":"PropertyValueSpecification","valueRequired":true,"valueName":"search_term_string"}}],"inLanguage":"tr"},{"@type":"Organization","@id":"https:\/\/integramedikal.com\/magaza\/#organization","name":"\u0130ntegra Medikal < | | >Ma\u011faza","url":"https:\/\/integramedikal.com\/magaza\/","logo":{"@type":"ImageObject","inLanguage":"tr","@id":"https:\/\/integramedikal.com\/magaza\/#\/schema\/logo\/image\/","url":"https:\/\/integramedikal.com\/magaza\/wp-content\/uploads\/2025\/06\/integra-logo-1.png","contentUrl":"https:\/\/integramedikal.com\/magaza\/wp-content\/uploads\/2025\/06\/integra-logo-1.png","width":340,"height":156,"caption":"\u0130ntegra Medikal < | | >Ma\u011faza"},"image":{"@id":"https:\/\/integramedikal.com\/magaza\/#\/schema\/logo\/image\/"},"sameAs":["https:\/\/www.facebook.com\/integramedikal1","https:\/\/x.com\/integramedikal","https:\/\/www.instagram.com\/integramedikal\/","https:\/\/www.youtube.com\/user\/integramedikal"]}]}},"_links":{"self":[{"href":"https:\/\/integramedikal.com\/magaza\/wp-json\/wp\/v2\/product\/6618","targetHints":{"allow":["GET"]}}],"collection":[{"href":"https:\/\/integramedikal.com\/magaza\/wp-json\/wp\/v2\/product"}],"about":[{"href":"https:\/\/integramedikal.com\/magaza\/wp-json\/wp\/v2\/types\/product"}],"replies":[{"embeddable":true,"href":"https:\/\/integramedikal.com\/magaza\/wp-json\/wp\/v2\/comments?post=6618"}],"wp:featuredmedia":[{"embeddable":true,"href":"https:\/\/integramedikal.com\/magaza\/wp-json\/wp\/v2\/media\/6619"}],"wp:attachment":[{"href":"https:\/\/integramedikal.com\/magaza\/wp-json\/wp\/v2\/media?parent=6618"}],"wp:term":[{"taxonomy":"product_brand","embeddable":true,"href":"https:\/\/integramedikal.com\/magaza\/wp-json\/wp\/v2\/product_brand?post=6618"},{"taxonomy":"product_cat","embeddable":true,"href":"https:\/\/integramedikal.com\/magaza\/wp-json\/wp\/v2\/product_cat?post=6618"},{"taxonomy":"product_tag","embeddable":true,"href":"https:\/\/integramedikal.com\/magaza\/wp-json\/wp\/v2\/product_tag?post=6618"}],"curies":[{"name":"wp","href":"https:\/\/api.w.org\/{rel}","templated":true}]}}