{"id":6593,"date":"2026-02-13T21:24:58","date_gmt":"2026-02-13T18:24:58","guid":{"rendered":"https:\/\/integramedikal.com\/magaza\/?post_type=product&#038;p=6593"},"modified":"2026-02-13T21:29:11","modified_gmt":"2026-02-13T18:29:11","slug":"isitme-cihazi-kulak-kaliplari-100-orijinal","status":"publish","type":"product","link":"https:\/\/integramedikal.com\/magaza\/urun\/isitme-cihazi-kulak-kaliplari-100-orijinal\/","title":{"rendered":"\u0130\u015fitme Cihaz\u0131 Kulak Kal\u0131plar\u0131"},"content":{"rendered":"<div class=\"iceriktext\">\n<div class=\"iceriktext\">\n<div class=\"iceriktext\">\n<div class=\"altbaslik\">\n<div class=\"full\">\n<div class=\"icsayfa\">\n<div class=\"sayfasag w65\">\n<div class=\"altbaslik\">\n<div class=\"full\">\n<div class=\"icsayfa\">\n<div class=\"sayfasag w65\">\n<div class=\"altbaslik\"><strong>\u0130\u015fitme Cihaz\u0131 Kulak Kal\u0131plar\u0131<\/strong><\/div>\n<div class=\"iceriktext\">\n<p>\u0130\u015fitme kayb\u0131na g\u00f6re se\u00e7ilen ve ayarlanan sesin, i\u015fitme cihaz\u0131ndan kulak zar\u0131na kadar istenilen \u015fekilde iletilmesi ancak akustik olarak do\u011fru yap\u0131lm\u0131\u015f bir \u00d6ZEL KALIP ile m\u00fcmk\u00fcnd\u00fcr. \u00d6zel kulak kal\u0131b\u0131; i\u015fitme cihaz\u0131na modeline, i\u015fitme kay\u0131p derecesine, tipine, kulac\u0131n\u0131n ya\u015f\u0131 v.b. etkenlere ba\u011fl\u0131 olarak,<\/p>\n<p>\u2022\u00a0\u00a0 \u00a0Sert<br \/>\n\u2022\u00a0\u00a0 \u00a0Yumu\u015fak<br \/>\n\u2022\u00a0\u00a0 \u00a0Yumu\u015fak + Sert<br \/>\n\u2022\u00a0\u00a0 \u00a0Biopar (Yumu\u015fak)<\/p>\n<p>gibi de\u011fi\u015fik malzeme, \u015fekil ve renkte yap\u0131labilir.<\/p>\n<p><strong>Kulak kal\u0131b\u0131n\u0131n fonksiyonlar\u0131:<\/strong><\/p>\n<ul>\n<li>Sesi kulak zar\u0131na iletmek.<\/li>\n<li>\u0130stenmeyen \u0131sl\u0131k- feedback sesini \u00f6nlemek.<\/li>\n<li>\u0130\u015fitme cihaz\u0131n\u0131n kulaktan \u00e7\u0131k\u0131p d\u00fc\u015fmesine mani olmakt\u0131r.<\/li>\n<\/ul>\n<p>\u00d6zel kulak kal\u0131b\u0131 \u00e7ocuklarda geli\u015fmeye ba\u011fl\u0131 olarak 6 ay , 1 sene i\u00e7inde, yeti\u015fkinlerde ise normal \u015fartlarda maksimum 1-2 sene i\u00e7inde yenilenmektedir. \u00d6zel kal\u0131b\u0131n en \u00f6nemli faydas\u0131 elektronik olarak i\u015fitme kayb\u0131na g\u00f6re se\u00e7imi yap\u0131lan i\u015fitme cihaz\u0131n\u0131n sa\u011flad\u0131\u011f\u0131 sesi, akustik olarak kula\u011fa iletmesidir. Cihaz\u0131n boynuzundan sonra sesin iletimi \u00f6zel kulak kal\u0131b\u0131nda yap\u0131lacak gerekli modifikasyonlarda sa\u011flan\u0131r. \u00a0\u0130\u015fitme kayb\u0131na g\u00f6re kulak kal\u0131plar\u0131 da de\u011fi\u015fik \u015fekil ve \u00f6zelliklerde yap\u0131l\u0131r. \u00a0Kal\u0131b\u0131n \u015fekli, \u00a0kanalda a\u00e7\u0131lan yolun uzun\/k\u0131sa olmas\u0131, geni\u015fli\u011fi, ventilasyonun hatta hortumun ince\/kal\u0131nl\u0131\u011f\u0131 kula\u011fa ula\u015fan sesin \u00f6zelli\u011fini de\u011fi\u015ftirir.<\/p>\n<p>Ayr\u0131ca, a\u015f\u0131r\u0131 g\u00fcr\u00fclt\u00fc ortamlarda \u00e7al\u0131\u015fanlar, y\u00fcz\u00fcc\u00fcler, kulak zar\u0131 delik veya t\u00fcp tak\u0131lmas\u0131 durumunda kula\u011f\u0131n korunmas\u0131 amac\u0131yla, \u00f6zel \u00f6l\u00e7\u00fc al\u0131narak &#8216;KULAK TIKACI&#8217; veya &#8216;G\u00dcR\u00dcLT\u00dc KES\u0130C\u0130&#8217; olarak da \u00f6zel kulak kal\u0131plar\u0131 yap\u0131lmaktad\u0131r.<\/p>\n<p><strong>\u00d6zel Kal\u0131b\u0131n Kula\u011fa Tak\u0131lmas\u0131:<\/strong><br \/>\nKal\u0131p Temizli\u011fi:<br \/>\n\u2022\u00a0\u00a0 \u00a0\u00d6zel kulak kal\u0131b\u0131n\u0131 gerek sa\u011fl\u0131k (hijyen, temizlik) gerekse seslerin iyi duyulmas\u0131 ac\u0131s\u0131ndan daimi temiz tutunuz.<br \/>\n\u2022\u00a0\u00a0 \u00a0Kal\u0131b\u0131n hortumu sarar\u0131p sertle\u015ftik\u00e7e de\u011fi\u015ftiriniz.<br \/>\n\u2022\u00a0\u00a0 \u00a0Kal\u0131p temizleme i\u00e7in gerekli malzemeyi, merkezlerimizden temin edebilirsiniz.<br \/>\n\u2022\u00a0\u00a0 \u00a0Ya\u015fa, kilo al\u0131p-verme gibi nedenlere ba\u011fl\u0131 olarak kal\u0131plar\u0131n 6 ay ile 1 sene aras\u0131nda yenilenmesi gerekir.<\/p>\n<p>Kulak kal\u0131b\u0131 temizli\u011fi\/hijyen i\u00e7in gerekli olan malzemeleri temin l\u00fctfen dan\u0131\u015f\u0131n\u0131z. Sesin rahat duyulmas\u0131n\u0131 sa\u011flamak i\u00e7in, kal\u0131b\u0131n kulak kirinden t\u0131kanmas\u0131n\u0131 \u00f6nlemek ve hijyen i\u00e7in temizli\u011fin en az haftada bir kez yap\u0131lmas\u0131 gereklidir.<\/p>\n<\/div>\n<\/div>\n<\/div>\n<\/div>\n<\/div>\n<\/div>\n<\/div>\n<\/div>\n<\/div>\n<\/div>\n<\/div>\n<\/div>\n","protected":false},"excerpt":{"rendered":"<p>\u0130\u015fitme Cihaz\u0131 Kulak Kal\u0131plar\u0131 \u0130\u015fitme kayb\u0131na g\u00f6re se\u00e7ilen ve ayarlanan sesin, i\u015fitme cihaz\u0131ndan kulak zar\u0131na kadar istenilen \u015fekilde iletilmesi ancak akustik olarak do\u011fru yap\u0131lm\u0131\u015f bir \u00d6ZEL KALIP ile m\u00fcmk\u00fcnd\u00fcr. \u00d6zel kulak kal\u0131b\u0131; i\u015fitme cihaz\u0131na modeline, i\u015fitme kay\u0131p derecesine, tipine, kulac\u0131n\u0131n ya\u015f\u0131 v.b. etkenlere ba\u011fl\u0131 olarak, \u2022\u00a0\u00a0 \u00a0Sert \u2022\u00a0\u00a0 \u00a0Yumu\u015fak \u2022\u00a0\u00a0 \u00a0Yumu\u015fak + Sert \u2022\u00a0\u00a0 \u00a0Biopar [&hellip;]<\/p>\n","protected":false},"featured_media":6594,"comment_status":"open","ping_status":"closed","template":"","meta":[],"product_brand":[],"product_cat":[1177],"product_tag":[1188,1189,1190,1180,1179,1183,1184,1187,1185,1186,1181,1191,1178,1182],"class_list":{"0":"post-6593","1":"product","2":"type-product","3":"status-publish","4":"has-post-thumbnail","6":"product_cat-isitme-cihazi-yardimci-urunler","7":"product_tag-13-numara-isitme-cihazi-pili","8":"product_tag-312-numara-isitme-cihazi-pili","9":"product_tag-675-numara-isitme-cihazi-pili","10":"product_tag-isitme","11":"product_tag-isitme-cihazi","12":"product_tag-isitme-cihazi-pil","13":"product_tag-isitme-cihazi-tarak","14":"product_tag-isitme-cihazi-filtresi","15":"product_tag-isitme-cihazi-kulak-kaliplari","16":"product_tag-isitme-cihazi-nem-alma-tabletleri","17":"product_tag-isitme-uygulama","18":"product_tag-kulak-tikaclari","19":"product_tag-pil","20":"product_tag-uygulama-merkezi-isitme","22":"first","23":"outofstock","24":"taxable","25":"shipping-taxable","26":"product-type-simple"},"yoast_head":"<!-- This site is optimized with the Yoast SEO plugin v27.4 - https:\/\/yoast.com\/product\/yoast-seo-wordpress\/ -->\n<title>\u0130\u015fitme Cihaz\u0131 Kulak Kal\u0131plar\u0131 - \u0130ntegra Medikal | | Ma\u011faza<\/title>\n<meta name=\"description\" content=\"\u0130\u015fitme Cihaz\u0131 Kulak Kal\u0131plar\u0131 \u0130\u015fitme kayb\u0131na g\u00f6re se\u00e7ilen ve ayarlanan sesin, i\u015fitme cihaz\u0131ndan kulak zar\u0131na kadar istenilen \u015fekilde iletilmesi ancak akustik olarak do\u011fru yap\u0131lm\u0131\u015f bir \u00d6ZEL KALIP ile m\u00fcmk\u00fcnd\u00fcr. \u00d6zel kulak kal\u0131b\u0131; i\u015fitme cihaz\u0131na modeline, i\u015fitme kay\u0131p derecesine, tipine, kulac\u0131n\u0131n ya\u015f\u0131 v.b. etkenlere ba\u011fl\u0131 olarak,\u2022\u00a0\u00a0 \u00a0Sert\u2022\u00a0\u00a0 \u00a0Yumu\u015fak\u2022\u00a0\u00a0 \u00a0Yumu\u015fak + Sert\u2022\u00a0\u00a0 \u00a0Biopar (Yumu\u015fak)gibi de\u011fi\u015fik malzeme, \u015fekil ve renkte yap\u0131labilir.\" \/>\n<meta name=\"robots\" content=\"index, follow, max-snippet:-1, max-image-preview:large, max-video-preview:-1\" \/>\n<link rel=\"canonical\" href=\"https:\/\/integramedikal.com\/magaza\/urun\/isitme-cihazi-kulak-kaliplari-100-orijinal\/\" \/>\n<meta property=\"og:locale\" content=\"tr_TR\" \/>\n<meta property=\"og:type\" content=\"article\" \/>\n<meta property=\"og:title\" content=\"\u0130\u015fitme Cihaz\u0131 Kulak Kal\u0131plar\u0131 - \u0130ntegra Medikal | | Ma\u011faza\" \/>\n<meta property=\"og:description\" content=\"\u0130\u015fitme Cihaz\u0131 Kulak Kal\u0131plar\u0131 \u0130\u015fitme kayb\u0131na g\u00f6re se\u00e7ilen ve ayarlanan sesin, i\u015fitme cihaz\u0131ndan kulak zar\u0131na kadar istenilen \u015fekilde iletilmesi ancak akustik olarak do\u011fru yap\u0131lm\u0131\u015f bir \u00d6ZEL KALIP ile m\u00fcmk\u00fcnd\u00fcr. \u00d6zel kulak kal\u0131b\u0131; i\u015fitme cihaz\u0131na modeline, i\u015fitme kay\u0131p derecesine, tipine, kulac\u0131n\u0131n ya\u015f\u0131 v.b. etkenlere ba\u011fl\u0131 olarak,\u2022\u00a0\u00a0 \u00a0Sert\u2022\u00a0\u00a0 \u00a0Yumu\u015fak\u2022\u00a0\u00a0 \u00a0Yumu\u015fak + Sert\u2022\u00a0\u00a0 \u00a0Biopar (Yumu\u015fak)gibi de\u011fi\u015fik malzeme, \u015fekil ve renkte yap\u0131labilir.\" \/>\n<meta property=\"og:url\" content=\"https:\/\/integramedikal.com\/magaza\/urun\/isitme-cihazi-kulak-kaliplari-100-orijinal\/\" \/>\n<meta property=\"og:site_name\" content=\"\u0130ntegra Medikal | | Ma\u011faza\" \/>\n<meta property=\"article:publisher\" content=\"https:\/\/www.facebook.com\/integramedikal1\" \/>\n<meta property=\"article:modified_time\" content=\"2026-02-13T18:29:11+00:00\" \/>\n<meta property=\"og:image\" content=\"https:\/\/integramedikal.com\/magaza\/wp-content\/uploads\/2026\/02\/Isitme-Cihazi-Kulak-Kaliplari-.jpg\" \/>\n\t<meta property=\"og:image:width\" content=\"800\" \/>\n\t<meta property=\"og:image:height\" content=\"600\" \/>\n\t<meta property=\"og:image:type\" content=\"image\/jpeg\" \/>\n<meta name=\"twitter:card\" content=\"summary_large_image\" \/>\n<meta name=\"twitter:site\" content=\"@integramedikal\" \/>\n<meta name=\"twitter:label1\" content=\"Tahmini okuma s\u00fcresi\" \/>\n\t<meta name=\"twitter:data1\" content=\"2 dakika\" \/>\n<script type=\"application\/ld+json\" class=\"yoast-schema-graph\">{\"@context\":\"https:\\\/\\\/schema.org\",\"@graph\":[{\"@type\":\"WebPage\",\"@id\":\"https:\\\/\\\/integramedikal.com\\\/magaza\\\/urun\\\/isitme-cihazi-kulak-kaliplari-100-orijinal\\\/\",\"url\":\"https:\\\/\\\/integramedikal.com\\\/magaza\\\/urun\\\/isitme-cihazi-kulak-kaliplari-100-orijinal\\\/\",\"name\":\"\u0130\u015fitme Cihaz\u0131 Kulak Kal\u0131plar\u0131 - \u0130ntegra Medikal | | Ma\u011faza\",\"isPartOf\":{\"@id\":\"https:\\\/\\\/integramedikal.com\\\/magaza\\\/#website\"},\"primaryImageOfPage\":{\"@id\":\"https:\\\/\\\/integramedikal.com\\\/magaza\\\/urun\\\/isitme-cihazi-kulak-kaliplari-100-orijinal\\\/#primaryimage\"},\"image\":{\"@id\":\"https:\\\/\\\/integramedikal.com\\\/magaza\\\/urun\\\/isitme-cihazi-kulak-kaliplari-100-orijinal\\\/#primaryimage\"},\"thumbnailUrl\":\"https:\\\/\\\/integramedikal.com\\\/magaza\\\/wp-content\\\/uploads\\\/2026\\\/02\\\/Isitme-Cihazi-Kulak-Kaliplari-.jpg\",\"datePublished\":\"2026-02-13T18:24:58+00:00\",\"dateModified\":\"2026-02-13T18:29:11+00:00\",\"description\":\"\u0130\u015fitme Cihaz\u0131 Kulak Kal\u0131plar\u0131 \u0130\u015fitme kayb\u0131na g\u00f6re se\u00e7ilen ve ayarlanan sesin, i\u015fitme cihaz\u0131ndan kulak zar\u0131na kadar istenilen \u015fekilde iletilmesi ancak akustik olarak do\u011fru yap\u0131lm\u0131\u015f bir \u00d6ZEL KALIP ile m\u00fcmk\u00fcnd\u00fcr. \u00d6zel kulak kal\u0131b\u0131; i\u015fitme cihaz\u0131na modeline, i\u015fitme kay\u0131p derecesine, tipine, kulac\u0131n\u0131n ya\u015f\u0131 v.b. etkenlere ba\u011fl\u0131 olarak,\u2022\u00a0\u00a0 \u00a0Sert\u2022\u00a0\u00a0 \u00a0Yumu\u015fak\u2022\u00a0\u00a0 \u00a0Yumu\u015fak + Sert\u2022\u00a0\u00a0 \u00a0Biopar (Yumu\u015fak)gibi de\u011fi\u015fik malzeme, \u015fekil ve renkte yap\u0131labilir.\",\"breadcrumb\":{\"@id\":\"https:\\\/\\\/integramedikal.com\\\/magaza\\\/urun\\\/isitme-cihazi-kulak-kaliplari-100-orijinal\\\/#breadcrumb\"},\"inLanguage\":\"tr\",\"potentialAction\":[{\"@type\":\"ReadAction\",\"target\":[\"https:\\\/\\\/integramedikal.com\\\/magaza\\\/urun\\\/isitme-cihazi-kulak-kaliplari-100-orijinal\\\/\"]}]},{\"@type\":\"ImageObject\",\"inLanguage\":\"tr\",\"@id\":\"https:\\\/\\\/integramedikal.com\\\/magaza\\\/urun\\\/isitme-cihazi-kulak-kaliplari-100-orijinal\\\/#primaryimage\",\"url\":\"https:\\\/\\\/integramedikal.com\\\/magaza\\\/wp-content\\\/uploads\\\/2026\\\/02\\\/Isitme-Cihazi-Kulak-Kaliplari-.jpg\",\"contentUrl\":\"https:\\\/\\\/integramedikal.com\\\/magaza\\\/wp-content\\\/uploads\\\/2026\\\/02\\\/Isitme-Cihazi-Kulak-Kaliplari-.jpg\",\"width\":800,\"height\":600},{\"@type\":\"BreadcrumbList\",\"@id\":\"https:\\\/\\\/integramedikal.com\\\/magaza\\\/urun\\\/isitme-cihazi-kulak-kaliplari-100-orijinal\\\/#breadcrumb\",\"itemListElement\":[{\"@type\":\"ListItem\",\"position\":1,\"name\":\"Anasayfa\",\"item\":\"https:\\\/\\\/integramedikal.com\\\/magaza\\\/anasayfa\\\/\"},{\"@type\":\"ListItem\",\"position\":2,\"name\":\"Shop\",\"item\":\"https:\\\/\\\/integramedikal.com\\\/magaza\\\/shop\\\/\"},{\"@type\":\"ListItem\",\"position\":3,\"name\":\"\u0130\u015fitme Cihaz\u0131 Kulak Kal\u0131plar\u0131\"}]},{\"@type\":\"WebSite\",\"@id\":\"https:\\\/\\\/integramedikal.com\\\/magaza\\\/#website\",\"url\":\"https:\\\/\\\/integramedikal.com\\\/magaza\\\/\",\"name\":\"\u0130ntegra Medikal < | | >Ma\u011faza\",\"description\":\"Sa\u011fl\u0131kta Kalite | Sekt\u00f6rde 25. Y\u0131l\",\"publisher\":{\"@id\":\"https:\\\/\\\/integramedikal.com\\\/magaza\\\/#organization\"},\"potentialAction\":[{\"@type\":\"SearchAction\",\"target\":{\"@type\":\"EntryPoint\",\"urlTemplate\":\"https:\\\/\\\/integramedikal.com\\\/magaza\\\/?s={search_term_string}\"},\"query-input\":{\"@type\":\"PropertyValueSpecification\",\"valueRequired\":true,\"valueName\":\"search_term_string\"}}],\"inLanguage\":\"tr\"},{\"@type\":\"Organization\",\"@id\":\"https:\\\/\\\/integramedikal.com\\\/magaza\\\/#organization\",\"name\":\"\u0130ntegra Medikal < | | >Ma\u011faza\",\"url\":\"https:\\\/\\\/integramedikal.com\\\/magaza\\\/\",\"logo\":{\"@type\":\"ImageObject\",\"inLanguage\":\"tr\",\"@id\":\"https:\\\/\\\/integramedikal.com\\\/magaza\\\/#\\\/schema\\\/logo\\\/image\\\/\",\"url\":\"https:\\\/\\\/integramedikal.com\\\/magaza\\\/wp-content\\\/uploads\\\/2025\\\/06\\\/integra-logo-1.png\",\"contentUrl\":\"https:\\\/\\\/integramedikal.com\\\/magaza\\\/wp-content\\\/uploads\\\/2025\\\/06\\\/integra-logo-1.png\",\"width\":340,\"height\":156,\"caption\":\"\u0130ntegra Medikal < | | >Ma\u011faza\"},\"image\":{\"@id\":\"https:\\\/\\\/integramedikal.com\\\/magaza\\\/#\\\/schema\\\/logo\\\/image\\\/\"},\"sameAs\":[\"https:\\\/\\\/www.facebook.com\\\/integramedikal1\",\"https:\\\/\\\/x.com\\\/integramedikal\",\"https:\\\/\\\/www.instagram.com\\\/integramedikal\\\/\",\"https:\\\/\\\/www.youtube.com\\\/user\\\/integramedikal\"]}]}<\/script>\n<!-- \/ Yoast SEO plugin. -->","yoast_head_json":{"title":"\u0130\u015fitme Cihaz\u0131 Kulak Kal\u0131plar\u0131 - \u0130ntegra Medikal | | Ma\u011faza","description":"\u0130\u015fitme Cihaz\u0131 Kulak Kal\u0131plar\u0131 \u0130\u015fitme kayb\u0131na g\u00f6re se\u00e7ilen ve ayarlanan sesin, i\u015fitme cihaz\u0131ndan kulak zar\u0131na kadar istenilen \u015fekilde iletilmesi ancak akustik olarak do\u011fru yap\u0131lm\u0131\u015f bir \u00d6ZEL KALIP ile m\u00fcmk\u00fcnd\u00fcr. \u00d6zel kulak kal\u0131b\u0131; i\u015fitme cihaz\u0131na modeline, i\u015fitme kay\u0131p derecesine, tipine, kulac\u0131n\u0131n ya\u015f\u0131 v.b. etkenlere ba\u011fl\u0131 olarak,\u2022\u00a0\u00a0 \u00a0Sert\u2022\u00a0\u00a0 \u00a0Yumu\u015fak\u2022\u00a0\u00a0 \u00a0Yumu\u015fak + Sert\u2022\u00a0\u00a0 \u00a0Biopar (Yumu\u015fak)gibi de\u011fi\u015fik malzeme, \u015fekil ve renkte yap\u0131labilir.","robots":{"index":"index","follow":"follow","max-snippet":"max-snippet:-1","max-image-preview":"max-image-preview:large","max-video-preview":"max-video-preview:-1"},"canonical":"https:\/\/integramedikal.com\/magaza\/urun\/isitme-cihazi-kulak-kaliplari-100-orijinal\/","og_locale":"tr_TR","og_type":"article","og_title":"\u0130\u015fitme Cihaz\u0131 Kulak Kal\u0131plar\u0131 - \u0130ntegra Medikal | | Ma\u011faza","og_description":"\u0130\u015fitme Cihaz\u0131 Kulak Kal\u0131plar\u0131 \u0130\u015fitme kayb\u0131na g\u00f6re se\u00e7ilen ve ayarlanan sesin, i\u015fitme cihaz\u0131ndan kulak zar\u0131na kadar istenilen \u015fekilde iletilmesi ancak akustik olarak do\u011fru yap\u0131lm\u0131\u015f bir \u00d6ZEL KALIP ile m\u00fcmk\u00fcnd\u00fcr. \u00d6zel kulak kal\u0131b\u0131; i\u015fitme cihaz\u0131na modeline, i\u015fitme kay\u0131p derecesine, tipine, kulac\u0131n\u0131n ya\u015f\u0131 v.b. etkenlere ba\u011fl\u0131 olarak,\u2022\u00a0\u00a0 \u00a0Sert\u2022\u00a0\u00a0 \u00a0Yumu\u015fak\u2022\u00a0\u00a0 \u00a0Yumu\u015fak + Sert\u2022\u00a0\u00a0 \u00a0Biopar (Yumu\u015fak)gibi de\u011fi\u015fik malzeme, \u015fekil ve renkte yap\u0131labilir.","og_url":"https:\/\/integramedikal.com\/magaza\/urun\/isitme-cihazi-kulak-kaliplari-100-orijinal\/","og_site_name":"\u0130ntegra Medikal | | Ma\u011faza","article_publisher":"https:\/\/www.facebook.com\/integramedikal1","article_modified_time":"2026-02-13T18:29:11+00:00","og_image":[{"width":800,"height":600,"url":"https:\/\/integramedikal.com\/magaza\/wp-content\/uploads\/2026\/02\/Isitme-Cihazi-Kulak-Kaliplari-.jpg","type":"image\/jpeg"}],"twitter_card":"summary_large_image","twitter_site":"@integramedikal","twitter_misc":{"Tahmini okuma s\u00fcresi":"2 dakika"},"schema":{"@context":"https:\/\/schema.org","@graph":[{"@type":"WebPage","@id":"https:\/\/integramedikal.com\/magaza\/urun\/isitme-cihazi-kulak-kaliplari-100-orijinal\/","url":"https:\/\/integramedikal.com\/magaza\/urun\/isitme-cihazi-kulak-kaliplari-100-orijinal\/","name":"\u0130\u015fitme Cihaz\u0131 Kulak Kal\u0131plar\u0131 - \u0130ntegra Medikal | | Ma\u011faza","isPartOf":{"@id":"https:\/\/integramedikal.com\/magaza\/#website"},"primaryImageOfPage":{"@id":"https:\/\/integramedikal.com\/magaza\/urun\/isitme-cihazi-kulak-kaliplari-100-orijinal\/#primaryimage"},"image":{"@id":"https:\/\/integramedikal.com\/magaza\/urun\/isitme-cihazi-kulak-kaliplari-100-orijinal\/#primaryimage"},"thumbnailUrl":"https:\/\/integramedikal.com\/magaza\/wp-content\/uploads\/2026\/02\/Isitme-Cihazi-Kulak-Kaliplari-.jpg","datePublished":"2026-02-13T18:24:58+00:00","dateModified":"2026-02-13T18:29:11+00:00","description":"\u0130\u015fitme Cihaz\u0131 Kulak Kal\u0131plar\u0131 \u0130\u015fitme kayb\u0131na g\u00f6re se\u00e7ilen ve ayarlanan sesin, i\u015fitme cihaz\u0131ndan kulak zar\u0131na kadar istenilen \u015fekilde iletilmesi ancak akustik olarak do\u011fru yap\u0131lm\u0131\u015f bir \u00d6ZEL KALIP ile m\u00fcmk\u00fcnd\u00fcr. \u00d6zel kulak kal\u0131b\u0131; i\u015fitme cihaz\u0131na modeline, i\u015fitme kay\u0131p derecesine, tipine, kulac\u0131n\u0131n ya\u015f\u0131 v.b. etkenlere ba\u011fl\u0131 olarak,\u2022\u00a0\u00a0 \u00a0Sert\u2022\u00a0\u00a0 \u00a0Yumu\u015fak\u2022\u00a0\u00a0 \u00a0Yumu\u015fak + Sert\u2022\u00a0\u00a0 \u00a0Biopar (Yumu\u015fak)gibi de\u011fi\u015fik malzeme, \u015fekil ve renkte yap\u0131labilir.","breadcrumb":{"@id":"https:\/\/integramedikal.com\/magaza\/urun\/isitme-cihazi-kulak-kaliplari-100-orijinal\/#breadcrumb"},"inLanguage":"tr","potentialAction":[{"@type":"ReadAction","target":["https:\/\/integramedikal.com\/magaza\/urun\/isitme-cihazi-kulak-kaliplari-100-orijinal\/"]}]},{"@type":"ImageObject","inLanguage":"tr","@id":"https:\/\/integramedikal.com\/magaza\/urun\/isitme-cihazi-kulak-kaliplari-100-orijinal\/#primaryimage","url":"https:\/\/integramedikal.com\/magaza\/wp-content\/uploads\/2026\/02\/Isitme-Cihazi-Kulak-Kaliplari-.jpg","contentUrl":"https:\/\/integramedikal.com\/magaza\/wp-content\/uploads\/2026\/02\/Isitme-Cihazi-Kulak-Kaliplari-.jpg","width":800,"height":600},{"@type":"BreadcrumbList","@id":"https:\/\/integramedikal.com\/magaza\/urun\/isitme-cihazi-kulak-kaliplari-100-orijinal\/#breadcrumb","itemListElement":[{"@type":"ListItem","position":1,"name":"Anasayfa","item":"https:\/\/integramedikal.com\/magaza\/anasayfa\/"},{"@type":"ListItem","position":2,"name":"Shop","item":"https:\/\/integramedikal.com\/magaza\/shop\/"},{"@type":"ListItem","position":3,"name":"\u0130\u015fitme Cihaz\u0131 Kulak Kal\u0131plar\u0131"}]},{"@type":"WebSite","@id":"https:\/\/integramedikal.com\/magaza\/#website","url":"https:\/\/integramedikal.com\/magaza\/","name":"\u0130ntegra Medikal < | | >Ma\u011faza","description":"Sa\u011fl\u0131kta Kalite | Sekt\u00f6rde 25. Y\u0131l","publisher":{"@id":"https:\/\/integramedikal.com\/magaza\/#organization"},"potentialAction":[{"@type":"SearchAction","target":{"@type":"EntryPoint","urlTemplate":"https:\/\/integramedikal.com\/magaza\/?s={search_term_string}"},"query-input":{"@type":"PropertyValueSpecification","valueRequired":true,"valueName":"search_term_string"}}],"inLanguage":"tr"},{"@type":"Organization","@id":"https:\/\/integramedikal.com\/magaza\/#organization","name":"\u0130ntegra Medikal < | | >Ma\u011faza","url":"https:\/\/integramedikal.com\/magaza\/","logo":{"@type":"ImageObject","inLanguage":"tr","@id":"https:\/\/integramedikal.com\/magaza\/#\/schema\/logo\/image\/","url":"https:\/\/integramedikal.com\/magaza\/wp-content\/uploads\/2025\/06\/integra-logo-1.png","contentUrl":"https:\/\/integramedikal.com\/magaza\/wp-content\/uploads\/2025\/06\/integra-logo-1.png","width":340,"height":156,"caption":"\u0130ntegra Medikal < | | >Ma\u011faza"},"image":{"@id":"https:\/\/integramedikal.com\/magaza\/#\/schema\/logo\/image\/"},"sameAs":["https:\/\/www.facebook.com\/integramedikal1","https:\/\/x.com\/integramedikal","https:\/\/www.instagram.com\/integramedikal\/","https:\/\/www.youtube.com\/user\/integramedikal"]}]}},"_links":{"self":[{"href":"https:\/\/integramedikal.com\/magaza\/wp-json\/wp\/v2\/product\/6593","targetHints":{"allow":["GET"]}}],"collection":[{"href":"https:\/\/integramedikal.com\/magaza\/wp-json\/wp\/v2\/product"}],"about":[{"href":"https:\/\/integramedikal.com\/magaza\/wp-json\/wp\/v2\/types\/product"}],"replies":[{"embeddable":true,"href":"https:\/\/integramedikal.com\/magaza\/wp-json\/wp\/v2\/comments?post=6593"}],"wp:featuredmedia":[{"embeddable":true,"href":"https:\/\/integramedikal.com\/magaza\/wp-json\/wp\/v2\/media\/6594"}],"wp:attachment":[{"href":"https:\/\/integramedikal.com\/magaza\/wp-json\/wp\/v2\/media?parent=6593"}],"wp:term":[{"taxonomy":"product_brand","embeddable":true,"href":"https:\/\/integramedikal.com\/magaza\/wp-json\/wp\/v2\/product_brand?post=6593"},{"taxonomy":"product_cat","embeddable":true,"href":"https:\/\/integramedikal.com\/magaza\/wp-json\/wp\/v2\/product_cat?post=6593"},{"taxonomy":"product_tag","embeddable":true,"href":"https:\/\/integramedikal.com\/magaza\/wp-json\/wp\/v2\/product_tag?post=6593"}],"curies":[{"name":"wp","href":"https:\/\/api.w.org\/{rel}","templated":true}]}}