{"id":6587,"date":"2026-02-13T21:18:48","date_gmt":"2026-02-13T18:18:48","guid":{"rendered":"https:\/\/integramedikal.com\/magaza\/?post_type=product&#038;p=6587"},"modified":"2026-02-13T22:08:03","modified_gmt":"2026-02-13T19:08:03","slug":"isitme-cihazi-filtresi","status":"publish","type":"product","link":"https:\/\/integramedikal.com\/magaza\/urun\/isitme-cihazi-filtresi\/","title":{"rendered":"\u0130\u015fitme Cihaz\u0131 Filtresi"},"content":{"rendered":"<div class=\"iceriktext\">\n<div class=\"iceriktext\">\n<div class=\"iceriktext\">\n<div class=\"altbaslik\">\n<div class=\"altbaslik\"><strong>\u0130\u015fitme Cihaz\u0131 Filtresi<\/strong><\/div>\n<div class=\"iceriktext\">\n<p>Kulak i\u00e7i ve kulak arkas\u0131 i\u015fitme cihaz\u0131 filtrelerini i\u015fitme merkezimizden temin edebilirsiniz.<\/p>\n<p>Kulak kiri i\u015fitme cihaz\u0131 filtresini t\u0131kayabilir ve buda duyman\u0131z\u0131 etkileyebilir.<\/p>\n<p>Daha net duymak i\u00e7in i\u015fitme cihaz\u0131 filtrelerini \u00fc\u00e7 ayda bir de\u011fi\u015ftirmeyi unutmay\u0131n<\/p>\n<\/div>\n<\/div>\n<\/div>\n<\/div>\n<\/div>\n","protected":false},"excerpt":{"rendered":"<p>\u0130\u015fitme Cihaz\u0131 Filtresi Kulak i\u00e7i ve kulak arkas\u0131 i\u015fitme cihaz\u0131 filtrelerini i\u015fitme merkezimizden temin edebilirsiniz. Kulak kiri i\u015fitme cihaz\u0131 filtresini t\u0131kayabilir ve buda duyman\u0131z\u0131 etkileyebilir. Daha net duymak i\u00e7in i\u015fitme cihaz\u0131 filtrelerini \u00fc\u00e7 ayda bir de\u011fi\u015ftirmeyi unutmay\u0131n<\/p>\n","protected":false},"featured_media":6588,"comment_status":"open","ping_status":"closed","template":"","meta":[],"product_brand":[],"product_cat":[1177],"product_tag":[1188,1189,1190,1180,1179,1183,1184,1187,1185,1186,1181,1191,1178,1182],"class_list":{"0":"post-6587","1":"product","2":"type-product","3":"status-publish","4":"has-post-thumbnail","6":"product_cat-isitme-cihazi-yardimci-urunler","7":"product_tag-13-numara-isitme-cihazi-pili","8":"product_tag-312-numara-isitme-cihazi-pili","9":"product_tag-675-numara-isitme-cihazi-pili","10":"product_tag-isitme","11":"product_tag-isitme-cihazi","12":"product_tag-isitme-cihazi-pil","13":"product_tag-isitme-cihazi-tarak","14":"product_tag-isitme-cihazi-filtresi","15":"product_tag-isitme-cihazi-kulak-kaliplari","16":"product_tag-isitme-cihazi-nem-alma-tabletleri","17":"product_tag-isitme-uygulama","18":"product_tag-kulak-tikaclari","19":"product_tag-pil","20":"product_tag-uygulama-merkezi-isitme","22":"first","23":"instock","24":"taxable","25":"shipping-taxable","26":"purchasable","27":"product-type-simple"},"yoast_head":"<!-- This site is optimized with the Yoast SEO plugin v27.4 - https:\/\/yoast.com\/product\/yoast-seo-wordpress\/ -->\n<title>\u0130\u015fitme Cihaz\u0131 Filtresi - \u0130ntegra Medikal | | Ma\u011faza<\/title>\n<meta name=\"description\" content=\"\u0130\u015fitme Cihaz\u0131 FiltresiKulak i\u00e7i ve kulak arkas\u0131 i\u015fitme cihaz\u0131 filtrelerini i\u015fitme merkezimizden temin edebilirsiniz.Kulak kiri i\u015fitme cihaz\u0131 filtresini t\u0131kayabilir ve buda duyman\u0131z\u0131 etkileyebilir.Daha net duymak i\u00e7in i\u015fitme cihaz\u0131 filtrelerini \u00fc\u00e7 ayda bir de\u011fi\u015ftirmeyi unutmay\u0131n\" \/>\n<meta name=\"robots\" content=\"index, follow, max-snippet:-1, max-image-preview:large, max-video-preview:-1\" \/>\n<link rel=\"canonical\" href=\"https:\/\/integramedikal.com\/magaza\/urun\/isitme-cihazi-filtresi\/\" \/>\n<meta property=\"og:locale\" content=\"tr_TR\" \/>\n<meta property=\"og:type\" content=\"article\" \/>\n<meta property=\"og:title\" content=\"\u0130\u015fitme Cihaz\u0131 Filtresi - \u0130ntegra Medikal | | Ma\u011faza\" \/>\n<meta property=\"og:description\" content=\"\u0130\u015fitme Cihaz\u0131 FiltresiKulak i\u00e7i ve kulak arkas\u0131 i\u015fitme cihaz\u0131 filtrelerini i\u015fitme merkezimizden temin edebilirsiniz.Kulak kiri i\u015fitme cihaz\u0131 filtresini t\u0131kayabilir ve buda duyman\u0131z\u0131 etkileyebilir.Daha net duymak i\u00e7in i\u015fitme cihaz\u0131 filtrelerini \u00fc\u00e7 ayda bir de\u011fi\u015ftirmeyi unutmay\u0131n\" \/>\n<meta property=\"og:url\" content=\"https:\/\/integramedikal.com\/magaza\/urun\/isitme-cihazi-filtresi\/\" \/>\n<meta property=\"og:site_name\" content=\"\u0130ntegra Medikal | | Ma\u011faza\" \/>\n<meta property=\"article:publisher\" content=\"https:\/\/www.facebook.com\/integramedikal1\" \/>\n<meta property=\"article:modified_time\" content=\"2026-02-13T19:08:03+00:00\" \/>\n<meta property=\"og:image\" content=\"https:\/\/integramedikal.com\/magaza\/wp-content\/uploads\/2026\/02\/Isitme-Cihazi-Filtresi-.jpg\" \/>\n\t<meta property=\"og:image:width\" content=\"800\" \/>\n\t<meta property=\"og:image:height\" content=\"600\" \/>\n\t<meta property=\"og:image:type\" content=\"image\/jpeg\" \/>\n<meta name=\"twitter:card\" content=\"summary_large_image\" \/>\n<meta name=\"twitter:site\" content=\"@integramedikal\" \/>\n<meta name=\"twitter:label1\" content=\"Tahmini okuma s\u00fcresi\" \/>\n\t<meta name=\"twitter:data1\" content=\"1 dakika\" \/>\n<script type=\"application\/ld+json\" class=\"yoast-schema-graph\">{\"@context\":\"https:\\\/\\\/schema.org\",\"@graph\":[{\"@type\":\"WebPage\",\"@id\":\"https:\\\/\\\/integramedikal.com\\\/magaza\\\/urun\\\/isitme-cihazi-filtresi\\\/\",\"url\":\"https:\\\/\\\/integramedikal.com\\\/magaza\\\/urun\\\/isitme-cihazi-filtresi\\\/\",\"name\":\"\u0130\u015fitme Cihaz\u0131 Filtresi - \u0130ntegra Medikal | | Ma\u011faza\",\"isPartOf\":{\"@id\":\"https:\\\/\\\/integramedikal.com\\\/magaza\\\/#website\"},\"primaryImageOfPage\":{\"@id\":\"https:\\\/\\\/integramedikal.com\\\/magaza\\\/urun\\\/isitme-cihazi-filtresi\\\/#primaryimage\"},\"image\":{\"@id\":\"https:\\\/\\\/integramedikal.com\\\/magaza\\\/urun\\\/isitme-cihazi-filtresi\\\/#primaryimage\"},\"thumbnailUrl\":\"https:\\\/\\\/integramedikal.com\\\/magaza\\\/wp-content\\\/uploads\\\/2026\\\/02\\\/Isitme-Cihazi-Filtresi-.jpg\",\"datePublished\":\"2026-02-13T18:18:48+00:00\",\"dateModified\":\"2026-02-13T19:08:03+00:00\",\"description\":\"\u0130\u015fitme Cihaz\u0131 FiltresiKulak i\u00e7i ve kulak arkas\u0131 i\u015fitme cihaz\u0131 filtrelerini i\u015fitme merkezimizden temin edebilirsiniz.Kulak kiri i\u015fitme cihaz\u0131 filtresini t\u0131kayabilir ve buda duyman\u0131z\u0131 etkileyebilir.Daha net duymak i\u00e7in i\u015fitme cihaz\u0131 filtrelerini \u00fc\u00e7 ayda bir de\u011fi\u015ftirmeyi unutmay\u0131n\",\"breadcrumb\":{\"@id\":\"https:\\\/\\\/integramedikal.com\\\/magaza\\\/urun\\\/isitme-cihazi-filtresi\\\/#breadcrumb\"},\"inLanguage\":\"tr\",\"potentialAction\":[{\"@type\":\"ReadAction\",\"target\":[\"https:\\\/\\\/integramedikal.com\\\/magaza\\\/urun\\\/isitme-cihazi-filtresi\\\/\"]}]},{\"@type\":\"ImageObject\",\"inLanguage\":\"tr\",\"@id\":\"https:\\\/\\\/integramedikal.com\\\/magaza\\\/urun\\\/isitme-cihazi-filtresi\\\/#primaryimage\",\"url\":\"https:\\\/\\\/integramedikal.com\\\/magaza\\\/wp-content\\\/uploads\\\/2026\\\/02\\\/Isitme-Cihazi-Filtresi-.jpg\",\"contentUrl\":\"https:\\\/\\\/integramedikal.com\\\/magaza\\\/wp-content\\\/uploads\\\/2026\\\/02\\\/Isitme-Cihazi-Filtresi-.jpg\",\"width\":800,\"height\":600},{\"@type\":\"BreadcrumbList\",\"@id\":\"https:\\\/\\\/integramedikal.com\\\/magaza\\\/urun\\\/isitme-cihazi-filtresi\\\/#breadcrumb\",\"itemListElement\":[{\"@type\":\"ListItem\",\"position\":1,\"name\":\"Anasayfa\",\"item\":\"https:\\\/\\\/integramedikal.com\\\/magaza\\\/anasayfa\\\/\"},{\"@type\":\"ListItem\",\"position\":2,\"name\":\"Shop\",\"item\":\"https:\\\/\\\/integramedikal.com\\\/magaza\\\/shop\\\/\"},{\"@type\":\"ListItem\",\"position\":3,\"name\":\"\u0130\u015fitme Cihaz\u0131 Filtresi\"}]},{\"@type\":\"WebSite\",\"@id\":\"https:\\\/\\\/integramedikal.com\\\/magaza\\\/#website\",\"url\":\"https:\\\/\\\/integramedikal.com\\\/magaza\\\/\",\"name\":\"\u0130ntegra Medikal < | | >Ma\u011faza\",\"description\":\"Sa\u011fl\u0131kta Kalite | Sekt\u00f6rde 25. Y\u0131l\",\"publisher\":{\"@id\":\"https:\\\/\\\/integramedikal.com\\\/magaza\\\/#organization\"},\"potentialAction\":[{\"@type\":\"SearchAction\",\"target\":{\"@type\":\"EntryPoint\",\"urlTemplate\":\"https:\\\/\\\/integramedikal.com\\\/magaza\\\/?s={search_term_string}\"},\"query-input\":{\"@type\":\"PropertyValueSpecification\",\"valueRequired\":true,\"valueName\":\"search_term_string\"}}],\"inLanguage\":\"tr\"},{\"@type\":\"Organization\",\"@id\":\"https:\\\/\\\/integramedikal.com\\\/magaza\\\/#organization\",\"name\":\"\u0130ntegra Medikal < | | >Ma\u011faza\",\"url\":\"https:\\\/\\\/integramedikal.com\\\/magaza\\\/\",\"logo\":{\"@type\":\"ImageObject\",\"inLanguage\":\"tr\",\"@id\":\"https:\\\/\\\/integramedikal.com\\\/magaza\\\/#\\\/schema\\\/logo\\\/image\\\/\",\"url\":\"https:\\\/\\\/integramedikal.com\\\/magaza\\\/wp-content\\\/uploads\\\/2025\\\/06\\\/integra-logo-1.png\",\"contentUrl\":\"https:\\\/\\\/integramedikal.com\\\/magaza\\\/wp-content\\\/uploads\\\/2025\\\/06\\\/integra-logo-1.png\",\"width\":340,\"height\":156,\"caption\":\"\u0130ntegra Medikal < | | >Ma\u011faza\"},\"image\":{\"@id\":\"https:\\\/\\\/integramedikal.com\\\/magaza\\\/#\\\/schema\\\/logo\\\/image\\\/\"},\"sameAs\":[\"https:\\\/\\\/www.facebook.com\\\/integramedikal1\",\"https:\\\/\\\/x.com\\\/integramedikal\",\"https:\\\/\\\/www.instagram.com\\\/integramedikal\\\/\",\"https:\\\/\\\/www.youtube.com\\\/user\\\/integramedikal\"]}]}<\/script>\n<!-- \/ Yoast SEO plugin. -->","yoast_head_json":{"title":"\u0130\u015fitme Cihaz\u0131 Filtresi - \u0130ntegra Medikal | | Ma\u011faza","description":"\u0130\u015fitme Cihaz\u0131 FiltresiKulak i\u00e7i ve kulak arkas\u0131 i\u015fitme cihaz\u0131 filtrelerini i\u015fitme merkezimizden temin edebilirsiniz.Kulak kiri i\u015fitme cihaz\u0131 filtresini t\u0131kayabilir ve buda duyman\u0131z\u0131 etkileyebilir.Daha net duymak i\u00e7in i\u015fitme cihaz\u0131 filtrelerini \u00fc\u00e7 ayda bir de\u011fi\u015ftirmeyi unutmay\u0131n","robots":{"index":"index","follow":"follow","max-snippet":"max-snippet:-1","max-image-preview":"max-image-preview:large","max-video-preview":"max-video-preview:-1"},"canonical":"https:\/\/integramedikal.com\/magaza\/urun\/isitme-cihazi-filtresi\/","og_locale":"tr_TR","og_type":"article","og_title":"\u0130\u015fitme Cihaz\u0131 Filtresi - \u0130ntegra Medikal | | Ma\u011faza","og_description":"\u0130\u015fitme Cihaz\u0131 FiltresiKulak i\u00e7i ve kulak arkas\u0131 i\u015fitme cihaz\u0131 filtrelerini i\u015fitme merkezimizden temin edebilirsiniz.Kulak kiri i\u015fitme cihaz\u0131 filtresini t\u0131kayabilir ve buda duyman\u0131z\u0131 etkileyebilir.Daha net duymak i\u00e7in i\u015fitme cihaz\u0131 filtrelerini \u00fc\u00e7 ayda bir de\u011fi\u015ftirmeyi unutmay\u0131n","og_url":"https:\/\/integramedikal.com\/magaza\/urun\/isitme-cihazi-filtresi\/","og_site_name":"\u0130ntegra Medikal | | Ma\u011faza","article_publisher":"https:\/\/www.facebook.com\/integramedikal1","article_modified_time":"2026-02-13T19:08:03+00:00","og_image":[{"width":800,"height":600,"url":"https:\/\/integramedikal.com\/magaza\/wp-content\/uploads\/2026\/02\/Isitme-Cihazi-Filtresi-.jpg","type":"image\/jpeg"}],"twitter_card":"summary_large_image","twitter_site":"@integramedikal","twitter_misc":{"Tahmini okuma s\u00fcresi":"1 dakika"},"schema":{"@context":"https:\/\/schema.org","@graph":[{"@type":"WebPage","@id":"https:\/\/integramedikal.com\/magaza\/urun\/isitme-cihazi-filtresi\/","url":"https:\/\/integramedikal.com\/magaza\/urun\/isitme-cihazi-filtresi\/","name":"\u0130\u015fitme Cihaz\u0131 Filtresi - \u0130ntegra Medikal | | Ma\u011faza","isPartOf":{"@id":"https:\/\/integramedikal.com\/magaza\/#website"},"primaryImageOfPage":{"@id":"https:\/\/integramedikal.com\/magaza\/urun\/isitme-cihazi-filtresi\/#primaryimage"},"image":{"@id":"https:\/\/integramedikal.com\/magaza\/urun\/isitme-cihazi-filtresi\/#primaryimage"},"thumbnailUrl":"https:\/\/integramedikal.com\/magaza\/wp-content\/uploads\/2026\/02\/Isitme-Cihazi-Filtresi-.jpg","datePublished":"2026-02-13T18:18:48+00:00","dateModified":"2026-02-13T19:08:03+00:00","description":"\u0130\u015fitme Cihaz\u0131 FiltresiKulak i\u00e7i ve kulak arkas\u0131 i\u015fitme cihaz\u0131 filtrelerini i\u015fitme merkezimizden temin edebilirsiniz.Kulak kiri i\u015fitme cihaz\u0131 filtresini t\u0131kayabilir ve buda duyman\u0131z\u0131 etkileyebilir.Daha net duymak i\u00e7in i\u015fitme cihaz\u0131 filtrelerini \u00fc\u00e7 ayda bir de\u011fi\u015ftirmeyi unutmay\u0131n","breadcrumb":{"@id":"https:\/\/integramedikal.com\/magaza\/urun\/isitme-cihazi-filtresi\/#breadcrumb"},"inLanguage":"tr","potentialAction":[{"@type":"ReadAction","target":["https:\/\/integramedikal.com\/magaza\/urun\/isitme-cihazi-filtresi\/"]}]},{"@type":"ImageObject","inLanguage":"tr","@id":"https:\/\/integramedikal.com\/magaza\/urun\/isitme-cihazi-filtresi\/#primaryimage","url":"https:\/\/integramedikal.com\/magaza\/wp-content\/uploads\/2026\/02\/Isitme-Cihazi-Filtresi-.jpg","contentUrl":"https:\/\/integramedikal.com\/magaza\/wp-content\/uploads\/2026\/02\/Isitme-Cihazi-Filtresi-.jpg","width":800,"height":600},{"@type":"BreadcrumbList","@id":"https:\/\/integramedikal.com\/magaza\/urun\/isitme-cihazi-filtresi\/#breadcrumb","itemListElement":[{"@type":"ListItem","position":1,"name":"Anasayfa","item":"https:\/\/integramedikal.com\/magaza\/anasayfa\/"},{"@type":"ListItem","position":2,"name":"Shop","item":"https:\/\/integramedikal.com\/magaza\/shop\/"},{"@type":"ListItem","position":3,"name":"\u0130\u015fitme Cihaz\u0131 Filtresi"}]},{"@type":"WebSite","@id":"https:\/\/integramedikal.com\/magaza\/#website","url":"https:\/\/integramedikal.com\/magaza\/","name":"\u0130ntegra Medikal < | | >Ma\u011faza","description":"Sa\u011fl\u0131kta Kalite | Sekt\u00f6rde 25. Y\u0131l","publisher":{"@id":"https:\/\/integramedikal.com\/magaza\/#organization"},"potentialAction":[{"@type":"SearchAction","target":{"@type":"EntryPoint","urlTemplate":"https:\/\/integramedikal.com\/magaza\/?s={search_term_string}"},"query-input":{"@type":"PropertyValueSpecification","valueRequired":true,"valueName":"search_term_string"}}],"inLanguage":"tr"},{"@type":"Organization","@id":"https:\/\/integramedikal.com\/magaza\/#organization","name":"\u0130ntegra Medikal < | | >Ma\u011faza","url":"https:\/\/integramedikal.com\/magaza\/","logo":{"@type":"ImageObject","inLanguage":"tr","@id":"https:\/\/integramedikal.com\/magaza\/#\/schema\/logo\/image\/","url":"https:\/\/integramedikal.com\/magaza\/wp-content\/uploads\/2025\/06\/integra-logo-1.png","contentUrl":"https:\/\/integramedikal.com\/magaza\/wp-content\/uploads\/2025\/06\/integra-logo-1.png","width":340,"height":156,"caption":"\u0130ntegra Medikal < | | >Ma\u011faza"},"image":{"@id":"https:\/\/integramedikal.com\/magaza\/#\/schema\/logo\/image\/"},"sameAs":["https:\/\/www.facebook.com\/integramedikal1","https:\/\/x.com\/integramedikal","https:\/\/www.instagram.com\/integramedikal\/","https:\/\/www.youtube.com\/user\/integramedikal"]}]}},"_links":{"self":[{"href":"https:\/\/integramedikal.com\/magaza\/wp-json\/wp\/v2\/product\/6587","targetHints":{"allow":["GET"]}}],"collection":[{"href":"https:\/\/integramedikal.com\/magaza\/wp-json\/wp\/v2\/product"}],"about":[{"href":"https:\/\/integramedikal.com\/magaza\/wp-json\/wp\/v2\/types\/product"}],"replies":[{"embeddable":true,"href":"https:\/\/integramedikal.com\/magaza\/wp-json\/wp\/v2\/comments?post=6587"}],"wp:featuredmedia":[{"embeddable":true,"href":"https:\/\/integramedikal.com\/magaza\/wp-json\/wp\/v2\/media\/6588"}],"wp:attachment":[{"href":"https:\/\/integramedikal.com\/magaza\/wp-json\/wp\/v2\/media?parent=6587"}],"wp:term":[{"taxonomy":"product_brand","embeddable":true,"href":"https:\/\/integramedikal.com\/magaza\/wp-json\/wp\/v2\/product_brand?post=6587"},{"taxonomy":"product_cat","embeddable":true,"href":"https:\/\/integramedikal.com\/magaza\/wp-json\/wp\/v2\/product_cat?post=6587"},{"taxonomy":"product_tag","embeddable":true,"href":"https:\/\/integramedikal.com\/magaza\/wp-json\/wp\/v2\/product_tag?post=6587"}],"curies":[{"name":"wp","href":"https:\/\/api.w.org\/{rel}","templated":true}]}}