{"id":6567,"date":"2026-02-13T16:56:19","date_gmt":"2026-02-13T13:56:19","guid":{"rendered":"https:\/\/integramedikal.com\/magaza\/?post_type=product&#038;p=6567"},"modified":"2026-02-13T22:07:19","modified_gmt":"2026-02-13T19:07:19","slug":"duracell-activair-10-numara-isitme-cihazi-pili","status":"publish","type":"product","link":"https:\/\/integramedikal.com\/magaza\/urun\/duracell-activair-10-numara-isitme-cihazi-pili\/","title":{"rendered":"Duracell Activair 10 Numara \u0130\u015fitme Cihaz\u0131 Pili"},"content":{"rendered":"<div class=\"altbaslik\">\n<p style=\"font-weight: 400;\"><b><strong>Duracell 10 Numara \u0130\u015fitme Cihaz\u0131 Pili, Kulakl\u0131k Pili, Duyma Pili, Kulak Pili, Kulak Cihaz\u0131 Pili ( 6 Adet )<\/strong><\/b><\/p>\n<ul>\n<li style=\"font-weight: 400;\">Paket \u0130\u00e7eri\u011fi: Bir paket i\u00e7inde 6 Adet pil vard\u0131r.<\/li>\n<li style=\"font-weight: 400;\">\u00dcretici Firma:\u00a0Varta<\/li>\n<li style=\"font-weight: 400;\">\u00dcretim Yeri: Almanya<\/li>\n<li style=\"font-weight: 400;\">Volt de\u011feri: 1,45 V<\/li>\n<li style=\"font-weight: 400;\">Tek Kullan\u0131ml\u0131k D\u00fc\u011fme Tipi Pil<\/li>\n<li style=\"font-weight: 400;\">Pil Modeli:\u00a0<b><strong>PR70 \u2013 10<\/strong><\/b>\u00a0Numara Pil<\/li>\n<li style=\"font-weight: 400;\">Pil \u0130\u00e7eri\u011fi: \u00c7inko-Hava<\/li>\n<li style=\"font-weight: 400;\">Kesinlikle Civa \u0130\u00e7ermez<\/li>\n<li style=\"font-weight: 400;\">Saklama\u00a0Ortam\u0131: Normal Oda S\u0131cakl\u0131\u011f\u0131<\/li>\n<\/ul>\n<p style=\"font-weight: 400;\">Duracell\u00a0<b><strong>10<\/strong><\/b>\u00a0numara \u0130\u015fitme Cihaz\u0131 Pili, Duyma Cihaz\u0131 Pili, Kulak Pili, Kulakl\u0131k Pili, Kulak Duyma Cihaz\u0131 Pili\u00a0<b><strong>10<\/strong><\/b>\u00a0Numara pil kullanan t\u00fcm Marka \u0130\u015fitme veya Kulak cihazlar\u0131 ile uyumludur.<\/p>\n<p style=\"font-weight: 400;\">Pil sipari\u015fini verirken dikkat etmeniz gereken en \u00f6nemli nokta \u0130\u015fitme Cihaz\u0131n\u0131z\u0131n ka\u00e7 numara pil kulland\u0131\u011f\u0131ndan emin olman\u0131zd\u0131r. 4 farkl\u0131 numaradan olu\u015fan (10 numara, 13 numara, 312 numara ve 675 numara) i\u015fitme cihaz\u0131 pilleri mevcuttur.<\/p>\n<p style=\"font-weight: 400;\">Pilin i\u00e7indeki \u00c7inko hava ile reaksiyona girerek enerji \u00fcretmeye ba\u015flamaktad\u0131r.\u00a0Bu nedenle pili i\u015fitme cihaz\u0131n\u0131n i\u00e7ine koymadan \u00f6nce \u00fczerindeki minik etiketi \u00e7\u0131kar\u0131n\u0131z ve en az 2 dakika bekleyerek pilin i\u00e7ine hava girmesini sa\u011flay\u0131n\u0131z. Bu sayede pilden daha iyi performans elde edebilirsiniz.<\/p>\n<p style=\"font-weight: 400;\">Not: \u00c7ocuklar\u0131n ula\u015famayaca\u011f\u0131 yerde muhafaza ediniz. Do\u011fam\u0131z\u0131 korumak i\u00e7in bo\u015f pilleri Normal \u00c7\u00f6pe atmay\u0131n\u0131z! At\u0131k pil toplama kutular\u0131na at\u0131n\u0131z l\u00fctfen.<\/p>\n<\/div>\n","protected":false},"excerpt":{"rendered":"<p>Duracell 10 Numara \u0130\u015fitme Cihaz\u0131 Pili, Kulakl\u0131k Pili, Duyma Pili, Kulak Pili, Kulak Cihaz\u0131 Pili ( 6 Adet ) Paket \u0130\u00e7eri\u011fi: Bir paket i\u00e7inde 6 Adet pil vard\u0131r. \u00dcretici Firma:\u00a0Varta \u00dcretim Yeri: Almanya Volt de\u011feri: 1,45 V Tek Kullan\u0131ml\u0131k D\u00fc\u011fme Tipi Pil Pil Modeli:\u00a0PR70 \u2013 10\u00a0Numara Pil Pil \u0130\u00e7eri\u011fi: \u00c7inko-Hava Kesinlikle Civa \u0130\u00e7ermez Saklama\u00a0Ortam\u0131: Normal [&hellip;]<\/p>\n","protected":false},"featured_media":6600,"comment_status":"open","ping_status":"closed","template":"","meta":[],"product_brand":[],"product_cat":[1177],"product_tag":[1188,1189,1190,1193,1192,1180,1179,1183,1184,1187,1185,1186,1181,1191,1178,1182],"class_list":{"0":"post-6567","1":"product","2":"type-product","3":"status-publish","4":"has-post-thumbnail","6":"product_cat-isitme-cihazi-yardimci-urunler","7":"product_tag-13-numara-isitme-cihazi-pili","8":"product_tag-312-numara-isitme-cihazi-pili","9":"product_tag-675-numara-isitme-cihazi-pili","10":"product_tag-duracell","11":"product_tag-duracell-pil","12":"product_tag-isitme","13":"product_tag-isitme-cihazi","14":"product_tag-isitme-cihazi-pil","15":"product_tag-isitme-cihazi-tarak","16":"product_tag-isitme-cihazi-filtresi","17":"product_tag-isitme-cihazi-kulak-kaliplari","18":"product_tag-isitme-cihazi-nem-alma-tabletleri","19":"product_tag-isitme-uygulama","20":"product_tag-kulak-tikaclari","21":"product_tag-pil","22":"product_tag-uygulama-merkezi-isitme","24":"first","25":"instock","26":"taxable","27":"shipping-taxable","28":"purchasable","29":"product-type-simple"},"yoast_head":"<!-- This site is optimized with the Yoast SEO plugin v27.4 - https:\/\/yoast.com\/product\/yoast-seo-wordpress\/ -->\n<title>Duracell Activair 10 Numara \u0130\u015fitme Cihaz\u0131 Pili - \u0130ntegra Medikal | | Ma\u011faza<\/title>\n<meta name=\"description\" content=\"Duracell\u00a010\u00a0numara \u0130\u015fitme Cihaz\u0131 Pili, Duyma Cihaz\u0131 Pili, Kulak Pili, Kulakl\u0131k Pili, Kulak Duyma Cihaz\u0131 Pili\u00a010\u00a0Numara pil kullanan t\u00fcm Marka \u0130\u015fitme veya Kulak cihazlar\u0131 ile uyumludur.\" \/>\n<meta name=\"robots\" content=\"index, follow, max-snippet:-1, max-image-preview:large, max-video-preview:-1\" \/>\n<link rel=\"canonical\" href=\"https:\/\/integramedikal.com\/magaza\/urun\/duracell-activair-10-numara-isitme-cihazi-pili\/\" \/>\n<meta property=\"og:locale\" content=\"tr_TR\" \/>\n<meta property=\"og:type\" content=\"article\" \/>\n<meta property=\"og:title\" content=\"Duracell Activair 10 Numara \u0130\u015fitme Cihaz\u0131 Pili - \u0130ntegra Medikal | | Ma\u011faza\" \/>\n<meta property=\"og:description\" content=\"Duracell\u00a010\u00a0numara \u0130\u015fitme Cihaz\u0131 Pili, Duyma Cihaz\u0131 Pili, Kulak Pili, Kulakl\u0131k Pili, Kulak Duyma Cihaz\u0131 Pili\u00a010\u00a0Numara pil kullanan t\u00fcm Marka \u0130\u015fitme veya Kulak cihazlar\u0131 ile uyumludur.\" \/>\n<meta property=\"og:url\" content=\"https:\/\/integramedikal.com\/magaza\/urun\/duracell-activair-10-numara-isitme-cihazi-pili\/\" \/>\n<meta property=\"og:site_name\" content=\"\u0130ntegra Medikal | | Ma\u011faza\" \/>\n<meta property=\"article:publisher\" content=\"https:\/\/www.facebook.com\/integramedikal1\" \/>\n<meta property=\"article:modified_time\" content=\"2026-02-13T19:07:19+00:00\" \/>\n<meta property=\"og:image\" content=\"https:\/\/integramedikal.com\/magaza\/wp-content\/uploads\/2026\/02\/Duracell-Activair-10-Numara-Isitme-Cihazi-Pili.png\" \/>\n\t<meta property=\"og:image:width\" content=\"778\" \/>\n\t<meta property=\"og:image:height\" content=\"1616\" \/>\n\t<meta property=\"og:image:type\" content=\"image\/png\" \/>\n<meta name=\"twitter:card\" content=\"summary_large_image\" \/>\n<meta name=\"twitter:site\" content=\"@integramedikal\" \/>\n<script type=\"application\/ld+json\" class=\"yoast-schema-graph\">{\"@context\":\"https:\\\/\\\/schema.org\",\"@graph\":[{\"@type\":\"WebPage\",\"@id\":\"https:\\\/\\\/integramedikal.com\\\/magaza\\\/urun\\\/duracell-activair-10-numara-isitme-cihazi-pili\\\/\",\"url\":\"https:\\\/\\\/integramedikal.com\\\/magaza\\\/urun\\\/duracell-activair-10-numara-isitme-cihazi-pili\\\/\",\"name\":\"Duracell Activair 10 Numara \u0130\u015fitme Cihaz\u0131 Pili - \u0130ntegra Medikal | | Ma\u011faza\",\"isPartOf\":{\"@id\":\"https:\\\/\\\/integramedikal.com\\\/magaza\\\/#website\"},\"primaryImageOfPage\":{\"@id\":\"https:\\\/\\\/integramedikal.com\\\/magaza\\\/urun\\\/duracell-activair-10-numara-isitme-cihazi-pili\\\/#primaryimage\"},\"image\":{\"@id\":\"https:\\\/\\\/integramedikal.com\\\/magaza\\\/urun\\\/duracell-activair-10-numara-isitme-cihazi-pili\\\/#primaryimage\"},\"thumbnailUrl\":\"https:\\\/\\\/integramedikal.com\\\/magaza\\\/wp-content\\\/uploads\\\/2026\\\/02\\\/Duracell-Activair-10-Numara-Isitme-Cihazi-Pili.png\",\"datePublished\":\"2026-02-13T13:56:19+00:00\",\"dateModified\":\"2026-02-13T19:07:19+00:00\",\"description\":\"Duracell\u00a010\u00a0numara \u0130\u015fitme Cihaz\u0131 Pili, Duyma Cihaz\u0131 Pili, Kulak Pili, Kulakl\u0131k Pili, Kulak Duyma Cihaz\u0131 Pili\u00a010\u00a0Numara pil kullanan t\u00fcm Marka \u0130\u015fitme veya Kulak cihazlar\u0131 ile uyumludur.\",\"breadcrumb\":{\"@id\":\"https:\\\/\\\/integramedikal.com\\\/magaza\\\/urun\\\/duracell-activair-10-numara-isitme-cihazi-pili\\\/#breadcrumb\"},\"inLanguage\":\"tr\",\"potentialAction\":[{\"@type\":\"ReadAction\",\"target\":[\"https:\\\/\\\/integramedikal.com\\\/magaza\\\/urun\\\/duracell-activair-10-numara-isitme-cihazi-pili\\\/\"]}]},{\"@type\":\"ImageObject\",\"inLanguage\":\"tr\",\"@id\":\"https:\\\/\\\/integramedikal.com\\\/magaza\\\/urun\\\/duracell-activair-10-numara-isitme-cihazi-pili\\\/#primaryimage\",\"url\":\"https:\\\/\\\/integramedikal.com\\\/magaza\\\/wp-content\\\/uploads\\\/2026\\\/02\\\/Duracell-Activair-10-Numara-Isitme-Cihazi-Pili.png\",\"contentUrl\":\"https:\\\/\\\/integramedikal.com\\\/magaza\\\/wp-content\\\/uploads\\\/2026\\\/02\\\/Duracell-Activair-10-Numara-Isitme-Cihazi-Pili.png\",\"width\":778,\"height\":1616},{\"@type\":\"BreadcrumbList\",\"@id\":\"https:\\\/\\\/integramedikal.com\\\/magaza\\\/urun\\\/duracell-activair-10-numara-isitme-cihazi-pili\\\/#breadcrumb\",\"itemListElement\":[{\"@type\":\"ListItem\",\"position\":1,\"name\":\"Anasayfa\",\"item\":\"https:\\\/\\\/integramedikal.com\\\/magaza\\\/anasayfa\\\/\"},{\"@type\":\"ListItem\",\"position\":2,\"name\":\"Shop\",\"item\":\"https:\\\/\\\/integramedikal.com\\\/magaza\\\/shop\\\/\"},{\"@type\":\"ListItem\",\"position\":3,\"name\":\"Duracell Activair 10 Numara \u0130\u015fitme Cihaz\u0131 Pili\"}]},{\"@type\":\"WebSite\",\"@id\":\"https:\\\/\\\/integramedikal.com\\\/magaza\\\/#website\",\"url\":\"https:\\\/\\\/integramedikal.com\\\/magaza\\\/\",\"name\":\"\u0130ntegra Medikal < | | >Ma\u011faza\",\"description\":\"Sa\u011fl\u0131kta Kalite | Sekt\u00f6rde 25. Y\u0131l\",\"publisher\":{\"@id\":\"https:\\\/\\\/integramedikal.com\\\/magaza\\\/#organization\"},\"potentialAction\":[{\"@type\":\"SearchAction\",\"target\":{\"@type\":\"EntryPoint\",\"urlTemplate\":\"https:\\\/\\\/integramedikal.com\\\/magaza\\\/?s={search_term_string}\"},\"query-input\":{\"@type\":\"PropertyValueSpecification\",\"valueRequired\":true,\"valueName\":\"search_term_string\"}}],\"inLanguage\":\"tr\"},{\"@type\":\"Organization\",\"@id\":\"https:\\\/\\\/integramedikal.com\\\/magaza\\\/#organization\",\"name\":\"\u0130ntegra Medikal < | | >Ma\u011faza\",\"url\":\"https:\\\/\\\/integramedikal.com\\\/magaza\\\/\",\"logo\":{\"@type\":\"ImageObject\",\"inLanguage\":\"tr\",\"@id\":\"https:\\\/\\\/integramedikal.com\\\/magaza\\\/#\\\/schema\\\/logo\\\/image\\\/\",\"url\":\"https:\\\/\\\/integramedikal.com\\\/magaza\\\/wp-content\\\/uploads\\\/2025\\\/06\\\/integra-logo-1.png\",\"contentUrl\":\"https:\\\/\\\/integramedikal.com\\\/magaza\\\/wp-content\\\/uploads\\\/2025\\\/06\\\/integra-logo-1.png\",\"width\":340,\"height\":156,\"caption\":\"\u0130ntegra Medikal < | | >Ma\u011faza\"},\"image\":{\"@id\":\"https:\\\/\\\/integramedikal.com\\\/magaza\\\/#\\\/schema\\\/logo\\\/image\\\/\"},\"sameAs\":[\"https:\\\/\\\/www.facebook.com\\\/integramedikal1\",\"https:\\\/\\\/x.com\\\/integramedikal\",\"https:\\\/\\\/www.instagram.com\\\/integramedikal\\\/\",\"https:\\\/\\\/www.youtube.com\\\/user\\\/integramedikal\"]}]}<\/script>\n<!-- \/ Yoast SEO plugin. -->","yoast_head_json":{"title":"Duracell Activair 10 Numara \u0130\u015fitme Cihaz\u0131 Pili - \u0130ntegra Medikal | | Ma\u011faza","description":"Duracell\u00a010\u00a0numara \u0130\u015fitme Cihaz\u0131 Pili, Duyma Cihaz\u0131 Pili, Kulak Pili, Kulakl\u0131k Pili, Kulak Duyma Cihaz\u0131 Pili\u00a010\u00a0Numara pil kullanan t\u00fcm Marka \u0130\u015fitme veya Kulak cihazlar\u0131 ile uyumludur.","robots":{"index":"index","follow":"follow","max-snippet":"max-snippet:-1","max-image-preview":"max-image-preview:large","max-video-preview":"max-video-preview:-1"},"canonical":"https:\/\/integramedikal.com\/magaza\/urun\/duracell-activair-10-numara-isitme-cihazi-pili\/","og_locale":"tr_TR","og_type":"article","og_title":"Duracell Activair 10 Numara \u0130\u015fitme Cihaz\u0131 Pili - \u0130ntegra Medikal | | Ma\u011faza","og_description":"Duracell\u00a010\u00a0numara \u0130\u015fitme Cihaz\u0131 Pili, Duyma Cihaz\u0131 Pili, Kulak Pili, Kulakl\u0131k Pili, Kulak Duyma Cihaz\u0131 Pili\u00a010\u00a0Numara pil kullanan t\u00fcm Marka \u0130\u015fitme veya Kulak cihazlar\u0131 ile uyumludur.","og_url":"https:\/\/integramedikal.com\/magaza\/urun\/duracell-activair-10-numara-isitme-cihazi-pili\/","og_site_name":"\u0130ntegra Medikal | | Ma\u011faza","article_publisher":"https:\/\/www.facebook.com\/integramedikal1","article_modified_time":"2026-02-13T19:07:19+00:00","og_image":[{"width":778,"height":1616,"url":"https:\/\/integramedikal.com\/magaza\/wp-content\/uploads\/2026\/02\/Duracell-Activair-10-Numara-Isitme-Cihazi-Pili.png","type":"image\/png"}],"twitter_card":"summary_large_image","twitter_site":"@integramedikal","schema":{"@context":"https:\/\/schema.org","@graph":[{"@type":"WebPage","@id":"https:\/\/integramedikal.com\/magaza\/urun\/duracell-activair-10-numara-isitme-cihazi-pili\/","url":"https:\/\/integramedikal.com\/magaza\/urun\/duracell-activair-10-numara-isitme-cihazi-pili\/","name":"Duracell Activair 10 Numara \u0130\u015fitme Cihaz\u0131 Pili - \u0130ntegra Medikal | | Ma\u011faza","isPartOf":{"@id":"https:\/\/integramedikal.com\/magaza\/#website"},"primaryImageOfPage":{"@id":"https:\/\/integramedikal.com\/magaza\/urun\/duracell-activair-10-numara-isitme-cihazi-pili\/#primaryimage"},"image":{"@id":"https:\/\/integramedikal.com\/magaza\/urun\/duracell-activair-10-numara-isitme-cihazi-pili\/#primaryimage"},"thumbnailUrl":"https:\/\/integramedikal.com\/magaza\/wp-content\/uploads\/2026\/02\/Duracell-Activair-10-Numara-Isitme-Cihazi-Pili.png","datePublished":"2026-02-13T13:56:19+00:00","dateModified":"2026-02-13T19:07:19+00:00","description":"Duracell\u00a010\u00a0numara \u0130\u015fitme Cihaz\u0131 Pili, Duyma Cihaz\u0131 Pili, Kulak Pili, Kulakl\u0131k Pili, Kulak Duyma Cihaz\u0131 Pili\u00a010\u00a0Numara pil kullanan t\u00fcm Marka \u0130\u015fitme veya Kulak cihazlar\u0131 ile uyumludur.","breadcrumb":{"@id":"https:\/\/integramedikal.com\/magaza\/urun\/duracell-activair-10-numara-isitme-cihazi-pili\/#breadcrumb"},"inLanguage":"tr","potentialAction":[{"@type":"ReadAction","target":["https:\/\/integramedikal.com\/magaza\/urun\/duracell-activair-10-numara-isitme-cihazi-pili\/"]}]},{"@type":"ImageObject","inLanguage":"tr","@id":"https:\/\/integramedikal.com\/magaza\/urun\/duracell-activair-10-numara-isitme-cihazi-pili\/#primaryimage","url":"https:\/\/integramedikal.com\/magaza\/wp-content\/uploads\/2026\/02\/Duracell-Activair-10-Numara-Isitme-Cihazi-Pili.png","contentUrl":"https:\/\/integramedikal.com\/magaza\/wp-content\/uploads\/2026\/02\/Duracell-Activair-10-Numara-Isitme-Cihazi-Pili.png","width":778,"height":1616},{"@type":"BreadcrumbList","@id":"https:\/\/integramedikal.com\/magaza\/urun\/duracell-activair-10-numara-isitme-cihazi-pili\/#breadcrumb","itemListElement":[{"@type":"ListItem","position":1,"name":"Anasayfa","item":"https:\/\/integramedikal.com\/magaza\/anasayfa\/"},{"@type":"ListItem","position":2,"name":"Shop","item":"https:\/\/integramedikal.com\/magaza\/shop\/"},{"@type":"ListItem","position":3,"name":"Duracell Activair 10 Numara \u0130\u015fitme Cihaz\u0131 Pili"}]},{"@type":"WebSite","@id":"https:\/\/integramedikal.com\/magaza\/#website","url":"https:\/\/integramedikal.com\/magaza\/","name":"\u0130ntegra Medikal < | | >Ma\u011faza","description":"Sa\u011fl\u0131kta Kalite | Sekt\u00f6rde 25. Y\u0131l","publisher":{"@id":"https:\/\/integramedikal.com\/magaza\/#organization"},"potentialAction":[{"@type":"SearchAction","target":{"@type":"EntryPoint","urlTemplate":"https:\/\/integramedikal.com\/magaza\/?s={search_term_string}"},"query-input":{"@type":"PropertyValueSpecification","valueRequired":true,"valueName":"search_term_string"}}],"inLanguage":"tr"},{"@type":"Organization","@id":"https:\/\/integramedikal.com\/magaza\/#organization","name":"\u0130ntegra Medikal < | | >Ma\u011faza","url":"https:\/\/integramedikal.com\/magaza\/","logo":{"@type":"ImageObject","inLanguage":"tr","@id":"https:\/\/integramedikal.com\/magaza\/#\/schema\/logo\/image\/","url":"https:\/\/integramedikal.com\/magaza\/wp-content\/uploads\/2025\/06\/integra-logo-1.png","contentUrl":"https:\/\/integramedikal.com\/magaza\/wp-content\/uploads\/2025\/06\/integra-logo-1.png","width":340,"height":156,"caption":"\u0130ntegra Medikal < | | >Ma\u011faza"},"image":{"@id":"https:\/\/integramedikal.com\/magaza\/#\/schema\/logo\/image\/"},"sameAs":["https:\/\/www.facebook.com\/integramedikal1","https:\/\/x.com\/integramedikal","https:\/\/www.instagram.com\/integramedikal\/","https:\/\/www.youtube.com\/user\/integramedikal"]}]}},"_links":{"self":[{"href":"https:\/\/integramedikal.com\/magaza\/wp-json\/wp\/v2\/product\/6567","targetHints":{"allow":["GET"]}}],"collection":[{"href":"https:\/\/integramedikal.com\/magaza\/wp-json\/wp\/v2\/product"}],"about":[{"href":"https:\/\/integramedikal.com\/magaza\/wp-json\/wp\/v2\/types\/product"}],"replies":[{"embeddable":true,"href":"https:\/\/integramedikal.com\/magaza\/wp-json\/wp\/v2\/comments?post=6567"}],"wp:featuredmedia":[{"embeddable":true,"href":"https:\/\/integramedikal.com\/magaza\/wp-json\/wp\/v2\/media\/6600"}],"wp:attachment":[{"href":"https:\/\/integramedikal.com\/magaza\/wp-json\/wp\/v2\/media?parent=6567"}],"wp:term":[{"taxonomy":"product_brand","embeddable":true,"href":"https:\/\/integramedikal.com\/magaza\/wp-json\/wp\/v2\/product_brand?post=6567"},{"taxonomy":"product_cat","embeddable":true,"href":"https:\/\/integramedikal.com\/magaza\/wp-json\/wp\/v2\/product_cat?post=6567"},{"taxonomy":"product_tag","embeddable":true,"href":"https:\/\/integramedikal.com\/magaza\/wp-json\/wp\/v2\/product_tag?post=6567"}],"curies":[{"name":"wp","href":"https:\/\/api.w.org\/{rel}","templated":true}]}}