{"id":6293,"date":"2025-06-24T11:07:27","date_gmt":"2025-06-24T08:07:27","guid":{"rendered":"https:\/\/integramedikal.com\/magaza\/?post_type=product&#038;p=6293"},"modified":"2026-04-01T10:52:03","modified_gmt":"2026-04-01T07:52:03","slug":"s470-karbon-akulu-tekerlekli-sandalye","status":"publish","type":"product","link":"https:\/\/integramedikal.com\/magaza\/urun\/s470-karbon-akulu-tekerlekli-sandalye\/","title":{"rendered":"S470 Karbon Ak\u00fcl\u00fc Tekerlekli Sandalye"},"content":{"rendered":"<p>S470 Karbon Ak\u00fcl\u00fc Tekerlekli Sandalye, ileri teknolojiyi ola\u011fan\u00fcst\u00fc konfor ve dayan\u0131kl\u0131l\u0131kla birle\u015ftiren devrim niteli\u011finde bir mobilite \u00e7\u00f6z\u00fcm\u00fcd\u00fcr. Y\u00fcksek mukavemetli karbon fiber \u00e7er\u00e7eve ile \u00fcretilen bu tekerlekli sandalye, hem ta\u015f\u0131nabilirlik hem de performans arayan kullan\u0131c\u0131lar i\u00e7in ideal bir se\u00e7enek sunar. Bataryas\u0131yla birlikte yaln\u0131zca 13,5 kg a\u011f\u0131rl\u0131\u011f\u0131ndaki S470, geleneksel ak\u00fcl\u00fc tekerlekli sandalyelere k\u0131yasla \u00e7ok daha hafiftir; bu da ta\u015f\u0131nabilirlik ve manevra kabiliyeti sa\u011flar ancak stabilite ve destekten \u00f6d\u00fcn verilmez. S470\u2019in \u00f6ne \u00e7\u0131kan \u00f6zelli\u011fi, karbon fiber yap\u0131s\u0131d\u0131r. Bu malzeme, havac\u0131l\u0131k ve y\u00fcksek performansl\u0131 spor ekipmanlar\u0131nda s\u0131k\u00e7a kullan\u0131lan \u00fcst\u00fcn mukavemet-a\u011f\u0131rl\u0131k oran\u0131na sahiptir.<\/p>\n<p>Bu yenilik\u00e7i tasar\u0131m, genel a\u011f\u0131rl\u0131\u011f\u0131 azalt\u0131rken sandalye\u2019nin dayan\u0131kl\u0131l\u0131\u011f\u0131n\u0131 art\u0131r\u0131r ve g\u00fcnl\u00fck kullan\u0131ma dayan\u0131kl\u0131l\u0131\u011f\u0131n\u0131 korurken \u015f\u0131k, modern bir estetik sunar. Y\u00fcksek mukavemetli naylon ve a\u011f dokuma kuma\u015ftan yap\u0131lan d\u00f6\u015feme, i\u00e7ten takviyeli naylonla desteklenerek uzun s\u00fcreli kullan\u0131mda nefes alabilirlik ve konfor sa\u011flar. 150W f\u0131r\u00e7al\u0131 motorlara ve elektromanyetik frenlere sahip olan S470, p\u00fcr\u00fczs\u00fcz ve g\u00fcvenilir performans sunar. 6 derece t\u0131rmanma a\u00e7\u0131s\u0131 ve 80 cm d\u00f6n\u00fc\u015f yar\u0131\u00e7ap\u0131 ile kullan\u0131c\u0131lar \u00e7e\u015fitli arazilerde ve dar alanlarda g\u00fcvenle hareket edebilir. 6,5 in\u00e7 \u00f6n tekerlek ve 12 in\u00e7 arka tekerlek, magnezyum jantlar ve PU lastikler ile donat\u0131lm\u0131\u015ft\u0131r; bu da dengeli ve rahat bir s\u00fcr\u00fc\u015f sa\u011flar. \u00c7\u0131kar\u0131labilir bacak destekleri ve yukar\u0131 katlanabilir kol\u00e7aklar, bireysel ihtiya\u00e7lara uyum sa\u011flar ve kolay transferleri m\u00fcmk\u00fcn k\u0131lar. 410 mm geni\u015flik ve 400 mm derinlikteki koltuk \u00f6l\u00e7\u00fcleri ergonomik ve ferah bir oturma deneyimi sunarken, yaln\u0131zca 260 mm katlama geni\u015fli\u011fi ile S470 son derece ta\u015f\u0131nabilir bir tasar\u0131ma sahiptir. Tek 10AH lityum batarya ile \u00e7al\u0131\u015fan bu sandalye, 135 kg\u2019a kadar kapasite destekler ve uzun s\u00fcreli kullan\u0131m i\u00e7in yeterli g\u00fc\u00e7 sa\u011flar. Joystick kontrol\u00fc, kullan\u0131c\u0131lar\u0131n minimum \u00e7abayla hassas hareket etmesini sa\u011flayarak ba\u011f\u0131ms\u0131zl\u0131klar\u0131n\u0131 art\u0131r\u0131r.<\/p>\n<p>WHILL Model F veya Karman LT-EC gibi benzer \u00fcr\u00fcnlerle kar\u015f\u0131la\u015ft\u0131r\u0131ld\u0131\u011f\u0131nda, S470 karbon fiber \u00e7er\u00e7evesi ve hafif yap\u0131s\u0131yla \u00f6ne \u00e7\u0131kar. Rekabet\u00e7iler t\u00fcm tekerlekten \u00e7eki\u015f veya \u00f6zelle\u015ftirilebilir koltuk gibi geli\u015fmi\u015f \u00f6zellikler sunarken, S470 ta\u015f\u0131nabilirlik ve basitli\u011fi \u00f6n planda tutar ancak temel i\u015flevsellikten \u00f6d\u00fcn vermez. Bataryas\u0131z 12 kg net a\u011f\u0131rl\u0131\u011f\u0131, seyahat dostu tasar\u0131m\u0131n\u0131 daha da vurgular ve hareket halindeki kullan\u0131c\u0131lar i\u00e7in idealdir. G\u00fcvenlik ve rahatl\u0131k S470\u2019de \u00f6n plandad\u0131r. Elektromanyetik frenler g\u00fcvenli durmay\u0131 garanti ederken, sa\u011flam al\u00fcminyum \u00e7atal ve plastik ayak koyma yerleri genel g\u00fcvenilirli\u011fi art\u0131r\u0131r. 640 x 270 x 750 mm boyutundaki kompakt kutusunda paketlenmi\u015f S470, hem ev kullan\u0131m\u0131 hem de seyahat i\u00e7in kolayca saklanabilir ve ta\u015f\u0131nabilir.<\/p>\n<p>Sonu\u00e7 olarak, S470 Karbon Ak\u00fcl\u00fc Tekerlekli Sandalye, yenilik\u00e7i tasar\u0131m ve pratik m\u00fchendislikte bir \u00f6rnektir. Karbon fiber \u00e7er\u00e7evesi, hafif yap\u0131s\u0131 ve kullan\u0131c\u0131 odakl\u0131 \u00f6zellikleri ile y\u00fcksek kaliteli, ta\u015f\u0131nabilir bir mobilite \u00e7\u00f6z\u00fcm\u00fc arayanlar i\u00e7in en iyi se\u00e7imdir. G\u00fcnl\u00fck kullan\u0131m veya ara s\u0131ra yap\u0131lan gezintiler i\u00e7in S470, konfor, stil ve performans\u0131 tek bir pakette sunar.<div  id=\"btn_klavuz\"  class='avia-button-wrap av-4u8ur9-f05c8e9e3ab1612688c2ee24e4f1095d-wrap avia-button-left  avia-builder-el-0  el_before_av_button  avia-builder-el-first '><a href='https:\/\/www.integramedikal.com\/magaza\/upload\/kilavuz\/S470-karbon-akulu-tekerlekli-sandalye.pdf'  class='avia-button av-4u8ur9-f05c8e9e3ab1612688c2ee24e4f1095d av-link-btn avia-icon_select-yes-left-icon avia-size-medium avia-position-left avia-color-theme-color-highlight'  target=\"_blank\"  rel=\"noopener noreferrer\"  aria-label=\"Kullan\u0131m K\u0131lavuzu\"><span class='avia_button_icon avia_button_icon_left avia-svg-icon avia-font-svg_entypo-fontello' data-av_svg_icon='book-open' data-av_iconset='svg_entypo-fontello'><svg version=\"1.1\" xmlns=\"http:\/\/www.w3.org\/2000\/svg\" width=\"29\" height=\"32\" viewBox=\"0 0 29 32\" preserveAspectRatio=\"xMidYMid meet\" aria-labelledby='av-svg-title-1' aria-describedby='av-svg-desc-1' role=\"graphics-symbol\">\n<title id='av-svg-title-1'>Book-open<\/title>\n<desc id='av-svg-desc-1'>Book-open<\/desc>\n<path d=\"M10.88 19.584v2.176l-6.4-2.56v-2.176zM10.88 12.928v2.176l-6.4-2.56v-2.176zM28.096 1.856q0.704 0.384 0.704 1.344v20.48q0 1.088-1.024 1.472l-12.736 5.12q-0.256 0.064-0.32 0.064t-0.16 0.032-0.16 0.032-0.16-0.032-0.16-0.032l-0.32-0.064-12.736-5.12q-1.024-0.384-1.024-1.472v-20.48q0-0.96 0.704-1.344 0.704-0.512 1.472-0.192l12.224 4.928 12.224-4.928q0.768-0.32 1.472 0.192zM12.8 27.072v-17.92l-10.24-4.096v17.92zM26.24 22.976v-17.92l-10.24 4.096v17.92zM24.32 17.024v2.176l-6.4 2.56v-2.176zM24.32 10.368v2.176l-6.4 2.56v-2.176z\"><\/path>\n<\/svg><\/span><span class='avia_iconbox_title' >Kullan\u0131m K\u0131lavuzu<\/span><\/a><\/div> <div  id=\"btn_teknikbilgi\"  class='avia-button-wrap av-6kbxx-fd69e4a7ef7eadaf3a9f521f0572c642-wrap avia-button-left  avia-builder-el-1  el_after_av_button  avia-builder-el-last '><a href='javascript:void(0);'  class='avia-button av-6kbxx-fd69e4a7ef7eadaf3a9f521f0572c642 av-link-btn avia-icon_select-yes-left-icon avia-size-medium avia-position-left avia-color-theme-color-highlight'   aria-label=\"Teknik Bilgi\"><span class='avia_button_icon avia_button_icon_left avia-svg-icon avia-font-svg_entypo-fontello' data-av_svg_icon='cog' data-av_iconset='svg_entypo-fontello'><svg version=\"1.1\" xmlns=\"http:\/\/www.w3.org\/2000\/svg\" width=\"27\" height=\"32\" viewBox=\"0 0 27 32\" preserveAspectRatio=\"xMidYMid meet\" aria-labelledby='av-svg-title-2' aria-describedby='av-svg-desc-2' role=\"graphics-symbol\">\n<title id='av-svg-title-2'>Cog<\/title>\n<desc id='av-svg-desc-2'>Cog<\/desc>\n<path d=\"M24.32 16q0 2.304 2.56 3.904-0.384 1.28-1.088 2.624-2.24-0.576-4.352 1.408-1.728 1.856-1.088 4.352-1.28 0.64-2.688 1.152-1.472-2.624-4.224-2.624t-4.224 2.624q-1.408-0.512-2.688-1.152 0.64-2.56-1.088-4.352-1.728-1.728-4.352-1.088-0.448-0.832-1.088-2.624 2.624-1.664 2.624-4.224 0-2.304-2.624-3.968 0.64-1.792 1.088-2.624 2.368 0.576 4.352-1.408 1.728-1.792 1.088-4.352 1.344-0.704 2.688-1.088 1.472 2.56 4.224 2.56t4.224-2.56q1.344 0.384 2.688 1.088-0.64 2.496 1.088 4.352 2.112 1.984 4.352 1.408 0.704 1.344 1.088 2.624-2.56 1.6-2.56 3.968zM13.44 21.824q2.432 0 4.128-1.696t1.696-4.128-1.696-4.16-4.128-1.728-4.128 1.728-1.696 4.16 1.696 4.128 4.128 1.696z\"><\/path>\n<\/svg><\/span><span class='avia_iconbox_title' >Teknik Bilgi<\/span><\/a><\/div><\/p>\n","protected":false},"excerpt":{"rendered":"<p>S470 Karbon Ak\u00fcl\u00fc Tekerlekli Sandalye, ileri teknolojiyi ola\u011fan\u00fcst\u00fc konfor ve dayan\u0131kl\u0131l\u0131kla birle\u015ftiren devrim niteli\u011finde bir mobilite \u00e7\u00f6z\u00fcm\u00fcd\u00fcr. Y\u00fcksek mukavemetli karbon fiber \u00e7er\u00e7eve ile \u00fcretilen bu tekerlekli sandalye, hem ta\u015f\u0131nabilirlik hem de performans arayan kullan\u0131c\u0131lar i\u00e7in ideal bir se\u00e7enek sunar. Bataryas\u0131yla birlikte yaln\u0131zca 13,5 kg a\u011f\u0131rl\u0131\u011f\u0131ndaki S470, geleneksel ak\u00fcl\u00fc tekerlekli sandalyelere k\u0131yasla \u00e7ok daha hafiftir; bu [&hellip;]<\/p>\n","protected":false},"featured_media":6294,"comment_status":"open","ping_status":"closed","template":"","meta":[],"product_brand":[],"product_cat":[302],"product_tag":[],"class_list":{"0":"post-6293","1":"product","2":"type-product","3":"status-publish","4":"has-post-thumbnail","6":"product_cat-akulu-tekerlekli-sandalye","8":"first","9":"instock","10":"sale","11":"taxable","12":"shipping-taxable","13":"purchasable","14":"product-type-simple"},"yoast_head":"<!-- This site is optimized with the Yoast SEO plugin v27.4 - https:\/\/yoast.com\/product\/yoast-seo-wordpress\/ -->\n<title>S470 Karbon Ak\u00fcl\u00fc Tekerlekli Sandalye - \u0130ntegra Medikal | | Ma\u011faza<\/title>\n<meta name=\"robots\" content=\"index, follow, max-snippet:-1, max-image-preview:large, max-video-preview:-1\" \/>\n<link rel=\"canonical\" href=\"https:\/\/integramedikal.com\/magaza\/urun\/s470-karbon-akulu-tekerlekli-sandalye\/\" \/>\n<meta property=\"og:locale\" content=\"tr_TR\" \/>\n<meta property=\"og:type\" content=\"article\" \/>\n<meta property=\"og:title\" content=\"S470 Karbon Ak\u00fcl\u00fc Tekerlekli Sandalye - \u0130ntegra Medikal | | Ma\u011faza\" \/>\n<meta property=\"og:description\" content=\"S470 Karbon Ak\u00fcl\u00fc Tekerlekli Sandalye, ileri teknolojiyi ola\u011fan\u00fcst\u00fc konfor ve dayan\u0131kl\u0131l\u0131kla birle\u015ftiren devrim niteli\u011finde bir mobilite \u00e7\u00f6z\u00fcm\u00fcd\u00fcr. Y\u00fcksek mukavemetli karbon fiber \u00e7er\u00e7eve ile \u00fcretilen bu tekerlekli sandalye, hem ta\u015f\u0131nabilirlik hem de performans arayan kullan\u0131c\u0131lar i\u00e7in ideal bir se\u00e7enek sunar. Bataryas\u0131yla birlikte yaln\u0131zca 13,5 kg a\u011f\u0131rl\u0131\u011f\u0131ndaki S470, geleneksel ak\u00fcl\u00fc tekerlekli sandalyelere k\u0131yasla \u00e7ok daha hafiftir; bu [&hellip;]\" \/>\n<meta property=\"og:url\" content=\"https:\/\/integramedikal.com\/magaza\/urun\/s470-karbon-akulu-tekerlekli-sandalye\/\" \/>\n<meta property=\"og:site_name\" content=\"\u0130ntegra Medikal | | Ma\u011faza\" \/>\n<meta property=\"article:publisher\" content=\"https:\/\/www.facebook.com\/integramedikal1\" \/>\n<meta property=\"article:modified_time\" content=\"2026-04-01T07:52:03+00:00\" \/>\n<meta property=\"og:image\" content=\"https:\/\/integramedikal.com\/magaza\/wp-content\/uploads\/2025\/06\/S470-1.jpeg\" \/>\n\t<meta property=\"og:image:width\" content=\"1600\" \/>\n\t<meta property=\"og:image:height\" content=\"1600\" \/>\n\t<meta property=\"og:image:type\" content=\"image\/jpeg\" \/>\n<meta name=\"twitter:card\" content=\"summary_large_image\" \/>\n<meta name=\"twitter:site\" content=\"@integramedikal\" \/>\n<meta name=\"twitter:label1\" content=\"Tahmini okuma s\u00fcresi\" \/>\n\t<meta name=\"twitter:data1\" content=\"3 dakika\" \/>\n<script type=\"application\/ld+json\" class=\"yoast-schema-graph\">{\"@context\":\"https:\\\/\\\/schema.org\",\"@graph\":[{\"@type\":\"WebPage\",\"@id\":\"https:\\\/\\\/integramedikal.com\\\/magaza\\\/urun\\\/s470-karbon-akulu-tekerlekli-sandalye\\\/\",\"url\":\"https:\\\/\\\/integramedikal.com\\\/magaza\\\/urun\\\/s470-karbon-akulu-tekerlekli-sandalye\\\/\",\"name\":\"S470 Karbon Ak\u00fcl\u00fc Tekerlekli Sandalye - \u0130ntegra Medikal | | Ma\u011faza\",\"isPartOf\":{\"@id\":\"https:\\\/\\\/integramedikal.com\\\/magaza\\\/#website\"},\"primaryImageOfPage\":{\"@id\":\"https:\\\/\\\/integramedikal.com\\\/magaza\\\/urun\\\/s470-karbon-akulu-tekerlekli-sandalye\\\/#primaryimage\"},\"image\":{\"@id\":\"https:\\\/\\\/integramedikal.com\\\/magaza\\\/urun\\\/s470-karbon-akulu-tekerlekli-sandalye\\\/#primaryimage\"},\"thumbnailUrl\":\"https:\\\/\\\/integramedikal.com\\\/magaza\\\/wp-content\\\/uploads\\\/2025\\\/06\\\/S470-1.jpeg\",\"datePublished\":\"2025-06-24T08:07:27+00:00\",\"dateModified\":\"2026-04-01T07:52:03+00:00\",\"breadcrumb\":{\"@id\":\"https:\\\/\\\/integramedikal.com\\\/magaza\\\/urun\\\/s470-karbon-akulu-tekerlekli-sandalye\\\/#breadcrumb\"},\"inLanguage\":\"tr\",\"potentialAction\":[{\"@type\":\"ReadAction\",\"target\":[\"https:\\\/\\\/integramedikal.com\\\/magaza\\\/urun\\\/s470-karbon-akulu-tekerlekli-sandalye\\\/\"]}]},{\"@type\":\"ImageObject\",\"inLanguage\":\"tr\",\"@id\":\"https:\\\/\\\/integramedikal.com\\\/magaza\\\/urun\\\/s470-karbon-akulu-tekerlekli-sandalye\\\/#primaryimage\",\"url\":\"https:\\\/\\\/integramedikal.com\\\/magaza\\\/wp-content\\\/uploads\\\/2025\\\/06\\\/S470-1.jpeg\",\"contentUrl\":\"https:\\\/\\\/integramedikal.com\\\/magaza\\\/wp-content\\\/uploads\\\/2025\\\/06\\\/S470-1.jpeg\",\"width\":1600,\"height\":1600},{\"@type\":\"BreadcrumbList\",\"@id\":\"https:\\\/\\\/integramedikal.com\\\/magaza\\\/urun\\\/s470-karbon-akulu-tekerlekli-sandalye\\\/#breadcrumb\",\"itemListElement\":[{\"@type\":\"ListItem\",\"position\":1,\"name\":\"Anasayfa\",\"item\":\"https:\\\/\\\/integramedikal.com\\\/magaza\\\/anasayfa\\\/\"},{\"@type\":\"ListItem\",\"position\":2,\"name\":\"Shop\",\"item\":\"https:\\\/\\\/integramedikal.com\\\/magaza\\\/shop\\\/\"},{\"@type\":\"ListItem\",\"position\":3,\"name\":\"S470 Karbon Ak\u00fcl\u00fc Tekerlekli Sandalye\"}]},{\"@type\":\"WebSite\",\"@id\":\"https:\\\/\\\/integramedikal.com\\\/magaza\\\/#website\",\"url\":\"https:\\\/\\\/integramedikal.com\\\/magaza\\\/\",\"name\":\"\u0130ntegra Medikal < | | >Ma\u011faza\",\"description\":\"Sa\u011fl\u0131kta Kalite | Sekt\u00f6rde 25. Y\u0131l\",\"publisher\":{\"@id\":\"https:\\\/\\\/integramedikal.com\\\/magaza\\\/#organization\"},\"potentialAction\":[{\"@type\":\"SearchAction\",\"target\":{\"@type\":\"EntryPoint\",\"urlTemplate\":\"https:\\\/\\\/integramedikal.com\\\/magaza\\\/?s={search_term_string}\"},\"query-input\":{\"@type\":\"PropertyValueSpecification\",\"valueRequired\":true,\"valueName\":\"search_term_string\"}}],\"inLanguage\":\"tr\"},{\"@type\":\"Organization\",\"@id\":\"https:\\\/\\\/integramedikal.com\\\/magaza\\\/#organization\",\"name\":\"\u0130ntegra Medikal < | | >Ma\u011faza\",\"url\":\"https:\\\/\\\/integramedikal.com\\\/magaza\\\/\",\"logo\":{\"@type\":\"ImageObject\",\"inLanguage\":\"tr\",\"@id\":\"https:\\\/\\\/integramedikal.com\\\/magaza\\\/#\\\/schema\\\/logo\\\/image\\\/\",\"url\":\"https:\\\/\\\/integramedikal.com\\\/magaza\\\/wp-content\\\/uploads\\\/2025\\\/06\\\/integra-logo-1.png\",\"contentUrl\":\"https:\\\/\\\/integramedikal.com\\\/magaza\\\/wp-content\\\/uploads\\\/2025\\\/06\\\/integra-logo-1.png\",\"width\":340,\"height\":156,\"caption\":\"\u0130ntegra Medikal < | | >Ma\u011faza\"},\"image\":{\"@id\":\"https:\\\/\\\/integramedikal.com\\\/magaza\\\/#\\\/schema\\\/logo\\\/image\\\/\"},\"sameAs\":[\"https:\\\/\\\/www.facebook.com\\\/integramedikal1\",\"https:\\\/\\\/x.com\\\/integramedikal\",\"https:\\\/\\\/www.instagram.com\\\/integramedikal\\\/\",\"https:\\\/\\\/www.youtube.com\\\/user\\\/integramedikal\"]}]}<\/script>\n<!-- \/ Yoast SEO plugin. -->","yoast_head_json":{"title":"S470 Karbon Ak\u00fcl\u00fc Tekerlekli Sandalye - \u0130ntegra Medikal | | Ma\u011faza","robots":{"index":"index","follow":"follow","max-snippet":"max-snippet:-1","max-image-preview":"max-image-preview:large","max-video-preview":"max-video-preview:-1"},"canonical":"https:\/\/integramedikal.com\/magaza\/urun\/s470-karbon-akulu-tekerlekli-sandalye\/","og_locale":"tr_TR","og_type":"article","og_title":"S470 Karbon Ak\u00fcl\u00fc Tekerlekli Sandalye - \u0130ntegra Medikal | | Ma\u011faza","og_description":"S470 Karbon Ak\u00fcl\u00fc Tekerlekli Sandalye, ileri teknolojiyi ola\u011fan\u00fcst\u00fc konfor ve dayan\u0131kl\u0131l\u0131kla birle\u015ftiren devrim niteli\u011finde bir mobilite \u00e7\u00f6z\u00fcm\u00fcd\u00fcr. Y\u00fcksek mukavemetli karbon fiber \u00e7er\u00e7eve ile \u00fcretilen bu tekerlekli sandalye, hem ta\u015f\u0131nabilirlik hem de performans arayan kullan\u0131c\u0131lar i\u00e7in ideal bir se\u00e7enek sunar. Bataryas\u0131yla birlikte yaln\u0131zca 13,5 kg a\u011f\u0131rl\u0131\u011f\u0131ndaki S470, geleneksel ak\u00fcl\u00fc tekerlekli sandalyelere k\u0131yasla \u00e7ok daha hafiftir; bu [&hellip;]","og_url":"https:\/\/integramedikal.com\/magaza\/urun\/s470-karbon-akulu-tekerlekli-sandalye\/","og_site_name":"\u0130ntegra Medikal | | Ma\u011faza","article_publisher":"https:\/\/www.facebook.com\/integramedikal1","article_modified_time":"2026-04-01T07:52:03+00:00","og_image":[{"width":1600,"height":1600,"url":"https:\/\/integramedikal.com\/magaza\/wp-content\/uploads\/2025\/06\/S470-1.jpeg","type":"image\/jpeg"}],"twitter_card":"summary_large_image","twitter_site":"@integramedikal","twitter_misc":{"Tahmini okuma s\u00fcresi":"3 dakika"},"schema":{"@context":"https:\/\/schema.org","@graph":[{"@type":"WebPage","@id":"https:\/\/integramedikal.com\/magaza\/urun\/s470-karbon-akulu-tekerlekli-sandalye\/","url":"https:\/\/integramedikal.com\/magaza\/urun\/s470-karbon-akulu-tekerlekli-sandalye\/","name":"S470 Karbon Ak\u00fcl\u00fc Tekerlekli Sandalye - \u0130ntegra Medikal | | Ma\u011faza","isPartOf":{"@id":"https:\/\/integramedikal.com\/magaza\/#website"},"primaryImageOfPage":{"@id":"https:\/\/integramedikal.com\/magaza\/urun\/s470-karbon-akulu-tekerlekli-sandalye\/#primaryimage"},"image":{"@id":"https:\/\/integramedikal.com\/magaza\/urun\/s470-karbon-akulu-tekerlekli-sandalye\/#primaryimage"},"thumbnailUrl":"https:\/\/integramedikal.com\/magaza\/wp-content\/uploads\/2025\/06\/S470-1.jpeg","datePublished":"2025-06-24T08:07:27+00:00","dateModified":"2026-04-01T07:52:03+00:00","breadcrumb":{"@id":"https:\/\/integramedikal.com\/magaza\/urun\/s470-karbon-akulu-tekerlekli-sandalye\/#breadcrumb"},"inLanguage":"tr","potentialAction":[{"@type":"ReadAction","target":["https:\/\/integramedikal.com\/magaza\/urun\/s470-karbon-akulu-tekerlekli-sandalye\/"]}]},{"@type":"ImageObject","inLanguage":"tr","@id":"https:\/\/integramedikal.com\/magaza\/urun\/s470-karbon-akulu-tekerlekli-sandalye\/#primaryimage","url":"https:\/\/integramedikal.com\/magaza\/wp-content\/uploads\/2025\/06\/S470-1.jpeg","contentUrl":"https:\/\/integramedikal.com\/magaza\/wp-content\/uploads\/2025\/06\/S470-1.jpeg","width":1600,"height":1600},{"@type":"BreadcrumbList","@id":"https:\/\/integramedikal.com\/magaza\/urun\/s470-karbon-akulu-tekerlekli-sandalye\/#breadcrumb","itemListElement":[{"@type":"ListItem","position":1,"name":"Anasayfa","item":"https:\/\/integramedikal.com\/magaza\/anasayfa\/"},{"@type":"ListItem","position":2,"name":"Shop","item":"https:\/\/integramedikal.com\/magaza\/shop\/"},{"@type":"ListItem","position":3,"name":"S470 Karbon Ak\u00fcl\u00fc Tekerlekli Sandalye"}]},{"@type":"WebSite","@id":"https:\/\/integramedikal.com\/magaza\/#website","url":"https:\/\/integramedikal.com\/magaza\/","name":"\u0130ntegra Medikal < | | >Ma\u011faza","description":"Sa\u011fl\u0131kta Kalite | Sekt\u00f6rde 25. Y\u0131l","publisher":{"@id":"https:\/\/integramedikal.com\/magaza\/#organization"},"potentialAction":[{"@type":"SearchAction","target":{"@type":"EntryPoint","urlTemplate":"https:\/\/integramedikal.com\/magaza\/?s={search_term_string}"},"query-input":{"@type":"PropertyValueSpecification","valueRequired":true,"valueName":"search_term_string"}}],"inLanguage":"tr"},{"@type":"Organization","@id":"https:\/\/integramedikal.com\/magaza\/#organization","name":"\u0130ntegra Medikal < | | >Ma\u011faza","url":"https:\/\/integramedikal.com\/magaza\/","logo":{"@type":"ImageObject","inLanguage":"tr","@id":"https:\/\/integramedikal.com\/magaza\/#\/schema\/logo\/image\/","url":"https:\/\/integramedikal.com\/magaza\/wp-content\/uploads\/2025\/06\/integra-logo-1.png","contentUrl":"https:\/\/integramedikal.com\/magaza\/wp-content\/uploads\/2025\/06\/integra-logo-1.png","width":340,"height":156,"caption":"\u0130ntegra Medikal < | | >Ma\u011faza"},"image":{"@id":"https:\/\/integramedikal.com\/magaza\/#\/schema\/logo\/image\/"},"sameAs":["https:\/\/www.facebook.com\/integramedikal1","https:\/\/x.com\/integramedikal","https:\/\/www.instagram.com\/integramedikal\/","https:\/\/www.youtube.com\/user\/integramedikal"]}]}},"_links":{"self":[{"href":"https:\/\/integramedikal.com\/magaza\/wp-json\/wp\/v2\/product\/6293","targetHints":{"allow":["GET"]}}],"collection":[{"href":"https:\/\/integramedikal.com\/magaza\/wp-json\/wp\/v2\/product"}],"about":[{"href":"https:\/\/integramedikal.com\/magaza\/wp-json\/wp\/v2\/types\/product"}],"replies":[{"embeddable":true,"href":"https:\/\/integramedikal.com\/magaza\/wp-json\/wp\/v2\/comments?post=6293"}],"wp:featuredmedia":[{"embeddable":true,"href":"https:\/\/integramedikal.com\/magaza\/wp-json\/wp\/v2\/media\/6294"}],"wp:attachment":[{"href":"https:\/\/integramedikal.com\/magaza\/wp-json\/wp\/v2\/media?parent=6293"}],"wp:term":[{"taxonomy":"product_brand","embeddable":true,"href":"https:\/\/integramedikal.com\/magaza\/wp-json\/wp\/v2\/product_brand?post=6293"},{"taxonomy":"product_cat","embeddable":true,"href":"https:\/\/integramedikal.com\/magaza\/wp-json\/wp\/v2\/product_cat?post=6293"},{"taxonomy":"product_tag","embeddable":true,"href":"https:\/\/integramedikal.com\/magaza\/wp-json\/wp\/v2\/product_tag?post=6293"}],"curies":[{"name":"wp","href":"https:\/\/api.w.org\/{rel}","templated":true}]}}