{"id":2082,"date":"2025-06-03T00:32:23","date_gmt":"2025-06-02T21:32:23","guid":{"rendered":"https:\/\/integramedikal.com\/magaza\/?post_type=product&#038;p=2082"},"modified":"2026-03-31T14:50:37","modified_gmt":"2026-03-31T11:50:37","slug":"azka-dd01-dual-motorlu-aluminyum-korkuluklu-demonte-hasta-karyolasi","status":"publish","type":"product","link":"https:\/\/integramedikal.com\/magaza\/urun\/azka-dd01-dual-motorlu-aluminyum-korkuluklu-demonte-hasta-karyolasi\/","title":{"rendered":"AZKA DD01 Dual Motorlu Al\u00fcminyum Korkuluklu Demonte Hasta Karyolas\u0131"},"content":{"rendered":"<div>Modern sa\u011fl\u0131k sekt\u00f6r\u00fc, hasta bak\u0131m\u0131nda konfor ve g\u00fcvenli\u011fi en \u00fcst d\u00fczeye \u00e7\u0131karmay\u0131 hedefler. Bu kapsamda geli\u015ftirilen AZKA DD01, hasta yataklar\u0131nda yenilik\u00e7i bir soluk olarak kar\u015f\u0131m\u0131za \u00e7\u0131kar. B2B alan\u0131nda faaliyet g\u00f6steren, engellilere ve hastalara y\u00f6nelik \u00f6zel ara\u00e7lar satan firmalar i\u00e7in ideal bir se\u00e7enektir. Demonte yap\u0131s\u0131yla dikkat \u00e7eken bu \u00fcr\u00fcn, lojistik kolayl\u0131klar\u0131n\u0131n yan\u0131 s\u0131ra kullan\u0131c\u0131lara sundu\u011fu \u00fcst\u00fcn \u00f6zelliklerle de \u00f6n plana \u00e7\u0131kar.<\/div>\n<div><\/div>\n<div>AZKA DD01&#8217;in g\u00f6vde yap\u0131s\u0131, d\u00fc\u015f\u00fck hacimlerde bile y\u00fcksek sevkiyat adetlerine olanak tan\u0131r. Bu, \u00f6zellikle geni\u015f da\u011f\u0131t\u0131m a\u011flar\u0131na sahip firmalar i\u00e7in ciddi bir lojistik ve maliyet avantaj\u0131 sa\u011flar. \u00dcr\u00fcn\u00fcn \u00e7apraz fren kilitleme sistemi, hem g\u00fcvenli\u011fi maksimize eder hem de stabil bir kullan\u0131m sunar. Bu sistem, hasta yata\u011f\u0131n\u0131n istenmeyen hareketlerini \u00f6nleyerek, hem hastalar\u0131n hem de bak\u0131m verenlerin g\u00fcvenli\u011fini art\u0131r\u0131r.<\/div>\n<div><\/div>\n<div>Havaland\u0131r\u0131labilir yatma y\u00fczeyleri, uzun s\u00fcreli kullan\u0131mlarda dahi hastalar\u0131n rahat\u0131n\u0131 d\u00fc\u015f\u00fcn\u00fcr. Bu y\u00fczeyler, hava sirk\u00fclasyonunu optimize ederek, hastalar\u0131n yatakta ge\u00e7irdikleri s\u00fcre boyunca konforlu bir deneyim ya\u015famalar\u0131n\u0131 sa\u011flar. Kumanda ile ayarlanabilir s\u0131rt ve ayak a\u00e7\u0131s\u0131 \u00f6zelli\u011fi sayesinde, hastalar\u0131n pozisyonlar\u0131 kolayca de\u011fi\u015ftirilebilir. Bu, \u00f6zellikle hareket kabiliyeti k\u0131s\u0131tl\u0131 hastalar i\u00e7in b\u00fcy\u00fck bir kolayl\u0131k sa\u011flar.<\/div>\n<div><\/div>\n<div>Opsiyonel CPR ve hem\u015fire kontrol kumandas\u0131, acil durumlarda h\u0131zl\u0131 m\u00fcdahale imkan\u0131 sunar. Hem\u015fire kontrol kumandas\u0131 ise, bak\u0131m verenlerin hasta yata\u011f\u0131n\u0131 daha etkin bir \u015fekilde kontrol etmelerine olanak tan\u0131r.<\/div>\n<div><\/div>\n<div>Serum ask\u0131s\u0131, hasta bak\u0131m\u0131nda \u00f6nemli bir detayd\u0131r. AZKA DD01 &#8211; Dual Motorlu Al\u00fcminyum Korkuluklu Demonte Hasta Karyolas\u0131 ile entegre edilen serum ask\u0131s\u0131, serumlar\u0131n g\u00fcvenli ve pratik bir \u015fekilde as\u0131lmas\u0131n\u0131 sa\u011flar. Bu, hem hastalar\u0131n rahat\u0131n\u0131 art\u0131r\u0131r hem de bak\u0131m s\u00fcre\u00e7lerini kolayla\u015ft\u0131r\u0131r.<\/div>\n<div><\/div>\n<div>Dual Motorlu Al\u00fcminyum Korkuluklu Demonte Hasta Karyolas\u0131, kullan\u0131c\u0131lar\u0131na sadece \u00fcst\u00fcn \u00f6zellikler sunmakla kalmaz, ayn\u0131 zamanda 2 y\u0131l boyunca g\u00fcvenle kullan\u0131mlar\u0131n\u0131 garanti eder. Bu uzun garanti s\u00fcresi, \u00fcr\u00fcn kalitesi ve m\u00fc\u015fteri memnuniyetine verilen \u00f6nemin bir g\u00f6stergesidir.<\/div>\n<div><\/div>\n<div>K\u0131sacas\u0131, AZKA DD01 &#8211; Dual Motorlu Al\u00fcminyum Korkuluklu Demonte Hasta Karyolas\u0131, sa\u011fl\u0131k sekt\u00f6r\u00fcnde ihtiya\u00e7 duyulan konforu, g\u00fcvenli\u011fi ve pratikli\u011fi bir arada sunar. Bu \u00fcr\u00fcn, hasta bak\u0131m\u0131n\u0131 kolayla\u015ft\u0131ran yenilik\u00e7i \u00f6zellikleriyle, B2B alan\u0131nda faaliyet g\u00f6steren firmalar i\u00e7in m\u00fckemmel bir se\u00e7enektir.<\/div>\n<div><\/div>\n<p><div  id=\"btn_klavuz\"  class='avia-button-wrap av-av_button-c47560ee62e6442b40ef719f3565cc35-wrap avia-button-left  avia-builder-el-0  el_before_av_button  avia-builder-el-first '><a href='https:\/\/www.integramedikal.com\/magaza\/upload\/kilavuz\/150-azka-dd01-dual-motorlu-aluminyum-korkuluklu-demonte-hasta-karyolasi-.pdf'  class='avia-button av-av_button-c47560ee62e6442b40ef719f3565cc35 av-link-btn avia-icon_select-yes-left-icon avia-size-medium avia-position-left avia-color-theme-color-highlight'  target=\"_blank\"  rel=\"noopener noreferrer\"  aria-label=\"Kullan\u0131m K\u0131lavuzu\"><span class='avia_button_icon avia_button_icon_left avia-svg-icon avia-font-svg_entypo-fontello' data-av_svg_icon='book-open' data-av_iconset='svg_entypo-fontello'><svg version=\"1.1\" xmlns=\"http:\/\/www.w3.org\/2000\/svg\" width=\"29\" height=\"32\" viewBox=\"0 0 29 32\" preserveAspectRatio=\"xMidYMid meet\" aria-labelledby='av-svg-title-1' aria-describedby='av-svg-desc-1' role=\"graphics-symbol\">\n<title id='av-svg-title-1'>Book-open<\/title>\n<desc id='av-svg-desc-1'>Book-open<\/desc>\n<path d=\"M10.88 19.584v2.176l-6.4-2.56v-2.176zM10.88 12.928v2.176l-6.4-2.56v-2.176zM28.096 1.856q0.704 0.384 0.704 1.344v20.48q0 1.088-1.024 1.472l-12.736 5.12q-0.256 0.064-0.32 0.064t-0.16 0.032-0.16 0.032-0.16-0.032-0.16-0.032l-0.32-0.064-12.736-5.12q-1.024-0.384-1.024-1.472v-20.48q0-0.96 0.704-1.344 0.704-0.512 1.472-0.192l12.224 4.928 12.224-4.928q0.768-0.32 1.472 0.192zM12.8 27.072v-17.92l-10.24-4.096v17.92zM26.24 22.976v-17.92l-10.24 4.096v17.92zM24.32 17.024v2.176l-6.4 2.56v-2.176zM24.32 10.368v2.176l-6.4 2.56v-2.176z\"><\/path>\n<\/svg><\/span><span class='avia_iconbox_title' >Kullan\u0131m K\u0131lavuzu<\/span><\/a><\/div> <div  id=\"btn_teknikbilgi\"  class='avia-button-wrap av-av_button-e069d87ec5d6298b9b6c476e2dc5aa4e-wrap avia-button-left  avia-builder-el-1  el_after_av_button  avia-builder-el-last '><a href='javascript:void(0);'  class='avia-button av-av_button-e069d87ec5d6298b9b6c476e2dc5aa4e av-link-btn avia-icon_select-yes-left-icon avia-size-medium avia-position-left avia-color-theme-color-highlight'   aria-label=\"Teknik Bilgi\"><span class='avia_button_icon avia_button_icon_left avia-svg-icon avia-font-svg_entypo-fontello' data-av_svg_icon='cog' data-av_iconset='svg_entypo-fontello'><svg version=\"1.1\" xmlns=\"http:\/\/www.w3.org\/2000\/svg\" width=\"27\" height=\"32\" viewBox=\"0 0 27 32\" preserveAspectRatio=\"xMidYMid meet\" aria-labelledby='av-svg-title-2' aria-describedby='av-svg-desc-2' role=\"graphics-symbol\">\n<title id='av-svg-title-2'>Cog<\/title>\n<desc id='av-svg-desc-2'>Cog<\/desc>\n<path d=\"M24.32 16q0 2.304 2.56 3.904-0.384 1.28-1.088 2.624-2.24-0.576-4.352 1.408-1.728 1.856-1.088 4.352-1.28 0.64-2.688 1.152-1.472-2.624-4.224-2.624t-4.224 2.624q-1.408-0.512-2.688-1.152 0.64-2.56-1.088-4.352-1.728-1.728-4.352-1.088-0.448-0.832-1.088-2.624 2.624-1.664 2.624-4.224 0-2.304-2.624-3.968 0.64-1.792 1.088-2.624 2.368 0.576 4.352-1.408 1.728-1.792 1.088-4.352 1.344-0.704 2.688-1.088 1.472 2.56 4.224 2.56t4.224-2.56q1.344 0.384 2.688 1.088-0.64 2.496 1.088 4.352 2.112 1.984 4.352 1.408 0.704 1.344 1.088 2.624-2.56 1.6-2.56 3.968zM13.44 21.824q2.432 0 4.128-1.696t1.696-4.128-1.696-4.16-4.128-1.728-4.128 1.728-1.696 4.16 1.696 4.128 4.128 1.696z\"><\/path>\n<\/svg><\/span><span class='avia_iconbox_title' >Teknik Bilgi<\/span><\/a><\/div><\/p>\n","protected":false},"excerpt":{"rendered":"<p>Modern sa\u011fl\u0131k sekt\u00f6r\u00fc, hasta bak\u0131m\u0131nda konfor ve g\u00fcvenli\u011fi en \u00fcst d\u00fczeye \u00e7\u0131karmay\u0131 hedefler. Bu kapsamda geli\u015ftirilen AZKA DD01, hasta yataklar\u0131nda yenilik\u00e7i bir soluk olarak kar\u015f\u0131m\u0131za \u00e7\u0131kar. B2B alan\u0131nda faaliyet g\u00f6steren, engellilere ve hastalara y\u00f6nelik \u00f6zel ara\u00e7lar satan firmalar i\u00e7in ideal bir se\u00e7enektir. Demonte yap\u0131s\u0131yla dikkat \u00e7eken bu \u00fcr\u00fcn, lojistik kolayl\u0131klar\u0131n\u0131n yan\u0131 s\u0131ra kullan\u0131c\u0131lara sundu\u011fu \u00fcst\u00fcn [&hellip;]<\/p>\n","protected":false},"featured_media":2089,"comment_status":"open","ping_status":"closed","template":"","meta":[],"product_brand":[],"product_cat":[960],"product_tag":[],"class_list":{"0":"post-2082","1":"product","2":"type-product","3":"status-publish","4":"has-post-thumbnail","6":"product_cat-hastane-yataklari","8":"first","9":"outofstock","10":"sale","11":"taxable","12":"shipping-taxable","13":"purchasable","14":"product-type-simple"},"yoast_head":"<!-- This site is optimized with the Yoast SEO plugin v27.4 - https:\/\/yoast.com\/product\/yoast-seo-wordpress\/ -->\n<title>AZKA DD01 Dual Motorlu Al\u00fcminyum Korkuluklu Demonte Hasta Karyolas\u0131 - \u0130ntegra Medikal | | Ma\u011faza<\/title>\n<meta name=\"robots\" content=\"index, follow, max-snippet:-1, max-image-preview:large, max-video-preview:-1\" \/>\n<link rel=\"canonical\" href=\"https:\/\/integramedikal.com\/magaza\/urun\/azka-dd01-dual-motorlu-aluminyum-korkuluklu-demonte-hasta-karyolasi\/\" \/>\n<meta property=\"og:locale\" content=\"tr_TR\" \/>\n<meta property=\"og:type\" content=\"article\" \/>\n<meta property=\"og:title\" content=\"AZKA DD01 Dual Motorlu Al\u00fcminyum Korkuluklu Demonte Hasta Karyolas\u0131 - \u0130ntegra Medikal | | Ma\u011faza\" \/>\n<meta property=\"og:description\" content=\"Modern sa\u011fl\u0131k sekt\u00f6r\u00fc, hasta bak\u0131m\u0131nda konfor ve g\u00fcvenli\u011fi en \u00fcst d\u00fczeye \u00e7\u0131karmay\u0131 hedefler. Bu kapsamda geli\u015ftirilen AZKA DD01, hasta yataklar\u0131nda yenilik\u00e7i bir soluk olarak kar\u015f\u0131m\u0131za \u00e7\u0131kar. B2B alan\u0131nda faaliyet g\u00f6steren, engellilere ve hastalara y\u00f6nelik \u00f6zel ara\u00e7lar satan firmalar i\u00e7in ideal bir se\u00e7enektir. Demonte yap\u0131s\u0131yla dikkat \u00e7eken bu \u00fcr\u00fcn, lojistik kolayl\u0131klar\u0131n\u0131n yan\u0131 s\u0131ra kullan\u0131c\u0131lara sundu\u011fu \u00fcst\u00fcn [&hellip;]\" \/>\n<meta property=\"og:url\" content=\"https:\/\/integramedikal.com\/magaza\/urun\/azka-dd01-dual-motorlu-aluminyum-korkuluklu-demonte-hasta-karyolasi\/\" \/>\n<meta property=\"og:site_name\" content=\"\u0130ntegra Medikal | | Ma\u011faza\" \/>\n<meta property=\"article:publisher\" content=\"https:\/\/www.facebook.com\/integramedikal1\" \/>\n<meta property=\"article:modified_time\" content=\"2026-03-31T11:50:37+00:00\" \/>\n<meta property=\"og:image\" content=\"https:\/\/integramedikal.com\/magaza\/wp-content\/uploads\/2025\/06\/SMG_7076.jpg\" \/>\n\t<meta property=\"og:image:width\" content=\"1080\" \/>\n\t<meta property=\"og:image:height\" content=\"1080\" \/>\n\t<meta property=\"og:image:type\" content=\"image\/jpeg\" \/>\n<meta name=\"twitter:card\" content=\"summary_large_image\" \/>\n<meta name=\"twitter:site\" content=\"@integramedikal\" \/>\n<meta name=\"twitter:label1\" content=\"Tahmini okuma s\u00fcresi\" \/>\n\t<meta name=\"twitter:data1\" content=\"3 dakika\" \/>\n<script type=\"application\/ld+json\" class=\"yoast-schema-graph\">{\"@context\":\"https:\\\/\\\/schema.org\",\"@graph\":[{\"@type\":\"WebPage\",\"@id\":\"https:\\\/\\\/integramedikal.com\\\/magaza\\\/urun\\\/azka-dd01-dual-motorlu-aluminyum-korkuluklu-demonte-hasta-karyolasi\\\/\",\"url\":\"https:\\\/\\\/integramedikal.com\\\/magaza\\\/urun\\\/azka-dd01-dual-motorlu-aluminyum-korkuluklu-demonte-hasta-karyolasi\\\/\",\"name\":\"AZKA DD01 Dual Motorlu Al\u00fcminyum Korkuluklu Demonte Hasta Karyolas\u0131 - \u0130ntegra Medikal | | Ma\u011faza\",\"isPartOf\":{\"@id\":\"https:\\\/\\\/integramedikal.com\\\/magaza\\\/#website\"},\"primaryImageOfPage\":{\"@id\":\"https:\\\/\\\/integramedikal.com\\\/magaza\\\/urun\\\/azka-dd01-dual-motorlu-aluminyum-korkuluklu-demonte-hasta-karyolasi\\\/#primaryimage\"},\"image\":{\"@id\":\"https:\\\/\\\/integramedikal.com\\\/magaza\\\/urun\\\/azka-dd01-dual-motorlu-aluminyum-korkuluklu-demonte-hasta-karyolasi\\\/#primaryimage\"},\"thumbnailUrl\":\"https:\\\/\\\/integramedikal.com\\\/magaza\\\/wp-content\\\/uploads\\\/2025\\\/06\\\/SMG_7076.jpg\",\"datePublished\":\"2025-06-02T21:32:23+00:00\",\"dateModified\":\"2026-03-31T11:50:37+00:00\",\"breadcrumb\":{\"@id\":\"https:\\\/\\\/integramedikal.com\\\/magaza\\\/urun\\\/azka-dd01-dual-motorlu-aluminyum-korkuluklu-demonte-hasta-karyolasi\\\/#breadcrumb\"},\"inLanguage\":\"tr\",\"potentialAction\":[{\"@type\":\"ReadAction\",\"target\":[\"https:\\\/\\\/integramedikal.com\\\/magaza\\\/urun\\\/azka-dd01-dual-motorlu-aluminyum-korkuluklu-demonte-hasta-karyolasi\\\/\"]}]},{\"@type\":\"ImageObject\",\"inLanguage\":\"tr\",\"@id\":\"https:\\\/\\\/integramedikal.com\\\/magaza\\\/urun\\\/azka-dd01-dual-motorlu-aluminyum-korkuluklu-demonte-hasta-karyolasi\\\/#primaryimage\",\"url\":\"https:\\\/\\\/integramedikal.com\\\/magaza\\\/wp-content\\\/uploads\\\/2025\\\/06\\\/SMG_7076.jpg\",\"contentUrl\":\"https:\\\/\\\/integramedikal.com\\\/magaza\\\/wp-content\\\/uploads\\\/2025\\\/06\\\/SMG_7076.jpg\",\"width\":1080,\"height\":1080},{\"@type\":\"BreadcrumbList\",\"@id\":\"https:\\\/\\\/integramedikal.com\\\/magaza\\\/urun\\\/azka-dd01-dual-motorlu-aluminyum-korkuluklu-demonte-hasta-karyolasi\\\/#breadcrumb\",\"itemListElement\":[{\"@type\":\"ListItem\",\"position\":1,\"name\":\"Anasayfa\",\"item\":\"https:\\\/\\\/integramedikal.com\\\/magaza\\\/anasayfa\\\/\"},{\"@type\":\"ListItem\",\"position\":2,\"name\":\"Shop\",\"item\":\"https:\\\/\\\/integramedikal.com\\\/magaza\\\/shop\\\/\"},{\"@type\":\"ListItem\",\"position\":3,\"name\":\"AZKA DD01 Dual Motorlu Al\u00fcminyum Korkuluklu Demonte Hasta Karyolas\u0131\"}]},{\"@type\":\"WebSite\",\"@id\":\"https:\\\/\\\/integramedikal.com\\\/magaza\\\/#website\",\"url\":\"https:\\\/\\\/integramedikal.com\\\/magaza\\\/\",\"name\":\"\u0130ntegra Medikal < | | >Ma\u011faza\",\"description\":\"Sa\u011fl\u0131kta Kalite | Sekt\u00f6rde 25. Y\u0131l\",\"publisher\":{\"@id\":\"https:\\\/\\\/integramedikal.com\\\/magaza\\\/#organization\"},\"potentialAction\":[{\"@type\":\"SearchAction\",\"target\":{\"@type\":\"EntryPoint\",\"urlTemplate\":\"https:\\\/\\\/integramedikal.com\\\/magaza\\\/?s={search_term_string}\"},\"query-input\":{\"@type\":\"PropertyValueSpecification\",\"valueRequired\":true,\"valueName\":\"search_term_string\"}}],\"inLanguage\":\"tr\"},{\"@type\":\"Organization\",\"@id\":\"https:\\\/\\\/integramedikal.com\\\/magaza\\\/#organization\",\"name\":\"\u0130ntegra Medikal < | | >Ma\u011faza\",\"url\":\"https:\\\/\\\/integramedikal.com\\\/magaza\\\/\",\"logo\":{\"@type\":\"ImageObject\",\"inLanguage\":\"tr\",\"@id\":\"https:\\\/\\\/integramedikal.com\\\/magaza\\\/#\\\/schema\\\/logo\\\/image\\\/\",\"url\":\"https:\\\/\\\/integramedikal.com\\\/magaza\\\/wp-content\\\/uploads\\\/2025\\\/06\\\/integra-logo-1.png\",\"contentUrl\":\"https:\\\/\\\/integramedikal.com\\\/magaza\\\/wp-content\\\/uploads\\\/2025\\\/06\\\/integra-logo-1.png\",\"width\":340,\"height\":156,\"caption\":\"\u0130ntegra Medikal < | | >Ma\u011faza\"},\"image\":{\"@id\":\"https:\\\/\\\/integramedikal.com\\\/magaza\\\/#\\\/schema\\\/logo\\\/image\\\/\"},\"sameAs\":[\"https:\\\/\\\/www.facebook.com\\\/integramedikal1\",\"https:\\\/\\\/x.com\\\/integramedikal\",\"https:\\\/\\\/www.instagram.com\\\/integramedikal\\\/\",\"https:\\\/\\\/www.youtube.com\\\/user\\\/integramedikal\"]}]}<\/script>\n<!-- \/ Yoast SEO plugin. -->","yoast_head_json":{"title":"AZKA DD01 Dual Motorlu Al\u00fcminyum Korkuluklu Demonte Hasta Karyolas\u0131 - \u0130ntegra Medikal | | Ma\u011faza","robots":{"index":"index","follow":"follow","max-snippet":"max-snippet:-1","max-image-preview":"max-image-preview:large","max-video-preview":"max-video-preview:-1"},"canonical":"https:\/\/integramedikal.com\/magaza\/urun\/azka-dd01-dual-motorlu-aluminyum-korkuluklu-demonte-hasta-karyolasi\/","og_locale":"tr_TR","og_type":"article","og_title":"AZKA DD01 Dual Motorlu Al\u00fcminyum Korkuluklu Demonte Hasta Karyolas\u0131 - \u0130ntegra Medikal | | Ma\u011faza","og_description":"Modern sa\u011fl\u0131k sekt\u00f6r\u00fc, hasta bak\u0131m\u0131nda konfor ve g\u00fcvenli\u011fi en \u00fcst d\u00fczeye \u00e7\u0131karmay\u0131 hedefler. Bu kapsamda geli\u015ftirilen AZKA DD01, hasta yataklar\u0131nda yenilik\u00e7i bir soluk olarak kar\u015f\u0131m\u0131za \u00e7\u0131kar. B2B alan\u0131nda faaliyet g\u00f6steren, engellilere ve hastalara y\u00f6nelik \u00f6zel ara\u00e7lar satan firmalar i\u00e7in ideal bir se\u00e7enektir. Demonte yap\u0131s\u0131yla dikkat \u00e7eken bu \u00fcr\u00fcn, lojistik kolayl\u0131klar\u0131n\u0131n yan\u0131 s\u0131ra kullan\u0131c\u0131lara sundu\u011fu \u00fcst\u00fcn [&hellip;]","og_url":"https:\/\/integramedikal.com\/magaza\/urun\/azka-dd01-dual-motorlu-aluminyum-korkuluklu-demonte-hasta-karyolasi\/","og_site_name":"\u0130ntegra Medikal | | Ma\u011faza","article_publisher":"https:\/\/www.facebook.com\/integramedikal1","article_modified_time":"2026-03-31T11:50:37+00:00","og_image":[{"width":1080,"height":1080,"url":"https:\/\/integramedikal.com\/magaza\/wp-content\/uploads\/2025\/06\/SMG_7076.jpg","type":"image\/jpeg"}],"twitter_card":"summary_large_image","twitter_site":"@integramedikal","twitter_misc":{"Tahmini okuma s\u00fcresi":"3 dakika"},"schema":{"@context":"https:\/\/schema.org","@graph":[{"@type":"WebPage","@id":"https:\/\/integramedikal.com\/magaza\/urun\/azka-dd01-dual-motorlu-aluminyum-korkuluklu-demonte-hasta-karyolasi\/","url":"https:\/\/integramedikal.com\/magaza\/urun\/azka-dd01-dual-motorlu-aluminyum-korkuluklu-demonte-hasta-karyolasi\/","name":"AZKA DD01 Dual Motorlu Al\u00fcminyum Korkuluklu Demonte Hasta Karyolas\u0131 - \u0130ntegra Medikal | | Ma\u011faza","isPartOf":{"@id":"https:\/\/integramedikal.com\/magaza\/#website"},"primaryImageOfPage":{"@id":"https:\/\/integramedikal.com\/magaza\/urun\/azka-dd01-dual-motorlu-aluminyum-korkuluklu-demonte-hasta-karyolasi\/#primaryimage"},"image":{"@id":"https:\/\/integramedikal.com\/magaza\/urun\/azka-dd01-dual-motorlu-aluminyum-korkuluklu-demonte-hasta-karyolasi\/#primaryimage"},"thumbnailUrl":"https:\/\/integramedikal.com\/magaza\/wp-content\/uploads\/2025\/06\/SMG_7076.jpg","datePublished":"2025-06-02T21:32:23+00:00","dateModified":"2026-03-31T11:50:37+00:00","breadcrumb":{"@id":"https:\/\/integramedikal.com\/magaza\/urun\/azka-dd01-dual-motorlu-aluminyum-korkuluklu-demonte-hasta-karyolasi\/#breadcrumb"},"inLanguage":"tr","potentialAction":[{"@type":"ReadAction","target":["https:\/\/integramedikal.com\/magaza\/urun\/azka-dd01-dual-motorlu-aluminyum-korkuluklu-demonte-hasta-karyolasi\/"]}]},{"@type":"ImageObject","inLanguage":"tr","@id":"https:\/\/integramedikal.com\/magaza\/urun\/azka-dd01-dual-motorlu-aluminyum-korkuluklu-demonte-hasta-karyolasi\/#primaryimage","url":"https:\/\/integramedikal.com\/magaza\/wp-content\/uploads\/2025\/06\/SMG_7076.jpg","contentUrl":"https:\/\/integramedikal.com\/magaza\/wp-content\/uploads\/2025\/06\/SMG_7076.jpg","width":1080,"height":1080},{"@type":"BreadcrumbList","@id":"https:\/\/integramedikal.com\/magaza\/urun\/azka-dd01-dual-motorlu-aluminyum-korkuluklu-demonte-hasta-karyolasi\/#breadcrumb","itemListElement":[{"@type":"ListItem","position":1,"name":"Anasayfa","item":"https:\/\/integramedikal.com\/magaza\/anasayfa\/"},{"@type":"ListItem","position":2,"name":"Shop","item":"https:\/\/integramedikal.com\/magaza\/shop\/"},{"@type":"ListItem","position":3,"name":"AZKA DD01 Dual Motorlu Al\u00fcminyum Korkuluklu Demonte Hasta Karyolas\u0131"}]},{"@type":"WebSite","@id":"https:\/\/integramedikal.com\/magaza\/#website","url":"https:\/\/integramedikal.com\/magaza\/","name":"\u0130ntegra Medikal < | | >Ma\u011faza","description":"Sa\u011fl\u0131kta Kalite | Sekt\u00f6rde 25. Y\u0131l","publisher":{"@id":"https:\/\/integramedikal.com\/magaza\/#organization"},"potentialAction":[{"@type":"SearchAction","target":{"@type":"EntryPoint","urlTemplate":"https:\/\/integramedikal.com\/magaza\/?s={search_term_string}"},"query-input":{"@type":"PropertyValueSpecification","valueRequired":true,"valueName":"search_term_string"}}],"inLanguage":"tr"},{"@type":"Organization","@id":"https:\/\/integramedikal.com\/magaza\/#organization","name":"\u0130ntegra Medikal < | | >Ma\u011faza","url":"https:\/\/integramedikal.com\/magaza\/","logo":{"@type":"ImageObject","inLanguage":"tr","@id":"https:\/\/integramedikal.com\/magaza\/#\/schema\/logo\/image\/","url":"https:\/\/integramedikal.com\/magaza\/wp-content\/uploads\/2025\/06\/integra-logo-1.png","contentUrl":"https:\/\/integramedikal.com\/magaza\/wp-content\/uploads\/2025\/06\/integra-logo-1.png","width":340,"height":156,"caption":"\u0130ntegra Medikal < | | >Ma\u011faza"},"image":{"@id":"https:\/\/integramedikal.com\/magaza\/#\/schema\/logo\/image\/"},"sameAs":["https:\/\/www.facebook.com\/integramedikal1","https:\/\/x.com\/integramedikal","https:\/\/www.instagram.com\/integramedikal\/","https:\/\/www.youtube.com\/user\/integramedikal"]}]}},"_links":{"self":[{"href":"https:\/\/integramedikal.com\/magaza\/wp-json\/wp\/v2\/product\/2082","targetHints":{"allow":["GET"]}}],"collection":[{"href":"https:\/\/integramedikal.com\/magaza\/wp-json\/wp\/v2\/product"}],"about":[{"href":"https:\/\/integramedikal.com\/magaza\/wp-json\/wp\/v2\/types\/product"}],"replies":[{"embeddable":true,"href":"https:\/\/integramedikal.com\/magaza\/wp-json\/wp\/v2\/comments?post=2082"}],"wp:featuredmedia":[{"embeddable":true,"href":"https:\/\/integramedikal.com\/magaza\/wp-json\/wp\/v2\/media\/2089"}],"wp:attachment":[{"href":"https:\/\/integramedikal.com\/magaza\/wp-json\/wp\/v2\/media?parent=2082"}],"wp:term":[{"taxonomy":"product_brand","embeddable":true,"href":"https:\/\/integramedikal.com\/magaza\/wp-json\/wp\/v2\/product_brand?post=2082"},{"taxonomy":"product_cat","embeddable":true,"href":"https:\/\/integramedikal.com\/magaza\/wp-json\/wp\/v2\/product_cat?post=2082"},{"taxonomy":"product_tag","embeddable":true,"href":"https:\/\/integramedikal.com\/magaza\/wp-json\/wp\/v2\/product_tag?post=2082"}],"curies":[{"name":"wp","href":"https:\/\/api.w.org\/{rel}","templated":true}]}}