{"id":1993,"date":"2025-06-03T00:27:30","date_gmt":"2025-06-02T21:27:30","guid":{"rendered":"https:\/\/integramedikal.com\/magaza\/?post_type=product&#038;p=1993"},"modified":"2026-04-01T10:49:21","modified_gmt":"2026-04-01T07:49:21","slug":"azka-2001-2-motorlu-abs-korkuluklu-hasta-karyolasi","status":"publish","type":"product","link":"https:\/\/integramedikal.com\/magaza\/urun\/azka-2001-2-motorlu-abs-korkuluklu-hasta-karyolasi\/","title":{"rendered":"AZKA 2001 2 Motorlu ABS Korkuluklu Hasta Karyolas\u0131"},"content":{"rendered":"<div>AZKA 2001 modeli, 2 motorlu ABS korkuluklu hasta karyolas\u0131, sa\u011fl\u0131k sekt\u00f6r\u00fcnde hizmet veren firmalar ve bireysel kullan\u0131c\u0131lara y\u00f6nelik tasarlanm\u0131\u015f, kullan\u0131m kolayl\u0131\u011f\u0131 ve y\u00fcksek g\u00fcvenlik standartlar\u0131 sunan bir \u00fcr\u00fcnd\u00fcr. Bu \u00f6zel tasar\u0131m, hasta ve engelli bireylerin konforunu ve g\u00fcvenli\u011fini \u00f6n planda tutarken, sa\u011fl\u0131k sekt\u00f6r\u00fc profesyonellerinin i\u015flerini kolayla\u015ft\u0131rmay\u0131 hedefler.<\/div>\n<div><\/div>\n<div>\u00dcr\u00fcn, iki g\u00fc\u00e7l\u00fc motor sayesinde s\u0131rt ve ayak b\u00f6l\u00fcm\u00fcn\u00fcn kumanda ile rahat\u00e7a ayarlanabilmesine olanak tan\u0131r. Bu \u00f6zellik, hastalar\u0131n konforunu maksimize ederken ayn\u0131 zamanda bak\u0131m hizmeti verenlerin de i\u015flerini kolayla\u015ft\u0131r\u0131r. G\u00fcvenlik a\u00e7\u0131s\u0131ndan, \u00e7apraz fren kilitleme sistemi ile donat\u0131lm\u0131\u015f olan AZKA 2001, karyolan\u0131n herhangi bir istenmeyen ani hareketini engelleyerek maksimum stabilite ve g\u00fcvenlik sa\u011flar.<\/div>\n<div><\/div>\n<div>Hastan\u0131n yatakta ge\u00e7irdi\u011fi uzun s\u00fcreler g\u00f6z \u00f6n\u00fcne al\u0131nd\u0131\u011f\u0131nda, cilt sa\u011fl\u0131\u011f\u0131 b\u00fcy\u00fck \u00f6nem ta\u015f\u0131r. Bu sebeple, havaland\u0131r\u0131labilir yatma y\u00fczeyleri ile tasarlanm\u0131\u015f olan AZKA 2001, hava sirk\u00fclasyonunu optimize ederek, bas\u0131 yaralar\u0131n\u0131n \u00f6nlenmesine yard\u0131mc\u0131 olur. Kumandayla ayarlanabilir s\u0131rt ve ayak a\u00e7\u0131s\u0131 sayesinde, her hastan\u0131n farkl\u0131 ihtiya\u00e7lar\u0131na uyum sa\u011flayabilen bu karyola, ideal konumland\u0131rmay\u0131 m\u00fcmk\u00fcn k\u0131lar.<\/div>\n<div><\/div>\n<div>AZKA 2001, opsiyonel olarak sunulan CPR fonksiyonu ve hem\u015fireler i\u00e7in \u00f6zel tasarlanm\u0131\u015f kontrol kumandas\u0131 ile acil durumlarda h\u0131zl\u0131 m\u00fcdahaleyi kolayla\u015ft\u0131r\u0131r. Bu fonksiyonlar, karyolan\u0131n fonksiyonelli\u011fini art\u0131rarak, sa\u011fl\u0131k profesyonellerine b\u00fcy\u00fck kolayl\u0131klar sa\u011flar. Ayr\u0131ca, her t\u00fcrl\u00fc tedavi prosed\u00fcr\u00fcne uyum sa\u011flayabilen ve kolayca eri\u015filebilen serum ask\u0131s\u0131 ile donat\u0131lm\u0131\u015ft\u0131r, bu da \u00fcr\u00fcn\u00fcn kullan\u0131m alan\u0131n\u0131 geni\u015fletir.<\/div>\n<div><\/div>\n<div>AZKA 2001 2 Motorlu ABS Korkuluklu Hasta Karyolas\u0131, sa\u011fl\u0131k sekt\u00f6r\u00fcnde faaliyet g\u00f6steren firmalar i\u00e7in, hasta ve engelli bireylerin ya\u015fam kalitesini art\u0131rmak amac\u0131yla tasarlanm\u0131\u015ft\u0131r. Kullan\u0131m kolayl\u0131\u011f\u0131, y\u00fcksek g\u00fcvenlik standartlar\u0131 ve hastalar\u0131n ihtiya\u00e7lar\u0131na duyarl\u0131 tasar\u0131m\u0131 ile sekt\u00f6rde fark yaratmay\u0131 ama\u00e7lar.\u00a0<\/div>\n<div><\/div>\n<div>Korkuluklu Hasta Karyolas\u0131 modeli, kalitesinden emin oldu\u011fumuz bir \u00fcr\u00fcn olarak, kullan\u0131c\u0131lar\u0131na 2 y\u0131l s\u00fcreyle garanti vermektedir. Bu garanti kapsam\u0131nda, \u00fcr\u00fcn\u00fcn i\u015f\u00e7ilik veya malzeme hatalar\u0131na kar\u015f\u0131 tam koruma alt\u0131nda oldu\u011funu taahh\u00fct ediyoruz, bu da m\u00fc\u015fterilerimize ek bir g\u00fcven sunar.<\/div>\n<div><\/div>\n<div>Bu \u00fcr\u00fcn, hastalara daha iyi bak\u0131m sa\u011flarken, sa\u011fl\u0131k sekt\u00f6r\u00fc profesyonellerinin i\u015f verimlili\u011fini art\u0131rma potansiyeline sahiptir. AZKA 2001&#8217;i tercih ederek, sa\u011fl\u0131k sekt\u00f6r\u00fcndeki yenilik\u00e7i ve kaliteli hizmet anlay\u0131\u015f\u0131n\u0131z\u0131 peki\u015ftirebilirsiniz. Bu, hem hastalar\u0131n hem de sa\u011fl\u0131k sekt\u00f6r\u00fc profesyonellerinin hayat\u0131n\u0131 kolayla\u015ft\u0131ran bir yat\u0131r\u0131md\u0131r.<\/div>\n<div><\/div>\n<p><div  id=\"btn_klavuz\"  class='avia-button-wrap av-av_button-f2206037801e5c5678598ab8eb8325ef-wrap avia-button-left  avia-builder-el-0  el_before_av_button  avia-builder-el-first '><a href='https:\/\/www.integramedikal.com\/magaza\/upload\/kilavuz\/146-azka-2001-2-motorlu-abs-korkuluklu-hasta-karyolasi-.pdf'  class='avia-button av-av_button-f2206037801e5c5678598ab8eb8325ef av-link-btn avia-icon_select-yes-left-icon avia-size-medium avia-position-left avia-color-theme-color-highlight'  target=\"_blank\"  rel=\"noopener noreferrer\"  aria-label=\"Kullan\u0131m K\u0131lavuzu\"><span class='avia_button_icon avia_button_icon_left avia-svg-icon avia-font-svg_entypo-fontello' data-av_svg_icon='book-open' data-av_iconset='svg_entypo-fontello'><svg version=\"1.1\" xmlns=\"http:\/\/www.w3.org\/2000\/svg\" width=\"29\" height=\"32\" viewBox=\"0 0 29 32\" preserveAspectRatio=\"xMidYMid meet\" aria-labelledby='av-svg-title-1' aria-describedby='av-svg-desc-1' role=\"graphics-symbol\">\n<title id='av-svg-title-1'>Book-open<\/title>\n<desc id='av-svg-desc-1'>Book-open<\/desc>\n<path d=\"M10.88 19.584v2.176l-6.4-2.56v-2.176zM10.88 12.928v2.176l-6.4-2.56v-2.176zM28.096 1.856q0.704 0.384 0.704 1.344v20.48q0 1.088-1.024 1.472l-12.736 5.12q-0.256 0.064-0.32 0.064t-0.16 0.032-0.16 0.032-0.16-0.032-0.16-0.032l-0.32-0.064-12.736-5.12q-1.024-0.384-1.024-1.472v-20.48q0-0.96 0.704-1.344 0.704-0.512 1.472-0.192l12.224 4.928 12.224-4.928q0.768-0.32 1.472 0.192zM12.8 27.072v-17.92l-10.24-4.096v17.92zM26.24 22.976v-17.92l-10.24 4.096v17.92zM24.32 17.024v2.176l-6.4 2.56v-2.176zM24.32 10.368v2.176l-6.4 2.56v-2.176z\"><\/path>\n<\/svg><\/span><span class='avia_iconbox_title' >Kullan\u0131m K\u0131lavuzu<\/span><\/a><\/div> <div  id=\"btn_teknikbilgi\"  class='avia-button-wrap av-av_button-e069d87ec5d6298b9b6c476e2dc5aa4e-wrap avia-button-left  avia-builder-el-1  el_after_av_button  avia-builder-el-last '><a href='javascript:void(0);'  class='avia-button av-av_button-e069d87ec5d6298b9b6c476e2dc5aa4e av-link-btn avia-icon_select-yes-left-icon avia-size-medium avia-position-left avia-color-theme-color-highlight'   aria-label=\"Teknik Bilgi\"><span class='avia_button_icon avia_button_icon_left avia-svg-icon avia-font-svg_entypo-fontello' data-av_svg_icon='cog' data-av_iconset='svg_entypo-fontello'><svg version=\"1.1\" xmlns=\"http:\/\/www.w3.org\/2000\/svg\" width=\"27\" height=\"32\" viewBox=\"0 0 27 32\" preserveAspectRatio=\"xMidYMid meet\" aria-labelledby='av-svg-title-2' aria-describedby='av-svg-desc-2' role=\"graphics-symbol\">\n<title id='av-svg-title-2'>Cog<\/title>\n<desc id='av-svg-desc-2'>Cog<\/desc>\n<path d=\"M24.32 16q0 2.304 2.56 3.904-0.384 1.28-1.088 2.624-2.24-0.576-4.352 1.408-1.728 1.856-1.088 4.352-1.28 0.64-2.688 1.152-1.472-2.624-4.224-2.624t-4.224 2.624q-1.408-0.512-2.688-1.152 0.64-2.56-1.088-4.352-1.728-1.728-4.352-1.088-0.448-0.832-1.088-2.624 2.624-1.664 2.624-4.224 0-2.304-2.624-3.968 0.64-1.792 1.088-2.624 2.368 0.576 4.352-1.408 1.728-1.792 1.088-4.352 1.344-0.704 2.688-1.088 1.472 2.56 4.224 2.56t4.224-2.56q1.344 0.384 2.688 1.088-0.64 2.496 1.088 4.352 2.112 1.984 4.352 1.408 0.704 1.344 1.088 2.624-2.56 1.6-2.56 3.968zM13.44 21.824q2.432 0 4.128-1.696t1.696-4.128-1.696-4.16-4.128-1.728-4.128 1.728-1.696 4.16 1.696 4.128 4.128 1.696z\"><\/path>\n<\/svg><\/span><span class='avia_iconbox_title' >Teknik Bilgi<\/span><\/a><\/div><\/p>\n","protected":false},"excerpt":{"rendered":"<p>AZKA 2001 modeli, 2 motorlu ABS korkuluklu hasta karyolas\u0131, sa\u011fl\u0131k sekt\u00f6r\u00fcnde hizmet veren firmalar ve bireysel kullan\u0131c\u0131lara y\u00f6nelik tasarlanm\u0131\u015f, kullan\u0131m kolayl\u0131\u011f\u0131 ve y\u00fcksek g\u00fcvenlik standartlar\u0131 sunan bir \u00fcr\u00fcnd\u00fcr. Bu \u00f6zel tasar\u0131m, hasta ve engelli bireylerin konforunu ve g\u00fcvenli\u011fini \u00f6n planda tutarken, sa\u011fl\u0131k sekt\u00f6r\u00fc profesyonellerinin i\u015flerini kolayla\u015ft\u0131rmay\u0131 hedefler. \u00dcr\u00fcn, iki g\u00fc\u00e7l\u00fc motor sayesinde s\u0131rt ve ayak [&hellip;]<\/p>\n","protected":false},"featured_media":2039,"comment_status":"open","ping_status":"closed","template":"","meta":[],"product_brand":[],"product_cat":[960],"product_tag":[],"class_list":{"0":"post-1993","1":"product","2":"type-product","3":"status-publish","4":"has-post-thumbnail","6":"product_cat-hastane-yataklari","8":"first","9":"outofstock","10":"sale","11":"taxable","12":"shipping-taxable","13":"purchasable","14":"product-type-simple"},"yoast_head":"<!-- This site is optimized with the Yoast SEO plugin v27.4 - https:\/\/yoast.com\/product\/yoast-seo-wordpress\/ -->\n<title>AZKA 2001 2 Motorlu ABS Korkuluklu Hasta Karyolas\u0131 - \u0130ntegra Medikal | | Ma\u011faza<\/title>\n<meta name=\"robots\" content=\"index, follow, max-snippet:-1, max-image-preview:large, max-video-preview:-1\" \/>\n<link rel=\"canonical\" href=\"https:\/\/integramedikal.com\/magaza\/urun\/azka-2001-2-motorlu-abs-korkuluklu-hasta-karyolasi\/\" \/>\n<meta property=\"og:locale\" content=\"tr_TR\" \/>\n<meta property=\"og:type\" content=\"article\" \/>\n<meta property=\"og:title\" content=\"AZKA 2001 2 Motorlu ABS Korkuluklu Hasta Karyolas\u0131 - \u0130ntegra Medikal | | Ma\u011faza\" \/>\n<meta property=\"og:description\" content=\"AZKA 2001 modeli, 2 motorlu ABS korkuluklu hasta karyolas\u0131, sa\u011fl\u0131k sekt\u00f6r\u00fcnde hizmet veren firmalar ve bireysel kullan\u0131c\u0131lara y\u00f6nelik tasarlanm\u0131\u015f, kullan\u0131m kolayl\u0131\u011f\u0131 ve y\u00fcksek g\u00fcvenlik standartlar\u0131 sunan bir \u00fcr\u00fcnd\u00fcr. Bu \u00f6zel tasar\u0131m, hasta ve engelli bireylerin konforunu ve g\u00fcvenli\u011fini \u00f6n planda tutarken, sa\u011fl\u0131k sekt\u00f6r\u00fc profesyonellerinin i\u015flerini kolayla\u015ft\u0131rmay\u0131 hedefler. \u00dcr\u00fcn, iki g\u00fc\u00e7l\u00fc motor sayesinde s\u0131rt ve ayak [&hellip;]\" \/>\n<meta property=\"og:url\" content=\"https:\/\/integramedikal.com\/magaza\/urun\/azka-2001-2-motorlu-abs-korkuluklu-hasta-karyolasi\/\" \/>\n<meta property=\"og:site_name\" content=\"\u0130ntegra Medikal | | Ma\u011faza\" \/>\n<meta property=\"article:publisher\" content=\"https:\/\/www.facebook.com\/integramedikal1\" \/>\n<meta property=\"article:modified_time\" content=\"2026-04-01T07:49:21+00:00\" \/>\n<meta property=\"og:image\" content=\"https:\/\/integramedikal.com\/magaza\/wp-content\/uploads\/2025\/06\/SMG_9710.jpg\" \/>\n\t<meta property=\"og:image:width\" content=\"1080\" \/>\n\t<meta property=\"og:image:height\" content=\"1080\" \/>\n\t<meta property=\"og:image:type\" content=\"image\/jpeg\" \/>\n<meta name=\"twitter:card\" content=\"summary_large_image\" \/>\n<meta name=\"twitter:site\" content=\"@integramedikal\" \/>\n<meta name=\"twitter:label1\" content=\"Tahmini okuma s\u00fcresi\" \/>\n\t<meta name=\"twitter:data1\" content=\"3 dakika\" \/>\n<script type=\"application\/ld+json\" class=\"yoast-schema-graph\">{\"@context\":\"https:\\\/\\\/schema.org\",\"@graph\":[{\"@type\":\"WebPage\",\"@id\":\"https:\\\/\\\/integramedikal.com\\\/magaza\\\/urun\\\/azka-2001-2-motorlu-abs-korkuluklu-hasta-karyolasi\\\/\",\"url\":\"https:\\\/\\\/integramedikal.com\\\/magaza\\\/urun\\\/azka-2001-2-motorlu-abs-korkuluklu-hasta-karyolasi\\\/\",\"name\":\"AZKA 2001 2 Motorlu ABS Korkuluklu Hasta Karyolas\u0131 - \u0130ntegra Medikal | | Ma\u011faza\",\"isPartOf\":{\"@id\":\"https:\\\/\\\/integramedikal.com\\\/magaza\\\/#website\"},\"primaryImageOfPage\":{\"@id\":\"https:\\\/\\\/integramedikal.com\\\/magaza\\\/urun\\\/azka-2001-2-motorlu-abs-korkuluklu-hasta-karyolasi\\\/#primaryimage\"},\"image\":{\"@id\":\"https:\\\/\\\/integramedikal.com\\\/magaza\\\/urun\\\/azka-2001-2-motorlu-abs-korkuluklu-hasta-karyolasi\\\/#primaryimage\"},\"thumbnailUrl\":\"https:\\\/\\\/integramedikal.com\\\/magaza\\\/wp-content\\\/uploads\\\/2025\\\/06\\\/SMG_9710.jpg\",\"datePublished\":\"2025-06-02T21:27:30+00:00\",\"dateModified\":\"2026-04-01T07:49:21+00:00\",\"breadcrumb\":{\"@id\":\"https:\\\/\\\/integramedikal.com\\\/magaza\\\/urun\\\/azka-2001-2-motorlu-abs-korkuluklu-hasta-karyolasi\\\/#breadcrumb\"},\"inLanguage\":\"tr\",\"potentialAction\":[{\"@type\":\"ReadAction\",\"target\":[\"https:\\\/\\\/integramedikal.com\\\/magaza\\\/urun\\\/azka-2001-2-motorlu-abs-korkuluklu-hasta-karyolasi\\\/\"]}]},{\"@type\":\"ImageObject\",\"inLanguage\":\"tr\",\"@id\":\"https:\\\/\\\/integramedikal.com\\\/magaza\\\/urun\\\/azka-2001-2-motorlu-abs-korkuluklu-hasta-karyolasi\\\/#primaryimage\",\"url\":\"https:\\\/\\\/integramedikal.com\\\/magaza\\\/wp-content\\\/uploads\\\/2025\\\/06\\\/SMG_9710.jpg\",\"contentUrl\":\"https:\\\/\\\/integramedikal.com\\\/magaza\\\/wp-content\\\/uploads\\\/2025\\\/06\\\/SMG_9710.jpg\",\"width\":1080,\"height\":1080},{\"@type\":\"BreadcrumbList\",\"@id\":\"https:\\\/\\\/integramedikal.com\\\/magaza\\\/urun\\\/azka-2001-2-motorlu-abs-korkuluklu-hasta-karyolasi\\\/#breadcrumb\",\"itemListElement\":[{\"@type\":\"ListItem\",\"position\":1,\"name\":\"Anasayfa\",\"item\":\"https:\\\/\\\/integramedikal.com\\\/magaza\\\/anasayfa\\\/\"},{\"@type\":\"ListItem\",\"position\":2,\"name\":\"Shop\",\"item\":\"https:\\\/\\\/integramedikal.com\\\/magaza\\\/shop\\\/\"},{\"@type\":\"ListItem\",\"position\":3,\"name\":\"AZKA 2001 2 Motorlu ABS Korkuluklu Hasta Karyolas\u0131\"}]},{\"@type\":\"WebSite\",\"@id\":\"https:\\\/\\\/integramedikal.com\\\/magaza\\\/#website\",\"url\":\"https:\\\/\\\/integramedikal.com\\\/magaza\\\/\",\"name\":\"\u0130ntegra Medikal < | | >Ma\u011faza\",\"description\":\"Sa\u011fl\u0131kta Kalite | Sekt\u00f6rde 25. Y\u0131l\",\"publisher\":{\"@id\":\"https:\\\/\\\/integramedikal.com\\\/magaza\\\/#organization\"},\"potentialAction\":[{\"@type\":\"SearchAction\",\"target\":{\"@type\":\"EntryPoint\",\"urlTemplate\":\"https:\\\/\\\/integramedikal.com\\\/magaza\\\/?s={search_term_string}\"},\"query-input\":{\"@type\":\"PropertyValueSpecification\",\"valueRequired\":true,\"valueName\":\"search_term_string\"}}],\"inLanguage\":\"tr\"},{\"@type\":\"Organization\",\"@id\":\"https:\\\/\\\/integramedikal.com\\\/magaza\\\/#organization\",\"name\":\"\u0130ntegra Medikal < | | >Ma\u011faza\",\"url\":\"https:\\\/\\\/integramedikal.com\\\/magaza\\\/\",\"logo\":{\"@type\":\"ImageObject\",\"inLanguage\":\"tr\",\"@id\":\"https:\\\/\\\/integramedikal.com\\\/magaza\\\/#\\\/schema\\\/logo\\\/image\\\/\",\"url\":\"https:\\\/\\\/integramedikal.com\\\/magaza\\\/wp-content\\\/uploads\\\/2025\\\/06\\\/integra-logo-1.png\",\"contentUrl\":\"https:\\\/\\\/integramedikal.com\\\/magaza\\\/wp-content\\\/uploads\\\/2025\\\/06\\\/integra-logo-1.png\",\"width\":340,\"height\":156,\"caption\":\"\u0130ntegra Medikal < | | >Ma\u011faza\"},\"image\":{\"@id\":\"https:\\\/\\\/integramedikal.com\\\/magaza\\\/#\\\/schema\\\/logo\\\/image\\\/\"},\"sameAs\":[\"https:\\\/\\\/www.facebook.com\\\/integramedikal1\",\"https:\\\/\\\/x.com\\\/integramedikal\",\"https:\\\/\\\/www.instagram.com\\\/integramedikal\\\/\",\"https:\\\/\\\/www.youtube.com\\\/user\\\/integramedikal\"]}]}<\/script>\n<!-- \/ Yoast SEO plugin. -->","yoast_head_json":{"title":"AZKA 2001 2 Motorlu ABS Korkuluklu Hasta Karyolas\u0131 - \u0130ntegra Medikal | | Ma\u011faza","robots":{"index":"index","follow":"follow","max-snippet":"max-snippet:-1","max-image-preview":"max-image-preview:large","max-video-preview":"max-video-preview:-1"},"canonical":"https:\/\/integramedikal.com\/magaza\/urun\/azka-2001-2-motorlu-abs-korkuluklu-hasta-karyolasi\/","og_locale":"tr_TR","og_type":"article","og_title":"AZKA 2001 2 Motorlu ABS Korkuluklu Hasta Karyolas\u0131 - \u0130ntegra Medikal | | Ma\u011faza","og_description":"AZKA 2001 modeli, 2 motorlu ABS korkuluklu hasta karyolas\u0131, sa\u011fl\u0131k sekt\u00f6r\u00fcnde hizmet veren firmalar ve bireysel kullan\u0131c\u0131lara y\u00f6nelik tasarlanm\u0131\u015f, kullan\u0131m kolayl\u0131\u011f\u0131 ve y\u00fcksek g\u00fcvenlik standartlar\u0131 sunan bir \u00fcr\u00fcnd\u00fcr. Bu \u00f6zel tasar\u0131m, hasta ve engelli bireylerin konforunu ve g\u00fcvenli\u011fini \u00f6n planda tutarken, sa\u011fl\u0131k sekt\u00f6r\u00fc profesyonellerinin i\u015flerini kolayla\u015ft\u0131rmay\u0131 hedefler. \u00dcr\u00fcn, iki g\u00fc\u00e7l\u00fc motor sayesinde s\u0131rt ve ayak [&hellip;]","og_url":"https:\/\/integramedikal.com\/magaza\/urun\/azka-2001-2-motorlu-abs-korkuluklu-hasta-karyolasi\/","og_site_name":"\u0130ntegra Medikal | | Ma\u011faza","article_publisher":"https:\/\/www.facebook.com\/integramedikal1","article_modified_time":"2026-04-01T07:49:21+00:00","og_image":[{"width":1080,"height":1080,"url":"https:\/\/integramedikal.com\/magaza\/wp-content\/uploads\/2025\/06\/SMG_9710.jpg","type":"image\/jpeg"}],"twitter_card":"summary_large_image","twitter_site":"@integramedikal","twitter_misc":{"Tahmini okuma s\u00fcresi":"3 dakika"},"schema":{"@context":"https:\/\/schema.org","@graph":[{"@type":"WebPage","@id":"https:\/\/integramedikal.com\/magaza\/urun\/azka-2001-2-motorlu-abs-korkuluklu-hasta-karyolasi\/","url":"https:\/\/integramedikal.com\/magaza\/urun\/azka-2001-2-motorlu-abs-korkuluklu-hasta-karyolasi\/","name":"AZKA 2001 2 Motorlu ABS Korkuluklu Hasta Karyolas\u0131 - \u0130ntegra Medikal | | Ma\u011faza","isPartOf":{"@id":"https:\/\/integramedikal.com\/magaza\/#website"},"primaryImageOfPage":{"@id":"https:\/\/integramedikal.com\/magaza\/urun\/azka-2001-2-motorlu-abs-korkuluklu-hasta-karyolasi\/#primaryimage"},"image":{"@id":"https:\/\/integramedikal.com\/magaza\/urun\/azka-2001-2-motorlu-abs-korkuluklu-hasta-karyolasi\/#primaryimage"},"thumbnailUrl":"https:\/\/integramedikal.com\/magaza\/wp-content\/uploads\/2025\/06\/SMG_9710.jpg","datePublished":"2025-06-02T21:27:30+00:00","dateModified":"2026-04-01T07:49:21+00:00","breadcrumb":{"@id":"https:\/\/integramedikal.com\/magaza\/urun\/azka-2001-2-motorlu-abs-korkuluklu-hasta-karyolasi\/#breadcrumb"},"inLanguage":"tr","potentialAction":[{"@type":"ReadAction","target":["https:\/\/integramedikal.com\/magaza\/urun\/azka-2001-2-motorlu-abs-korkuluklu-hasta-karyolasi\/"]}]},{"@type":"ImageObject","inLanguage":"tr","@id":"https:\/\/integramedikal.com\/magaza\/urun\/azka-2001-2-motorlu-abs-korkuluklu-hasta-karyolasi\/#primaryimage","url":"https:\/\/integramedikal.com\/magaza\/wp-content\/uploads\/2025\/06\/SMG_9710.jpg","contentUrl":"https:\/\/integramedikal.com\/magaza\/wp-content\/uploads\/2025\/06\/SMG_9710.jpg","width":1080,"height":1080},{"@type":"BreadcrumbList","@id":"https:\/\/integramedikal.com\/magaza\/urun\/azka-2001-2-motorlu-abs-korkuluklu-hasta-karyolasi\/#breadcrumb","itemListElement":[{"@type":"ListItem","position":1,"name":"Anasayfa","item":"https:\/\/integramedikal.com\/magaza\/anasayfa\/"},{"@type":"ListItem","position":2,"name":"Shop","item":"https:\/\/integramedikal.com\/magaza\/shop\/"},{"@type":"ListItem","position":3,"name":"AZKA 2001 2 Motorlu ABS Korkuluklu Hasta Karyolas\u0131"}]},{"@type":"WebSite","@id":"https:\/\/integramedikal.com\/magaza\/#website","url":"https:\/\/integramedikal.com\/magaza\/","name":"\u0130ntegra Medikal < | | >Ma\u011faza","description":"Sa\u011fl\u0131kta Kalite | Sekt\u00f6rde 25. Y\u0131l","publisher":{"@id":"https:\/\/integramedikal.com\/magaza\/#organization"},"potentialAction":[{"@type":"SearchAction","target":{"@type":"EntryPoint","urlTemplate":"https:\/\/integramedikal.com\/magaza\/?s={search_term_string}"},"query-input":{"@type":"PropertyValueSpecification","valueRequired":true,"valueName":"search_term_string"}}],"inLanguage":"tr"},{"@type":"Organization","@id":"https:\/\/integramedikal.com\/magaza\/#organization","name":"\u0130ntegra Medikal < | | >Ma\u011faza","url":"https:\/\/integramedikal.com\/magaza\/","logo":{"@type":"ImageObject","inLanguage":"tr","@id":"https:\/\/integramedikal.com\/magaza\/#\/schema\/logo\/image\/","url":"https:\/\/integramedikal.com\/magaza\/wp-content\/uploads\/2025\/06\/integra-logo-1.png","contentUrl":"https:\/\/integramedikal.com\/magaza\/wp-content\/uploads\/2025\/06\/integra-logo-1.png","width":340,"height":156,"caption":"\u0130ntegra Medikal < | | >Ma\u011faza"},"image":{"@id":"https:\/\/integramedikal.com\/magaza\/#\/schema\/logo\/image\/"},"sameAs":["https:\/\/www.facebook.com\/integramedikal1","https:\/\/x.com\/integramedikal","https:\/\/www.instagram.com\/integramedikal\/","https:\/\/www.youtube.com\/user\/integramedikal"]}]}},"_links":{"self":[{"href":"https:\/\/integramedikal.com\/magaza\/wp-json\/wp\/v2\/product\/1993","targetHints":{"allow":["GET"]}}],"collection":[{"href":"https:\/\/integramedikal.com\/magaza\/wp-json\/wp\/v2\/product"}],"about":[{"href":"https:\/\/integramedikal.com\/magaza\/wp-json\/wp\/v2\/types\/product"}],"replies":[{"embeddable":true,"href":"https:\/\/integramedikal.com\/magaza\/wp-json\/wp\/v2\/comments?post=1993"}],"wp:featuredmedia":[{"embeddable":true,"href":"https:\/\/integramedikal.com\/magaza\/wp-json\/wp\/v2\/media\/2039"}],"wp:attachment":[{"href":"https:\/\/integramedikal.com\/magaza\/wp-json\/wp\/v2\/media?parent=1993"}],"wp:term":[{"taxonomy":"product_brand","embeddable":true,"href":"https:\/\/integramedikal.com\/magaza\/wp-json\/wp\/v2\/product_brand?post=1993"},{"taxonomy":"product_cat","embeddable":true,"href":"https:\/\/integramedikal.com\/magaza\/wp-json\/wp\/v2\/product_cat?post=1993"},{"taxonomy":"product_tag","embeddable":true,"href":"https:\/\/integramedikal.com\/magaza\/wp-json\/wp\/v2\/product_tag?post=1993"}],"curies":[{"name":"wp","href":"https:\/\/api.w.org\/{rel}","templated":true}]}}