{"id":1850,"date":"2025-06-03T00:01:27","date_gmt":"2025-06-02T21:01:27","guid":{"rendered":"https:\/\/integramedikal.com\/magaza\/?post_type=product&#038;p=1850"},"modified":"2026-02-16T14:06:52","modified_gmt":"2026-02-16T11:06:52","slug":"g509-aluminyum-transfer-sandalyesi","status":"publish","type":"product","link":"https:\/\/integramedikal.com\/magaza\/urun\/g509-aluminyum-transfer-sandalyesi\/","title":{"rendered":"G509 Al\u00fcminyum Transfer Sandalyesi"},"content":{"rendered":"<div>B2B pazar\u0131 ve engelliler i\u00e7in mobilite \u00e7\u00f6z\u00fcmlerinde uzmanla\u015fm\u0131\u015f \u015firketler i\u00e7in \u00f6zel olarak tasarlanm\u0131\u015f d\u00fc\u015f\u00fcnceli bir yenilik olan G509 Al\u00fcminyum Transfer Sandalyesinin tan\u0131t\u0131m\u0131na ho\u015f geldiniz. Transfer tekerlekli sandalye kategorisinde birinci s\u0131n\u0131f bir \u00fcr\u00fcn olan bu \u00fcr\u00fcn, hem hasta konforunu hem de bak\u0131c\u0131 rahatl\u0131\u011f\u0131n\u0131 g\u00f6z \u00f6n\u00fcnde bulundurmas\u0131yla \u00f6ne \u00e7\u0131k\u0131yor.<\/div>\n<div>Bu sandalye sadece hasta ta\u015f\u0131may\u0131 kolayla\u015ft\u0131rmakla kalmaz, ayn\u0131 zamanda i\u015flevsellik ve dayan\u0131kl\u0131l\u0131\u011f\u0131n kusursuz bir kar\u0131\u015f\u0131m\u0131n\u0131 sa\u011flar. Kaliteye olan ba\u011fl\u0131l\u0131k, hem sa\u011fl\u0131k tesislerinin hem de ula\u015f\u0131m hizmetlerinin titiz standartlar\u0131n\u0131 kar\u015f\u0131lamay\u0131 ama\u00e7layan tasar\u0131m\u0131n\u0131n her alan\u0131nda belirgindir. G509 Al\u00fcminyum Transfer Sandalyesinin neden hasta hareketlili\u011fi i\u00e7in en uygun se\u00e7im oldu\u011funu anlamak i\u00e7in a\u015fa\u011f\u0131daki b\u00f6l\u00fcmlere dikkatinizi \u00e7ekmek isteriz.<\/div>\n<div><\/div>\n<div>Odakl\u0131 Tasar\u0131m ve Kalite G\u00fcvencesi<\/div>\n<div>G509 Al\u00fcminyum Transfer Sandalyesi, uzun \u00f6m\u00fcr ve g\u00fcvenilir bir kullan\u0131c\u0131 deneyimi sa\u011flayan sa\u011flam bir g\u00f6vde yap\u0131s\u0131n\u0131n somutla\u015fm\u0131\u015f halidir. Bu transfer sandalyesinin, performans\u0131na ilk elden tan\u0131k olan kullan\u0131c\u0131lar taraf\u0131ndan \u015fiddetle tavsiye edilmesi \u015fa\u015f\u0131rt\u0131c\u0131 de\u011fil. Sadece bir hasta ta\u015f\u0131ma sandalyesi de\u011fil; Kaliteden \u00f6d\u00fcn vermeyen ekonomik bir yat\u0131r\u0131m\u0131 temsil eder. Bu sandalyeyi di\u011ferlerinden ay\u0131ran dikkate de\u011fer bir \u00f6zellik, kal\u0131c\u0131 g\u00fcvenilirli\u011fine olan g\u00fcvenimizin alt\u0131n\u0131 \u00e7izen ve al\u0131c\u0131lara uzun vadeli de\u011ferini garanti eden 2 y\u0131ll\u0131k garantisidir.<\/div>\n<div><\/div>\n<div>Ayr\u0131ca, genellikle sa\u011fl\u0131k \u00fcr\u00fcnleriyle ili\u015fkilendirilen aciliyeti anlayan bu transfer sandalyesi, h\u0131zl\u0131 sevkiyat vaat ediyor. Bu, hastalar\u0131n ve sa\u011fl\u0131k hizmeti sa\u011flay\u0131c\u0131lar\u0131n\u0131n hayati ihtiya\u00e7lar\u0131n\u0131n gereksiz gecikmeler olmadan kar\u015f\u0131lanmas\u0131n\u0131 sa\u011flar. Sadece birinci s\u0131n\u0131f \u00fcr\u00fcnler de\u011fil, ayn\u0131 zamanda birinci s\u0131n\u0131f hizmet sunmaya olan ba\u011fl\u0131l\u0131\u011f\u0131m\u0131z\u0131 da yans\u0131t\u0131yor. Refakat\u00e7i fren sisteminin dahil edilmesi, hasta nakli s\u0131ras\u0131nda bak\u0131c\u0131lara daha fazla kontrol sa\u011flayarak ekstra bir g\u00fcvenlik katman\u0131 ekler.<\/div>\n<div><\/div>\n<div>Ta\u015f\u0131nabilirlik ve Konfor<\/div>\n<div>G509 Al\u00fcminyum Transfer Sandalyesinin sa\u011flam \u00f6zelliklerinin ortas\u0131nda, g\u00fcc\u00fcn\u00fc engellemeyen, aksine ta\u015f\u0131nabilirli\u011fini art\u0131ran \u015fa\u015f\u0131rt\u0131c\u0131 hafifli\u011fi yatmaktad\u0131r. Bu temel \u00f6zellik, katlanabilirli\u011fi ile birlikte, sandalyeyi \u00f6zellikle seyahatler i\u00e7in uygun hale getirir. \u0130ster bir sa\u011fl\u0131k kurulu\u015funun farkl\u0131 alanlar\u0131 aras\u0131nda ge\u00e7i\u015f yap\u0131n, ister harici hasta naklini kolayla\u015ft\u0131r\u0131n, bu sandalye \u00e7e\u015fitli ortamlara kolayca uyum sa\u011flayabilir. Ta\u015f\u0131nabilirli\u011fi, alan\u0131n \u00f6nemli oldu\u011fu ve depolaman\u0131n \u00f6nemli olabilece\u011fi ortamlarda memnuniyetle kar\u015f\u0131lanan bir avantajd\u0131r.<\/div>\n<div>Son olarak, hem k\u0131sa s\u00fcreli kullan\u0131m hem de engelli ki\u015filerin ihtiya\u00e7lar\u0131 i\u00e7in tasarlanan G509 Al\u00fcminyum Transfer Sandalyesi, \u00e7ok y\u00f6nl\u00fcl\u00fc\u011f\u00fc ve kapsay\u0131c\u0131l\u0131\u011f\u0131 temsil eder. Basit tasar\u0131m\u0131, kullan\u0131c\u0131lar\u0131n dik bir \u00f6\u011frenme e\u011frisi olmadan \u00f6zelliklerinden yararlanabilece\u011fi anlam\u0131na gelir. Sandalye, \u00e7ok \u00e7e\u015fitli v\u00fccut tiplerini ve ihtiya\u00e7lar\u0131n\u0131 destekler, b\u00f6ylece t\u00fcm hastalar\u0131n e\u015fit \u00f6zen ve sayg\u0131yla ta\u015f\u0131nmas\u0131n\u0131 sa\u011flar. G509 Al\u00fcminyum Transfer Sandalyesi sadece bir \u00fcr\u00fcn de\u011fil; Hizmet verdi\u011fi ki\u015filer i\u00e7in geli\u015fmi\u015f mobilite ve daha iyi ya\u015fam kalitesine a\u00e7\u0131lan bir kap\u0131d\u0131r.<\/div>\n<div><\/div>\n<p><div  id=\"btn_klavuz\"  class='avia-button-wrap av-4rmg9m-8862f7b56744d5e71b9826dc4dae9671-wrap avia-button-left  avia-builder-el-0  el_before_av_button  avia-builder-el-first '><a href='https:\/\/www.integramedikal.com\/magaza\/upload\/kilavuz\/128-g509-aluminyum-transfer-sandalyesi.pdf'  class='avia-button av-4rmg9m-8862f7b56744d5e71b9826dc4dae9671 av-link-btn avia-icon_select-yes-left-icon avia-size-medium avia-position-left avia-color-theme-color-highlight'  target=\"_blank\"  rel=\"noopener noreferrer\"  aria-label=\"Kullan\u0131m K\u0131lavuzu\"><span class='avia_button_icon avia_button_icon_left avia-svg-icon avia-font-svg_entypo-fontello' data-av_svg_icon='book-open' data-av_iconset='svg_entypo-fontello'><svg version=\"1.1\" xmlns=\"http:\/\/www.w3.org\/2000\/svg\" width=\"29\" height=\"32\" viewBox=\"0 0 29 32\" preserveAspectRatio=\"xMidYMid meet\" aria-labelledby='av-svg-title-1' aria-describedby='av-svg-desc-1' role=\"graphics-symbol\">\n<title id='av-svg-title-1'>Book-open<\/title>\n<desc id='av-svg-desc-1'>Book-open<\/desc>\n<path d=\"M10.88 19.584v2.176l-6.4-2.56v-2.176zM10.88 12.928v2.176l-6.4-2.56v-2.176zM28.096 1.856q0.704 0.384 0.704 1.344v20.48q0 1.088-1.024 1.472l-12.736 5.12q-0.256 0.064-0.32 0.064t-0.16 0.032-0.16 0.032-0.16-0.032-0.16-0.032l-0.32-0.064-12.736-5.12q-1.024-0.384-1.024-1.472v-20.48q0-0.96 0.704-1.344 0.704-0.512 1.472-0.192l12.224 4.928 12.224-4.928q0.768-0.32 1.472 0.192zM12.8 27.072v-17.92l-10.24-4.096v17.92zM26.24 22.976v-17.92l-10.24 4.096v17.92zM24.32 17.024v2.176l-6.4 2.56v-2.176zM24.32 10.368v2.176l-6.4 2.56v-2.176z\"><\/path>\n<\/svg><\/span><span class='avia_iconbox_title' >Kullan\u0131m K\u0131lavuzu<\/span><\/a><\/div> <div  id=\"btn_teknikbilgi\"  class='avia-button-wrap av-2ij7oa-a7339db69a7147ac37d70975cf9aacb0-wrap avia-button-left  avia-builder-el-1  el_after_av_button  avia-builder-el-last '><a href='javascript:void(0);'  class='avia-button av-2ij7oa-a7339db69a7147ac37d70975cf9aacb0 av-link-btn avia-icon_select-yes-left-icon avia-size-medium avia-position-left avia-color-theme-color-highlight'   aria-label=\"Teknik Bilgi\"><span class='avia_button_icon avia_button_icon_left avia-svg-icon avia-font-svg_entypo-fontello' data-av_svg_icon='cog' data-av_iconset='svg_entypo-fontello'><svg version=\"1.1\" xmlns=\"http:\/\/www.w3.org\/2000\/svg\" width=\"27\" height=\"32\" viewBox=\"0 0 27 32\" preserveAspectRatio=\"xMidYMid meet\" aria-labelledby='av-svg-title-2' aria-describedby='av-svg-desc-2' role=\"graphics-symbol\">\n<title id='av-svg-title-2'>Cog<\/title>\n<desc id='av-svg-desc-2'>Cog<\/desc>\n<path d=\"M24.32 16q0 2.304 2.56 3.904-0.384 1.28-1.088 2.624-2.24-0.576-4.352 1.408-1.728 1.856-1.088 4.352-1.28 0.64-2.688 1.152-1.472-2.624-4.224-2.624t-4.224 2.624q-1.408-0.512-2.688-1.152 0.64-2.56-1.088-4.352-1.728-1.728-4.352-1.088-0.448-0.832-1.088-2.624 2.624-1.664 2.624-4.224 0-2.304-2.624-3.968 0.64-1.792 1.088-2.624 2.368 0.576 4.352-1.408 1.728-1.792 1.088-4.352 1.344-0.704 2.688-1.088 1.472 2.56 4.224 2.56t4.224-2.56q1.344 0.384 2.688 1.088-0.64 2.496 1.088 4.352 2.112 1.984 4.352 1.408 0.704 1.344 1.088 2.624-2.56 1.6-2.56 3.968zM13.44 21.824q2.432 0 4.128-1.696t1.696-4.128-1.696-4.16-4.128-1.728-4.128 1.728-1.696 4.16 1.696 4.128 4.128 1.696z\"><\/path>\n<\/svg><\/span><span class='avia_iconbox_title' >Teknik Bilgi<\/span><\/a><\/div><\/p>\n","protected":false},"excerpt":{"rendered":"<p>B2B pazar\u0131 ve engelliler i\u00e7in mobilite \u00e7\u00f6z\u00fcmlerinde uzmanla\u015fm\u0131\u015f \u015firketler i\u00e7in \u00f6zel olarak tasarlanm\u0131\u015f d\u00fc\u015f\u00fcnceli bir yenilik olan G509 Al\u00fcminyum Transfer Sandalyesinin tan\u0131t\u0131m\u0131na ho\u015f geldiniz. Transfer tekerlekli sandalye kategorisinde birinci s\u0131n\u0131f bir \u00fcr\u00fcn olan bu \u00fcr\u00fcn, hem hasta konforunu hem de bak\u0131c\u0131 rahatl\u0131\u011f\u0131n\u0131 g\u00f6z \u00f6n\u00fcnde bulundurmas\u0131yla \u00f6ne \u00e7\u0131k\u0131yor. Bu sandalye sadece hasta ta\u015f\u0131may\u0131 kolayla\u015ft\u0131rmakla kalmaz, ayn\u0131 [&hellip;]<\/p>\n","protected":false},"featured_media":1857,"comment_status":"open","ping_status":"closed","template":"","meta":[],"product_brand":[],"product_cat":[137],"product_tag":[],"class_list":{"0":"post-1850","1":"product","2":"type-product","3":"status-publish","4":"has-post-thumbnail","6":"product_cat-transfer-sandalyesi","8":"first","9":"instock","10":"sale","11":"taxable","12":"shipping-taxable","13":"purchasable","14":"product-type-simple"},"yoast_head":"<!-- This site is optimized with the Yoast SEO plugin v27.4 - https:\/\/yoast.com\/product\/yoast-seo-wordpress\/ -->\n<title>G509 Al\u00fcminyum Transfer Sandalyesi - \u0130ntegra Medikal | | Ma\u011faza<\/title>\n<meta name=\"robots\" content=\"index, follow, max-snippet:-1, max-image-preview:large, max-video-preview:-1\" \/>\n<link rel=\"canonical\" href=\"https:\/\/integramedikal.com\/magaza\/urun\/g509-aluminyum-transfer-sandalyesi\/\" \/>\n<meta property=\"og:locale\" content=\"tr_TR\" \/>\n<meta property=\"og:type\" content=\"article\" \/>\n<meta property=\"og:title\" content=\"G509 Al\u00fcminyum Transfer Sandalyesi - \u0130ntegra Medikal | | Ma\u011faza\" \/>\n<meta property=\"og:description\" content=\"B2B pazar\u0131 ve engelliler i\u00e7in mobilite \u00e7\u00f6z\u00fcmlerinde uzmanla\u015fm\u0131\u015f \u015firketler i\u00e7in \u00f6zel olarak tasarlanm\u0131\u015f d\u00fc\u015f\u00fcnceli bir yenilik olan G509 Al\u00fcminyum Transfer Sandalyesinin tan\u0131t\u0131m\u0131na ho\u015f geldiniz. Transfer tekerlekli sandalye kategorisinde birinci s\u0131n\u0131f bir \u00fcr\u00fcn olan bu \u00fcr\u00fcn, hem hasta konforunu hem de bak\u0131c\u0131 rahatl\u0131\u011f\u0131n\u0131 g\u00f6z \u00f6n\u00fcnde bulundurmas\u0131yla \u00f6ne \u00e7\u0131k\u0131yor. Bu sandalye sadece hasta ta\u015f\u0131may\u0131 kolayla\u015ft\u0131rmakla kalmaz, ayn\u0131 [&hellip;]\" \/>\n<meta property=\"og:url\" content=\"https:\/\/integramedikal.com\/magaza\/urun\/g509-aluminyum-transfer-sandalyesi\/\" \/>\n<meta property=\"og:site_name\" content=\"\u0130ntegra Medikal | | Ma\u011faza\" \/>\n<meta property=\"article:publisher\" content=\"https:\/\/www.facebook.com\/integramedikal1\" \/>\n<meta property=\"article:modified_time\" content=\"2026-02-16T11:06:52+00:00\" \/>\n<meta property=\"og:image\" content=\"https:\/\/integramedikal.com\/magaza\/wp-content\/uploads\/2025\/06\/CAQ3GA.jpg\" \/>\n\t<meta property=\"og:image:width\" content=\"900\" \/>\n\t<meta property=\"og:image:height\" content=\"900\" \/>\n\t<meta property=\"og:image:type\" content=\"image\/jpeg\" \/>\n<meta name=\"twitter:card\" content=\"summary_large_image\" \/>\n<meta name=\"twitter:site\" content=\"@integramedikal\" \/>\n<meta name=\"twitter:label1\" content=\"Tahmini okuma s\u00fcresi\" \/>\n\t<meta name=\"twitter:data1\" content=\"3 dakika\" \/>\n<script type=\"application\/ld+json\" class=\"yoast-schema-graph\">{\"@context\":\"https:\\\/\\\/schema.org\",\"@graph\":[{\"@type\":\"WebPage\",\"@id\":\"https:\\\/\\\/integramedikal.com\\\/magaza\\\/urun\\\/g509-aluminyum-transfer-sandalyesi\\\/\",\"url\":\"https:\\\/\\\/integramedikal.com\\\/magaza\\\/urun\\\/g509-aluminyum-transfer-sandalyesi\\\/\",\"name\":\"G509 Al\u00fcminyum Transfer Sandalyesi - \u0130ntegra Medikal | | Ma\u011faza\",\"isPartOf\":{\"@id\":\"https:\\\/\\\/integramedikal.com\\\/magaza\\\/#website\"},\"primaryImageOfPage\":{\"@id\":\"https:\\\/\\\/integramedikal.com\\\/magaza\\\/urun\\\/g509-aluminyum-transfer-sandalyesi\\\/#primaryimage\"},\"image\":{\"@id\":\"https:\\\/\\\/integramedikal.com\\\/magaza\\\/urun\\\/g509-aluminyum-transfer-sandalyesi\\\/#primaryimage\"},\"thumbnailUrl\":\"https:\\\/\\\/integramedikal.com\\\/magaza\\\/wp-content\\\/uploads\\\/2025\\\/06\\\/CAQ3GA.jpg\",\"datePublished\":\"2025-06-02T21:01:27+00:00\",\"dateModified\":\"2026-02-16T11:06:52+00:00\",\"breadcrumb\":{\"@id\":\"https:\\\/\\\/integramedikal.com\\\/magaza\\\/urun\\\/g509-aluminyum-transfer-sandalyesi\\\/#breadcrumb\"},\"inLanguage\":\"tr\",\"potentialAction\":[{\"@type\":\"ReadAction\",\"target\":[\"https:\\\/\\\/integramedikal.com\\\/magaza\\\/urun\\\/g509-aluminyum-transfer-sandalyesi\\\/\"]}]},{\"@type\":\"ImageObject\",\"inLanguage\":\"tr\",\"@id\":\"https:\\\/\\\/integramedikal.com\\\/magaza\\\/urun\\\/g509-aluminyum-transfer-sandalyesi\\\/#primaryimage\",\"url\":\"https:\\\/\\\/integramedikal.com\\\/magaza\\\/wp-content\\\/uploads\\\/2025\\\/06\\\/CAQ3GA.jpg\",\"contentUrl\":\"https:\\\/\\\/integramedikal.com\\\/magaza\\\/wp-content\\\/uploads\\\/2025\\\/06\\\/CAQ3GA.jpg\",\"width\":900,\"height\":900},{\"@type\":\"BreadcrumbList\",\"@id\":\"https:\\\/\\\/integramedikal.com\\\/magaza\\\/urun\\\/g509-aluminyum-transfer-sandalyesi\\\/#breadcrumb\",\"itemListElement\":[{\"@type\":\"ListItem\",\"position\":1,\"name\":\"Anasayfa\",\"item\":\"https:\\\/\\\/integramedikal.com\\\/magaza\\\/anasayfa\\\/\"},{\"@type\":\"ListItem\",\"position\":2,\"name\":\"Shop\",\"item\":\"https:\\\/\\\/integramedikal.com\\\/magaza\\\/shop\\\/\"},{\"@type\":\"ListItem\",\"position\":3,\"name\":\"G509 Al\u00fcminyum Transfer Sandalyesi\"}]},{\"@type\":\"WebSite\",\"@id\":\"https:\\\/\\\/integramedikal.com\\\/magaza\\\/#website\",\"url\":\"https:\\\/\\\/integramedikal.com\\\/magaza\\\/\",\"name\":\"\u0130ntegra Medikal < | | >Ma\u011faza\",\"description\":\"Sa\u011fl\u0131kta Kalite | Sekt\u00f6rde 25. Y\u0131l\",\"publisher\":{\"@id\":\"https:\\\/\\\/integramedikal.com\\\/magaza\\\/#organization\"},\"potentialAction\":[{\"@type\":\"SearchAction\",\"target\":{\"@type\":\"EntryPoint\",\"urlTemplate\":\"https:\\\/\\\/integramedikal.com\\\/magaza\\\/?s={search_term_string}\"},\"query-input\":{\"@type\":\"PropertyValueSpecification\",\"valueRequired\":true,\"valueName\":\"search_term_string\"}}],\"inLanguage\":\"tr\"},{\"@type\":\"Organization\",\"@id\":\"https:\\\/\\\/integramedikal.com\\\/magaza\\\/#organization\",\"name\":\"\u0130ntegra Medikal < | | >Ma\u011faza\",\"url\":\"https:\\\/\\\/integramedikal.com\\\/magaza\\\/\",\"logo\":{\"@type\":\"ImageObject\",\"inLanguage\":\"tr\",\"@id\":\"https:\\\/\\\/integramedikal.com\\\/magaza\\\/#\\\/schema\\\/logo\\\/image\\\/\",\"url\":\"https:\\\/\\\/integramedikal.com\\\/magaza\\\/wp-content\\\/uploads\\\/2025\\\/06\\\/integra-logo-1.png\",\"contentUrl\":\"https:\\\/\\\/integramedikal.com\\\/magaza\\\/wp-content\\\/uploads\\\/2025\\\/06\\\/integra-logo-1.png\",\"width\":340,\"height\":156,\"caption\":\"\u0130ntegra Medikal < | | >Ma\u011faza\"},\"image\":{\"@id\":\"https:\\\/\\\/integramedikal.com\\\/magaza\\\/#\\\/schema\\\/logo\\\/image\\\/\"},\"sameAs\":[\"https:\\\/\\\/www.facebook.com\\\/integramedikal1\",\"https:\\\/\\\/x.com\\\/integramedikal\",\"https:\\\/\\\/www.instagram.com\\\/integramedikal\\\/\",\"https:\\\/\\\/www.youtube.com\\\/user\\\/integramedikal\"]}]}<\/script>\n<!-- \/ Yoast SEO plugin. -->","yoast_head_json":{"title":"G509 Al\u00fcminyum Transfer Sandalyesi - \u0130ntegra Medikal | | Ma\u011faza","robots":{"index":"index","follow":"follow","max-snippet":"max-snippet:-1","max-image-preview":"max-image-preview:large","max-video-preview":"max-video-preview:-1"},"canonical":"https:\/\/integramedikal.com\/magaza\/urun\/g509-aluminyum-transfer-sandalyesi\/","og_locale":"tr_TR","og_type":"article","og_title":"G509 Al\u00fcminyum Transfer Sandalyesi - \u0130ntegra Medikal | | Ma\u011faza","og_description":"B2B pazar\u0131 ve engelliler i\u00e7in mobilite \u00e7\u00f6z\u00fcmlerinde uzmanla\u015fm\u0131\u015f \u015firketler i\u00e7in \u00f6zel olarak tasarlanm\u0131\u015f d\u00fc\u015f\u00fcnceli bir yenilik olan G509 Al\u00fcminyum Transfer Sandalyesinin tan\u0131t\u0131m\u0131na ho\u015f geldiniz. Transfer tekerlekli sandalye kategorisinde birinci s\u0131n\u0131f bir \u00fcr\u00fcn olan bu \u00fcr\u00fcn, hem hasta konforunu hem de bak\u0131c\u0131 rahatl\u0131\u011f\u0131n\u0131 g\u00f6z \u00f6n\u00fcnde bulundurmas\u0131yla \u00f6ne \u00e7\u0131k\u0131yor. Bu sandalye sadece hasta ta\u015f\u0131may\u0131 kolayla\u015ft\u0131rmakla kalmaz, ayn\u0131 [&hellip;]","og_url":"https:\/\/integramedikal.com\/magaza\/urun\/g509-aluminyum-transfer-sandalyesi\/","og_site_name":"\u0130ntegra Medikal | | Ma\u011faza","article_publisher":"https:\/\/www.facebook.com\/integramedikal1","article_modified_time":"2026-02-16T11:06:52+00:00","og_image":[{"width":900,"height":900,"url":"https:\/\/integramedikal.com\/magaza\/wp-content\/uploads\/2025\/06\/CAQ3GA.jpg","type":"image\/jpeg"}],"twitter_card":"summary_large_image","twitter_site":"@integramedikal","twitter_misc":{"Tahmini okuma s\u00fcresi":"3 dakika"},"schema":{"@context":"https:\/\/schema.org","@graph":[{"@type":"WebPage","@id":"https:\/\/integramedikal.com\/magaza\/urun\/g509-aluminyum-transfer-sandalyesi\/","url":"https:\/\/integramedikal.com\/magaza\/urun\/g509-aluminyum-transfer-sandalyesi\/","name":"G509 Al\u00fcminyum Transfer Sandalyesi - \u0130ntegra Medikal | | Ma\u011faza","isPartOf":{"@id":"https:\/\/integramedikal.com\/magaza\/#website"},"primaryImageOfPage":{"@id":"https:\/\/integramedikal.com\/magaza\/urun\/g509-aluminyum-transfer-sandalyesi\/#primaryimage"},"image":{"@id":"https:\/\/integramedikal.com\/magaza\/urun\/g509-aluminyum-transfer-sandalyesi\/#primaryimage"},"thumbnailUrl":"https:\/\/integramedikal.com\/magaza\/wp-content\/uploads\/2025\/06\/CAQ3GA.jpg","datePublished":"2025-06-02T21:01:27+00:00","dateModified":"2026-02-16T11:06:52+00:00","breadcrumb":{"@id":"https:\/\/integramedikal.com\/magaza\/urun\/g509-aluminyum-transfer-sandalyesi\/#breadcrumb"},"inLanguage":"tr","potentialAction":[{"@type":"ReadAction","target":["https:\/\/integramedikal.com\/magaza\/urun\/g509-aluminyum-transfer-sandalyesi\/"]}]},{"@type":"ImageObject","inLanguage":"tr","@id":"https:\/\/integramedikal.com\/magaza\/urun\/g509-aluminyum-transfer-sandalyesi\/#primaryimage","url":"https:\/\/integramedikal.com\/magaza\/wp-content\/uploads\/2025\/06\/CAQ3GA.jpg","contentUrl":"https:\/\/integramedikal.com\/magaza\/wp-content\/uploads\/2025\/06\/CAQ3GA.jpg","width":900,"height":900},{"@type":"BreadcrumbList","@id":"https:\/\/integramedikal.com\/magaza\/urun\/g509-aluminyum-transfer-sandalyesi\/#breadcrumb","itemListElement":[{"@type":"ListItem","position":1,"name":"Anasayfa","item":"https:\/\/integramedikal.com\/magaza\/anasayfa\/"},{"@type":"ListItem","position":2,"name":"Shop","item":"https:\/\/integramedikal.com\/magaza\/shop\/"},{"@type":"ListItem","position":3,"name":"G509 Al\u00fcminyum Transfer Sandalyesi"}]},{"@type":"WebSite","@id":"https:\/\/integramedikal.com\/magaza\/#website","url":"https:\/\/integramedikal.com\/magaza\/","name":"\u0130ntegra Medikal < | | >Ma\u011faza","description":"Sa\u011fl\u0131kta Kalite | Sekt\u00f6rde 25. Y\u0131l","publisher":{"@id":"https:\/\/integramedikal.com\/magaza\/#organization"},"potentialAction":[{"@type":"SearchAction","target":{"@type":"EntryPoint","urlTemplate":"https:\/\/integramedikal.com\/magaza\/?s={search_term_string}"},"query-input":{"@type":"PropertyValueSpecification","valueRequired":true,"valueName":"search_term_string"}}],"inLanguage":"tr"},{"@type":"Organization","@id":"https:\/\/integramedikal.com\/magaza\/#organization","name":"\u0130ntegra Medikal < | | >Ma\u011faza","url":"https:\/\/integramedikal.com\/magaza\/","logo":{"@type":"ImageObject","inLanguage":"tr","@id":"https:\/\/integramedikal.com\/magaza\/#\/schema\/logo\/image\/","url":"https:\/\/integramedikal.com\/magaza\/wp-content\/uploads\/2025\/06\/integra-logo-1.png","contentUrl":"https:\/\/integramedikal.com\/magaza\/wp-content\/uploads\/2025\/06\/integra-logo-1.png","width":340,"height":156,"caption":"\u0130ntegra Medikal < | | >Ma\u011faza"},"image":{"@id":"https:\/\/integramedikal.com\/magaza\/#\/schema\/logo\/image\/"},"sameAs":["https:\/\/www.facebook.com\/integramedikal1","https:\/\/x.com\/integramedikal","https:\/\/www.instagram.com\/integramedikal\/","https:\/\/www.youtube.com\/user\/integramedikal"]}]}},"_links":{"self":[{"href":"https:\/\/integramedikal.com\/magaza\/wp-json\/wp\/v2\/product\/1850","targetHints":{"allow":["GET"]}}],"collection":[{"href":"https:\/\/integramedikal.com\/magaza\/wp-json\/wp\/v2\/product"}],"about":[{"href":"https:\/\/integramedikal.com\/magaza\/wp-json\/wp\/v2\/types\/product"}],"replies":[{"embeddable":true,"href":"https:\/\/integramedikal.com\/magaza\/wp-json\/wp\/v2\/comments?post=1850"}],"wp:featuredmedia":[{"embeddable":true,"href":"https:\/\/integramedikal.com\/magaza\/wp-json\/wp\/v2\/media\/1857"}],"wp:attachment":[{"href":"https:\/\/integramedikal.com\/magaza\/wp-json\/wp\/v2\/media?parent=1850"}],"wp:term":[{"taxonomy":"product_brand","embeddable":true,"href":"https:\/\/integramedikal.com\/magaza\/wp-json\/wp\/v2\/product_brand?post=1850"},{"taxonomy":"product_cat","embeddable":true,"href":"https:\/\/integramedikal.com\/magaza\/wp-json\/wp\/v2\/product_cat?post=1850"},{"taxonomy":"product_tag","embeddable":true,"href":"https:\/\/integramedikal.com\/magaza\/wp-json\/wp\/v2\/product_tag?post=1850"}],"curies":[{"name":"wp","href":"https:\/\/api.w.org\/{rel}","templated":true}]}}