{"id":1843,"date":"2025-06-03T00:01:26","date_gmt":"2025-06-02T21:01:26","guid":{"rendered":"https:\/\/integramedikal.com\/magaza\/?post_type=product&#038;p=1843"},"modified":"2026-04-01T10:59:48","modified_gmt":"2026-04-01T07:59:48","slug":"pr-890-aluminyum-luks-rollator-2","status":"publish","type":"product","link":"https:\/\/integramedikal.com\/magaza\/urun\/pr-890-aluminyum-luks-rollator-2\/","title":{"rendered":"PR-890 Al\u00fcminyum L\u00fcks Rollator"},"content":{"rendered":"<div>PR-890 Al\u00fcminyum L\u00fcks Rollator, B2B sekt\u00f6r\u00fcn\u00fcn ve engelli bireylere hizmet veren kurulu\u015flar\u0131n karma\u015f\u0131k taleplerini kar\u015f\u0131lamak i\u00e7in tasarlanm\u0131\u015f birinci s\u0131n\u0131f bir mobilite yard\u0131mc\u0131s\u0131d\u0131r. G\u00fc\u00e7l\u00fc g\u00f6vde yap\u0131s\u0131 ve d\u00f6rt tekerlek dengesi, kullan\u0131c\u0131lara sars\u0131lmaz bir destek sa\u011flayarak rahatl\u0131\u011f\u0131 l\u00fcksle harmanl\u0131yor. \u015eiddetle tavsiye edilen bir \u00fcr\u00fcn olan PR-890, tekerlekli y\u00fcr\u00fcte\u00e7 kategorisinde kalite ve dayan\u0131kl\u0131l\u0131\u011f\u0131n bir kan\u0131t\u0131d\u0131r.<\/div>\n<div><\/div>\n<div>G\u00fcvenilir ve kullan\u0131c\u0131 dostu y\u00fcr\u00fcte\u00e7lerin gereklili\u011fini anlayan PR-890 Rollator, kullan\u0131c\u0131lar\u0131n\u0131n en \u00fcst d\u00fczeyde g\u00fcvenli\u011fini sa\u011flayan g\u00fcvenli bir fren sistemi ile birlikte gelir. Detaylara g\u00f6sterilen bu \u00f6zen, i\u015flev veya tasar\u0131mdan \u00f6d\u00fcn vermeden de\u011fer sunan ekonomik fiyatland\u0131rmas\u0131nda belirgindir. Bu, h\u0131zl\u0131 sevkiyat kabiliyeti ile vurgulanan, saklama kolayl\u0131\u011f\u0131 ve ta\u015f\u0131nabilirlik vaat eden katlanabilir bir y\u00fcr\u00fcte\u00e7tir ve bu da onu hem i\u015fletmeler hem de t\u00fcketiciler i\u00e7in eri\u015filebilir ve pratik bir se\u00e7im haline getirir.<\/div>\n<div><\/div>\n<div><b>\u00d6d\u00fcns\u00fcz Kalite ve Tasar\u0131m<\/b><\/div>\n<div><b><br \/><\/b><\/div>\n<div>Al\u00fcminyum L\u00fcks Rulo, uzun s\u00fcreli hizmet ve m\u00fc\u015fteri memnuniyeti sa\u011flayan 2 y\u0131l garanti verir. M\u00fckemmelli\u011fe olan bu ba\u011fl\u0131l\u0131k, PR-890&#8217;\u0131n s\u0131n\u0131f\u0131nda tekerlekli bir y\u00fcr\u00fcte\u00e7 olarak \u00f6ne \u00e7\u0131kmas\u0131n\u0131n nedenidir. Rollator&#8217;\u0131n hem \u00f6n hem de arka k\u0131s\u0131mlar\u0131ndaki manevra kabiliyetine sahip tekerlekleri ile yaln\u0131zca kullan\u0131c\u0131 konforunu art\u0131rmakla kalmaz, ayn\u0131 zamanda \u00e7e\u015fitli y\u00fczeylerde sorunsuz ge\u00e7i\u015f sa\u011flayarak ve sabit bir s\u00fcr\u00fc\u015f sunar.<\/div>\n<div><\/div>\n<div>Bir ta\u015f\u0131ma sepeti i\u00e7eren Rollator, ki\u015fisel e\u015fyalar\u0131 g\u00fcvenli bir \u015fekilde ta\u015f\u0131man\u0131n temellerini de ele al\u0131r. Mobilite deste\u011finin i\u015flevselli\u011fini ta\u015f\u0131ma alan\u0131 rahatl\u0131\u011f\u0131yla birle\u015ftiren bir y\u00fcr\u00fcte\u00e7 arayan al\u0131c\u0131lar i\u00e7in bir \u00e7\u00f6z\u00fcm olu\u015fturur. B\u00f6yle bir \u00f6zellik seti, s\u0131n\u0131rl\u0131 hareket kabiliyetine sahip ki\u015filer i\u00e7in \u00fcst d\u00fczey \u00fcr\u00fcnler sunmay\u0131 ama\u00e7layan \u015firketlerin beklentileriyle m\u00fckemmel bir \u015fekilde uyumludur.<\/div>\n<div><\/div>\n<div><b>Geli\u015fmi\u015f Deneyim i\u00e7in Kullan\u0131c\u0131 Merkezli \u00d6zellikler<\/b><\/div>\n<div><b><br \/><\/b><\/div>\n<div>Rollator&#8217;\u0131n oturma ve dinlenme alan\u0131, kolayl\u0131kla duraklamaya ve dinlenmeye davet eder ve gerekti\u011finde kullan\u0131c\u0131 i\u00e7in rahatlat\u0131c\u0131 bir nokta sunar. Bu \u00f6zelli\u011fin d\u00fc\u015f\u00fcnceli bir \u015fekilde eklenmesi, PR-890 y\u00fcr\u00fcte\u00e7 y\u00fcr\u00fcte\u00e7 tasar\u0131m\u0131nda benimsenen kullan\u0131c\u0131 merkezli yakla\u015f\u0131m\u0131n bir \u00f6rne\u011fidir. Oturma alan\u0131, bir\u00e7ok temel modelde g\u00f6r\u00fclmeyen bir \u00f6zellik olan genel kullan\u0131c\u0131 deneyimine katk\u0131da bulunur ve b\u00f6ylece l\u00fcks stat\u00fcs\u00fcn\u00fc yeniden teyit eder.<\/div>\n<div><\/div>\n<div>PR-890 Al\u00fcminyum L\u00fcks Rollator&#8217;\u0131n hem depolamay\u0131 hem de ta\u015f\u0131may\u0131 basitle\u015ftiren katlanabilir \u00f6zelli\u011finde i\u015flevsellik geli\u015fmi\u015fli\u011fi bir araya getiriyor. Bu \u00f6zellik, \u00f6zellikle verimlilik ve kullan\u0131m kolayl\u0131\u011f\u0131n\u0131n \u00e7ok \u00f6nemli oldu\u011fu B2B alan\u0131na hitap ediyor. PR-890&#8217;\u0131n yaln\u0131zca fiyat a\u00e7\u0131s\u0131ndan ekonomik bir \u00fcr\u00fcn oldu\u011fu a\u00e7\u0131kt\u0131r, \u00e7\u00fcnk\u00fc \u015f\u0131k al\u00fcminyum yap\u0131s\u0131ndan verimli nakliyeye kadar her ayr\u0131nt\u0131, en se\u00e7ici al\u0131c\u0131lar\u0131n ve kullan\u0131c\u0131lar\u0131n beklentilerini a\u015fmak i\u00e7in tasarlanm\u0131\u015f kalite ve l\u00fcks\u00fc yans\u0131t\u0131r.<\/div>\n<div><\/div>\n<p><div  id=\"btn_klavuz\"  class='avia-button-wrap av-av_button-0224c756330fa269533dbb82b589fe1b-wrap avia-button-left  avia-builder-el-0  el_before_av_button  avia-builder-el-first '><a href='https:\/\/www.integramedikal.com\/magaza\/upload\/kilavuz\/102-pr-890-aluminyum-luks-rollator.pdf'  class='avia-button av-av_button-0224c756330fa269533dbb82b589fe1b av-link-btn avia-icon_select-yes-left-icon avia-size-medium avia-position-left avia-color-theme-color-highlight'  target=\"_blank\"  rel=\"noopener noreferrer\"  aria-label=\"Kullan\u0131m K\u0131lavuzu\"><span class='avia_button_icon avia_button_icon_left avia-svg-icon avia-font-svg_entypo-fontello' data-av_svg_icon='book-open' data-av_iconset='svg_entypo-fontello'><svg version=\"1.1\" xmlns=\"http:\/\/www.w3.org\/2000\/svg\" width=\"29\" height=\"32\" viewBox=\"0 0 29 32\" preserveAspectRatio=\"xMidYMid meet\" aria-labelledby='av-svg-title-1' aria-describedby='av-svg-desc-1' role=\"graphics-symbol\">\n<title id='av-svg-title-1'>Book-open<\/title>\n<desc id='av-svg-desc-1'>Book-open<\/desc>\n<path d=\"M10.88 19.584v2.176l-6.4-2.56v-2.176zM10.88 12.928v2.176l-6.4-2.56v-2.176zM28.096 1.856q0.704 0.384 0.704 1.344v20.48q0 1.088-1.024 1.472l-12.736 5.12q-0.256 0.064-0.32 0.064t-0.16 0.032-0.16 0.032-0.16-0.032-0.16-0.032l-0.32-0.064-12.736-5.12q-1.024-0.384-1.024-1.472v-20.48q0-0.96 0.704-1.344 0.704-0.512 1.472-0.192l12.224 4.928 12.224-4.928q0.768-0.32 1.472 0.192zM12.8 27.072v-17.92l-10.24-4.096v17.92zM26.24 22.976v-17.92l-10.24 4.096v17.92zM24.32 17.024v2.176l-6.4 2.56v-2.176zM24.32 10.368v2.176l-6.4 2.56v-2.176z\"><\/path>\n<\/svg><\/span><span class='avia_iconbox_title' >Kullan\u0131m K\u0131lavuzu<\/span><\/a><\/div> <div  id=\"btn_teknikbilgi\"  class='avia-button-wrap av-av_button-e069d87ec5d6298b9b6c476e2dc5aa4e-wrap avia-button-left  avia-builder-el-1  el_after_av_button  avia-builder-el-last '><a href='javascript:void(0);'  class='avia-button av-av_button-e069d87ec5d6298b9b6c476e2dc5aa4e av-link-btn avia-icon_select-yes-left-icon avia-size-medium avia-position-left avia-color-theme-color-highlight'   aria-label=\"Teknik Bilgi\"><span class='avia_button_icon avia_button_icon_left avia-svg-icon avia-font-svg_entypo-fontello' data-av_svg_icon='cog' data-av_iconset='svg_entypo-fontello'><svg version=\"1.1\" xmlns=\"http:\/\/www.w3.org\/2000\/svg\" width=\"27\" height=\"32\" viewBox=\"0 0 27 32\" preserveAspectRatio=\"xMidYMid meet\" aria-labelledby='av-svg-title-2' aria-describedby='av-svg-desc-2' role=\"graphics-symbol\">\n<title id='av-svg-title-2'>Cog<\/title>\n<desc id='av-svg-desc-2'>Cog<\/desc>\n<path d=\"M24.32 16q0 2.304 2.56 3.904-0.384 1.28-1.088 2.624-2.24-0.576-4.352 1.408-1.728 1.856-1.088 4.352-1.28 0.64-2.688 1.152-1.472-2.624-4.224-2.624t-4.224 2.624q-1.408-0.512-2.688-1.152 0.64-2.56-1.088-4.352-1.728-1.728-4.352-1.088-0.448-0.832-1.088-2.624 2.624-1.664 2.624-4.224 0-2.304-2.624-3.968 0.64-1.792 1.088-2.624 2.368 0.576 4.352-1.408 1.728-1.792 1.088-4.352 1.344-0.704 2.688-1.088 1.472 2.56 4.224 2.56t4.224-2.56q1.344 0.384 2.688 1.088-0.64 2.496 1.088 4.352 2.112 1.984 4.352 1.408 0.704 1.344 1.088 2.624-2.56 1.6-2.56 3.968zM13.44 21.824q2.432 0 4.128-1.696t1.696-4.128-1.696-4.16-4.128-1.728-4.128 1.728-1.696 4.16 1.696 4.128 4.128 1.696z\"><\/path>\n<\/svg><\/span><span class='avia_iconbox_title' >Teknik Bilgi<\/span><\/a><\/div><\/p>\n","protected":false},"excerpt":{"rendered":"<p>PR-890 Al\u00fcminyum L\u00fcks Rollator, B2B sekt\u00f6r\u00fcn\u00fcn ve engelli bireylere hizmet veren kurulu\u015flar\u0131n karma\u015f\u0131k taleplerini kar\u015f\u0131lamak i\u00e7in tasarlanm\u0131\u015f birinci s\u0131n\u0131f bir mobilite yard\u0131mc\u0131s\u0131d\u0131r. G\u00fc\u00e7l\u00fc g\u00f6vde yap\u0131s\u0131 ve d\u00f6rt tekerlek dengesi, kullan\u0131c\u0131lara sars\u0131lmaz bir destek sa\u011flayarak rahatl\u0131\u011f\u0131 l\u00fcksle harmanl\u0131yor. \u015eiddetle tavsiye edilen bir \u00fcr\u00fcn olan PR-890, tekerlekli y\u00fcr\u00fcte\u00e7 kategorisinde kalite ve dayan\u0131kl\u0131l\u0131\u011f\u0131n bir kan\u0131t\u0131d\u0131r. G\u00fcvenilir ve kullan\u0131c\u0131 [&hellip;]<\/p>\n","protected":false},"featured_media":1805,"comment_status":"open","ping_status":"closed","template":"","meta":[],"product_brand":[],"product_cat":[600],"product_tag":[],"class_list":{"0":"post-1843","1":"product","2":"type-product","3":"status-publish","4":"has-post-thumbnail","6":"product_cat-yurume-gruplari","8":"first","9":"instock","10":"sale","11":"taxable","12":"shipping-taxable","13":"purchasable","14":"product-type-simple"},"yoast_head":"<!-- This site is optimized with the Yoast SEO plugin v27.4 - https:\/\/yoast.com\/product\/yoast-seo-wordpress\/ -->\n<title>PR-890 Al\u00fcminyum L\u00fcks Rollator - \u0130ntegra Medikal | | Ma\u011faza<\/title>\n<meta name=\"robots\" content=\"index, follow, max-snippet:-1, max-image-preview:large, max-video-preview:-1\" \/>\n<link rel=\"canonical\" href=\"https:\/\/integramedikal.com\/magaza\/urun\/pr-890-aluminyum-luks-rollator-2\/\" \/>\n<meta property=\"og:locale\" content=\"tr_TR\" \/>\n<meta property=\"og:type\" content=\"article\" \/>\n<meta property=\"og:title\" content=\"PR-890 Al\u00fcminyum L\u00fcks Rollator - \u0130ntegra Medikal | | Ma\u011faza\" \/>\n<meta property=\"og:description\" content=\"PR-890 Al\u00fcminyum L\u00fcks Rollator, B2B sekt\u00f6r\u00fcn\u00fcn ve engelli bireylere hizmet veren kurulu\u015flar\u0131n karma\u015f\u0131k taleplerini kar\u015f\u0131lamak i\u00e7in tasarlanm\u0131\u015f birinci s\u0131n\u0131f bir mobilite yard\u0131mc\u0131s\u0131d\u0131r. G\u00fc\u00e7l\u00fc g\u00f6vde yap\u0131s\u0131 ve d\u00f6rt tekerlek dengesi, kullan\u0131c\u0131lara sars\u0131lmaz bir destek sa\u011flayarak rahatl\u0131\u011f\u0131 l\u00fcksle harmanl\u0131yor. \u015eiddetle tavsiye edilen bir \u00fcr\u00fcn olan PR-890, tekerlekli y\u00fcr\u00fcte\u00e7 kategorisinde kalite ve dayan\u0131kl\u0131l\u0131\u011f\u0131n bir kan\u0131t\u0131d\u0131r. G\u00fcvenilir ve kullan\u0131c\u0131 [&hellip;]\" \/>\n<meta property=\"og:url\" content=\"https:\/\/integramedikal.com\/magaza\/urun\/pr-890-aluminyum-luks-rollator-2\/\" \/>\n<meta property=\"og:site_name\" content=\"\u0130ntegra Medikal | | Ma\u011faza\" \/>\n<meta property=\"article:publisher\" content=\"https:\/\/www.facebook.com\/integramedikal1\" \/>\n<meta property=\"article:modified_time\" content=\"2026-04-01T07:59:48+00:00\" \/>\n<meta property=\"og:image\" content=\"https:\/\/integramedikal.com\/magaza\/wp-content\/uploads\/2025\/06\/fgdf54.jpg\" \/>\n\t<meta property=\"og:image:width\" content=\"900\" \/>\n\t<meta property=\"og:image:height\" content=\"900\" \/>\n\t<meta property=\"og:image:type\" content=\"image\/jpeg\" \/>\n<meta name=\"twitter:card\" content=\"summary_large_image\" \/>\n<meta name=\"twitter:site\" content=\"@integramedikal\" \/>\n<meta name=\"twitter:label1\" content=\"Tahmini okuma s\u00fcresi\" \/>\n\t<meta name=\"twitter:data1\" content=\"3 dakika\" \/>\n<script type=\"application\/ld+json\" class=\"yoast-schema-graph\">{\"@context\":\"https:\\\/\\\/schema.org\",\"@graph\":[{\"@type\":\"WebPage\",\"@id\":\"https:\\\/\\\/integramedikal.com\\\/magaza\\\/urun\\\/pr-890-aluminyum-luks-rollator-2\\\/\",\"url\":\"https:\\\/\\\/integramedikal.com\\\/magaza\\\/urun\\\/pr-890-aluminyum-luks-rollator-2\\\/\",\"name\":\"PR-890 Al\u00fcminyum L\u00fcks Rollator - \u0130ntegra Medikal | | Ma\u011faza\",\"isPartOf\":{\"@id\":\"https:\\\/\\\/integramedikal.com\\\/magaza\\\/#website\"},\"primaryImageOfPage\":{\"@id\":\"https:\\\/\\\/integramedikal.com\\\/magaza\\\/urun\\\/pr-890-aluminyum-luks-rollator-2\\\/#primaryimage\"},\"image\":{\"@id\":\"https:\\\/\\\/integramedikal.com\\\/magaza\\\/urun\\\/pr-890-aluminyum-luks-rollator-2\\\/#primaryimage\"},\"thumbnailUrl\":\"https:\\\/\\\/integramedikal.com\\\/magaza\\\/wp-content\\\/uploads\\\/2025\\\/06\\\/fgdf54.jpg\",\"datePublished\":\"2025-06-02T21:01:26+00:00\",\"dateModified\":\"2026-04-01T07:59:48+00:00\",\"breadcrumb\":{\"@id\":\"https:\\\/\\\/integramedikal.com\\\/magaza\\\/urun\\\/pr-890-aluminyum-luks-rollator-2\\\/#breadcrumb\"},\"inLanguage\":\"tr\",\"potentialAction\":[{\"@type\":\"ReadAction\",\"target\":[\"https:\\\/\\\/integramedikal.com\\\/magaza\\\/urun\\\/pr-890-aluminyum-luks-rollator-2\\\/\"]}]},{\"@type\":\"ImageObject\",\"inLanguage\":\"tr\",\"@id\":\"https:\\\/\\\/integramedikal.com\\\/magaza\\\/urun\\\/pr-890-aluminyum-luks-rollator-2\\\/#primaryimage\",\"url\":\"https:\\\/\\\/integramedikal.com\\\/magaza\\\/wp-content\\\/uploads\\\/2025\\\/06\\\/fgdf54.jpg\",\"contentUrl\":\"https:\\\/\\\/integramedikal.com\\\/magaza\\\/wp-content\\\/uploads\\\/2025\\\/06\\\/fgdf54.jpg\",\"width\":900,\"height\":900},{\"@type\":\"BreadcrumbList\",\"@id\":\"https:\\\/\\\/integramedikal.com\\\/magaza\\\/urun\\\/pr-890-aluminyum-luks-rollator-2\\\/#breadcrumb\",\"itemListElement\":[{\"@type\":\"ListItem\",\"position\":1,\"name\":\"Anasayfa\",\"item\":\"https:\\\/\\\/integramedikal.com\\\/magaza\\\/anasayfa\\\/\"},{\"@type\":\"ListItem\",\"position\":2,\"name\":\"Shop\",\"item\":\"https:\\\/\\\/integramedikal.com\\\/magaza\\\/shop\\\/\"},{\"@type\":\"ListItem\",\"position\":3,\"name\":\"PR-890 Al\u00fcminyum L\u00fcks Rollator\"}]},{\"@type\":\"WebSite\",\"@id\":\"https:\\\/\\\/integramedikal.com\\\/magaza\\\/#website\",\"url\":\"https:\\\/\\\/integramedikal.com\\\/magaza\\\/\",\"name\":\"\u0130ntegra Medikal < | | >Ma\u011faza\",\"description\":\"Sa\u011fl\u0131kta Kalite | Sekt\u00f6rde 25. Y\u0131l\",\"publisher\":{\"@id\":\"https:\\\/\\\/integramedikal.com\\\/magaza\\\/#organization\"},\"potentialAction\":[{\"@type\":\"SearchAction\",\"target\":{\"@type\":\"EntryPoint\",\"urlTemplate\":\"https:\\\/\\\/integramedikal.com\\\/magaza\\\/?s={search_term_string}\"},\"query-input\":{\"@type\":\"PropertyValueSpecification\",\"valueRequired\":true,\"valueName\":\"search_term_string\"}}],\"inLanguage\":\"tr\"},{\"@type\":\"Organization\",\"@id\":\"https:\\\/\\\/integramedikal.com\\\/magaza\\\/#organization\",\"name\":\"\u0130ntegra Medikal < | | >Ma\u011faza\",\"url\":\"https:\\\/\\\/integramedikal.com\\\/magaza\\\/\",\"logo\":{\"@type\":\"ImageObject\",\"inLanguage\":\"tr\",\"@id\":\"https:\\\/\\\/integramedikal.com\\\/magaza\\\/#\\\/schema\\\/logo\\\/image\\\/\",\"url\":\"https:\\\/\\\/integramedikal.com\\\/magaza\\\/wp-content\\\/uploads\\\/2025\\\/06\\\/integra-logo-1.png\",\"contentUrl\":\"https:\\\/\\\/integramedikal.com\\\/magaza\\\/wp-content\\\/uploads\\\/2025\\\/06\\\/integra-logo-1.png\",\"width\":340,\"height\":156,\"caption\":\"\u0130ntegra Medikal < | | >Ma\u011faza\"},\"image\":{\"@id\":\"https:\\\/\\\/integramedikal.com\\\/magaza\\\/#\\\/schema\\\/logo\\\/image\\\/\"},\"sameAs\":[\"https:\\\/\\\/www.facebook.com\\\/integramedikal1\",\"https:\\\/\\\/x.com\\\/integramedikal\",\"https:\\\/\\\/www.instagram.com\\\/integramedikal\\\/\",\"https:\\\/\\\/www.youtube.com\\\/user\\\/integramedikal\"]}]}<\/script>\n<!-- \/ Yoast SEO plugin. -->","yoast_head_json":{"title":"PR-890 Al\u00fcminyum L\u00fcks Rollator - \u0130ntegra Medikal | | Ma\u011faza","robots":{"index":"index","follow":"follow","max-snippet":"max-snippet:-1","max-image-preview":"max-image-preview:large","max-video-preview":"max-video-preview:-1"},"canonical":"https:\/\/integramedikal.com\/magaza\/urun\/pr-890-aluminyum-luks-rollator-2\/","og_locale":"tr_TR","og_type":"article","og_title":"PR-890 Al\u00fcminyum L\u00fcks Rollator - \u0130ntegra Medikal | | Ma\u011faza","og_description":"PR-890 Al\u00fcminyum L\u00fcks Rollator, B2B sekt\u00f6r\u00fcn\u00fcn ve engelli bireylere hizmet veren kurulu\u015flar\u0131n karma\u015f\u0131k taleplerini kar\u015f\u0131lamak i\u00e7in tasarlanm\u0131\u015f birinci s\u0131n\u0131f bir mobilite yard\u0131mc\u0131s\u0131d\u0131r. G\u00fc\u00e7l\u00fc g\u00f6vde yap\u0131s\u0131 ve d\u00f6rt tekerlek dengesi, kullan\u0131c\u0131lara sars\u0131lmaz bir destek sa\u011flayarak rahatl\u0131\u011f\u0131 l\u00fcksle harmanl\u0131yor. \u015eiddetle tavsiye edilen bir \u00fcr\u00fcn olan PR-890, tekerlekli y\u00fcr\u00fcte\u00e7 kategorisinde kalite ve dayan\u0131kl\u0131l\u0131\u011f\u0131n bir kan\u0131t\u0131d\u0131r. G\u00fcvenilir ve kullan\u0131c\u0131 [&hellip;]","og_url":"https:\/\/integramedikal.com\/magaza\/urun\/pr-890-aluminyum-luks-rollator-2\/","og_site_name":"\u0130ntegra Medikal | | Ma\u011faza","article_publisher":"https:\/\/www.facebook.com\/integramedikal1","article_modified_time":"2026-04-01T07:59:48+00:00","og_image":[{"width":900,"height":900,"url":"https:\/\/integramedikal.com\/magaza\/wp-content\/uploads\/2025\/06\/fgdf54.jpg","type":"image\/jpeg"}],"twitter_card":"summary_large_image","twitter_site":"@integramedikal","twitter_misc":{"Tahmini okuma s\u00fcresi":"3 dakika"},"schema":{"@context":"https:\/\/schema.org","@graph":[{"@type":"WebPage","@id":"https:\/\/integramedikal.com\/magaza\/urun\/pr-890-aluminyum-luks-rollator-2\/","url":"https:\/\/integramedikal.com\/magaza\/urun\/pr-890-aluminyum-luks-rollator-2\/","name":"PR-890 Al\u00fcminyum L\u00fcks Rollator - \u0130ntegra Medikal | | Ma\u011faza","isPartOf":{"@id":"https:\/\/integramedikal.com\/magaza\/#website"},"primaryImageOfPage":{"@id":"https:\/\/integramedikal.com\/magaza\/urun\/pr-890-aluminyum-luks-rollator-2\/#primaryimage"},"image":{"@id":"https:\/\/integramedikal.com\/magaza\/urun\/pr-890-aluminyum-luks-rollator-2\/#primaryimage"},"thumbnailUrl":"https:\/\/integramedikal.com\/magaza\/wp-content\/uploads\/2025\/06\/fgdf54.jpg","datePublished":"2025-06-02T21:01:26+00:00","dateModified":"2026-04-01T07:59:48+00:00","breadcrumb":{"@id":"https:\/\/integramedikal.com\/magaza\/urun\/pr-890-aluminyum-luks-rollator-2\/#breadcrumb"},"inLanguage":"tr","potentialAction":[{"@type":"ReadAction","target":["https:\/\/integramedikal.com\/magaza\/urun\/pr-890-aluminyum-luks-rollator-2\/"]}]},{"@type":"ImageObject","inLanguage":"tr","@id":"https:\/\/integramedikal.com\/magaza\/urun\/pr-890-aluminyum-luks-rollator-2\/#primaryimage","url":"https:\/\/integramedikal.com\/magaza\/wp-content\/uploads\/2025\/06\/fgdf54.jpg","contentUrl":"https:\/\/integramedikal.com\/magaza\/wp-content\/uploads\/2025\/06\/fgdf54.jpg","width":900,"height":900},{"@type":"BreadcrumbList","@id":"https:\/\/integramedikal.com\/magaza\/urun\/pr-890-aluminyum-luks-rollator-2\/#breadcrumb","itemListElement":[{"@type":"ListItem","position":1,"name":"Anasayfa","item":"https:\/\/integramedikal.com\/magaza\/anasayfa\/"},{"@type":"ListItem","position":2,"name":"Shop","item":"https:\/\/integramedikal.com\/magaza\/shop\/"},{"@type":"ListItem","position":3,"name":"PR-890 Al\u00fcminyum L\u00fcks Rollator"}]},{"@type":"WebSite","@id":"https:\/\/integramedikal.com\/magaza\/#website","url":"https:\/\/integramedikal.com\/magaza\/","name":"\u0130ntegra Medikal < | | >Ma\u011faza","description":"Sa\u011fl\u0131kta Kalite | Sekt\u00f6rde 25. Y\u0131l","publisher":{"@id":"https:\/\/integramedikal.com\/magaza\/#organization"},"potentialAction":[{"@type":"SearchAction","target":{"@type":"EntryPoint","urlTemplate":"https:\/\/integramedikal.com\/magaza\/?s={search_term_string}"},"query-input":{"@type":"PropertyValueSpecification","valueRequired":true,"valueName":"search_term_string"}}],"inLanguage":"tr"},{"@type":"Organization","@id":"https:\/\/integramedikal.com\/magaza\/#organization","name":"\u0130ntegra Medikal < | | >Ma\u011faza","url":"https:\/\/integramedikal.com\/magaza\/","logo":{"@type":"ImageObject","inLanguage":"tr","@id":"https:\/\/integramedikal.com\/magaza\/#\/schema\/logo\/image\/","url":"https:\/\/integramedikal.com\/magaza\/wp-content\/uploads\/2025\/06\/integra-logo-1.png","contentUrl":"https:\/\/integramedikal.com\/magaza\/wp-content\/uploads\/2025\/06\/integra-logo-1.png","width":340,"height":156,"caption":"\u0130ntegra Medikal < | | >Ma\u011faza"},"image":{"@id":"https:\/\/integramedikal.com\/magaza\/#\/schema\/logo\/image\/"},"sameAs":["https:\/\/www.facebook.com\/integramedikal1","https:\/\/x.com\/integramedikal","https:\/\/www.instagram.com\/integramedikal\/","https:\/\/www.youtube.com\/user\/integramedikal"]}]}},"_links":{"self":[{"href":"https:\/\/integramedikal.com\/magaza\/wp-json\/wp\/v2\/product\/1843","targetHints":{"allow":["GET"]}}],"collection":[{"href":"https:\/\/integramedikal.com\/magaza\/wp-json\/wp\/v2\/product"}],"about":[{"href":"https:\/\/integramedikal.com\/magaza\/wp-json\/wp\/v2\/types\/product"}],"replies":[{"embeddable":true,"href":"https:\/\/integramedikal.com\/magaza\/wp-json\/wp\/v2\/comments?post=1843"}],"wp:featuredmedia":[{"embeddable":true,"href":"https:\/\/integramedikal.com\/magaza\/wp-json\/wp\/v2\/media\/1805"}],"wp:attachment":[{"href":"https:\/\/integramedikal.com\/magaza\/wp-json\/wp\/v2\/media?parent=1843"}],"wp:term":[{"taxonomy":"product_brand","embeddable":true,"href":"https:\/\/integramedikal.com\/magaza\/wp-json\/wp\/v2\/product_brand?post=1843"},{"taxonomy":"product_cat","embeddable":true,"href":"https:\/\/integramedikal.com\/magaza\/wp-json\/wp\/v2\/product_cat?post=1843"},{"taxonomy":"product_tag","embeddable":true,"href":"https:\/\/integramedikal.com\/magaza\/wp-json\/wp\/v2\/product_tag?post=1843"}],"curies":[{"name":"wp","href":"https:\/\/api.w.org\/{rel}","templated":true}]}}