{"id":1842,"date":"2025-06-03T00:01:25","date_gmt":"2025-06-02T21:01:25","guid":{"rendered":"https:\/\/integramedikal.com\/magaza\/?post_type=product&#038;p=1842"},"modified":"2026-04-01T11:00:19","modified_gmt":"2026-04-01T08:00:19","slug":"pr-898-wheelator-aluminyum-rollator-2","status":"publish","type":"product","link":"https:\/\/integramedikal.com\/magaza\/urun\/pr-898-wheelator-aluminyum-rollator-2\/","title":{"rendered":"PR-898 Wheelator Al\u00fcminyum Rollator"},"content":{"rendered":"<div>B2B sekt\u00f6r\u00fc ve engellilerin mobilite ihtiya\u00e7lar\u0131na hizmet eden uzman \u015firketler i\u00e7in tasarlanm\u0131\u015f tekerlekli y\u00fcr\u00fcte\u00e7ler kategorisinde dikkat \u00e7ekici bir \u00e7\u00f6z\u00fcm olan son teknoloji PR-898 Wheelator Al\u00fcminyum Rollator ile tan\u0131\u015f\u0131n. PR-898, dayan\u0131kl\u0131l\u0131k ve i\u015flevselli\u011fin m\u00fckemmel bir birle\u015fimini b\u00fcnyesinde bar\u0131nd\u0131r\u0131r ve katalo\u011funuz i\u00e7in vazge\u00e7ilmez bir \u00fcr\u00fcn haline getirir. Sa\u011flam tasar\u0131m\u0131 ve kullan\u0131c\u0131 odakl\u0131 \u00f6zellikleri ile tan\u0131nan bu y\u00fcr\u00fcte\u00e7, son kullan\u0131c\u0131 i\u00e7in kolayl\u0131k ve konfor sa\u011flarken kurumsal kullan\u0131m\u0131n zorlu taleplerini kar\u015f\u0131lamak \u00fczere tasarlanm\u0131\u015ft\u0131r.<\/div>\n<div><\/div>\n<div>Y\u0131llarca s\u00fcren ara\u015ft\u0131rmalar ve mobilite yard\u0131mc\u0131lar\u0131 konusunda keskin bir anlay\u0131\u015fa sahip olan PR-898 Wheelator, i\u015fletmeler i\u00e7in ekonomiyi art\u0131ran bir se\u00e7enek olarak \u00f6ne \u00e7\u0131k\u0131yor. Kaliteden veya kullan\u0131labilirlikten \u00f6d\u00fcn vermeden, ekonomik fiyatland\u0131rmas\u0131 ile rekabet avantaj\u0131 sunarak kendini farkl\u0131la\u015ft\u0131r\u0131r. Zaman a\u00e7\u0131s\u0131ndan verimli nakliye hizmeti, \u00e7ekicili\u011fini daha da art\u0131rarak \u00fcr\u00fcn\u00fcn i\u015fletmenize h\u0131zl\u0131 bir \u015fekilde ula\u015fmas\u0131n\u0131 ve m\u00fc\u015fterilerinizin yarar\u0131na g\u00f6nderilmeye haz\u0131r olmas\u0131n\u0131 sa\u011flar.<\/div>\n<div><\/div>\n<div><b>\u00d6ne \u00c7\u0131kan \u00dcr\u00fcn \u00d6zellikleri<\/b><\/div>\n<div><b><br \/><\/b><\/div>\n<div>PR-898 Wheelator, g\u00fc\u00e7l\u00fc g\u00f6vde yap\u0131s\u0131na ve yap\u0131m\u0131nda kullan\u0131lan malzemelerin kalitesine olan g\u00fcveni vurgulayan 2 Y\u0131l Garanti ile desteklenmektedir. Kullan\u0131c\u0131lar taraf\u0131ndan g\u00fcvenilirli\u011fi ile tan\u0131nan ve uyarlanabilirli\u011fi nedeniyle \u00f6nerilen rollator, ola\u011fan\u00fcst\u00fc i\u015f\u00e7ili\u011fin bir \u00f6rne\u011fidir. Her \u00fcnite, m\u00fc\u015fterilerinizin g\u00fcvendi\u011fi deste\u011fi sa\u011flarken, g\u00fcnl\u00fck a\u015f\u0131nma ve y\u0131pranmaya dayanacak ve dayanacak \u015fekilde \u00fcretilmi\u015f bir \u00fcr\u00fcn\u00fcn bir \u00f6rne\u011fidir.<\/div>\n<div><\/div>\n<div>Esnekli\u011finin \u00f6tesinde, PR-898, kullan\u0131c\u0131 ba\u011f\u0131ms\u0131zl\u0131\u011f\u0131n\u0131 ve konforunu art\u0131rmak i\u00e7in tasarlanm\u0131\u015f bir dizi \u00f6zelli\u011fe sahiptir. G\u00f6ze \u00e7arpan bir \u00f6zellik, herhangi bir B2B al\u0131c\u0131s\u0131 i\u00e7in \u00f6nemli bir husus olan zahmetsiz depolama ve ta\u015f\u0131maya izin veren katlanabilirli\u011fidir. Bir ta\u015f\u0131ma sepetinin dahil edilmesi, ki\u015fisel e\u015fyalar i\u00e7in kolayl\u0131k sa\u011flarken, yenilik\u00e7i g\u00fcvenli fren sistemi, herhangi bir tekerlekli y\u00fcr\u00fcte\u00e7 i\u00e7in b\u00fcy\u00fck bir endi\u015fe kayna\u011f\u0131 olan kullan\u0131c\u0131n\u0131n g\u00fcvenli\u011fini garanti eder.<\/div>\n<div><\/div>\n<div><b>Kullan\u0131c\u0131 Konforu ve Uyarlanabilirli\u011fi<\/b><\/div>\n<div><b><br \/><\/b><\/div>\n<div>PR-898 Wheelator konfordan \u00f6d\u00fcn vermez. \u00c7e\u015fitli arazilerde sorunsuz bir deneyim sunan, hareket kolayl\u0131\u011f\u0131 sa\u011flayan \u00f6n ve arka sa\u011flam tekerleklere sahiptir. Dinlenme anlar\u0131 i\u00e7in y\u00fcr\u00fcte\u00e7, kullan\u0131c\u0131lar\u0131n nefeslerini tutmalar\u0131 ve rahatlamalar\u0131 i\u00e7in rahat ve g\u00fcvenli bir yer sa\u011flamak \u00fczere d\u00fc\u015f\u00fcnceli bir \u015fekilde tasarlanm\u0131\u015f bir oturma ve dinlenme alan\u0131 sunar ve y\u00fcr\u00fctecin genel faydas\u0131n\u0131 art\u0131r\u0131r.<\/div>\n<div><\/div>\n<div>D\u00f6rt tekerlekli mobilite yard\u0131m\u0131n\u0131n \u00e7e\u015fitli gereksinimlerini anlayan PR-898, hem i\u015fletmenizin hem de son kullan\u0131c\u0131n\u0131n beklentilerini kar\u015f\u0131lamak ve a\u015fmak i\u00e7in titizlikle uyarlanm\u0131\u015ft\u0131r. Ekonomik de\u011feri, h\u0131zl\u0131 da\u011f\u0131t\u0131m kabiliyeti ve \u00e7ok say\u0131da kullan\u0131c\u0131 merkezli \u00f6zelli\u011fin birle\u015fimi, PR-898 Wheelator Al\u00fcminyum Rollator&#8217;\u0131 kalite, etkinlik ve kullan\u0131c\u0131 memnuniyeti pe\u015finde ko\u015fan se\u00e7ici B2B m\u00fc\u015fterileri i\u00e7in rollator pazar\u0131nda zirve se\u00e7imi olarak konumland\u0131r\u0131yor.<\/div>\n<div><\/div>\n<p><div  id=\"btn_klavuz\"  class='avia-button-wrap av-av_button-4f48dc9902d97c399b5dea8f0649304b-wrap avia-button-left  avia-builder-el-0  el_before_av_button  avia-builder-el-first '><a href='https:\/\/www.integramedikal.com\/magaza\/upload\/kilavuz\/104-pr-898-wheelator-aluminyum-rollator.pdf'  class='avia-button av-av_button-4f48dc9902d97c399b5dea8f0649304b av-link-btn avia-icon_select-yes-left-icon avia-size-medium avia-position-left avia-color-theme-color-highlight'  target=\"_blank\"  rel=\"noopener noreferrer\"  aria-label=\"Kullan\u0131m K\u0131lavuzu\"><span class='avia_button_icon avia_button_icon_left avia-svg-icon avia-font-svg_entypo-fontello' data-av_svg_icon='book-open' data-av_iconset='svg_entypo-fontello'><svg version=\"1.1\" xmlns=\"http:\/\/www.w3.org\/2000\/svg\" width=\"29\" height=\"32\" viewBox=\"0 0 29 32\" preserveAspectRatio=\"xMidYMid meet\" aria-labelledby='av-svg-title-1' aria-describedby='av-svg-desc-1' role=\"graphics-symbol\">\n<title id='av-svg-title-1'>Book-open<\/title>\n<desc id='av-svg-desc-1'>Book-open<\/desc>\n<path d=\"M10.88 19.584v2.176l-6.4-2.56v-2.176zM10.88 12.928v2.176l-6.4-2.56v-2.176zM28.096 1.856q0.704 0.384 0.704 1.344v20.48q0 1.088-1.024 1.472l-12.736 5.12q-0.256 0.064-0.32 0.064t-0.16 0.032-0.16 0.032-0.16-0.032-0.16-0.032l-0.32-0.064-12.736-5.12q-1.024-0.384-1.024-1.472v-20.48q0-0.96 0.704-1.344 0.704-0.512 1.472-0.192l12.224 4.928 12.224-4.928q0.768-0.32 1.472 0.192zM12.8 27.072v-17.92l-10.24-4.096v17.92zM26.24 22.976v-17.92l-10.24 4.096v17.92zM24.32 17.024v2.176l-6.4 2.56v-2.176zM24.32 10.368v2.176l-6.4 2.56v-2.176z\"><\/path>\n<\/svg><\/span><span class='avia_iconbox_title' >Kullan\u0131m K\u0131lavuzu<\/span><\/a><\/div> <div  id=\"btn_teknikbilgi\"  class='avia-button-wrap av-av_button-e069d87ec5d6298b9b6c476e2dc5aa4e-wrap avia-button-left  avia-builder-el-1  el_after_av_button  avia-builder-el-last '><a href='javascript:void(0);'  class='avia-button av-av_button-e069d87ec5d6298b9b6c476e2dc5aa4e av-link-btn avia-icon_select-yes-left-icon avia-size-medium avia-position-left avia-color-theme-color-highlight'   aria-label=\"Teknik Bilgi\"><span class='avia_button_icon avia_button_icon_left avia-svg-icon avia-font-svg_entypo-fontello' data-av_svg_icon='cog' data-av_iconset='svg_entypo-fontello'><svg version=\"1.1\" xmlns=\"http:\/\/www.w3.org\/2000\/svg\" width=\"27\" height=\"32\" viewBox=\"0 0 27 32\" preserveAspectRatio=\"xMidYMid meet\" aria-labelledby='av-svg-title-2' aria-describedby='av-svg-desc-2' role=\"graphics-symbol\">\n<title id='av-svg-title-2'>Cog<\/title>\n<desc id='av-svg-desc-2'>Cog<\/desc>\n<path d=\"M24.32 16q0 2.304 2.56 3.904-0.384 1.28-1.088 2.624-2.24-0.576-4.352 1.408-1.728 1.856-1.088 4.352-1.28 0.64-2.688 1.152-1.472-2.624-4.224-2.624t-4.224 2.624q-1.408-0.512-2.688-1.152 0.64-2.56-1.088-4.352-1.728-1.728-4.352-1.088-0.448-0.832-1.088-2.624 2.624-1.664 2.624-4.224 0-2.304-2.624-3.968 0.64-1.792 1.088-2.624 2.368 0.576 4.352-1.408 1.728-1.792 1.088-4.352 1.344-0.704 2.688-1.088 1.472 2.56 4.224 2.56t4.224-2.56q1.344 0.384 2.688 1.088-0.64 2.496 1.088 4.352 2.112 1.984 4.352 1.408 0.704 1.344 1.088 2.624-2.56 1.6-2.56 3.968zM13.44 21.824q2.432 0 4.128-1.696t1.696-4.128-1.696-4.16-4.128-1.728-4.128 1.728-1.696 4.16 1.696 4.128 4.128 1.696z\"><\/path>\n<\/svg><\/span><span class='avia_iconbox_title' >Teknik Bilgi<\/span><\/a><\/div><\/p>\n","protected":false},"excerpt":{"rendered":"<p>B2B sekt\u00f6r\u00fc ve engellilerin mobilite ihtiya\u00e7lar\u0131na hizmet eden uzman \u015firketler i\u00e7in tasarlanm\u0131\u015f tekerlekli y\u00fcr\u00fcte\u00e7ler kategorisinde dikkat \u00e7ekici bir \u00e7\u00f6z\u00fcm olan son teknoloji PR-898 Wheelator Al\u00fcminyum Rollator ile tan\u0131\u015f\u0131n. PR-898, dayan\u0131kl\u0131l\u0131k ve i\u015flevselli\u011fin m\u00fckemmel bir birle\u015fimini b\u00fcnyesinde bar\u0131nd\u0131r\u0131r ve katalo\u011funuz i\u00e7in vazge\u00e7ilmez bir \u00fcr\u00fcn haline getirir. Sa\u011flam tasar\u0131m\u0131 ve kullan\u0131c\u0131 odakl\u0131 \u00f6zellikleri ile tan\u0131nan bu y\u00fcr\u00fcte\u00e7, [&hellip;]<\/p>\n","protected":false},"featured_media":1799,"comment_status":"open","ping_status":"closed","template":"","meta":[],"product_brand":[],"product_cat":[600],"product_tag":[],"class_list":{"0":"post-1842","1":"product","2":"type-product","3":"status-publish","4":"has-post-thumbnail","6":"product_cat-yurume-gruplari","8":"first","9":"instock","10":"sale","11":"taxable","12":"shipping-taxable","13":"purchasable","14":"product-type-simple"},"yoast_head":"<!-- This site is optimized with the Yoast SEO plugin v27.4 - https:\/\/yoast.com\/product\/yoast-seo-wordpress\/ -->\n<title>PR-898 Wheelator Al\u00fcminyum Rollator - \u0130ntegra Medikal | | Ma\u011faza<\/title>\n<meta name=\"robots\" content=\"index, follow, max-snippet:-1, max-image-preview:large, max-video-preview:-1\" \/>\n<link rel=\"canonical\" href=\"https:\/\/integramedikal.com\/magaza\/urun\/pr-898-wheelator-aluminyum-rollator-2\/\" \/>\n<meta property=\"og:locale\" content=\"tr_TR\" \/>\n<meta property=\"og:type\" content=\"article\" \/>\n<meta property=\"og:title\" content=\"PR-898 Wheelator Al\u00fcminyum Rollator - \u0130ntegra Medikal | | Ma\u011faza\" \/>\n<meta property=\"og:description\" content=\"B2B sekt\u00f6r\u00fc ve engellilerin mobilite ihtiya\u00e7lar\u0131na hizmet eden uzman \u015firketler i\u00e7in tasarlanm\u0131\u015f tekerlekli y\u00fcr\u00fcte\u00e7ler kategorisinde dikkat \u00e7ekici bir \u00e7\u00f6z\u00fcm olan son teknoloji PR-898 Wheelator Al\u00fcminyum Rollator ile tan\u0131\u015f\u0131n. PR-898, dayan\u0131kl\u0131l\u0131k ve i\u015flevselli\u011fin m\u00fckemmel bir birle\u015fimini b\u00fcnyesinde bar\u0131nd\u0131r\u0131r ve katalo\u011funuz i\u00e7in vazge\u00e7ilmez bir \u00fcr\u00fcn haline getirir. Sa\u011flam tasar\u0131m\u0131 ve kullan\u0131c\u0131 odakl\u0131 \u00f6zellikleri ile tan\u0131nan bu y\u00fcr\u00fcte\u00e7, [&hellip;]\" \/>\n<meta property=\"og:url\" content=\"https:\/\/integramedikal.com\/magaza\/urun\/pr-898-wheelator-aluminyum-rollator-2\/\" \/>\n<meta property=\"og:site_name\" content=\"\u0130ntegra Medikal | | Ma\u011faza\" \/>\n<meta property=\"article:publisher\" content=\"https:\/\/www.facebook.com\/integramedikal1\" \/>\n<meta property=\"article:modified_time\" content=\"2026-04-01T08:00:19+00:00\" \/>\n<meta property=\"og:image\" content=\"https:\/\/integramedikal.com\/magaza\/wp-content\/uploads\/2025\/06\/sdv54nfa2.jpg\" \/>\n\t<meta property=\"og:image:width\" content=\"900\" \/>\n\t<meta property=\"og:image:height\" content=\"900\" \/>\n\t<meta property=\"og:image:type\" content=\"image\/jpeg\" \/>\n<meta name=\"twitter:card\" content=\"summary_large_image\" \/>\n<meta name=\"twitter:site\" content=\"@integramedikal\" \/>\n<meta name=\"twitter:label1\" content=\"Tahmini okuma s\u00fcresi\" \/>\n\t<meta name=\"twitter:data1\" content=\"3 dakika\" \/>\n<script type=\"application\/ld+json\" class=\"yoast-schema-graph\">{\"@context\":\"https:\\\/\\\/schema.org\",\"@graph\":[{\"@type\":\"WebPage\",\"@id\":\"https:\\\/\\\/integramedikal.com\\\/magaza\\\/urun\\\/pr-898-wheelator-aluminyum-rollator-2\\\/\",\"url\":\"https:\\\/\\\/integramedikal.com\\\/magaza\\\/urun\\\/pr-898-wheelator-aluminyum-rollator-2\\\/\",\"name\":\"PR-898 Wheelator Al\u00fcminyum Rollator - \u0130ntegra Medikal | | Ma\u011faza\",\"isPartOf\":{\"@id\":\"https:\\\/\\\/integramedikal.com\\\/magaza\\\/#website\"},\"primaryImageOfPage\":{\"@id\":\"https:\\\/\\\/integramedikal.com\\\/magaza\\\/urun\\\/pr-898-wheelator-aluminyum-rollator-2\\\/#primaryimage\"},\"image\":{\"@id\":\"https:\\\/\\\/integramedikal.com\\\/magaza\\\/urun\\\/pr-898-wheelator-aluminyum-rollator-2\\\/#primaryimage\"},\"thumbnailUrl\":\"https:\\\/\\\/integramedikal.com\\\/magaza\\\/wp-content\\\/uploads\\\/2025\\\/06\\\/sdv54nfa2.jpg\",\"datePublished\":\"2025-06-02T21:01:25+00:00\",\"dateModified\":\"2026-04-01T08:00:19+00:00\",\"breadcrumb\":{\"@id\":\"https:\\\/\\\/integramedikal.com\\\/magaza\\\/urun\\\/pr-898-wheelator-aluminyum-rollator-2\\\/#breadcrumb\"},\"inLanguage\":\"tr\",\"potentialAction\":[{\"@type\":\"ReadAction\",\"target\":[\"https:\\\/\\\/integramedikal.com\\\/magaza\\\/urun\\\/pr-898-wheelator-aluminyum-rollator-2\\\/\"]}]},{\"@type\":\"ImageObject\",\"inLanguage\":\"tr\",\"@id\":\"https:\\\/\\\/integramedikal.com\\\/magaza\\\/urun\\\/pr-898-wheelator-aluminyum-rollator-2\\\/#primaryimage\",\"url\":\"https:\\\/\\\/integramedikal.com\\\/magaza\\\/wp-content\\\/uploads\\\/2025\\\/06\\\/sdv54nfa2.jpg\",\"contentUrl\":\"https:\\\/\\\/integramedikal.com\\\/magaza\\\/wp-content\\\/uploads\\\/2025\\\/06\\\/sdv54nfa2.jpg\",\"width\":900,\"height\":900},{\"@type\":\"BreadcrumbList\",\"@id\":\"https:\\\/\\\/integramedikal.com\\\/magaza\\\/urun\\\/pr-898-wheelator-aluminyum-rollator-2\\\/#breadcrumb\",\"itemListElement\":[{\"@type\":\"ListItem\",\"position\":1,\"name\":\"Anasayfa\",\"item\":\"https:\\\/\\\/integramedikal.com\\\/magaza\\\/anasayfa\\\/\"},{\"@type\":\"ListItem\",\"position\":2,\"name\":\"Shop\",\"item\":\"https:\\\/\\\/integramedikal.com\\\/magaza\\\/shop\\\/\"},{\"@type\":\"ListItem\",\"position\":3,\"name\":\"PR-898 Wheelator Al\u00fcminyum Rollator\"}]},{\"@type\":\"WebSite\",\"@id\":\"https:\\\/\\\/integramedikal.com\\\/magaza\\\/#website\",\"url\":\"https:\\\/\\\/integramedikal.com\\\/magaza\\\/\",\"name\":\"\u0130ntegra Medikal < | | >Ma\u011faza\",\"description\":\"Sa\u011fl\u0131kta Kalite | Sekt\u00f6rde 25. Y\u0131l\",\"publisher\":{\"@id\":\"https:\\\/\\\/integramedikal.com\\\/magaza\\\/#organization\"},\"potentialAction\":[{\"@type\":\"SearchAction\",\"target\":{\"@type\":\"EntryPoint\",\"urlTemplate\":\"https:\\\/\\\/integramedikal.com\\\/magaza\\\/?s={search_term_string}\"},\"query-input\":{\"@type\":\"PropertyValueSpecification\",\"valueRequired\":true,\"valueName\":\"search_term_string\"}}],\"inLanguage\":\"tr\"},{\"@type\":\"Organization\",\"@id\":\"https:\\\/\\\/integramedikal.com\\\/magaza\\\/#organization\",\"name\":\"\u0130ntegra Medikal < | | >Ma\u011faza\",\"url\":\"https:\\\/\\\/integramedikal.com\\\/magaza\\\/\",\"logo\":{\"@type\":\"ImageObject\",\"inLanguage\":\"tr\",\"@id\":\"https:\\\/\\\/integramedikal.com\\\/magaza\\\/#\\\/schema\\\/logo\\\/image\\\/\",\"url\":\"https:\\\/\\\/integramedikal.com\\\/magaza\\\/wp-content\\\/uploads\\\/2025\\\/06\\\/integra-logo-1.png\",\"contentUrl\":\"https:\\\/\\\/integramedikal.com\\\/magaza\\\/wp-content\\\/uploads\\\/2025\\\/06\\\/integra-logo-1.png\",\"width\":340,\"height\":156,\"caption\":\"\u0130ntegra Medikal < | | >Ma\u011faza\"},\"image\":{\"@id\":\"https:\\\/\\\/integramedikal.com\\\/magaza\\\/#\\\/schema\\\/logo\\\/image\\\/\"},\"sameAs\":[\"https:\\\/\\\/www.facebook.com\\\/integramedikal1\",\"https:\\\/\\\/x.com\\\/integramedikal\",\"https:\\\/\\\/www.instagram.com\\\/integramedikal\\\/\",\"https:\\\/\\\/www.youtube.com\\\/user\\\/integramedikal\"]}]}<\/script>\n<!-- \/ Yoast SEO plugin. -->","yoast_head_json":{"title":"PR-898 Wheelator Al\u00fcminyum Rollator - \u0130ntegra Medikal | | Ma\u011faza","robots":{"index":"index","follow":"follow","max-snippet":"max-snippet:-1","max-image-preview":"max-image-preview:large","max-video-preview":"max-video-preview:-1"},"canonical":"https:\/\/integramedikal.com\/magaza\/urun\/pr-898-wheelator-aluminyum-rollator-2\/","og_locale":"tr_TR","og_type":"article","og_title":"PR-898 Wheelator Al\u00fcminyum Rollator - \u0130ntegra Medikal | | Ma\u011faza","og_description":"B2B sekt\u00f6r\u00fc ve engellilerin mobilite ihtiya\u00e7lar\u0131na hizmet eden uzman \u015firketler i\u00e7in tasarlanm\u0131\u015f tekerlekli y\u00fcr\u00fcte\u00e7ler kategorisinde dikkat \u00e7ekici bir \u00e7\u00f6z\u00fcm olan son teknoloji PR-898 Wheelator Al\u00fcminyum Rollator ile tan\u0131\u015f\u0131n. PR-898, dayan\u0131kl\u0131l\u0131k ve i\u015flevselli\u011fin m\u00fckemmel bir birle\u015fimini b\u00fcnyesinde bar\u0131nd\u0131r\u0131r ve katalo\u011funuz i\u00e7in vazge\u00e7ilmez bir \u00fcr\u00fcn haline getirir. Sa\u011flam tasar\u0131m\u0131 ve kullan\u0131c\u0131 odakl\u0131 \u00f6zellikleri ile tan\u0131nan bu y\u00fcr\u00fcte\u00e7, [&hellip;]","og_url":"https:\/\/integramedikal.com\/magaza\/urun\/pr-898-wheelator-aluminyum-rollator-2\/","og_site_name":"\u0130ntegra Medikal | | Ma\u011faza","article_publisher":"https:\/\/www.facebook.com\/integramedikal1","article_modified_time":"2026-04-01T08:00:19+00:00","og_image":[{"width":900,"height":900,"url":"https:\/\/integramedikal.com\/magaza\/wp-content\/uploads\/2025\/06\/sdv54nfa2.jpg","type":"image\/jpeg"}],"twitter_card":"summary_large_image","twitter_site":"@integramedikal","twitter_misc":{"Tahmini okuma s\u00fcresi":"3 dakika"},"schema":{"@context":"https:\/\/schema.org","@graph":[{"@type":"WebPage","@id":"https:\/\/integramedikal.com\/magaza\/urun\/pr-898-wheelator-aluminyum-rollator-2\/","url":"https:\/\/integramedikal.com\/magaza\/urun\/pr-898-wheelator-aluminyum-rollator-2\/","name":"PR-898 Wheelator Al\u00fcminyum Rollator - \u0130ntegra Medikal | | Ma\u011faza","isPartOf":{"@id":"https:\/\/integramedikal.com\/magaza\/#website"},"primaryImageOfPage":{"@id":"https:\/\/integramedikal.com\/magaza\/urun\/pr-898-wheelator-aluminyum-rollator-2\/#primaryimage"},"image":{"@id":"https:\/\/integramedikal.com\/magaza\/urun\/pr-898-wheelator-aluminyum-rollator-2\/#primaryimage"},"thumbnailUrl":"https:\/\/integramedikal.com\/magaza\/wp-content\/uploads\/2025\/06\/sdv54nfa2.jpg","datePublished":"2025-06-02T21:01:25+00:00","dateModified":"2026-04-01T08:00:19+00:00","breadcrumb":{"@id":"https:\/\/integramedikal.com\/magaza\/urun\/pr-898-wheelator-aluminyum-rollator-2\/#breadcrumb"},"inLanguage":"tr","potentialAction":[{"@type":"ReadAction","target":["https:\/\/integramedikal.com\/magaza\/urun\/pr-898-wheelator-aluminyum-rollator-2\/"]}]},{"@type":"ImageObject","inLanguage":"tr","@id":"https:\/\/integramedikal.com\/magaza\/urun\/pr-898-wheelator-aluminyum-rollator-2\/#primaryimage","url":"https:\/\/integramedikal.com\/magaza\/wp-content\/uploads\/2025\/06\/sdv54nfa2.jpg","contentUrl":"https:\/\/integramedikal.com\/magaza\/wp-content\/uploads\/2025\/06\/sdv54nfa2.jpg","width":900,"height":900},{"@type":"BreadcrumbList","@id":"https:\/\/integramedikal.com\/magaza\/urun\/pr-898-wheelator-aluminyum-rollator-2\/#breadcrumb","itemListElement":[{"@type":"ListItem","position":1,"name":"Anasayfa","item":"https:\/\/integramedikal.com\/magaza\/anasayfa\/"},{"@type":"ListItem","position":2,"name":"Shop","item":"https:\/\/integramedikal.com\/magaza\/shop\/"},{"@type":"ListItem","position":3,"name":"PR-898 Wheelator Al\u00fcminyum Rollator"}]},{"@type":"WebSite","@id":"https:\/\/integramedikal.com\/magaza\/#website","url":"https:\/\/integramedikal.com\/magaza\/","name":"\u0130ntegra Medikal < | | >Ma\u011faza","description":"Sa\u011fl\u0131kta Kalite | Sekt\u00f6rde 25. Y\u0131l","publisher":{"@id":"https:\/\/integramedikal.com\/magaza\/#organization"},"potentialAction":[{"@type":"SearchAction","target":{"@type":"EntryPoint","urlTemplate":"https:\/\/integramedikal.com\/magaza\/?s={search_term_string}"},"query-input":{"@type":"PropertyValueSpecification","valueRequired":true,"valueName":"search_term_string"}}],"inLanguage":"tr"},{"@type":"Organization","@id":"https:\/\/integramedikal.com\/magaza\/#organization","name":"\u0130ntegra Medikal < | | >Ma\u011faza","url":"https:\/\/integramedikal.com\/magaza\/","logo":{"@type":"ImageObject","inLanguage":"tr","@id":"https:\/\/integramedikal.com\/magaza\/#\/schema\/logo\/image\/","url":"https:\/\/integramedikal.com\/magaza\/wp-content\/uploads\/2025\/06\/integra-logo-1.png","contentUrl":"https:\/\/integramedikal.com\/magaza\/wp-content\/uploads\/2025\/06\/integra-logo-1.png","width":340,"height":156,"caption":"\u0130ntegra Medikal < | | >Ma\u011faza"},"image":{"@id":"https:\/\/integramedikal.com\/magaza\/#\/schema\/logo\/image\/"},"sameAs":["https:\/\/www.facebook.com\/integramedikal1","https:\/\/x.com\/integramedikal","https:\/\/www.instagram.com\/integramedikal\/","https:\/\/www.youtube.com\/user\/integramedikal"]}]}},"_links":{"self":[{"href":"https:\/\/integramedikal.com\/magaza\/wp-json\/wp\/v2\/product\/1842","targetHints":{"allow":["GET"]}}],"collection":[{"href":"https:\/\/integramedikal.com\/magaza\/wp-json\/wp\/v2\/product"}],"about":[{"href":"https:\/\/integramedikal.com\/magaza\/wp-json\/wp\/v2\/types\/product"}],"replies":[{"embeddable":true,"href":"https:\/\/integramedikal.com\/magaza\/wp-json\/wp\/v2\/comments?post=1842"}],"wp:featuredmedia":[{"embeddable":true,"href":"https:\/\/integramedikal.com\/magaza\/wp-json\/wp\/v2\/media\/1799"}],"wp:attachment":[{"href":"https:\/\/integramedikal.com\/magaza\/wp-json\/wp\/v2\/media?parent=1842"}],"wp:term":[{"taxonomy":"product_brand","embeddable":true,"href":"https:\/\/integramedikal.com\/magaza\/wp-json\/wp\/v2\/product_brand?post=1842"},{"taxonomy":"product_cat","embeddable":true,"href":"https:\/\/integramedikal.com\/magaza\/wp-json\/wp\/v2\/product_cat?post=1842"},{"taxonomy":"product_tag","embeddable":true,"href":"https:\/\/integramedikal.com\/magaza\/wp-json\/wp\/v2\/product_tag?post=1842"}],"curies":[{"name":"wp","href":"https:\/\/api.w.org\/{rel}","templated":true}]}}