{"id":1713,"date":"2025-06-02T23:33:44","date_gmt":"2025-06-02T20:33:44","guid":{"rendered":"https:\/\/integramedikal.com\/magaza\/?post_type=product&#038;p=1713"},"modified":"2026-04-01T11:02:40","modified_gmt":"2026-04-01T08:02:40","slug":"pr-891-aluminyum-walker-rollator","status":"publish","type":"product","link":"https:\/\/integramedikal.com\/magaza\/urun\/pr-891-aluminyum-walker-rollator\/","title":{"rendered":"PR-891 Al\u00fcminyum Walker (Rollator)"},"content":{"rendered":"<div>B2B pazar\u0131na hitap eden ve engellilere yard\u0131m sa\u011flayan \u015firketler i\u00e7in \u00f6zel olarak tasarlanm\u0131\u015f \u00f6rnek bir mobilite \u00e7\u00f6z\u00fcm\u00fc olan PR-891 Al\u00fcminyum Y\u00fcr\u00fcte\u00e7 (Rollator)&#8217;a ho\u015f geldiniz. Bu tekerlekli y\u00fcr\u00fcte\u00e7, i\u015flev ve stili birle\u015ftirerek kullan\u0131c\u0131lara kaliteden \u00f6d\u00fcn vermeyen g\u00fcvenilir, ekonomik bir \u00fcr\u00fcn sunar. Yenilik\u00e7i \u00f6zelliklerle entegre edilen PR-891, kullan\u0131c\u0131lar\u0131n\u0131n ger\u00e7ek d\u00fcnyadaki ihtiya\u00e7lar\u0131n\u0131 kar\u015f\u0131layan dayan\u0131kl\u0131 m\u00fchendislik ve d\u00fc\u015f\u00fcnceli tasar\u0131m\u0131n bir kan\u0131t\u0131d\u0131r.<\/div>\n<div><\/div>\n<div>Sa\u011flam yap\u0131s\u0131yla tan\u0131nan PR-891, kullan\u0131c\u0131lar\u0131 zahmetsizce destekleyen g\u00fc\u00e7l\u00fc g\u00f6vde yap\u0131s\u0131yla \u00f6ne \u00e7\u0131k\u0131yor. Bu y\u00fcr\u00fcte\u00e7 y\u00fcr\u00fcte\u00e7in dayan\u0131kl\u0131 yap\u0131s\u0131na, g\u00fcvenilir servis ve m\u00fc\u015fteri memnuniyeti sa\u011flayan 2 y\u0131ll\u0131k \u00f6zel bir garanti e\u015flik eder. Dayan\u0131kl\u0131l\u0131k ve deste\u011fe olan bu ba\u011fl\u0131l\u0131k, i\u015fletmelerin m\u00fc\u015fterilerine gereksiz gecikmeler olmadan zaman\u0131nda yard\u0131m sunmalar\u0131na olanak tan\u0131yan h\u0131zl\u0131 sevkiyat vaadiyle daha da art\u0131r\u0131l\u0131r.<\/div>\n<div><\/div>\n<div><b>Optimize Edilmi\u015f Mobilite ve Konfor<\/b><\/div>\n<div><b><br \/><\/b><\/div>\n<div>PR-891 Al\u00fcminyum Y\u00fcr\u00fcte\u00e7 sadece hareket konusunda yard\u0131m sa\u011flamakla kalmaz; Kullan\u0131c\u0131 taraf\u0131ndan \u00f6nerilen tasar\u0131m\u0131 ile sorunsuz ve konforlu bir deneyim sa\u011flar. \u00d6n ve arka tekerleklerin sa\u011flam yap\u0131s\u0131, \u00e7e\u015fitli arazilerde sorunsuz gezinme sa\u011flar ve kullan\u0131c\u0131n\u0131n kontrol\u00fcn\u00fc iyile\u015ftirir. Ayr\u0131ca, g\u00fcvenli bir fren sisteminin d\u00fc\u015f\u00fcnceli bir \u015fekilde dahil edilmesi, kullan\u0131c\u0131lar\u0131n durma s\u0131ras\u0131nda denge ve g\u00fcvenlik i\u00e7in y\u00fcr\u00fcte\u00e7lerine g\u00fcvenebilmelerini sa\u011flar.<\/div>\n<div><\/div>\n<div>Bu Rollator&#8217;\u0131n benzersiz bir y\u00f6n\u00fc, kolay saklama ve ta\u015f\u0131maya izin veren katlanabilir \u00f6zelli\u011fidir. \u00d6z\u00fcnde kompaktl\u0131k olan bu \u00fcr\u00fcn, \u015firketlerin envanteri daha verimli bir \u015fekilde y\u00f6netebilmelerini ve kullan\u0131c\u0131lar\u0131n y\u00fcr\u00fcte\u00e7leri ya\u015fam tarzlar\u0131na sorunsuz bir \u015fekilde entegre edebilmelerini sa\u011flar &#8211; her zaman, her yere g\u00f6t\u00fcrebilir. Ek olarak, PR-891 temel mobilitenin \u00f6tesine ge\u00e7en bir kolayl\u0131k sunar; Kullan\u0131c\u0131lar\u0131n ihtiya\u00e7 duyduklar\u0131nda dinlenmeleri i\u00e7in bir oturma ve dinlenme alan\u0131 sa\u011flayan tekerlekli bir y\u00fcr\u00fcte\u00e7tir.<\/div>\n<div><\/div>\n<div><b>Geli\u015fmi\u015f Fayda i\u00e7in Yenilik\u00e7i \u00d6zellikler<\/b><\/div>\n<div><b><br \/><\/b><\/div>\n<div>Hem kullan\u0131c\u0131lar hem de sa\u011flay\u0131c\u0131lar i\u00e7in rahatl\u0131\u011f\u0131n hayati rol\u00fcn\u00fc anlayan PR-891 Rollator, kullan\u0131c\u0131lar\u0131n temel e\u015fyalar\u0131n\u0131 zahmetsizce ta\u015f\u0131malar\u0131na olanak tan\u0131yan bir pratiklik katman\u0131 ekleyen bir ta\u015f\u0131ma sepeti ile donat\u0131lm\u0131\u015ft\u0131r. Bu \u00f6zellik sadece y\u00fcr\u00fctecin kullan\u0131\u015fl\u0131l\u0131\u011f\u0131n\u0131 art\u0131rmakla kalmaz, ayn\u0131 zamanda onu mobilitenin \u00f6tesinde de\u011fer katan ekonomik bir \u00fcr\u00fcn olarak konumland\u0131r\u0131r.<\/div>\n<div><\/div>\n<div>En y\u00fcksek kalite ve konfor standartlar\u0131na ba\u011fl\u0131 kalarak, bu d\u00f6rt tekerlekli y\u00fcr\u00fcte\u00e7, B2B pazar\u0131n\u0131n ve engelli yard\u0131mlar\u0131na odaklanan \u015firketlerin \u00f6zel ihtiya\u00e7lar\u0131n\u0131 kar\u015f\u0131lamak i\u00e7in \u00fcretilmi\u015ftir. D\u00fc\u015f\u00fcnceli tasar\u0131m\u0131, g\u00fcvenli fren sistemi ve sa\u011flam tekerlekleri gibi g\u00fcvenilir \u00f6zelliklerle birle\u015fti\u011finde, mobilite \u00e7\u00f6z\u00fcmleri sunman\u0131n ne anlama geldi\u011fini yeniden tan\u0131mlayan bir \u00fcr\u00fcnle size hizmet eder.\u00a0<\/div>\n<div><\/div>\n<p><div  id=\"btn_klavuz\"  class='avia-button-wrap av-av_button-de4830d88454f3422f2bfd04c3625076-wrap avia-button-left  avia-builder-el-0  el_before_av_button  avia-builder-el-first '><a href='https:\/\/www.integramedikal.com\/magaza\/upload\/kilavuz\/103-pr-891-aluminyum-walker-rollator.pdf'  class='avia-button av-av_button-de4830d88454f3422f2bfd04c3625076 av-link-btn avia-icon_select-yes-left-icon avia-size-medium avia-position-left avia-color-theme-color-highlight'  target=\"_blank\"  rel=\"noopener noreferrer\"  aria-label=\"Kullan\u0131m K\u0131lavuzu\"><span class='avia_button_icon avia_button_icon_left avia-svg-icon avia-font-svg_entypo-fontello' data-av_svg_icon='book-open' data-av_iconset='svg_entypo-fontello'><svg version=\"1.1\" xmlns=\"http:\/\/www.w3.org\/2000\/svg\" width=\"29\" height=\"32\" viewBox=\"0 0 29 32\" preserveAspectRatio=\"xMidYMid meet\" aria-labelledby='av-svg-title-1' aria-describedby='av-svg-desc-1' role=\"graphics-symbol\">\n<title id='av-svg-title-1'>Book-open<\/title>\n<desc id='av-svg-desc-1'>Book-open<\/desc>\n<path d=\"M10.88 19.584v2.176l-6.4-2.56v-2.176zM10.88 12.928v2.176l-6.4-2.56v-2.176zM28.096 1.856q0.704 0.384 0.704 1.344v20.48q0 1.088-1.024 1.472l-12.736 5.12q-0.256 0.064-0.32 0.064t-0.16 0.032-0.16 0.032-0.16-0.032-0.16-0.032l-0.32-0.064-12.736-5.12q-1.024-0.384-1.024-1.472v-20.48q0-0.96 0.704-1.344 0.704-0.512 1.472-0.192l12.224 4.928 12.224-4.928q0.768-0.32 1.472 0.192zM12.8 27.072v-17.92l-10.24-4.096v17.92zM26.24 22.976v-17.92l-10.24 4.096v17.92zM24.32 17.024v2.176l-6.4 2.56v-2.176zM24.32 10.368v2.176l-6.4 2.56v-2.176z\"><\/path>\n<\/svg><\/span><span class='avia_iconbox_title' >Kullan\u0131m K\u0131lavuzu<\/span><\/a><\/div> <div  id=\"btn_teknikbilgi\"  class='avia-button-wrap av-av_button-e069d87ec5d6298b9b6c476e2dc5aa4e-wrap avia-button-left  avia-builder-el-1  el_after_av_button  avia-builder-el-last '><a href='javascript:void(0);'  class='avia-button av-av_button-e069d87ec5d6298b9b6c476e2dc5aa4e av-link-btn avia-icon_select-yes-left-icon avia-size-medium avia-position-left avia-color-theme-color-highlight'   aria-label=\"Teknik Bilgi\"><span class='avia_button_icon avia_button_icon_left avia-svg-icon avia-font-svg_entypo-fontello' data-av_svg_icon='cog' data-av_iconset='svg_entypo-fontello'><svg version=\"1.1\" xmlns=\"http:\/\/www.w3.org\/2000\/svg\" width=\"27\" height=\"32\" viewBox=\"0 0 27 32\" preserveAspectRatio=\"xMidYMid meet\" aria-labelledby='av-svg-title-2' aria-describedby='av-svg-desc-2' role=\"graphics-symbol\">\n<title id='av-svg-title-2'>Cog<\/title>\n<desc id='av-svg-desc-2'>Cog<\/desc>\n<path d=\"M24.32 16q0 2.304 2.56 3.904-0.384 1.28-1.088 2.624-2.24-0.576-4.352 1.408-1.728 1.856-1.088 4.352-1.28 0.64-2.688 1.152-1.472-2.624-4.224-2.624t-4.224 2.624q-1.408-0.512-2.688-1.152 0.64-2.56-1.088-4.352-1.728-1.728-4.352-1.088-0.448-0.832-1.088-2.624 2.624-1.664 2.624-4.224 0-2.304-2.624-3.968 0.64-1.792 1.088-2.624 2.368 0.576 4.352-1.408 1.728-1.792 1.088-4.352 1.344-0.704 2.688-1.088 1.472 2.56 4.224 2.56t4.224-2.56q1.344 0.384 2.688 1.088-0.64 2.496 1.088 4.352 2.112 1.984 4.352 1.408 0.704 1.344 1.088 2.624-2.56 1.6-2.56 3.968zM13.44 21.824q2.432 0 4.128-1.696t1.696-4.128-1.696-4.16-4.128-1.728-4.128 1.728-1.696 4.16 1.696 4.128 4.128 1.696z\"><\/path>\n<\/svg><\/span><span class='avia_iconbox_title' >Teknik Bilgi<\/span><\/a><\/div><\/p>\n","protected":false},"excerpt":{"rendered":"<p>B2B pazar\u0131na hitap eden ve engellilere yard\u0131m sa\u011flayan \u015firketler i\u00e7in \u00f6zel olarak tasarlanm\u0131\u015f \u00f6rnek bir mobilite \u00e7\u00f6z\u00fcm\u00fc olan PR-891 Al\u00fcminyum Y\u00fcr\u00fcte\u00e7 (Rollator)&#8217;a ho\u015f geldiniz. Bu tekerlekli y\u00fcr\u00fcte\u00e7, i\u015flev ve stili birle\u015ftirerek kullan\u0131c\u0131lara kaliteden \u00f6d\u00fcn vermeyen g\u00fcvenilir, ekonomik bir \u00fcr\u00fcn sunar. Yenilik\u00e7i \u00f6zelliklerle entegre edilen PR-891, kullan\u0131c\u0131lar\u0131n\u0131n ger\u00e7ek d\u00fcnyadaki ihtiya\u00e7lar\u0131n\u0131 kar\u015f\u0131layan dayan\u0131kl\u0131 m\u00fchendislik ve d\u00fc\u015f\u00fcnceli tasar\u0131m\u0131n [&hellip;]<\/p>\n","protected":false},"featured_media":1723,"comment_status":"open","ping_status":"closed","template":"","meta":[],"product_brand":[],"product_cat":[600],"product_tag":[],"class_list":{"0":"post-1713","1":"product","2":"type-product","3":"status-publish","4":"has-post-thumbnail","6":"product_cat-yurume-gruplari","8":"first","9":"instock","10":"sale","11":"taxable","12":"shipping-taxable","13":"purchasable","14":"product-type-simple"},"yoast_head":"<!-- This site is optimized with the Yoast SEO plugin v27.4 - https:\/\/yoast.com\/product\/yoast-seo-wordpress\/ -->\n<title>PR-891 Al\u00fcminyum Walker (Rollator) - \u0130ntegra Medikal | | Ma\u011faza<\/title>\n<meta name=\"robots\" content=\"index, follow, max-snippet:-1, max-image-preview:large, max-video-preview:-1\" \/>\n<link rel=\"canonical\" href=\"https:\/\/integramedikal.com\/magaza\/urun\/pr-891-aluminyum-walker-rollator\/\" \/>\n<meta property=\"og:locale\" content=\"tr_TR\" \/>\n<meta property=\"og:type\" content=\"article\" \/>\n<meta property=\"og:title\" content=\"PR-891 Al\u00fcminyum Walker (Rollator) - \u0130ntegra Medikal | | Ma\u011faza\" \/>\n<meta property=\"og:description\" content=\"B2B pazar\u0131na hitap eden ve engellilere yard\u0131m sa\u011flayan \u015firketler i\u00e7in \u00f6zel olarak tasarlanm\u0131\u015f \u00f6rnek bir mobilite \u00e7\u00f6z\u00fcm\u00fc olan PR-891 Al\u00fcminyum Y\u00fcr\u00fcte\u00e7 (Rollator)&#8217;a ho\u015f geldiniz. Bu tekerlekli y\u00fcr\u00fcte\u00e7, i\u015flev ve stili birle\u015ftirerek kullan\u0131c\u0131lara kaliteden \u00f6d\u00fcn vermeyen g\u00fcvenilir, ekonomik bir \u00fcr\u00fcn sunar. Yenilik\u00e7i \u00f6zelliklerle entegre edilen PR-891, kullan\u0131c\u0131lar\u0131n\u0131n ger\u00e7ek d\u00fcnyadaki ihtiya\u00e7lar\u0131n\u0131 kar\u015f\u0131layan dayan\u0131kl\u0131 m\u00fchendislik ve d\u00fc\u015f\u00fcnceli tasar\u0131m\u0131n [&hellip;]\" \/>\n<meta property=\"og:url\" content=\"https:\/\/integramedikal.com\/magaza\/urun\/pr-891-aluminyum-walker-rollator\/\" \/>\n<meta property=\"og:site_name\" content=\"\u0130ntegra Medikal | | Ma\u011faza\" \/>\n<meta property=\"article:publisher\" content=\"https:\/\/www.facebook.com\/integramedikal1\" \/>\n<meta property=\"article:modified_time\" content=\"2026-04-01T08:02:40+00:00\" \/>\n<meta property=\"og:image\" content=\"https:\/\/integramedikal.com\/magaza\/wp-content\/uploads\/2025\/06\/gs43df.jpg\" \/>\n\t<meta property=\"og:image:width\" content=\"900\" \/>\n\t<meta property=\"og:image:height\" content=\"900\" \/>\n\t<meta property=\"og:image:type\" content=\"image\/jpeg\" \/>\n<meta name=\"twitter:card\" content=\"summary_large_image\" \/>\n<meta name=\"twitter:site\" content=\"@integramedikal\" \/>\n<meta name=\"twitter:label1\" content=\"Tahmini okuma s\u00fcresi\" \/>\n\t<meta name=\"twitter:data1\" content=\"3 dakika\" \/>\n<script type=\"application\/ld+json\" class=\"yoast-schema-graph\">{\"@context\":\"https:\\\/\\\/schema.org\",\"@graph\":[{\"@type\":\"WebPage\",\"@id\":\"https:\\\/\\\/integramedikal.com\\\/magaza\\\/urun\\\/pr-891-aluminyum-walker-rollator\\\/\",\"url\":\"https:\\\/\\\/integramedikal.com\\\/magaza\\\/urun\\\/pr-891-aluminyum-walker-rollator\\\/\",\"name\":\"PR-891 Al\u00fcminyum Walker (Rollator) - \u0130ntegra Medikal | | Ma\u011faza\",\"isPartOf\":{\"@id\":\"https:\\\/\\\/integramedikal.com\\\/magaza\\\/#website\"},\"primaryImageOfPage\":{\"@id\":\"https:\\\/\\\/integramedikal.com\\\/magaza\\\/urun\\\/pr-891-aluminyum-walker-rollator\\\/#primaryimage\"},\"image\":{\"@id\":\"https:\\\/\\\/integramedikal.com\\\/magaza\\\/urun\\\/pr-891-aluminyum-walker-rollator\\\/#primaryimage\"},\"thumbnailUrl\":\"https:\\\/\\\/integramedikal.com\\\/magaza\\\/wp-content\\\/uploads\\\/2025\\\/06\\\/gs43df.jpg\",\"datePublished\":\"2025-06-02T20:33:44+00:00\",\"dateModified\":\"2026-04-01T08:02:40+00:00\",\"breadcrumb\":{\"@id\":\"https:\\\/\\\/integramedikal.com\\\/magaza\\\/urun\\\/pr-891-aluminyum-walker-rollator\\\/#breadcrumb\"},\"inLanguage\":\"tr\",\"potentialAction\":[{\"@type\":\"ReadAction\",\"target\":[\"https:\\\/\\\/integramedikal.com\\\/magaza\\\/urun\\\/pr-891-aluminyum-walker-rollator\\\/\"]}]},{\"@type\":\"ImageObject\",\"inLanguage\":\"tr\",\"@id\":\"https:\\\/\\\/integramedikal.com\\\/magaza\\\/urun\\\/pr-891-aluminyum-walker-rollator\\\/#primaryimage\",\"url\":\"https:\\\/\\\/integramedikal.com\\\/magaza\\\/wp-content\\\/uploads\\\/2025\\\/06\\\/gs43df.jpg\",\"contentUrl\":\"https:\\\/\\\/integramedikal.com\\\/magaza\\\/wp-content\\\/uploads\\\/2025\\\/06\\\/gs43df.jpg\",\"width\":900,\"height\":900},{\"@type\":\"BreadcrumbList\",\"@id\":\"https:\\\/\\\/integramedikal.com\\\/magaza\\\/urun\\\/pr-891-aluminyum-walker-rollator\\\/#breadcrumb\",\"itemListElement\":[{\"@type\":\"ListItem\",\"position\":1,\"name\":\"Anasayfa\",\"item\":\"https:\\\/\\\/integramedikal.com\\\/magaza\\\/anasayfa\\\/\"},{\"@type\":\"ListItem\",\"position\":2,\"name\":\"Shop\",\"item\":\"https:\\\/\\\/integramedikal.com\\\/magaza\\\/shop\\\/\"},{\"@type\":\"ListItem\",\"position\":3,\"name\":\"PR-891 Al\u00fcminyum Walker (Rollator)\"}]},{\"@type\":\"WebSite\",\"@id\":\"https:\\\/\\\/integramedikal.com\\\/magaza\\\/#website\",\"url\":\"https:\\\/\\\/integramedikal.com\\\/magaza\\\/\",\"name\":\"\u0130ntegra Medikal < | | >Ma\u011faza\",\"description\":\"Sa\u011fl\u0131kta Kalite | Sekt\u00f6rde 25. Y\u0131l\",\"publisher\":{\"@id\":\"https:\\\/\\\/integramedikal.com\\\/magaza\\\/#organization\"},\"potentialAction\":[{\"@type\":\"SearchAction\",\"target\":{\"@type\":\"EntryPoint\",\"urlTemplate\":\"https:\\\/\\\/integramedikal.com\\\/magaza\\\/?s={search_term_string}\"},\"query-input\":{\"@type\":\"PropertyValueSpecification\",\"valueRequired\":true,\"valueName\":\"search_term_string\"}}],\"inLanguage\":\"tr\"},{\"@type\":\"Organization\",\"@id\":\"https:\\\/\\\/integramedikal.com\\\/magaza\\\/#organization\",\"name\":\"\u0130ntegra Medikal < | | >Ma\u011faza\",\"url\":\"https:\\\/\\\/integramedikal.com\\\/magaza\\\/\",\"logo\":{\"@type\":\"ImageObject\",\"inLanguage\":\"tr\",\"@id\":\"https:\\\/\\\/integramedikal.com\\\/magaza\\\/#\\\/schema\\\/logo\\\/image\\\/\",\"url\":\"https:\\\/\\\/integramedikal.com\\\/magaza\\\/wp-content\\\/uploads\\\/2025\\\/06\\\/integra-logo-1.png\",\"contentUrl\":\"https:\\\/\\\/integramedikal.com\\\/magaza\\\/wp-content\\\/uploads\\\/2025\\\/06\\\/integra-logo-1.png\",\"width\":340,\"height\":156,\"caption\":\"\u0130ntegra Medikal < | | >Ma\u011faza\"},\"image\":{\"@id\":\"https:\\\/\\\/integramedikal.com\\\/magaza\\\/#\\\/schema\\\/logo\\\/image\\\/\"},\"sameAs\":[\"https:\\\/\\\/www.facebook.com\\\/integramedikal1\",\"https:\\\/\\\/x.com\\\/integramedikal\",\"https:\\\/\\\/www.instagram.com\\\/integramedikal\\\/\",\"https:\\\/\\\/www.youtube.com\\\/user\\\/integramedikal\"]}]}<\/script>\n<!-- \/ Yoast SEO plugin. -->","yoast_head_json":{"title":"PR-891 Al\u00fcminyum Walker (Rollator) - \u0130ntegra Medikal | | Ma\u011faza","robots":{"index":"index","follow":"follow","max-snippet":"max-snippet:-1","max-image-preview":"max-image-preview:large","max-video-preview":"max-video-preview:-1"},"canonical":"https:\/\/integramedikal.com\/magaza\/urun\/pr-891-aluminyum-walker-rollator\/","og_locale":"tr_TR","og_type":"article","og_title":"PR-891 Al\u00fcminyum Walker (Rollator) - \u0130ntegra Medikal | | Ma\u011faza","og_description":"B2B pazar\u0131na hitap eden ve engellilere yard\u0131m sa\u011flayan \u015firketler i\u00e7in \u00f6zel olarak tasarlanm\u0131\u015f \u00f6rnek bir mobilite \u00e7\u00f6z\u00fcm\u00fc olan PR-891 Al\u00fcminyum Y\u00fcr\u00fcte\u00e7 (Rollator)&#8217;a ho\u015f geldiniz. Bu tekerlekli y\u00fcr\u00fcte\u00e7, i\u015flev ve stili birle\u015ftirerek kullan\u0131c\u0131lara kaliteden \u00f6d\u00fcn vermeyen g\u00fcvenilir, ekonomik bir \u00fcr\u00fcn sunar. Yenilik\u00e7i \u00f6zelliklerle entegre edilen PR-891, kullan\u0131c\u0131lar\u0131n\u0131n ger\u00e7ek d\u00fcnyadaki ihtiya\u00e7lar\u0131n\u0131 kar\u015f\u0131layan dayan\u0131kl\u0131 m\u00fchendislik ve d\u00fc\u015f\u00fcnceli tasar\u0131m\u0131n [&hellip;]","og_url":"https:\/\/integramedikal.com\/magaza\/urun\/pr-891-aluminyum-walker-rollator\/","og_site_name":"\u0130ntegra Medikal | | Ma\u011faza","article_publisher":"https:\/\/www.facebook.com\/integramedikal1","article_modified_time":"2026-04-01T08:02:40+00:00","og_image":[{"width":900,"height":900,"url":"https:\/\/integramedikal.com\/magaza\/wp-content\/uploads\/2025\/06\/gs43df.jpg","type":"image\/jpeg"}],"twitter_card":"summary_large_image","twitter_site":"@integramedikal","twitter_misc":{"Tahmini okuma s\u00fcresi":"3 dakika"},"schema":{"@context":"https:\/\/schema.org","@graph":[{"@type":"WebPage","@id":"https:\/\/integramedikal.com\/magaza\/urun\/pr-891-aluminyum-walker-rollator\/","url":"https:\/\/integramedikal.com\/magaza\/urun\/pr-891-aluminyum-walker-rollator\/","name":"PR-891 Al\u00fcminyum Walker (Rollator) - \u0130ntegra Medikal | | Ma\u011faza","isPartOf":{"@id":"https:\/\/integramedikal.com\/magaza\/#website"},"primaryImageOfPage":{"@id":"https:\/\/integramedikal.com\/magaza\/urun\/pr-891-aluminyum-walker-rollator\/#primaryimage"},"image":{"@id":"https:\/\/integramedikal.com\/magaza\/urun\/pr-891-aluminyum-walker-rollator\/#primaryimage"},"thumbnailUrl":"https:\/\/integramedikal.com\/magaza\/wp-content\/uploads\/2025\/06\/gs43df.jpg","datePublished":"2025-06-02T20:33:44+00:00","dateModified":"2026-04-01T08:02:40+00:00","breadcrumb":{"@id":"https:\/\/integramedikal.com\/magaza\/urun\/pr-891-aluminyum-walker-rollator\/#breadcrumb"},"inLanguage":"tr","potentialAction":[{"@type":"ReadAction","target":["https:\/\/integramedikal.com\/magaza\/urun\/pr-891-aluminyum-walker-rollator\/"]}]},{"@type":"ImageObject","inLanguage":"tr","@id":"https:\/\/integramedikal.com\/magaza\/urun\/pr-891-aluminyum-walker-rollator\/#primaryimage","url":"https:\/\/integramedikal.com\/magaza\/wp-content\/uploads\/2025\/06\/gs43df.jpg","contentUrl":"https:\/\/integramedikal.com\/magaza\/wp-content\/uploads\/2025\/06\/gs43df.jpg","width":900,"height":900},{"@type":"BreadcrumbList","@id":"https:\/\/integramedikal.com\/magaza\/urun\/pr-891-aluminyum-walker-rollator\/#breadcrumb","itemListElement":[{"@type":"ListItem","position":1,"name":"Anasayfa","item":"https:\/\/integramedikal.com\/magaza\/anasayfa\/"},{"@type":"ListItem","position":2,"name":"Shop","item":"https:\/\/integramedikal.com\/magaza\/shop\/"},{"@type":"ListItem","position":3,"name":"PR-891 Al\u00fcminyum Walker (Rollator)"}]},{"@type":"WebSite","@id":"https:\/\/integramedikal.com\/magaza\/#website","url":"https:\/\/integramedikal.com\/magaza\/","name":"\u0130ntegra Medikal < | | >Ma\u011faza","description":"Sa\u011fl\u0131kta Kalite | Sekt\u00f6rde 25. Y\u0131l","publisher":{"@id":"https:\/\/integramedikal.com\/magaza\/#organization"},"potentialAction":[{"@type":"SearchAction","target":{"@type":"EntryPoint","urlTemplate":"https:\/\/integramedikal.com\/magaza\/?s={search_term_string}"},"query-input":{"@type":"PropertyValueSpecification","valueRequired":true,"valueName":"search_term_string"}}],"inLanguage":"tr"},{"@type":"Organization","@id":"https:\/\/integramedikal.com\/magaza\/#organization","name":"\u0130ntegra Medikal < | | >Ma\u011faza","url":"https:\/\/integramedikal.com\/magaza\/","logo":{"@type":"ImageObject","inLanguage":"tr","@id":"https:\/\/integramedikal.com\/magaza\/#\/schema\/logo\/image\/","url":"https:\/\/integramedikal.com\/magaza\/wp-content\/uploads\/2025\/06\/integra-logo-1.png","contentUrl":"https:\/\/integramedikal.com\/magaza\/wp-content\/uploads\/2025\/06\/integra-logo-1.png","width":340,"height":156,"caption":"\u0130ntegra Medikal < | | >Ma\u011faza"},"image":{"@id":"https:\/\/integramedikal.com\/magaza\/#\/schema\/logo\/image\/"},"sameAs":["https:\/\/www.facebook.com\/integramedikal1","https:\/\/x.com\/integramedikal","https:\/\/www.instagram.com\/integramedikal\/","https:\/\/www.youtube.com\/user\/integramedikal"]}]}},"_links":{"self":[{"href":"https:\/\/integramedikal.com\/magaza\/wp-json\/wp\/v2\/product\/1713","targetHints":{"allow":["GET"]}}],"collection":[{"href":"https:\/\/integramedikal.com\/magaza\/wp-json\/wp\/v2\/product"}],"about":[{"href":"https:\/\/integramedikal.com\/magaza\/wp-json\/wp\/v2\/types\/product"}],"replies":[{"embeddable":true,"href":"https:\/\/integramedikal.com\/magaza\/wp-json\/wp\/v2\/comments?post=1713"}],"wp:featuredmedia":[{"embeddable":true,"href":"https:\/\/integramedikal.com\/magaza\/wp-json\/wp\/v2\/media\/1723"}],"wp:attachment":[{"href":"https:\/\/integramedikal.com\/magaza\/wp-json\/wp\/v2\/media?parent=1713"}],"wp:term":[{"taxonomy":"product_brand","embeddable":true,"href":"https:\/\/integramedikal.com\/magaza\/wp-json\/wp\/v2\/product_brand?post=1713"},{"taxonomy":"product_cat","embeddable":true,"href":"https:\/\/integramedikal.com\/magaza\/wp-json\/wp\/v2\/product_cat?post=1713"},{"taxonomy":"product_tag","embeddable":true,"href":"https:\/\/integramedikal.com\/magaza\/wp-json\/wp\/v2\/product_tag?post=1713"}],"curies":[{"name":"wp","href":"https:\/\/api.w.org\/{rel}","templated":true}]}}