{"id":1712,"date":"2025-06-02T23:33:44","date_gmt":"2025-06-02T20:33:44","guid":{"rendered":"https:\/\/integramedikal.com\/magaza\/?post_type=product&#038;p=1712"},"modified":"2026-04-01T11:02:12","modified_gmt":"2026-04-01T08:02:12","slug":"pr-888-aluminyum-walker-rollator","status":"publish","type":"product","link":"https:\/\/integramedikal.com\/magaza\/urun\/pr-888-aluminyum-walker-rollator\/","title":{"rendered":"PR-888 Al\u00fcminyum Walker (Rollator)"},"content":{"rendered":"<div>PR-888 Al\u00fcminyum Y\u00fcr\u00fcte\u00e7, \u00f6zellikle se\u00e7ici B2B pazar\u0131 ve engelliler i\u00e7in mobilite yard\u0131mc\u0131lar\u0131na hizmet veren perakendeciler i\u00e7in tasarlanm\u0131\u015f se\u00e7kin bir Rollator ile tan\u0131\u015f\u0131n. PR-888 Al\u00fcminyum Y\u00fcr\u00fcte\u00e7, i\u015flevselli\u011fi son teknoloji tasar\u0131mla birle\u015ftirerek, kullan\u0131m kolayl\u0131\u011f\u0131 ile birlikte sa\u011flam deste\u011fe de\u011fer veren bireylerin hareketlili\u011fini ve ba\u011f\u0131ms\u0131zl\u0131\u011f\u0131n\u0131 art\u0131rmak i\u00e7in \u00f6nemli bir ara\u00e7 sa\u011flar.<\/div>\n<div><\/div>\n<div>Tekerlekli y\u00fcr\u00fcte\u00e7ler aras\u0131nda, PR-888 Al\u00fcminyum Y\u00fcr\u00fcte\u00e7, ekonomik de\u011feri ve profesyonel m\u00fc\u015fterilerimizin beklentilerini kar\u015f\u0131lamak ve a\u015fmak i\u00e7in uyarlanm\u0131\u015f geni\u015f \u00f6zellik yelpazesi ile takdir edilen bir amiral gemisi modeli olarak \u00f6ne \u00e7\u0131k\u0131yor. Dayan\u0131kl\u0131l\u0131k ve uzun \u00f6m\u00fcr i\u00e7in \u00fcretilen model, PR-888 ad\u0131n\u0131n mobilite yard\u0131mc\u0131lar\u0131 end\u00fcstrisinde somutla\u015ft\u0131rd\u0131\u011f\u0131 kaliteye olan sars\u0131lmaz ba\u011fl\u0131l\u0131\u011f\u0131n bir kan\u0131t\u0131d\u0131r.<\/div>\n<div><\/div>\n<div><b>Ergonomik Tasar\u0131m ve Dayan\u0131kl\u0131l\u0131k<\/b><\/div>\n<div><b><br \/><\/b><\/div>\n<div>PR-888 Al\u00fcminyum Y\u00fcr\u00fcte\u00e7, tekerlekli y\u00fcr\u00fcte\u00e7lerin yap\u0131m\u0131ndaki m\u00fckemmelli\u011fin bir kan\u0131t\u0131d\u0131r. Sa\u011flam g\u00f6vde yap\u0131s\u0131, kapsaml\u0131 kullan\u0131ma dayanacak \u015fekilde tasarlanm\u0131\u015ft\u0131r ve bu da onu m\u00fc\u015fterilerine g\u00fcvenilir rollat\u00f6r \u00e7\u00f6z\u00fcmleri sunmak isteyen i\u015fletmeler i\u00e7in ideal bir uzun vadeli yat\u0131r\u0131m haline getirir. Tam 2 Y\u0131l Garanti sunan bu \u00fcr\u00fcn, hem al\u0131c\u0131ya hem de son kullan\u0131c\u0131ya kal\u0131c\u0131 g\u00fcvenilirli\u011fi ve \u00fcreticinin dayan\u0131kl\u0131 yap\u0131s\u0131na olan g\u00fcveni konusunda g\u00fcvence verir.<\/div>\n<div><\/div>\n<div>PR-888, g\u00fc\u00e7l\u00fc g\u00f6vdesinin yan\u0131 s\u0131ra kullan\u0131\u015fl\u0131l\u0131\u011f\u0131n\u0131 art\u0131ran katlanabilir bir \u00f6zelli\u011fe sahiptir. \u0130ster depolama ister nakliye i\u00e7in olsun, katlanmas\u0131 kolay mekanizma, bu y\u00fcr\u00fcte\u00e7 y\u00fcr\u00fcte\u00e7in sorunsuz bir \u015fekilde s\u0131k\u0131\u015ft\u0131r\u0131labilmesini sa\u011flayarak hem i\u015flevsel hem de yerden tasarruf sa\u011flar. Bir ta\u015f\u0131ma sepetinin varl\u0131\u011f\u0131, pratikli\u011fini daha da art\u0131rarak kullan\u0131c\u0131lar\u0131n temel e\u015fyalar\u0131n\u0131 zahmetsizce ta\u015f\u0131malar\u0131na olanak tan\u0131r.<\/div>\n<div><\/div>\n<div><b>Konfor ve G\u00fcvenlik \u00d6zellikleri<\/b><\/div>\n<div><b><br \/><\/b><\/div>\n<div>PR-888 Al\u00fcminyum Y\u00fcr\u00fcte\u00e7, konfor veya g\u00fcvenlikten \u00f6d\u00fcn vermez. Kullan\u0131c\u0131lara manevra kabiliyeti ve kontrol konusunda g\u00fcven veren g\u00fcvenli bir fren sistemi ile donat\u0131lm\u0131\u015ft\u0131r. \u00d6n ve arka tekerlekler, titre\u015fimleri azaltan ve daha yumu\u015fak bir s\u00fcr\u00fc\u015f sunan silikon dolguya sahiptir. Bu d\u00fc\u015f\u00fcnceli d\u00fc\u015f\u00fcnce, konforu ve dengesi ile tan\u0131nan \u00fcst\u00fcn bir \u00fcr\u00fcn sunmaya olan ba\u011fl\u0131l\u0131k hakk\u0131nda \u00e7ok \u015fey anlat\u0131yor.<\/div>\n<div>Ayr\u0131ca Rollator, kullan\u0131c\u0131lar\u0131 y\u00fcr\u00fcy\u00fc\u015fleri s\u0131ras\u0131nda elde ta\u015f\u0131malar\u0131 gereken a\u011f\u0131rl\u0131klar\u0131 kendilerine y\u00fck etmeden y\u00fcr\u00fcte\u00e7 \u00fczerinden ta\u015f\u0131malar\u0131 i\u00e7in bir avantaj sunuyor. Bu \u00f6zellik, kullan\u0131c\u0131 konforunun her \u015feyden \u00f6nemli oldu\u011fu anlay\u0131\u015f\u0131n\u0131n alt\u0131n\u0131 \u00e7izer. Optimum denge ve manevra kabiliyeti i\u00e7in \u00fc\u00e7 tekerlekli PR-888 Walker, kullan\u0131c\u0131lar\u0131 i\u00e7in g\u00fcvenilir ve keyifli bir deneyim sa\u011flar. H\u0131zl\u0131 sevkiyat ile m\u00fc\u015fteriler, PR-888 Al\u00fcminyum Y\u00fcr\u00fcte\u00e7&#8217;in derhal gelmesine, mobiliteyi g\u00fc\u00e7lendirmeye ve onu kullananlar\u0131n ya\u015famlar\u0131n\u0131 iyile\u015ftirmeye haz\u0131r oldu\u011funa g\u00fcvenebilir.<\/div>\n<div><\/div>\n<p><div  id=\"btn_klavuz\"  class='avia-button-wrap av-av_button-5e5d2049c5f2e142c951a8ae102f3222-wrap avia-button-left  avia-builder-el-0  el_before_av_button  avia-builder-el-first '><a href='https:\/\/www.integramedikal.com\/magaza\/upload\/kilavuz\/101-pr-888-aluminyum-walker-rollator.pdf'  class='avia-button av-av_button-5e5d2049c5f2e142c951a8ae102f3222 av-link-btn avia-icon_select-yes-left-icon avia-size-medium avia-position-left avia-color-theme-color-highlight'  target=\"_blank\"  rel=\"noopener noreferrer\"  aria-label=\"Kullan\u0131m K\u0131lavuzu\"><span class='avia_button_icon avia_button_icon_left avia-svg-icon avia-font-svg_entypo-fontello' data-av_svg_icon='book-open' data-av_iconset='svg_entypo-fontello'><svg version=\"1.1\" xmlns=\"http:\/\/www.w3.org\/2000\/svg\" width=\"29\" height=\"32\" viewBox=\"0 0 29 32\" preserveAspectRatio=\"xMidYMid meet\" aria-labelledby='av-svg-title-1' aria-describedby='av-svg-desc-1' role=\"graphics-symbol\">\n<title id='av-svg-title-1'>Book-open<\/title>\n<desc id='av-svg-desc-1'>Book-open<\/desc>\n<path d=\"M10.88 19.584v2.176l-6.4-2.56v-2.176zM10.88 12.928v2.176l-6.4-2.56v-2.176zM28.096 1.856q0.704 0.384 0.704 1.344v20.48q0 1.088-1.024 1.472l-12.736 5.12q-0.256 0.064-0.32 0.064t-0.16 0.032-0.16 0.032-0.16-0.032-0.16-0.032l-0.32-0.064-12.736-5.12q-1.024-0.384-1.024-1.472v-20.48q0-0.96 0.704-1.344 0.704-0.512 1.472-0.192l12.224 4.928 12.224-4.928q0.768-0.32 1.472 0.192zM12.8 27.072v-17.92l-10.24-4.096v17.92zM26.24 22.976v-17.92l-10.24 4.096v17.92zM24.32 17.024v2.176l-6.4 2.56v-2.176zM24.32 10.368v2.176l-6.4 2.56v-2.176z\"><\/path>\n<\/svg><\/span><span class='avia_iconbox_title' >Kullan\u0131m K\u0131lavuzu<\/span><\/a><\/div> <div  id=\"btn_teknikbilgi\"  class='avia-button-wrap av-av_button-e069d87ec5d6298b9b6c476e2dc5aa4e-wrap avia-button-left  avia-builder-el-1  el_after_av_button  avia-builder-el-last '><a href='javascript:void(0);'  class='avia-button av-av_button-e069d87ec5d6298b9b6c476e2dc5aa4e av-link-btn avia-icon_select-yes-left-icon avia-size-medium avia-position-left avia-color-theme-color-highlight'   aria-label=\"Teknik Bilgi\"><span class='avia_button_icon avia_button_icon_left avia-svg-icon avia-font-svg_entypo-fontello' data-av_svg_icon='cog' data-av_iconset='svg_entypo-fontello'><svg version=\"1.1\" xmlns=\"http:\/\/www.w3.org\/2000\/svg\" width=\"27\" height=\"32\" viewBox=\"0 0 27 32\" preserveAspectRatio=\"xMidYMid meet\" aria-labelledby='av-svg-title-2' aria-describedby='av-svg-desc-2' role=\"graphics-symbol\">\n<title id='av-svg-title-2'>Cog<\/title>\n<desc id='av-svg-desc-2'>Cog<\/desc>\n<path d=\"M24.32 16q0 2.304 2.56 3.904-0.384 1.28-1.088 2.624-2.24-0.576-4.352 1.408-1.728 1.856-1.088 4.352-1.28 0.64-2.688 1.152-1.472-2.624-4.224-2.624t-4.224 2.624q-1.408-0.512-2.688-1.152 0.64-2.56-1.088-4.352-1.728-1.728-4.352-1.088-0.448-0.832-1.088-2.624 2.624-1.664 2.624-4.224 0-2.304-2.624-3.968 0.64-1.792 1.088-2.624 2.368 0.576 4.352-1.408 1.728-1.792 1.088-4.352 1.344-0.704 2.688-1.088 1.472 2.56 4.224 2.56t4.224-2.56q1.344 0.384 2.688 1.088-0.64 2.496 1.088 4.352 2.112 1.984 4.352 1.408 0.704 1.344 1.088 2.624-2.56 1.6-2.56 3.968zM13.44 21.824q2.432 0 4.128-1.696t1.696-4.128-1.696-4.16-4.128-1.728-4.128 1.728-1.696 4.16 1.696 4.128 4.128 1.696z\"><\/path>\n<\/svg><\/span><span class='avia_iconbox_title' >Teknik Bilgi<\/span><\/a><\/div><\/p>\n","protected":false},"excerpt":{"rendered":"<p>PR-888 Al\u00fcminyum Y\u00fcr\u00fcte\u00e7, \u00f6zellikle se\u00e7ici B2B pazar\u0131 ve engelliler i\u00e7in mobilite yard\u0131mc\u0131lar\u0131na hizmet veren perakendeciler i\u00e7in tasarlanm\u0131\u015f se\u00e7kin bir Rollator ile tan\u0131\u015f\u0131n. PR-888 Al\u00fcminyum Y\u00fcr\u00fcte\u00e7, i\u015flevselli\u011fi son teknoloji tasar\u0131mla birle\u015ftirerek, kullan\u0131m kolayl\u0131\u011f\u0131 ile birlikte sa\u011flam deste\u011fe de\u011fer veren bireylerin hareketlili\u011fini ve ba\u011f\u0131ms\u0131zl\u0131\u011f\u0131n\u0131 art\u0131rmak i\u00e7in \u00f6nemli bir ara\u00e7 sa\u011flar. Tekerlekli y\u00fcr\u00fcte\u00e7ler aras\u0131nda, PR-888 Al\u00fcminyum Y\u00fcr\u00fcte\u00e7, ekonomik [&hellip;]<\/p>\n","protected":false},"featured_media":1722,"comment_status":"open","ping_status":"closed","template":"","meta":[],"product_brand":[],"product_cat":[600],"product_tag":[],"class_list":{"0":"post-1712","1":"product","2":"type-product","3":"status-publish","4":"has-post-thumbnail","6":"product_cat-yurume-gruplari","8":"first","9":"instock","10":"sale","11":"taxable","12":"shipping-taxable","13":"purchasable","14":"product-type-simple"},"yoast_head":"<!-- This site is optimized with the Yoast SEO plugin v27.4 - https:\/\/yoast.com\/product\/yoast-seo-wordpress\/ -->\n<title>PR-888 Al\u00fcminyum Walker (Rollator) - \u0130ntegra Medikal | | Ma\u011faza<\/title>\n<meta name=\"robots\" content=\"index, follow, max-snippet:-1, max-image-preview:large, max-video-preview:-1\" \/>\n<link rel=\"canonical\" href=\"https:\/\/integramedikal.com\/magaza\/urun\/pr-888-aluminyum-walker-rollator\/\" \/>\n<meta property=\"og:locale\" content=\"tr_TR\" \/>\n<meta property=\"og:type\" content=\"article\" \/>\n<meta property=\"og:title\" content=\"PR-888 Al\u00fcminyum Walker (Rollator) - \u0130ntegra Medikal | | Ma\u011faza\" \/>\n<meta property=\"og:description\" content=\"PR-888 Al\u00fcminyum Y\u00fcr\u00fcte\u00e7, \u00f6zellikle se\u00e7ici B2B pazar\u0131 ve engelliler i\u00e7in mobilite yard\u0131mc\u0131lar\u0131na hizmet veren perakendeciler i\u00e7in tasarlanm\u0131\u015f se\u00e7kin bir Rollator ile tan\u0131\u015f\u0131n. PR-888 Al\u00fcminyum Y\u00fcr\u00fcte\u00e7, i\u015flevselli\u011fi son teknoloji tasar\u0131mla birle\u015ftirerek, kullan\u0131m kolayl\u0131\u011f\u0131 ile birlikte sa\u011flam deste\u011fe de\u011fer veren bireylerin hareketlili\u011fini ve ba\u011f\u0131ms\u0131zl\u0131\u011f\u0131n\u0131 art\u0131rmak i\u00e7in \u00f6nemli bir ara\u00e7 sa\u011flar. Tekerlekli y\u00fcr\u00fcte\u00e7ler aras\u0131nda, PR-888 Al\u00fcminyum Y\u00fcr\u00fcte\u00e7, ekonomik [&hellip;]\" \/>\n<meta property=\"og:url\" content=\"https:\/\/integramedikal.com\/magaza\/urun\/pr-888-aluminyum-walker-rollator\/\" \/>\n<meta property=\"og:site_name\" content=\"\u0130ntegra Medikal | | Ma\u011faza\" \/>\n<meta property=\"article:publisher\" content=\"https:\/\/www.facebook.com\/integramedikal1\" \/>\n<meta property=\"article:modified_time\" content=\"2026-04-01T08:02:12+00:00\" \/>\n<meta property=\"og:image\" content=\"https:\/\/integramedikal.com\/magaza\/wp-content\/uploads\/2025\/06\/sdg5db6.jpg\" \/>\n\t<meta property=\"og:image:width\" content=\"900\" \/>\n\t<meta property=\"og:image:height\" content=\"900\" \/>\n\t<meta property=\"og:image:type\" content=\"image\/jpeg\" \/>\n<meta name=\"twitter:card\" content=\"summary_large_image\" \/>\n<meta name=\"twitter:site\" content=\"@integramedikal\" \/>\n<meta name=\"twitter:label1\" content=\"Tahmini okuma s\u00fcresi\" \/>\n\t<meta name=\"twitter:data1\" content=\"3 dakika\" \/>\n<script type=\"application\/ld+json\" class=\"yoast-schema-graph\">{\"@context\":\"https:\\\/\\\/schema.org\",\"@graph\":[{\"@type\":\"WebPage\",\"@id\":\"https:\\\/\\\/integramedikal.com\\\/magaza\\\/urun\\\/pr-888-aluminyum-walker-rollator\\\/\",\"url\":\"https:\\\/\\\/integramedikal.com\\\/magaza\\\/urun\\\/pr-888-aluminyum-walker-rollator\\\/\",\"name\":\"PR-888 Al\u00fcminyum Walker (Rollator) - \u0130ntegra Medikal | | Ma\u011faza\",\"isPartOf\":{\"@id\":\"https:\\\/\\\/integramedikal.com\\\/magaza\\\/#website\"},\"primaryImageOfPage\":{\"@id\":\"https:\\\/\\\/integramedikal.com\\\/magaza\\\/urun\\\/pr-888-aluminyum-walker-rollator\\\/#primaryimage\"},\"image\":{\"@id\":\"https:\\\/\\\/integramedikal.com\\\/magaza\\\/urun\\\/pr-888-aluminyum-walker-rollator\\\/#primaryimage\"},\"thumbnailUrl\":\"https:\\\/\\\/integramedikal.com\\\/magaza\\\/wp-content\\\/uploads\\\/2025\\\/06\\\/sdg5db6.jpg\",\"datePublished\":\"2025-06-02T20:33:44+00:00\",\"dateModified\":\"2026-04-01T08:02:12+00:00\",\"breadcrumb\":{\"@id\":\"https:\\\/\\\/integramedikal.com\\\/magaza\\\/urun\\\/pr-888-aluminyum-walker-rollator\\\/#breadcrumb\"},\"inLanguage\":\"tr\",\"potentialAction\":[{\"@type\":\"ReadAction\",\"target\":[\"https:\\\/\\\/integramedikal.com\\\/magaza\\\/urun\\\/pr-888-aluminyum-walker-rollator\\\/\"]}]},{\"@type\":\"ImageObject\",\"inLanguage\":\"tr\",\"@id\":\"https:\\\/\\\/integramedikal.com\\\/magaza\\\/urun\\\/pr-888-aluminyum-walker-rollator\\\/#primaryimage\",\"url\":\"https:\\\/\\\/integramedikal.com\\\/magaza\\\/wp-content\\\/uploads\\\/2025\\\/06\\\/sdg5db6.jpg\",\"contentUrl\":\"https:\\\/\\\/integramedikal.com\\\/magaza\\\/wp-content\\\/uploads\\\/2025\\\/06\\\/sdg5db6.jpg\",\"width\":900,\"height\":900},{\"@type\":\"BreadcrumbList\",\"@id\":\"https:\\\/\\\/integramedikal.com\\\/magaza\\\/urun\\\/pr-888-aluminyum-walker-rollator\\\/#breadcrumb\",\"itemListElement\":[{\"@type\":\"ListItem\",\"position\":1,\"name\":\"Anasayfa\",\"item\":\"https:\\\/\\\/integramedikal.com\\\/magaza\\\/anasayfa\\\/\"},{\"@type\":\"ListItem\",\"position\":2,\"name\":\"Shop\",\"item\":\"https:\\\/\\\/integramedikal.com\\\/magaza\\\/shop\\\/\"},{\"@type\":\"ListItem\",\"position\":3,\"name\":\"PR-888 Al\u00fcminyum Walker (Rollator)\"}]},{\"@type\":\"WebSite\",\"@id\":\"https:\\\/\\\/integramedikal.com\\\/magaza\\\/#website\",\"url\":\"https:\\\/\\\/integramedikal.com\\\/magaza\\\/\",\"name\":\"\u0130ntegra Medikal < | | >Ma\u011faza\",\"description\":\"Sa\u011fl\u0131kta Kalite | Sekt\u00f6rde 25. Y\u0131l\",\"publisher\":{\"@id\":\"https:\\\/\\\/integramedikal.com\\\/magaza\\\/#organization\"},\"potentialAction\":[{\"@type\":\"SearchAction\",\"target\":{\"@type\":\"EntryPoint\",\"urlTemplate\":\"https:\\\/\\\/integramedikal.com\\\/magaza\\\/?s={search_term_string}\"},\"query-input\":{\"@type\":\"PropertyValueSpecification\",\"valueRequired\":true,\"valueName\":\"search_term_string\"}}],\"inLanguage\":\"tr\"},{\"@type\":\"Organization\",\"@id\":\"https:\\\/\\\/integramedikal.com\\\/magaza\\\/#organization\",\"name\":\"\u0130ntegra Medikal < | | >Ma\u011faza\",\"url\":\"https:\\\/\\\/integramedikal.com\\\/magaza\\\/\",\"logo\":{\"@type\":\"ImageObject\",\"inLanguage\":\"tr\",\"@id\":\"https:\\\/\\\/integramedikal.com\\\/magaza\\\/#\\\/schema\\\/logo\\\/image\\\/\",\"url\":\"https:\\\/\\\/integramedikal.com\\\/magaza\\\/wp-content\\\/uploads\\\/2025\\\/06\\\/integra-logo-1.png\",\"contentUrl\":\"https:\\\/\\\/integramedikal.com\\\/magaza\\\/wp-content\\\/uploads\\\/2025\\\/06\\\/integra-logo-1.png\",\"width\":340,\"height\":156,\"caption\":\"\u0130ntegra Medikal < | | >Ma\u011faza\"},\"image\":{\"@id\":\"https:\\\/\\\/integramedikal.com\\\/magaza\\\/#\\\/schema\\\/logo\\\/image\\\/\"},\"sameAs\":[\"https:\\\/\\\/www.facebook.com\\\/integramedikal1\",\"https:\\\/\\\/x.com\\\/integramedikal\",\"https:\\\/\\\/www.instagram.com\\\/integramedikal\\\/\",\"https:\\\/\\\/www.youtube.com\\\/user\\\/integramedikal\"]}]}<\/script>\n<!-- \/ Yoast SEO plugin. -->","yoast_head_json":{"title":"PR-888 Al\u00fcminyum Walker (Rollator) - \u0130ntegra Medikal | | Ma\u011faza","robots":{"index":"index","follow":"follow","max-snippet":"max-snippet:-1","max-image-preview":"max-image-preview:large","max-video-preview":"max-video-preview:-1"},"canonical":"https:\/\/integramedikal.com\/magaza\/urun\/pr-888-aluminyum-walker-rollator\/","og_locale":"tr_TR","og_type":"article","og_title":"PR-888 Al\u00fcminyum Walker (Rollator) - \u0130ntegra Medikal | | Ma\u011faza","og_description":"PR-888 Al\u00fcminyum Y\u00fcr\u00fcte\u00e7, \u00f6zellikle se\u00e7ici B2B pazar\u0131 ve engelliler i\u00e7in mobilite yard\u0131mc\u0131lar\u0131na hizmet veren perakendeciler i\u00e7in tasarlanm\u0131\u015f se\u00e7kin bir Rollator ile tan\u0131\u015f\u0131n. PR-888 Al\u00fcminyum Y\u00fcr\u00fcte\u00e7, i\u015flevselli\u011fi son teknoloji tasar\u0131mla birle\u015ftirerek, kullan\u0131m kolayl\u0131\u011f\u0131 ile birlikte sa\u011flam deste\u011fe de\u011fer veren bireylerin hareketlili\u011fini ve ba\u011f\u0131ms\u0131zl\u0131\u011f\u0131n\u0131 art\u0131rmak i\u00e7in \u00f6nemli bir ara\u00e7 sa\u011flar. Tekerlekli y\u00fcr\u00fcte\u00e7ler aras\u0131nda, PR-888 Al\u00fcminyum Y\u00fcr\u00fcte\u00e7, ekonomik [&hellip;]","og_url":"https:\/\/integramedikal.com\/magaza\/urun\/pr-888-aluminyum-walker-rollator\/","og_site_name":"\u0130ntegra Medikal | | Ma\u011faza","article_publisher":"https:\/\/www.facebook.com\/integramedikal1","article_modified_time":"2026-04-01T08:02:12+00:00","og_image":[{"width":900,"height":900,"url":"https:\/\/integramedikal.com\/magaza\/wp-content\/uploads\/2025\/06\/sdg5db6.jpg","type":"image\/jpeg"}],"twitter_card":"summary_large_image","twitter_site":"@integramedikal","twitter_misc":{"Tahmini okuma s\u00fcresi":"3 dakika"},"schema":{"@context":"https:\/\/schema.org","@graph":[{"@type":"WebPage","@id":"https:\/\/integramedikal.com\/magaza\/urun\/pr-888-aluminyum-walker-rollator\/","url":"https:\/\/integramedikal.com\/magaza\/urun\/pr-888-aluminyum-walker-rollator\/","name":"PR-888 Al\u00fcminyum Walker (Rollator) - \u0130ntegra Medikal | | Ma\u011faza","isPartOf":{"@id":"https:\/\/integramedikal.com\/magaza\/#website"},"primaryImageOfPage":{"@id":"https:\/\/integramedikal.com\/magaza\/urun\/pr-888-aluminyum-walker-rollator\/#primaryimage"},"image":{"@id":"https:\/\/integramedikal.com\/magaza\/urun\/pr-888-aluminyum-walker-rollator\/#primaryimage"},"thumbnailUrl":"https:\/\/integramedikal.com\/magaza\/wp-content\/uploads\/2025\/06\/sdg5db6.jpg","datePublished":"2025-06-02T20:33:44+00:00","dateModified":"2026-04-01T08:02:12+00:00","breadcrumb":{"@id":"https:\/\/integramedikal.com\/magaza\/urun\/pr-888-aluminyum-walker-rollator\/#breadcrumb"},"inLanguage":"tr","potentialAction":[{"@type":"ReadAction","target":["https:\/\/integramedikal.com\/magaza\/urun\/pr-888-aluminyum-walker-rollator\/"]}]},{"@type":"ImageObject","inLanguage":"tr","@id":"https:\/\/integramedikal.com\/magaza\/urun\/pr-888-aluminyum-walker-rollator\/#primaryimage","url":"https:\/\/integramedikal.com\/magaza\/wp-content\/uploads\/2025\/06\/sdg5db6.jpg","contentUrl":"https:\/\/integramedikal.com\/magaza\/wp-content\/uploads\/2025\/06\/sdg5db6.jpg","width":900,"height":900},{"@type":"BreadcrumbList","@id":"https:\/\/integramedikal.com\/magaza\/urun\/pr-888-aluminyum-walker-rollator\/#breadcrumb","itemListElement":[{"@type":"ListItem","position":1,"name":"Anasayfa","item":"https:\/\/integramedikal.com\/magaza\/anasayfa\/"},{"@type":"ListItem","position":2,"name":"Shop","item":"https:\/\/integramedikal.com\/magaza\/shop\/"},{"@type":"ListItem","position":3,"name":"PR-888 Al\u00fcminyum Walker (Rollator)"}]},{"@type":"WebSite","@id":"https:\/\/integramedikal.com\/magaza\/#website","url":"https:\/\/integramedikal.com\/magaza\/","name":"\u0130ntegra Medikal < | | >Ma\u011faza","description":"Sa\u011fl\u0131kta Kalite | Sekt\u00f6rde 25. Y\u0131l","publisher":{"@id":"https:\/\/integramedikal.com\/magaza\/#organization"},"potentialAction":[{"@type":"SearchAction","target":{"@type":"EntryPoint","urlTemplate":"https:\/\/integramedikal.com\/magaza\/?s={search_term_string}"},"query-input":{"@type":"PropertyValueSpecification","valueRequired":true,"valueName":"search_term_string"}}],"inLanguage":"tr"},{"@type":"Organization","@id":"https:\/\/integramedikal.com\/magaza\/#organization","name":"\u0130ntegra Medikal < | | >Ma\u011faza","url":"https:\/\/integramedikal.com\/magaza\/","logo":{"@type":"ImageObject","inLanguage":"tr","@id":"https:\/\/integramedikal.com\/magaza\/#\/schema\/logo\/image\/","url":"https:\/\/integramedikal.com\/magaza\/wp-content\/uploads\/2025\/06\/integra-logo-1.png","contentUrl":"https:\/\/integramedikal.com\/magaza\/wp-content\/uploads\/2025\/06\/integra-logo-1.png","width":340,"height":156,"caption":"\u0130ntegra Medikal < | | >Ma\u011faza"},"image":{"@id":"https:\/\/integramedikal.com\/magaza\/#\/schema\/logo\/image\/"},"sameAs":["https:\/\/www.facebook.com\/integramedikal1","https:\/\/x.com\/integramedikal","https:\/\/www.instagram.com\/integramedikal\/","https:\/\/www.youtube.com\/user\/integramedikal"]}]}},"_links":{"self":[{"href":"https:\/\/integramedikal.com\/magaza\/wp-json\/wp\/v2\/product\/1712","targetHints":{"allow":["GET"]}}],"collection":[{"href":"https:\/\/integramedikal.com\/magaza\/wp-json\/wp\/v2\/product"}],"about":[{"href":"https:\/\/integramedikal.com\/magaza\/wp-json\/wp\/v2\/types\/product"}],"replies":[{"embeddable":true,"href":"https:\/\/integramedikal.com\/magaza\/wp-json\/wp\/v2\/comments?post=1712"}],"wp:featuredmedia":[{"embeddable":true,"href":"https:\/\/integramedikal.com\/magaza\/wp-json\/wp\/v2\/media\/1722"}],"wp:attachment":[{"href":"https:\/\/integramedikal.com\/magaza\/wp-json\/wp\/v2\/media?parent=1712"}],"wp:term":[{"taxonomy":"product_brand","embeddable":true,"href":"https:\/\/integramedikal.com\/magaza\/wp-json\/wp\/v2\/product_brand?post=1712"},{"taxonomy":"product_cat","embeddable":true,"href":"https:\/\/integramedikal.com\/magaza\/wp-json\/wp\/v2\/product_cat?post=1712"},{"taxonomy":"product_tag","embeddable":true,"href":"https:\/\/integramedikal.com\/magaza\/wp-json\/wp\/v2\/product_tag?post=1712"}],"curies":[{"name":"wp","href":"https:\/\/api.w.org\/{rel}","templated":true}]}}