{"id":1711,"date":"2025-06-02T23:33:43","date_gmt":"2025-06-02T20:33:43","guid":{"rendered":"https:\/\/integramedikal.com\/magaza\/?post_type=product&#038;p=1711"},"modified":"2026-04-01T11:04:57","modified_gmt":"2026-04-01T08:04:57","slug":"pr-882-aluminyum-walker-rollator","status":"publish","type":"product","link":"https:\/\/integramedikal.com\/magaza\/urun\/pr-882-aluminyum-walker-rollator\/","title":{"rendered":"PR-882 Al\u00fcminyum Walker (Rollator)"},"content":{"rendered":"<div>PR-882 Al\u00fcminyum Y\u00fcr\u00fcte\u00e7 ile tan\u0131\u015f\u0131n \u2013 g\u00fcvenilir bir y\u00fcr\u00fcme yard\u0131m\u0131na ihtiya\u00e7 duyanlar i\u00e7in hareket kabiliyetini art\u0131rmak \u00fczere tasarlanm\u0131\u015f en son yenilik. B2B pazar\u0131 ve engellilerin ihtiya\u00e7lar\u0131n\u0131 kar\u015f\u0131layan kurulu\u015flar i\u00e7in \u00f6zel olarak tasarlanan bu tekerlekli y\u00fcr\u00fcte\u00e7, g\u00fcvenilir performans ve d\u00fc\u015f\u00fcnceli tasar\u0131m\u0131n bir kar\u0131\u015f\u0131m\u0131d\u0131r. Sa\u011flam al\u00fcminyum konstr\u00fcksiyonu 2 y\u0131l garanti kapsam\u0131ndad\u0131r ve i\u015fletmelere m\u00fc\u015fterilerinin refah\u0131na sa\u011flam bir yat\u0131r\u0131m yap\u0131lmas\u0131n\u0131 sa\u011flar.<\/div>\n<div><\/div>\n<div>Kullan\u0131c\u0131 merkezli ve ekonomik olan PR-882 Al\u00fcminyum Y\u00fcr\u00fcte\u00e7, genellikle rollator olarak an\u0131l\u0131r ve kullan\u0131c\u0131lar\u0131n\u0131n kar\u015f\u0131la\u015ft\u0131\u011f\u0131 g\u00fcnl\u00fck zorluklar\u0131 basitle\u015ftirir. Tamamen katlanabilir bir y\u00fcr\u00fcte\u00e7 y\u00fcr\u00fcte\u00e7 olarak, saklama ve ta\u015f\u0131ma kolayl\u0131\u011f\u0131 \u00f6z\u00fcne i\u015flenmi\u015ftir. Bu, \u00fcr\u00fcn\u00fc sadece bireysel kullan\u0131m i\u00e7in de\u011fil, ayn\u0131 zamanda m\u00fc\u015fterilerine pratik \u00e7\u00f6z\u00fcmler sunmay\u0131 ama\u00e7layan \u015firketler i\u00e7in de ideal bir uyum haline getirir.<\/div>\n<div><\/div>\n<div><b>Ola\u011fan\u00fcst\u00fc Tasar\u0131m ve Dayan\u0131kl\u0131l\u0131k<\/b><\/div>\n<div><b><br \/><\/b><\/div>\n<div>PR-882 Al\u00fcminyum Y\u00fcr\u00fcte\u00e7, sa\u011flam ve g\u00fcvenli bir \u00e7er\u00e7eve sa\u011flayan g\u00fc\u00e7l\u00fc bir g\u00f6vde yap\u0131s\u0131n\u0131n kan\u0131t\u0131d\u0131r. Mobilite yard\u0131mc\u0131lar\u0131 s\u00f6z konusu oldu\u011funda g\u00fcvenilirli\u011fin anahtar oldu\u011funu anl\u0131yoruz ve bu tekerlekli y\u00fcr\u00fcte\u00e7 tam da bunu sa\u011fl\u0131yor. Dayan\u0131kl\u0131l\u0131\u011f\u0131n\u0131n, kullan\u0131c\u0131lar i\u00e7in \u00e7ok \u00f6nemli olan ergonomik faydalar\u0131 sunarken zorlu g\u00fcnl\u00fck kullan\u0131ma dayanabilecek \u00fcr\u00fcnler talep eden al\u0131c\u0131lar aras\u0131nda yank\u0131 uyand\u0131raca\u011f\u0131 kesindir.<\/div>\n<div><\/div>\n<div>G\u00fcvenlik her \u015feyden \u00f6nemli bir husus olsa da, bu rollator&#8217;un tasar\u0131m\u0131nda konfor da \u00f6nceliklidir. G\u00fcvenli bir fren sistemi ile donat\u0131lm\u0131\u015f, kullan\u0131c\u0131lara hareketleri \u00fczerinde tam kontrol sa\u011flayarak zahmetsiz bir dur-kalk deneyimi sa\u011flar. \u00d6n ve arka silikon dolgulu tekerleklerin eklenmesi, \u00e7e\u015fitli arazilerde sorunsuz bir s\u00fcr\u00fc\u015f sa\u011flayarak bu kullan\u0131c\u0131 g\u00fcvenli\u011fini daha da art\u0131r\u0131r.<\/div>\n<div><\/div>\n<div><b>Konfor ve Kullan\u0131\u015fl\u0131l\u0131k i\u00e7in Optimize Edildi<\/b><\/div>\n<div><b><br \/><\/b><\/div>\n<div>Dahas\u0131, PR-882 sadece bir y\u00fcr\u00fcte\u00e7 olarak de\u011fil, ayn\u0131 zamanda bir mola yeri olarak da hizmet vermektedir. Dinlenme alan\u0131 ile birle\u015fen koltuk, kullan\u0131c\u0131lar\u0131n gerekti\u011finde rahat\u00e7a duraklamalar\u0131na ve dinlenmelerine olanak tan\u0131r. Kullan\u0131c\u0131lar\u0131n\u0131n \u00e7e\u015fitli ve bazen \u00f6ng\u00f6r\u00fclemeyen ihtiya\u00e7lar\u0131n\u0131 kabul eden \u00f6nemli bir \u00f6zellik. Bu y\u00fcr\u00fcte\u00e7, hem fiziksel \u00f6zelliklerinde hem de kullan\u0131c\u0131lar\u0131na sundu\u011fu ya\u015fam tarz\u0131nda esnekli\u011fin bir \u00f6rne\u011fidir.<\/div>\n<div><\/div>\n<div>Bu \u00e7ok y\u00f6nl\u00fc \u00fcr\u00fcn\u00fcn resmini tamamlayan ta\u015f\u0131ma sepeti \u00f6zelli\u011fidir. Ki\u015fisel e\u015fyalar veya al\u0131\u015fveri\u015f \u00f6\u011feleri i\u00e7in ekstra bir fayda katman\u0131 ekleyerek bu rollator&#8217;\u0131 \u00e7e\u015fitli aktiviteler i\u00e7in m\u00fckemmel bir yol arkada\u015f\u0131 haline getirir. H\u0131zl\u0131 sevkiyat, i\u015fletmelere h\u0131zl\u0131 teslimat vaat ederek, son kullan\u0131c\u0131lar\u0131n PR-882 Al\u00fcminyum Y\u00fcr\u00fcte\u00e7&#8217;in \u00e7ok y\u00f6nl\u00fc faydalar\u0131n\u0131 deneyimlemek i\u00e7in uzun s\u00fcre beklemek zorunda kalmamas\u0131n\u0131 sa\u011flar.<\/div>\n<div><\/div>\n<p><div  id=\"btn_klavuz\"  class='avia-button-wrap av-av_button-6381b8e7c3fcec11b3e8b749f3928741-wrap avia-button-left  avia-builder-el-0  el_before_av_button  avia-builder-el-first '><a href='https:\/\/www.integramedikal.com\/magaza\/upload\/kilavuz\/100-pr-882-aluminyum-walker-rollator.pdf'  class='avia-button av-av_button-6381b8e7c3fcec11b3e8b749f3928741 av-link-btn avia-icon_select-yes-left-icon avia-size-medium avia-position-left avia-color-theme-color-highlight'  target=\"_blank\"  rel=\"noopener noreferrer\"  aria-label=\"Kullan\u0131m K\u0131lavuzu\"><span class='avia_button_icon avia_button_icon_left avia-svg-icon avia-font-svg_entypo-fontello' data-av_svg_icon='book-open' data-av_iconset='svg_entypo-fontello'><svg version=\"1.1\" xmlns=\"http:\/\/www.w3.org\/2000\/svg\" width=\"29\" height=\"32\" viewBox=\"0 0 29 32\" preserveAspectRatio=\"xMidYMid meet\" aria-labelledby='av-svg-title-1' aria-describedby='av-svg-desc-1' role=\"graphics-symbol\">\n<title id='av-svg-title-1'>Book-open<\/title>\n<desc id='av-svg-desc-1'>Book-open<\/desc>\n<path d=\"M10.88 19.584v2.176l-6.4-2.56v-2.176zM10.88 12.928v2.176l-6.4-2.56v-2.176zM28.096 1.856q0.704 0.384 0.704 1.344v20.48q0 1.088-1.024 1.472l-12.736 5.12q-0.256 0.064-0.32 0.064t-0.16 0.032-0.16 0.032-0.16-0.032-0.16-0.032l-0.32-0.064-12.736-5.12q-1.024-0.384-1.024-1.472v-20.48q0-0.96 0.704-1.344 0.704-0.512 1.472-0.192l12.224 4.928 12.224-4.928q0.768-0.32 1.472 0.192zM12.8 27.072v-17.92l-10.24-4.096v17.92zM26.24 22.976v-17.92l-10.24 4.096v17.92zM24.32 17.024v2.176l-6.4 2.56v-2.176zM24.32 10.368v2.176l-6.4 2.56v-2.176z\"><\/path>\n<\/svg><\/span><span class='avia_iconbox_title' >Kullan\u0131m K\u0131lavuzu<\/span><\/a><\/div> <div  id=\"btn_teknikbilgi\"  class='avia-button-wrap av-av_button-e069d87ec5d6298b9b6c476e2dc5aa4e-wrap avia-button-left  avia-builder-el-1  el_after_av_button  avia-builder-el-last '><a href='javascript:void(0);'  class='avia-button av-av_button-e069d87ec5d6298b9b6c476e2dc5aa4e av-link-btn avia-icon_select-yes-left-icon avia-size-medium avia-position-left avia-color-theme-color-highlight'   aria-label=\"Teknik Bilgi\"><span class='avia_button_icon avia_button_icon_left avia-svg-icon avia-font-svg_entypo-fontello' data-av_svg_icon='cog' data-av_iconset='svg_entypo-fontello'><svg version=\"1.1\" xmlns=\"http:\/\/www.w3.org\/2000\/svg\" width=\"27\" height=\"32\" viewBox=\"0 0 27 32\" preserveAspectRatio=\"xMidYMid meet\" aria-labelledby='av-svg-title-2' aria-describedby='av-svg-desc-2' role=\"graphics-symbol\">\n<title id='av-svg-title-2'>Cog<\/title>\n<desc id='av-svg-desc-2'>Cog<\/desc>\n<path d=\"M24.32 16q0 2.304 2.56 3.904-0.384 1.28-1.088 2.624-2.24-0.576-4.352 1.408-1.728 1.856-1.088 4.352-1.28 0.64-2.688 1.152-1.472-2.624-4.224-2.624t-4.224 2.624q-1.408-0.512-2.688-1.152 0.64-2.56-1.088-4.352-1.728-1.728-4.352-1.088-0.448-0.832-1.088-2.624 2.624-1.664 2.624-4.224 0-2.304-2.624-3.968 0.64-1.792 1.088-2.624 2.368 0.576 4.352-1.408 1.728-1.792 1.088-4.352 1.344-0.704 2.688-1.088 1.472 2.56 4.224 2.56t4.224-2.56q1.344 0.384 2.688 1.088-0.64 2.496 1.088 4.352 2.112 1.984 4.352 1.408 0.704 1.344 1.088 2.624-2.56 1.6-2.56 3.968zM13.44 21.824q2.432 0 4.128-1.696t1.696-4.128-1.696-4.16-4.128-1.728-4.128 1.728-1.696 4.16 1.696 4.128 4.128 1.696z\"><\/path>\n<\/svg><\/span><span class='avia_iconbox_title' >Teknik Bilgi<\/span><\/a><\/div><\/p>\n","protected":false},"excerpt":{"rendered":"<p>PR-882 Al\u00fcminyum Y\u00fcr\u00fcte\u00e7 ile tan\u0131\u015f\u0131n \u2013 g\u00fcvenilir bir y\u00fcr\u00fcme yard\u0131m\u0131na ihtiya\u00e7 duyanlar i\u00e7in hareket kabiliyetini art\u0131rmak \u00fczere tasarlanm\u0131\u015f en son yenilik. B2B pazar\u0131 ve engellilerin ihtiya\u00e7lar\u0131n\u0131 kar\u015f\u0131layan kurulu\u015flar i\u00e7in \u00f6zel olarak tasarlanan bu tekerlekli y\u00fcr\u00fcte\u00e7, g\u00fcvenilir performans ve d\u00fc\u015f\u00fcnceli tasar\u0131m\u0131n bir kar\u0131\u015f\u0131m\u0131d\u0131r. Sa\u011flam al\u00fcminyum konstr\u00fcksiyonu 2 y\u0131l garanti kapsam\u0131ndad\u0131r ve i\u015fletmelere m\u00fc\u015fterilerinin refah\u0131na sa\u011flam bir [&hellip;]<\/p>\n","protected":false},"featured_media":1721,"comment_status":"open","ping_status":"closed","template":"","meta":[],"product_brand":[],"product_cat":[600],"product_tag":[],"class_list":{"0":"post-1711","1":"product","2":"type-product","3":"status-publish","4":"has-post-thumbnail","6":"product_cat-yurume-gruplari","8":"first","9":"instock","10":"sale","11":"taxable","12":"shipping-taxable","13":"purchasable","14":"product-type-simple"},"yoast_head":"<!-- This site is optimized with the Yoast SEO plugin v27.4 - https:\/\/yoast.com\/product\/yoast-seo-wordpress\/ -->\n<title>PR-882 Al\u00fcminyum Walker (Rollator) - \u0130ntegra Medikal | | Ma\u011faza<\/title>\n<meta name=\"robots\" content=\"index, follow, max-snippet:-1, max-image-preview:large, max-video-preview:-1\" \/>\n<link rel=\"canonical\" href=\"https:\/\/integramedikal.com\/magaza\/urun\/pr-882-aluminyum-walker-rollator\/\" \/>\n<meta property=\"og:locale\" content=\"tr_TR\" \/>\n<meta property=\"og:type\" content=\"article\" \/>\n<meta property=\"og:title\" content=\"PR-882 Al\u00fcminyum Walker (Rollator) - \u0130ntegra Medikal | | Ma\u011faza\" \/>\n<meta property=\"og:description\" content=\"PR-882 Al\u00fcminyum Y\u00fcr\u00fcte\u00e7 ile tan\u0131\u015f\u0131n \u2013 g\u00fcvenilir bir y\u00fcr\u00fcme yard\u0131m\u0131na ihtiya\u00e7 duyanlar i\u00e7in hareket kabiliyetini art\u0131rmak \u00fczere tasarlanm\u0131\u015f en son yenilik. B2B pazar\u0131 ve engellilerin ihtiya\u00e7lar\u0131n\u0131 kar\u015f\u0131layan kurulu\u015flar i\u00e7in \u00f6zel olarak tasarlanan bu tekerlekli y\u00fcr\u00fcte\u00e7, g\u00fcvenilir performans ve d\u00fc\u015f\u00fcnceli tasar\u0131m\u0131n bir kar\u0131\u015f\u0131m\u0131d\u0131r. Sa\u011flam al\u00fcminyum konstr\u00fcksiyonu 2 y\u0131l garanti kapsam\u0131ndad\u0131r ve i\u015fletmelere m\u00fc\u015fterilerinin refah\u0131na sa\u011flam bir [&hellip;]\" \/>\n<meta property=\"og:url\" content=\"https:\/\/integramedikal.com\/magaza\/urun\/pr-882-aluminyum-walker-rollator\/\" \/>\n<meta property=\"og:site_name\" content=\"\u0130ntegra Medikal | | Ma\u011faza\" \/>\n<meta property=\"article:publisher\" content=\"https:\/\/www.facebook.com\/integramedikal1\" \/>\n<meta property=\"article:modified_time\" content=\"2026-04-01T08:04:57+00:00\" \/>\n<meta property=\"og:image\" content=\"https:\/\/integramedikal.com\/magaza\/wp-content\/uploads\/2025\/06\/PR-882.jpg\" \/>\n\t<meta property=\"og:image:width\" content=\"900\" \/>\n\t<meta property=\"og:image:height\" content=\"900\" \/>\n\t<meta property=\"og:image:type\" content=\"image\/jpeg\" \/>\n<meta name=\"twitter:card\" content=\"summary_large_image\" \/>\n<meta name=\"twitter:site\" content=\"@integramedikal\" \/>\n<meta name=\"twitter:label1\" content=\"Tahmini okuma s\u00fcresi\" \/>\n\t<meta name=\"twitter:data1\" content=\"3 dakika\" \/>\n<script type=\"application\/ld+json\" class=\"yoast-schema-graph\">{\"@context\":\"https:\\\/\\\/schema.org\",\"@graph\":[{\"@type\":\"WebPage\",\"@id\":\"https:\\\/\\\/integramedikal.com\\\/magaza\\\/urun\\\/pr-882-aluminyum-walker-rollator\\\/\",\"url\":\"https:\\\/\\\/integramedikal.com\\\/magaza\\\/urun\\\/pr-882-aluminyum-walker-rollator\\\/\",\"name\":\"PR-882 Al\u00fcminyum Walker (Rollator) - \u0130ntegra Medikal | | Ma\u011faza\",\"isPartOf\":{\"@id\":\"https:\\\/\\\/integramedikal.com\\\/magaza\\\/#website\"},\"primaryImageOfPage\":{\"@id\":\"https:\\\/\\\/integramedikal.com\\\/magaza\\\/urun\\\/pr-882-aluminyum-walker-rollator\\\/#primaryimage\"},\"image\":{\"@id\":\"https:\\\/\\\/integramedikal.com\\\/magaza\\\/urun\\\/pr-882-aluminyum-walker-rollator\\\/#primaryimage\"},\"thumbnailUrl\":\"https:\\\/\\\/integramedikal.com\\\/magaza\\\/wp-content\\\/uploads\\\/2025\\\/06\\\/PR-882.jpg\",\"datePublished\":\"2025-06-02T20:33:43+00:00\",\"dateModified\":\"2026-04-01T08:04:57+00:00\",\"breadcrumb\":{\"@id\":\"https:\\\/\\\/integramedikal.com\\\/magaza\\\/urun\\\/pr-882-aluminyum-walker-rollator\\\/#breadcrumb\"},\"inLanguage\":\"tr\",\"potentialAction\":[{\"@type\":\"ReadAction\",\"target\":[\"https:\\\/\\\/integramedikal.com\\\/magaza\\\/urun\\\/pr-882-aluminyum-walker-rollator\\\/\"]}]},{\"@type\":\"ImageObject\",\"inLanguage\":\"tr\",\"@id\":\"https:\\\/\\\/integramedikal.com\\\/magaza\\\/urun\\\/pr-882-aluminyum-walker-rollator\\\/#primaryimage\",\"url\":\"https:\\\/\\\/integramedikal.com\\\/magaza\\\/wp-content\\\/uploads\\\/2025\\\/06\\\/PR-882.jpg\",\"contentUrl\":\"https:\\\/\\\/integramedikal.com\\\/magaza\\\/wp-content\\\/uploads\\\/2025\\\/06\\\/PR-882.jpg\",\"width\":900,\"height\":900},{\"@type\":\"BreadcrumbList\",\"@id\":\"https:\\\/\\\/integramedikal.com\\\/magaza\\\/urun\\\/pr-882-aluminyum-walker-rollator\\\/#breadcrumb\",\"itemListElement\":[{\"@type\":\"ListItem\",\"position\":1,\"name\":\"Anasayfa\",\"item\":\"https:\\\/\\\/integramedikal.com\\\/magaza\\\/anasayfa\\\/\"},{\"@type\":\"ListItem\",\"position\":2,\"name\":\"Shop\",\"item\":\"https:\\\/\\\/integramedikal.com\\\/magaza\\\/shop\\\/\"},{\"@type\":\"ListItem\",\"position\":3,\"name\":\"PR-882 Al\u00fcminyum Walker (Rollator)\"}]},{\"@type\":\"WebSite\",\"@id\":\"https:\\\/\\\/integramedikal.com\\\/magaza\\\/#website\",\"url\":\"https:\\\/\\\/integramedikal.com\\\/magaza\\\/\",\"name\":\"\u0130ntegra Medikal < | | >Ma\u011faza\",\"description\":\"Sa\u011fl\u0131kta Kalite | Sekt\u00f6rde 25. Y\u0131l\",\"publisher\":{\"@id\":\"https:\\\/\\\/integramedikal.com\\\/magaza\\\/#organization\"},\"potentialAction\":[{\"@type\":\"SearchAction\",\"target\":{\"@type\":\"EntryPoint\",\"urlTemplate\":\"https:\\\/\\\/integramedikal.com\\\/magaza\\\/?s={search_term_string}\"},\"query-input\":{\"@type\":\"PropertyValueSpecification\",\"valueRequired\":true,\"valueName\":\"search_term_string\"}}],\"inLanguage\":\"tr\"},{\"@type\":\"Organization\",\"@id\":\"https:\\\/\\\/integramedikal.com\\\/magaza\\\/#organization\",\"name\":\"\u0130ntegra Medikal < | | >Ma\u011faza\",\"url\":\"https:\\\/\\\/integramedikal.com\\\/magaza\\\/\",\"logo\":{\"@type\":\"ImageObject\",\"inLanguage\":\"tr\",\"@id\":\"https:\\\/\\\/integramedikal.com\\\/magaza\\\/#\\\/schema\\\/logo\\\/image\\\/\",\"url\":\"https:\\\/\\\/integramedikal.com\\\/magaza\\\/wp-content\\\/uploads\\\/2025\\\/06\\\/integra-logo-1.png\",\"contentUrl\":\"https:\\\/\\\/integramedikal.com\\\/magaza\\\/wp-content\\\/uploads\\\/2025\\\/06\\\/integra-logo-1.png\",\"width\":340,\"height\":156,\"caption\":\"\u0130ntegra Medikal < | | >Ma\u011faza\"},\"image\":{\"@id\":\"https:\\\/\\\/integramedikal.com\\\/magaza\\\/#\\\/schema\\\/logo\\\/image\\\/\"},\"sameAs\":[\"https:\\\/\\\/www.facebook.com\\\/integramedikal1\",\"https:\\\/\\\/x.com\\\/integramedikal\",\"https:\\\/\\\/www.instagram.com\\\/integramedikal\\\/\",\"https:\\\/\\\/www.youtube.com\\\/user\\\/integramedikal\"]}]}<\/script>\n<!-- \/ Yoast SEO plugin. -->","yoast_head_json":{"title":"PR-882 Al\u00fcminyum Walker (Rollator) - \u0130ntegra Medikal | | Ma\u011faza","robots":{"index":"index","follow":"follow","max-snippet":"max-snippet:-1","max-image-preview":"max-image-preview:large","max-video-preview":"max-video-preview:-1"},"canonical":"https:\/\/integramedikal.com\/magaza\/urun\/pr-882-aluminyum-walker-rollator\/","og_locale":"tr_TR","og_type":"article","og_title":"PR-882 Al\u00fcminyum Walker (Rollator) - \u0130ntegra Medikal | | Ma\u011faza","og_description":"PR-882 Al\u00fcminyum Y\u00fcr\u00fcte\u00e7 ile tan\u0131\u015f\u0131n \u2013 g\u00fcvenilir bir y\u00fcr\u00fcme yard\u0131m\u0131na ihtiya\u00e7 duyanlar i\u00e7in hareket kabiliyetini art\u0131rmak \u00fczere tasarlanm\u0131\u015f en son yenilik. B2B pazar\u0131 ve engellilerin ihtiya\u00e7lar\u0131n\u0131 kar\u015f\u0131layan kurulu\u015flar i\u00e7in \u00f6zel olarak tasarlanan bu tekerlekli y\u00fcr\u00fcte\u00e7, g\u00fcvenilir performans ve d\u00fc\u015f\u00fcnceli tasar\u0131m\u0131n bir kar\u0131\u015f\u0131m\u0131d\u0131r. Sa\u011flam al\u00fcminyum konstr\u00fcksiyonu 2 y\u0131l garanti kapsam\u0131ndad\u0131r ve i\u015fletmelere m\u00fc\u015fterilerinin refah\u0131na sa\u011flam bir [&hellip;]","og_url":"https:\/\/integramedikal.com\/magaza\/urun\/pr-882-aluminyum-walker-rollator\/","og_site_name":"\u0130ntegra Medikal | | Ma\u011faza","article_publisher":"https:\/\/www.facebook.com\/integramedikal1","article_modified_time":"2026-04-01T08:04:57+00:00","og_image":[{"width":900,"height":900,"url":"https:\/\/integramedikal.com\/magaza\/wp-content\/uploads\/2025\/06\/PR-882.jpg","type":"image\/jpeg"}],"twitter_card":"summary_large_image","twitter_site":"@integramedikal","twitter_misc":{"Tahmini okuma s\u00fcresi":"3 dakika"},"schema":{"@context":"https:\/\/schema.org","@graph":[{"@type":"WebPage","@id":"https:\/\/integramedikal.com\/magaza\/urun\/pr-882-aluminyum-walker-rollator\/","url":"https:\/\/integramedikal.com\/magaza\/urun\/pr-882-aluminyum-walker-rollator\/","name":"PR-882 Al\u00fcminyum Walker (Rollator) - \u0130ntegra Medikal | | Ma\u011faza","isPartOf":{"@id":"https:\/\/integramedikal.com\/magaza\/#website"},"primaryImageOfPage":{"@id":"https:\/\/integramedikal.com\/magaza\/urun\/pr-882-aluminyum-walker-rollator\/#primaryimage"},"image":{"@id":"https:\/\/integramedikal.com\/magaza\/urun\/pr-882-aluminyum-walker-rollator\/#primaryimage"},"thumbnailUrl":"https:\/\/integramedikal.com\/magaza\/wp-content\/uploads\/2025\/06\/PR-882.jpg","datePublished":"2025-06-02T20:33:43+00:00","dateModified":"2026-04-01T08:04:57+00:00","breadcrumb":{"@id":"https:\/\/integramedikal.com\/magaza\/urun\/pr-882-aluminyum-walker-rollator\/#breadcrumb"},"inLanguage":"tr","potentialAction":[{"@type":"ReadAction","target":["https:\/\/integramedikal.com\/magaza\/urun\/pr-882-aluminyum-walker-rollator\/"]}]},{"@type":"ImageObject","inLanguage":"tr","@id":"https:\/\/integramedikal.com\/magaza\/urun\/pr-882-aluminyum-walker-rollator\/#primaryimage","url":"https:\/\/integramedikal.com\/magaza\/wp-content\/uploads\/2025\/06\/PR-882.jpg","contentUrl":"https:\/\/integramedikal.com\/magaza\/wp-content\/uploads\/2025\/06\/PR-882.jpg","width":900,"height":900},{"@type":"BreadcrumbList","@id":"https:\/\/integramedikal.com\/magaza\/urun\/pr-882-aluminyum-walker-rollator\/#breadcrumb","itemListElement":[{"@type":"ListItem","position":1,"name":"Anasayfa","item":"https:\/\/integramedikal.com\/magaza\/anasayfa\/"},{"@type":"ListItem","position":2,"name":"Shop","item":"https:\/\/integramedikal.com\/magaza\/shop\/"},{"@type":"ListItem","position":3,"name":"PR-882 Al\u00fcminyum Walker (Rollator)"}]},{"@type":"WebSite","@id":"https:\/\/integramedikal.com\/magaza\/#website","url":"https:\/\/integramedikal.com\/magaza\/","name":"\u0130ntegra Medikal < | | >Ma\u011faza","description":"Sa\u011fl\u0131kta Kalite | Sekt\u00f6rde 25. Y\u0131l","publisher":{"@id":"https:\/\/integramedikal.com\/magaza\/#organization"},"potentialAction":[{"@type":"SearchAction","target":{"@type":"EntryPoint","urlTemplate":"https:\/\/integramedikal.com\/magaza\/?s={search_term_string}"},"query-input":{"@type":"PropertyValueSpecification","valueRequired":true,"valueName":"search_term_string"}}],"inLanguage":"tr"},{"@type":"Organization","@id":"https:\/\/integramedikal.com\/magaza\/#organization","name":"\u0130ntegra Medikal < | | >Ma\u011faza","url":"https:\/\/integramedikal.com\/magaza\/","logo":{"@type":"ImageObject","inLanguage":"tr","@id":"https:\/\/integramedikal.com\/magaza\/#\/schema\/logo\/image\/","url":"https:\/\/integramedikal.com\/magaza\/wp-content\/uploads\/2025\/06\/integra-logo-1.png","contentUrl":"https:\/\/integramedikal.com\/magaza\/wp-content\/uploads\/2025\/06\/integra-logo-1.png","width":340,"height":156,"caption":"\u0130ntegra Medikal < | | >Ma\u011faza"},"image":{"@id":"https:\/\/integramedikal.com\/magaza\/#\/schema\/logo\/image\/"},"sameAs":["https:\/\/www.facebook.com\/integramedikal1","https:\/\/x.com\/integramedikal","https:\/\/www.instagram.com\/integramedikal\/","https:\/\/www.youtube.com\/user\/integramedikal"]}]}},"_links":{"self":[{"href":"https:\/\/integramedikal.com\/magaza\/wp-json\/wp\/v2\/product\/1711","targetHints":{"allow":["GET"]}}],"collection":[{"href":"https:\/\/integramedikal.com\/magaza\/wp-json\/wp\/v2\/product"}],"about":[{"href":"https:\/\/integramedikal.com\/magaza\/wp-json\/wp\/v2\/types\/product"}],"replies":[{"embeddable":true,"href":"https:\/\/integramedikal.com\/magaza\/wp-json\/wp\/v2\/comments?post=1711"}],"wp:featuredmedia":[{"embeddable":true,"href":"https:\/\/integramedikal.com\/magaza\/wp-json\/wp\/v2\/media\/1721"}],"wp:attachment":[{"href":"https:\/\/integramedikal.com\/magaza\/wp-json\/wp\/v2\/media?parent=1711"}],"wp:term":[{"taxonomy":"product_brand","embeddable":true,"href":"https:\/\/integramedikal.com\/magaza\/wp-json\/wp\/v2\/product_brand?post=1711"},{"taxonomy":"product_cat","embeddable":true,"href":"https:\/\/integramedikal.com\/magaza\/wp-json\/wp\/v2\/product_cat?post=1711"},{"taxonomy":"product_tag","embeddable":true,"href":"https:\/\/integramedikal.com\/magaza\/wp-json\/wp\/v2\/product_tag?post=1711"}],"curies":[{"name":"wp","href":"https:\/\/api.w.org\/{rel}","templated":true}]}}