{"id":1697,"date":"2025-06-02T23:31:53","date_gmt":"2025-06-02T20:31:53","guid":{"rendered":"https:\/\/integramedikal.com\/magaza\/?post_type=product&#038;p=1697"},"modified":"2026-04-01T11:06:19","modified_gmt":"2026-04-01T08:06:19","slug":"pr-881-aluminyum-walker-rollator","status":"publish","type":"product","link":"https:\/\/integramedikal.com\/magaza\/urun\/pr-881-aluminyum-walker-rollator\/","title":{"rendered":"PR-881 Al\u00fcminyum Walker (Rollator)"},"content":{"rendered":"<div>Halk aras\u0131nda Rollator olarak bilinen PR-881 Al\u00fcminyum Y\u00fcr\u00fcte\u00e7, \u00f6zellikle B2B alan\u0131nda faaliyet g\u00f6steren al\u0131c\u0131lar ve engelliler i\u00e7in hareketlilik yard\u0131mc\u0131lar\u0131 da\u011f\u0131tan \u015firketler i\u00e7in \u00f6zel olarak tasarlanm\u0131\u015f mobilite deste\u011finde \u00f6nemli bir ilerlemeyi temsil ediyor. \u00d6zenle tasarlanm\u0131\u015f bu tekerlekli y\u00fcr\u00fcte\u00e7, g\u00fcvenilirlik ve dayan\u0131kl\u0131l\u0131k sa\u011flarken \u00e7ok \u00e7e\u015fitli mobilite ihtiya\u00e7lar\u0131n\u0131 kar\u015f\u0131lamaya haz\u0131r vazge\u00e7ilmez bir ara\u00e7 olarak \u00f6ne \u00e7\u0131k\u0131yor. Bir i\u00e7erik yazar\u0131 olarak amac\u0131m, bu \u00fcr\u00fcn\u00fcn sundu\u011fu e\u015fsiz faydalar\u0131n yan\u0131 s\u0131ra, onu kendi kategorisinde ola\u011fan\u00fcst\u00fc bir se\u00e7im haline getiren pratik \u00f6zelliklerini aktarmakt\u0131r.<\/div>\n<div><\/div>\n<div>Rollator sadece bir \u00fcr\u00fcn de\u011fildir; \u0130htiyac\u0131 olanlar i\u00e7in \u00f6zg\u00fcrl\u00fck ve ba\u011f\u0131ms\u0131zl\u0131k i\u00e7in bir ara\u00e7t\u0131r. PR-881, hedef kitlesinin \u00f6zel gereksinimlerini g\u00f6z \u00f6n\u00fcnde bulundurarak g\u00fc\u00e7l\u00fc bir g\u00f6vde yap\u0131s\u0131 ile in\u015fa edilmi\u015ftir ve bir\u00e7ok ki\u015fi taraf\u0131ndan tavsiye edilen bir kullan\u0131c\u0131 deneyimi sa\u011flar. Pazardaki \u00e7ekicili\u011fini art\u0131ran \u015fey, ekonomik de\u011feri ile h\u0131zl\u0131 sevkiyat g\u00fcvencesinin birle\u015fimidir ve bu da onu tekliflerinde hem kaliteye hem de verimlili\u011fe \u00f6ncelik veren i\u015fletmeler i\u00e7in mant\u0131kl\u0131 bir se\u00e7im haline getirir.<\/div>\n<div><\/div>\n<div><b>G\u00fcvenilir Mobilitenin Temeli<\/b><\/div>\n<div><b><br \/><\/b><\/div>\n<div>PR-881 Al\u00fcminyum Y\u00fcr\u00fcte\u00e7&#8217;in temel \u00f6zellikleri, hem hareket kabiliyeti k\u0131s\u0131tl\u0131 bireylerin hem de onlar\u0131 destekleyen kurulu\u015flar\u0131n ihtiya\u00e7lar\u0131 ile rezonansa girer. 2 y\u0131ll\u0131k garanti ile al\u0131c\u0131lar bu y\u00fcksek kaliteli Rollator&#8217;\u0131n dayan\u0131kl\u0131 do\u011fas\u0131na g\u00fcvenebilirler. Sa\u011flam al\u00fcminyum \u00e7er\u00e7eve, hafif ancak g\u00fc\u00e7l\u00fc bir g\u00f6vde yap\u0131s\u0131na sahiptir ve kullan\u0131c\u0131lar\u0131n ortamlar\u0131nda daha fazla g\u00fcven ve minimum zorlanma ile gezinmelerini sa\u011flar.<\/div>\n<div>Kolayl\u0131k talebini kar\u015f\u0131layan bu y\u00fcr\u00fcte\u00e7, depolama ve nakliye endi\u015felerini \u00f6nemli \u00f6l\u00e7\u00fcde kolayla\u015ft\u0131ran katlanabilir bir \u00f6zellik ile tasarlanm\u0131\u015ft\u0131r. Bir ta\u015f\u0131ma sepeti e\u015fli\u011finde, kullan\u0131c\u0131lara ki\u015fisel e\u015fyalar\u0131n\u0131 g\u00fcvenli bir \u015fekilde ta\u015f\u0131ma esnekli\u011fi sa\u011flan\u0131r. Bu t\u00fcr d\u00fc\u015f\u00fcnceli kapan\u0131mlar, PR-881&#8217;in i\u015flevsellikten veya kullan\u0131c\u0131 rahatl\u0131\u011f\u0131ndan \u00f6d\u00fcn vermeyen ekonomik bir \u00fcr\u00fcn olarak stat\u00fcs\u00fcn\u00fc g\u00f6sterir.<\/div>\n<div><\/div>\n<div><b>Geli\u015fmi\u015f konfor i\u00e7in kullan\u0131c\u0131 odakl\u0131 \u00f6zellikler<\/b><\/div>\n<div><b><br \/><\/b><\/div>\n<div>Kullan\u0131c\u0131lar\u0131n\u0131n g\u00fcvenli\u011fi i\u00e7in kritik \u00f6neme sahip olan PR-881, kontrol ve stabilite sa\u011flayan g\u00fcvenli bir fren sistemine sahiptir. Bu unsur, \u00e7e\u015fitli arazilerde gezinmek ve an\u0131nda durman\u0131n gerekli oldu\u011fu anlar i\u00e7in \u00e7ok \u00f6nemlidir. Hem \u00f6n hem de arka silikon dolgulu tekerleklerin ek rahatl\u0131\u011f\u0131, daha konforlu bir yolculuk i\u00e7in \u015foklar\u0131 emerek ve titre\u015fimleri azaltarak y\u00fcr\u00fcte\u00e7in sorunsuz \u00e7al\u0131\u015fmas\u0131n\u0131 daha da vurgular.<\/div>\n<div>Tekerlekli bir y\u00fcr\u00fcte\u00e7ten daha fazlas\u0131, kullan\u0131c\u0131lara uzun s\u00fcreli kullan\u0131mda bir mola veren bir oturma ve dinlenme alan\u0131 sa\u011flar. Bu, yorgunlu\u011fun azalt\u0131lmas\u0131na yard\u0131mc\u0131 olur ve bireylerin gerekti\u011finde g\u00fcvenli bir \u015fekilde duraklay\u0131p dinlenebilmelerini sa\u011flar. Bu t\u00fcr kullan\u0131c\u0131 merkezli \u00f6zelliklere sahip olan PR-881 Al\u00fcminyum Y\u00fcr\u00fcte\u00e7 (Rollator), kullan\u0131c\u0131lar\u0131n\u0131n ya\u015fam kalitesini art\u0131rmay\u0131 ama\u00e7layan d\u00fc\u015f\u00fcnceli \u00fcr\u00fcn tasar\u0131m\u0131n\u0131n bir kan\u0131t\u0131 olarak duruyor.<\/div>\n<div><\/div>\n<p><div  id=\"btn_klavuz\"  class='avia-button-wrap av-av_button-dc408ab34003346c4e990121142e5121-wrap avia-button-left  avia-builder-el-0  el_before_av_button  avia-builder-el-first '><a href='https:\/\/www.integramedikal.com\/magaza\/upload\/kilavuz\/99-pr-881-aluminyum-walker-rollator.pdf'  class='avia-button av-av_button-dc408ab34003346c4e990121142e5121 av-link-btn avia-icon_select-yes-left-icon avia-size-medium avia-position-left avia-color-theme-color-highlight'  target=\"_blank\"  rel=\"noopener noreferrer\"  aria-label=\"Kullan\u0131m K\u0131lavuzu\"><span class='avia_button_icon avia_button_icon_left avia-svg-icon avia-font-svg_entypo-fontello' data-av_svg_icon='book-open' data-av_iconset='svg_entypo-fontello'><svg version=\"1.1\" xmlns=\"http:\/\/www.w3.org\/2000\/svg\" width=\"29\" height=\"32\" viewBox=\"0 0 29 32\" preserveAspectRatio=\"xMidYMid meet\" aria-labelledby='av-svg-title-1' aria-describedby='av-svg-desc-1' role=\"graphics-symbol\">\n<title id='av-svg-title-1'>Book-open<\/title>\n<desc id='av-svg-desc-1'>Book-open<\/desc>\n<path d=\"M10.88 19.584v2.176l-6.4-2.56v-2.176zM10.88 12.928v2.176l-6.4-2.56v-2.176zM28.096 1.856q0.704 0.384 0.704 1.344v20.48q0 1.088-1.024 1.472l-12.736 5.12q-0.256 0.064-0.32 0.064t-0.16 0.032-0.16 0.032-0.16-0.032-0.16-0.032l-0.32-0.064-12.736-5.12q-1.024-0.384-1.024-1.472v-20.48q0-0.96 0.704-1.344 0.704-0.512 1.472-0.192l12.224 4.928 12.224-4.928q0.768-0.32 1.472 0.192zM12.8 27.072v-17.92l-10.24-4.096v17.92zM26.24 22.976v-17.92l-10.24 4.096v17.92zM24.32 17.024v2.176l-6.4 2.56v-2.176zM24.32 10.368v2.176l-6.4 2.56v-2.176z\"><\/path>\n<\/svg><\/span><span class='avia_iconbox_title' >Kullan\u0131m K\u0131lavuzu<\/span><\/a><\/div> <div  id=\"btn_teknikbilgi\"  class='avia-button-wrap av-av_button-e069d87ec5d6298b9b6c476e2dc5aa4e-wrap avia-button-left  avia-builder-el-1  el_after_av_button  avia-builder-el-last '><a href='javascript:void(0);'  class='avia-button av-av_button-e069d87ec5d6298b9b6c476e2dc5aa4e av-link-btn avia-icon_select-yes-left-icon avia-size-medium avia-position-left avia-color-theme-color-highlight'   aria-label=\"Teknik Bilgi\"><span class='avia_button_icon avia_button_icon_left avia-svg-icon avia-font-svg_entypo-fontello' data-av_svg_icon='cog' data-av_iconset='svg_entypo-fontello'><svg version=\"1.1\" xmlns=\"http:\/\/www.w3.org\/2000\/svg\" width=\"27\" height=\"32\" viewBox=\"0 0 27 32\" preserveAspectRatio=\"xMidYMid meet\" aria-labelledby='av-svg-title-2' aria-describedby='av-svg-desc-2' role=\"graphics-symbol\">\n<title id='av-svg-title-2'>Cog<\/title>\n<desc id='av-svg-desc-2'>Cog<\/desc>\n<path d=\"M24.32 16q0 2.304 2.56 3.904-0.384 1.28-1.088 2.624-2.24-0.576-4.352 1.408-1.728 1.856-1.088 4.352-1.28 0.64-2.688 1.152-1.472-2.624-4.224-2.624t-4.224 2.624q-1.408-0.512-2.688-1.152 0.64-2.56-1.088-4.352-1.728-1.728-4.352-1.088-0.448-0.832-1.088-2.624 2.624-1.664 2.624-4.224 0-2.304-2.624-3.968 0.64-1.792 1.088-2.624 2.368 0.576 4.352-1.408 1.728-1.792 1.088-4.352 1.344-0.704 2.688-1.088 1.472 2.56 4.224 2.56t4.224-2.56q1.344 0.384 2.688 1.088-0.64 2.496 1.088 4.352 2.112 1.984 4.352 1.408 0.704 1.344 1.088 2.624-2.56 1.6-2.56 3.968zM13.44 21.824q2.432 0 4.128-1.696t1.696-4.128-1.696-4.16-4.128-1.728-4.128 1.728-1.696 4.16 1.696 4.128 4.128 1.696z\"><\/path>\n<\/svg><\/span><span class='avia_iconbox_title' >Teknik Bilgi<\/span><\/a><\/div><\/p>\n","protected":false},"excerpt":{"rendered":"<p>Halk aras\u0131nda Rollator olarak bilinen PR-881 Al\u00fcminyum Y\u00fcr\u00fcte\u00e7, \u00f6zellikle B2B alan\u0131nda faaliyet g\u00f6steren al\u0131c\u0131lar ve engelliler i\u00e7in hareketlilik yard\u0131mc\u0131lar\u0131 da\u011f\u0131tan \u015firketler i\u00e7in \u00f6zel olarak tasarlanm\u0131\u015f mobilite deste\u011finde \u00f6nemli bir ilerlemeyi temsil ediyor. \u00d6zenle tasarlanm\u0131\u015f bu tekerlekli y\u00fcr\u00fcte\u00e7, g\u00fcvenilirlik ve dayan\u0131kl\u0131l\u0131k sa\u011flarken \u00e7ok \u00e7e\u015fitli mobilite ihtiya\u00e7lar\u0131n\u0131 kar\u015f\u0131lamaya haz\u0131r vazge\u00e7ilmez bir ara\u00e7 olarak \u00f6ne \u00e7\u0131k\u0131yor. Bir i\u00e7erik [&hellip;]<\/p>\n","protected":false},"featured_media":1709,"comment_status":"open","ping_status":"closed","template":"","meta":[],"product_brand":[],"product_cat":[600],"product_tag":[],"class_list":{"0":"post-1697","1":"product","2":"type-product","3":"status-publish","4":"has-post-thumbnail","6":"product_cat-yurume-gruplari","8":"first","9":"instock","10":"sale","11":"taxable","12":"shipping-taxable","13":"purchasable","14":"product-type-simple"},"yoast_head":"<!-- This site is optimized with the Yoast SEO plugin v27.4 - https:\/\/yoast.com\/product\/yoast-seo-wordpress\/ -->\n<title>PR-881 Al\u00fcminyum Walker (Rollator) - \u0130ntegra Medikal | | Ma\u011faza<\/title>\n<meta name=\"robots\" content=\"index, follow, max-snippet:-1, max-image-preview:large, max-video-preview:-1\" \/>\n<link rel=\"canonical\" href=\"https:\/\/integramedikal.com\/magaza\/urun\/pr-881-aluminyum-walker-rollator\/\" \/>\n<meta property=\"og:locale\" content=\"tr_TR\" \/>\n<meta property=\"og:type\" content=\"article\" \/>\n<meta property=\"og:title\" content=\"PR-881 Al\u00fcminyum Walker (Rollator) - \u0130ntegra Medikal | | Ma\u011faza\" \/>\n<meta property=\"og:description\" content=\"Halk aras\u0131nda Rollator olarak bilinen PR-881 Al\u00fcminyum Y\u00fcr\u00fcte\u00e7, \u00f6zellikle B2B alan\u0131nda faaliyet g\u00f6steren al\u0131c\u0131lar ve engelliler i\u00e7in hareketlilik yard\u0131mc\u0131lar\u0131 da\u011f\u0131tan \u015firketler i\u00e7in \u00f6zel olarak tasarlanm\u0131\u015f mobilite deste\u011finde \u00f6nemli bir ilerlemeyi temsil ediyor. \u00d6zenle tasarlanm\u0131\u015f bu tekerlekli y\u00fcr\u00fcte\u00e7, g\u00fcvenilirlik ve dayan\u0131kl\u0131l\u0131k sa\u011flarken \u00e7ok \u00e7e\u015fitli mobilite ihtiya\u00e7lar\u0131n\u0131 kar\u015f\u0131lamaya haz\u0131r vazge\u00e7ilmez bir ara\u00e7 olarak \u00f6ne \u00e7\u0131k\u0131yor. Bir i\u00e7erik [&hellip;]\" \/>\n<meta property=\"og:url\" content=\"https:\/\/integramedikal.com\/magaza\/urun\/pr-881-aluminyum-walker-rollator\/\" \/>\n<meta property=\"og:site_name\" content=\"\u0130ntegra Medikal | | Ma\u011faza\" \/>\n<meta property=\"article:publisher\" content=\"https:\/\/www.facebook.com\/integramedikal1\" \/>\n<meta property=\"article:modified_time\" content=\"2026-04-01T08:06:19+00:00\" \/>\n<meta property=\"og:image\" content=\"https:\/\/integramedikal.com\/magaza\/wp-content\/uploads\/2025\/06\/pr-881.jpg\" \/>\n\t<meta property=\"og:image:width\" content=\"900\" \/>\n\t<meta property=\"og:image:height\" content=\"900\" \/>\n\t<meta property=\"og:image:type\" content=\"image\/jpeg\" \/>\n<meta name=\"twitter:card\" content=\"summary_large_image\" \/>\n<meta name=\"twitter:site\" content=\"@integramedikal\" \/>\n<meta name=\"twitter:label1\" content=\"Tahmini okuma s\u00fcresi\" \/>\n\t<meta name=\"twitter:data1\" content=\"3 dakika\" \/>\n<script type=\"application\/ld+json\" class=\"yoast-schema-graph\">{\"@context\":\"https:\\\/\\\/schema.org\",\"@graph\":[{\"@type\":\"WebPage\",\"@id\":\"https:\\\/\\\/integramedikal.com\\\/magaza\\\/urun\\\/pr-881-aluminyum-walker-rollator\\\/\",\"url\":\"https:\\\/\\\/integramedikal.com\\\/magaza\\\/urun\\\/pr-881-aluminyum-walker-rollator\\\/\",\"name\":\"PR-881 Al\u00fcminyum Walker (Rollator) - \u0130ntegra Medikal | | Ma\u011faza\",\"isPartOf\":{\"@id\":\"https:\\\/\\\/integramedikal.com\\\/magaza\\\/#website\"},\"primaryImageOfPage\":{\"@id\":\"https:\\\/\\\/integramedikal.com\\\/magaza\\\/urun\\\/pr-881-aluminyum-walker-rollator\\\/#primaryimage\"},\"image\":{\"@id\":\"https:\\\/\\\/integramedikal.com\\\/magaza\\\/urun\\\/pr-881-aluminyum-walker-rollator\\\/#primaryimage\"},\"thumbnailUrl\":\"https:\\\/\\\/integramedikal.com\\\/magaza\\\/wp-content\\\/uploads\\\/2025\\\/06\\\/pr-881.jpg\",\"datePublished\":\"2025-06-02T20:31:53+00:00\",\"dateModified\":\"2026-04-01T08:06:19+00:00\",\"breadcrumb\":{\"@id\":\"https:\\\/\\\/integramedikal.com\\\/magaza\\\/urun\\\/pr-881-aluminyum-walker-rollator\\\/#breadcrumb\"},\"inLanguage\":\"tr\",\"potentialAction\":[{\"@type\":\"ReadAction\",\"target\":[\"https:\\\/\\\/integramedikal.com\\\/magaza\\\/urun\\\/pr-881-aluminyum-walker-rollator\\\/\"]}]},{\"@type\":\"ImageObject\",\"inLanguage\":\"tr\",\"@id\":\"https:\\\/\\\/integramedikal.com\\\/magaza\\\/urun\\\/pr-881-aluminyum-walker-rollator\\\/#primaryimage\",\"url\":\"https:\\\/\\\/integramedikal.com\\\/magaza\\\/wp-content\\\/uploads\\\/2025\\\/06\\\/pr-881.jpg\",\"contentUrl\":\"https:\\\/\\\/integramedikal.com\\\/magaza\\\/wp-content\\\/uploads\\\/2025\\\/06\\\/pr-881.jpg\",\"width\":900,\"height\":900},{\"@type\":\"BreadcrumbList\",\"@id\":\"https:\\\/\\\/integramedikal.com\\\/magaza\\\/urun\\\/pr-881-aluminyum-walker-rollator\\\/#breadcrumb\",\"itemListElement\":[{\"@type\":\"ListItem\",\"position\":1,\"name\":\"Anasayfa\",\"item\":\"https:\\\/\\\/integramedikal.com\\\/magaza\\\/anasayfa\\\/\"},{\"@type\":\"ListItem\",\"position\":2,\"name\":\"Shop\",\"item\":\"https:\\\/\\\/integramedikal.com\\\/magaza\\\/shop\\\/\"},{\"@type\":\"ListItem\",\"position\":3,\"name\":\"PR-881 Al\u00fcminyum Walker (Rollator)\"}]},{\"@type\":\"WebSite\",\"@id\":\"https:\\\/\\\/integramedikal.com\\\/magaza\\\/#website\",\"url\":\"https:\\\/\\\/integramedikal.com\\\/magaza\\\/\",\"name\":\"\u0130ntegra Medikal < | | >Ma\u011faza\",\"description\":\"Sa\u011fl\u0131kta Kalite | Sekt\u00f6rde 25. Y\u0131l\",\"publisher\":{\"@id\":\"https:\\\/\\\/integramedikal.com\\\/magaza\\\/#organization\"},\"potentialAction\":[{\"@type\":\"SearchAction\",\"target\":{\"@type\":\"EntryPoint\",\"urlTemplate\":\"https:\\\/\\\/integramedikal.com\\\/magaza\\\/?s={search_term_string}\"},\"query-input\":{\"@type\":\"PropertyValueSpecification\",\"valueRequired\":true,\"valueName\":\"search_term_string\"}}],\"inLanguage\":\"tr\"},{\"@type\":\"Organization\",\"@id\":\"https:\\\/\\\/integramedikal.com\\\/magaza\\\/#organization\",\"name\":\"\u0130ntegra Medikal < | | >Ma\u011faza\",\"url\":\"https:\\\/\\\/integramedikal.com\\\/magaza\\\/\",\"logo\":{\"@type\":\"ImageObject\",\"inLanguage\":\"tr\",\"@id\":\"https:\\\/\\\/integramedikal.com\\\/magaza\\\/#\\\/schema\\\/logo\\\/image\\\/\",\"url\":\"https:\\\/\\\/integramedikal.com\\\/magaza\\\/wp-content\\\/uploads\\\/2025\\\/06\\\/integra-logo-1.png\",\"contentUrl\":\"https:\\\/\\\/integramedikal.com\\\/magaza\\\/wp-content\\\/uploads\\\/2025\\\/06\\\/integra-logo-1.png\",\"width\":340,\"height\":156,\"caption\":\"\u0130ntegra Medikal < | | >Ma\u011faza\"},\"image\":{\"@id\":\"https:\\\/\\\/integramedikal.com\\\/magaza\\\/#\\\/schema\\\/logo\\\/image\\\/\"},\"sameAs\":[\"https:\\\/\\\/www.facebook.com\\\/integramedikal1\",\"https:\\\/\\\/x.com\\\/integramedikal\",\"https:\\\/\\\/www.instagram.com\\\/integramedikal\\\/\",\"https:\\\/\\\/www.youtube.com\\\/user\\\/integramedikal\"]}]}<\/script>\n<!-- \/ Yoast SEO plugin. -->","yoast_head_json":{"title":"PR-881 Al\u00fcminyum Walker (Rollator) - \u0130ntegra Medikal | | Ma\u011faza","robots":{"index":"index","follow":"follow","max-snippet":"max-snippet:-1","max-image-preview":"max-image-preview:large","max-video-preview":"max-video-preview:-1"},"canonical":"https:\/\/integramedikal.com\/magaza\/urun\/pr-881-aluminyum-walker-rollator\/","og_locale":"tr_TR","og_type":"article","og_title":"PR-881 Al\u00fcminyum Walker (Rollator) - \u0130ntegra Medikal | | Ma\u011faza","og_description":"Halk aras\u0131nda Rollator olarak bilinen PR-881 Al\u00fcminyum Y\u00fcr\u00fcte\u00e7, \u00f6zellikle B2B alan\u0131nda faaliyet g\u00f6steren al\u0131c\u0131lar ve engelliler i\u00e7in hareketlilik yard\u0131mc\u0131lar\u0131 da\u011f\u0131tan \u015firketler i\u00e7in \u00f6zel olarak tasarlanm\u0131\u015f mobilite deste\u011finde \u00f6nemli bir ilerlemeyi temsil ediyor. \u00d6zenle tasarlanm\u0131\u015f bu tekerlekli y\u00fcr\u00fcte\u00e7, g\u00fcvenilirlik ve dayan\u0131kl\u0131l\u0131k sa\u011flarken \u00e7ok \u00e7e\u015fitli mobilite ihtiya\u00e7lar\u0131n\u0131 kar\u015f\u0131lamaya haz\u0131r vazge\u00e7ilmez bir ara\u00e7 olarak \u00f6ne \u00e7\u0131k\u0131yor. Bir i\u00e7erik [&hellip;]","og_url":"https:\/\/integramedikal.com\/magaza\/urun\/pr-881-aluminyum-walker-rollator\/","og_site_name":"\u0130ntegra Medikal | | Ma\u011faza","article_publisher":"https:\/\/www.facebook.com\/integramedikal1","article_modified_time":"2026-04-01T08:06:19+00:00","og_image":[{"width":900,"height":900,"url":"https:\/\/integramedikal.com\/magaza\/wp-content\/uploads\/2025\/06\/pr-881.jpg","type":"image\/jpeg"}],"twitter_card":"summary_large_image","twitter_site":"@integramedikal","twitter_misc":{"Tahmini okuma s\u00fcresi":"3 dakika"},"schema":{"@context":"https:\/\/schema.org","@graph":[{"@type":"WebPage","@id":"https:\/\/integramedikal.com\/magaza\/urun\/pr-881-aluminyum-walker-rollator\/","url":"https:\/\/integramedikal.com\/magaza\/urun\/pr-881-aluminyum-walker-rollator\/","name":"PR-881 Al\u00fcminyum Walker (Rollator) - \u0130ntegra Medikal | | Ma\u011faza","isPartOf":{"@id":"https:\/\/integramedikal.com\/magaza\/#website"},"primaryImageOfPage":{"@id":"https:\/\/integramedikal.com\/magaza\/urun\/pr-881-aluminyum-walker-rollator\/#primaryimage"},"image":{"@id":"https:\/\/integramedikal.com\/magaza\/urun\/pr-881-aluminyum-walker-rollator\/#primaryimage"},"thumbnailUrl":"https:\/\/integramedikal.com\/magaza\/wp-content\/uploads\/2025\/06\/pr-881.jpg","datePublished":"2025-06-02T20:31:53+00:00","dateModified":"2026-04-01T08:06:19+00:00","breadcrumb":{"@id":"https:\/\/integramedikal.com\/magaza\/urun\/pr-881-aluminyum-walker-rollator\/#breadcrumb"},"inLanguage":"tr","potentialAction":[{"@type":"ReadAction","target":["https:\/\/integramedikal.com\/magaza\/urun\/pr-881-aluminyum-walker-rollator\/"]}]},{"@type":"ImageObject","inLanguage":"tr","@id":"https:\/\/integramedikal.com\/magaza\/urun\/pr-881-aluminyum-walker-rollator\/#primaryimage","url":"https:\/\/integramedikal.com\/magaza\/wp-content\/uploads\/2025\/06\/pr-881.jpg","contentUrl":"https:\/\/integramedikal.com\/magaza\/wp-content\/uploads\/2025\/06\/pr-881.jpg","width":900,"height":900},{"@type":"BreadcrumbList","@id":"https:\/\/integramedikal.com\/magaza\/urun\/pr-881-aluminyum-walker-rollator\/#breadcrumb","itemListElement":[{"@type":"ListItem","position":1,"name":"Anasayfa","item":"https:\/\/integramedikal.com\/magaza\/anasayfa\/"},{"@type":"ListItem","position":2,"name":"Shop","item":"https:\/\/integramedikal.com\/magaza\/shop\/"},{"@type":"ListItem","position":3,"name":"PR-881 Al\u00fcminyum Walker (Rollator)"}]},{"@type":"WebSite","@id":"https:\/\/integramedikal.com\/magaza\/#website","url":"https:\/\/integramedikal.com\/magaza\/","name":"\u0130ntegra Medikal < | | >Ma\u011faza","description":"Sa\u011fl\u0131kta Kalite | Sekt\u00f6rde 25. Y\u0131l","publisher":{"@id":"https:\/\/integramedikal.com\/magaza\/#organization"},"potentialAction":[{"@type":"SearchAction","target":{"@type":"EntryPoint","urlTemplate":"https:\/\/integramedikal.com\/magaza\/?s={search_term_string}"},"query-input":{"@type":"PropertyValueSpecification","valueRequired":true,"valueName":"search_term_string"}}],"inLanguage":"tr"},{"@type":"Organization","@id":"https:\/\/integramedikal.com\/magaza\/#organization","name":"\u0130ntegra Medikal < | | >Ma\u011faza","url":"https:\/\/integramedikal.com\/magaza\/","logo":{"@type":"ImageObject","inLanguage":"tr","@id":"https:\/\/integramedikal.com\/magaza\/#\/schema\/logo\/image\/","url":"https:\/\/integramedikal.com\/magaza\/wp-content\/uploads\/2025\/06\/integra-logo-1.png","contentUrl":"https:\/\/integramedikal.com\/magaza\/wp-content\/uploads\/2025\/06\/integra-logo-1.png","width":340,"height":156,"caption":"\u0130ntegra Medikal < | | >Ma\u011faza"},"image":{"@id":"https:\/\/integramedikal.com\/magaza\/#\/schema\/logo\/image\/"},"sameAs":["https:\/\/www.facebook.com\/integramedikal1","https:\/\/x.com\/integramedikal","https:\/\/www.instagram.com\/integramedikal\/","https:\/\/www.youtube.com\/user\/integramedikal"]}]}},"_links":{"self":[{"href":"https:\/\/integramedikal.com\/magaza\/wp-json\/wp\/v2\/product\/1697","targetHints":{"allow":["GET"]}}],"collection":[{"href":"https:\/\/integramedikal.com\/magaza\/wp-json\/wp\/v2\/product"}],"about":[{"href":"https:\/\/integramedikal.com\/magaza\/wp-json\/wp\/v2\/types\/product"}],"replies":[{"embeddable":true,"href":"https:\/\/integramedikal.com\/magaza\/wp-json\/wp\/v2\/comments?post=1697"}],"wp:featuredmedia":[{"embeddable":true,"href":"https:\/\/integramedikal.com\/magaza\/wp-json\/wp\/v2\/media\/1709"}],"wp:attachment":[{"href":"https:\/\/integramedikal.com\/magaza\/wp-json\/wp\/v2\/media?parent=1697"}],"wp:term":[{"taxonomy":"product_brand","embeddable":true,"href":"https:\/\/integramedikal.com\/magaza\/wp-json\/wp\/v2\/product_brand?post=1697"},{"taxonomy":"product_cat","embeddable":true,"href":"https:\/\/integramedikal.com\/magaza\/wp-json\/wp\/v2\/product_cat?post=1697"},{"taxonomy":"product_tag","embeddable":true,"href":"https:\/\/integramedikal.com\/magaza\/wp-json\/wp\/v2\/product_tag?post=1697"}],"curies":[{"name":"wp","href":"https:\/\/api.w.org\/{rel}","templated":true}]}}