{"id":1696,"date":"2025-06-02T23:31:53","date_gmt":"2025-06-02T20:31:53","guid":{"rendered":"https:\/\/integramedikal.com\/magaza\/?post_type=product&#038;p=1696"},"modified":"2026-04-01T11:05:49","modified_gmt":"2026-04-01T08:05:49","slug":"pr-771-tekerlekli-katlanir-komot","status":"publish","type":"product","link":"https:\/\/integramedikal.com\/magaza\/urun\/pr-771-tekerlekli-katlanir-komot\/","title":{"rendered":"PR-771 Tekerlekli Katlan\u0131r Komot"},"content":{"rendered":"<div>Sa\u011fl\u0131k hizmetleri mobilite \u00e7\u00f6z\u00fcmleri pazar\u0131ndaki en son teklifimiz olan PR-691 Aluminyum PR-771 Tekerlekli Katlan\u0131r Komot\u2019a ho\u015f geldiniz. Bu devrim niteli\u011findeki \u00fcr\u00fcn, bir hasta tuvalet koltu\u011funun i\u015flevsel gereksinimlerini yenilik\u00e7i tasar\u0131m\u0131n rahatl\u0131\u011f\u0131yla harmanl\u0131yor. B2B sekt\u00f6r\u00fcndeki i\u015fletmeleri ve engellilik yard\u0131mlar\u0131 konusunda uzmanla\u015fm\u0131\u015f distrib\u00fct\u00f6rleri hedefleyen bu \u00fcr\u00fcn, onu kendi kategorisindeki di\u011ferlerinden ay\u0131ran bir dayan\u0131kl\u0131l\u0131k ve de\u011fer kombinasyonu vaat ediyor.<\/div>\n<div><\/div>\n<div>G\u00fcvenilir sa\u011fl\u0131k ekipmanlar\u0131na olan kritik ihtiyac\u0131 anlayan PR-771 Tekerlekli Katlan\u0131r Komot&#8217;un konfor, g\u00fcvenlik ve kullan\u0131m kolayl\u0131\u011f\u0131 sunmas\u0131 \u00f6ng\u00f6r\u00fclm\u00fc\u015ft\u00fcr. Hem hastalar hem de bak\u0131c\u0131lar i\u00e7in vazge\u00e7ilmez bir yard\u0131mc\u0131 cihaz olarak hizmet eder ve zorlu bir pazar\u0131n beklentilerini yaln\u0131zca kar\u015f\u0131lamakla kalmaz, ayn\u0131 zamanda a\u015fmay\u0131 da vaat eder. Tasar\u0131mdaki \u00e7ok y\u00f6nl\u00fcl\u00fck ve \u00f6ng\u00f6r\u00fc, onu hasta bak\u0131m\u0131na hizmet veren herhangi bir envantere \u00f6nemli bir katk\u0131 haline getirir.<\/div>\n<div><\/div>\n<div><b>\u00dcr\u00fcn Tasar\u0131m\u0131 ve Yap\u0131s\u0131<\/b><\/div>\n<div><b><br \/><\/b><\/div>\n<div>PR-771&#8217;in merkezinde, \u00e7e\u015fitli sa\u011fl\u0131k hizmeti ortamlar\u0131nda s\u00fcrekli kullan\u0131ma dayanacak \u015fekilde in\u015fa edilmi\u015f g\u00fc\u00e7l\u00fc g\u00f6vde yap\u0131s\u0131 bulunur. M\u00fckemmelli\u011fe olan ba\u011fl\u0131l\u0131\u011f\u0131m\u0131z\u0131 yans\u0131t\u0131r ve tasarland\u0131\u011f\u0131 ortamlarda tipik olarak g\u00f6zlemlenen yo\u011fun kullan\u0131m d\u00f6ng\u00fcs\u00fcne hitap eder. Bu hasta tuvalet sandalyesi sadece bir ekipman par\u00e7as\u0131 de\u011fildir; Bu, g\u00fcvenilir yap\u0131s\u0131 nedeniyle kullan\u0131c\u0131lar\u0131 destekleyen ve bak\u0131c\u0131lara g\u00fcven a\u015f\u0131layan sa\u011flam m\u00fchendisli\u011fin bir kan\u0131t\u0131d\u0131r. \u0130ki y\u0131ll\u0131k garanti, kalite ve m\u00fc\u015fteri memnuniyetine olan ba\u011fl\u0131l\u0131\u011f\u0131m\u0131z\u0131n alt\u0131n\u0131 \u00e7izer.<\/div>\n<div>Ak\u0131ll\u0131ca tasarlanm\u0131\u015f katlama mekanizmas\u0131, Komot Kanepe&#8217;nin kullan\u0131lmad\u0131\u011f\u0131nda kompakt bir \u015fekilde saklanabilmesini sa\u011flar, bu da \u00f6zellikle s\u0131n\u0131rl\u0131 alana sahip tesisler i\u00e7in kullan\u0131\u015fl\u0131d\u0131r. Ayr\u0131ca, tekerleklerin eklenmesi hareket kabiliyetini art\u0131rarak hastane ko\u011fu\u015flar\u0131, rehabilitasyon merkezleri ve evde bak\u0131m ortamlar\u0131 aras\u0131nda kolay ta\u015f\u0131may\u0131 kolayla\u015ft\u0131r\u0131r. Kullan\u0131c\u0131 taraf\u0131ndan tavsiye edilen bir \u00e7\u00f6z\u00fcmd\u00fcr, pratikli\u011fi ve bir dizi hasta hareketlili\u011fi gereksinimini kolayl\u0131kla kar\u015f\u0131lamas\u0131 nedeniyle \u00f6v\u00fcl\u00fcr.<\/div>\n<div><\/div>\n<div><b>Maliyet Etkinli\u011fi ve Da\u011f\u0131t\u0131m<\/b><\/div>\n<div><b><br \/><\/b><\/div>\n<div>Sa\u011fl\u0131k sekt\u00f6r\u00fcndeki kurumlar\u0131n s\u0131kl\u0131kla kar\u015f\u0131la\u015ft\u0131\u011f\u0131 b\u00fct\u00e7e k\u0131s\u0131tlar\u0131n\u0131n fark\u0131nda olan PR-771 Tekerlekli Katlan\u0131r Komot, kaliteden veya i\u015flevsellikten \u00f6d\u00fcn vermeden ekonomik bir \u00fcr\u00fcn olarak sunulmaktad\u0131r. Bu, s\u0131k s\u0131k de\u011fi\u015ftirme veya onar\u0131m y\u00fck\u00fc olmadan uygun maliyetli \u00e7\u00f6z\u00fcmlere ihtiya\u00e7 duyan hedef kitlemizin (B2B al\u0131c\u0131lar\u0131 ve engelli ara\u00e7lar\u0131yla u\u011fra\u015fan \u015firketler) ihtiya\u00e7lar\u0131yla uyumludur. D\u00fc\u015f\u00fcnceli tasar\u0131m yoluyla de\u011fere olan ba\u011fl\u0131l\u0131\u011f\u0131m\u0131z\u0131n bir kan\u0131t\u0131 olarak duruyor.<\/div>\n<div><\/div>\n<div>H\u0131zl\u0131 sevkiyat g\u00fcvencesiyle, \u00fcr\u00fcn\u00fcm\u00fcz\u00fcn h\u0131zl\u0131 ve verimli bir \u015fekilde kap\u0131n\u0131za ula\u015fmas\u0131n\u0131 sa\u011flayarak, geciken teslimatlardan kaynaklanabilecek herhangi bir ar\u0131za s\u00fcresini veya rahats\u0131zl\u0131\u011f\u0131 azalt\u0131yoruz. Hizmetimizin bu y\u00f6n\u00fc, \u00fcr\u00fcn\u00fcn kendisi kadar hayati \u00f6nem ta\u015f\u0131maktad\u0131r, \u00e7\u00fcnk\u00fc bu t\u00fcr temel ekipmanlar\u0131n zaman\u0131nda kullan\u0131labilirli\u011finin hastalar\u0131n ya\u015famlar\u0131nda ve bak\u0131c\u0131lar\u0131n i\u015f ak\u0131\u015f\u0131nda \u00f6nemli bir fark yaratabilece\u011fini anl\u0131yoruz.<\/div>\n<div><\/div>\n<div>Titiz i\u015f\u00e7ilik, duyarl\u0131 da\u011f\u0131t\u0131m ve m\u00fc\u015fterilerimizin ihtiya\u00e7lar\u0131na sars\u0131lmaz bir odaklanma sayesinde, PR-691 AluminyuPR-771 Tekerlekli Katlan\u0131r Komotm Koltuk, hasta tuvalet sandalyeleri kategorisinde yeni kriterler belirliyor. Asil hasta bak\u0131m\u0131 alan\u0131na hizmet veren i\u015fletmeleri ve distrib\u00fct\u00f6rleri, bu ola\u011fan\u00fcst\u00fc teklifin faydalar\u0131n\u0131 ve \u00f6zelliklerini ke\u015ffetmeye davet ediyoruz.<\/div>\n<div><\/div>\n<p><div  id=\"btn_klavuz\"  class='avia-button-wrap av-av_button-f7604014e20ecf4ade4177239f1324b8-wrap avia-button-left  avia-builder-el-0  el_before_av_button  avia-builder-el-first '><a href='https:\/\/www.integramedikal.com\/magaza\/upload\/kilavuz\/97-pr-771-tekerlekli-katlanir-komot.pdf'  class='avia-button av-av_button-f7604014e20ecf4ade4177239f1324b8 av-link-btn avia-icon_select-yes-left-icon avia-size-medium avia-position-left avia-color-theme-color-highlight'  target=\"_blank\"  rel=\"noopener noreferrer\"  aria-label=\"Kullan\u0131m K\u0131lavuzu\"><span class='avia_button_icon avia_button_icon_left avia-svg-icon avia-font-svg_entypo-fontello' data-av_svg_icon='book-open' data-av_iconset='svg_entypo-fontello'><svg version=\"1.1\" xmlns=\"http:\/\/www.w3.org\/2000\/svg\" width=\"29\" height=\"32\" viewBox=\"0 0 29 32\" preserveAspectRatio=\"xMidYMid meet\" aria-labelledby='av-svg-title-1' aria-describedby='av-svg-desc-1' role=\"graphics-symbol\">\n<title id='av-svg-title-1'>Book-open<\/title>\n<desc id='av-svg-desc-1'>Book-open<\/desc>\n<path d=\"M10.88 19.584v2.176l-6.4-2.56v-2.176zM10.88 12.928v2.176l-6.4-2.56v-2.176zM28.096 1.856q0.704 0.384 0.704 1.344v20.48q0 1.088-1.024 1.472l-12.736 5.12q-0.256 0.064-0.32 0.064t-0.16 0.032-0.16 0.032-0.16-0.032-0.16-0.032l-0.32-0.064-12.736-5.12q-1.024-0.384-1.024-1.472v-20.48q0-0.96 0.704-1.344 0.704-0.512 1.472-0.192l12.224 4.928 12.224-4.928q0.768-0.32 1.472 0.192zM12.8 27.072v-17.92l-10.24-4.096v17.92zM26.24 22.976v-17.92l-10.24 4.096v17.92zM24.32 17.024v2.176l-6.4 2.56v-2.176zM24.32 10.368v2.176l-6.4 2.56v-2.176z\"><\/path>\n<\/svg><\/span><span class='avia_iconbox_title' >Kullan\u0131m K\u0131lavuzu<\/span><\/a><\/div> <div  id=\"btn_teknikbilgi\"  class='avia-button-wrap av-av_button-e069d87ec5d6298b9b6c476e2dc5aa4e-wrap avia-button-left  avia-builder-el-1  el_after_av_button  avia-builder-el-last '><a href='javascript:void(0);'  class='avia-button av-av_button-e069d87ec5d6298b9b6c476e2dc5aa4e av-link-btn avia-icon_select-yes-left-icon avia-size-medium avia-position-left avia-color-theme-color-highlight'   aria-label=\"Teknik Bilgi\"><span class='avia_button_icon avia_button_icon_left avia-svg-icon avia-font-svg_entypo-fontello' data-av_svg_icon='cog' data-av_iconset='svg_entypo-fontello'><svg version=\"1.1\" xmlns=\"http:\/\/www.w3.org\/2000\/svg\" width=\"27\" height=\"32\" viewBox=\"0 0 27 32\" preserveAspectRatio=\"xMidYMid meet\" aria-labelledby='av-svg-title-2' aria-describedby='av-svg-desc-2' role=\"graphics-symbol\">\n<title id='av-svg-title-2'>Cog<\/title>\n<desc id='av-svg-desc-2'>Cog<\/desc>\n<path d=\"M24.32 16q0 2.304 2.56 3.904-0.384 1.28-1.088 2.624-2.24-0.576-4.352 1.408-1.728 1.856-1.088 4.352-1.28 0.64-2.688 1.152-1.472-2.624-4.224-2.624t-4.224 2.624q-1.408-0.512-2.688-1.152 0.64-2.56-1.088-4.352-1.728-1.728-4.352-1.088-0.448-0.832-1.088-2.624 2.624-1.664 2.624-4.224 0-2.304-2.624-3.968 0.64-1.792 1.088-2.624 2.368 0.576 4.352-1.408 1.728-1.792 1.088-4.352 1.344-0.704 2.688-1.088 1.472 2.56 4.224 2.56t4.224-2.56q1.344 0.384 2.688 1.088-0.64 2.496 1.088 4.352 2.112 1.984 4.352 1.408 0.704 1.344 1.088 2.624-2.56 1.6-2.56 3.968zM13.44 21.824q2.432 0 4.128-1.696t1.696-4.128-1.696-4.16-4.128-1.728-4.128 1.728-1.696 4.16 1.696 4.128 4.128 1.696z\"><\/path>\n<\/svg><\/span><span class='avia_iconbox_title' >Teknik Bilgi<\/span><\/a><\/div><\/p>\n","protected":false},"excerpt":{"rendered":"<p>Sa\u011fl\u0131k hizmetleri mobilite \u00e7\u00f6z\u00fcmleri pazar\u0131ndaki en son teklifimiz olan PR-691 Aluminyum PR-771 Tekerlekli Katlan\u0131r Komot\u2019a ho\u015f geldiniz. Bu devrim niteli\u011findeki \u00fcr\u00fcn, bir hasta tuvalet koltu\u011funun i\u015flevsel gereksinimlerini yenilik\u00e7i tasar\u0131m\u0131n rahatl\u0131\u011f\u0131yla harmanl\u0131yor. B2B sekt\u00f6r\u00fcndeki i\u015fletmeleri ve engellilik yard\u0131mlar\u0131 konusunda uzmanla\u015fm\u0131\u015f distrib\u00fct\u00f6rleri hedefleyen bu \u00fcr\u00fcn, onu kendi kategorisindeki di\u011ferlerinden ay\u0131ran bir dayan\u0131kl\u0131l\u0131k ve de\u011fer kombinasyonu vaat ediyor. [&hellip;]<\/p>\n","protected":false},"featured_media":1706,"comment_status":"open","ping_status":"closed","template":"","meta":[],"product_brand":[],"product_cat":[48],"product_tag":[],"class_list":{"0":"post-1696","1":"product","2":"type-product","3":"status-publish","4":"has-post-thumbnail","6":"product_cat-banyo-ve-tuvalet-sandalyesi","8":"first","9":"instock","10":"sale","11":"taxable","12":"shipping-taxable","13":"purchasable","14":"product-type-simple"},"yoast_head":"<!-- This site is optimized with the Yoast SEO plugin v27.4 - https:\/\/yoast.com\/product\/yoast-seo-wordpress\/ -->\n<title>PR-771 Tekerlekli Katlan\u0131r Komot - \u0130ntegra Medikal | | Ma\u011faza<\/title>\n<meta name=\"robots\" content=\"index, follow, max-snippet:-1, max-image-preview:large, max-video-preview:-1\" \/>\n<link rel=\"canonical\" href=\"https:\/\/integramedikal.com\/magaza\/urun\/pr-771-tekerlekli-katlanir-komot\/\" \/>\n<meta property=\"og:locale\" content=\"tr_TR\" \/>\n<meta property=\"og:type\" content=\"article\" \/>\n<meta property=\"og:title\" content=\"PR-771 Tekerlekli Katlan\u0131r Komot - \u0130ntegra Medikal | | Ma\u011faza\" \/>\n<meta property=\"og:description\" content=\"Sa\u011fl\u0131k hizmetleri mobilite \u00e7\u00f6z\u00fcmleri pazar\u0131ndaki en son teklifimiz olan PR-691 Aluminyum PR-771 Tekerlekli Katlan\u0131r Komot\u2019a ho\u015f geldiniz. Bu devrim niteli\u011findeki \u00fcr\u00fcn, bir hasta tuvalet koltu\u011funun i\u015flevsel gereksinimlerini yenilik\u00e7i tasar\u0131m\u0131n rahatl\u0131\u011f\u0131yla harmanl\u0131yor. B2B sekt\u00f6r\u00fcndeki i\u015fletmeleri ve engellilik yard\u0131mlar\u0131 konusunda uzmanla\u015fm\u0131\u015f distrib\u00fct\u00f6rleri hedefleyen bu \u00fcr\u00fcn, onu kendi kategorisindeki di\u011ferlerinden ay\u0131ran bir dayan\u0131kl\u0131l\u0131k ve de\u011fer kombinasyonu vaat ediyor. [&hellip;]\" \/>\n<meta property=\"og:url\" content=\"https:\/\/integramedikal.com\/magaza\/urun\/pr-771-tekerlekli-katlanir-komot\/\" \/>\n<meta property=\"og:site_name\" content=\"\u0130ntegra Medikal | | Ma\u011faza\" \/>\n<meta property=\"article:publisher\" content=\"https:\/\/www.facebook.com\/integramedikal1\" \/>\n<meta property=\"article:modified_time\" content=\"2026-04-01T08:05:49+00:00\" \/>\n<meta property=\"og:image\" content=\"https:\/\/integramedikal.com\/magaza\/wp-content\/uploads\/2025\/06\/fgd5j5.jpg\" \/>\n\t<meta property=\"og:image:width\" content=\"900\" \/>\n\t<meta property=\"og:image:height\" content=\"900\" \/>\n\t<meta property=\"og:image:type\" content=\"image\/jpeg\" \/>\n<meta name=\"twitter:card\" content=\"summary_large_image\" \/>\n<meta name=\"twitter:site\" content=\"@integramedikal\" \/>\n<meta name=\"twitter:label1\" content=\"Tahmini okuma s\u00fcresi\" \/>\n\t<meta name=\"twitter:data1\" content=\"4 dakika\" \/>\n<script type=\"application\/ld+json\" class=\"yoast-schema-graph\">{\"@context\":\"https:\\\/\\\/schema.org\",\"@graph\":[{\"@type\":\"WebPage\",\"@id\":\"https:\\\/\\\/integramedikal.com\\\/magaza\\\/urun\\\/pr-771-tekerlekli-katlanir-komot\\\/\",\"url\":\"https:\\\/\\\/integramedikal.com\\\/magaza\\\/urun\\\/pr-771-tekerlekli-katlanir-komot\\\/\",\"name\":\"PR-771 Tekerlekli Katlan\u0131r Komot - \u0130ntegra Medikal | | Ma\u011faza\",\"isPartOf\":{\"@id\":\"https:\\\/\\\/integramedikal.com\\\/magaza\\\/#website\"},\"primaryImageOfPage\":{\"@id\":\"https:\\\/\\\/integramedikal.com\\\/magaza\\\/urun\\\/pr-771-tekerlekli-katlanir-komot\\\/#primaryimage\"},\"image\":{\"@id\":\"https:\\\/\\\/integramedikal.com\\\/magaza\\\/urun\\\/pr-771-tekerlekli-katlanir-komot\\\/#primaryimage\"},\"thumbnailUrl\":\"https:\\\/\\\/integramedikal.com\\\/magaza\\\/wp-content\\\/uploads\\\/2025\\\/06\\\/fgd5j5.jpg\",\"datePublished\":\"2025-06-02T20:31:53+00:00\",\"dateModified\":\"2026-04-01T08:05:49+00:00\",\"breadcrumb\":{\"@id\":\"https:\\\/\\\/integramedikal.com\\\/magaza\\\/urun\\\/pr-771-tekerlekli-katlanir-komot\\\/#breadcrumb\"},\"inLanguage\":\"tr\",\"potentialAction\":[{\"@type\":\"ReadAction\",\"target\":[\"https:\\\/\\\/integramedikal.com\\\/magaza\\\/urun\\\/pr-771-tekerlekli-katlanir-komot\\\/\"]}]},{\"@type\":\"ImageObject\",\"inLanguage\":\"tr\",\"@id\":\"https:\\\/\\\/integramedikal.com\\\/magaza\\\/urun\\\/pr-771-tekerlekli-katlanir-komot\\\/#primaryimage\",\"url\":\"https:\\\/\\\/integramedikal.com\\\/magaza\\\/wp-content\\\/uploads\\\/2025\\\/06\\\/fgd5j5.jpg\",\"contentUrl\":\"https:\\\/\\\/integramedikal.com\\\/magaza\\\/wp-content\\\/uploads\\\/2025\\\/06\\\/fgd5j5.jpg\",\"width\":900,\"height\":900},{\"@type\":\"BreadcrumbList\",\"@id\":\"https:\\\/\\\/integramedikal.com\\\/magaza\\\/urun\\\/pr-771-tekerlekli-katlanir-komot\\\/#breadcrumb\",\"itemListElement\":[{\"@type\":\"ListItem\",\"position\":1,\"name\":\"Anasayfa\",\"item\":\"https:\\\/\\\/integramedikal.com\\\/magaza\\\/anasayfa\\\/\"},{\"@type\":\"ListItem\",\"position\":2,\"name\":\"Shop\",\"item\":\"https:\\\/\\\/integramedikal.com\\\/magaza\\\/shop\\\/\"},{\"@type\":\"ListItem\",\"position\":3,\"name\":\"PR-771 Tekerlekli Katlan\u0131r Komot\"}]},{\"@type\":\"WebSite\",\"@id\":\"https:\\\/\\\/integramedikal.com\\\/magaza\\\/#website\",\"url\":\"https:\\\/\\\/integramedikal.com\\\/magaza\\\/\",\"name\":\"\u0130ntegra Medikal < | | >Ma\u011faza\",\"description\":\"Sa\u011fl\u0131kta Kalite | Sekt\u00f6rde 25. Y\u0131l\",\"publisher\":{\"@id\":\"https:\\\/\\\/integramedikal.com\\\/magaza\\\/#organization\"},\"potentialAction\":[{\"@type\":\"SearchAction\",\"target\":{\"@type\":\"EntryPoint\",\"urlTemplate\":\"https:\\\/\\\/integramedikal.com\\\/magaza\\\/?s={search_term_string}\"},\"query-input\":{\"@type\":\"PropertyValueSpecification\",\"valueRequired\":true,\"valueName\":\"search_term_string\"}}],\"inLanguage\":\"tr\"},{\"@type\":\"Organization\",\"@id\":\"https:\\\/\\\/integramedikal.com\\\/magaza\\\/#organization\",\"name\":\"\u0130ntegra Medikal < | | >Ma\u011faza\",\"url\":\"https:\\\/\\\/integramedikal.com\\\/magaza\\\/\",\"logo\":{\"@type\":\"ImageObject\",\"inLanguage\":\"tr\",\"@id\":\"https:\\\/\\\/integramedikal.com\\\/magaza\\\/#\\\/schema\\\/logo\\\/image\\\/\",\"url\":\"https:\\\/\\\/integramedikal.com\\\/magaza\\\/wp-content\\\/uploads\\\/2025\\\/06\\\/integra-logo-1.png\",\"contentUrl\":\"https:\\\/\\\/integramedikal.com\\\/magaza\\\/wp-content\\\/uploads\\\/2025\\\/06\\\/integra-logo-1.png\",\"width\":340,\"height\":156,\"caption\":\"\u0130ntegra Medikal < | | >Ma\u011faza\"},\"image\":{\"@id\":\"https:\\\/\\\/integramedikal.com\\\/magaza\\\/#\\\/schema\\\/logo\\\/image\\\/\"},\"sameAs\":[\"https:\\\/\\\/www.facebook.com\\\/integramedikal1\",\"https:\\\/\\\/x.com\\\/integramedikal\",\"https:\\\/\\\/www.instagram.com\\\/integramedikal\\\/\",\"https:\\\/\\\/www.youtube.com\\\/user\\\/integramedikal\"]}]}<\/script>\n<!-- \/ Yoast SEO plugin. -->","yoast_head_json":{"title":"PR-771 Tekerlekli Katlan\u0131r Komot - \u0130ntegra Medikal | | Ma\u011faza","robots":{"index":"index","follow":"follow","max-snippet":"max-snippet:-1","max-image-preview":"max-image-preview:large","max-video-preview":"max-video-preview:-1"},"canonical":"https:\/\/integramedikal.com\/magaza\/urun\/pr-771-tekerlekli-katlanir-komot\/","og_locale":"tr_TR","og_type":"article","og_title":"PR-771 Tekerlekli Katlan\u0131r Komot - \u0130ntegra Medikal | | Ma\u011faza","og_description":"Sa\u011fl\u0131k hizmetleri mobilite \u00e7\u00f6z\u00fcmleri pazar\u0131ndaki en son teklifimiz olan PR-691 Aluminyum PR-771 Tekerlekli Katlan\u0131r Komot\u2019a ho\u015f geldiniz. Bu devrim niteli\u011findeki \u00fcr\u00fcn, bir hasta tuvalet koltu\u011funun i\u015flevsel gereksinimlerini yenilik\u00e7i tasar\u0131m\u0131n rahatl\u0131\u011f\u0131yla harmanl\u0131yor. B2B sekt\u00f6r\u00fcndeki i\u015fletmeleri ve engellilik yard\u0131mlar\u0131 konusunda uzmanla\u015fm\u0131\u015f distrib\u00fct\u00f6rleri hedefleyen bu \u00fcr\u00fcn, onu kendi kategorisindeki di\u011ferlerinden ay\u0131ran bir dayan\u0131kl\u0131l\u0131k ve de\u011fer kombinasyonu vaat ediyor. [&hellip;]","og_url":"https:\/\/integramedikal.com\/magaza\/urun\/pr-771-tekerlekli-katlanir-komot\/","og_site_name":"\u0130ntegra Medikal | | Ma\u011faza","article_publisher":"https:\/\/www.facebook.com\/integramedikal1","article_modified_time":"2026-04-01T08:05:49+00:00","og_image":[{"width":900,"height":900,"url":"https:\/\/integramedikal.com\/magaza\/wp-content\/uploads\/2025\/06\/fgd5j5.jpg","type":"image\/jpeg"}],"twitter_card":"summary_large_image","twitter_site":"@integramedikal","twitter_misc":{"Tahmini okuma s\u00fcresi":"4 dakika"},"schema":{"@context":"https:\/\/schema.org","@graph":[{"@type":"WebPage","@id":"https:\/\/integramedikal.com\/magaza\/urun\/pr-771-tekerlekli-katlanir-komot\/","url":"https:\/\/integramedikal.com\/magaza\/urun\/pr-771-tekerlekli-katlanir-komot\/","name":"PR-771 Tekerlekli Katlan\u0131r Komot - \u0130ntegra Medikal | | Ma\u011faza","isPartOf":{"@id":"https:\/\/integramedikal.com\/magaza\/#website"},"primaryImageOfPage":{"@id":"https:\/\/integramedikal.com\/magaza\/urun\/pr-771-tekerlekli-katlanir-komot\/#primaryimage"},"image":{"@id":"https:\/\/integramedikal.com\/magaza\/urun\/pr-771-tekerlekli-katlanir-komot\/#primaryimage"},"thumbnailUrl":"https:\/\/integramedikal.com\/magaza\/wp-content\/uploads\/2025\/06\/fgd5j5.jpg","datePublished":"2025-06-02T20:31:53+00:00","dateModified":"2026-04-01T08:05:49+00:00","breadcrumb":{"@id":"https:\/\/integramedikal.com\/magaza\/urun\/pr-771-tekerlekli-katlanir-komot\/#breadcrumb"},"inLanguage":"tr","potentialAction":[{"@type":"ReadAction","target":["https:\/\/integramedikal.com\/magaza\/urun\/pr-771-tekerlekli-katlanir-komot\/"]}]},{"@type":"ImageObject","inLanguage":"tr","@id":"https:\/\/integramedikal.com\/magaza\/urun\/pr-771-tekerlekli-katlanir-komot\/#primaryimage","url":"https:\/\/integramedikal.com\/magaza\/wp-content\/uploads\/2025\/06\/fgd5j5.jpg","contentUrl":"https:\/\/integramedikal.com\/magaza\/wp-content\/uploads\/2025\/06\/fgd5j5.jpg","width":900,"height":900},{"@type":"BreadcrumbList","@id":"https:\/\/integramedikal.com\/magaza\/urun\/pr-771-tekerlekli-katlanir-komot\/#breadcrumb","itemListElement":[{"@type":"ListItem","position":1,"name":"Anasayfa","item":"https:\/\/integramedikal.com\/magaza\/anasayfa\/"},{"@type":"ListItem","position":2,"name":"Shop","item":"https:\/\/integramedikal.com\/magaza\/shop\/"},{"@type":"ListItem","position":3,"name":"PR-771 Tekerlekli Katlan\u0131r Komot"}]},{"@type":"WebSite","@id":"https:\/\/integramedikal.com\/magaza\/#website","url":"https:\/\/integramedikal.com\/magaza\/","name":"\u0130ntegra Medikal < | | >Ma\u011faza","description":"Sa\u011fl\u0131kta Kalite | Sekt\u00f6rde 25. Y\u0131l","publisher":{"@id":"https:\/\/integramedikal.com\/magaza\/#organization"},"potentialAction":[{"@type":"SearchAction","target":{"@type":"EntryPoint","urlTemplate":"https:\/\/integramedikal.com\/magaza\/?s={search_term_string}"},"query-input":{"@type":"PropertyValueSpecification","valueRequired":true,"valueName":"search_term_string"}}],"inLanguage":"tr"},{"@type":"Organization","@id":"https:\/\/integramedikal.com\/magaza\/#organization","name":"\u0130ntegra Medikal < | | >Ma\u011faza","url":"https:\/\/integramedikal.com\/magaza\/","logo":{"@type":"ImageObject","inLanguage":"tr","@id":"https:\/\/integramedikal.com\/magaza\/#\/schema\/logo\/image\/","url":"https:\/\/integramedikal.com\/magaza\/wp-content\/uploads\/2025\/06\/integra-logo-1.png","contentUrl":"https:\/\/integramedikal.com\/magaza\/wp-content\/uploads\/2025\/06\/integra-logo-1.png","width":340,"height":156,"caption":"\u0130ntegra Medikal < | | >Ma\u011faza"},"image":{"@id":"https:\/\/integramedikal.com\/magaza\/#\/schema\/logo\/image\/"},"sameAs":["https:\/\/www.facebook.com\/integramedikal1","https:\/\/x.com\/integramedikal","https:\/\/www.instagram.com\/integramedikal\/","https:\/\/www.youtube.com\/user\/integramedikal"]}]}},"_links":{"self":[{"href":"https:\/\/integramedikal.com\/magaza\/wp-json\/wp\/v2\/product\/1696","targetHints":{"allow":["GET"]}}],"collection":[{"href":"https:\/\/integramedikal.com\/magaza\/wp-json\/wp\/v2\/product"}],"about":[{"href":"https:\/\/integramedikal.com\/magaza\/wp-json\/wp\/v2\/types\/product"}],"replies":[{"embeddable":true,"href":"https:\/\/integramedikal.com\/magaza\/wp-json\/wp\/v2\/comments?post=1696"}],"wp:featuredmedia":[{"embeddable":true,"href":"https:\/\/integramedikal.com\/magaza\/wp-json\/wp\/v2\/media\/1706"}],"wp:attachment":[{"href":"https:\/\/integramedikal.com\/magaza\/wp-json\/wp\/v2\/media?parent=1696"}],"wp:term":[{"taxonomy":"product_brand","embeddable":true,"href":"https:\/\/integramedikal.com\/magaza\/wp-json\/wp\/v2\/product_brand?post=1696"},{"taxonomy":"product_cat","embeddable":true,"href":"https:\/\/integramedikal.com\/magaza\/wp-json\/wp\/v2\/product_cat?post=1696"},{"taxonomy":"product_tag","embeddable":true,"href":"https:\/\/integramedikal.com\/magaza\/wp-json\/wp\/v2\/product_tag?post=1696"}],"curies":[{"name":"wp","href":"https:\/\/api.w.org\/{rel}","templated":true}]}}