{"id":1695,"date":"2025-06-02T23:31:53","date_gmt":"2025-06-02T20:31:53","guid":{"rendered":"https:\/\/integramedikal.com\/magaza\/?post_type=product&#038;p=1695"},"modified":"2026-04-01T11:05:21","modified_gmt":"2026-04-01T08:05:21","slug":"pr-491-aluminyum-walker-merdiven-tipi","status":"publish","type":"product","link":"https:\/\/integramedikal.com\/magaza\/urun\/pr-491-aluminyum-walker-merdiven-tipi\/","title":{"rendered":"PR-491 Al\u00fcminyum Walker (Merdiven Tipi)"},"content":{"rendered":"<div>Hastalar\u0131n ve engelli ya\u015fl\u0131lar\u0131n farkl\u0131 gereksinimlerini kar\u015f\u0131lamak i\u00e7in titizlikle tasarlanm\u0131\u015f merdiven tipi yard\u0131mc\u0131 bir cihaz olan PR-491 Al\u00fcminyum Y\u00fcr\u00fcte\u00e7 ile tan\u0131\u015f\u0131n. Bu y\u00fcr\u00fcte\u00e7, hareketlili\u011fi geli\u015ftirme ve g\u00fcnl\u00fck aktivitelerde ba\u011f\u0131ms\u0131zl\u0131\u011f\u0131 te\u015fvik etme taahh\u00fcd\u00fcn\u00fcn bir kan\u0131t\u0131d\u0131r. \u00d6zellikle engelli toplulu\u011funa \u00f6zel ara\u00e7 ve ekipman konusunda uzmanla\u015fm\u0131\u015f \u015firketler i\u00e7in B2B teklifleri aras\u0131nda temel bir \u00fcr\u00fcnd\u00fcr.<\/div>\n<div><\/div>\n<div>PR-491 Walker, pazara sadece ba\u015fka bir eklenti de\u011fil; Dayan\u0131kl\u0131l\u0131k ve d\u00fc\u015f\u00fcnceli tasar\u0131m\u0131n bir kar\u0131\u015f\u0131m\u0131n\u0131 temsil eder. Bir B2B al\u0131c\u0131s\u0131 veya sat\u0131c\u0131s\u0131 olarak, g\u00fcvenilirlik sunan \u00fcr\u00fcnleri se\u00e7mek \u00e7ok \u00f6nemlidir. Bu Walker, b\u00f6ylesine kritik bir ihtiyac\u0131 kar\u015f\u0131larken ayn\u0131 zamanda ekonomik olarak da uygulanabilir ve kaliteden \u00f6d\u00fcn vermeden m\u00fc\u015fterilerinize de\u011fer sunabilmenizi sa\u011flar.<\/div>\n<div><\/div>\n<div><b>Ola\u011fan\u00fcst\u00fc Dayan\u0131kl\u0131l\u0131k ve Garanti<\/b><\/div>\n<div><b><br \/><\/b><\/div>\n<div>PR-491 Al\u00fcminyum Y\u00fcr\u00fcte\u00e7, sa\u011flam bir g\u00f6vde yap\u0131s\u0131 ile \u00fcretilmi\u015f olup, d\u00fczenli ve yo\u011fun kullan\u0131mda bile uzun \u00f6m\u00fcrl\u00fc hizmet sa\u011flar. G\u00fcnl\u00fck a\u015f\u0131nma ve y\u0131pranmaya dayanacak \u015fekilde tasarlanm\u0131\u015ft\u0131r ve kullan\u0131c\u0131lara iyi yap\u0131land\u0131r\u0131lm\u0131\u015f bir deste\u011fin g\u00fcvenli\u011fini sa\u011flar. \u00dcr\u00fcn g\u00fcvenilirli\u011finin \u00f6neminin fark\u0131nda olan bu y\u00fcr\u00fcte\u00e7, 2 y\u0131ll\u0131k bir garantiyi destekleyerek m\u00fc\u015fterilerinize aktarabilece\u011finiz bir kalite g\u00fcvencesi ve dayan\u0131kl\u0131l\u0131k vaadi sa\u011flar.<\/div>\n<div><\/div>\n<div>Bu y\u00fcr\u00fcte\u00e7, kullan\u0131c\u0131lar\u0131 yaln\u0131zca fiziksel olarak desteklemekle kalmaz, ayn\u0131 zamanda hem kullan\u0131c\u0131 hem de tedarik\u00e7i i\u00e7in g\u00f6n\u00fcl rahatl\u0131\u011f\u0131 sa\u011flar. Sa\u011flam yap\u0131, s\u0131k de\u011fi\u015ftirme ihtiyac\u0131n\u0131 en aza indirerek, bunu uzun vadeli m\u00fc\u015fteri memnuniyetine ve sat\u0131\u015f sonras\u0131 hizmet komplikasyonlar\u0131n\u0131 azaltmaya odaklanan i\u015fletmeler i\u00e7in uygun maliyetli bir \u00e7\u00f6z\u00fcm haline getirir.<\/div>\n<div><\/div>\n<div><b>Kullan\u0131c\u0131 Odakl\u0131 Tasar\u0131m ve H\u0131zl\u0131 Sevkiyat<\/b><\/div>\n<div><b><br \/><\/b><\/div>\n<div>Kullan\u0131c\u0131 dostu olmas\u0131, PR-491 Walker&#8217;\u0131n tasar\u0131m\u0131n\u0131n merkezinde yer al\u0131r. Merdiven benzeri \u00e7er\u00e7evesi, dengeden \u00f6d\u00fcn vermeden hareket kolayl\u0131\u011f\u0131 sunarak geni\u015f destek sa\u011flar. Bu, sezgisel tasar\u0131m\u0131 ve rahatl\u0131\u011f\u0131 nedeniyle kullan\u0131c\u0131lar taraf\u0131ndan \u00f6nerilen bir \u00fcr\u00fcnd\u00fcr. Bu y\u00fcr\u00fcteci se\u00e7erek, m\u00fc\u015fterilerinize mobilite yolculuklar\u0131nda sadece bir yard\u0131m sa\u011flamakla kalmaz, ayn\u0131 zamanda bir refakat\u00e7i de sa\u011flars\u0131n\u0131z. Bir \u00fcr\u00fcnden daha fazlas\u0131n\u0131 temsil eder; Ba\u011f\u0131ms\u0131zl\u0131k ve geli\u015fmi\u015f ya\u015fam kalitesi sunan bir ara\u00e7t\u0131r.<\/div>\n<div><\/div>\n<div>M\u00fc\u015fterilerinizin talep ve beklentilerine ayak uydurabilmenizi sa\u011flamak i\u00e7in, \u00fcr\u00fcnlerin h\u0131zl\u0131 ve verimli bir \u015fekilde teslim edilmesinin \u00f6nemini anl\u0131yoruz. PR-491 Al\u00fcminyum Y\u00fcr\u00fcte\u00e7, h\u0131zl\u0131 sevkiyat vaadiyle birlikte gelir ve istikrarl\u0131 bir tedarik zinciri ve kesintisiz kullan\u0131labilirlik sa\u011flaman\u0131za olanak tan\u0131r. Siz ve m\u00fc\u015fterileriniz bu lojistik avantajdan yararlanacaks\u0131n\u0131z, bu da bunu verimlili\u011fe ve m\u00fc\u015fteri memnuniyetine de\u011fer veren herhangi bir B2B al\u0131c\u0131s\u0131 veya \u015firketi i\u00e7in pratik bir se\u00e7im haline getirecek.<\/div>\n<div><\/div>\n<p><div  id=\"btn_klavuz\"  class='avia-button-wrap av-av_button-96fac7ac6b1368e9303273bc3cdbb53d-wrap avia-button-left  avia-builder-el-0  el_before_av_button  avia-builder-el-first '><a href='https:\/\/www.integramedikal.com\/magaza\/upload\/kilavuz\/96-pr-491-aluminyum-walker-merdiven-tipi.pdf'  class='avia-button av-av_button-96fac7ac6b1368e9303273bc3cdbb53d av-link-btn avia-icon_select-yes-left-icon avia-size-medium avia-position-left avia-color-theme-color-highlight'  target=\"_blank\"  rel=\"noopener noreferrer\"  aria-label=\"Kullan\u0131m K\u0131lavuzu\"><span class='avia_button_icon avia_button_icon_left avia-svg-icon avia-font-svg_entypo-fontello' data-av_svg_icon='book-open' data-av_iconset='svg_entypo-fontello'><svg version=\"1.1\" xmlns=\"http:\/\/www.w3.org\/2000\/svg\" width=\"29\" height=\"32\" viewBox=\"0 0 29 32\" preserveAspectRatio=\"xMidYMid meet\" aria-labelledby='av-svg-title-1' aria-describedby='av-svg-desc-1' role=\"graphics-symbol\">\n<title id='av-svg-title-1'>Book-open<\/title>\n<desc id='av-svg-desc-1'>Book-open<\/desc>\n<path d=\"M10.88 19.584v2.176l-6.4-2.56v-2.176zM10.88 12.928v2.176l-6.4-2.56v-2.176zM28.096 1.856q0.704 0.384 0.704 1.344v20.48q0 1.088-1.024 1.472l-12.736 5.12q-0.256 0.064-0.32 0.064t-0.16 0.032-0.16 0.032-0.16-0.032-0.16-0.032l-0.32-0.064-12.736-5.12q-1.024-0.384-1.024-1.472v-20.48q0-0.96 0.704-1.344 0.704-0.512 1.472-0.192l12.224 4.928 12.224-4.928q0.768-0.32 1.472 0.192zM12.8 27.072v-17.92l-10.24-4.096v17.92zM26.24 22.976v-17.92l-10.24 4.096v17.92zM24.32 17.024v2.176l-6.4 2.56v-2.176zM24.32 10.368v2.176l-6.4 2.56v-2.176z\"><\/path>\n<\/svg><\/span><span class='avia_iconbox_title' >Kullan\u0131m K\u0131lavuzu<\/span><\/a><\/div> <div  id=\"btn_teknikbilgi\"  class='avia-button-wrap av-av_button-e069d87ec5d6298b9b6c476e2dc5aa4e-wrap avia-button-left  avia-builder-el-1  el_after_av_button  avia-builder-el-last '><a href='javascript:void(0);'  class='avia-button av-av_button-e069d87ec5d6298b9b6c476e2dc5aa4e av-link-btn avia-icon_select-yes-left-icon avia-size-medium avia-position-left avia-color-theme-color-highlight'   aria-label=\"Teknik Bilgi\"><span class='avia_button_icon avia_button_icon_left avia-svg-icon avia-font-svg_entypo-fontello' data-av_svg_icon='cog' data-av_iconset='svg_entypo-fontello'><svg version=\"1.1\" xmlns=\"http:\/\/www.w3.org\/2000\/svg\" width=\"27\" height=\"32\" viewBox=\"0 0 27 32\" preserveAspectRatio=\"xMidYMid meet\" aria-labelledby='av-svg-title-2' aria-describedby='av-svg-desc-2' role=\"graphics-symbol\">\n<title id='av-svg-title-2'>Cog<\/title>\n<desc id='av-svg-desc-2'>Cog<\/desc>\n<path d=\"M24.32 16q0 2.304 2.56 3.904-0.384 1.28-1.088 2.624-2.24-0.576-4.352 1.408-1.728 1.856-1.088 4.352-1.28 0.64-2.688 1.152-1.472-2.624-4.224-2.624t-4.224 2.624q-1.408-0.512-2.688-1.152 0.64-2.56-1.088-4.352-1.728-1.728-4.352-1.088-0.448-0.832-1.088-2.624 2.624-1.664 2.624-4.224 0-2.304-2.624-3.968 0.64-1.792 1.088-2.624 2.368 0.576 4.352-1.408 1.728-1.792 1.088-4.352 1.344-0.704 2.688-1.088 1.472 2.56 4.224 2.56t4.224-2.56q1.344 0.384 2.688 1.088-0.64 2.496 1.088 4.352 2.112 1.984 4.352 1.408 0.704 1.344 1.088 2.624-2.56 1.6-2.56 3.968zM13.44 21.824q2.432 0 4.128-1.696t1.696-4.128-1.696-4.16-4.128-1.728-4.128 1.728-1.696 4.16 1.696 4.128 4.128 1.696z\"><\/path>\n<\/svg><\/span><span class='avia_iconbox_title' >Teknik Bilgi<\/span><\/a><\/div><\/p>\n","protected":false},"excerpt":{"rendered":"<p>Hastalar\u0131n ve engelli ya\u015fl\u0131lar\u0131n farkl\u0131 gereksinimlerini kar\u015f\u0131lamak i\u00e7in titizlikle tasarlanm\u0131\u015f merdiven tipi yard\u0131mc\u0131 bir cihaz olan PR-491 Al\u00fcminyum Y\u00fcr\u00fcte\u00e7 ile tan\u0131\u015f\u0131n. Bu y\u00fcr\u00fcte\u00e7, hareketlili\u011fi geli\u015ftirme ve g\u00fcnl\u00fck aktivitelerde ba\u011f\u0131ms\u0131zl\u0131\u011f\u0131 te\u015fvik etme taahh\u00fcd\u00fcn\u00fcn bir kan\u0131t\u0131d\u0131r. \u00d6zellikle engelli toplulu\u011funa \u00f6zel ara\u00e7 ve ekipman konusunda uzmanla\u015fm\u0131\u015f \u015firketler i\u00e7in B2B teklifleri aras\u0131nda temel bir \u00fcr\u00fcnd\u00fcr. PR-491 Walker, pazara sadece [&hellip;]<\/p>\n","protected":false},"featured_media":1705,"comment_status":"open","ping_status":"closed","template":"","meta":[],"product_brand":[],"product_cat":[600],"product_tag":[],"class_list":{"0":"post-1695","1":"product","2":"type-product","3":"status-publish","4":"has-post-thumbnail","6":"product_cat-yurume-gruplari","8":"first","9":"instock","10":"sale","11":"taxable","12":"shipping-taxable","13":"purchasable","14":"product-type-simple"},"yoast_head":"<!-- This site is optimized with the Yoast SEO plugin v27.4 - https:\/\/yoast.com\/product\/yoast-seo-wordpress\/ -->\n<title>PR-491 Al\u00fcminyum Walker (Merdiven Tipi) - \u0130ntegra Medikal | | Ma\u011faza<\/title>\n<meta name=\"robots\" content=\"index, follow, max-snippet:-1, max-image-preview:large, max-video-preview:-1\" \/>\n<link rel=\"canonical\" href=\"https:\/\/integramedikal.com\/magaza\/urun\/pr-491-aluminyum-walker-merdiven-tipi\/\" \/>\n<meta property=\"og:locale\" content=\"tr_TR\" \/>\n<meta property=\"og:type\" content=\"article\" \/>\n<meta property=\"og:title\" content=\"PR-491 Al\u00fcminyum Walker (Merdiven Tipi) - \u0130ntegra Medikal | | Ma\u011faza\" \/>\n<meta property=\"og:description\" content=\"Hastalar\u0131n ve engelli ya\u015fl\u0131lar\u0131n farkl\u0131 gereksinimlerini kar\u015f\u0131lamak i\u00e7in titizlikle tasarlanm\u0131\u015f merdiven tipi yard\u0131mc\u0131 bir cihaz olan PR-491 Al\u00fcminyum Y\u00fcr\u00fcte\u00e7 ile tan\u0131\u015f\u0131n. Bu y\u00fcr\u00fcte\u00e7, hareketlili\u011fi geli\u015ftirme ve g\u00fcnl\u00fck aktivitelerde ba\u011f\u0131ms\u0131zl\u0131\u011f\u0131 te\u015fvik etme taahh\u00fcd\u00fcn\u00fcn bir kan\u0131t\u0131d\u0131r. \u00d6zellikle engelli toplulu\u011funa \u00f6zel ara\u00e7 ve ekipman konusunda uzmanla\u015fm\u0131\u015f \u015firketler i\u00e7in B2B teklifleri aras\u0131nda temel bir \u00fcr\u00fcnd\u00fcr. PR-491 Walker, pazara sadece [&hellip;]\" \/>\n<meta property=\"og:url\" content=\"https:\/\/integramedikal.com\/magaza\/urun\/pr-491-aluminyum-walker-merdiven-tipi\/\" \/>\n<meta property=\"og:site_name\" content=\"\u0130ntegra Medikal | | Ma\u011faza\" \/>\n<meta property=\"article:publisher\" content=\"https:\/\/www.facebook.com\/integramedikal1\" \/>\n<meta property=\"article:modified_time\" content=\"2026-04-01T08:05:21+00:00\" \/>\n<meta property=\"og:image\" content=\"https:\/\/integramedikal.com\/magaza\/wp-content\/uploads\/2025\/06\/PR-491-1.jpg\" \/>\n\t<meta property=\"og:image:width\" content=\"900\" \/>\n\t<meta property=\"og:image:height\" content=\"900\" \/>\n\t<meta property=\"og:image:type\" content=\"image\/jpeg\" \/>\n<meta name=\"twitter:card\" content=\"summary_large_image\" \/>\n<meta name=\"twitter:site\" content=\"@integramedikal\" \/>\n<meta name=\"twitter:label1\" content=\"Tahmini okuma s\u00fcresi\" \/>\n\t<meta name=\"twitter:data1\" content=\"3 dakika\" \/>\n<script type=\"application\/ld+json\" class=\"yoast-schema-graph\">{\"@context\":\"https:\\\/\\\/schema.org\",\"@graph\":[{\"@type\":\"WebPage\",\"@id\":\"https:\\\/\\\/integramedikal.com\\\/magaza\\\/urun\\\/pr-491-aluminyum-walker-merdiven-tipi\\\/\",\"url\":\"https:\\\/\\\/integramedikal.com\\\/magaza\\\/urun\\\/pr-491-aluminyum-walker-merdiven-tipi\\\/\",\"name\":\"PR-491 Al\u00fcminyum Walker (Merdiven Tipi) - \u0130ntegra Medikal | | Ma\u011faza\",\"isPartOf\":{\"@id\":\"https:\\\/\\\/integramedikal.com\\\/magaza\\\/#website\"},\"primaryImageOfPage\":{\"@id\":\"https:\\\/\\\/integramedikal.com\\\/magaza\\\/urun\\\/pr-491-aluminyum-walker-merdiven-tipi\\\/#primaryimage\"},\"image\":{\"@id\":\"https:\\\/\\\/integramedikal.com\\\/magaza\\\/urun\\\/pr-491-aluminyum-walker-merdiven-tipi\\\/#primaryimage\"},\"thumbnailUrl\":\"https:\\\/\\\/integramedikal.com\\\/magaza\\\/wp-content\\\/uploads\\\/2025\\\/06\\\/PR-491-1.jpg\",\"datePublished\":\"2025-06-02T20:31:53+00:00\",\"dateModified\":\"2026-04-01T08:05:21+00:00\",\"breadcrumb\":{\"@id\":\"https:\\\/\\\/integramedikal.com\\\/magaza\\\/urun\\\/pr-491-aluminyum-walker-merdiven-tipi\\\/#breadcrumb\"},\"inLanguage\":\"tr\",\"potentialAction\":[{\"@type\":\"ReadAction\",\"target\":[\"https:\\\/\\\/integramedikal.com\\\/magaza\\\/urun\\\/pr-491-aluminyum-walker-merdiven-tipi\\\/\"]}]},{\"@type\":\"ImageObject\",\"inLanguage\":\"tr\",\"@id\":\"https:\\\/\\\/integramedikal.com\\\/magaza\\\/urun\\\/pr-491-aluminyum-walker-merdiven-tipi\\\/#primaryimage\",\"url\":\"https:\\\/\\\/integramedikal.com\\\/magaza\\\/wp-content\\\/uploads\\\/2025\\\/06\\\/PR-491-1.jpg\",\"contentUrl\":\"https:\\\/\\\/integramedikal.com\\\/magaza\\\/wp-content\\\/uploads\\\/2025\\\/06\\\/PR-491-1.jpg\",\"width\":900,\"height\":900},{\"@type\":\"BreadcrumbList\",\"@id\":\"https:\\\/\\\/integramedikal.com\\\/magaza\\\/urun\\\/pr-491-aluminyum-walker-merdiven-tipi\\\/#breadcrumb\",\"itemListElement\":[{\"@type\":\"ListItem\",\"position\":1,\"name\":\"Anasayfa\",\"item\":\"https:\\\/\\\/integramedikal.com\\\/magaza\\\/anasayfa\\\/\"},{\"@type\":\"ListItem\",\"position\":2,\"name\":\"Shop\",\"item\":\"https:\\\/\\\/integramedikal.com\\\/magaza\\\/shop\\\/\"},{\"@type\":\"ListItem\",\"position\":3,\"name\":\"PR-491 Al\u00fcminyum Walker (Merdiven Tipi)\"}]},{\"@type\":\"WebSite\",\"@id\":\"https:\\\/\\\/integramedikal.com\\\/magaza\\\/#website\",\"url\":\"https:\\\/\\\/integramedikal.com\\\/magaza\\\/\",\"name\":\"\u0130ntegra Medikal < | | >Ma\u011faza\",\"description\":\"Sa\u011fl\u0131kta Kalite | Sekt\u00f6rde 25. Y\u0131l\",\"publisher\":{\"@id\":\"https:\\\/\\\/integramedikal.com\\\/magaza\\\/#organization\"},\"potentialAction\":[{\"@type\":\"SearchAction\",\"target\":{\"@type\":\"EntryPoint\",\"urlTemplate\":\"https:\\\/\\\/integramedikal.com\\\/magaza\\\/?s={search_term_string}\"},\"query-input\":{\"@type\":\"PropertyValueSpecification\",\"valueRequired\":true,\"valueName\":\"search_term_string\"}}],\"inLanguage\":\"tr\"},{\"@type\":\"Organization\",\"@id\":\"https:\\\/\\\/integramedikal.com\\\/magaza\\\/#organization\",\"name\":\"\u0130ntegra Medikal < | | >Ma\u011faza\",\"url\":\"https:\\\/\\\/integramedikal.com\\\/magaza\\\/\",\"logo\":{\"@type\":\"ImageObject\",\"inLanguage\":\"tr\",\"@id\":\"https:\\\/\\\/integramedikal.com\\\/magaza\\\/#\\\/schema\\\/logo\\\/image\\\/\",\"url\":\"https:\\\/\\\/integramedikal.com\\\/magaza\\\/wp-content\\\/uploads\\\/2025\\\/06\\\/integra-logo-1.png\",\"contentUrl\":\"https:\\\/\\\/integramedikal.com\\\/magaza\\\/wp-content\\\/uploads\\\/2025\\\/06\\\/integra-logo-1.png\",\"width\":340,\"height\":156,\"caption\":\"\u0130ntegra Medikal < | | >Ma\u011faza\"},\"image\":{\"@id\":\"https:\\\/\\\/integramedikal.com\\\/magaza\\\/#\\\/schema\\\/logo\\\/image\\\/\"},\"sameAs\":[\"https:\\\/\\\/www.facebook.com\\\/integramedikal1\",\"https:\\\/\\\/x.com\\\/integramedikal\",\"https:\\\/\\\/www.instagram.com\\\/integramedikal\\\/\",\"https:\\\/\\\/www.youtube.com\\\/user\\\/integramedikal\"]}]}<\/script>\n<!-- \/ Yoast SEO plugin. -->","yoast_head_json":{"title":"PR-491 Al\u00fcminyum Walker (Merdiven Tipi) - \u0130ntegra Medikal | | Ma\u011faza","robots":{"index":"index","follow":"follow","max-snippet":"max-snippet:-1","max-image-preview":"max-image-preview:large","max-video-preview":"max-video-preview:-1"},"canonical":"https:\/\/integramedikal.com\/magaza\/urun\/pr-491-aluminyum-walker-merdiven-tipi\/","og_locale":"tr_TR","og_type":"article","og_title":"PR-491 Al\u00fcminyum Walker (Merdiven Tipi) - \u0130ntegra Medikal | | Ma\u011faza","og_description":"Hastalar\u0131n ve engelli ya\u015fl\u0131lar\u0131n farkl\u0131 gereksinimlerini kar\u015f\u0131lamak i\u00e7in titizlikle tasarlanm\u0131\u015f merdiven tipi yard\u0131mc\u0131 bir cihaz olan PR-491 Al\u00fcminyum Y\u00fcr\u00fcte\u00e7 ile tan\u0131\u015f\u0131n. Bu y\u00fcr\u00fcte\u00e7, hareketlili\u011fi geli\u015ftirme ve g\u00fcnl\u00fck aktivitelerde ba\u011f\u0131ms\u0131zl\u0131\u011f\u0131 te\u015fvik etme taahh\u00fcd\u00fcn\u00fcn bir kan\u0131t\u0131d\u0131r. \u00d6zellikle engelli toplulu\u011funa \u00f6zel ara\u00e7 ve ekipman konusunda uzmanla\u015fm\u0131\u015f \u015firketler i\u00e7in B2B teklifleri aras\u0131nda temel bir \u00fcr\u00fcnd\u00fcr. PR-491 Walker, pazara sadece [&hellip;]","og_url":"https:\/\/integramedikal.com\/magaza\/urun\/pr-491-aluminyum-walker-merdiven-tipi\/","og_site_name":"\u0130ntegra Medikal | | Ma\u011faza","article_publisher":"https:\/\/www.facebook.com\/integramedikal1","article_modified_time":"2026-04-01T08:05:21+00:00","og_image":[{"width":900,"height":900,"url":"https:\/\/integramedikal.com\/magaza\/wp-content\/uploads\/2025\/06\/PR-491-1.jpg","type":"image\/jpeg"}],"twitter_card":"summary_large_image","twitter_site":"@integramedikal","twitter_misc":{"Tahmini okuma s\u00fcresi":"3 dakika"},"schema":{"@context":"https:\/\/schema.org","@graph":[{"@type":"WebPage","@id":"https:\/\/integramedikal.com\/magaza\/urun\/pr-491-aluminyum-walker-merdiven-tipi\/","url":"https:\/\/integramedikal.com\/magaza\/urun\/pr-491-aluminyum-walker-merdiven-tipi\/","name":"PR-491 Al\u00fcminyum Walker (Merdiven Tipi) - \u0130ntegra Medikal | | Ma\u011faza","isPartOf":{"@id":"https:\/\/integramedikal.com\/magaza\/#website"},"primaryImageOfPage":{"@id":"https:\/\/integramedikal.com\/magaza\/urun\/pr-491-aluminyum-walker-merdiven-tipi\/#primaryimage"},"image":{"@id":"https:\/\/integramedikal.com\/magaza\/urun\/pr-491-aluminyum-walker-merdiven-tipi\/#primaryimage"},"thumbnailUrl":"https:\/\/integramedikal.com\/magaza\/wp-content\/uploads\/2025\/06\/PR-491-1.jpg","datePublished":"2025-06-02T20:31:53+00:00","dateModified":"2026-04-01T08:05:21+00:00","breadcrumb":{"@id":"https:\/\/integramedikal.com\/magaza\/urun\/pr-491-aluminyum-walker-merdiven-tipi\/#breadcrumb"},"inLanguage":"tr","potentialAction":[{"@type":"ReadAction","target":["https:\/\/integramedikal.com\/magaza\/urun\/pr-491-aluminyum-walker-merdiven-tipi\/"]}]},{"@type":"ImageObject","inLanguage":"tr","@id":"https:\/\/integramedikal.com\/magaza\/urun\/pr-491-aluminyum-walker-merdiven-tipi\/#primaryimage","url":"https:\/\/integramedikal.com\/magaza\/wp-content\/uploads\/2025\/06\/PR-491-1.jpg","contentUrl":"https:\/\/integramedikal.com\/magaza\/wp-content\/uploads\/2025\/06\/PR-491-1.jpg","width":900,"height":900},{"@type":"BreadcrumbList","@id":"https:\/\/integramedikal.com\/magaza\/urun\/pr-491-aluminyum-walker-merdiven-tipi\/#breadcrumb","itemListElement":[{"@type":"ListItem","position":1,"name":"Anasayfa","item":"https:\/\/integramedikal.com\/magaza\/anasayfa\/"},{"@type":"ListItem","position":2,"name":"Shop","item":"https:\/\/integramedikal.com\/magaza\/shop\/"},{"@type":"ListItem","position":3,"name":"PR-491 Al\u00fcminyum Walker (Merdiven Tipi)"}]},{"@type":"WebSite","@id":"https:\/\/integramedikal.com\/magaza\/#website","url":"https:\/\/integramedikal.com\/magaza\/","name":"\u0130ntegra Medikal < | | >Ma\u011faza","description":"Sa\u011fl\u0131kta Kalite | Sekt\u00f6rde 25. Y\u0131l","publisher":{"@id":"https:\/\/integramedikal.com\/magaza\/#organization"},"potentialAction":[{"@type":"SearchAction","target":{"@type":"EntryPoint","urlTemplate":"https:\/\/integramedikal.com\/magaza\/?s={search_term_string}"},"query-input":{"@type":"PropertyValueSpecification","valueRequired":true,"valueName":"search_term_string"}}],"inLanguage":"tr"},{"@type":"Organization","@id":"https:\/\/integramedikal.com\/magaza\/#organization","name":"\u0130ntegra Medikal < | | >Ma\u011faza","url":"https:\/\/integramedikal.com\/magaza\/","logo":{"@type":"ImageObject","inLanguage":"tr","@id":"https:\/\/integramedikal.com\/magaza\/#\/schema\/logo\/image\/","url":"https:\/\/integramedikal.com\/magaza\/wp-content\/uploads\/2025\/06\/integra-logo-1.png","contentUrl":"https:\/\/integramedikal.com\/magaza\/wp-content\/uploads\/2025\/06\/integra-logo-1.png","width":340,"height":156,"caption":"\u0130ntegra Medikal < | | >Ma\u011faza"},"image":{"@id":"https:\/\/integramedikal.com\/magaza\/#\/schema\/logo\/image\/"},"sameAs":["https:\/\/www.facebook.com\/integramedikal1","https:\/\/x.com\/integramedikal","https:\/\/www.instagram.com\/integramedikal\/","https:\/\/www.youtube.com\/user\/integramedikal"]}]}},"_links":{"self":[{"href":"https:\/\/integramedikal.com\/magaza\/wp-json\/wp\/v2\/product\/1695","targetHints":{"allow":["GET"]}}],"collection":[{"href":"https:\/\/integramedikal.com\/magaza\/wp-json\/wp\/v2\/product"}],"about":[{"href":"https:\/\/integramedikal.com\/magaza\/wp-json\/wp\/v2\/types\/product"}],"replies":[{"embeddable":true,"href":"https:\/\/integramedikal.com\/magaza\/wp-json\/wp\/v2\/comments?post=1695"}],"wp:featuredmedia":[{"embeddable":true,"href":"https:\/\/integramedikal.com\/magaza\/wp-json\/wp\/v2\/media\/1705"}],"wp:attachment":[{"href":"https:\/\/integramedikal.com\/magaza\/wp-json\/wp\/v2\/media?parent=1695"}],"wp:term":[{"taxonomy":"product_brand","embeddable":true,"href":"https:\/\/integramedikal.com\/magaza\/wp-json\/wp\/v2\/product_brand?post=1695"},{"taxonomy":"product_cat","embeddable":true,"href":"https:\/\/integramedikal.com\/magaza\/wp-json\/wp\/v2\/product_cat?post=1695"},{"taxonomy":"product_tag","embeddable":true,"href":"https:\/\/integramedikal.com\/magaza\/wp-json\/wp\/v2\/product_tag?post=1695"}],"curies":[{"name":"wp","href":"https:\/\/api.w.org\/{rel}","templated":true}]}}