{"id":1694,"date":"2025-06-02T23:31:52","date_gmt":"2025-06-02T20:31:52","guid":{"rendered":"https:\/\/integramedikal.com\/magaza\/?post_type=product&#038;p=1694"},"modified":"2026-04-01T11:07:24","modified_gmt":"2026-04-01T08:07:24","slug":"pr-449-aluminyum-oturakli-walker","status":"publish","type":"product","link":"https:\/\/integramedikal.com\/magaza\/urun\/pr-449-aluminyum-oturakli-walker\/","title":{"rendered":"PR-449 Al\u00fcminyum Oturakl\u0131 Walker"},"content":{"rendered":"<div>Mobilite yard\u0131m pazar\u0131na devrim niteli\u011finde bir katk\u0131 sa\u011flayan PR-449 Al\u00fcminyum Koltuk Y\u00fcr\u00fcte\u00e7, B2B sekt\u00f6r\u00fcn\u00fcn ve engellilere hizmet veren kurumlar\u0131n zorlu taleplerini kar\u015f\u0131lamak i\u00e7in \u00f6zel olarak tasarlanm\u0131\u015ft\u0131r. Sa\u011flam g\u00f6vde yap\u0131s\u0131 ve dikkate de\u011fer ekonomik fiyatland\u0131rmas\u0131 ile bu ya\u015fl\u0131 y\u00fcr\u00fcte\u00e7, m\u00fc\u015fterilerine \u00fcst d\u00fczey yard\u0131m sa\u011flamak isteyen herhangi bir i\u015fletme i\u00e7in bir mihenk ta\u015f\u0131 olarak duruyor. Hasta bak\u0131m\u0131 i\u00e7in \u00f6nemli bir par\u00e7a olan PR-449, kullan\u0131c\u0131lar i\u00e7in stabilite ve destek sa\u011flayarak g\u00fcnl\u00fck hareketliliklerini ve ba\u011f\u0131ms\u0131zl\u0131klar\u0131n\u0131 art\u0131r\u0131r.<\/div>\n<div><\/div>\n<div>G\u00fcvenilirli\u011fi ve rahatl\u0131\u011f\u0131 nedeniyle kullan\u0131c\u0131lar taraf\u0131ndan \u00f6nerilen engelli y\u00fcr\u00fcte\u00e7, \u00fcreticinin kaliteye olan ba\u011fl\u0131l\u0131\u011f\u0131n\u0131n bir kan\u0131t\u0131d\u0131r. Kullan\u0131\u015fl\u0131 oturma yeri \u00f6zelli\u011fi ile y\u00fcr\u00fcte\u00e7, uzun s\u00fcreli aktivitelerde kullan\u0131c\u0131lar i\u00e7in bir dinlenme noktas\u0131 sunarak, ya\u015fl\u0131 ve hareket kabiliyeti k\u0131s\u0131tl\u0131 bireyler i\u00e7in vazge\u00e7ilmez bir ara\u00e7 oldu\u011funu kan\u0131tl\u0131yor. Sadece sa\u011flam tasar\u0131m\u0131yla de\u011fil, ayn\u0131 zamanda sundu\u011fu de\u011ferle de tan\u0131nan PR-449 Al\u00fcminyum Koltuk Y\u00fcr\u00fcte\u00e7, i\u015flevsellik ve dayan\u0131kl\u0131l\u0131\u011fa \u00f6ncelik verenler i\u00e7in ihtiyatl\u0131 bir se\u00e7imdir.<\/div>\n<div><\/div>\n<div><b>E\u015fsiz Dayan\u0131kl\u0131l\u0131k ve Garanti<\/b><\/div>\n<div><b><br \/><\/b><\/div>\n<div>Mobilite yard\u0131mc\u0131lar\u0131nda uzun \u00f6m\u00fcrl\u00fcl\u00fc\u011f\u00fcn \u00f6nemini anlayan PR-449 Al\u00fcminyum Koltuk Y\u00fcr\u00fcte\u00e7imiz, sa\u011flam yap\u0131s\u0131n\u0131 ve uzun vadeli performans\u0131n\u0131 garanti eden 2 Y\u0131l Garanti ile birlikte gelir. Profesyonel ortamlarda s\u00fcrekli kullan\u0131ma dayanacak \u015fekilde tasarlanan bu hasta y\u00fcr\u00fcte\u00e7, \u00fcr\u00fcn yelpazenize dayan\u0131kl\u0131 bir katk\u0131 olaca\u011f\u0131ndan emin olabilirsiniz. Yat\u0131r\u0131m\u0131n\u0131z\u0131n korundu\u011fu bilgisine g\u00fcvenin, hem sizin hem de m\u00fc\u015fterilerinizin y\u00fcr\u00fcte\u00e7 se\u00e7iminde kendilerine g\u00fcvenmelerini sa\u011flay\u0131n.<\/div>\n<div><\/div>\n<div>Y\u00fcr\u00fcte\u00e7in g\u00fc\u00e7l\u00fc g\u00f6vde yap\u0131s\u0131, kullan\u0131c\u0131lar i\u00e7in e\u015fsiz destek ve denge sa\u011flamak i\u00e7in ustal\u0131kla \u00fcretilmi\u015ftir. Sa\u011fl\u0131k profesyonellerinin bekledi\u011fi i\u015flevsellik ve g\u00fcvenlik standartlar\u0131n\u0131 kar\u015f\u0131lamas\u0131n\u0131 sa\u011flamak i\u00e7in yap\u0131s\u0131n\u0131n her detay\u0131 d\u00fc\u015f\u00fcn\u00fclm\u00fc\u015ft\u00fcr. Yap\u0131sal b\u00fct\u00fcnl\u00fc\u011fe g\u00f6sterilen bu \u00f6zen, PR-449&#8217;u kendi kategorisinde lider olarak konumland\u0131r\u0131r ve her bak\u0131m ortam\u0131nda en y\u00fcksek performans\u0131 sunar.<\/div>\n<div><\/div>\n<div><b>Pratiklik ve H\u0131zl\u0131 Sevkiyat<\/b><\/div>\n<div><b><br \/><\/b><\/div>\n<div>T\u00fcketici ihtiya\u00e7lar\u0131n\u0131 verimli bir \u015fekilde kar\u015f\u0131lamak isteyen bir i\u015fletme olarak, PR-449 Al\u00fcminyum Koltuk Y\u00fcr\u00fcte\u00e7&#8217;i kaliteden \u00f6d\u00fcn vermeden ekonomik bir \u00fcr\u00fcn olarak bulacaks\u0131n\u0131z. De\u011fer bilincine sahip ancak se\u00e7ici kurumsal al\u0131c\u0131ya hitap ederek, maliyet etkinli\u011fi ve dayan\u0131kl\u0131 i\u015f\u00e7ilik aras\u0131nda optimum bir denge kurar. Bu y\u00fcr\u00fcte\u00e7, son kullan\u0131c\u0131 d\u00fc\u015f\u00fcn\u00fclerek tasarlanm\u0131\u015ft\u0131r ve de\u011fer ve performans vaadini yerine getirmesini sa\u011flar.<\/div>\n<div><\/div>\n<div>Kullan\u0131c\u0131 onayl\u0131 \u00f6zelliklerini tamamlayan, m\u00fc\u015fterilerinizin taleplerini h\u0131zl\u0131 bir \u015fekilde kar\u015f\u0131laman\u0131z\u0131 sa\u011flayan h\u0131zl\u0131 sevkiyat taahh\u00fcd\u00fcd\u00fcr. B2B alan\u0131nda, \u00f6zellikle engellilere ve ya\u015fl\u0131lara yard\u0131m sa\u011flamak s\u00f6z konusu oldu\u011funda, zaman \u00e7ok \u00f6nemlidir. Bu ihtiyac\u0131n fark\u0131nda olan PR-449, i\u015fletmenizin h\u0131zl\u0131 da\u011f\u0131t\u0131m kanallar\u0131m\u0131z arac\u0131l\u0131\u011f\u0131yla h\u0131zl\u0131 hizmet ve destek sa\u011flayabilmesini sa\u011flamak i\u00e7in haz\u0131rd\u0131r.<\/div>\n<div><\/div>\n<p><div  id=\"btn_klavuz\"  class='avia-button-wrap av-av_button-83c8f7e8cdfd1987f4d0ad24b2565b9e-wrap avia-button-left  avia-builder-el-0  el_before_av_button  avia-builder-el-first '><a href='https:\/\/www.integramedikal.com\/magaza\/upload\/kilavuz\/94-pr-449-aluminyum-oturakli-walker.pdf'  class='avia-button av-av_button-83c8f7e8cdfd1987f4d0ad24b2565b9e av-link-btn avia-icon_select-yes-left-icon avia-size-medium avia-position-left avia-color-theme-color-highlight'  target=\"_blank\"  rel=\"noopener noreferrer\"  aria-label=\"Kullan\u0131m K\u0131lavuzu\"><span class='avia_button_icon avia_button_icon_left avia-svg-icon avia-font-svg_entypo-fontello' data-av_svg_icon='book-open' data-av_iconset='svg_entypo-fontello'><svg version=\"1.1\" xmlns=\"http:\/\/www.w3.org\/2000\/svg\" width=\"29\" height=\"32\" viewBox=\"0 0 29 32\" preserveAspectRatio=\"xMidYMid meet\" aria-labelledby='av-svg-title-1' aria-describedby='av-svg-desc-1' role=\"graphics-symbol\">\n<title id='av-svg-title-1'>Book-open<\/title>\n<desc id='av-svg-desc-1'>Book-open<\/desc>\n<path d=\"M10.88 19.584v2.176l-6.4-2.56v-2.176zM10.88 12.928v2.176l-6.4-2.56v-2.176zM28.096 1.856q0.704 0.384 0.704 1.344v20.48q0 1.088-1.024 1.472l-12.736 5.12q-0.256 0.064-0.32 0.064t-0.16 0.032-0.16 0.032-0.16-0.032-0.16-0.032l-0.32-0.064-12.736-5.12q-1.024-0.384-1.024-1.472v-20.48q0-0.96 0.704-1.344 0.704-0.512 1.472-0.192l12.224 4.928 12.224-4.928q0.768-0.32 1.472 0.192zM12.8 27.072v-17.92l-10.24-4.096v17.92zM26.24 22.976v-17.92l-10.24 4.096v17.92zM24.32 17.024v2.176l-6.4 2.56v-2.176zM24.32 10.368v2.176l-6.4 2.56v-2.176z\"><\/path>\n<\/svg><\/span><span class='avia_iconbox_title' >Kullan\u0131m K\u0131lavuzu<\/span><\/a><\/div> <div  id=\"btn_teknikbilgi\"  class='avia-button-wrap av-av_button-e069d87ec5d6298b9b6c476e2dc5aa4e-wrap avia-button-left  avia-builder-el-1  el_after_av_button  avia-builder-el-last '><a href='javascript:void(0);'  class='avia-button av-av_button-e069d87ec5d6298b9b6c476e2dc5aa4e av-link-btn avia-icon_select-yes-left-icon avia-size-medium avia-position-left avia-color-theme-color-highlight'   aria-label=\"Teknik Bilgi\"><span class='avia_button_icon avia_button_icon_left avia-svg-icon avia-font-svg_entypo-fontello' data-av_svg_icon='cog' data-av_iconset='svg_entypo-fontello'><svg version=\"1.1\" xmlns=\"http:\/\/www.w3.org\/2000\/svg\" width=\"27\" height=\"32\" viewBox=\"0 0 27 32\" preserveAspectRatio=\"xMidYMid meet\" aria-labelledby='av-svg-title-2' aria-describedby='av-svg-desc-2' role=\"graphics-symbol\">\n<title id='av-svg-title-2'>Cog<\/title>\n<desc id='av-svg-desc-2'>Cog<\/desc>\n<path d=\"M24.32 16q0 2.304 2.56 3.904-0.384 1.28-1.088 2.624-2.24-0.576-4.352 1.408-1.728 1.856-1.088 4.352-1.28 0.64-2.688 1.152-1.472-2.624-4.224-2.624t-4.224 2.624q-1.408-0.512-2.688-1.152 0.64-2.56-1.088-4.352-1.728-1.728-4.352-1.088-0.448-0.832-1.088-2.624 2.624-1.664 2.624-4.224 0-2.304-2.624-3.968 0.64-1.792 1.088-2.624 2.368 0.576 4.352-1.408 1.728-1.792 1.088-4.352 1.344-0.704 2.688-1.088 1.472 2.56 4.224 2.56t4.224-2.56q1.344 0.384 2.688 1.088-0.64 2.496 1.088 4.352 2.112 1.984 4.352 1.408 0.704 1.344 1.088 2.624-2.56 1.6-2.56 3.968zM13.44 21.824q2.432 0 4.128-1.696t1.696-4.128-1.696-4.16-4.128-1.728-4.128 1.728-1.696 4.16 1.696 4.128 4.128 1.696z\"><\/path>\n<\/svg><\/span><span class='avia_iconbox_title' >Teknik Bilgi<\/span><\/a><\/div><\/p>\n","protected":false},"excerpt":{"rendered":"<p>Mobilite yard\u0131m pazar\u0131na devrim niteli\u011finde bir katk\u0131 sa\u011flayan PR-449 Al\u00fcminyum Koltuk Y\u00fcr\u00fcte\u00e7, B2B sekt\u00f6r\u00fcn\u00fcn ve engellilere hizmet veren kurumlar\u0131n zorlu taleplerini kar\u015f\u0131lamak i\u00e7in \u00f6zel olarak tasarlanm\u0131\u015ft\u0131r. Sa\u011flam g\u00f6vde yap\u0131s\u0131 ve dikkate de\u011fer ekonomik fiyatland\u0131rmas\u0131 ile bu ya\u015fl\u0131 y\u00fcr\u00fcte\u00e7, m\u00fc\u015fterilerine \u00fcst d\u00fczey yard\u0131m sa\u011flamak isteyen herhangi bir i\u015fletme i\u00e7in bir mihenk ta\u015f\u0131 olarak duruyor. Hasta bak\u0131m\u0131 [&hellip;]<\/p>\n","protected":false},"featured_media":1704,"comment_status":"open","ping_status":"closed","template":"","meta":[],"product_brand":[],"product_cat":[600],"product_tag":[],"class_list":{"0":"post-1694","1":"product","2":"type-product","3":"status-publish","4":"has-post-thumbnail","6":"product_cat-yurume-gruplari","8":"first","9":"instock","10":"sale","11":"taxable","12":"shipping-taxable","13":"purchasable","14":"product-type-simple"},"yoast_head":"<!-- This site is optimized with the Yoast SEO plugin v27.4 - https:\/\/yoast.com\/product\/yoast-seo-wordpress\/ -->\n<title>PR-449 Al\u00fcminyum Oturakl\u0131 Walker - \u0130ntegra Medikal | | Ma\u011faza<\/title>\n<meta name=\"robots\" content=\"index, follow, max-snippet:-1, max-image-preview:large, max-video-preview:-1\" \/>\n<link rel=\"canonical\" href=\"https:\/\/integramedikal.com\/magaza\/urun\/pr-449-aluminyum-oturakli-walker\/\" \/>\n<meta property=\"og:locale\" content=\"tr_TR\" \/>\n<meta property=\"og:type\" content=\"article\" \/>\n<meta property=\"og:title\" content=\"PR-449 Al\u00fcminyum Oturakl\u0131 Walker - \u0130ntegra Medikal | | Ma\u011faza\" \/>\n<meta property=\"og:description\" content=\"Mobilite yard\u0131m pazar\u0131na devrim niteli\u011finde bir katk\u0131 sa\u011flayan PR-449 Al\u00fcminyum Koltuk Y\u00fcr\u00fcte\u00e7, B2B sekt\u00f6r\u00fcn\u00fcn ve engellilere hizmet veren kurumlar\u0131n zorlu taleplerini kar\u015f\u0131lamak i\u00e7in \u00f6zel olarak tasarlanm\u0131\u015ft\u0131r. Sa\u011flam g\u00f6vde yap\u0131s\u0131 ve dikkate de\u011fer ekonomik fiyatland\u0131rmas\u0131 ile bu ya\u015fl\u0131 y\u00fcr\u00fcte\u00e7, m\u00fc\u015fterilerine \u00fcst d\u00fczey yard\u0131m sa\u011flamak isteyen herhangi bir i\u015fletme i\u00e7in bir mihenk ta\u015f\u0131 olarak duruyor. Hasta bak\u0131m\u0131 [&hellip;]\" \/>\n<meta property=\"og:url\" content=\"https:\/\/integramedikal.com\/magaza\/urun\/pr-449-aluminyum-oturakli-walker\/\" \/>\n<meta property=\"og:site_name\" content=\"\u0130ntegra Medikal | | Ma\u011faza\" \/>\n<meta property=\"article:publisher\" content=\"https:\/\/www.facebook.com\/integramedikal1\" \/>\n<meta property=\"article:modified_time\" content=\"2026-04-01T08:07:24+00:00\" \/>\n<meta property=\"og:image\" content=\"https:\/\/integramedikal.com\/magaza\/wp-content\/uploads\/2025\/06\/PR-449.jpg\" \/>\n\t<meta property=\"og:image:width\" content=\"900\" \/>\n\t<meta property=\"og:image:height\" content=\"900\" \/>\n\t<meta property=\"og:image:type\" content=\"image\/jpeg\" \/>\n<meta name=\"twitter:card\" content=\"summary_large_image\" \/>\n<meta name=\"twitter:site\" content=\"@integramedikal\" \/>\n<meta name=\"twitter:label1\" content=\"Tahmini okuma s\u00fcresi\" \/>\n\t<meta name=\"twitter:data1\" content=\"3 dakika\" \/>\n<script type=\"application\/ld+json\" class=\"yoast-schema-graph\">{\"@context\":\"https:\\\/\\\/schema.org\",\"@graph\":[{\"@type\":\"WebPage\",\"@id\":\"https:\\\/\\\/integramedikal.com\\\/magaza\\\/urun\\\/pr-449-aluminyum-oturakli-walker\\\/\",\"url\":\"https:\\\/\\\/integramedikal.com\\\/magaza\\\/urun\\\/pr-449-aluminyum-oturakli-walker\\\/\",\"name\":\"PR-449 Al\u00fcminyum Oturakl\u0131 Walker - \u0130ntegra Medikal | | Ma\u011faza\",\"isPartOf\":{\"@id\":\"https:\\\/\\\/integramedikal.com\\\/magaza\\\/#website\"},\"primaryImageOfPage\":{\"@id\":\"https:\\\/\\\/integramedikal.com\\\/magaza\\\/urun\\\/pr-449-aluminyum-oturakli-walker\\\/#primaryimage\"},\"image\":{\"@id\":\"https:\\\/\\\/integramedikal.com\\\/magaza\\\/urun\\\/pr-449-aluminyum-oturakli-walker\\\/#primaryimage\"},\"thumbnailUrl\":\"https:\\\/\\\/integramedikal.com\\\/magaza\\\/wp-content\\\/uploads\\\/2025\\\/06\\\/PR-449.jpg\",\"datePublished\":\"2025-06-02T20:31:52+00:00\",\"dateModified\":\"2026-04-01T08:07:24+00:00\",\"breadcrumb\":{\"@id\":\"https:\\\/\\\/integramedikal.com\\\/magaza\\\/urun\\\/pr-449-aluminyum-oturakli-walker\\\/#breadcrumb\"},\"inLanguage\":\"tr\",\"potentialAction\":[{\"@type\":\"ReadAction\",\"target\":[\"https:\\\/\\\/integramedikal.com\\\/magaza\\\/urun\\\/pr-449-aluminyum-oturakli-walker\\\/\"]}]},{\"@type\":\"ImageObject\",\"inLanguage\":\"tr\",\"@id\":\"https:\\\/\\\/integramedikal.com\\\/magaza\\\/urun\\\/pr-449-aluminyum-oturakli-walker\\\/#primaryimage\",\"url\":\"https:\\\/\\\/integramedikal.com\\\/magaza\\\/wp-content\\\/uploads\\\/2025\\\/06\\\/PR-449.jpg\",\"contentUrl\":\"https:\\\/\\\/integramedikal.com\\\/magaza\\\/wp-content\\\/uploads\\\/2025\\\/06\\\/PR-449.jpg\",\"width\":900,\"height\":900},{\"@type\":\"BreadcrumbList\",\"@id\":\"https:\\\/\\\/integramedikal.com\\\/magaza\\\/urun\\\/pr-449-aluminyum-oturakli-walker\\\/#breadcrumb\",\"itemListElement\":[{\"@type\":\"ListItem\",\"position\":1,\"name\":\"Anasayfa\",\"item\":\"https:\\\/\\\/integramedikal.com\\\/magaza\\\/anasayfa\\\/\"},{\"@type\":\"ListItem\",\"position\":2,\"name\":\"Shop\",\"item\":\"https:\\\/\\\/integramedikal.com\\\/magaza\\\/shop\\\/\"},{\"@type\":\"ListItem\",\"position\":3,\"name\":\"PR-449 Al\u00fcminyum Oturakl\u0131 Walker\"}]},{\"@type\":\"WebSite\",\"@id\":\"https:\\\/\\\/integramedikal.com\\\/magaza\\\/#website\",\"url\":\"https:\\\/\\\/integramedikal.com\\\/magaza\\\/\",\"name\":\"\u0130ntegra Medikal < | | >Ma\u011faza\",\"description\":\"Sa\u011fl\u0131kta Kalite | Sekt\u00f6rde 25. Y\u0131l\",\"publisher\":{\"@id\":\"https:\\\/\\\/integramedikal.com\\\/magaza\\\/#organization\"},\"potentialAction\":[{\"@type\":\"SearchAction\",\"target\":{\"@type\":\"EntryPoint\",\"urlTemplate\":\"https:\\\/\\\/integramedikal.com\\\/magaza\\\/?s={search_term_string}\"},\"query-input\":{\"@type\":\"PropertyValueSpecification\",\"valueRequired\":true,\"valueName\":\"search_term_string\"}}],\"inLanguage\":\"tr\"},{\"@type\":\"Organization\",\"@id\":\"https:\\\/\\\/integramedikal.com\\\/magaza\\\/#organization\",\"name\":\"\u0130ntegra Medikal < | | >Ma\u011faza\",\"url\":\"https:\\\/\\\/integramedikal.com\\\/magaza\\\/\",\"logo\":{\"@type\":\"ImageObject\",\"inLanguage\":\"tr\",\"@id\":\"https:\\\/\\\/integramedikal.com\\\/magaza\\\/#\\\/schema\\\/logo\\\/image\\\/\",\"url\":\"https:\\\/\\\/integramedikal.com\\\/magaza\\\/wp-content\\\/uploads\\\/2025\\\/06\\\/integra-logo-1.png\",\"contentUrl\":\"https:\\\/\\\/integramedikal.com\\\/magaza\\\/wp-content\\\/uploads\\\/2025\\\/06\\\/integra-logo-1.png\",\"width\":340,\"height\":156,\"caption\":\"\u0130ntegra Medikal < | | >Ma\u011faza\"},\"image\":{\"@id\":\"https:\\\/\\\/integramedikal.com\\\/magaza\\\/#\\\/schema\\\/logo\\\/image\\\/\"},\"sameAs\":[\"https:\\\/\\\/www.facebook.com\\\/integramedikal1\",\"https:\\\/\\\/x.com\\\/integramedikal\",\"https:\\\/\\\/www.instagram.com\\\/integramedikal\\\/\",\"https:\\\/\\\/www.youtube.com\\\/user\\\/integramedikal\"]}]}<\/script>\n<!-- \/ Yoast SEO plugin. -->","yoast_head_json":{"title":"PR-449 Al\u00fcminyum Oturakl\u0131 Walker - \u0130ntegra Medikal | | Ma\u011faza","robots":{"index":"index","follow":"follow","max-snippet":"max-snippet:-1","max-image-preview":"max-image-preview:large","max-video-preview":"max-video-preview:-1"},"canonical":"https:\/\/integramedikal.com\/magaza\/urun\/pr-449-aluminyum-oturakli-walker\/","og_locale":"tr_TR","og_type":"article","og_title":"PR-449 Al\u00fcminyum Oturakl\u0131 Walker - \u0130ntegra Medikal | | Ma\u011faza","og_description":"Mobilite yard\u0131m pazar\u0131na devrim niteli\u011finde bir katk\u0131 sa\u011flayan PR-449 Al\u00fcminyum Koltuk Y\u00fcr\u00fcte\u00e7, B2B sekt\u00f6r\u00fcn\u00fcn ve engellilere hizmet veren kurumlar\u0131n zorlu taleplerini kar\u015f\u0131lamak i\u00e7in \u00f6zel olarak tasarlanm\u0131\u015ft\u0131r. Sa\u011flam g\u00f6vde yap\u0131s\u0131 ve dikkate de\u011fer ekonomik fiyatland\u0131rmas\u0131 ile bu ya\u015fl\u0131 y\u00fcr\u00fcte\u00e7, m\u00fc\u015fterilerine \u00fcst d\u00fczey yard\u0131m sa\u011flamak isteyen herhangi bir i\u015fletme i\u00e7in bir mihenk ta\u015f\u0131 olarak duruyor. Hasta bak\u0131m\u0131 [&hellip;]","og_url":"https:\/\/integramedikal.com\/magaza\/urun\/pr-449-aluminyum-oturakli-walker\/","og_site_name":"\u0130ntegra Medikal | | Ma\u011faza","article_publisher":"https:\/\/www.facebook.com\/integramedikal1","article_modified_time":"2026-04-01T08:07:24+00:00","og_image":[{"width":900,"height":900,"url":"https:\/\/integramedikal.com\/magaza\/wp-content\/uploads\/2025\/06\/PR-449.jpg","type":"image\/jpeg"}],"twitter_card":"summary_large_image","twitter_site":"@integramedikal","twitter_misc":{"Tahmini okuma s\u00fcresi":"3 dakika"},"schema":{"@context":"https:\/\/schema.org","@graph":[{"@type":"WebPage","@id":"https:\/\/integramedikal.com\/magaza\/urun\/pr-449-aluminyum-oturakli-walker\/","url":"https:\/\/integramedikal.com\/magaza\/urun\/pr-449-aluminyum-oturakli-walker\/","name":"PR-449 Al\u00fcminyum Oturakl\u0131 Walker - \u0130ntegra Medikal | | Ma\u011faza","isPartOf":{"@id":"https:\/\/integramedikal.com\/magaza\/#website"},"primaryImageOfPage":{"@id":"https:\/\/integramedikal.com\/magaza\/urun\/pr-449-aluminyum-oturakli-walker\/#primaryimage"},"image":{"@id":"https:\/\/integramedikal.com\/magaza\/urun\/pr-449-aluminyum-oturakli-walker\/#primaryimage"},"thumbnailUrl":"https:\/\/integramedikal.com\/magaza\/wp-content\/uploads\/2025\/06\/PR-449.jpg","datePublished":"2025-06-02T20:31:52+00:00","dateModified":"2026-04-01T08:07:24+00:00","breadcrumb":{"@id":"https:\/\/integramedikal.com\/magaza\/urun\/pr-449-aluminyum-oturakli-walker\/#breadcrumb"},"inLanguage":"tr","potentialAction":[{"@type":"ReadAction","target":["https:\/\/integramedikal.com\/magaza\/urun\/pr-449-aluminyum-oturakli-walker\/"]}]},{"@type":"ImageObject","inLanguage":"tr","@id":"https:\/\/integramedikal.com\/magaza\/urun\/pr-449-aluminyum-oturakli-walker\/#primaryimage","url":"https:\/\/integramedikal.com\/magaza\/wp-content\/uploads\/2025\/06\/PR-449.jpg","contentUrl":"https:\/\/integramedikal.com\/magaza\/wp-content\/uploads\/2025\/06\/PR-449.jpg","width":900,"height":900},{"@type":"BreadcrumbList","@id":"https:\/\/integramedikal.com\/magaza\/urun\/pr-449-aluminyum-oturakli-walker\/#breadcrumb","itemListElement":[{"@type":"ListItem","position":1,"name":"Anasayfa","item":"https:\/\/integramedikal.com\/magaza\/anasayfa\/"},{"@type":"ListItem","position":2,"name":"Shop","item":"https:\/\/integramedikal.com\/magaza\/shop\/"},{"@type":"ListItem","position":3,"name":"PR-449 Al\u00fcminyum Oturakl\u0131 Walker"}]},{"@type":"WebSite","@id":"https:\/\/integramedikal.com\/magaza\/#website","url":"https:\/\/integramedikal.com\/magaza\/","name":"\u0130ntegra Medikal < | | >Ma\u011faza","description":"Sa\u011fl\u0131kta Kalite | Sekt\u00f6rde 25. Y\u0131l","publisher":{"@id":"https:\/\/integramedikal.com\/magaza\/#organization"},"potentialAction":[{"@type":"SearchAction","target":{"@type":"EntryPoint","urlTemplate":"https:\/\/integramedikal.com\/magaza\/?s={search_term_string}"},"query-input":{"@type":"PropertyValueSpecification","valueRequired":true,"valueName":"search_term_string"}}],"inLanguage":"tr"},{"@type":"Organization","@id":"https:\/\/integramedikal.com\/magaza\/#organization","name":"\u0130ntegra Medikal < | | >Ma\u011faza","url":"https:\/\/integramedikal.com\/magaza\/","logo":{"@type":"ImageObject","inLanguage":"tr","@id":"https:\/\/integramedikal.com\/magaza\/#\/schema\/logo\/image\/","url":"https:\/\/integramedikal.com\/magaza\/wp-content\/uploads\/2025\/06\/integra-logo-1.png","contentUrl":"https:\/\/integramedikal.com\/magaza\/wp-content\/uploads\/2025\/06\/integra-logo-1.png","width":340,"height":156,"caption":"\u0130ntegra Medikal < | | >Ma\u011faza"},"image":{"@id":"https:\/\/integramedikal.com\/magaza\/#\/schema\/logo\/image\/"},"sameAs":["https:\/\/www.facebook.com\/integramedikal1","https:\/\/x.com\/integramedikal","https:\/\/www.instagram.com\/integramedikal\/","https:\/\/www.youtube.com\/user\/integramedikal"]}]}},"_links":{"self":[{"href":"https:\/\/integramedikal.com\/magaza\/wp-json\/wp\/v2\/product\/1694","targetHints":{"allow":["GET"]}}],"collection":[{"href":"https:\/\/integramedikal.com\/magaza\/wp-json\/wp\/v2\/product"}],"about":[{"href":"https:\/\/integramedikal.com\/magaza\/wp-json\/wp\/v2\/types\/product"}],"replies":[{"embeddable":true,"href":"https:\/\/integramedikal.com\/magaza\/wp-json\/wp\/v2\/comments?post=1694"}],"wp:featuredmedia":[{"embeddable":true,"href":"https:\/\/integramedikal.com\/magaza\/wp-json\/wp\/v2\/media\/1704"}],"wp:attachment":[{"href":"https:\/\/integramedikal.com\/magaza\/wp-json\/wp\/v2\/media?parent=1694"}],"wp:term":[{"taxonomy":"product_brand","embeddable":true,"href":"https:\/\/integramedikal.com\/magaza\/wp-json\/wp\/v2\/product_brand?post=1694"},{"taxonomy":"product_cat","embeddable":true,"href":"https:\/\/integramedikal.com\/magaza\/wp-json\/wp\/v2\/product_cat?post=1694"},{"taxonomy":"product_tag","embeddable":true,"href":"https:\/\/integramedikal.com\/magaza\/wp-json\/wp\/v2\/product_tag?post=1694"}],"curies":[{"name":"wp","href":"https:\/\/api.w.org\/{rel}","templated":true}]}}