{"id":1693,"date":"2025-06-02T23:31:52","date_gmt":"2025-06-02T20:31:52","guid":{"rendered":"https:\/\/integramedikal.com\/magaza\/?post_type=product&#038;p=1693"},"modified":"2026-02-26T18:08:23","modified_gmt":"2026-02-26T15:08:23","slug":"pr-448-aluminyum-kademeli-walker","status":"publish","type":"product","link":"https:\/\/integramedikal.com\/magaza\/urun\/pr-448-aluminyum-kademeli-walker\/","title":{"rendered":"PR-448 Al\u00fcminyum Kademeli Walker"},"content":{"rendered":"<div>Ustaca tasarlanm\u0131\u015f bir mobilite yard\u0131mc\u0131s\u0131 olan PR-448 Al\u00fcminyum Kademeli Y\u00fcr\u00fcte\u00e7&#8217;i tan\u0131tan bu premium \u00fcr\u00fcn, B2B sekt\u00f6r\u00fcndeki i\u015fletme ve kurulu\u015flar\u0131n \u00f6zel ihtiya\u00e7lar\u0131na g\u00f6re uyarlanm\u0131\u015f Y\u00fcr\u00fcte\u00e7 kategorisinde \u00f6ne \u00e7\u0131k\u0131yor. Sa\u011flam yap\u0131s\u0131yla dikkat \u00e7eken PR-448 Walker, sars\u0131lmaz g\u00fcvenilirli\u011fin bir kan\u0131t\u0131d\u0131r ve hastalar, ya\u015fl\u0131lar ve engelli toplulu\u011fu i\u00e7in yeni bir ba\u011f\u0131ms\u0131zl\u0131k d\u00fczeyi ba\u015flatmaya yard\u0131mc\u0131 olur.<\/div>\n<div><\/div>\n<div>Kullan\u0131c\u0131 taraf\u0131ndan \u00f6nerilen bir \u00e7\u00f6z\u00fcm olarak kabul edilen bu zarif y\u00fcr\u00fcte\u00e7, i\u015flevselli\u011fi konforla birle\u015ftirerek kullan\u0131c\u0131lar\u0131n g\u00fcvenli ve zahmetsiz bir gezinti deneyimi ya\u015famas\u0131n\u0131 sa\u011flar. Hareketlilik konusunda yard\u0131ma ihtiya\u00e7 duyanlar i\u00e7in m\u00fckemmel bir arkada\u015ft\u0131r, g\u00fcnl\u00fck aktiviteleri desteklemek i\u00e7in gereken g\u00fcc\u00fc somutla\u015ft\u0131r\u0131rken, ayn\u0131 zamanda finansal kaynaklar\u0131n\u0131 a\u015f\u0131r\u0131 geni\u015fletmeden kaliteli hasta y\u00fcr\u00fcte\u00e7leri arayan sa\u011flay\u0131c\u0131lar i\u00e7in ekonomik bir se\u00e7imdir.<\/div>\n<div><b><br \/><\/b><\/div>\n<div><b>Ergonomi ve Dayan\u0131kl\u0131l\u0131k Entegre<\/b><\/div>\n<div><b><br \/><\/b><\/div>\n<div>PR-448 Al\u00fcminyum Kademeli Y\u00fcr\u00fcte\u00e7, ya\u015fl\u0131 y\u00fcr\u00fcte\u00e7 se\u00e7iminde iki kritik fakt\u00f6r olan ergonomik tasar\u0131m ve dayan\u0131kl\u0131l\u0131\u011fa \u00f6ncelik verir. Sa\u011flam g\u00f6vde yap\u0131s\u0131, yo\u011fun kullan\u0131m\u0131n zorluklar\u0131na dayanacak \u015fekilde tasarlanm\u0131\u015ft\u0131r. G\u00fcvenilirli\u011finin bir kan\u0131t\u0131, al\u0131c\u0131lara s\u00fcrekli dayan\u0131kl\u0131l\u0131k ve destek g\u00fcvencesi sa\u011flayan c\u00f6mert 2 y\u0131ll\u0131k garantisidir. B\u00f6yle bir garanti, \u00fcreticinin \u00fcr\u00fcne olan g\u00fcvenini yans\u0131t\u0131r ve \u015firketlere m\u00fc\u015fterileri i\u00e7in toplu olarak sat\u0131n al\u0131rken ihtiya\u00e7 duyduklar\u0131 rahatl\u0131\u011f\u0131 sa\u011flar.<\/div>\n<div><\/div>\n<div>Sertle\u015ftirilmi\u015f d\u0131\u015f y\u00fczeyinin \u00f6tesinde, kullan\u0131c\u0131 konforu g\u00f6z \u00f6n\u00fcnde bulundurularak olu\u015fturulmu\u015f d\u00fc\u015f\u00fcnceli bir tasar\u0131m yat\u0131yor. Hafif al\u00fcminyum bile\u015fimi, yap\u0131sal b\u00fct\u00fcnl\u00fckten \u00f6d\u00fcn vermeden manevra yapman\u0131n kolay olmas\u0131n\u0131 sa\u011flar. Y\u00fcr\u00fcte\u00e7in kademeli \u00f6zelli\u011fi, kullan\u0131c\u0131lara \u00e7e\u015fitli arazilerde gezinirken ek destek sunarak onu ya\u015fl\u0131lar\u0131n, hastalar\u0131n ve engellilerin kar\u015f\u0131la\u015ft\u0131\u011f\u0131 \u00e7e\u015fitli ortamlarda esnek bir ara\u00e7 haline getirir.<\/div>\n<div><\/div>\n<div><b>Verimli Tedarik ve Sat\u0131\u015f Sonras\u0131 Hizmet<\/b><\/div>\n<div><b><br \/><\/b><\/div>\n<div>Engelliler i\u00e7in ara\u00e7lar ve yard\u0131mlar konusunda uzmanla\u015fm\u0131\u015f \u015firketler i\u00e7in tedarik kolayl\u0131\u011f\u0131 b\u00fcy\u00fck \u00f6nem ta\u015f\u0131maktad\u0131r. PR-448 Engelli Y\u00fcr\u00fcte\u00e7, yaln\u0131zca h\u0131zl\u0131 sevkiyat \u00fcr\u00fcn\u00fcn\u00fc de\u011fil, ayn\u0131 zamanda sat\u0131\u015f sonras\u0131 hizmete olan ba\u011fl\u0131l\u0131\u011f\u0131 da garanti eder. Bu y\u00fcr\u00fcte\u00e7 sipari\u015f edilebilme ve teslim edilebilme verimlili\u011fi, B2B pazar\u0131n\u0131n y\u00fcksek h\u0131zl\u0131 talepleriyle uyumludur, firmalar i\u00e7in ar\u0131za s\u00fcresini azalt\u0131r ve h\u0131zl\u0131 stok ikmali sa\u011flar.<\/div>\n<div><\/div>\n<div>PR-448 Walker&#8217;\u0131n ekonomik \u00fcr\u00fcn konumland\u0131rmas\u0131 kaliteden \u00f6d\u00fcn vermez. Bu y\u00fcr\u00fcte\u00e7, kullan\u0131c\u0131lar\u0131n y\u00fcksek kalibreli bir mobilite yard\u0131m\u0131ndan bekledi\u011fi temel \u00f6zelliklerden \u00f6d\u00fcn vermeden eri\u015filebilir bir se\u00e7enek sunar. H\u0131zl\u0131 sevkiyat, ekonomik fiyatland\u0131rma ve g\u00fc\u00e7l\u00fc bir destek yap\u0131s\u0131, PR-448 Al\u00fcminyum Kademeli Y\u00fcr\u00fcte\u00e7&#8217;i g\u00f6ze \u00e7arpan bir se\u00e7im haline getirerek ticari m\u00fc\u015fterilerin son kullan\u0131c\u0131lar\u0131na m\u00fcmk\u00fcn olan en iyi \u00fcr\u00fcnleri sunabilmelerini sa\u011flar.<\/div>\n<div><\/div>\n<p><div  id=\"btn_klavuz\"  class='avia-button-wrap av-av_button-98c27ac1485e3e35c7b990c4c208f183-wrap avia-button-left  avia-builder-el-0  el_before_av_button  avia-builder-el-first '><a href='https:\/\/www.integramedikal.com\/magaza\/upload\/kilavuz\/93-pr-448-aluminyum-kademeli-walker.pdf'  class='avia-button av-av_button-98c27ac1485e3e35c7b990c4c208f183 av-link-btn avia-icon_select-yes-left-icon avia-size-medium avia-position-left avia-color-theme-color-highlight'  target=\"_blank\"  rel=\"noopener noreferrer\"  aria-label=\"Kullan\u0131m K\u0131lavuzu\"><span class='avia_button_icon avia_button_icon_left avia-svg-icon avia-font-svg_entypo-fontello' data-av_svg_icon='book-open' data-av_iconset='svg_entypo-fontello'><svg version=\"1.1\" xmlns=\"http:\/\/www.w3.org\/2000\/svg\" width=\"29\" height=\"32\" viewBox=\"0 0 29 32\" preserveAspectRatio=\"xMidYMid meet\" aria-labelledby='av-svg-title-1' aria-describedby='av-svg-desc-1' role=\"graphics-symbol\">\n<title id='av-svg-title-1'>Book-open<\/title>\n<desc id='av-svg-desc-1'>Book-open<\/desc>\n<path d=\"M10.88 19.584v2.176l-6.4-2.56v-2.176zM10.88 12.928v2.176l-6.4-2.56v-2.176zM28.096 1.856q0.704 0.384 0.704 1.344v20.48q0 1.088-1.024 1.472l-12.736 5.12q-0.256 0.064-0.32 0.064t-0.16 0.032-0.16 0.032-0.16-0.032-0.16-0.032l-0.32-0.064-12.736-5.12q-1.024-0.384-1.024-1.472v-20.48q0-0.96 0.704-1.344 0.704-0.512 1.472-0.192l12.224 4.928 12.224-4.928q0.768-0.32 1.472 0.192zM12.8 27.072v-17.92l-10.24-4.096v17.92zM26.24 22.976v-17.92l-10.24 4.096v17.92zM24.32 17.024v2.176l-6.4 2.56v-2.176zM24.32 10.368v2.176l-6.4 2.56v-2.176z\"><\/path>\n<\/svg><\/span><span class='avia_iconbox_title' >Kullan\u0131m K\u0131lavuzu<\/span><\/a><\/div> <div  id=\"btn_teknikbilgi\"  class='avia-button-wrap av-av_button-e069d87ec5d6298b9b6c476e2dc5aa4e-wrap avia-button-left  avia-builder-el-1  el_after_av_button  avia-builder-el-last '><a href='javascript:void(0);'  class='avia-button av-av_button-e069d87ec5d6298b9b6c476e2dc5aa4e av-link-btn avia-icon_select-yes-left-icon avia-size-medium avia-position-left avia-color-theme-color-highlight'   aria-label=\"Teknik Bilgi\"><span class='avia_button_icon avia_button_icon_left avia-svg-icon avia-font-svg_entypo-fontello' data-av_svg_icon='cog' data-av_iconset='svg_entypo-fontello'><svg version=\"1.1\" xmlns=\"http:\/\/www.w3.org\/2000\/svg\" width=\"27\" height=\"32\" viewBox=\"0 0 27 32\" preserveAspectRatio=\"xMidYMid meet\" aria-labelledby='av-svg-title-2' aria-describedby='av-svg-desc-2' role=\"graphics-symbol\">\n<title id='av-svg-title-2'>Cog<\/title>\n<desc id='av-svg-desc-2'>Cog<\/desc>\n<path d=\"M24.32 16q0 2.304 2.56 3.904-0.384 1.28-1.088 2.624-2.24-0.576-4.352 1.408-1.728 1.856-1.088 4.352-1.28 0.64-2.688 1.152-1.472-2.624-4.224-2.624t-4.224 2.624q-1.408-0.512-2.688-1.152 0.64-2.56-1.088-4.352-1.728-1.728-4.352-1.088-0.448-0.832-1.088-2.624 2.624-1.664 2.624-4.224 0-2.304-2.624-3.968 0.64-1.792 1.088-2.624 2.368 0.576 4.352-1.408 1.728-1.792 1.088-4.352 1.344-0.704 2.688-1.088 1.472 2.56 4.224 2.56t4.224-2.56q1.344 0.384 2.688 1.088-0.64 2.496 1.088 4.352 2.112 1.984 4.352 1.408 0.704 1.344 1.088 2.624-2.56 1.6-2.56 3.968zM13.44 21.824q2.432 0 4.128-1.696t1.696-4.128-1.696-4.16-4.128-1.728-4.128 1.728-1.696 4.16 1.696 4.128 4.128 1.696z\"><\/path>\n<\/svg><\/span><span class='avia_iconbox_title' >Teknik Bilgi<\/span><\/a><\/div><\/p>\n","protected":false},"excerpt":{"rendered":"<p>Ustaca tasarlanm\u0131\u015f bir mobilite yard\u0131mc\u0131s\u0131 olan PR-448 Al\u00fcminyum Kademeli Y\u00fcr\u00fcte\u00e7&#8217;i tan\u0131tan bu premium \u00fcr\u00fcn, B2B sekt\u00f6r\u00fcndeki i\u015fletme ve kurulu\u015flar\u0131n \u00f6zel ihtiya\u00e7lar\u0131na g\u00f6re uyarlanm\u0131\u015f Y\u00fcr\u00fcte\u00e7 kategorisinde \u00f6ne \u00e7\u0131k\u0131yor. Sa\u011flam yap\u0131s\u0131yla dikkat \u00e7eken PR-448 Walker, sars\u0131lmaz g\u00fcvenilirli\u011fin bir kan\u0131t\u0131d\u0131r ve hastalar, ya\u015fl\u0131lar ve engelli toplulu\u011fu i\u00e7in yeni bir ba\u011f\u0131ms\u0131zl\u0131k d\u00fczeyi ba\u015flatmaya yard\u0131mc\u0131 olur. Kullan\u0131c\u0131 taraf\u0131ndan \u00f6nerilen bir [&hellip;]<\/p>\n","protected":false},"featured_media":1703,"comment_status":"open","ping_status":"closed","template":"","meta":[],"product_brand":[],"product_cat":[600],"product_tag":[],"class_list":{"0":"post-1693","1":"product","2":"type-product","3":"status-publish","4":"has-post-thumbnail","6":"product_cat-yurume-gruplari","8":"first","9":"outofstock","10":"sale","11":"taxable","12":"shipping-taxable","13":"purchasable","14":"product-type-simple"},"yoast_head":"<!-- This site is optimized with the Yoast SEO plugin v27.4 - https:\/\/yoast.com\/product\/yoast-seo-wordpress\/ -->\n<title>PR-448 Al\u00fcminyum Kademeli Walker - \u0130ntegra Medikal | | Ma\u011faza<\/title>\n<meta name=\"robots\" content=\"index, follow, max-snippet:-1, max-image-preview:large, max-video-preview:-1\" \/>\n<link rel=\"canonical\" href=\"https:\/\/integramedikal.com\/magaza\/urun\/pr-448-aluminyum-kademeli-walker\/\" \/>\n<meta property=\"og:locale\" content=\"tr_TR\" \/>\n<meta property=\"og:type\" content=\"article\" \/>\n<meta property=\"og:title\" content=\"PR-448 Al\u00fcminyum Kademeli Walker - \u0130ntegra Medikal | | Ma\u011faza\" \/>\n<meta property=\"og:description\" content=\"Ustaca tasarlanm\u0131\u015f bir mobilite yard\u0131mc\u0131s\u0131 olan PR-448 Al\u00fcminyum Kademeli Y\u00fcr\u00fcte\u00e7&#8217;i tan\u0131tan bu premium \u00fcr\u00fcn, B2B sekt\u00f6r\u00fcndeki i\u015fletme ve kurulu\u015flar\u0131n \u00f6zel ihtiya\u00e7lar\u0131na g\u00f6re uyarlanm\u0131\u015f Y\u00fcr\u00fcte\u00e7 kategorisinde \u00f6ne \u00e7\u0131k\u0131yor. Sa\u011flam yap\u0131s\u0131yla dikkat \u00e7eken PR-448 Walker, sars\u0131lmaz g\u00fcvenilirli\u011fin bir kan\u0131t\u0131d\u0131r ve hastalar, ya\u015fl\u0131lar ve engelli toplulu\u011fu i\u00e7in yeni bir ba\u011f\u0131ms\u0131zl\u0131k d\u00fczeyi ba\u015flatmaya yard\u0131mc\u0131 olur. Kullan\u0131c\u0131 taraf\u0131ndan \u00f6nerilen bir [&hellip;]\" \/>\n<meta property=\"og:url\" content=\"https:\/\/integramedikal.com\/magaza\/urun\/pr-448-aluminyum-kademeli-walker\/\" \/>\n<meta property=\"og:site_name\" content=\"\u0130ntegra Medikal | | Ma\u011faza\" \/>\n<meta property=\"article:publisher\" content=\"https:\/\/www.facebook.com\/integramedikal1\" \/>\n<meta property=\"article:modified_time\" content=\"2026-02-26T15:08:23+00:00\" \/>\n<meta property=\"og:image\" content=\"https:\/\/integramedikal.com\/magaza\/wp-content\/uploads\/2025\/06\/PR-448.jpg\" \/>\n\t<meta property=\"og:image:width\" content=\"900\" \/>\n\t<meta property=\"og:image:height\" content=\"900\" \/>\n\t<meta property=\"og:image:type\" content=\"image\/jpeg\" \/>\n<meta name=\"twitter:card\" content=\"summary_large_image\" \/>\n<meta name=\"twitter:site\" content=\"@integramedikal\" \/>\n<meta name=\"twitter:label1\" content=\"Tahmini okuma s\u00fcresi\" \/>\n\t<meta name=\"twitter:data1\" content=\"3 dakika\" \/>\n<script type=\"application\/ld+json\" class=\"yoast-schema-graph\">{\"@context\":\"https:\\\/\\\/schema.org\",\"@graph\":[{\"@type\":\"WebPage\",\"@id\":\"https:\\\/\\\/integramedikal.com\\\/magaza\\\/urun\\\/pr-448-aluminyum-kademeli-walker\\\/\",\"url\":\"https:\\\/\\\/integramedikal.com\\\/magaza\\\/urun\\\/pr-448-aluminyum-kademeli-walker\\\/\",\"name\":\"PR-448 Al\u00fcminyum Kademeli Walker - \u0130ntegra Medikal | | Ma\u011faza\",\"isPartOf\":{\"@id\":\"https:\\\/\\\/integramedikal.com\\\/magaza\\\/#website\"},\"primaryImageOfPage\":{\"@id\":\"https:\\\/\\\/integramedikal.com\\\/magaza\\\/urun\\\/pr-448-aluminyum-kademeli-walker\\\/#primaryimage\"},\"image\":{\"@id\":\"https:\\\/\\\/integramedikal.com\\\/magaza\\\/urun\\\/pr-448-aluminyum-kademeli-walker\\\/#primaryimage\"},\"thumbnailUrl\":\"https:\\\/\\\/integramedikal.com\\\/magaza\\\/wp-content\\\/uploads\\\/2025\\\/06\\\/PR-448.jpg\",\"datePublished\":\"2025-06-02T20:31:52+00:00\",\"dateModified\":\"2026-02-26T15:08:23+00:00\",\"breadcrumb\":{\"@id\":\"https:\\\/\\\/integramedikal.com\\\/magaza\\\/urun\\\/pr-448-aluminyum-kademeli-walker\\\/#breadcrumb\"},\"inLanguage\":\"tr\",\"potentialAction\":[{\"@type\":\"ReadAction\",\"target\":[\"https:\\\/\\\/integramedikal.com\\\/magaza\\\/urun\\\/pr-448-aluminyum-kademeli-walker\\\/\"]}]},{\"@type\":\"ImageObject\",\"inLanguage\":\"tr\",\"@id\":\"https:\\\/\\\/integramedikal.com\\\/magaza\\\/urun\\\/pr-448-aluminyum-kademeli-walker\\\/#primaryimage\",\"url\":\"https:\\\/\\\/integramedikal.com\\\/magaza\\\/wp-content\\\/uploads\\\/2025\\\/06\\\/PR-448.jpg\",\"contentUrl\":\"https:\\\/\\\/integramedikal.com\\\/magaza\\\/wp-content\\\/uploads\\\/2025\\\/06\\\/PR-448.jpg\",\"width\":900,\"height\":900},{\"@type\":\"BreadcrumbList\",\"@id\":\"https:\\\/\\\/integramedikal.com\\\/magaza\\\/urun\\\/pr-448-aluminyum-kademeli-walker\\\/#breadcrumb\",\"itemListElement\":[{\"@type\":\"ListItem\",\"position\":1,\"name\":\"Anasayfa\",\"item\":\"https:\\\/\\\/integramedikal.com\\\/magaza\\\/anasayfa\\\/\"},{\"@type\":\"ListItem\",\"position\":2,\"name\":\"Shop\",\"item\":\"https:\\\/\\\/integramedikal.com\\\/magaza\\\/shop\\\/\"},{\"@type\":\"ListItem\",\"position\":3,\"name\":\"PR-448 Al\u00fcminyum Kademeli Walker\"}]},{\"@type\":\"WebSite\",\"@id\":\"https:\\\/\\\/integramedikal.com\\\/magaza\\\/#website\",\"url\":\"https:\\\/\\\/integramedikal.com\\\/magaza\\\/\",\"name\":\"\u0130ntegra Medikal < | | >Ma\u011faza\",\"description\":\"Sa\u011fl\u0131kta Kalite | Sekt\u00f6rde 25. Y\u0131l\",\"publisher\":{\"@id\":\"https:\\\/\\\/integramedikal.com\\\/magaza\\\/#organization\"},\"potentialAction\":[{\"@type\":\"SearchAction\",\"target\":{\"@type\":\"EntryPoint\",\"urlTemplate\":\"https:\\\/\\\/integramedikal.com\\\/magaza\\\/?s={search_term_string}\"},\"query-input\":{\"@type\":\"PropertyValueSpecification\",\"valueRequired\":true,\"valueName\":\"search_term_string\"}}],\"inLanguage\":\"tr\"},{\"@type\":\"Organization\",\"@id\":\"https:\\\/\\\/integramedikal.com\\\/magaza\\\/#organization\",\"name\":\"\u0130ntegra Medikal < | | >Ma\u011faza\",\"url\":\"https:\\\/\\\/integramedikal.com\\\/magaza\\\/\",\"logo\":{\"@type\":\"ImageObject\",\"inLanguage\":\"tr\",\"@id\":\"https:\\\/\\\/integramedikal.com\\\/magaza\\\/#\\\/schema\\\/logo\\\/image\\\/\",\"url\":\"https:\\\/\\\/integramedikal.com\\\/magaza\\\/wp-content\\\/uploads\\\/2025\\\/06\\\/integra-logo-1.png\",\"contentUrl\":\"https:\\\/\\\/integramedikal.com\\\/magaza\\\/wp-content\\\/uploads\\\/2025\\\/06\\\/integra-logo-1.png\",\"width\":340,\"height\":156,\"caption\":\"\u0130ntegra Medikal < | | >Ma\u011faza\"},\"image\":{\"@id\":\"https:\\\/\\\/integramedikal.com\\\/magaza\\\/#\\\/schema\\\/logo\\\/image\\\/\"},\"sameAs\":[\"https:\\\/\\\/www.facebook.com\\\/integramedikal1\",\"https:\\\/\\\/x.com\\\/integramedikal\",\"https:\\\/\\\/www.instagram.com\\\/integramedikal\\\/\",\"https:\\\/\\\/www.youtube.com\\\/user\\\/integramedikal\"]}]}<\/script>\n<!-- \/ Yoast SEO plugin. -->","yoast_head_json":{"title":"PR-448 Al\u00fcminyum Kademeli Walker - \u0130ntegra Medikal | | Ma\u011faza","robots":{"index":"index","follow":"follow","max-snippet":"max-snippet:-1","max-image-preview":"max-image-preview:large","max-video-preview":"max-video-preview:-1"},"canonical":"https:\/\/integramedikal.com\/magaza\/urun\/pr-448-aluminyum-kademeli-walker\/","og_locale":"tr_TR","og_type":"article","og_title":"PR-448 Al\u00fcminyum Kademeli Walker - \u0130ntegra Medikal | | Ma\u011faza","og_description":"Ustaca tasarlanm\u0131\u015f bir mobilite yard\u0131mc\u0131s\u0131 olan PR-448 Al\u00fcminyum Kademeli Y\u00fcr\u00fcte\u00e7&#8217;i tan\u0131tan bu premium \u00fcr\u00fcn, B2B sekt\u00f6r\u00fcndeki i\u015fletme ve kurulu\u015flar\u0131n \u00f6zel ihtiya\u00e7lar\u0131na g\u00f6re uyarlanm\u0131\u015f Y\u00fcr\u00fcte\u00e7 kategorisinde \u00f6ne \u00e7\u0131k\u0131yor. Sa\u011flam yap\u0131s\u0131yla dikkat \u00e7eken PR-448 Walker, sars\u0131lmaz g\u00fcvenilirli\u011fin bir kan\u0131t\u0131d\u0131r ve hastalar, ya\u015fl\u0131lar ve engelli toplulu\u011fu i\u00e7in yeni bir ba\u011f\u0131ms\u0131zl\u0131k d\u00fczeyi ba\u015flatmaya yard\u0131mc\u0131 olur. Kullan\u0131c\u0131 taraf\u0131ndan \u00f6nerilen bir [&hellip;]","og_url":"https:\/\/integramedikal.com\/magaza\/urun\/pr-448-aluminyum-kademeli-walker\/","og_site_name":"\u0130ntegra Medikal | | Ma\u011faza","article_publisher":"https:\/\/www.facebook.com\/integramedikal1","article_modified_time":"2026-02-26T15:08:23+00:00","og_image":[{"width":900,"height":900,"url":"https:\/\/integramedikal.com\/magaza\/wp-content\/uploads\/2025\/06\/PR-448.jpg","type":"image\/jpeg"}],"twitter_card":"summary_large_image","twitter_site":"@integramedikal","twitter_misc":{"Tahmini okuma s\u00fcresi":"3 dakika"},"schema":{"@context":"https:\/\/schema.org","@graph":[{"@type":"WebPage","@id":"https:\/\/integramedikal.com\/magaza\/urun\/pr-448-aluminyum-kademeli-walker\/","url":"https:\/\/integramedikal.com\/magaza\/urun\/pr-448-aluminyum-kademeli-walker\/","name":"PR-448 Al\u00fcminyum Kademeli Walker - \u0130ntegra Medikal | | Ma\u011faza","isPartOf":{"@id":"https:\/\/integramedikal.com\/magaza\/#website"},"primaryImageOfPage":{"@id":"https:\/\/integramedikal.com\/magaza\/urun\/pr-448-aluminyum-kademeli-walker\/#primaryimage"},"image":{"@id":"https:\/\/integramedikal.com\/magaza\/urun\/pr-448-aluminyum-kademeli-walker\/#primaryimage"},"thumbnailUrl":"https:\/\/integramedikal.com\/magaza\/wp-content\/uploads\/2025\/06\/PR-448.jpg","datePublished":"2025-06-02T20:31:52+00:00","dateModified":"2026-02-26T15:08:23+00:00","breadcrumb":{"@id":"https:\/\/integramedikal.com\/magaza\/urun\/pr-448-aluminyum-kademeli-walker\/#breadcrumb"},"inLanguage":"tr","potentialAction":[{"@type":"ReadAction","target":["https:\/\/integramedikal.com\/magaza\/urun\/pr-448-aluminyum-kademeli-walker\/"]}]},{"@type":"ImageObject","inLanguage":"tr","@id":"https:\/\/integramedikal.com\/magaza\/urun\/pr-448-aluminyum-kademeli-walker\/#primaryimage","url":"https:\/\/integramedikal.com\/magaza\/wp-content\/uploads\/2025\/06\/PR-448.jpg","contentUrl":"https:\/\/integramedikal.com\/magaza\/wp-content\/uploads\/2025\/06\/PR-448.jpg","width":900,"height":900},{"@type":"BreadcrumbList","@id":"https:\/\/integramedikal.com\/magaza\/urun\/pr-448-aluminyum-kademeli-walker\/#breadcrumb","itemListElement":[{"@type":"ListItem","position":1,"name":"Anasayfa","item":"https:\/\/integramedikal.com\/magaza\/anasayfa\/"},{"@type":"ListItem","position":2,"name":"Shop","item":"https:\/\/integramedikal.com\/magaza\/shop\/"},{"@type":"ListItem","position":3,"name":"PR-448 Al\u00fcminyum Kademeli Walker"}]},{"@type":"WebSite","@id":"https:\/\/integramedikal.com\/magaza\/#website","url":"https:\/\/integramedikal.com\/magaza\/","name":"\u0130ntegra Medikal < | | >Ma\u011faza","description":"Sa\u011fl\u0131kta Kalite | Sekt\u00f6rde 25. Y\u0131l","publisher":{"@id":"https:\/\/integramedikal.com\/magaza\/#organization"},"potentialAction":[{"@type":"SearchAction","target":{"@type":"EntryPoint","urlTemplate":"https:\/\/integramedikal.com\/magaza\/?s={search_term_string}"},"query-input":{"@type":"PropertyValueSpecification","valueRequired":true,"valueName":"search_term_string"}}],"inLanguage":"tr"},{"@type":"Organization","@id":"https:\/\/integramedikal.com\/magaza\/#organization","name":"\u0130ntegra Medikal < | | >Ma\u011faza","url":"https:\/\/integramedikal.com\/magaza\/","logo":{"@type":"ImageObject","inLanguage":"tr","@id":"https:\/\/integramedikal.com\/magaza\/#\/schema\/logo\/image\/","url":"https:\/\/integramedikal.com\/magaza\/wp-content\/uploads\/2025\/06\/integra-logo-1.png","contentUrl":"https:\/\/integramedikal.com\/magaza\/wp-content\/uploads\/2025\/06\/integra-logo-1.png","width":340,"height":156,"caption":"\u0130ntegra Medikal < | | >Ma\u011faza"},"image":{"@id":"https:\/\/integramedikal.com\/magaza\/#\/schema\/logo\/image\/"},"sameAs":["https:\/\/www.facebook.com\/integramedikal1","https:\/\/x.com\/integramedikal","https:\/\/www.instagram.com\/integramedikal\/","https:\/\/www.youtube.com\/user\/integramedikal"]}]}},"_links":{"self":[{"href":"https:\/\/integramedikal.com\/magaza\/wp-json\/wp\/v2\/product\/1693","targetHints":{"allow":["GET"]}}],"collection":[{"href":"https:\/\/integramedikal.com\/magaza\/wp-json\/wp\/v2\/product"}],"about":[{"href":"https:\/\/integramedikal.com\/magaza\/wp-json\/wp\/v2\/types\/product"}],"replies":[{"embeddable":true,"href":"https:\/\/integramedikal.com\/magaza\/wp-json\/wp\/v2\/comments?post=1693"}],"wp:featuredmedia":[{"embeddable":true,"href":"https:\/\/integramedikal.com\/magaza\/wp-json\/wp\/v2\/media\/1703"}],"wp:attachment":[{"href":"https:\/\/integramedikal.com\/magaza\/wp-json\/wp\/v2\/media?parent=1693"}],"wp:term":[{"taxonomy":"product_brand","embeddable":true,"href":"https:\/\/integramedikal.com\/magaza\/wp-json\/wp\/v2\/product_brand?post=1693"},{"taxonomy":"product_cat","embeddable":true,"href":"https:\/\/integramedikal.com\/magaza\/wp-json\/wp\/v2\/product_cat?post=1693"},{"taxonomy":"product_tag","embeddable":true,"href":"https:\/\/integramedikal.com\/magaza\/wp-json\/wp\/v2\/product_tag?post=1693"}],"curies":[{"name":"wp","href":"https:\/\/api.w.org\/{rel}","templated":true}]}}