{"id":1691,"date":"2025-06-02T23:31:52","date_gmt":"2025-06-02T20:31:52","guid":{"rendered":"https:\/\/integramedikal.com\/magaza\/?post_type=product&#038;p=1691"},"modified":"2026-02-26T17:44:13","modified_gmt":"2026-02-26T14:44:13","slug":"pr-446-aluminyum-ters-walker","status":"publish","type":"product","link":"https:\/\/integramedikal.com\/magaza\/urun\/pr-446-aluminyum-ters-walker\/","title":{"rendered":"PR-446 Al\u00fcminyum Ters Walker"},"content":{"rendered":"<div>PR-446 Al\u00fcminyum Ters Y\u00fcr\u00fcte\u00e7 ile tan\u0131\u015f\u0131n &#8211; B2B i\u015fletmeleri ve engellilik yard\u0131mlar\u0131 konusunda uzmanla\u015fm\u0131\u015f \u015firketler i\u00e7in kusursuz se\u00e7im. Bu \u00f6zel y\u00fcr\u00fcte\u00e7, sa\u011flaml\u0131\u011f\u0131, g\u00fcvenilirli\u011fi ve \u00f6zel bir demografiye hizmet etmeye olan ba\u011fl\u0131l\u0131\u011f\u0131 ile pazarda \u00f6ne \u00e7\u0131k\u0131yor. Kaliteli mobilite \u00e7\u00f6z\u00fcmlerine duyulan kritik ihtiyac\u0131n fark\u0131nda olan PR-446, hastalar\u0131n, ya\u015fl\u0131lar\u0131n ve engelli toplumun karma\u015f\u0131k taleplerini kar\u015f\u0131lamak i\u00e7in titizlikle haz\u0131rlanm\u0131\u015ft\u0131r.<\/div>\n<div><\/div>\n<div>\u00dcr\u00fcn\u00fcn sa\u011flam g\u00f6vde yap\u0131s\u0131, dayan\u0131kl\u0131l\u0131\u011f\u0131n\u0131n bir kan\u0131t\u0131d\u0131r. Kullan\u0131c\u0131lar\u0131 verimli bir \u015fekilde desteklemek i\u00e7in tasarlanan bu hasta y\u00fcr\u00fcte\u00e7, ba\u011f\u0131ms\u0131zl\u0131\u011f\u0131 ve hareketlili\u011fi te\u015fvik etmede g\u00fcvenilir bir ortak haline gelir. Ayn\u0131 derecede \u00f6nemli olan, b\u00fct\u00e7e bilincine sahip y\u00f6n\u00fcd\u00fcr. \u00dcst\u00fcn tasar\u0131m\u0131na ve g\u00fcvenilirli\u011fine ra\u011fmen, PR-446 ekonomik bir \u00fcr\u00fcn olmaya devam ediyor &#8211; bu da kaliteden \u00f6d\u00fcn vermeden m\u00fc\u015fterilerine de\u011fer sunmak isteyen i\u015fletmeler aras\u0131nda yank\u0131 uyand\u0131ran rekabet\u00e7i bir \u00f6zellik olarak \u00f6ne \u00e7\u0131kmaktad\u0131r.<\/div>\n<div><\/div>\n<div><b>E\u015fsiz Garanti ve G\u00fcvence<\/b><\/div>\n<div><b><br \/><\/b><\/div>\n<div>Her PR-446 Al\u00fcminyum Ters Y\u00fcr\u00fcte\u00e7, \u00fcreticisinin uzun \u00f6m\u00fcrl\u00fcl\u00fc\u011f\u00fcne ve performans\u0131na olan g\u00fcveninin a\u00e7\u0131k bir g\u00f6stergesi olan ola\u011fan\u00fcst\u00fc bir 2 y\u0131ll\u0131k garanti ile birlikte gelir. Bu t\u00fcr bir garanti kapsam\u0131, hem i\u015fletmelere hem de kullan\u0131c\u0131lara, ihtiya\u00e7 duyuldu\u011funda destek ve hizmetin haz\u0131r oldu\u011funu bilerek g\u00fcvenli bir yat\u0131r\u0131m g\u00fcvencesi verir. Bu fakt\u00f6r, \u00f6zellikle zaman i\u00e7inde g\u00fcvenilirli\u011fe de\u011fer veren ya\u015fl\u0131 y\u00fcr\u00fcte\u00e7 segmenti i\u00e7in de dikkat \u00e7ekicidir.<\/div>\n<div><\/div>\n<div>Dayan\u0131kl\u0131 bir \u00fcr\u00fcn\u00fcn garantisi, engelli y\u00fcr\u00fcte\u00e7 kitlesinin beklentileriyle m\u00fckemmel bir \u015fekilde uyumludur. Kullan\u0131c\u0131lar\u0131n, gelecek y\u0131llarda kendilerine yard\u0131mc\u0131 olmas\u0131 i\u00e7in g\u00fcnl\u00fck arkada\u015flar\u0131na g\u00fcvenebilmelerini sa\u011flar. \u00dcstelik garanti sadece bir de\u011fi\u015ftirme vaadi de\u011fildir; \u00dcreticinin kaliteye olan ba\u011fl\u0131l\u0131\u011f\u0131n\u0131 ve mobilitede kesintisiz yard\u0131m\u0131n \u00f6nemini anlamas\u0131n\u0131 sembolize eder.<\/div>\n<div><\/div>\n<div><b>Son Kullan\u0131c\u0131 Memnuniyeti ve Lojistik M\u00fckemmelli\u011fi<\/b><\/div>\n<div><b><br \/><\/b><\/div>\n<div>Kullan\u0131c\u0131 taraf\u0131ndan \u00f6nerilen bir mucize olan PR-446 Al\u00fcminyum Ters Y\u00fcr\u00fcte\u00e7, i\u015flevselli\u011fi ve kullan\u0131m kolayl\u0131\u011f\u0131 nedeniyle olumlu geri bildirimler alan bir \u00fcr\u00fcn\u00fc \u00f6zetler. Kullan\u0131c\u0131lar\u0131n\u0131n ihtiya\u00e7lar\u0131n\u0131 kolayla\u015ft\u0131rmak i\u00e7in \u00f6zel olarak tasarlanan bu y\u00fcr\u00fcte\u00e7, kullan\u0131c\u0131 memnuniyetini savunan profesyonel al\u0131c\u0131lar\u0131n tercihi olmak i\u00e7in t\u00fcm do\u011fru kutular\u0131 i\u015faretler. Onu her g\u00fcn kullanan insanlardan ald\u0131\u011f\u0131 s\u00fcrekli olumlu geri bildirimler ise pop\u00fclerli\u011finin bir kan\u0131t\u0131d\u0131r.<\/div>\n<div><\/div>\n<div>\u00c7ekici \u00f6zelliklerine ek olarak, h\u0131zl\u0131 sevkiyat\u0131n avantaj\u0131d\u0131r. Bu hasta y\u00fcr\u00fcte\u00e7 sadece m\u00fckemmel bir varl\u0131k de\u011fil, ayn\u0131 zamanda\u00a0 h\u0131zl\u0131 teslimat zaman se\u00e7enekleriyle, envanterleri i\u00e7in h\u0131zl\u0131 ve kesintisiz tedarike de\u011fer veren B2B m\u00fc\u015fterileri i\u00e7in \u00e7ok \u00f6nemlidir. H\u0131zl\u0131 sevkiyat g\u00fcvencesi, markan\u0131n verimli hizmet taahh\u00fcd\u00fcn\u00fcn bir kan\u0131t\u0131 olarak duruyor ve PR-446&#8217;y\u0131 pazarda g\u00fcvenilir ve duyarl\u0131 bir mobilite yard\u0131mc\u0131s\u0131 olarak sa\u011flamla\u015ft\u0131r\u0131yor.<\/div>\n<div><\/div>\n<p><div  id=\"btn_klavuz\"  class='avia-button-wrap av-av_button-1aabd7898d53e5db3e9b8c8988a39714-wrap avia-button-left  avia-builder-el-0  el_before_av_button  avia-builder-el-first '><a href='https:\/\/www.integramedikal.com\/magaza\/upload\/kilavuz\/91-pr-446-aluminyum-ters-walker.pdf'  class='avia-button av-av_button-1aabd7898d53e5db3e9b8c8988a39714 av-link-btn avia-icon_select-yes-left-icon avia-size-medium avia-position-left avia-color-theme-color-highlight'  target=\"_blank\"  rel=\"noopener noreferrer\"  aria-label=\"Kullan\u0131m K\u0131lavuzu\"><span class='avia_button_icon avia_button_icon_left avia-svg-icon avia-font-svg_entypo-fontello' data-av_svg_icon='book-open' data-av_iconset='svg_entypo-fontello'><svg version=\"1.1\" xmlns=\"http:\/\/www.w3.org\/2000\/svg\" width=\"29\" height=\"32\" viewBox=\"0 0 29 32\" preserveAspectRatio=\"xMidYMid meet\" aria-labelledby='av-svg-title-1' aria-describedby='av-svg-desc-1' role=\"graphics-symbol\">\n<title id='av-svg-title-1'>Book-open<\/title>\n<desc id='av-svg-desc-1'>Book-open<\/desc>\n<path d=\"M10.88 19.584v2.176l-6.4-2.56v-2.176zM10.88 12.928v2.176l-6.4-2.56v-2.176zM28.096 1.856q0.704 0.384 0.704 1.344v20.48q0 1.088-1.024 1.472l-12.736 5.12q-0.256 0.064-0.32 0.064t-0.16 0.032-0.16 0.032-0.16-0.032-0.16-0.032l-0.32-0.064-12.736-5.12q-1.024-0.384-1.024-1.472v-20.48q0-0.96 0.704-1.344 0.704-0.512 1.472-0.192l12.224 4.928 12.224-4.928q0.768-0.32 1.472 0.192zM12.8 27.072v-17.92l-10.24-4.096v17.92zM26.24 22.976v-17.92l-10.24 4.096v17.92zM24.32 17.024v2.176l-6.4 2.56v-2.176zM24.32 10.368v2.176l-6.4 2.56v-2.176z\"><\/path>\n<\/svg><\/span><span class='avia_iconbox_title' >Kullan\u0131m K\u0131lavuzu<\/span><\/a><\/div> <div  id=\"btn_teknikbilgi\"  class='avia-button-wrap av-av_button-e069d87ec5d6298b9b6c476e2dc5aa4e-wrap avia-button-left  avia-builder-el-1  el_after_av_button  avia-builder-el-last '><a href='javascript:void(0);'  class='avia-button av-av_button-e069d87ec5d6298b9b6c476e2dc5aa4e av-link-btn avia-icon_select-yes-left-icon avia-size-medium avia-position-left avia-color-theme-color-highlight'   aria-label=\"Teknik Bilgi\"><span class='avia_button_icon avia_button_icon_left avia-svg-icon avia-font-svg_entypo-fontello' data-av_svg_icon='cog' data-av_iconset='svg_entypo-fontello'><svg version=\"1.1\" xmlns=\"http:\/\/www.w3.org\/2000\/svg\" width=\"27\" height=\"32\" viewBox=\"0 0 27 32\" preserveAspectRatio=\"xMidYMid meet\" aria-labelledby='av-svg-title-2' aria-describedby='av-svg-desc-2' role=\"graphics-symbol\">\n<title id='av-svg-title-2'>Cog<\/title>\n<desc id='av-svg-desc-2'>Cog<\/desc>\n<path d=\"M24.32 16q0 2.304 2.56 3.904-0.384 1.28-1.088 2.624-2.24-0.576-4.352 1.408-1.728 1.856-1.088 4.352-1.28 0.64-2.688 1.152-1.472-2.624-4.224-2.624t-4.224 2.624q-1.408-0.512-2.688-1.152 0.64-2.56-1.088-4.352-1.728-1.728-4.352-1.088-0.448-0.832-1.088-2.624 2.624-1.664 2.624-4.224 0-2.304-2.624-3.968 0.64-1.792 1.088-2.624 2.368 0.576 4.352-1.408 1.728-1.792 1.088-4.352 1.344-0.704 2.688-1.088 1.472 2.56 4.224 2.56t4.224-2.56q1.344 0.384 2.688 1.088-0.64 2.496 1.088 4.352 2.112 1.984 4.352 1.408 0.704 1.344 1.088 2.624-2.56 1.6-2.56 3.968zM13.44 21.824q2.432 0 4.128-1.696t1.696-4.128-1.696-4.16-4.128-1.728-4.128 1.728-1.696 4.16 1.696 4.128 4.128 1.696z\"><\/path>\n<\/svg><\/span><span class='avia_iconbox_title' >Teknik Bilgi<\/span><\/a><\/div><\/p>\n","protected":false},"excerpt":{"rendered":"<p>PR-446 Al\u00fcminyum Ters Y\u00fcr\u00fcte\u00e7 ile tan\u0131\u015f\u0131n &#8211; B2B i\u015fletmeleri ve engellilik yard\u0131mlar\u0131 konusunda uzmanla\u015fm\u0131\u015f \u015firketler i\u00e7in kusursuz se\u00e7im. Bu \u00f6zel y\u00fcr\u00fcte\u00e7, sa\u011flaml\u0131\u011f\u0131, g\u00fcvenilirli\u011fi ve \u00f6zel bir demografiye hizmet etmeye olan ba\u011fl\u0131l\u0131\u011f\u0131 ile pazarda \u00f6ne \u00e7\u0131k\u0131yor. Kaliteli mobilite \u00e7\u00f6z\u00fcmlerine duyulan kritik ihtiyac\u0131n fark\u0131nda olan PR-446, hastalar\u0131n, ya\u015fl\u0131lar\u0131n ve engelli toplumun karma\u015f\u0131k taleplerini kar\u015f\u0131lamak i\u00e7in titizlikle haz\u0131rlanm\u0131\u015ft\u0131r. [&hellip;]<\/p>\n","protected":false},"featured_media":1701,"comment_status":"open","ping_status":"closed","template":"","meta":[],"product_brand":[],"product_cat":[600],"product_tag":[],"class_list":{"0":"post-1691","1":"product","2":"type-product","3":"status-publish","4":"has-post-thumbnail","6":"product_cat-yurume-gruplari","8":"first","9":"outofstock","10":"sale","11":"taxable","12":"shipping-taxable","13":"purchasable","14":"product-type-simple"},"yoast_head":"<!-- This site is optimized with the Yoast SEO plugin v27.4 - https:\/\/yoast.com\/product\/yoast-seo-wordpress\/ -->\n<title>PR-446 Al\u00fcminyum Ters Walker - \u0130ntegra Medikal | | Ma\u011faza<\/title>\n<meta name=\"robots\" content=\"index, follow, max-snippet:-1, max-image-preview:large, max-video-preview:-1\" \/>\n<link rel=\"canonical\" href=\"https:\/\/integramedikal.com\/magaza\/urun\/pr-446-aluminyum-ters-walker\/\" \/>\n<meta property=\"og:locale\" content=\"tr_TR\" \/>\n<meta property=\"og:type\" content=\"article\" \/>\n<meta property=\"og:title\" content=\"PR-446 Al\u00fcminyum Ters Walker - \u0130ntegra Medikal | | Ma\u011faza\" \/>\n<meta property=\"og:description\" content=\"PR-446 Al\u00fcminyum Ters Y\u00fcr\u00fcte\u00e7 ile tan\u0131\u015f\u0131n &#8211; B2B i\u015fletmeleri ve engellilik yard\u0131mlar\u0131 konusunda uzmanla\u015fm\u0131\u015f \u015firketler i\u00e7in kusursuz se\u00e7im. Bu \u00f6zel y\u00fcr\u00fcte\u00e7, sa\u011flaml\u0131\u011f\u0131, g\u00fcvenilirli\u011fi ve \u00f6zel bir demografiye hizmet etmeye olan ba\u011fl\u0131l\u0131\u011f\u0131 ile pazarda \u00f6ne \u00e7\u0131k\u0131yor. Kaliteli mobilite \u00e7\u00f6z\u00fcmlerine duyulan kritik ihtiyac\u0131n fark\u0131nda olan PR-446, hastalar\u0131n, ya\u015fl\u0131lar\u0131n ve engelli toplumun karma\u015f\u0131k taleplerini kar\u015f\u0131lamak i\u00e7in titizlikle haz\u0131rlanm\u0131\u015ft\u0131r. [&hellip;]\" \/>\n<meta property=\"og:url\" content=\"https:\/\/integramedikal.com\/magaza\/urun\/pr-446-aluminyum-ters-walker\/\" \/>\n<meta property=\"og:site_name\" content=\"\u0130ntegra Medikal | | Ma\u011faza\" \/>\n<meta property=\"article:publisher\" content=\"https:\/\/www.facebook.com\/integramedikal1\" \/>\n<meta property=\"article:modified_time\" content=\"2026-02-26T14:44:13+00:00\" \/>\n<meta property=\"og:image\" content=\"https:\/\/integramedikal.com\/magaza\/wp-content\/uploads\/2025\/06\/b54fs8.jpg\" \/>\n\t<meta property=\"og:image:width\" content=\"900\" \/>\n\t<meta property=\"og:image:height\" content=\"900\" \/>\n\t<meta property=\"og:image:type\" content=\"image\/jpeg\" \/>\n<meta name=\"twitter:card\" content=\"summary_large_image\" \/>\n<meta name=\"twitter:site\" content=\"@integramedikal\" \/>\n<meta name=\"twitter:label1\" content=\"Tahmini okuma s\u00fcresi\" \/>\n\t<meta name=\"twitter:data1\" content=\"3 dakika\" \/>\n<script type=\"application\/ld+json\" class=\"yoast-schema-graph\">{\"@context\":\"https:\\\/\\\/schema.org\",\"@graph\":[{\"@type\":\"WebPage\",\"@id\":\"https:\\\/\\\/integramedikal.com\\\/magaza\\\/urun\\\/pr-446-aluminyum-ters-walker\\\/\",\"url\":\"https:\\\/\\\/integramedikal.com\\\/magaza\\\/urun\\\/pr-446-aluminyum-ters-walker\\\/\",\"name\":\"PR-446 Al\u00fcminyum Ters Walker - \u0130ntegra Medikal | | Ma\u011faza\",\"isPartOf\":{\"@id\":\"https:\\\/\\\/integramedikal.com\\\/magaza\\\/#website\"},\"primaryImageOfPage\":{\"@id\":\"https:\\\/\\\/integramedikal.com\\\/magaza\\\/urun\\\/pr-446-aluminyum-ters-walker\\\/#primaryimage\"},\"image\":{\"@id\":\"https:\\\/\\\/integramedikal.com\\\/magaza\\\/urun\\\/pr-446-aluminyum-ters-walker\\\/#primaryimage\"},\"thumbnailUrl\":\"https:\\\/\\\/integramedikal.com\\\/magaza\\\/wp-content\\\/uploads\\\/2025\\\/06\\\/b54fs8.jpg\",\"datePublished\":\"2025-06-02T20:31:52+00:00\",\"dateModified\":\"2026-02-26T14:44:13+00:00\",\"breadcrumb\":{\"@id\":\"https:\\\/\\\/integramedikal.com\\\/magaza\\\/urun\\\/pr-446-aluminyum-ters-walker\\\/#breadcrumb\"},\"inLanguage\":\"tr\",\"potentialAction\":[{\"@type\":\"ReadAction\",\"target\":[\"https:\\\/\\\/integramedikal.com\\\/magaza\\\/urun\\\/pr-446-aluminyum-ters-walker\\\/\"]}]},{\"@type\":\"ImageObject\",\"inLanguage\":\"tr\",\"@id\":\"https:\\\/\\\/integramedikal.com\\\/magaza\\\/urun\\\/pr-446-aluminyum-ters-walker\\\/#primaryimage\",\"url\":\"https:\\\/\\\/integramedikal.com\\\/magaza\\\/wp-content\\\/uploads\\\/2025\\\/06\\\/b54fs8.jpg\",\"contentUrl\":\"https:\\\/\\\/integramedikal.com\\\/magaza\\\/wp-content\\\/uploads\\\/2025\\\/06\\\/b54fs8.jpg\",\"width\":900,\"height\":900},{\"@type\":\"BreadcrumbList\",\"@id\":\"https:\\\/\\\/integramedikal.com\\\/magaza\\\/urun\\\/pr-446-aluminyum-ters-walker\\\/#breadcrumb\",\"itemListElement\":[{\"@type\":\"ListItem\",\"position\":1,\"name\":\"Anasayfa\",\"item\":\"https:\\\/\\\/integramedikal.com\\\/magaza\\\/anasayfa\\\/\"},{\"@type\":\"ListItem\",\"position\":2,\"name\":\"Shop\",\"item\":\"https:\\\/\\\/integramedikal.com\\\/magaza\\\/shop\\\/\"},{\"@type\":\"ListItem\",\"position\":3,\"name\":\"PR-446 Al\u00fcminyum Ters Walker\"}]},{\"@type\":\"WebSite\",\"@id\":\"https:\\\/\\\/integramedikal.com\\\/magaza\\\/#website\",\"url\":\"https:\\\/\\\/integramedikal.com\\\/magaza\\\/\",\"name\":\"\u0130ntegra Medikal < | | >Ma\u011faza\",\"description\":\"Sa\u011fl\u0131kta Kalite | Sekt\u00f6rde 25. Y\u0131l\",\"publisher\":{\"@id\":\"https:\\\/\\\/integramedikal.com\\\/magaza\\\/#organization\"},\"potentialAction\":[{\"@type\":\"SearchAction\",\"target\":{\"@type\":\"EntryPoint\",\"urlTemplate\":\"https:\\\/\\\/integramedikal.com\\\/magaza\\\/?s={search_term_string}\"},\"query-input\":{\"@type\":\"PropertyValueSpecification\",\"valueRequired\":true,\"valueName\":\"search_term_string\"}}],\"inLanguage\":\"tr\"},{\"@type\":\"Organization\",\"@id\":\"https:\\\/\\\/integramedikal.com\\\/magaza\\\/#organization\",\"name\":\"\u0130ntegra Medikal < | | >Ma\u011faza\",\"url\":\"https:\\\/\\\/integramedikal.com\\\/magaza\\\/\",\"logo\":{\"@type\":\"ImageObject\",\"inLanguage\":\"tr\",\"@id\":\"https:\\\/\\\/integramedikal.com\\\/magaza\\\/#\\\/schema\\\/logo\\\/image\\\/\",\"url\":\"https:\\\/\\\/integramedikal.com\\\/magaza\\\/wp-content\\\/uploads\\\/2025\\\/06\\\/integra-logo-1.png\",\"contentUrl\":\"https:\\\/\\\/integramedikal.com\\\/magaza\\\/wp-content\\\/uploads\\\/2025\\\/06\\\/integra-logo-1.png\",\"width\":340,\"height\":156,\"caption\":\"\u0130ntegra Medikal < | | >Ma\u011faza\"},\"image\":{\"@id\":\"https:\\\/\\\/integramedikal.com\\\/magaza\\\/#\\\/schema\\\/logo\\\/image\\\/\"},\"sameAs\":[\"https:\\\/\\\/www.facebook.com\\\/integramedikal1\",\"https:\\\/\\\/x.com\\\/integramedikal\",\"https:\\\/\\\/www.instagram.com\\\/integramedikal\\\/\",\"https:\\\/\\\/www.youtube.com\\\/user\\\/integramedikal\"]}]}<\/script>\n<!-- \/ Yoast SEO plugin. -->","yoast_head_json":{"title":"PR-446 Al\u00fcminyum Ters Walker - \u0130ntegra Medikal | | Ma\u011faza","robots":{"index":"index","follow":"follow","max-snippet":"max-snippet:-1","max-image-preview":"max-image-preview:large","max-video-preview":"max-video-preview:-1"},"canonical":"https:\/\/integramedikal.com\/magaza\/urun\/pr-446-aluminyum-ters-walker\/","og_locale":"tr_TR","og_type":"article","og_title":"PR-446 Al\u00fcminyum Ters Walker - \u0130ntegra Medikal | | Ma\u011faza","og_description":"PR-446 Al\u00fcminyum Ters Y\u00fcr\u00fcte\u00e7 ile tan\u0131\u015f\u0131n &#8211; B2B i\u015fletmeleri ve engellilik yard\u0131mlar\u0131 konusunda uzmanla\u015fm\u0131\u015f \u015firketler i\u00e7in kusursuz se\u00e7im. Bu \u00f6zel y\u00fcr\u00fcte\u00e7, sa\u011flaml\u0131\u011f\u0131, g\u00fcvenilirli\u011fi ve \u00f6zel bir demografiye hizmet etmeye olan ba\u011fl\u0131l\u0131\u011f\u0131 ile pazarda \u00f6ne \u00e7\u0131k\u0131yor. Kaliteli mobilite \u00e7\u00f6z\u00fcmlerine duyulan kritik ihtiyac\u0131n fark\u0131nda olan PR-446, hastalar\u0131n, ya\u015fl\u0131lar\u0131n ve engelli toplumun karma\u015f\u0131k taleplerini kar\u015f\u0131lamak i\u00e7in titizlikle haz\u0131rlanm\u0131\u015ft\u0131r. [&hellip;]","og_url":"https:\/\/integramedikal.com\/magaza\/urun\/pr-446-aluminyum-ters-walker\/","og_site_name":"\u0130ntegra Medikal | | Ma\u011faza","article_publisher":"https:\/\/www.facebook.com\/integramedikal1","article_modified_time":"2026-02-26T14:44:13+00:00","og_image":[{"width":900,"height":900,"url":"https:\/\/integramedikal.com\/magaza\/wp-content\/uploads\/2025\/06\/b54fs8.jpg","type":"image\/jpeg"}],"twitter_card":"summary_large_image","twitter_site":"@integramedikal","twitter_misc":{"Tahmini okuma s\u00fcresi":"3 dakika"},"schema":{"@context":"https:\/\/schema.org","@graph":[{"@type":"WebPage","@id":"https:\/\/integramedikal.com\/magaza\/urun\/pr-446-aluminyum-ters-walker\/","url":"https:\/\/integramedikal.com\/magaza\/urun\/pr-446-aluminyum-ters-walker\/","name":"PR-446 Al\u00fcminyum Ters Walker - \u0130ntegra Medikal | | Ma\u011faza","isPartOf":{"@id":"https:\/\/integramedikal.com\/magaza\/#website"},"primaryImageOfPage":{"@id":"https:\/\/integramedikal.com\/magaza\/urun\/pr-446-aluminyum-ters-walker\/#primaryimage"},"image":{"@id":"https:\/\/integramedikal.com\/magaza\/urun\/pr-446-aluminyum-ters-walker\/#primaryimage"},"thumbnailUrl":"https:\/\/integramedikal.com\/magaza\/wp-content\/uploads\/2025\/06\/b54fs8.jpg","datePublished":"2025-06-02T20:31:52+00:00","dateModified":"2026-02-26T14:44:13+00:00","breadcrumb":{"@id":"https:\/\/integramedikal.com\/magaza\/urun\/pr-446-aluminyum-ters-walker\/#breadcrumb"},"inLanguage":"tr","potentialAction":[{"@type":"ReadAction","target":["https:\/\/integramedikal.com\/magaza\/urun\/pr-446-aluminyum-ters-walker\/"]}]},{"@type":"ImageObject","inLanguage":"tr","@id":"https:\/\/integramedikal.com\/magaza\/urun\/pr-446-aluminyum-ters-walker\/#primaryimage","url":"https:\/\/integramedikal.com\/magaza\/wp-content\/uploads\/2025\/06\/b54fs8.jpg","contentUrl":"https:\/\/integramedikal.com\/magaza\/wp-content\/uploads\/2025\/06\/b54fs8.jpg","width":900,"height":900},{"@type":"BreadcrumbList","@id":"https:\/\/integramedikal.com\/magaza\/urun\/pr-446-aluminyum-ters-walker\/#breadcrumb","itemListElement":[{"@type":"ListItem","position":1,"name":"Anasayfa","item":"https:\/\/integramedikal.com\/magaza\/anasayfa\/"},{"@type":"ListItem","position":2,"name":"Shop","item":"https:\/\/integramedikal.com\/magaza\/shop\/"},{"@type":"ListItem","position":3,"name":"PR-446 Al\u00fcminyum Ters Walker"}]},{"@type":"WebSite","@id":"https:\/\/integramedikal.com\/magaza\/#website","url":"https:\/\/integramedikal.com\/magaza\/","name":"\u0130ntegra Medikal < | | >Ma\u011faza","description":"Sa\u011fl\u0131kta Kalite | Sekt\u00f6rde 25. Y\u0131l","publisher":{"@id":"https:\/\/integramedikal.com\/magaza\/#organization"},"potentialAction":[{"@type":"SearchAction","target":{"@type":"EntryPoint","urlTemplate":"https:\/\/integramedikal.com\/magaza\/?s={search_term_string}"},"query-input":{"@type":"PropertyValueSpecification","valueRequired":true,"valueName":"search_term_string"}}],"inLanguage":"tr"},{"@type":"Organization","@id":"https:\/\/integramedikal.com\/magaza\/#organization","name":"\u0130ntegra Medikal < | | >Ma\u011faza","url":"https:\/\/integramedikal.com\/magaza\/","logo":{"@type":"ImageObject","inLanguage":"tr","@id":"https:\/\/integramedikal.com\/magaza\/#\/schema\/logo\/image\/","url":"https:\/\/integramedikal.com\/magaza\/wp-content\/uploads\/2025\/06\/integra-logo-1.png","contentUrl":"https:\/\/integramedikal.com\/magaza\/wp-content\/uploads\/2025\/06\/integra-logo-1.png","width":340,"height":156,"caption":"\u0130ntegra Medikal < | | >Ma\u011faza"},"image":{"@id":"https:\/\/integramedikal.com\/magaza\/#\/schema\/logo\/image\/"},"sameAs":["https:\/\/www.facebook.com\/integramedikal1","https:\/\/x.com\/integramedikal","https:\/\/www.instagram.com\/integramedikal\/","https:\/\/www.youtube.com\/user\/integramedikal"]}]}},"_links":{"self":[{"href":"https:\/\/integramedikal.com\/magaza\/wp-json\/wp\/v2\/product\/1691","targetHints":{"allow":["GET"]}}],"collection":[{"href":"https:\/\/integramedikal.com\/magaza\/wp-json\/wp\/v2\/product"}],"about":[{"href":"https:\/\/integramedikal.com\/magaza\/wp-json\/wp\/v2\/types\/product"}],"replies":[{"embeddable":true,"href":"https:\/\/integramedikal.com\/magaza\/wp-json\/wp\/v2\/comments?post=1691"}],"wp:featuredmedia":[{"embeddable":true,"href":"https:\/\/integramedikal.com\/magaza\/wp-json\/wp\/v2\/media\/1701"}],"wp:attachment":[{"href":"https:\/\/integramedikal.com\/magaza\/wp-json\/wp\/v2\/media?parent=1691"}],"wp:term":[{"taxonomy":"product_brand","embeddable":true,"href":"https:\/\/integramedikal.com\/magaza\/wp-json\/wp\/v2\/product_brand?post=1691"},{"taxonomy":"product_cat","embeddable":true,"href":"https:\/\/integramedikal.com\/magaza\/wp-json\/wp\/v2\/product_cat?post=1691"},{"taxonomy":"product_tag","embeddable":true,"href":"https:\/\/integramedikal.com\/magaza\/wp-json\/wp\/v2\/product_tag?post=1691"}],"curies":[{"name":"wp","href":"https:\/\/api.w.org\/{rel}","templated":true}]}}