{"id":1689,"date":"2025-06-02T23:31:52","date_gmt":"2025-06-02T20:31:52","guid":{"rendered":"https:\/\/integramedikal.com\/magaza\/?post_type=product&#038;p=1689"},"modified":"2026-04-01T11:06:39","modified_gmt":"2026-04-01T08:06:39","slug":"pr-444-aluminyum-ters-walker","status":"publish","type":"product","link":"https:\/\/integramedikal.com\/magaza\/urun\/pr-444-aluminyum-ters-walker\/","title":{"rendered":"PR-444 Al\u00fcminyum Ters Walker"},"content":{"rendered":"<div>PR-444 Al\u00fcminyum Ters Y\u00fcr\u00fcte\u00e7, B2B al\u0131c\u0131lar\u0131 ve engelliler i\u00e7in \u00fcst d\u00fczey mobilite yard\u0131mc\u0131lar\u0131 sa\u011flamaya kendini adam\u0131\u015f \u015firketler i\u00e7in \u00f6rnek bir \u00e7\u00f6z\u00fcm. Bu y\u00fcr\u00fcte\u00e7, mobilite konusunda yard\u0131ma ihtiya\u00e7 duyan hastalar\u0131n ve ya\u015fl\u0131lar\u0131n benzersiz gereksinimlerini kar\u015f\u0131lamak i\u00e7in uyarlanm\u0131\u015f g\u00fcvenilirlik ve tasar\u0131m verimlili\u011fini b\u00fcnyesinde bar\u0131nd\u0131r\u0131r. M\u00fc\u015fterilerinizin ihtiya\u00e7lar\u0131n\u0131 destekleme taahh\u00fcd\u00fc ile haz\u0131rlanm\u0131\u015f olan PR-444 Al\u00fcminyum Ters Y\u00fcr\u00fcte\u00e7, yaln\u0131zca bir \u00fcr\u00fcn de\u011fil, ayn\u0131 zamanda geli\u015fmi\u015f ba\u011f\u0131ms\u0131zl\u0131k ve esenli\u011fe a\u00e7\u0131lan bir kap\u0131d\u0131r.<\/div>\n<div><\/div>\n<div>Sa\u011flam bir v\u00fccut yap\u0131s\u0131 ile in\u015fa edilen bu hasta y\u00fcr\u00fcte\u00e7, hareket yard\u0131mc\u0131lar\u0131 denizinde \u00f6ne \u00e7\u0131k\u0131yor. Sa\u011flam yap\u0131, uzun \u00f6m\u00fcr sa\u011flarken, d\u00fc\u015f\u00fcnceli tasar\u0131m\u0131, m\u00fchendisli\u011fine verilen \u00f6zenin bir kan\u0131t\u0131d\u0131r. \u0130\u015flevsellik kadar dayan\u0131kl\u0131l\u0131\u011fa da de\u011fer veren bir pazara y\u00f6nelik olan PR-444 Al\u00fcminyum Ters Y\u00fcr\u00fcte\u00e7, 2 Y\u0131l Garanti ile kalite vaadini yerine getirerek yat\u0131r\u0131m\u0131n\u0131z\u0131n korunmas\u0131n\u0131 ve \u00fcr\u00fcn\u00fcm\u00fcze olan g\u00fcveninizin hakl\u0131 olmas\u0131n\u0131 sa\u011flar.<\/div>\n<div><\/div>\n<div><b>Geli\u015fmi\u015f Mobilite i\u00e7in Optimize Edilmi\u015f Tasar\u0131m<\/b><\/div>\n<div><b><br \/><\/b><\/div>\n<div>Ya\u015fl\u0131 y\u00fcr\u00fcte\u00e7 kullan\u0131c\u0131 taban\u0131n\u0131n farkl\u0131 ihtiya\u00e7lar\u0131n\u0131 kabul eden bu model, tasar\u0131m\u0131nda kullan\u0131c\u0131 \u00f6nerileri \u00f6n planda tutularak geli\u015ftirilmi\u015ftir. PR-444 Al\u00fcminyum Ters Y\u00fcr\u00fcte\u00e7, i\u015fletmelere ve sa\u011fl\u0131k kurulu\u015flar\u0131na kaliteden \u00f6d\u00fcn vermeden uygun maliyetli bir \u00e7\u00f6z\u00fcm sunan ekonomik bir \u00fcr\u00fcnd\u00fcr. Hafif al\u00fcminyum yap\u0131s\u0131, kullan\u0131m kolayl\u0131\u011f\u0131n\u0131 garanti ederek kullan\u0131c\u0131lar\u0131n \u00e7evrelerinde g\u00fcvenle ve rahatl\u0131kla gezinmelerini sa\u011flar.<\/div>\n<div><\/div>\n<div>PR-444 ayr\u0131ca kullan\u0131c\u0131lar aras\u0131nda bir \u00f6zerklik duygusu geli\u015ftirmekten gurur duyar. Engelli y\u00fcr\u00fcte\u00e7in ak\u0131ll\u0131 tasar\u0131m \u00f6zellikleri, hareket kabiliyetini korumak isteyen herhangi bir birey i\u00e7in temel bile\u015fenler olan g\u00fcvenlik ve g\u00fcvenilirli\u011fi destekler. Bir i\u015fletme olarak, m\u00fc\u015fterilerinizin de\u011ferleriyle uyumlu bir \u00fcr\u00fcn sa\u011flamak \u00e7ok \u00f6nemlidir ve PR-444 Al\u00fcminyum Ters Y\u00fcr\u00fcte\u00e7, m\u00fc\u015fteri memnuniyetine yap\u0131lan yat\u0131r\u0131m\u0131n somut bir \u00f6rne\u011fidir.<\/div>\n<div><\/div>\n<div><b>Sorunsuz Sat\u0131n Alma ve Destek<\/b><\/div>\n<div><b><br \/><\/b><\/div>\n<div>Ayr\u0131ca, \u00f6rnek hizmet taahh\u00fcd\u00fcm\u00fcz sadece \u00fcr\u00fcn \u00f6zelliklerinin \u00f6tesine uzan\u0131r. H\u0131zl\u0131 sevkiyat ile sipari\u015flere h\u0131zl\u0131 bir \u015fekilde yan\u0131t vererek, bu t\u00fcr temel ekipmanlara eri\u015filebilirli\u011fin zamana duyarl\u0131 oldu\u011funu anl\u0131yoruz. PR-444 Al\u00fcminyum Ters Y\u00fcr\u00fcte\u00e7, yaln\u0131zca sorunsuz \u00e7al\u0131\u015fma i\u00e7in de\u011fil, ayn\u0131 zamanda sorunsuz sat\u0131n alma i\u00e7in de tasarlanm\u0131\u015ft\u0131r ve m\u00fc\u015fterilerinizin bir ihtiyac\u0131 oldu\u011funda h\u0131zl\u0131 ve verimli bir \u015fekilde teslim etmemizi sa\u011flar.<\/div>\n<div><\/div>\n<div>Engelliler i\u00e7in y\u00fcr\u00fcte\u00e7lerin dinamik pazar\u0131nda, sunulan \u00fcr\u00fcnlerin yaln\u0131zca end\u00fcstri standartlar\u0131n\u0131 kar\u015f\u0131lamas\u0131 de\u011fil, ayn\u0131 zamanda a\u015fmas\u0131 da \u00e7ok \u00f6nemlidir. PR-444 Al\u00fcminyum Ters Y\u00fcr\u00fcte\u00e7 bu g\u00f6revi yerine getirmeye haz\u0131rlan\u0131yor. Pazara girerken, bu hasta y\u00fcr\u00fcte\u00e7 ba\u015fkalar\u0131n\u0131n arzu etmesi i\u00e7in yeni bir \u00f6l\u00e7\u00fct belirliyor. Envanteriniz i\u00e7in ekonomik bir se\u00e7im, kullan\u0131c\u0131lar i\u00e7in tercih edilen bir se\u00e7enek ve kaliteye olan ba\u011fl\u0131l\u0131\u011f\u0131n\u0131z\u0131n bir ifadesidir.<\/div>\n<div><\/div>\n<p><div  id=\"btn_klavuz\"  class='avia-button-wrap av-av_button-e53237a5185506bad18b94c4f81f547b-wrap avia-button-left  avia-builder-el-0  el_before_av_button  avia-builder-el-first '><a href='https:\/\/www.integramedikal.com\/magaza\/upload\/kilavuz\/89-pr-444-aluminyum-ters-walker.pdf'  class='avia-button av-av_button-e53237a5185506bad18b94c4f81f547b av-link-btn avia-icon_select-yes-left-icon avia-size-medium avia-position-left avia-color-theme-color-highlight'  target=\"_blank\"  rel=\"noopener noreferrer\"  aria-label=\"Kullan\u0131m K\u0131lavuzu\"><span class='avia_button_icon avia_button_icon_left avia-svg-icon avia-font-svg_entypo-fontello' data-av_svg_icon='book-open' data-av_iconset='svg_entypo-fontello'><svg version=\"1.1\" xmlns=\"http:\/\/www.w3.org\/2000\/svg\" width=\"29\" height=\"32\" viewBox=\"0 0 29 32\" preserveAspectRatio=\"xMidYMid meet\" aria-labelledby='av-svg-title-1' aria-describedby='av-svg-desc-1' role=\"graphics-symbol\">\n<title id='av-svg-title-1'>Book-open<\/title>\n<desc id='av-svg-desc-1'>Book-open<\/desc>\n<path d=\"M10.88 19.584v2.176l-6.4-2.56v-2.176zM10.88 12.928v2.176l-6.4-2.56v-2.176zM28.096 1.856q0.704 0.384 0.704 1.344v20.48q0 1.088-1.024 1.472l-12.736 5.12q-0.256 0.064-0.32 0.064t-0.16 0.032-0.16 0.032-0.16-0.032-0.16-0.032l-0.32-0.064-12.736-5.12q-1.024-0.384-1.024-1.472v-20.48q0-0.96 0.704-1.344 0.704-0.512 1.472-0.192l12.224 4.928 12.224-4.928q0.768-0.32 1.472 0.192zM12.8 27.072v-17.92l-10.24-4.096v17.92zM26.24 22.976v-17.92l-10.24 4.096v17.92zM24.32 17.024v2.176l-6.4 2.56v-2.176zM24.32 10.368v2.176l-6.4 2.56v-2.176z\"><\/path>\n<\/svg><\/span><span class='avia_iconbox_title' >Kullan\u0131m K\u0131lavuzu<\/span><\/a><\/div> <div  id=\"btn_teknikbilgi\"  class='avia-button-wrap av-av_button-e069d87ec5d6298b9b6c476e2dc5aa4e-wrap avia-button-left  avia-builder-el-1  el_after_av_button  avia-builder-el-last '><a href='javascript:void(0);'  class='avia-button av-av_button-e069d87ec5d6298b9b6c476e2dc5aa4e av-link-btn avia-icon_select-yes-left-icon avia-size-medium avia-position-left avia-color-theme-color-highlight'   aria-label=\"Teknik Bilgi\"><span class='avia_button_icon avia_button_icon_left avia-svg-icon avia-font-svg_entypo-fontello' data-av_svg_icon='cog' data-av_iconset='svg_entypo-fontello'><svg version=\"1.1\" xmlns=\"http:\/\/www.w3.org\/2000\/svg\" width=\"27\" height=\"32\" viewBox=\"0 0 27 32\" preserveAspectRatio=\"xMidYMid meet\" aria-labelledby='av-svg-title-2' aria-describedby='av-svg-desc-2' role=\"graphics-symbol\">\n<title id='av-svg-title-2'>Cog<\/title>\n<desc id='av-svg-desc-2'>Cog<\/desc>\n<path d=\"M24.32 16q0 2.304 2.56 3.904-0.384 1.28-1.088 2.624-2.24-0.576-4.352 1.408-1.728 1.856-1.088 4.352-1.28 0.64-2.688 1.152-1.472-2.624-4.224-2.624t-4.224 2.624q-1.408-0.512-2.688-1.152 0.64-2.56-1.088-4.352-1.728-1.728-4.352-1.088-0.448-0.832-1.088-2.624 2.624-1.664 2.624-4.224 0-2.304-2.624-3.968 0.64-1.792 1.088-2.624 2.368 0.576 4.352-1.408 1.728-1.792 1.088-4.352 1.344-0.704 2.688-1.088 1.472 2.56 4.224 2.56t4.224-2.56q1.344 0.384 2.688 1.088-0.64 2.496 1.088 4.352 2.112 1.984 4.352 1.408 0.704 1.344 1.088 2.624-2.56 1.6-2.56 3.968zM13.44 21.824q2.432 0 4.128-1.696t1.696-4.128-1.696-4.16-4.128-1.728-4.128 1.728-1.696 4.16 1.696 4.128 4.128 1.696z\"><\/path>\n<\/svg><\/span><span class='avia_iconbox_title' >Teknik Bilgi<\/span><\/a><\/div><\/p>\n","protected":false},"excerpt":{"rendered":"<p>PR-444 Al\u00fcminyum Ters Y\u00fcr\u00fcte\u00e7, B2B al\u0131c\u0131lar\u0131 ve engelliler i\u00e7in \u00fcst d\u00fczey mobilite yard\u0131mc\u0131lar\u0131 sa\u011flamaya kendini adam\u0131\u015f \u015firketler i\u00e7in \u00f6rnek bir \u00e7\u00f6z\u00fcm. Bu y\u00fcr\u00fcte\u00e7, mobilite konusunda yard\u0131ma ihtiya\u00e7 duyan hastalar\u0131n ve ya\u015fl\u0131lar\u0131n benzersiz gereksinimlerini kar\u015f\u0131lamak i\u00e7in uyarlanm\u0131\u015f g\u00fcvenilirlik ve tasar\u0131m verimlili\u011fini b\u00fcnyesinde bar\u0131nd\u0131r\u0131r. M\u00fc\u015fterilerinizin ihtiya\u00e7lar\u0131n\u0131 destekleme taahh\u00fcd\u00fc ile haz\u0131rlanm\u0131\u015f olan PR-444 Al\u00fcminyum Ters Y\u00fcr\u00fcte\u00e7, yaln\u0131zca bir [&hellip;]<\/p>\n","protected":false},"featured_media":1699,"comment_status":"open","ping_status":"closed","template":"","meta":[],"product_brand":[],"product_cat":[600],"product_tag":[],"class_list":{"0":"post-1689","1":"product","2":"type-product","3":"status-publish","4":"has-post-thumbnail","6":"product_cat-yurume-gruplari","8":"first","9":"instock","10":"sale","11":"taxable","12":"shipping-taxable","13":"purchasable","14":"product-type-simple"},"yoast_head":"<!-- This site is optimized with the Yoast SEO plugin v27.4 - https:\/\/yoast.com\/product\/yoast-seo-wordpress\/ -->\n<title>PR-444 Al\u00fcminyum Ters Walker - \u0130ntegra Medikal | | Ma\u011faza<\/title>\n<meta name=\"robots\" content=\"index, follow, max-snippet:-1, max-image-preview:large, max-video-preview:-1\" \/>\n<link rel=\"canonical\" href=\"https:\/\/integramedikal.com\/magaza\/urun\/pr-444-aluminyum-ters-walker\/\" \/>\n<meta property=\"og:locale\" content=\"tr_TR\" \/>\n<meta property=\"og:type\" content=\"article\" \/>\n<meta property=\"og:title\" content=\"PR-444 Al\u00fcminyum Ters Walker - \u0130ntegra Medikal | | Ma\u011faza\" \/>\n<meta property=\"og:description\" content=\"PR-444 Al\u00fcminyum Ters Y\u00fcr\u00fcte\u00e7, B2B al\u0131c\u0131lar\u0131 ve engelliler i\u00e7in \u00fcst d\u00fczey mobilite yard\u0131mc\u0131lar\u0131 sa\u011flamaya kendini adam\u0131\u015f \u015firketler i\u00e7in \u00f6rnek bir \u00e7\u00f6z\u00fcm. Bu y\u00fcr\u00fcte\u00e7, mobilite konusunda yard\u0131ma ihtiya\u00e7 duyan hastalar\u0131n ve ya\u015fl\u0131lar\u0131n benzersiz gereksinimlerini kar\u015f\u0131lamak i\u00e7in uyarlanm\u0131\u015f g\u00fcvenilirlik ve tasar\u0131m verimlili\u011fini b\u00fcnyesinde bar\u0131nd\u0131r\u0131r. M\u00fc\u015fterilerinizin ihtiya\u00e7lar\u0131n\u0131 destekleme taahh\u00fcd\u00fc ile haz\u0131rlanm\u0131\u015f olan PR-444 Al\u00fcminyum Ters Y\u00fcr\u00fcte\u00e7, yaln\u0131zca bir [&hellip;]\" \/>\n<meta property=\"og:url\" content=\"https:\/\/integramedikal.com\/magaza\/urun\/pr-444-aluminyum-ters-walker\/\" \/>\n<meta property=\"og:site_name\" content=\"\u0130ntegra Medikal | | Ma\u011faza\" \/>\n<meta property=\"article:publisher\" content=\"https:\/\/www.facebook.com\/integramedikal1\" \/>\n<meta property=\"article:modified_time\" content=\"2026-04-01T08:06:39+00:00\" \/>\n<meta property=\"og:image\" content=\"https:\/\/integramedikal.com\/magaza\/wp-content\/uploads\/2025\/06\/PR-444.jpg\" \/>\n\t<meta property=\"og:image:width\" content=\"900\" \/>\n\t<meta property=\"og:image:height\" content=\"900\" \/>\n\t<meta property=\"og:image:type\" content=\"image\/jpeg\" \/>\n<meta name=\"twitter:card\" content=\"summary_large_image\" \/>\n<meta name=\"twitter:site\" content=\"@integramedikal\" \/>\n<meta name=\"twitter:label1\" content=\"Tahmini okuma s\u00fcresi\" \/>\n\t<meta name=\"twitter:data1\" content=\"3 dakika\" \/>\n<script type=\"application\/ld+json\" class=\"yoast-schema-graph\">{\"@context\":\"https:\\\/\\\/schema.org\",\"@graph\":[{\"@type\":\"WebPage\",\"@id\":\"https:\\\/\\\/integramedikal.com\\\/magaza\\\/urun\\\/pr-444-aluminyum-ters-walker\\\/\",\"url\":\"https:\\\/\\\/integramedikal.com\\\/magaza\\\/urun\\\/pr-444-aluminyum-ters-walker\\\/\",\"name\":\"PR-444 Al\u00fcminyum Ters Walker - \u0130ntegra Medikal | | Ma\u011faza\",\"isPartOf\":{\"@id\":\"https:\\\/\\\/integramedikal.com\\\/magaza\\\/#website\"},\"primaryImageOfPage\":{\"@id\":\"https:\\\/\\\/integramedikal.com\\\/magaza\\\/urun\\\/pr-444-aluminyum-ters-walker\\\/#primaryimage\"},\"image\":{\"@id\":\"https:\\\/\\\/integramedikal.com\\\/magaza\\\/urun\\\/pr-444-aluminyum-ters-walker\\\/#primaryimage\"},\"thumbnailUrl\":\"https:\\\/\\\/integramedikal.com\\\/magaza\\\/wp-content\\\/uploads\\\/2025\\\/06\\\/PR-444.jpg\",\"datePublished\":\"2025-06-02T20:31:52+00:00\",\"dateModified\":\"2026-04-01T08:06:39+00:00\",\"breadcrumb\":{\"@id\":\"https:\\\/\\\/integramedikal.com\\\/magaza\\\/urun\\\/pr-444-aluminyum-ters-walker\\\/#breadcrumb\"},\"inLanguage\":\"tr\",\"potentialAction\":[{\"@type\":\"ReadAction\",\"target\":[\"https:\\\/\\\/integramedikal.com\\\/magaza\\\/urun\\\/pr-444-aluminyum-ters-walker\\\/\"]}]},{\"@type\":\"ImageObject\",\"inLanguage\":\"tr\",\"@id\":\"https:\\\/\\\/integramedikal.com\\\/magaza\\\/urun\\\/pr-444-aluminyum-ters-walker\\\/#primaryimage\",\"url\":\"https:\\\/\\\/integramedikal.com\\\/magaza\\\/wp-content\\\/uploads\\\/2025\\\/06\\\/PR-444.jpg\",\"contentUrl\":\"https:\\\/\\\/integramedikal.com\\\/magaza\\\/wp-content\\\/uploads\\\/2025\\\/06\\\/PR-444.jpg\",\"width\":900,\"height\":900},{\"@type\":\"BreadcrumbList\",\"@id\":\"https:\\\/\\\/integramedikal.com\\\/magaza\\\/urun\\\/pr-444-aluminyum-ters-walker\\\/#breadcrumb\",\"itemListElement\":[{\"@type\":\"ListItem\",\"position\":1,\"name\":\"Anasayfa\",\"item\":\"https:\\\/\\\/integramedikal.com\\\/magaza\\\/anasayfa\\\/\"},{\"@type\":\"ListItem\",\"position\":2,\"name\":\"Shop\",\"item\":\"https:\\\/\\\/integramedikal.com\\\/magaza\\\/shop\\\/\"},{\"@type\":\"ListItem\",\"position\":3,\"name\":\"PR-444 Al\u00fcminyum Ters Walker\"}]},{\"@type\":\"WebSite\",\"@id\":\"https:\\\/\\\/integramedikal.com\\\/magaza\\\/#website\",\"url\":\"https:\\\/\\\/integramedikal.com\\\/magaza\\\/\",\"name\":\"\u0130ntegra Medikal < | | >Ma\u011faza\",\"description\":\"Sa\u011fl\u0131kta Kalite | Sekt\u00f6rde 25. Y\u0131l\",\"publisher\":{\"@id\":\"https:\\\/\\\/integramedikal.com\\\/magaza\\\/#organization\"},\"potentialAction\":[{\"@type\":\"SearchAction\",\"target\":{\"@type\":\"EntryPoint\",\"urlTemplate\":\"https:\\\/\\\/integramedikal.com\\\/magaza\\\/?s={search_term_string}\"},\"query-input\":{\"@type\":\"PropertyValueSpecification\",\"valueRequired\":true,\"valueName\":\"search_term_string\"}}],\"inLanguage\":\"tr\"},{\"@type\":\"Organization\",\"@id\":\"https:\\\/\\\/integramedikal.com\\\/magaza\\\/#organization\",\"name\":\"\u0130ntegra Medikal < | | >Ma\u011faza\",\"url\":\"https:\\\/\\\/integramedikal.com\\\/magaza\\\/\",\"logo\":{\"@type\":\"ImageObject\",\"inLanguage\":\"tr\",\"@id\":\"https:\\\/\\\/integramedikal.com\\\/magaza\\\/#\\\/schema\\\/logo\\\/image\\\/\",\"url\":\"https:\\\/\\\/integramedikal.com\\\/magaza\\\/wp-content\\\/uploads\\\/2025\\\/06\\\/integra-logo-1.png\",\"contentUrl\":\"https:\\\/\\\/integramedikal.com\\\/magaza\\\/wp-content\\\/uploads\\\/2025\\\/06\\\/integra-logo-1.png\",\"width\":340,\"height\":156,\"caption\":\"\u0130ntegra Medikal < | | >Ma\u011faza\"},\"image\":{\"@id\":\"https:\\\/\\\/integramedikal.com\\\/magaza\\\/#\\\/schema\\\/logo\\\/image\\\/\"},\"sameAs\":[\"https:\\\/\\\/www.facebook.com\\\/integramedikal1\",\"https:\\\/\\\/x.com\\\/integramedikal\",\"https:\\\/\\\/www.instagram.com\\\/integramedikal\\\/\",\"https:\\\/\\\/www.youtube.com\\\/user\\\/integramedikal\"]}]}<\/script>\n<!-- \/ Yoast SEO plugin. -->","yoast_head_json":{"title":"PR-444 Al\u00fcminyum Ters Walker - \u0130ntegra Medikal | | Ma\u011faza","robots":{"index":"index","follow":"follow","max-snippet":"max-snippet:-1","max-image-preview":"max-image-preview:large","max-video-preview":"max-video-preview:-1"},"canonical":"https:\/\/integramedikal.com\/magaza\/urun\/pr-444-aluminyum-ters-walker\/","og_locale":"tr_TR","og_type":"article","og_title":"PR-444 Al\u00fcminyum Ters Walker - \u0130ntegra Medikal | | Ma\u011faza","og_description":"PR-444 Al\u00fcminyum Ters Y\u00fcr\u00fcte\u00e7, B2B al\u0131c\u0131lar\u0131 ve engelliler i\u00e7in \u00fcst d\u00fczey mobilite yard\u0131mc\u0131lar\u0131 sa\u011flamaya kendini adam\u0131\u015f \u015firketler i\u00e7in \u00f6rnek bir \u00e7\u00f6z\u00fcm. Bu y\u00fcr\u00fcte\u00e7, mobilite konusunda yard\u0131ma ihtiya\u00e7 duyan hastalar\u0131n ve ya\u015fl\u0131lar\u0131n benzersiz gereksinimlerini kar\u015f\u0131lamak i\u00e7in uyarlanm\u0131\u015f g\u00fcvenilirlik ve tasar\u0131m verimlili\u011fini b\u00fcnyesinde bar\u0131nd\u0131r\u0131r. M\u00fc\u015fterilerinizin ihtiya\u00e7lar\u0131n\u0131 destekleme taahh\u00fcd\u00fc ile haz\u0131rlanm\u0131\u015f olan PR-444 Al\u00fcminyum Ters Y\u00fcr\u00fcte\u00e7, yaln\u0131zca bir [&hellip;]","og_url":"https:\/\/integramedikal.com\/magaza\/urun\/pr-444-aluminyum-ters-walker\/","og_site_name":"\u0130ntegra Medikal | | Ma\u011faza","article_publisher":"https:\/\/www.facebook.com\/integramedikal1","article_modified_time":"2026-04-01T08:06:39+00:00","og_image":[{"width":900,"height":900,"url":"https:\/\/integramedikal.com\/magaza\/wp-content\/uploads\/2025\/06\/PR-444.jpg","type":"image\/jpeg"}],"twitter_card":"summary_large_image","twitter_site":"@integramedikal","twitter_misc":{"Tahmini okuma s\u00fcresi":"3 dakika"},"schema":{"@context":"https:\/\/schema.org","@graph":[{"@type":"WebPage","@id":"https:\/\/integramedikal.com\/magaza\/urun\/pr-444-aluminyum-ters-walker\/","url":"https:\/\/integramedikal.com\/magaza\/urun\/pr-444-aluminyum-ters-walker\/","name":"PR-444 Al\u00fcminyum Ters Walker - \u0130ntegra Medikal | | Ma\u011faza","isPartOf":{"@id":"https:\/\/integramedikal.com\/magaza\/#website"},"primaryImageOfPage":{"@id":"https:\/\/integramedikal.com\/magaza\/urun\/pr-444-aluminyum-ters-walker\/#primaryimage"},"image":{"@id":"https:\/\/integramedikal.com\/magaza\/urun\/pr-444-aluminyum-ters-walker\/#primaryimage"},"thumbnailUrl":"https:\/\/integramedikal.com\/magaza\/wp-content\/uploads\/2025\/06\/PR-444.jpg","datePublished":"2025-06-02T20:31:52+00:00","dateModified":"2026-04-01T08:06:39+00:00","breadcrumb":{"@id":"https:\/\/integramedikal.com\/magaza\/urun\/pr-444-aluminyum-ters-walker\/#breadcrumb"},"inLanguage":"tr","potentialAction":[{"@type":"ReadAction","target":["https:\/\/integramedikal.com\/magaza\/urun\/pr-444-aluminyum-ters-walker\/"]}]},{"@type":"ImageObject","inLanguage":"tr","@id":"https:\/\/integramedikal.com\/magaza\/urun\/pr-444-aluminyum-ters-walker\/#primaryimage","url":"https:\/\/integramedikal.com\/magaza\/wp-content\/uploads\/2025\/06\/PR-444.jpg","contentUrl":"https:\/\/integramedikal.com\/magaza\/wp-content\/uploads\/2025\/06\/PR-444.jpg","width":900,"height":900},{"@type":"BreadcrumbList","@id":"https:\/\/integramedikal.com\/magaza\/urun\/pr-444-aluminyum-ters-walker\/#breadcrumb","itemListElement":[{"@type":"ListItem","position":1,"name":"Anasayfa","item":"https:\/\/integramedikal.com\/magaza\/anasayfa\/"},{"@type":"ListItem","position":2,"name":"Shop","item":"https:\/\/integramedikal.com\/magaza\/shop\/"},{"@type":"ListItem","position":3,"name":"PR-444 Al\u00fcminyum Ters Walker"}]},{"@type":"WebSite","@id":"https:\/\/integramedikal.com\/magaza\/#website","url":"https:\/\/integramedikal.com\/magaza\/","name":"\u0130ntegra Medikal < | | >Ma\u011faza","description":"Sa\u011fl\u0131kta Kalite | Sekt\u00f6rde 25. Y\u0131l","publisher":{"@id":"https:\/\/integramedikal.com\/magaza\/#organization"},"potentialAction":[{"@type":"SearchAction","target":{"@type":"EntryPoint","urlTemplate":"https:\/\/integramedikal.com\/magaza\/?s={search_term_string}"},"query-input":{"@type":"PropertyValueSpecification","valueRequired":true,"valueName":"search_term_string"}}],"inLanguage":"tr"},{"@type":"Organization","@id":"https:\/\/integramedikal.com\/magaza\/#organization","name":"\u0130ntegra Medikal < | | >Ma\u011faza","url":"https:\/\/integramedikal.com\/magaza\/","logo":{"@type":"ImageObject","inLanguage":"tr","@id":"https:\/\/integramedikal.com\/magaza\/#\/schema\/logo\/image\/","url":"https:\/\/integramedikal.com\/magaza\/wp-content\/uploads\/2025\/06\/integra-logo-1.png","contentUrl":"https:\/\/integramedikal.com\/magaza\/wp-content\/uploads\/2025\/06\/integra-logo-1.png","width":340,"height":156,"caption":"\u0130ntegra Medikal < | | >Ma\u011faza"},"image":{"@id":"https:\/\/integramedikal.com\/magaza\/#\/schema\/logo\/image\/"},"sameAs":["https:\/\/www.facebook.com\/integramedikal1","https:\/\/x.com\/integramedikal","https:\/\/www.instagram.com\/integramedikal\/","https:\/\/www.youtube.com\/user\/integramedikal"]}]}},"_links":{"self":[{"href":"https:\/\/integramedikal.com\/magaza\/wp-json\/wp\/v2\/product\/1689","targetHints":{"allow":["GET"]}}],"collection":[{"href":"https:\/\/integramedikal.com\/magaza\/wp-json\/wp\/v2\/product"}],"about":[{"href":"https:\/\/integramedikal.com\/magaza\/wp-json\/wp\/v2\/types\/product"}],"replies":[{"embeddable":true,"href":"https:\/\/integramedikal.com\/magaza\/wp-json\/wp\/v2\/comments?post=1689"}],"wp:featuredmedia":[{"embeddable":true,"href":"https:\/\/integramedikal.com\/magaza\/wp-json\/wp\/v2\/media\/1699"}],"wp:attachment":[{"href":"https:\/\/integramedikal.com\/magaza\/wp-json\/wp\/v2\/media?parent=1689"}],"wp:term":[{"taxonomy":"product_brand","embeddable":true,"href":"https:\/\/integramedikal.com\/magaza\/wp-json\/wp\/v2\/product_brand?post=1689"},{"taxonomy":"product_cat","embeddable":true,"href":"https:\/\/integramedikal.com\/magaza\/wp-json\/wp\/v2\/product_cat?post=1689"},{"taxonomy":"product_tag","embeddable":true,"href":"https:\/\/integramedikal.com\/magaza\/wp-json\/wp\/v2\/product_tag?post=1689"}],"curies":[{"name":"wp","href":"https:\/\/api.w.org\/{rel}","templated":true}]}}