{"id":1688,"date":"2025-06-02T23:31:51","date_gmt":"2025-06-02T20:31:51","guid":{"rendered":"https:\/\/integramedikal.com\/magaza\/?post_type=product&#038;p=1688"},"modified":"2026-04-01T11:07:40","modified_gmt":"2026-04-01T08:07:40","slug":"pr-443-aluminyum-tekerlekli-walker-pediatrik","status":"publish","type":"product","link":"https:\/\/integramedikal.com\/magaza\/urun\/pr-443-aluminyum-tekerlekli-walker-pediatrik\/","title":{"rendered":"PR-443 Al\u00fcminyum Tekerlekli Walker (Pediatrik)"},"content":{"rendered":"<div>Pediatrik hastalar\u0131n \u00f6zel ihtiya\u00e7lar\u0131 g\u00f6z \u00f6n\u00fcnde bulundurularak tasarlanm\u0131\u015f, zarif tasarlanm\u0131\u015f bir yard\u0131mc\u0131 cihaz olan PR-443 Al\u00fcminyum Tekerlekli Y\u00fcr\u00fcte\u00e7 ile tan\u0131\u015f\u0131n. Bu son teknoloji y\u00fcr\u00fcte\u00e7, engelli \u00e7ocuklar\u0131n hareketlili\u011fini desteklemek i\u00e7in i\u015flevselli\u011fi konforla birle\u015ftirir. Dayan\u0131kl\u0131l\u0131k ve kullan\u0131c\u0131 memnuniyeti i\u00e7in tasarlanan PR-443, B2B sekt\u00f6r\u00fcnde \u00e7\u00f6z\u00fcm arayan i\u015fletmeler ve engelliler i\u00e7in ara\u00e7lara hizmet veren \u015firketler aras\u0131nda iyi yank\u0131 uyand\u0131ran \u00f6rnek bir modeldir.<\/div>\n<div><\/div>\n<div>Pediatrik y\u00fcr\u00fcte\u00e7 s\u0131n\u0131fland\u0131rmas\u0131 alt\u0131nda pazarlanan bu \u00fcr\u00fcn, uzun \u00f6m\u00fcr ve g\u00fcvenilirlik sa\u011flamak i\u00e7in \u00fcst\u00fcn yap\u0131 kalitesinden yararlan\u0131r. Sadece y\u00fcr\u00fcme yard\u0131m\u0131 i\u00e7in bir \u00e7\u00f6z\u00fcm olarak de\u011fil, ayn\u0131 zamanda gen\u00e7 bir kullan\u0131c\u0131n\u0131n geli\u015fimi ve refah\u0131 i\u00e7in gerekli olan \u00e7e\u015fitli aktiviteleri m\u00fcmk\u00fcn k\u0131lman\u0131n bir yolu olarak da d\u00fc\u015f\u00fcn\u00fclm\u00fc\u015ft\u00fcr. Ergonomik tasar\u0131m, PR-443&#8217;\u00fc daha fazla ba\u011f\u0131ms\u0131zl\u0131k ve g\u00fcven yolculu\u011funda \u00e7ocuklar i\u00e7in bir yol arkada\u015f\u0131 haline getirmeyi ama\u00e7lamaktad\u0131r.<\/div>\n<div><\/div>\n<div><b>Temel \u00d6zellikler<\/b><\/div>\n<div><b><br \/><\/b><\/div>\n<div>PR-443 Al\u00fcminyum Tekerlekli Y\u00fcr\u00fcte\u00e7, \u00fcreticinin g\u00fc\u00e7l\u00fc g\u00f6vde yap\u0131s\u0131na olan g\u00fcvenini g\u00f6steren 2 Y\u0131l Garanti ile desteklenmektedir. Kaliteye olan ba\u011fl\u0131l\u0131k a\u00e7\u0131k\u00e7a g\u00f6r\u00fclmektedir ve g\u00fcnl\u00fck kullan\u0131m\u0131n zorluklar\u0131na dayanacak \u015fekilde tasarlanm\u0131\u015f bir y\u00fcr\u00fcte\u00e7 arayan al\u0131c\u0131lar i\u00e7in g\u00f6n\u00fcl rahatl\u0131\u011f\u0131 sa\u011flar. Sa\u011flam \u00e7er\u00e7eve, gen\u00e7 kullan\u0131c\u0131lar\u0131 i\u00e7in g\u00fcvenlik sa\u011flayarak onu hem sa\u011fl\u0131k hizmeti sa\u011flay\u0131c\u0131lar\u0131 hem de perakendeciler i\u00e7in tercih edilen bir se\u00e7im haline getirir.<\/div>\n<div><\/div>\n<div>Yap\u0131s\u0131na ek olarak, PR-443 y\u00fcr\u00fcte\u00e7, ekonomik de\u011ferini takdir eden kullan\u0131c\u0131lar taraf\u0131ndan \u015fiddetle tavsiye edilir. Sadece maliyet etkinli\u011fi ile de\u011fil, ayn\u0131 zamanda kullan\u0131\u015fl\u0131l\u0131\u011f\u0131 ile de tan\u0131nan bu tekerlekli y\u00fcr\u00fcte\u00e7, pediatrik hasta y\u00fcr\u00fcte\u00e7 kategorisindeki pratikli\u011fi nedeniyle dikkate de\u011fer geri bildirimler ald\u0131. Bu y\u00fcr\u00fcte\u00e7, \u00e7ocuklar\u0131n hareketlilik ihtiya\u00e7lar\u0131na adanm\u0131\u015f \u00e7e\u015fitli kurumlarda sat\u0131n alma sorumlular\u0131 i\u00e7in ak\u0131ll\u0131 bir yat\u0131r\u0131m olarak de\u011ferlendirildi.<\/div>\n<div><\/div>\n<div><b>M\u00fc\u015fteri Odakl\u0131 Hizmet<\/b><\/div>\n<div><b><br \/><\/b><\/div>\n<div>Mobilite yard\u0131mlar\u0131n\u0131n s\u0131kl\u0131kla gerekli oldu\u011fu aciliyeti anlayan PR-443 Walker, kliniklere, hastanelere veya perakende kurulu\u015flar\u0131na h\u0131zl\u0131 teslimat sa\u011flayarak derhal sevk edilir. Nakliyedeki bu uygunluk, \u00fcr\u00fcn\u00fcn sunumunun ayr\u0131lmaz bir par\u00e7as\u0131d\u0131r ve y\u00fcr\u00fcte\u00e7in kendisi kadar g\u00fc\u00e7l\u00fc olan m\u00fc\u015fteri hizmetlerine olan ba\u011fl\u0131l\u0131\u011f\u0131 yans\u0131t\u0131r. \u00c7ocuklara ya\u015famsal y\u00fcr\u00fcme deste\u011finin gecikmeden sa\u011flanmas\u0131n\u0131 sa\u011flar, b\u00f6ylece s\u00fcrekli bak\u0131m ve deste\u011fi kolayla\u015ft\u0131r\u0131r.<\/div>\n<div><\/div>\n<div>Dahas\u0131, bu pediatrik y\u00fcr\u00fcte\u00e7, kendisini geleneksel ya\u015fl\u0131 y\u00fcr\u00fcte\u00e7lerden ve genel engelli y\u00fcr\u00fcte\u00e7lerden ay\u0131rarak pazarda \u00f6ne \u00e7\u0131k\u0131yor. PR-443, daha gen\u00e7 bir demografinin \u00f6zel ihtiya\u00e7lar\u0131na ve orant\u0131l\u0131l\u0131\u011f\u0131na odaklanarak, hassasiyet ve uyarlanabilirlik gerektiren bir pazar segmentinde \u00e7ok \u00f6nemli olan ki\u015fiye \u00f6zel destek sunar. Tekerlekli bir y\u00fcr\u00fcte\u00e7 olarak, geli\u015fmi\u015f bir hareket aral\u0131\u011f\u0131 ve daha yumu\u015fak manevra kabiliyeti sa\u011flar, bu da \u00e7ocuklar\u0131n co\u015fkulu temposu i\u00e7in \u00e7ok \u00f6nemlidir.<\/div>\n<div><\/div>\n<p><div  id=\"btn_klavuz\"  class='avia-button-wrap av-av_button-3c3ac9129480008d73f782d493d65414-wrap avia-button-left  avia-builder-el-0  el_before_av_button  avia-builder-el-first '><a href='https:\/\/www.integramedikal.com\/magaza\/upload\/kilavuz\/88-pr-443-aluminyum-tekerlekli-walker-pediatrik.pdf'  class='avia-button av-av_button-3c3ac9129480008d73f782d493d65414 av-link-btn avia-icon_select-yes-left-icon avia-size-medium avia-position-left avia-color-theme-color-highlight'  target=\"_blank\"  rel=\"noopener noreferrer\"  aria-label=\"Kullan\u0131m K\u0131lavuzu\"><span class='avia_button_icon avia_button_icon_left avia-svg-icon avia-font-svg_entypo-fontello' data-av_svg_icon='book-open' data-av_iconset='svg_entypo-fontello'><svg version=\"1.1\" xmlns=\"http:\/\/www.w3.org\/2000\/svg\" width=\"29\" height=\"32\" viewBox=\"0 0 29 32\" preserveAspectRatio=\"xMidYMid meet\" aria-labelledby='av-svg-title-1' aria-describedby='av-svg-desc-1' role=\"graphics-symbol\">\n<title id='av-svg-title-1'>Book-open<\/title>\n<desc id='av-svg-desc-1'>Book-open<\/desc>\n<path d=\"M10.88 19.584v2.176l-6.4-2.56v-2.176zM10.88 12.928v2.176l-6.4-2.56v-2.176zM28.096 1.856q0.704 0.384 0.704 1.344v20.48q0 1.088-1.024 1.472l-12.736 5.12q-0.256 0.064-0.32 0.064t-0.16 0.032-0.16 0.032-0.16-0.032-0.16-0.032l-0.32-0.064-12.736-5.12q-1.024-0.384-1.024-1.472v-20.48q0-0.96 0.704-1.344 0.704-0.512 1.472-0.192l12.224 4.928 12.224-4.928q0.768-0.32 1.472 0.192zM12.8 27.072v-17.92l-10.24-4.096v17.92zM26.24 22.976v-17.92l-10.24 4.096v17.92zM24.32 17.024v2.176l-6.4 2.56v-2.176zM24.32 10.368v2.176l-6.4 2.56v-2.176z\"><\/path>\n<\/svg><\/span><span class='avia_iconbox_title' >Kullan\u0131m K\u0131lavuzu<\/span><\/a><\/div> <div  id=\"btn_teknikbilgi\"  class='avia-button-wrap av-av_button-e069d87ec5d6298b9b6c476e2dc5aa4e-wrap avia-button-left  avia-builder-el-1  el_after_av_button  avia-builder-el-last '><a href='javascript:void(0);'  class='avia-button av-av_button-e069d87ec5d6298b9b6c476e2dc5aa4e av-link-btn avia-icon_select-yes-left-icon avia-size-medium avia-position-left avia-color-theme-color-highlight'   aria-label=\"Teknik Bilgi\"><span class='avia_button_icon avia_button_icon_left avia-svg-icon avia-font-svg_entypo-fontello' data-av_svg_icon='cog' data-av_iconset='svg_entypo-fontello'><svg version=\"1.1\" xmlns=\"http:\/\/www.w3.org\/2000\/svg\" width=\"27\" height=\"32\" viewBox=\"0 0 27 32\" preserveAspectRatio=\"xMidYMid meet\" aria-labelledby='av-svg-title-2' aria-describedby='av-svg-desc-2' role=\"graphics-symbol\">\n<title id='av-svg-title-2'>Cog<\/title>\n<desc id='av-svg-desc-2'>Cog<\/desc>\n<path d=\"M24.32 16q0 2.304 2.56 3.904-0.384 1.28-1.088 2.624-2.24-0.576-4.352 1.408-1.728 1.856-1.088 4.352-1.28 0.64-2.688 1.152-1.472-2.624-4.224-2.624t-4.224 2.624q-1.408-0.512-2.688-1.152 0.64-2.56-1.088-4.352-1.728-1.728-4.352-1.088-0.448-0.832-1.088-2.624 2.624-1.664 2.624-4.224 0-2.304-2.624-3.968 0.64-1.792 1.088-2.624 2.368 0.576 4.352-1.408 1.728-1.792 1.088-4.352 1.344-0.704 2.688-1.088 1.472 2.56 4.224 2.56t4.224-2.56q1.344 0.384 2.688 1.088-0.64 2.496 1.088 4.352 2.112 1.984 4.352 1.408 0.704 1.344 1.088 2.624-2.56 1.6-2.56 3.968zM13.44 21.824q2.432 0 4.128-1.696t1.696-4.128-1.696-4.16-4.128-1.728-4.128 1.728-1.696 4.16 1.696 4.128 4.128 1.696z\"><\/path>\n<\/svg><\/span><span class='avia_iconbox_title' >Teknik Bilgi<\/span><\/a><\/div><\/p>\n","protected":false},"excerpt":{"rendered":"<p>Pediatrik hastalar\u0131n \u00f6zel ihtiya\u00e7lar\u0131 g\u00f6z \u00f6n\u00fcnde bulundurularak tasarlanm\u0131\u015f, zarif tasarlanm\u0131\u015f bir yard\u0131mc\u0131 cihaz olan PR-443 Al\u00fcminyum Tekerlekli Y\u00fcr\u00fcte\u00e7 ile tan\u0131\u015f\u0131n. Bu son teknoloji y\u00fcr\u00fcte\u00e7, engelli \u00e7ocuklar\u0131n hareketlili\u011fini desteklemek i\u00e7in i\u015flevselli\u011fi konforla birle\u015ftirir. Dayan\u0131kl\u0131l\u0131k ve kullan\u0131c\u0131 memnuniyeti i\u00e7in tasarlanan PR-443, B2B sekt\u00f6r\u00fcnde \u00e7\u00f6z\u00fcm arayan i\u015fletmeler ve engelliler i\u00e7in ara\u00e7lara hizmet veren \u015firketler aras\u0131nda iyi yank\u0131 uyand\u0131ran [&hellip;]<\/p>\n","protected":false},"featured_media":1698,"comment_status":"open","ping_status":"closed","template":"","meta":[],"product_brand":[],"product_cat":[600],"product_tag":[],"class_list":{"0":"post-1688","1":"product","2":"type-product","3":"status-publish","4":"has-post-thumbnail","6":"product_cat-yurume-gruplari","8":"first","9":"instock","10":"sale","11":"taxable","12":"shipping-taxable","13":"purchasable","14":"product-type-simple"},"yoast_head":"<!-- This site is optimized with the Yoast SEO plugin v27.4 - https:\/\/yoast.com\/product\/yoast-seo-wordpress\/ -->\n<title>PR-443 Al\u00fcminyum Tekerlekli Walker (Pediatrik) - \u0130ntegra Medikal | | Ma\u011faza<\/title>\n<meta name=\"robots\" content=\"index, follow, max-snippet:-1, max-image-preview:large, max-video-preview:-1\" \/>\n<link rel=\"canonical\" href=\"https:\/\/integramedikal.com\/magaza\/urun\/pr-443-aluminyum-tekerlekli-walker-pediatrik\/\" \/>\n<meta property=\"og:locale\" content=\"tr_TR\" \/>\n<meta property=\"og:type\" content=\"article\" \/>\n<meta property=\"og:title\" content=\"PR-443 Al\u00fcminyum Tekerlekli Walker (Pediatrik) - \u0130ntegra Medikal | | Ma\u011faza\" \/>\n<meta property=\"og:description\" content=\"Pediatrik hastalar\u0131n \u00f6zel ihtiya\u00e7lar\u0131 g\u00f6z \u00f6n\u00fcnde bulundurularak tasarlanm\u0131\u015f, zarif tasarlanm\u0131\u015f bir yard\u0131mc\u0131 cihaz olan PR-443 Al\u00fcminyum Tekerlekli Y\u00fcr\u00fcte\u00e7 ile tan\u0131\u015f\u0131n. Bu son teknoloji y\u00fcr\u00fcte\u00e7, engelli \u00e7ocuklar\u0131n hareketlili\u011fini desteklemek i\u00e7in i\u015flevselli\u011fi konforla birle\u015ftirir. Dayan\u0131kl\u0131l\u0131k ve kullan\u0131c\u0131 memnuniyeti i\u00e7in tasarlanan PR-443, B2B sekt\u00f6r\u00fcnde \u00e7\u00f6z\u00fcm arayan i\u015fletmeler ve engelliler i\u00e7in ara\u00e7lara hizmet veren \u015firketler aras\u0131nda iyi yank\u0131 uyand\u0131ran [&hellip;]\" \/>\n<meta property=\"og:url\" content=\"https:\/\/integramedikal.com\/magaza\/urun\/pr-443-aluminyum-tekerlekli-walker-pediatrik\/\" \/>\n<meta property=\"og:site_name\" content=\"\u0130ntegra Medikal | | Ma\u011faza\" \/>\n<meta property=\"article:publisher\" content=\"https:\/\/www.facebook.com\/integramedikal1\" \/>\n<meta property=\"article:modified_time\" content=\"2026-04-01T08:07:40+00:00\" \/>\n<meta property=\"og:image\" content=\"https:\/\/integramedikal.com\/magaza\/wp-content\/uploads\/2025\/06\/PR-443.jpg\" \/>\n\t<meta property=\"og:image:width\" content=\"900\" \/>\n\t<meta property=\"og:image:height\" content=\"900\" \/>\n\t<meta property=\"og:image:type\" content=\"image\/jpeg\" \/>\n<meta name=\"twitter:card\" content=\"summary_large_image\" \/>\n<meta name=\"twitter:site\" content=\"@integramedikal\" \/>\n<meta name=\"twitter:label1\" content=\"Tahmini okuma s\u00fcresi\" \/>\n\t<meta name=\"twitter:data1\" content=\"3 dakika\" \/>\n<script type=\"application\/ld+json\" class=\"yoast-schema-graph\">{\"@context\":\"https:\\\/\\\/schema.org\",\"@graph\":[{\"@type\":\"WebPage\",\"@id\":\"https:\\\/\\\/integramedikal.com\\\/magaza\\\/urun\\\/pr-443-aluminyum-tekerlekli-walker-pediatrik\\\/\",\"url\":\"https:\\\/\\\/integramedikal.com\\\/magaza\\\/urun\\\/pr-443-aluminyum-tekerlekli-walker-pediatrik\\\/\",\"name\":\"PR-443 Al\u00fcminyum Tekerlekli Walker (Pediatrik) - \u0130ntegra Medikal | | Ma\u011faza\",\"isPartOf\":{\"@id\":\"https:\\\/\\\/integramedikal.com\\\/magaza\\\/#website\"},\"primaryImageOfPage\":{\"@id\":\"https:\\\/\\\/integramedikal.com\\\/magaza\\\/urun\\\/pr-443-aluminyum-tekerlekli-walker-pediatrik\\\/#primaryimage\"},\"image\":{\"@id\":\"https:\\\/\\\/integramedikal.com\\\/magaza\\\/urun\\\/pr-443-aluminyum-tekerlekli-walker-pediatrik\\\/#primaryimage\"},\"thumbnailUrl\":\"https:\\\/\\\/integramedikal.com\\\/magaza\\\/wp-content\\\/uploads\\\/2025\\\/06\\\/PR-443.jpg\",\"datePublished\":\"2025-06-02T20:31:51+00:00\",\"dateModified\":\"2026-04-01T08:07:40+00:00\",\"breadcrumb\":{\"@id\":\"https:\\\/\\\/integramedikal.com\\\/magaza\\\/urun\\\/pr-443-aluminyum-tekerlekli-walker-pediatrik\\\/#breadcrumb\"},\"inLanguage\":\"tr\",\"potentialAction\":[{\"@type\":\"ReadAction\",\"target\":[\"https:\\\/\\\/integramedikal.com\\\/magaza\\\/urun\\\/pr-443-aluminyum-tekerlekli-walker-pediatrik\\\/\"]}]},{\"@type\":\"ImageObject\",\"inLanguage\":\"tr\",\"@id\":\"https:\\\/\\\/integramedikal.com\\\/magaza\\\/urun\\\/pr-443-aluminyum-tekerlekli-walker-pediatrik\\\/#primaryimage\",\"url\":\"https:\\\/\\\/integramedikal.com\\\/magaza\\\/wp-content\\\/uploads\\\/2025\\\/06\\\/PR-443.jpg\",\"contentUrl\":\"https:\\\/\\\/integramedikal.com\\\/magaza\\\/wp-content\\\/uploads\\\/2025\\\/06\\\/PR-443.jpg\",\"width\":900,\"height\":900},{\"@type\":\"BreadcrumbList\",\"@id\":\"https:\\\/\\\/integramedikal.com\\\/magaza\\\/urun\\\/pr-443-aluminyum-tekerlekli-walker-pediatrik\\\/#breadcrumb\",\"itemListElement\":[{\"@type\":\"ListItem\",\"position\":1,\"name\":\"Anasayfa\",\"item\":\"https:\\\/\\\/integramedikal.com\\\/magaza\\\/anasayfa\\\/\"},{\"@type\":\"ListItem\",\"position\":2,\"name\":\"Shop\",\"item\":\"https:\\\/\\\/integramedikal.com\\\/magaza\\\/shop\\\/\"},{\"@type\":\"ListItem\",\"position\":3,\"name\":\"PR-443 Al\u00fcminyum Tekerlekli Walker (Pediatrik)\"}]},{\"@type\":\"WebSite\",\"@id\":\"https:\\\/\\\/integramedikal.com\\\/magaza\\\/#website\",\"url\":\"https:\\\/\\\/integramedikal.com\\\/magaza\\\/\",\"name\":\"\u0130ntegra Medikal < | | >Ma\u011faza\",\"description\":\"Sa\u011fl\u0131kta Kalite | Sekt\u00f6rde 25. Y\u0131l\",\"publisher\":{\"@id\":\"https:\\\/\\\/integramedikal.com\\\/magaza\\\/#organization\"},\"potentialAction\":[{\"@type\":\"SearchAction\",\"target\":{\"@type\":\"EntryPoint\",\"urlTemplate\":\"https:\\\/\\\/integramedikal.com\\\/magaza\\\/?s={search_term_string}\"},\"query-input\":{\"@type\":\"PropertyValueSpecification\",\"valueRequired\":true,\"valueName\":\"search_term_string\"}}],\"inLanguage\":\"tr\"},{\"@type\":\"Organization\",\"@id\":\"https:\\\/\\\/integramedikal.com\\\/magaza\\\/#organization\",\"name\":\"\u0130ntegra Medikal < | | >Ma\u011faza\",\"url\":\"https:\\\/\\\/integramedikal.com\\\/magaza\\\/\",\"logo\":{\"@type\":\"ImageObject\",\"inLanguage\":\"tr\",\"@id\":\"https:\\\/\\\/integramedikal.com\\\/magaza\\\/#\\\/schema\\\/logo\\\/image\\\/\",\"url\":\"https:\\\/\\\/integramedikal.com\\\/magaza\\\/wp-content\\\/uploads\\\/2025\\\/06\\\/integra-logo-1.png\",\"contentUrl\":\"https:\\\/\\\/integramedikal.com\\\/magaza\\\/wp-content\\\/uploads\\\/2025\\\/06\\\/integra-logo-1.png\",\"width\":340,\"height\":156,\"caption\":\"\u0130ntegra Medikal < | | >Ma\u011faza\"},\"image\":{\"@id\":\"https:\\\/\\\/integramedikal.com\\\/magaza\\\/#\\\/schema\\\/logo\\\/image\\\/\"},\"sameAs\":[\"https:\\\/\\\/www.facebook.com\\\/integramedikal1\",\"https:\\\/\\\/x.com\\\/integramedikal\",\"https:\\\/\\\/www.instagram.com\\\/integramedikal\\\/\",\"https:\\\/\\\/www.youtube.com\\\/user\\\/integramedikal\"]}]}<\/script>\n<!-- \/ Yoast SEO plugin. -->","yoast_head_json":{"title":"PR-443 Al\u00fcminyum Tekerlekli Walker (Pediatrik) - \u0130ntegra Medikal | | Ma\u011faza","robots":{"index":"index","follow":"follow","max-snippet":"max-snippet:-1","max-image-preview":"max-image-preview:large","max-video-preview":"max-video-preview:-1"},"canonical":"https:\/\/integramedikal.com\/magaza\/urun\/pr-443-aluminyum-tekerlekli-walker-pediatrik\/","og_locale":"tr_TR","og_type":"article","og_title":"PR-443 Al\u00fcminyum Tekerlekli Walker (Pediatrik) - \u0130ntegra Medikal | | Ma\u011faza","og_description":"Pediatrik hastalar\u0131n \u00f6zel ihtiya\u00e7lar\u0131 g\u00f6z \u00f6n\u00fcnde bulundurularak tasarlanm\u0131\u015f, zarif tasarlanm\u0131\u015f bir yard\u0131mc\u0131 cihaz olan PR-443 Al\u00fcminyum Tekerlekli Y\u00fcr\u00fcte\u00e7 ile tan\u0131\u015f\u0131n. Bu son teknoloji y\u00fcr\u00fcte\u00e7, engelli \u00e7ocuklar\u0131n hareketlili\u011fini desteklemek i\u00e7in i\u015flevselli\u011fi konforla birle\u015ftirir. Dayan\u0131kl\u0131l\u0131k ve kullan\u0131c\u0131 memnuniyeti i\u00e7in tasarlanan PR-443, B2B sekt\u00f6r\u00fcnde \u00e7\u00f6z\u00fcm arayan i\u015fletmeler ve engelliler i\u00e7in ara\u00e7lara hizmet veren \u015firketler aras\u0131nda iyi yank\u0131 uyand\u0131ran [&hellip;]","og_url":"https:\/\/integramedikal.com\/magaza\/urun\/pr-443-aluminyum-tekerlekli-walker-pediatrik\/","og_site_name":"\u0130ntegra Medikal | | Ma\u011faza","article_publisher":"https:\/\/www.facebook.com\/integramedikal1","article_modified_time":"2026-04-01T08:07:40+00:00","og_image":[{"width":900,"height":900,"url":"https:\/\/integramedikal.com\/magaza\/wp-content\/uploads\/2025\/06\/PR-443.jpg","type":"image\/jpeg"}],"twitter_card":"summary_large_image","twitter_site":"@integramedikal","twitter_misc":{"Tahmini okuma s\u00fcresi":"3 dakika"},"schema":{"@context":"https:\/\/schema.org","@graph":[{"@type":"WebPage","@id":"https:\/\/integramedikal.com\/magaza\/urun\/pr-443-aluminyum-tekerlekli-walker-pediatrik\/","url":"https:\/\/integramedikal.com\/magaza\/urun\/pr-443-aluminyum-tekerlekli-walker-pediatrik\/","name":"PR-443 Al\u00fcminyum Tekerlekli Walker (Pediatrik) - \u0130ntegra Medikal | | Ma\u011faza","isPartOf":{"@id":"https:\/\/integramedikal.com\/magaza\/#website"},"primaryImageOfPage":{"@id":"https:\/\/integramedikal.com\/magaza\/urun\/pr-443-aluminyum-tekerlekli-walker-pediatrik\/#primaryimage"},"image":{"@id":"https:\/\/integramedikal.com\/magaza\/urun\/pr-443-aluminyum-tekerlekli-walker-pediatrik\/#primaryimage"},"thumbnailUrl":"https:\/\/integramedikal.com\/magaza\/wp-content\/uploads\/2025\/06\/PR-443.jpg","datePublished":"2025-06-02T20:31:51+00:00","dateModified":"2026-04-01T08:07:40+00:00","breadcrumb":{"@id":"https:\/\/integramedikal.com\/magaza\/urun\/pr-443-aluminyum-tekerlekli-walker-pediatrik\/#breadcrumb"},"inLanguage":"tr","potentialAction":[{"@type":"ReadAction","target":["https:\/\/integramedikal.com\/magaza\/urun\/pr-443-aluminyum-tekerlekli-walker-pediatrik\/"]}]},{"@type":"ImageObject","inLanguage":"tr","@id":"https:\/\/integramedikal.com\/magaza\/urun\/pr-443-aluminyum-tekerlekli-walker-pediatrik\/#primaryimage","url":"https:\/\/integramedikal.com\/magaza\/wp-content\/uploads\/2025\/06\/PR-443.jpg","contentUrl":"https:\/\/integramedikal.com\/magaza\/wp-content\/uploads\/2025\/06\/PR-443.jpg","width":900,"height":900},{"@type":"BreadcrumbList","@id":"https:\/\/integramedikal.com\/magaza\/urun\/pr-443-aluminyum-tekerlekli-walker-pediatrik\/#breadcrumb","itemListElement":[{"@type":"ListItem","position":1,"name":"Anasayfa","item":"https:\/\/integramedikal.com\/magaza\/anasayfa\/"},{"@type":"ListItem","position":2,"name":"Shop","item":"https:\/\/integramedikal.com\/magaza\/shop\/"},{"@type":"ListItem","position":3,"name":"PR-443 Al\u00fcminyum Tekerlekli Walker (Pediatrik)"}]},{"@type":"WebSite","@id":"https:\/\/integramedikal.com\/magaza\/#website","url":"https:\/\/integramedikal.com\/magaza\/","name":"\u0130ntegra Medikal < | | >Ma\u011faza","description":"Sa\u011fl\u0131kta Kalite | Sekt\u00f6rde 25. Y\u0131l","publisher":{"@id":"https:\/\/integramedikal.com\/magaza\/#organization"},"potentialAction":[{"@type":"SearchAction","target":{"@type":"EntryPoint","urlTemplate":"https:\/\/integramedikal.com\/magaza\/?s={search_term_string}"},"query-input":{"@type":"PropertyValueSpecification","valueRequired":true,"valueName":"search_term_string"}}],"inLanguage":"tr"},{"@type":"Organization","@id":"https:\/\/integramedikal.com\/magaza\/#organization","name":"\u0130ntegra Medikal < | | >Ma\u011faza","url":"https:\/\/integramedikal.com\/magaza\/","logo":{"@type":"ImageObject","inLanguage":"tr","@id":"https:\/\/integramedikal.com\/magaza\/#\/schema\/logo\/image\/","url":"https:\/\/integramedikal.com\/magaza\/wp-content\/uploads\/2025\/06\/integra-logo-1.png","contentUrl":"https:\/\/integramedikal.com\/magaza\/wp-content\/uploads\/2025\/06\/integra-logo-1.png","width":340,"height":156,"caption":"\u0130ntegra Medikal < | | >Ma\u011faza"},"image":{"@id":"https:\/\/integramedikal.com\/magaza\/#\/schema\/logo\/image\/"},"sameAs":["https:\/\/www.facebook.com\/integramedikal1","https:\/\/x.com\/integramedikal","https:\/\/www.instagram.com\/integramedikal\/","https:\/\/www.youtube.com\/user\/integramedikal"]}]}},"_links":{"self":[{"href":"https:\/\/integramedikal.com\/magaza\/wp-json\/wp\/v2\/product\/1688","targetHints":{"allow":["GET"]}}],"collection":[{"href":"https:\/\/integramedikal.com\/magaza\/wp-json\/wp\/v2\/product"}],"about":[{"href":"https:\/\/integramedikal.com\/magaza\/wp-json\/wp\/v2\/types\/product"}],"replies":[{"embeddable":true,"href":"https:\/\/integramedikal.com\/magaza\/wp-json\/wp\/v2\/comments?post=1688"}],"wp:featuredmedia":[{"embeddable":true,"href":"https:\/\/integramedikal.com\/magaza\/wp-json\/wp\/v2\/media\/1698"}],"wp:attachment":[{"href":"https:\/\/integramedikal.com\/magaza\/wp-json\/wp\/v2\/media?parent=1688"}],"wp:term":[{"taxonomy":"product_brand","embeddable":true,"href":"https:\/\/integramedikal.com\/magaza\/wp-json\/wp\/v2\/product_brand?post=1688"},{"taxonomy":"product_cat","embeddable":true,"href":"https:\/\/integramedikal.com\/magaza\/wp-json\/wp\/v2\/product_cat?post=1688"},{"taxonomy":"product_tag","embeddable":true,"href":"https:\/\/integramedikal.com\/magaza\/wp-json\/wp\/v2\/product_tag?post=1688"}],"curies":[{"name":"wp","href":"https:\/\/api.w.org\/{rel}","templated":true}]}}