{"id":1675,"date":"2025-06-02T23:30:23","date_gmt":"2025-06-02T20:30:23","guid":{"rendered":"https:\/\/integramedikal.com\/magaza\/?post_type=product&#038;p=1675"},"modified":"2026-04-01T12:02:42","modified_gmt":"2026-04-01T09:02:42","slug":"pr-442-aluminyum-walker-pediatrik","status":"publish","type":"product","link":"https:\/\/integramedikal.com\/magaza\/urun\/pr-442-aluminyum-walker-pediatrik\/","title":{"rendered":"PR-442 Al\u00fcminyum Walker (Pediatrik)"},"content":{"rendered":"<div>Pediatrik kullan\u0131c\u0131lar\u0131n \u00f6zel ihtiya\u00e7lar\u0131 g\u00f6z \u00f6n\u00fcnde bulundurularak tasarlanan mobilite yard\u0131mc\u0131lar\u0131nda bir inovasyon zirvesi olan PR-442 Al\u00fcminyum Y\u00fcr\u00fcte\u00e7 ile tan\u0131\u015f\u0131n. Bu y\u00fcr\u00fcte\u00e7, kaliteye olan ba\u011fl\u0131l\u0131\u011f\u0131m\u0131z\u0131n bir kan\u0131t\u0131 ve do\u011fru deste\u011fin hareket g\u00fc\u00e7l\u00fc\u011f\u00fc \u00e7eken bireylerin \u00e7evrelerinde daha fazla g\u00fcven ve ba\u011f\u0131ms\u0131zl\u0131kla gezinmelerini sa\u011flayabilece\u011fine dair anlay\u0131\u015f\u0131m\u0131z\u0131n bir yans\u0131mas\u0131d\u0131r. B2B pazar\u0131 ve engelliler i\u00e7in \u00e7\u00f6z\u00fcmler sunmaya kendini adam\u0131\u015f kurulu\u015flar i\u00e7in \u00f6zel olarak haz\u0131rlanan PR-442, sadece bir \u00fcr\u00fcn olarak de\u011fil, ayn\u0131 zamanda ya\u015fam\u0131 iyile\u015ftiren bir ara\u00e7 olarak da \u00f6ne \u00e7\u0131k\u0131yor.<\/div>\n<div><\/div>\n<div>Ekonomik ancak y\u00fcksek kaliteli bir y\u00fcr\u00fcte\u00e7 yaratmaya odaklanan PR-441 Al\u00fcminyum Tekerlekli Y\u00fcr\u00fcte\u00e7, i\u015flevselli\u011fi uygun fiyatla birle\u015ftirir. Dayan\u0131kl\u0131l\u0131k i\u00e7in tasarlanan bu \u00fcr\u00fcn, aktif \u00e7ocuklar\u0131n g\u00fcnl\u00fck kullan\u0131m\u0131na dayanabilecek sa\u011flam bir g\u00f6vde yap\u0131s\u0131 vaat ediyor. Ayr\u0131ca, h\u0131zl\u0131 sevkiyat vaadi, bu temel ekipman\u0131n en \u00e7ok ihtiya\u00e7 duyuldu\u011funda ula\u015fmas\u0131n\u0131 sa\u011flar ve b\u00f6ylece gen\u00e7 hastalar i\u00e7in kesintisiz bir bak\u0131m s\u00fcreklili\u011fini kolayla\u015ft\u0131r\u0131r.<\/div>\n<div><\/div>\n<div><b>Sars\u0131lmaz Kalite ve Destek<\/b><\/div>\n<div><b><br \/><\/b><\/div>\n<div>PR-442 Al\u00fcminyum Y\u00fcr\u00fcte\u00e7 (Pediatrik) sadece kalitesiyle de\u011fil, ayn\u0131 zamanda hem sat\u0131c\u0131ya hem de son kullan\u0131c\u0131ya sundu\u011fu g\u00fcvenceyle de tan\u0131nmaktad\u0131r. 2 y\u0131ll\u0131k c\u00f6mert bir garantiye sahip olan bu y\u00fcr\u00fcte\u00e7, uzun vadeli g\u00fcvenilirlik taahh\u00fcd\u00fc ile desteklenmektedir. PR-442 y\u00fcr\u00fcte\u00e7lere yat\u0131r\u0131m yaparken, al\u0131c\u0131lar, kullan\u0131c\u0131lar\u0131ndan gelen olumlu geri bildirimlerle onaylanan bir \u00fcr\u00fcn tedarik edeceklerinden emin olabilirler ve bu da onu hasta y\u00fcr\u00fcte\u00e7leri alan\u0131nda tercih edilen bir se\u00e7enek haline getirir.<\/div>\n<div><\/div>\n<div>Bu \u00fcr\u00fcn sadece m\u00fchendislik m\u00fckemmelli\u011finin bir kan\u0131t\u0131 de\u011fil, ayn\u0131 zamanda kullan\u0131c\u0131 memnuniyetine olan ba\u011fl\u0131l\u0131\u011f\u0131m\u0131z\u0131n bir yans\u0131mas\u0131d\u0131r. Dayan\u0131kl\u0131 yap\u0131 ve d\u00fc\u015f\u00fcnceli tasar\u0131m, hareket kabiliyeti deste\u011fine ihtiya\u00e7 duyan en gen\u00e7 hastalar\u0131n ihtiya\u00e7lar\u0131n\u0131 kar\u015f\u0131lar. PR-442, g\u00fcnl\u00fck ya\u015fam\u0131n zorluklar\u0131n\u0131 a\u015fmaya yard\u0131mc\u0131 olmak i\u00e7in g\u00fcvenilir bir yol arkada\u015f\u0131 g\u00f6revi g\u00f6r\u00fcr ve \u00e7ocuklara d\u00fcnyalar\u0131n\u0131 g\u00fcvenli bir \u015fekilde ke\u015ffetme \u00f6zg\u00fcrl\u00fc\u011f\u00fc verir.<\/div>\n<div><\/div>\n<div><b>\u00d6d\u00fcns\u00fcz Ekonomik<\/b><\/div>\n<div><b><br \/><\/b><\/div>\n<div>Engelliler i\u00e7in mobilite yard\u0131mc\u0131lar\u0131n\u0131n rekabet\u00e7i ortam\u0131nda, PR-442 Al\u00fcminyum Y\u00fcr\u00fcte\u00e7, kaliteden \u00f6d\u00fcn vermeyen ekonomik bir \u00fcr\u00fcn olmas\u0131yla \u00f6ne \u00e7\u0131k\u0131yor. \u00d6zellikle B2B sekt\u00f6r\u00fcndeki perakendecilerin ve sa\u011flay\u0131c\u0131lar\u0131n ihtiya\u00e7lar\u0131n\u0131 kar\u015f\u0131layan bu y\u00fcr\u00fcte\u00e7, mobiliteye yard\u0131mc\u0131 olma vaadini yerine getirirken i\u015f hedeflerini destekleyen uygulanabilir bir \u00e7\u00f6z\u00fcm sunar.<\/div>\n<div><\/div>\n<div>PR-442, yaln\u0131zca i\u015flev a\u00e7\u0131s\u0131ndan de\u011fil, ayn\u0131 zamanda tedarik zincirlerindeki rol\u00fcnde de etkili olacak \u015fekilde tasarlanm\u0131\u015ft\u0131r. H\u0131zl\u0131 sevkiyat g\u00fcvencesi, gen\u00e7lere m\u00fcmk\u00fcn olan en k\u0131sa s\u00fcrede yard\u0131mc\u0131 olmak i\u00e7in bu temel yard\u0131m\u0131n h\u0131zl\u0131 bir \u015fekilde teslim edilmesini sa\u011flayarak, amaca uygunlu\u011funa olan ba\u011fl\u0131l\u0131\u011f\u0131m\u0131z\u0131 ortaya koymaktad\u0131r. PR-442&#8217;nin her y\u00f6n\u00fc, hizmet etmek istedi\u011fi gen\u00e7lere ve kullan\u0131c\u0131lara ger\u00e7ekten onlar\u0131 destekleyen bir \u00fcr\u00fcn sunmak i\u00e7in d\u00fc\u015f\u00fcn\u00fclm\u00fc\u015ft\u00fcr.<\/div>\n<div><\/div>\n<p><div  id=\"btn_klavuz\"  class='avia-button-wrap av-av_button-339e2584e7063ec43ba2f82e159a25c8-wrap avia-button-left  avia-builder-el-0  el_before_av_button  avia-builder-el-first '><a href='https:\/\/www.integramedikal.com\/magaza\/upload\/kilavuz\/87-pr-442-aluminyum-walker-pediatrik.pdf'  class='avia-button av-av_button-339e2584e7063ec43ba2f82e159a25c8 av-link-btn avia-icon_select-yes-left-icon avia-size-medium avia-position-left avia-color-theme-color-highlight'  target=\"_blank\"  rel=\"noopener noreferrer\"  aria-label=\"Kullan\u0131m K\u0131lavuzu\"><span class='avia_button_icon avia_button_icon_left avia-svg-icon avia-font-svg_entypo-fontello' data-av_svg_icon='book-open' data-av_iconset='svg_entypo-fontello'><svg version=\"1.1\" xmlns=\"http:\/\/www.w3.org\/2000\/svg\" width=\"29\" height=\"32\" viewBox=\"0 0 29 32\" preserveAspectRatio=\"xMidYMid meet\" aria-labelledby='av-svg-title-1' aria-describedby='av-svg-desc-1' role=\"graphics-symbol\">\n<title id='av-svg-title-1'>Book-open<\/title>\n<desc id='av-svg-desc-1'>Book-open<\/desc>\n<path d=\"M10.88 19.584v2.176l-6.4-2.56v-2.176zM10.88 12.928v2.176l-6.4-2.56v-2.176zM28.096 1.856q0.704 0.384 0.704 1.344v20.48q0 1.088-1.024 1.472l-12.736 5.12q-0.256 0.064-0.32 0.064t-0.16 0.032-0.16 0.032-0.16-0.032-0.16-0.032l-0.32-0.064-12.736-5.12q-1.024-0.384-1.024-1.472v-20.48q0-0.96 0.704-1.344 0.704-0.512 1.472-0.192l12.224 4.928 12.224-4.928q0.768-0.32 1.472 0.192zM12.8 27.072v-17.92l-10.24-4.096v17.92zM26.24 22.976v-17.92l-10.24 4.096v17.92zM24.32 17.024v2.176l-6.4 2.56v-2.176zM24.32 10.368v2.176l-6.4 2.56v-2.176z\"><\/path>\n<\/svg><\/span><span class='avia_iconbox_title' >Kullan\u0131m K\u0131lavuzu<\/span><\/a><\/div> <div  id=\"btn_teknikbilgi\"  class='avia-button-wrap av-av_button-e069d87ec5d6298b9b6c476e2dc5aa4e-wrap avia-button-left  avia-builder-el-1  el_after_av_button  avia-builder-el-last '><a href='javascript:void(0);'  class='avia-button av-av_button-e069d87ec5d6298b9b6c476e2dc5aa4e av-link-btn avia-icon_select-yes-left-icon avia-size-medium avia-position-left avia-color-theme-color-highlight'   aria-label=\"Teknik Bilgi\"><span class='avia_button_icon avia_button_icon_left avia-svg-icon avia-font-svg_entypo-fontello' data-av_svg_icon='cog' data-av_iconset='svg_entypo-fontello'><svg version=\"1.1\" xmlns=\"http:\/\/www.w3.org\/2000\/svg\" width=\"27\" height=\"32\" viewBox=\"0 0 27 32\" preserveAspectRatio=\"xMidYMid meet\" aria-labelledby='av-svg-title-2' aria-describedby='av-svg-desc-2' role=\"graphics-symbol\">\n<title id='av-svg-title-2'>Cog<\/title>\n<desc id='av-svg-desc-2'>Cog<\/desc>\n<path d=\"M24.32 16q0 2.304 2.56 3.904-0.384 1.28-1.088 2.624-2.24-0.576-4.352 1.408-1.728 1.856-1.088 4.352-1.28 0.64-2.688 1.152-1.472-2.624-4.224-2.624t-4.224 2.624q-1.408-0.512-2.688-1.152 0.64-2.56-1.088-4.352-1.728-1.728-4.352-1.088-0.448-0.832-1.088-2.624 2.624-1.664 2.624-4.224 0-2.304-2.624-3.968 0.64-1.792 1.088-2.624 2.368 0.576 4.352-1.408 1.728-1.792 1.088-4.352 1.344-0.704 2.688-1.088 1.472 2.56 4.224 2.56t4.224-2.56q1.344 0.384 2.688 1.088-0.64 2.496 1.088 4.352 2.112 1.984 4.352 1.408 0.704 1.344 1.088 2.624-2.56 1.6-2.56 3.968zM13.44 21.824q2.432 0 4.128-1.696t1.696-4.128-1.696-4.16-4.128-1.728-4.128 1.728-1.696 4.16 1.696 4.128 4.128 1.696z\"><\/path>\n<\/svg><\/span><span class='avia_iconbox_title' >Teknik Bilgi<\/span><\/a><\/div><\/p>\n","protected":false},"excerpt":{"rendered":"<p>Pediatrik kullan\u0131c\u0131lar\u0131n \u00f6zel ihtiya\u00e7lar\u0131 g\u00f6z \u00f6n\u00fcnde bulundurularak tasarlanan mobilite yard\u0131mc\u0131lar\u0131nda bir inovasyon zirvesi olan PR-442 Al\u00fcminyum Y\u00fcr\u00fcte\u00e7 ile tan\u0131\u015f\u0131n. Bu y\u00fcr\u00fcte\u00e7, kaliteye olan ba\u011fl\u0131l\u0131\u011f\u0131m\u0131z\u0131n bir kan\u0131t\u0131 ve do\u011fru deste\u011fin hareket g\u00fc\u00e7l\u00fc\u011f\u00fc \u00e7eken bireylerin \u00e7evrelerinde daha fazla g\u00fcven ve ba\u011f\u0131ms\u0131zl\u0131kla gezinmelerini sa\u011flayabilece\u011fine dair anlay\u0131\u015f\u0131m\u0131z\u0131n bir yans\u0131mas\u0131d\u0131r. B2B pazar\u0131 ve engelliler i\u00e7in \u00e7\u00f6z\u00fcmler sunmaya kendini adam\u0131\u015f kurulu\u015flar [&hellip;]<\/p>\n","protected":false},"featured_media":1686,"comment_status":"open","ping_status":"closed","template":"","meta":[],"product_brand":[],"product_cat":[600],"product_tag":[],"class_list":{"0":"post-1675","1":"product","2":"type-product","3":"status-publish","4":"has-post-thumbnail","6":"product_cat-yurume-gruplari","8":"first","9":"instock","10":"sale","11":"taxable","12":"shipping-taxable","13":"purchasable","14":"product-type-simple"},"yoast_head":"<!-- This site is optimized with the Yoast SEO plugin v27.4 - https:\/\/yoast.com\/product\/yoast-seo-wordpress\/ -->\n<title>PR-442 Al\u00fcminyum Walker (Pediatrik) - \u0130ntegra Medikal | | Ma\u011faza<\/title>\n<meta name=\"robots\" content=\"index, follow, max-snippet:-1, max-image-preview:large, max-video-preview:-1\" \/>\n<link rel=\"canonical\" href=\"https:\/\/integramedikal.com\/magaza\/urun\/pr-442-aluminyum-walker-pediatrik\/\" \/>\n<meta property=\"og:locale\" content=\"tr_TR\" \/>\n<meta property=\"og:type\" content=\"article\" \/>\n<meta property=\"og:title\" content=\"PR-442 Al\u00fcminyum Walker (Pediatrik) - \u0130ntegra Medikal | | Ma\u011faza\" \/>\n<meta property=\"og:description\" content=\"Pediatrik kullan\u0131c\u0131lar\u0131n \u00f6zel ihtiya\u00e7lar\u0131 g\u00f6z \u00f6n\u00fcnde bulundurularak tasarlanan mobilite yard\u0131mc\u0131lar\u0131nda bir inovasyon zirvesi olan PR-442 Al\u00fcminyum Y\u00fcr\u00fcte\u00e7 ile tan\u0131\u015f\u0131n. Bu y\u00fcr\u00fcte\u00e7, kaliteye olan ba\u011fl\u0131l\u0131\u011f\u0131m\u0131z\u0131n bir kan\u0131t\u0131 ve do\u011fru deste\u011fin hareket g\u00fc\u00e7l\u00fc\u011f\u00fc \u00e7eken bireylerin \u00e7evrelerinde daha fazla g\u00fcven ve ba\u011f\u0131ms\u0131zl\u0131kla gezinmelerini sa\u011flayabilece\u011fine dair anlay\u0131\u015f\u0131m\u0131z\u0131n bir yans\u0131mas\u0131d\u0131r. B2B pazar\u0131 ve engelliler i\u00e7in \u00e7\u00f6z\u00fcmler sunmaya kendini adam\u0131\u015f kurulu\u015flar [&hellip;]\" \/>\n<meta property=\"og:url\" content=\"https:\/\/integramedikal.com\/magaza\/urun\/pr-442-aluminyum-walker-pediatrik\/\" \/>\n<meta property=\"og:site_name\" content=\"\u0130ntegra Medikal | | Ma\u011faza\" \/>\n<meta property=\"article:publisher\" content=\"https:\/\/www.facebook.com\/integramedikal1\" \/>\n<meta property=\"article:modified_time\" content=\"2026-04-01T09:02:42+00:00\" \/>\n<meta property=\"og:image\" content=\"https:\/\/integramedikal.com\/magaza\/wp-content\/uploads\/2025\/06\/PR-442.jpg\" \/>\n\t<meta property=\"og:image:width\" content=\"900\" \/>\n\t<meta property=\"og:image:height\" content=\"900\" \/>\n\t<meta property=\"og:image:type\" content=\"image\/jpeg\" \/>\n<meta name=\"twitter:card\" content=\"summary_large_image\" \/>\n<meta name=\"twitter:site\" content=\"@integramedikal\" \/>\n<meta name=\"twitter:label1\" content=\"Tahmini okuma s\u00fcresi\" \/>\n\t<meta name=\"twitter:data1\" content=\"3 dakika\" \/>\n<script type=\"application\/ld+json\" class=\"yoast-schema-graph\">{\"@context\":\"https:\\\/\\\/schema.org\",\"@graph\":[{\"@type\":\"WebPage\",\"@id\":\"https:\\\/\\\/integramedikal.com\\\/magaza\\\/urun\\\/pr-442-aluminyum-walker-pediatrik\\\/\",\"url\":\"https:\\\/\\\/integramedikal.com\\\/magaza\\\/urun\\\/pr-442-aluminyum-walker-pediatrik\\\/\",\"name\":\"PR-442 Al\u00fcminyum Walker (Pediatrik) - \u0130ntegra Medikal | | Ma\u011faza\",\"isPartOf\":{\"@id\":\"https:\\\/\\\/integramedikal.com\\\/magaza\\\/#website\"},\"primaryImageOfPage\":{\"@id\":\"https:\\\/\\\/integramedikal.com\\\/magaza\\\/urun\\\/pr-442-aluminyum-walker-pediatrik\\\/#primaryimage\"},\"image\":{\"@id\":\"https:\\\/\\\/integramedikal.com\\\/magaza\\\/urun\\\/pr-442-aluminyum-walker-pediatrik\\\/#primaryimage\"},\"thumbnailUrl\":\"https:\\\/\\\/integramedikal.com\\\/magaza\\\/wp-content\\\/uploads\\\/2025\\\/06\\\/PR-442.jpg\",\"datePublished\":\"2025-06-02T20:30:23+00:00\",\"dateModified\":\"2026-04-01T09:02:42+00:00\",\"breadcrumb\":{\"@id\":\"https:\\\/\\\/integramedikal.com\\\/magaza\\\/urun\\\/pr-442-aluminyum-walker-pediatrik\\\/#breadcrumb\"},\"inLanguage\":\"tr\",\"potentialAction\":[{\"@type\":\"ReadAction\",\"target\":[\"https:\\\/\\\/integramedikal.com\\\/magaza\\\/urun\\\/pr-442-aluminyum-walker-pediatrik\\\/\"]}]},{\"@type\":\"ImageObject\",\"inLanguage\":\"tr\",\"@id\":\"https:\\\/\\\/integramedikal.com\\\/magaza\\\/urun\\\/pr-442-aluminyum-walker-pediatrik\\\/#primaryimage\",\"url\":\"https:\\\/\\\/integramedikal.com\\\/magaza\\\/wp-content\\\/uploads\\\/2025\\\/06\\\/PR-442.jpg\",\"contentUrl\":\"https:\\\/\\\/integramedikal.com\\\/magaza\\\/wp-content\\\/uploads\\\/2025\\\/06\\\/PR-442.jpg\",\"width\":900,\"height\":900},{\"@type\":\"BreadcrumbList\",\"@id\":\"https:\\\/\\\/integramedikal.com\\\/magaza\\\/urun\\\/pr-442-aluminyum-walker-pediatrik\\\/#breadcrumb\",\"itemListElement\":[{\"@type\":\"ListItem\",\"position\":1,\"name\":\"Anasayfa\",\"item\":\"https:\\\/\\\/integramedikal.com\\\/magaza\\\/anasayfa\\\/\"},{\"@type\":\"ListItem\",\"position\":2,\"name\":\"Shop\",\"item\":\"https:\\\/\\\/integramedikal.com\\\/magaza\\\/shop\\\/\"},{\"@type\":\"ListItem\",\"position\":3,\"name\":\"PR-442 Al\u00fcminyum Walker (Pediatrik)\"}]},{\"@type\":\"WebSite\",\"@id\":\"https:\\\/\\\/integramedikal.com\\\/magaza\\\/#website\",\"url\":\"https:\\\/\\\/integramedikal.com\\\/magaza\\\/\",\"name\":\"\u0130ntegra Medikal < | | >Ma\u011faza\",\"description\":\"Sa\u011fl\u0131kta Kalite | Sekt\u00f6rde 25. Y\u0131l\",\"publisher\":{\"@id\":\"https:\\\/\\\/integramedikal.com\\\/magaza\\\/#organization\"},\"potentialAction\":[{\"@type\":\"SearchAction\",\"target\":{\"@type\":\"EntryPoint\",\"urlTemplate\":\"https:\\\/\\\/integramedikal.com\\\/magaza\\\/?s={search_term_string}\"},\"query-input\":{\"@type\":\"PropertyValueSpecification\",\"valueRequired\":true,\"valueName\":\"search_term_string\"}}],\"inLanguage\":\"tr\"},{\"@type\":\"Organization\",\"@id\":\"https:\\\/\\\/integramedikal.com\\\/magaza\\\/#organization\",\"name\":\"\u0130ntegra Medikal < | | >Ma\u011faza\",\"url\":\"https:\\\/\\\/integramedikal.com\\\/magaza\\\/\",\"logo\":{\"@type\":\"ImageObject\",\"inLanguage\":\"tr\",\"@id\":\"https:\\\/\\\/integramedikal.com\\\/magaza\\\/#\\\/schema\\\/logo\\\/image\\\/\",\"url\":\"https:\\\/\\\/integramedikal.com\\\/magaza\\\/wp-content\\\/uploads\\\/2025\\\/06\\\/integra-logo-1.png\",\"contentUrl\":\"https:\\\/\\\/integramedikal.com\\\/magaza\\\/wp-content\\\/uploads\\\/2025\\\/06\\\/integra-logo-1.png\",\"width\":340,\"height\":156,\"caption\":\"\u0130ntegra Medikal < | | >Ma\u011faza\"},\"image\":{\"@id\":\"https:\\\/\\\/integramedikal.com\\\/magaza\\\/#\\\/schema\\\/logo\\\/image\\\/\"},\"sameAs\":[\"https:\\\/\\\/www.facebook.com\\\/integramedikal1\",\"https:\\\/\\\/x.com\\\/integramedikal\",\"https:\\\/\\\/www.instagram.com\\\/integramedikal\\\/\",\"https:\\\/\\\/www.youtube.com\\\/user\\\/integramedikal\"]}]}<\/script>\n<!-- \/ Yoast SEO plugin. -->","yoast_head_json":{"title":"PR-442 Al\u00fcminyum Walker (Pediatrik) - \u0130ntegra Medikal | | Ma\u011faza","robots":{"index":"index","follow":"follow","max-snippet":"max-snippet:-1","max-image-preview":"max-image-preview:large","max-video-preview":"max-video-preview:-1"},"canonical":"https:\/\/integramedikal.com\/magaza\/urun\/pr-442-aluminyum-walker-pediatrik\/","og_locale":"tr_TR","og_type":"article","og_title":"PR-442 Al\u00fcminyum Walker (Pediatrik) - \u0130ntegra Medikal | | Ma\u011faza","og_description":"Pediatrik kullan\u0131c\u0131lar\u0131n \u00f6zel ihtiya\u00e7lar\u0131 g\u00f6z \u00f6n\u00fcnde bulundurularak tasarlanan mobilite yard\u0131mc\u0131lar\u0131nda bir inovasyon zirvesi olan PR-442 Al\u00fcminyum Y\u00fcr\u00fcte\u00e7 ile tan\u0131\u015f\u0131n. Bu y\u00fcr\u00fcte\u00e7, kaliteye olan ba\u011fl\u0131l\u0131\u011f\u0131m\u0131z\u0131n bir kan\u0131t\u0131 ve do\u011fru deste\u011fin hareket g\u00fc\u00e7l\u00fc\u011f\u00fc \u00e7eken bireylerin \u00e7evrelerinde daha fazla g\u00fcven ve ba\u011f\u0131ms\u0131zl\u0131kla gezinmelerini sa\u011flayabilece\u011fine dair anlay\u0131\u015f\u0131m\u0131z\u0131n bir yans\u0131mas\u0131d\u0131r. B2B pazar\u0131 ve engelliler i\u00e7in \u00e7\u00f6z\u00fcmler sunmaya kendini adam\u0131\u015f kurulu\u015flar [&hellip;]","og_url":"https:\/\/integramedikal.com\/magaza\/urun\/pr-442-aluminyum-walker-pediatrik\/","og_site_name":"\u0130ntegra Medikal | | Ma\u011faza","article_publisher":"https:\/\/www.facebook.com\/integramedikal1","article_modified_time":"2026-04-01T09:02:42+00:00","og_image":[{"width":900,"height":900,"url":"https:\/\/integramedikal.com\/magaza\/wp-content\/uploads\/2025\/06\/PR-442.jpg","type":"image\/jpeg"}],"twitter_card":"summary_large_image","twitter_site":"@integramedikal","twitter_misc":{"Tahmini okuma s\u00fcresi":"3 dakika"},"schema":{"@context":"https:\/\/schema.org","@graph":[{"@type":"WebPage","@id":"https:\/\/integramedikal.com\/magaza\/urun\/pr-442-aluminyum-walker-pediatrik\/","url":"https:\/\/integramedikal.com\/magaza\/urun\/pr-442-aluminyum-walker-pediatrik\/","name":"PR-442 Al\u00fcminyum Walker (Pediatrik) - \u0130ntegra Medikal | | Ma\u011faza","isPartOf":{"@id":"https:\/\/integramedikal.com\/magaza\/#website"},"primaryImageOfPage":{"@id":"https:\/\/integramedikal.com\/magaza\/urun\/pr-442-aluminyum-walker-pediatrik\/#primaryimage"},"image":{"@id":"https:\/\/integramedikal.com\/magaza\/urun\/pr-442-aluminyum-walker-pediatrik\/#primaryimage"},"thumbnailUrl":"https:\/\/integramedikal.com\/magaza\/wp-content\/uploads\/2025\/06\/PR-442.jpg","datePublished":"2025-06-02T20:30:23+00:00","dateModified":"2026-04-01T09:02:42+00:00","breadcrumb":{"@id":"https:\/\/integramedikal.com\/magaza\/urun\/pr-442-aluminyum-walker-pediatrik\/#breadcrumb"},"inLanguage":"tr","potentialAction":[{"@type":"ReadAction","target":["https:\/\/integramedikal.com\/magaza\/urun\/pr-442-aluminyum-walker-pediatrik\/"]}]},{"@type":"ImageObject","inLanguage":"tr","@id":"https:\/\/integramedikal.com\/magaza\/urun\/pr-442-aluminyum-walker-pediatrik\/#primaryimage","url":"https:\/\/integramedikal.com\/magaza\/wp-content\/uploads\/2025\/06\/PR-442.jpg","contentUrl":"https:\/\/integramedikal.com\/magaza\/wp-content\/uploads\/2025\/06\/PR-442.jpg","width":900,"height":900},{"@type":"BreadcrumbList","@id":"https:\/\/integramedikal.com\/magaza\/urun\/pr-442-aluminyum-walker-pediatrik\/#breadcrumb","itemListElement":[{"@type":"ListItem","position":1,"name":"Anasayfa","item":"https:\/\/integramedikal.com\/magaza\/anasayfa\/"},{"@type":"ListItem","position":2,"name":"Shop","item":"https:\/\/integramedikal.com\/magaza\/shop\/"},{"@type":"ListItem","position":3,"name":"PR-442 Al\u00fcminyum Walker (Pediatrik)"}]},{"@type":"WebSite","@id":"https:\/\/integramedikal.com\/magaza\/#website","url":"https:\/\/integramedikal.com\/magaza\/","name":"\u0130ntegra Medikal < | | >Ma\u011faza","description":"Sa\u011fl\u0131kta Kalite | Sekt\u00f6rde 25. Y\u0131l","publisher":{"@id":"https:\/\/integramedikal.com\/magaza\/#organization"},"potentialAction":[{"@type":"SearchAction","target":{"@type":"EntryPoint","urlTemplate":"https:\/\/integramedikal.com\/magaza\/?s={search_term_string}"},"query-input":{"@type":"PropertyValueSpecification","valueRequired":true,"valueName":"search_term_string"}}],"inLanguage":"tr"},{"@type":"Organization","@id":"https:\/\/integramedikal.com\/magaza\/#organization","name":"\u0130ntegra Medikal < | | >Ma\u011faza","url":"https:\/\/integramedikal.com\/magaza\/","logo":{"@type":"ImageObject","inLanguage":"tr","@id":"https:\/\/integramedikal.com\/magaza\/#\/schema\/logo\/image\/","url":"https:\/\/integramedikal.com\/magaza\/wp-content\/uploads\/2025\/06\/integra-logo-1.png","contentUrl":"https:\/\/integramedikal.com\/magaza\/wp-content\/uploads\/2025\/06\/integra-logo-1.png","width":340,"height":156,"caption":"\u0130ntegra Medikal < | | >Ma\u011faza"},"image":{"@id":"https:\/\/integramedikal.com\/magaza\/#\/schema\/logo\/image\/"},"sameAs":["https:\/\/www.facebook.com\/integramedikal1","https:\/\/x.com\/integramedikal","https:\/\/www.instagram.com\/integramedikal\/","https:\/\/www.youtube.com\/user\/integramedikal"]}]}},"_links":{"self":[{"href":"https:\/\/integramedikal.com\/magaza\/wp-json\/wp\/v2\/product\/1675","targetHints":{"allow":["GET"]}}],"collection":[{"href":"https:\/\/integramedikal.com\/magaza\/wp-json\/wp\/v2\/product"}],"about":[{"href":"https:\/\/integramedikal.com\/magaza\/wp-json\/wp\/v2\/types\/product"}],"replies":[{"embeddable":true,"href":"https:\/\/integramedikal.com\/magaza\/wp-json\/wp\/v2\/comments?post=1675"}],"wp:featuredmedia":[{"embeddable":true,"href":"https:\/\/integramedikal.com\/magaza\/wp-json\/wp\/v2\/media\/1686"}],"wp:attachment":[{"href":"https:\/\/integramedikal.com\/magaza\/wp-json\/wp\/v2\/media?parent=1675"}],"wp:term":[{"taxonomy":"product_brand","embeddable":true,"href":"https:\/\/integramedikal.com\/magaza\/wp-json\/wp\/v2\/product_brand?post=1675"},{"taxonomy":"product_cat","embeddable":true,"href":"https:\/\/integramedikal.com\/magaza\/wp-json\/wp\/v2\/product_cat?post=1675"},{"taxonomy":"product_tag","embeddable":true,"href":"https:\/\/integramedikal.com\/magaza\/wp-json\/wp\/v2\/product_tag?post=1675"}],"curies":[{"name":"wp","href":"https:\/\/api.w.org\/{rel}","templated":true}]}}