{"id":1674,"date":"2025-06-02T23:30:23","date_gmt":"2025-06-02T20:30:23","guid":{"rendered":"https:\/\/integramedikal.com\/magaza\/?post_type=product&#038;p=1674"},"modified":"2026-04-01T11:08:47","modified_gmt":"2026-04-01T08:08:47","slug":"pr-441-aluminyum-tekerlekli-walker","status":"publish","type":"product","link":"https:\/\/integramedikal.com\/magaza\/urun\/pr-441-aluminyum-tekerlekli-walker\/","title":{"rendered":"PR-441 Al\u00fcminyum Tekerlekli Walker"},"content":{"rendered":"<div>Hasta y\u00fcr\u00fcte\u00e7 pazar\u0131n\u0131n ihtiya\u00e7lar\u0131n\u0131 kar\u015f\u0131lamak i\u00e7in ustal\u0131kla haz\u0131rlanm\u0131\u015f son teknoloji \u00fcr\u00fcn\u00fc bir mobilite \u00e7\u00f6z\u00fcm\u00fc olan PR-441 Al\u00fcminyum Tekerlekli Y\u00fcr\u00fcte\u00e7 ile tan\u0131\u015f\u0131n. Hassasiyetle tasarlanan sa\u011flam g\u00f6vde yap\u0131s\u0131, ya\u015fl\u0131 y\u00fcr\u00fcte\u00e7 segmenti i\u00e7in g\u00fcvenilirlik ve destek sa\u011flayarak manevra kabiliyetinden asla \u00f6d\u00fcn verilmemesini sa\u011flar. PR-441, B2B al\u0131c\u0131lar\u0131 ve engelliler i\u00e7in ara\u00e7 ve yard\u0131m cihazlar\u0131 tedarik eden \u015firketler i\u00e7in yenili\u011fin simgesidir.<\/div>\n<div><\/div>\n<div>Ekonomik de\u011feri ile tan\u0131nan PR-441, kaliteden \u00f6d\u00fcn vermeden uzun vadeli tasarruflara d\u00f6n\u00fc\u015fen ihtiyatl\u0131 bir yat\u0131r\u0131m olarak \u00f6ne \u00e7\u0131k\u0131yor. Tekerlekli y\u00fcr\u00fcte\u00e7in rekabet avantaj\u0131, 2 y\u0131ll\u0131k garanti avantaj\u0131yla daha da art\u0131r\u0131lm\u0131\u015ft\u0131r. Bu dayan\u0131kl\u0131l\u0131k g\u00fcvencesi, PR-441&#8217;in performans\u0131na duyulan g\u00fcvenin ve \u00fcr\u00fcn\u00fcn kullan\u0131c\u0131 taraf\u0131ndan \u00f6nerilen durumuyla sorunsuz bir \u015fekilde uyumlu olan m\u00fc\u015fteri memnuniyetine olan ba\u011fl\u0131l\u0131\u011f\u0131n bir kan\u0131t\u0131d\u0131r.<\/div>\n<div><\/div>\n<div><b>Sars\u0131lmaz Kalite ve Pratiklik<\/b><\/div>\n<div><b><br \/><\/b><\/div>\n<div>Tekerlekli y\u00fcr\u00fcte\u00e7 gibi ekipman tedarik ederken B2B m\u00fc\u015fterileri i\u00e7in temel bir endi\u015fe, sars\u0131lmaz kalite g\u00fcvencesidir. PR-441 Al\u00fcminyum Tekerlekli Y\u00fcr\u00fcte\u00e7, g\u00fc\u00e7l\u00fc g\u00f6vde yap\u0131s\u0131 ile denge ve g\u00fcvenlik sunmak i\u00e7in tasarlanm\u0131\u015ft\u0131r. Hasta y\u00fcr\u00fcte\u00e7 kullan\u0131c\u0131lar\u0131n\u0131n alacal\u0131 taleplerini kar\u015f\u0131lamak i\u00e7in \u00fcretilmi\u015ftir ve hem g\u00fcc\u00fc hem de hafif tasar\u0131m\u0131 b\u00fcnyesinde bar\u0131nd\u0131r\u0131r. Bu y\u00fcr\u00fcte\u00e7in arkas\u0131ndaki sofistike m\u00fchendislik, kullan\u0131c\u0131lar\u0131n g\u00fcnl\u00fck aktiviteleri s\u0131ras\u0131nda yap\u0131s\u0131na g\u00fcvenebilmelerini sa\u011flar.<\/div>\n<div><\/div>\n<div>Kaliteye olan ba\u011fl\u0131l\u0131k sa\u011flam \u00e7er\u00e7eve ile bitmez. Her PR-441 engelli y\u00fcr\u00fcte\u00e7, kullan\u0131c\u0131 tercihleri g\u00f6z \u00f6n\u00fcnde bulundurularak \u00fcretilmi\u015ftir, bu da onu sezgisel tasar\u0131m\u0131 ve kullan\u0131m kolayl\u0131\u011f\u0131 nedeniyle \u00f6nerilen bir se\u00e7im haline getirir. Ayr\u0131ca i\u015flevsellik ve konfor aras\u0131nda m\u00fckemmel bir denge kurarken, kullan\u0131c\u0131lar\u0131 aras\u0131ndaki ba\u011f\u0131ms\u0131zl\u0131\u011f\u0131 ve g\u00fcveni art\u0131rmak i\u00e7in de tasarlanm\u0131\u015ft\u0131r, b\u00f6ylece engelleri \u00f6zerklik ve hareketlilikle g\u00fc\u00e7l\u00fc \u015fekilde a\u015far.<\/div>\n<div><\/div>\n<div><b>Verimli Sat\u0131n Alma ve Teslimat S\u00fcreci<\/b><\/div>\n<div><b><br \/><\/b><\/div>\n<div>B2B alan\u0131nda ortaya \u00e7\u0131kabilecek aciliyeti anlayan PR-441 Al\u00fcminyum Tekerlekli Y\u00fcr\u00fcte\u00e7, h\u0131zl\u0131 sevkiyat hizmetleri ile tamamlanmaktad\u0131r. Bu, hayati mobilite yard\u0131m\u0131n\u0131n gereksiz gecikme olmadan i\u015fletmenize veya do\u011frudan m\u00fc\u015fterilere ula\u015fmas\u0131n\u0131 sa\u011flar. Bu h\u0131zl\u0131 teslimat, bu t\u00fcr \u00f6nemli yard\u0131mlara zaman\u0131nda eri\u015fimi \u00f6d\u00fcllendiren i\u015fletmeler i\u00e7in \u00e7ok \u00f6nemlidir ve bu da onu yaln\u0131zca fiyat a\u00e7\u0131s\u0131ndan de\u011fil, ayn\u0131 zamanda zaman tasarrufu a\u00e7\u0131s\u0131ndan da ekonomik bir y\u00fcr\u00fcte\u00e7 haline getirir.<\/div>\n<div><\/div>\n<div>Son olarak, PR-441&#8217;in ekonomik y\u00f6n\u00fc sadece maliyet etkinli\u011fine yans\u0131maz. M\u00fc\u015fteri deneyiminin tamam\u0131na uzan\u0131r. Sat\u0131n alma noktas\u0131ndan sat\u0131\u015f sonras\u0131 deste\u011fe kadar al\u0131c\u0131lar, B2B al\u0131c\u0131lar\u0131n\u0131n ihtiya\u00e7 duydu\u011fu profesyonelli\u011fi ve formaliteyi yans\u0131tan sorunsuz bir i\u015flem bekleyebilirler. PR-441 bir \u00fcr\u00fcnden daha fazlas\u0131d\u0131r; G\u00fcvenilir, y\u00fcksek verimli ve kullan\u0131c\u0131 onayl\u0131 bir engelli y\u00fcr\u00fcte\u00e7 ihtiyac\u0131 olanlar i\u00e7in kapsaml\u0131 bir \u00e7\u00f6z\u00fcmd\u00fcr.<\/div>\n<div><\/div>\n<p><div  id=\"btn_klavuz\"  class='avia-button-wrap av-av_button-385ddd7c74b747e5251d0fda6fcde1bd-wrap avia-button-left  avia-builder-el-0  el_before_av_button  avia-builder-el-first '><a href='https:\/\/www.integramedikal.com\/magaza\/upload\/kilavuz\/86-pr-441-aluminyum-tekerlekli-walker.pdf'  class='avia-button av-av_button-385ddd7c74b747e5251d0fda6fcde1bd av-link-btn avia-icon_select-yes-left-icon avia-size-medium avia-position-left avia-color-theme-color-highlight'  target=\"_blank\"  rel=\"noopener noreferrer\"  aria-label=\"Kullan\u0131m K\u0131lavuzu\"><span class='avia_button_icon avia_button_icon_left avia-svg-icon avia-font-svg_entypo-fontello' data-av_svg_icon='book-open' data-av_iconset='svg_entypo-fontello'><svg version=\"1.1\" xmlns=\"http:\/\/www.w3.org\/2000\/svg\" width=\"29\" height=\"32\" viewBox=\"0 0 29 32\" preserveAspectRatio=\"xMidYMid meet\" aria-labelledby='av-svg-title-1' aria-describedby='av-svg-desc-1' role=\"graphics-symbol\">\n<title id='av-svg-title-1'>Book-open<\/title>\n<desc id='av-svg-desc-1'>Book-open<\/desc>\n<path d=\"M10.88 19.584v2.176l-6.4-2.56v-2.176zM10.88 12.928v2.176l-6.4-2.56v-2.176zM28.096 1.856q0.704 0.384 0.704 1.344v20.48q0 1.088-1.024 1.472l-12.736 5.12q-0.256 0.064-0.32 0.064t-0.16 0.032-0.16 0.032-0.16-0.032-0.16-0.032l-0.32-0.064-12.736-5.12q-1.024-0.384-1.024-1.472v-20.48q0-0.96 0.704-1.344 0.704-0.512 1.472-0.192l12.224 4.928 12.224-4.928q0.768-0.32 1.472 0.192zM12.8 27.072v-17.92l-10.24-4.096v17.92zM26.24 22.976v-17.92l-10.24 4.096v17.92zM24.32 17.024v2.176l-6.4 2.56v-2.176zM24.32 10.368v2.176l-6.4 2.56v-2.176z\"><\/path>\n<\/svg><\/span><span class='avia_iconbox_title' >Kullan\u0131m K\u0131lavuzu<\/span><\/a><\/div> <div  id=\"btn_teknikbilgi\"  class='avia-button-wrap av-av_button-e069d87ec5d6298b9b6c476e2dc5aa4e-wrap avia-button-left  avia-builder-el-1  el_after_av_button  avia-builder-el-last '><a href='javascript:void(0);'  class='avia-button av-av_button-e069d87ec5d6298b9b6c476e2dc5aa4e av-link-btn avia-icon_select-yes-left-icon avia-size-medium avia-position-left avia-color-theme-color-highlight'   aria-label=\"Teknik Bilgi\"><span class='avia_button_icon avia_button_icon_left avia-svg-icon avia-font-svg_entypo-fontello' data-av_svg_icon='cog' data-av_iconset='svg_entypo-fontello'><svg version=\"1.1\" xmlns=\"http:\/\/www.w3.org\/2000\/svg\" width=\"27\" height=\"32\" viewBox=\"0 0 27 32\" preserveAspectRatio=\"xMidYMid meet\" aria-labelledby='av-svg-title-2' aria-describedby='av-svg-desc-2' role=\"graphics-symbol\">\n<title id='av-svg-title-2'>Cog<\/title>\n<desc id='av-svg-desc-2'>Cog<\/desc>\n<path d=\"M24.32 16q0 2.304 2.56 3.904-0.384 1.28-1.088 2.624-2.24-0.576-4.352 1.408-1.728 1.856-1.088 4.352-1.28 0.64-2.688 1.152-1.472-2.624-4.224-2.624t-4.224 2.624q-1.408-0.512-2.688-1.152 0.64-2.56-1.088-4.352-1.728-1.728-4.352-1.088-0.448-0.832-1.088-2.624 2.624-1.664 2.624-4.224 0-2.304-2.624-3.968 0.64-1.792 1.088-2.624 2.368 0.576 4.352-1.408 1.728-1.792 1.088-4.352 1.344-0.704 2.688-1.088 1.472 2.56 4.224 2.56t4.224-2.56q1.344 0.384 2.688 1.088-0.64 2.496 1.088 4.352 2.112 1.984 4.352 1.408 0.704 1.344 1.088 2.624-2.56 1.6-2.56 3.968zM13.44 21.824q2.432 0 4.128-1.696t1.696-4.128-1.696-4.16-4.128-1.728-4.128 1.728-1.696 4.16 1.696 4.128 4.128 1.696z\"><\/path>\n<\/svg><\/span><span class='avia_iconbox_title' >Teknik Bilgi<\/span><\/a><\/div><\/p>\n","protected":false},"excerpt":{"rendered":"<p>Hasta y\u00fcr\u00fcte\u00e7 pazar\u0131n\u0131n ihtiya\u00e7lar\u0131n\u0131 kar\u015f\u0131lamak i\u00e7in ustal\u0131kla haz\u0131rlanm\u0131\u015f son teknoloji \u00fcr\u00fcn\u00fc bir mobilite \u00e7\u00f6z\u00fcm\u00fc olan PR-441 Al\u00fcminyum Tekerlekli Y\u00fcr\u00fcte\u00e7 ile tan\u0131\u015f\u0131n. Hassasiyetle tasarlanan sa\u011flam g\u00f6vde yap\u0131s\u0131, ya\u015fl\u0131 y\u00fcr\u00fcte\u00e7 segmenti i\u00e7in g\u00fcvenilirlik ve destek sa\u011flayarak manevra kabiliyetinden asla \u00f6d\u00fcn verilmemesini sa\u011flar. PR-441, B2B al\u0131c\u0131lar\u0131 ve engelliler i\u00e7in ara\u00e7 ve yard\u0131m cihazlar\u0131 tedarik eden \u015firketler i\u00e7in yenili\u011fin [&hellip;]<\/p>\n","protected":false},"featured_media":1685,"comment_status":"open","ping_status":"closed","template":"","meta":[],"product_brand":[],"product_cat":[600],"product_tag":[],"class_list":{"0":"post-1674","1":"product","2":"type-product","3":"status-publish","4":"has-post-thumbnail","6":"product_cat-yurume-gruplari","8":"first","9":"instock","10":"sale","11":"taxable","12":"shipping-taxable","13":"purchasable","14":"product-type-simple"},"yoast_head":"<!-- This site is optimized with the Yoast SEO plugin v27.4 - https:\/\/yoast.com\/product\/yoast-seo-wordpress\/ -->\n<title>PR-441 Al\u00fcminyum Tekerlekli Walker - \u0130ntegra Medikal | | Ma\u011faza<\/title>\n<meta name=\"robots\" content=\"index, follow, max-snippet:-1, max-image-preview:large, max-video-preview:-1\" \/>\n<link rel=\"canonical\" href=\"https:\/\/integramedikal.com\/magaza\/urun\/pr-441-aluminyum-tekerlekli-walker\/\" \/>\n<meta property=\"og:locale\" content=\"tr_TR\" \/>\n<meta property=\"og:type\" content=\"article\" \/>\n<meta property=\"og:title\" content=\"PR-441 Al\u00fcminyum Tekerlekli Walker - \u0130ntegra Medikal | | Ma\u011faza\" \/>\n<meta property=\"og:description\" content=\"Hasta y\u00fcr\u00fcte\u00e7 pazar\u0131n\u0131n ihtiya\u00e7lar\u0131n\u0131 kar\u015f\u0131lamak i\u00e7in ustal\u0131kla haz\u0131rlanm\u0131\u015f son teknoloji \u00fcr\u00fcn\u00fc bir mobilite \u00e7\u00f6z\u00fcm\u00fc olan PR-441 Al\u00fcminyum Tekerlekli Y\u00fcr\u00fcte\u00e7 ile tan\u0131\u015f\u0131n. Hassasiyetle tasarlanan sa\u011flam g\u00f6vde yap\u0131s\u0131, ya\u015fl\u0131 y\u00fcr\u00fcte\u00e7 segmenti i\u00e7in g\u00fcvenilirlik ve destek sa\u011flayarak manevra kabiliyetinden asla \u00f6d\u00fcn verilmemesini sa\u011flar. PR-441, B2B al\u0131c\u0131lar\u0131 ve engelliler i\u00e7in ara\u00e7 ve yard\u0131m cihazlar\u0131 tedarik eden \u015firketler i\u00e7in yenili\u011fin [&hellip;]\" \/>\n<meta property=\"og:url\" content=\"https:\/\/integramedikal.com\/magaza\/urun\/pr-441-aluminyum-tekerlekli-walker\/\" \/>\n<meta property=\"og:site_name\" content=\"\u0130ntegra Medikal | | Ma\u011faza\" \/>\n<meta property=\"article:publisher\" content=\"https:\/\/www.facebook.com\/integramedikal1\" \/>\n<meta property=\"article:modified_time\" content=\"2026-04-01T08:08:47+00:00\" \/>\n<meta property=\"og:image\" content=\"https:\/\/integramedikal.com\/magaza\/wp-content\/uploads\/2025\/06\/PR-441.jpg\" \/>\n\t<meta property=\"og:image:width\" content=\"900\" \/>\n\t<meta property=\"og:image:height\" content=\"900\" \/>\n\t<meta property=\"og:image:type\" content=\"image\/jpeg\" \/>\n<meta name=\"twitter:card\" content=\"summary_large_image\" \/>\n<meta name=\"twitter:site\" content=\"@integramedikal\" \/>\n<meta name=\"twitter:label1\" content=\"Tahmini okuma s\u00fcresi\" \/>\n\t<meta name=\"twitter:data1\" content=\"3 dakika\" \/>\n<script type=\"application\/ld+json\" class=\"yoast-schema-graph\">{\"@context\":\"https:\\\/\\\/schema.org\",\"@graph\":[{\"@type\":\"WebPage\",\"@id\":\"https:\\\/\\\/integramedikal.com\\\/magaza\\\/urun\\\/pr-441-aluminyum-tekerlekli-walker\\\/\",\"url\":\"https:\\\/\\\/integramedikal.com\\\/magaza\\\/urun\\\/pr-441-aluminyum-tekerlekli-walker\\\/\",\"name\":\"PR-441 Al\u00fcminyum Tekerlekli Walker - \u0130ntegra Medikal | | Ma\u011faza\",\"isPartOf\":{\"@id\":\"https:\\\/\\\/integramedikal.com\\\/magaza\\\/#website\"},\"primaryImageOfPage\":{\"@id\":\"https:\\\/\\\/integramedikal.com\\\/magaza\\\/urun\\\/pr-441-aluminyum-tekerlekli-walker\\\/#primaryimage\"},\"image\":{\"@id\":\"https:\\\/\\\/integramedikal.com\\\/magaza\\\/urun\\\/pr-441-aluminyum-tekerlekli-walker\\\/#primaryimage\"},\"thumbnailUrl\":\"https:\\\/\\\/integramedikal.com\\\/magaza\\\/wp-content\\\/uploads\\\/2025\\\/06\\\/PR-441.jpg\",\"datePublished\":\"2025-06-02T20:30:23+00:00\",\"dateModified\":\"2026-04-01T08:08:47+00:00\",\"breadcrumb\":{\"@id\":\"https:\\\/\\\/integramedikal.com\\\/magaza\\\/urun\\\/pr-441-aluminyum-tekerlekli-walker\\\/#breadcrumb\"},\"inLanguage\":\"tr\",\"potentialAction\":[{\"@type\":\"ReadAction\",\"target\":[\"https:\\\/\\\/integramedikal.com\\\/magaza\\\/urun\\\/pr-441-aluminyum-tekerlekli-walker\\\/\"]}]},{\"@type\":\"ImageObject\",\"inLanguage\":\"tr\",\"@id\":\"https:\\\/\\\/integramedikal.com\\\/magaza\\\/urun\\\/pr-441-aluminyum-tekerlekli-walker\\\/#primaryimage\",\"url\":\"https:\\\/\\\/integramedikal.com\\\/magaza\\\/wp-content\\\/uploads\\\/2025\\\/06\\\/PR-441.jpg\",\"contentUrl\":\"https:\\\/\\\/integramedikal.com\\\/magaza\\\/wp-content\\\/uploads\\\/2025\\\/06\\\/PR-441.jpg\",\"width\":900,\"height\":900},{\"@type\":\"BreadcrumbList\",\"@id\":\"https:\\\/\\\/integramedikal.com\\\/magaza\\\/urun\\\/pr-441-aluminyum-tekerlekli-walker\\\/#breadcrumb\",\"itemListElement\":[{\"@type\":\"ListItem\",\"position\":1,\"name\":\"Anasayfa\",\"item\":\"https:\\\/\\\/integramedikal.com\\\/magaza\\\/anasayfa\\\/\"},{\"@type\":\"ListItem\",\"position\":2,\"name\":\"Shop\",\"item\":\"https:\\\/\\\/integramedikal.com\\\/magaza\\\/shop\\\/\"},{\"@type\":\"ListItem\",\"position\":3,\"name\":\"PR-441 Al\u00fcminyum Tekerlekli Walker\"}]},{\"@type\":\"WebSite\",\"@id\":\"https:\\\/\\\/integramedikal.com\\\/magaza\\\/#website\",\"url\":\"https:\\\/\\\/integramedikal.com\\\/magaza\\\/\",\"name\":\"\u0130ntegra Medikal < | | >Ma\u011faza\",\"description\":\"Sa\u011fl\u0131kta Kalite | Sekt\u00f6rde 25. Y\u0131l\",\"publisher\":{\"@id\":\"https:\\\/\\\/integramedikal.com\\\/magaza\\\/#organization\"},\"potentialAction\":[{\"@type\":\"SearchAction\",\"target\":{\"@type\":\"EntryPoint\",\"urlTemplate\":\"https:\\\/\\\/integramedikal.com\\\/magaza\\\/?s={search_term_string}\"},\"query-input\":{\"@type\":\"PropertyValueSpecification\",\"valueRequired\":true,\"valueName\":\"search_term_string\"}}],\"inLanguage\":\"tr\"},{\"@type\":\"Organization\",\"@id\":\"https:\\\/\\\/integramedikal.com\\\/magaza\\\/#organization\",\"name\":\"\u0130ntegra Medikal < | | >Ma\u011faza\",\"url\":\"https:\\\/\\\/integramedikal.com\\\/magaza\\\/\",\"logo\":{\"@type\":\"ImageObject\",\"inLanguage\":\"tr\",\"@id\":\"https:\\\/\\\/integramedikal.com\\\/magaza\\\/#\\\/schema\\\/logo\\\/image\\\/\",\"url\":\"https:\\\/\\\/integramedikal.com\\\/magaza\\\/wp-content\\\/uploads\\\/2025\\\/06\\\/integra-logo-1.png\",\"contentUrl\":\"https:\\\/\\\/integramedikal.com\\\/magaza\\\/wp-content\\\/uploads\\\/2025\\\/06\\\/integra-logo-1.png\",\"width\":340,\"height\":156,\"caption\":\"\u0130ntegra Medikal < | | >Ma\u011faza\"},\"image\":{\"@id\":\"https:\\\/\\\/integramedikal.com\\\/magaza\\\/#\\\/schema\\\/logo\\\/image\\\/\"},\"sameAs\":[\"https:\\\/\\\/www.facebook.com\\\/integramedikal1\",\"https:\\\/\\\/x.com\\\/integramedikal\",\"https:\\\/\\\/www.instagram.com\\\/integramedikal\\\/\",\"https:\\\/\\\/www.youtube.com\\\/user\\\/integramedikal\"]}]}<\/script>\n<!-- \/ Yoast SEO plugin. -->","yoast_head_json":{"title":"PR-441 Al\u00fcminyum Tekerlekli Walker - \u0130ntegra Medikal | | Ma\u011faza","robots":{"index":"index","follow":"follow","max-snippet":"max-snippet:-1","max-image-preview":"max-image-preview:large","max-video-preview":"max-video-preview:-1"},"canonical":"https:\/\/integramedikal.com\/magaza\/urun\/pr-441-aluminyum-tekerlekli-walker\/","og_locale":"tr_TR","og_type":"article","og_title":"PR-441 Al\u00fcminyum Tekerlekli Walker - \u0130ntegra Medikal | | Ma\u011faza","og_description":"Hasta y\u00fcr\u00fcte\u00e7 pazar\u0131n\u0131n ihtiya\u00e7lar\u0131n\u0131 kar\u015f\u0131lamak i\u00e7in ustal\u0131kla haz\u0131rlanm\u0131\u015f son teknoloji \u00fcr\u00fcn\u00fc bir mobilite \u00e7\u00f6z\u00fcm\u00fc olan PR-441 Al\u00fcminyum Tekerlekli Y\u00fcr\u00fcte\u00e7 ile tan\u0131\u015f\u0131n. Hassasiyetle tasarlanan sa\u011flam g\u00f6vde yap\u0131s\u0131, ya\u015fl\u0131 y\u00fcr\u00fcte\u00e7 segmenti i\u00e7in g\u00fcvenilirlik ve destek sa\u011flayarak manevra kabiliyetinden asla \u00f6d\u00fcn verilmemesini sa\u011flar. PR-441, B2B al\u0131c\u0131lar\u0131 ve engelliler i\u00e7in ara\u00e7 ve yard\u0131m cihazlar\u0131 tedarik eden \u015firketler i\u00e7in yenili\u011fin [&hellip;]","og_url":"https:\/\/integramedikal.com\/magaza\/urun\/pr-441-aluminyum-tekerlekli-walker\/","og_site_name":"\u0130ntegra Medikal | | Ma\u011faza","article_publisher":"https:\/\/www.facebook.com\/integramedikal1","article_modified_time":"2026-04-01T08:08:47+00:00","og_image":[{"width":900,"height":900,"url":"https:\/\/integramedikal.com\/magaza\/wp-content\/uploads\/2025\/06\/PR-441.jpg","type":"image\/jpeg"}],"twitter_card":"summary_large_image","twitter_site":"@integramedikal","twitter_misc":{"Tahmini okuma s\u00fcresi":"3 dakika"},"schema":{"@context":"https:\/\/schema.org","@graph":[{"@type":"WebPage","@id":"https:\/\/integramedikal.com\/magaza\/urun\/pr-441-aluminyum-tekerlekli-walker\/","url":"https:\/\/integramedikal.com\/magaza\/urun\/pr-441-aluminyum-tekerlekli-walker\/","name":"PR-441 Al\u00fcminyum Tekerlekli Walker - \u0130ntegra Medikal | | Ma\u011faza","isPartOf":{"@id":"https:\/\/integramedikal.com\/magaza\/#website"},"primaryImageOfPage":{"@id":"https:\/\/integramedikal.com\/magaza\/urun\/pr-441-aluminyum-tekerlekli-walker\/#primaryimage"},"image":{"@id":"https:\/\/integramedikal.com\/magaza\/urun\/pr-441-aluminyum-tekerlekli-walker\/#primaryimage"},"thumbnailUrl":"https:\/\/integramedikal.com\/magaza\/wp-content\/uploads\/2025\/06\/PR-441.jpg","datePublished":"2025-06-02T20:30:23+00:00","dateModified":"2026-04-01T08:08:47+00:00","breadcrumb":{"@id":"https:\/\/integramedikal.com\/magaza\/urun\/pr-441-aluminyum-tekerlekli-walker\/#breadcrumb"},"inLanguage":"tr","potentialAction":[{"@type":"ReadAction","target":["https:\/\/integramedikal.com\/magaza\/urun\/pr-441-aluminyum-tekerlekli-walker\/"]}]},{"@type":"ImageObject","inLanguage":"tr","@id":"https:\/\/integramedikal.com\/magaza\/urun\/pr-441-aluminyum-tekerlekli-walker\/#primaryimage","url":"https:\/\/integramedikal.com\/magaza\/wp-content\/uploads\/2025\/06\/PR-441.jpg","contentUrl":"https:\/\/integramedikal.com\/magaza\/wp-content\/uploads\/2025\/06\/PR-441.jpg","width":900,"height":900},{"@type":"BreadcrumbList","@id":"https:\/\/integramedikal.com\/magaza\/urun\/pr-441-aluminyum-tekerlekli-walker\/#breadcrumb","itemListElement":[{"@type":"ListItem","position":1,"name":"Anasayfa","item":"https:\/\/integramedikal.com\/magaza\/anasayfa\/"},{"@type":"ListItem","position":2,"name":"Shop","item":"https:\/\/integramedikal.com\/magaza\/shop\/"},{"@type":"ListItem","position":3,"name":"PR-441 Al\u00fcminyum Tekerlekli Walker"}]},{"@type":"WebSite","@id":"https:\/\/integramedikal.com\/magaza\/#website","url":"https:\/\/integramedikal.com\/magaza\/","name":"\u0130ntegra Medikal < | | >Ma\u011faza","description":"Sa\u011fl\u0131kta Kalite | Sekt\u00f6rde 25. Y\u0131l","publisher":{"@id":"https:\/\/integramedikal.com\/magaza\/#organization"},"potentialAction":[{"@type":"SearchAction","target":{"@type":"EntryPoint","urlTemplate":"https:\/\/integramedikal.com\/magaza\/?s={search_term_string}"},"query-input":{"@type":"PropertyValueSpecification","valueRequired":true,"valueName":"search_term_string"}}],"inLanguage":"tr"},{"@type":"Organization","@id":"https:\/\/integramedikal.com\/magaza\/#organization","name":"\u0130ntegra Medikal < | | >Ma\u011faza","url":"https:\/\/integramedikal.com\/magaza\/","logo":{"@type":"ImageObject","inLanguage":"tr","@id":"https:\/\/integramedikal.com\/magaza\/#\/schema\/logo\/image\/","url":"https:\/\/integramedikal.com\/magaza\/wp-content\/uploads\/2025\/06\/integra-logo-1.png","contentUrl":"https:\/\/integramedikal.com\/magaza\/wp-content\/uploads\/2025\/06\/integra-logo-1.png","width":340,"height":156,"caption":"\u0130ntegra Medikal < | | >Ma\u011faza"},"image":{"@id":"https:\/\/integramedikal.com\/magaza\/#\/schema\/logo\/image\/"},"sameAs":["https:\/\/www.facebook.com\/integramedikal1","https:\/\/x.com\/integramedikal","https:\/\/www.instagram.com\/integramedikal\/","https:\/\/www.youtube.com\/user\/integramedikal"]}]}},"_links":{"self":[{"href":"https:\/\/integramedikal.com\/magaza\/wp-json\/wp\/v2\/product\/1674","targetHints":{"allow":["GET"]}}],"collection":[{"href":"https:\/\/integramedikal.com\/magaza\/wp-json\/wp\/v2\/product"}],"about":[{"href":"https:\/\/integramedikal.com\/magaza\/wp-json\/wp\/v2\/types\/product"}],"replies":[{"embeddable":true,"href":"https:\/\/integramedikal.com\/magaza\/wp-json\/wp\/v2\/comments?post=1674"}],"wp:featuredmedia":[{"embeddable":true,"href":"https:\/\/integramedikal.com\/magaza\/wp-json\/wp\/v2\/media\/1685"}],"wp:attachment":[{"href":"https:\/\/integramedikal.com\/magaza\/wp-json\/wp\/v2\/media?parent=1674"}],"wp:term":[{"taxonomy":"product_brand","embeddable":true,"href":"https:\/\/integramedikal.com\/magaza\/wp-json\/wp\/v2\/product_brand?post=1674"},{"taxonomy":"product_cat","embeddable":true,"href":"https:\/\/integramedikal.com\/magaza\/wp-json\/wp\/v2\/product_cat?post=1674"},{"taxonomy":"product_tag","embeddable":true,"href":"https:\/\/integramedikal.com\/magaza\/wp-json\/wp\/v2\/product_tag?post=1674"}],"curies":[{"name":"wp","href":"https:\/\/api.w.org\/{rel}","templated":true}]}}