{"id":1673,"date":"2025-06-02T23:30:23","date_gmt":"2025-06-02T20:30:23","guid":{"rendered":"https:\/\/integramedikal.com\/magaza\/?post_type=product&#038;p=1673"},"modified":"2026-02-18T15:45:28","modified_gmt":"2026-02-18T12:45:28","slug":"pr-440-aluminyum-walker","status":"publish","type":"product","link":"https:\/\/integramedikal.com\/magaza\/urun\/pr-440-aluminyum-walker\/","title":{"rendered":"PR-440 Al\u00fcminyum Walker"},"content":{"rendered":"<div>Ya\u015fl\u0131lar ve engelliler de dahil olmak \u00fczere hareket g\u00fc\u00e7l\u00fc\u011f\u00fc \u00e7eken ki\u015filere hizmet veren i\u015fletmeler i\u00e7in vazge\u00e7ilmez bir varl\u0131k olan sa\u011flam ve \u015fiddetle tavsiye edilen PR-440 Al\u00fcminyum Y\u00fcr\u00fcte\u00e7 ile tan\u0131\u015f\u0131n. \u00dcr\u00fcnleri do\u011fru bir \u015fekilde sunma y\u00fck\u00fcml\u00fcl\u00fc\u011f\u00fc olan bir i\u00e7erik yazar\u0131 olarak PR-440, B2B pazar\u0131n\u0131n ve mobilite yard\u0131mc\u0131lar\u0131 sa\u011flayan kurumlar\u0131n titiz taleplerini kar\u015f\u0131lamak i\u00e7in tasarlanm\u0131\u015f &#8216;Walker\u2019&#8217; kategorisinde \u00f6rnek bir model olarak duruyor.<\/div>\n<div><\/div>\n<div>Bu \u00fcr\u00fcn\u00fcn, yaln\u0131zca dayan\u0131kl\u0131l\u0131\u011f\u0131 sa\u011flamakla kalmay\u0131p ayn\u0131 zamanda kullan\u0131c\u0131lar\u0131n ihtiya\u00e7 duydu\u011fu dengeyi de sa\u011flayan g\u00fc\u00e7l\u00fc g\u00f6vde yap\u0131s\u0131na \u00f6zellikle dikkat edilmelidir. PR-440, kaliteden \u00f6d\u00fcn vermeden ekonomik bir se\u00e7enektir. Bu \u00fcr\u00fcn \u00fcr\u00fcn yelpazenize sorunsuz bir entegrasyon i\u00e7in m\u00fchendisli\u011fi pratiklikle bulu\u015fturuyor. 2 y\u0131ll\u0131k garanti vaadi g\u00fcvenilirli\u011finin ve \u00fcreticinin m\u00fckemmelli\u011fe olan ba\u011fl\u0131l\u0131\u011f\u0131n\u0131n daha da g\u00fc\u00e7lendiriliyor.<\/div>\n<div><\/div>\n<div><b>\u00d6d\u00fcns\u00fcz Kalite ve G\u00fcvenilirlik<\/b><\/div>\n<div><b>\u00a0<\/b><\/div>\n<div>PR-440 Al\u00fcminyum Y\u00fcr\u00fcte\u00e7, sars\u0131lmaz bir kalite taahh\u00fcd\u00fc ile birlikte gelir. Sa\u011flam bir y\u00fcr\u00fcme yard\u0131m\u0131na ihtiya\u00e7 duyan hastalara hitap edenler i\u00e7in bu y\u00fcr\u00fcte\u00e7 ideal bir \u00e7\u00f6z\u00fcm sunar. Her birim, ayr\u0131nt\u0131lara titizlikle dikkat edilerek \u00fcretilmi\u015ftir ve her y\u00fcr\u00fcte\u00e7, h\u0131zl\u0131 sevkiyata haz\u0131r kabul edilmeden \u00f6nce titiz kalite kontrollerinden ge\u00e7mesini sa\u011flar. Bu h\u0131zl\u0131 teslimat, m\u00fc\u015fterilerinizin hastalar\u0131na ihtiya\u00e7 duyduklar\u0131 deste\u011fi sa\u011flamak i\u00e7in asla uzun s\u00fcre beklemek zorunda kalmayacaklar\u0131 anlam\u0131na gelir.<\/div>\n<div><\/div>\n<div>Ayr\u0131ca, PR-440&#8217;\u0131n g\u00fc\u00e7l\u00fc g\u00f6vde yap\u0131s\u0131 sadece bir \u00f6zellik de\u011fil, ayn\u0131 zamanda bir dayan\u0131kl\u0131l\u0131k ve uzun \u00f6m\u00fcrl\u00fc hizmet \u00f6mr\u00fc taahh\u00fcd\u00fcd\u00fcr. Y\u00fcr\u00fcte\u00e7in tasar\u0131m\u0131, \u00f6zellikle ya\u015fl\u0131lar ve engelliler i\u00e7in \u00f6zel olarak tasarlanm\u0131\u015f, ger\u00e7ek kullan\u0131c\u0131lardan gelen kapsaml\u0131 ara\u015ft\u0131rma ve geri bildirimlerden gelir. Mobilitede g\u00fcvenilir bir ortak olarak durur ve \u00e7e\u015fitli alanlarda gezinmede daha fazla ba\u011f\u0131ms\u0131zl\u0131k ve g\u00fcven sa\u011flar.<\/div>\n<div><\/div>\n<div><b>Premium Avantajlarla Ekonomik Yat\u0131r\u0131m<\/b><\/div>\n<div><b>\u00a0<\/b><\/div>\n<div>Envanteriniz i\u00e7in PR-440 Al\u00fcminyum Y\u00fcr\u00fcte\u00e7&#8217;i se\u00e7mek, ak\u0131ll\u0131ca bir finansal karara i\u015faret eder. Maliyet verimlili\u011fi g\u00f6z \u00f6n\u00fcnde bulundurularak haz\u0131rlanm\u0131\u015f, i\u015fletmenize y\u00fcksek de\u011ferli bir teklif sunarak yat\u0131r\u0131m\u0131n\u0131z\u0131n uzun s\u00fcre fayda sa\u011flamas\u0131n\u0131 sa\u011flar. Y\u00fcr\u00fcte\u00e7in sat\u0131n al\u0131nabilirli\u011fi, m\u00fc\u015fterileri i\u00e7in maliyeti \u015fi\u015firmeden kalite sa\u011flamak isteyen \u015firketler i\u00e7in \u00f6zellikle caziptir. Ekonomik fiyat\u0131na ra\u011fmen, performans\u0131 ve dayan\u0131kl\u0131l\u0131\u011f\u0131 premium modellerle rekabet ediyor.<\/div>\n<div><\/div>\n<div>Tasar\u0131m\u0131ndaki pragmatik yakla\u015f\u0131m, sa\u011fl\u0131k hizmeti sa\u011flay\u0131c\u0131lar\u0131n\u0131n arad\u0131\u011f\u0131 \u015feyin \u00f6z\u00fcn\u00fc somutla\u015ft\u0131r\u0131r: rahatl\u0131\u011f\u0131 ve kullan\u0131m kolayl\u0131\u011f\u0131 nedeniyle kullan\u0131c\u0131 taraf\u0131ndan \u00f6nerilen bir \u00fcr\u00fcn. 2 y\u0131ll\u0131k garanti g\u00fcvencesi ile \u015firketler, mobilite ihtiya\u00e7lar\u0131 olan ki\u015filer i\u00e7in g\u00fcvenli, g\u00fcvenilir ve h\u0131zl\u0131 bir \u00e7\u00f6z\u00fcm\u00fc sembolize etti\u011fini bilerek PR-440&#8217;a g\u00fcvenle yat\u0131r\u0131m yapabilirler. PR-440 Al\u00fcminyum Y\u00fcr\u00fcte\u00e7, pratikli\u011fi g\u00fcvenilirlikle birle\u015ftirerek, B2B alan\u0131ndakiler i\u00e7in ger\u00e7ekten ak\u0131ll\u0131 bir se\u00e7im olarak \u00f6ne \u00e7\u0131k\u0131yor.<\/div>\n<div><\/div>\n<p><div  id=\"btn_klavuz\"  class='avia-button-wrap av-3s4l1l-203f31babbd19425cf2acc307fb38b48-wrap avia-button-left  avia-builder-el-0  el_before_av_button  avia-builder-el-first '><a href='https:\/\/www.integramedikal.com\/magaza\/upload\/kilavuz\/85-pr-440-aluminyum-walker.pdf'  class='avia-button av-3s4l1l-203f31babbd19425cf2acc307fb38b48 av-link-btn avia-icon_select-yes-left-icon avia-size-medium avia-position-left avia-color-theme-color-highlight'  target=\"_blank\"  rel=\"noopener noreferrer\"  aria-label=\"Kullan\u0131m K\u0131lavuzu\"><span class='avia_button_icon avia_button_icon_left avia-svg-icon avia-font-svg_entypo-fontello' data-av_svg_icon='book-open' data-av_iconset='svg_entypo-fontello'><svg version=\"1.1\" xmlns=\"http:\/\/www.w3.org\/2000\/svg\" width=\"29\" height=\"32\" viewBox=\"0 0 29 32\" preserveAspectRatio=\"xMidYMid meet\" aria-labelledby='av-svg-title-1' aria-describedby='av-svg-desc-1' role=\"graphics-symbol\">\n<title id='av-svg-title-1'>Book-open<\/title>\n<desc id='av-svg-desc-1'>Book-open<\/desc>\n<path d=\"M10.88 19.584v2.176l-6.4-2.56v-2.176zM10.88 12.928v2.176l-6.4-2.56v-2.176zM28.096 1.856q0.704 0.384 0.704 1.344v20.48q0 1.088-1.024 1.472l-12.736 5.12q-0.256 0.064-0.32 0.064t-0.16 0.032-0.16 0.032-0.16-0.032-0.16-0.032l-0.32-0.064-12.736-5.12q-1.024-0.384-1.024-1.472v-20.48q0-0.96 0.704-1.344 0.704-0.512 1.472-0.192l12.224 4.928 12.224-4.928q0.768-0.32 1.472 0.192zM12.8 27.072v-17.92l-10.24-4.096v17.92zM26.24 22.976v-17.92l-10.24 4.096v17.92zM24.32 17.024v2.176l-6.4 2.56v-2.176zM24.32 10.368v2.176l-6.4 2.56v-2.176z\"><\/path>\n<\/svg><\/span><span class='avia_iconbox_title' >Kullan\u0131m K\u0131lavuzu<\/span><\/a><\/div> <div  id=\"btn_teknikbilgi\"  class='avia-button-wrap av-8n8zt-5b3964b77a9791c9e79fad89231b721f-wrap avia-button-left  avia-builder-el-1  el_after_av_button  avia-builder-el-last '><a href='javascript:void(0);'  class='avia-button av-8n8zt-5b3964b77a9791c9e79fad89231b721f av-link-btn avia-icon_select-yes-left-icon avia-size-medium avia-position-left avia-color-theme-color-highlight'   aria-label=\"Teknik Bilgi\"><span class='avia_button_icon avia_button_icon_left avia-svg-icon avia-font-svg_entypo-fontello' data-av_svg_icon='cog' data-av_iconset='svg_entypo-fontello'><svg version=\"1.1\" xmlns=\"http:\/\/www.w3.org\/2000\/svg\" width=\"27\" height=\"32\" viewBox=\"0 0 27 32\" preserveAspectRatio=\"xMidYMid meet\" aria-labelledby='av-svg-title-2' aria-describedby='av-svg-desc-2' role=\"graphics-symbol\">\n<title id='av-svg-title-2'>Cog<\/title>\n<desc id='av-svg-desc-2'>Cog<\/desc>\n<path d=\"M24.32 16q0 2.304 2.56 3.904-0.384 1.28-1.088 2.624-2.24-0.576-4.352 1.408-1.728 1.856-1.088 4.352-1.28 0.64-2.688 1.152-1.472-2.624-4.224-2.624t-4.224 2.624q-1.408-0.512-2.688-1.152 0.64-2.56-1.088-4.352-1.728-1.728-4.352-1.088-0.448-0.832-1.088-2.624 2.624-1.664 2.624-4.224 0-2.304-2.624-3.968 0.64-1.792 1.088-2.624 2.368 0.576 4.352-1.408 1.728-1.792 1.088-4.352 1.344-0.704 2.688-1.088 1.472 2.56 4.224 2.56t4.224-2.56q1.344 0.384 2.688 1.088-0.64 2.496 1.088 4.352 2.112 1.984 4.352 1.408 0.704 1.344 1.088 2.624-2.56 1.6-2.56 3.968zM13.44 21.824q2.432 0 4.128-1.696t1.696-4.128-1.696-4.16-4.128-1.728-4.128 1.728-1.696 4.16 1.696 4.128 4.128 1.696z\"><\/path>\n<\/svg><\/span><span class='avia_iconbox_title' >Teknik Bilgi<\/span><\/a><\/div><\/p>\n","protected":false},"excerpt":{"rendered":"<p>Ya\u015fl\u0131lar ve engelliler de dahil olmak \u00fczere hareket g\u00fc\u00e7l\u00fc\u011f\u00fc \u00e7eken ki\u015filere hizmet veren i\u015fletmeler i\u00e7in vazge\u00e7ilmez bir varl\u0131k olan sa\u011flam ve \u015fiddetle tavsiye edilen PR-440 Al\u00fcminyum Y\u00fcr\u00fcte\u00e7 ile tan\u0131\u015f\u0131n. \u00dcr\u00fcnleri do\u011fru bir \u015fekilde sunma y\u00fck\u00fcml\u00fcl\u00fc\u011f\u00fc olan bir i\u00e7erik yazar\u0131 olarak PR-440, B2B pazar\u0131n\u0131n ve mobilite yard\u0131mc\u0131lar\u0131 sa\u011flayan kurumlar\u0131n titiz taleplerini kar\u015f\u0131lamak i\u00e7in tasarlanm\u0131\u015f &#8216;Walker\u2019&#8217; kategorisinde [&hellip;]<\/p>\n","protected":false},"featured_media":1684,"comment_status":"open","ping_status":"closed","template":"","meta":[],"product_brand":[],"product_cat":[600],"product_tag":[],"class_list":{"0":"post-1673","1":"product","2":"type-product","3":"status-publish","4":"has-post-thumbnail","6":"product_cat-yurume-gruplari","8":"first","9":"outofstock","10":"sale","11":"taxable","12":"shipping-taxable","13":"purchasable","14":"product-type-simple"},"yoast_head":"<!-- This site is optimized with the Yoast SEO plugin v27.4 - https:\/\/yoast.com\/product\/yoast-seo-wordpress\/ -->\n<title>PR-440 Al\u00fcminyum Walker - \u0130ntegra Medikal | | Ma\u011faza<\/title>\n<meta name=\"robots\" content=\"index, follow, max-snippet:-1, max-image-preview:large, max-video-preview:-1\" \/>\n<link rel=\"canonical\" href=\"https:\/\/integramedikal.com\/magaza\/urun\/pr-440-aluminyum-walker\/\" \/>\n<meta property=\"og:locale\" content=\"tr_TR\" \/>\n<meta property=\"og:type\" content=\"article\" \/>\n<meta property=\"og:title\" content=\"PR-440 Al\u00fcminyum Walker - \u0130ntegra Medikal | | Ma\u011faza\" \/>\n<meta property=\"og:description\" content=\"Ya\u015fl\u0131lar ve engelliler de dahil olmak \u00fczere hareket g\u00fc\u00e7l\u00fc\u011f\u00fc \u00e7eken ki\u015filere hizmet veren i\u015fletmeler i\u00e7in vazge\u00e7ilmez bir varl\u0131k olan sa\u011flam ve \u015fiddetle tavsiye edilen PR-440 Al\u00fcminyum Y\u00fcr\u00fcte\u00e7 ile tan\u0131\u015f\u0131n. \u00dcr\u00fcnleri do\u011fru bir \u015fekilde sunma y\u00fck\u00fcml\u00fcl\u00fc\u011f\u00fc olan bir i\u00e7erik yazar\u0131 olarak PR-440, B2B pazar\u0131n\u0131n ve mobilite yard\u0131mc\u0131lar\u0131 sa\u011flayan kurumlar\u0131n titiz taleplerini kar\u015f\u0131lamak i\u00e7in tasarlanm\u0131\u015f &#8216;Walker\u2019&#8217; kategorisinde [&hellip;]\" \/>\n<meta property=\"og:url\" content=\"https:\/\/integramedikal.com\/magaza\/urun\/pr-440-aluminyum-walker\/\" \/>\n<meta property=\"og:site_name\" content=\"\u0130ntegra Medikal | | Ma\u011faza\" \/>\n<meta property=\"article:publisher\" content=\"https:\/\/www.facebook.com\/integramedikal1\" \/>\n<meta property=\"article:modified_time\" content=\"2026-02-18T12:45:28+00:00\" \/>\n<meta property=\"og:image\" content=\"https:\/\/integramedikal.com\/magaza\/wp-content\/uploads\/2025\/06\/PR-440.jpg\" \/>\n\t<meta property=\"og:image:width\" content=\"900\" \/>\n\t<meta property=\"og:image:height\" content=\"900\" \/>\n\t<meta property=\"og:image:type\" content=\"image\/jpeg\" \/>\n<meta name=\"twitter:card\" content=\"summary_large_image\" \/>\n<meta name=\"twitter:site\" content=\"@integramedikal\" \/>\n<meta name=\"twitter:label1\" content=\"Tahmini okuma s\u00fcresi\" \/>\n\t<meta name=\"twitter:data1\" content=\"3 dakika\" \/>\n<script type=\"application\/ld+json\" class=\"yoast-schema-graph\">{\"@context\":\"https:\\\/\\\/schema.org\",\"@graph\":[{\"@type\":\"WebPage\",\"@id\":\"https:\\\/\\\/integramedikal.com\\\/magaza\\\/urun\\\/pr-440-aluminyum-walker\\\/\",\"url\":\"https:\\\/\\\/integramedikal.com\\\/magaza\\\/urun\\\/pr-440-aluminyum-walker\\\/\",\"name\":\"PR-440 Al\u00fcminyum Walker - \u0130ntegra Medikal | | Ma\u011faza\",\"isPartOf\":{\"@id\":\"https:\\\/\\\/integramedikal.com\\\/magaza\\\/#website\"},\"primaryImageOfPage\":{\"@id\":\"https:\\\/\\\/integramedikal.com\\\/magaza\\\/urun\\\/pr-440-aluminyum-walker\\\/#primaryimage\"},\"image\":{\"@id\":\"https:\\\/\\\/integramedikal.com\\\/magaza\\\/urun\\\/pr-440-aluminyum-walker\\\/#primaryimage\"},\"thumbnailUrl\":\"https:\\\/\\\/integramedikal.com\\\/magaza\\\/wp-content\\\/uploads\\\/2025\\\/06\\\/PR-440.jpg\",\"datePublished\":\"2025-06-02T20:30:23+00:00\",\"dateModified\":\"2026-02-18T12:45:28+00:00\",\"breadcrumb\":{\"@id\":\"https:\\\/\\\/integramedikal.com\\\/magaza\\\/urun\\\/pr-440-aluminyum-walker\\\/#breadcrumb\"},\"inLanguage\":\"tr\",\"potentialAction\":[{\"@type\":\"ReadAction\",\"target\":[\"https:\\\/\\\/integramedikal.com\\\/magaza\\\/urun\\\/pr-440-aluminyum-walker\\\/\"]}]},{\"@type\":\"ImageObject\",\"inLanguage\":\"tr\",\"@id\":\"https:\\\/\\\/integramedikal.com\\\/magaza\\\/urun\\\/pr-440-aluminyum-walker\\\/#primaryimage\",\"url\":\"https:\\\/\\\/integramedikal.com\\\/magaza\\\/wp-content\\\/uploads\\\/2025\\\/06\\\/PR-440.jpg\",\"contentUrl\":\"https:\\\/\\\/integramedikal.com\\\/magaza\\\/wp-content\\\/uploads\\\/2025\\\/06\\\/PR-440.jpg\",\"width\":900,\"height\":900},{\"@type\":\"BreadcrumbList\",\"@id\":\"https:\\\/\\\/integramedikal.com\\\/magaza\\\/urun\\\/pr-440-aluminyum-walker\\\/#breadcrumb\",\"itemListElement\":[{\"@type\":\"ListItem\",\"position\":1,\"name\":\"Anasayfa\",\"item\":\"https:\\\/\\\/integramedikal.com\\\/magaza\\\/anasayfa\\\/\"},{\"@type\":\"ListItem\",\"position\":2,\"name\":\"Shop\",\"item\":\"https:\\\/\\\/integramedikal.com\\\/magaza\\\/shop\\\/\"},{\"@type\":\"ListItem\",\"position\":3,\"name\":\"PR-440 Al\u00fcminyum Walker\"}]},{\"@type\":\"WebSite\",\"@id\":\"https:\\\/\\\/integramedikal.com\\\/magaza\\\/#website\",\"url\":\"https:\\\/\\\/integramedikal.com\\\/magaza\\\/\",\"name\":\"\u0130ntegra Medikal < | | >Ma\u011faza\",\"description\":\"Sa\u011fl\u0131kta Kalite | Sekt\u00f6rde 25. Y\u0131l\",\"publisher\":{\"@id\":\"https:\\\/\\\/integramedikal.com\\\/magaza\\\/#organization\"},\"potentialAction\":[{\"@type\":\"SearchAction\",\"target\":{\"@type\":\"EntryPoint\",\"urlTemplate\":\"https:\\\/\\\/integramedikal.com\\\/magaza\\\/?s={search_term_string}\"},\"query-input\":{\"@type\":\"PropertyValueSpecification\",\"valueRequired\":true,\"valueName\":\"search_term_string\"}}],\"inLanguage\":\"tr\"},{\"@type\":\"Organization\",\"@id\":\"https:\\\/\\\/integramedikal.com\\\/magaza\\\/#organization\",\"name\":\"\u0130ntegra Medikal < | | >Ma\u011faza\",\"url\":\"https:\\\/\\\/integramedikal.com\\\/magaza\\\/\",\"logo\":{\"@type\":\"ImageObject\",\"inLanguage\":\"tr\",\"@id\":\"https:\\\/\\\/integramedikal.com\\\/magaza\\\/#\\\/schema\\\/logo\\\/image\\\/\",\"url\":\"https:\\\/\\\/integramedikal.com\\\/magaza\\\/wp-content\\\/uploads\\\/2025\\\/06\\\/integra-logo-1.png\",\"contentUrl\":\"https:\\\/\\\/integramedikal.com\\\/magaza\\\/wp-content\\\/uploads\\\/2025\\\/06\\\/integra-logo-1.png\",\"width\":340,\"height\":156,\"caption\":\"\u0130ntegra Medikal < | | >Ma\u011faza\"},\"image\":{\"@id\":\"https:\\\/\\\/integramedikal.com\\\/magaza\\\/#\\\/schema\\\/logo\\\/image\\\/\"},\"sameAs\":[\"https:\\\/\\\/www.facebook.com\\\/integramedikal1\",\"https:\\\/\\\/x.com\\\/integramedikal\",\"https:\\\/\\\/www.instagram.com\\\/integramedikal\\\/\",\"https:\\\/\\\/www.youtube.com\\\/user\\\/integramedikal\"]}]}<\/script>\n<!-- \/ Yoast SEO plugin. -->","yoast_head_json":{"title":"PR-440 Al\u00fcminyum Walker - \u0130ntegra Medikal | | Ma\u011faza","robots":{"index":"index","follow":"follow","max-snippet":"max-snippet:-1","max-image-preview":"max-image-preview:large","max-video-preview":"max-video-preview:-1"},"canonical":"https:\/\/integramedikal.com\/magaza\/urun\/pr-440-aluminyum-walker\/","og_locale":"tr_TR","og_type":"article","og_title":"PR-440 Al\u00fcminyum Walker - \u0130ntegra Medikal | | Ma\u011faza","og_description":"Ya\u015fl\u0131lar ve engelliler de dahil olmak \u00fczere hareket g\u00fc\u00e7l\u00fc\u011f\u00fc \u00e7eken ki\u015filere hizmet veren i\u015fletmeler i\u00e7in vazge\u00e7ilmez bir varl\u0131k olan sa\u011flam ve \u015fiddetle tavsiye edilen PR-440 Al\u00fcminyum Y\u00fcr\u00fcte\u00e7 ile tan\u0131\u015f\u0131n. \u00dcr\u00fcnleri do\u011fru bir \u015fekilde sunma y\u00fck\u00fcml\u00fcl\u00fc\u011f\u00fc olan bir i\u00e7erik yazar\u0131 olarak PR-440, B2B pazar\u0131n\u0131n ve mobilite yard\u0131mc\u0131lar\u0131 sa\u011flayan kurumlar\u0131n titiz taleplerini kar\u015f\u0131lamak i\u00e7in tasarlanm\u0131\u015f &#8216;Walker\u2019&#8217; kategorisinde [&hellip;]","og_url":"https:\/\/integramedikal.com\/magaza\/urun\/pr-440-aluminyum-walker\/","og_site_name":"\u0130ntegra Medikal | | Ma\u011faza","article_publisher":"https:\/\/www.facebook.com\/integramedikal1","article_modified_time":"2026-02-18T12:45:28+00:00","og_image":[{"width":900,"height":900,"url":"https:\/\/integramedikal.com\/magaza\/wp-content\/uploads\/2025\/06\/PR-440.jpg","type":"image\/jpeg"}],"twitter_card":"summary_large_image","twitter_site":"@integramedikal","twitter_misc":{"Tahmini okuma s\u00fcresi":"3 dakika"},"schema":{"@context":"https:\/\/schema.org","@graph":[{"@type":"WebPage","@id":"https:\/\/integramedikal.com\/magaza\/urun\/pr-440-aluminyum-walker\/","url":"https:\/\/integramedikal.com\/magaza\/urun\/pr-440-aluminyum-walker\/","name":"PR-440 Al\u00fcminyum Walker - \u0130ntegra Medikal | | Ma\u011faza","isPartOf":{"@id":"https:\/\/integramedikal.com\/magaza\/#website"},"primaryImageOfPage":{"@id":"https:\/\/integramedikal.com\/magaza\/urun\/pr-440-aluminyum-walker\/#primaryimage"},"image":{"@id":"https:\/\/integramedikal.com\/magaza\/urun\/pr-440-aluminyum-walker\/#primaryimage"},"thumbnailUrl":"https:\/\/integramedikal.com\/magaza\/wp-content\/uploads\/2025\/06\/PR-440.jpg","datePublished":"2025-06-02T20:30:23+00:00","dateModified":"2026-02-18T12:45:28+00:00","breadcrumb":{"@id":"https:\/\/integramedikal.com\/magaza\/urun\/pr-440-aluminyum-walker\/#breadcrumb"},"inLanguage":"tr","potentialAction":[{"@type":"ReadAction","target":["https:\/\/integramedikal.com\/magaza\/urun\/pr-440-aluminyum-walker\/"]}]},{"@type":"ImageObject","inLanguage":"tr","@id":"https:\/\/integramedikal.com\/magaza\/urun\/pr-440-aluminyum-walker\/#primaryimage","url":"https:\/\/integramedikal.com\/magaza\/wp-content\/uploads\/2025\/06\/PR-440.jpg","contentUrl":"https:\/\/integramedikal.com\/magaza\/wp-content\/uploads\/2025\/06\/PR-440.jpg","width":900,"height":900},{"@type":"BreadcrumbList","@id":"https:\/\/integramedikal.com\/magaza\/urun\/pr-440-aluminyum-walker\/#breadcrumb","itemListElement":[{"@type":"ListItem","position":1,"name":"Anasayfa","item":"https:\/\/integramedikal.com\/magaza\/anasayfa\/"},{"@type":"ListItem","position":2,"name":"Shop","item":"https:\/\/integramedikal.com\/magaza\/shop\/"},{"@type":"ListItem","position":3,"name":"PR-440 Al\u00fcminyum Walker"}]},{"@type":"WebSite","@id":"https:\/\/integramedikal.com\/magaza\/#website","url":"https:\/\/integramedikal.com\/magaza\/","name":"\u0130ntegra Medikal < | | >Ma\u011faza","description":"Sa\u011fl\u0131kta Kalite | Sekt\u00f6rde 25. Y\u0131l","publisher":{"@id":"https:\/\/integramedikal.com\/magaza\/#organization"},"potentialAction":[{"@type":"SearchAction","target":{"@type":"EntryPoint","urlTemplate":"https:\/\/integramedikal.com\/magaza\/?s={search_term_string}"},"query-input":{"@type":"PropertyValueSpecification","valueRequired":true,"valueName":"search_term_string"}}],"inLanguage":"tr"},{"@type":"Organization","@id":"https:\/\/integramedikal.com\/magaza\/#organization","name":"\u0130ntegra Medikal < | | >Ma\u011faza","url":"https:\/\/integramedikal.com\/magaza\/","logo":{"@type":"ImageObject","inLanguage":"tr","@id":"https:\/\/integramedikal.com\/magaza\/#\/schema\/logo\/image\/","url":"https:\/\/integramedikal.com\/magaza\/wp-content\/uploads\/2025\/06\/integra-logo-1.png","contentUrl":"https:\/\/integramedikal.com\/magaza\/wp-content\/uploads\/2025\/06\/integra-logo-1.png","width":340,"height":156,"caption":"\u0130ntegra Medikal < | | >Ma\u011faza"},"image":{"@id":"https:\/\/integramedikal.com\/magaza\/#\/schema\/logo\/image\/"},"sameAs":["https:\/\/www.facebook.com\/integramedikal1","https:\/\/x.com\/integramedikal","https:\/\/www.instagram.com\/integramedikal\/","https:\/\/www.youtube.com\/user\/integramedikal"]}]}},"_links":{"self":[{"href":"https:\/\/integramedikal.com\/magaza\/wp-json\/wp\/v2\/product\/1673","targetHints":{"allow":["GET"]}}],"collection":[{"href":"https:\/\/integramedikal.com\/magaza\/wp-json\/wp\/v2\/product"}],"about":[{"href":"https:\/\/integramedikal.com\/magaza\/wp-json\/wp\/v2\/types\/product"}],"replies":[{"embeddable":true,"href":"https:\/\/integramedikal.com\/magaza\/wp-json\/wp\/v2\/comments?post=1673"}],"wp:featuredmedia":[{"embeddable":true,"href":"https:\/\/integramedikal.com\/magaza\/wp-json\/wp\/v2\/media\/1684"}],"wp:attachment":[{"href":"https:\/\/integramedikal.com\/magaza\/wp-json\/wp\/v2\/media?parent=1673"}],"wp:term":[{"taxonomy":"product_brand","embeddable":true,"href":"https:\/\/integramedikal.com\/magaza\/wp-json\/wp\/v2\/product_brand?post=1673"},{"taxonomy":"product_cat","embeddable":true,"href":"https:\/\/integramedikal.com\/magaza\/wp-json\/wp\/v2\/product_cat?post=1673"},{"taxonomy":"product_tag","embeddable":true,"href":"https:\/\/integramedikal.com\/magaza\/wp-json\/wp\/v2\/product_tag?post=1673"}],"curies":[{"name":"wp","href":"https:\/\/api.w.org\/{rel}","templated":true}]}}