{"id":1672,"date":"2025-06-02T23:30:23","date_gmt":"2025-06-02T20:30:23","guid":{"rendered":"https:\/\/integramedikal.com\/magaza\/?post_type=product&#038;p=1672"},"modified":"2026-04-01T11:08:31","modified_gmt":"2026-04-01T08:08:31","slug":"pr-999-aluminyum-koltukalti-degnegi","status":"publish","type":"product","link":"https:\/\/integramedikal.com\/magaza\/urun\/pr-999-aluminyum-koltukalti-degnegi\/","title":{"rendered":"PR-999 Al\u00fcminyum Koltukalt\u0131 De\u011fne\u011fi"},"content":{"rendered":"<div>PR-999 Al\u00fcminyum Koltuk Alt\u0131 De\u011fne\u011fi, B2B m\u00fc\u015fterileri ve engellilere hizmet veren firmalar i\u00e7in \u00f6zel olarak tasarlanm\u0131\u015f sayg\u0131n mobilite yard\u0131mc\u0131lar\u0131 koleksiyonumuza yenilik\u00e7i bir katk\u0131 sa\u011fl\u0131yor. \u00d6zenle tasarlanan PR-999, sa\u011flaml\u0131\u011f\u0131 konforla birle\u015ftirerek \u00e7e\u015fitli ortamlarda kullan\u0131c\u0131lara \u00fcst\u00fcn destek sunar. \u0130\u015fletmeler m\u00fc\u015fterileri i\u00e7in g\u00fcvenilir \u00e7\u00f6z\u00fcmler ararken, bu koltuk alt\u0131 de\u011fne\u011fi kalite ve s\u00fcrd\u00fcr\u00fclebilirlik talep edenler i\u00e7in kesin bir se\u00e7im olarak kar\u015f\u0131m\u0131za \u00e7\u0131k\u0131yor.<\/div>\n<div><\/div>\n<div>Yard\u0131mc\u0131 cihazlar alan\u0131nda vazge\u00e7ilmez bir ara\u00e7 olan PR-999, bi\u00e7im ve i\u015flevin titiz bir kombinasyonunu b\u00fcnyesinde bar\u0131nd\u0131r\u0131r. Bu koltuk de\u011fne\u011fi, kullan\u0131c\u0131 odakl\u0131 tasar\u0131ma sars\u0131lmaz bir ba\u011fl\u0131l\u0131k g\u00f6stererek, onu \u00fcst d\u00fczey \u00fcr\u00fcnler tedarik etmeyi ama\u00e7layan i\u015fletmeler i\u00e7in cazip bir sat\u0131n alma haline getiriyor. Sadece g\u00fc\u00e7l\u00fc g\u00f6vde yap\u0131s\u0131yla de\u011fil, ayn\u0131 zamanda kullan\u0131c\u0131 g\u00fcvenli\u011fi ve rahatl\u0131\u011f\u0131 sa\u011flarken tutarl\u0131 performans sunma konusundaki ola\u011fan\u00fcst\u00fc yetene\u011fiyle de \u00f6ne \u00e7\u0131k\u0131yor.<\/div>\n<div><\/div>\n<div><b>PR-999&#8217;un \u00c7arp\u0131c\u0131 \u00d6zellikleri<\/b><\/div>\n<div><b><br \/><\/b><\/div>\n<div>PR-999 Al\u00fcminyum Koltuk Alt\u0131De\u011fne\u011finin s\u0131rad\u0131\u015f\u0131 \u00f6zellikleri, onu yaln\u0131zca kullan\u0131c\u0131 taraf\u0131ndan tavsiye edilen de\u011fil, ayn\u0131 zamanda ekonomik bir \u00fcr\u00fcn olan koltuk alt\u0131 de\u011fne\u011fi haline getirir. Dayan\u0131kl\u0131l\u0131\u011f\u0131, al\u0131c\u0131lara uzun \u00f6m\u00fcrl\u00fc bir yat\u0131r\u0131m\u0131n g\u00fcvenini sa\u011flayan kapsaml\u0131 bir 2 Y\u0131l Garanti ile g\u00fcvence alt\u0131na al\u0131nm\u0131\u015ft\u0131r. Bu garanti, sa\u011flam yap\u0131s\u0131n\u0131n ve hem \u00fcretici hem de kullan\u0131c\u0131lar taraf\u0131ndan performans\u0131na duyulan g\u00fcvenin bir kan\u0131t\u0131 olarak hizmet eder.<\/div>\n<div><\/div>\n<div>Kullan\u0131c\u0131 ihtiya\u00e7lar\u0131na g\u00f6sterilen \u00f6zen, PR-999&#8217;un tasar\u0131m felsefesine derinden yerle\u015fmi\u015ftir. G\u00fc\u00e7l\u00fc bir g\u00f6vde yap\u0131s\u0131 ile al\u00fcminyum yap\u0131n\u0131n hafiflik hissi aras\u0131ndaki karma\u015f\u0131k denge, hem kullan\u0131m\u0131 rahat hem de kullan\u0131m\u0131 kolay bir \u00fcr\u00fcnle sonu\u00e7lan\u0131r. Ekonomik yap\u0131s\u0131, m\u00fc\u015fterilerine uygun maliyetli ancak y\u00fcksek kaliteli yard\u0131m sunmay\u0131 ama\u00e7layan \u015firketler i\u00e7in rakipsiz bir se\u00e7enek haline getiriyor. Ek olarak, h\u0131zl\u0131 sevkiyat vaadiyle h\u0131zland\u0131r\u0131lm\u0131\u015f lojisti\u011fin de\u011ferini koruyarak i\u015fletmeler i\u00e7in tedarik zincirini daha da optimize eder ve zaman\u0131nda teslimat\u0131 sa\u011flar.<\/div>\n<div><\/div>\n<div><b>Ortaklar i\u00e7in Ticari Potansiyel<\/b><\/div>\n<div><b><br \/><\/b><\/div>\n<div>Koltuk alt\u0131 de\u011fne\u011fi kategorisi alt\u0131nda s\u0131n\u0131fland\u0131r\u0131lan PR-999 Al\u00fcminyum Koltuk Alt\u0131 De\u011fne\u011fi, t\u0131bbi yard\u0131m sekt\u00f6r\u00fcne y\u00f6nelik i\u015fletmeler i\u00e7in stratejik bir se\u00e7imdir. B2B pazar\u0131ndaki geli\u015fen talepleri kabul eden bu teklif, \u00f6zellikle dayan\u0131kl\u0131 ve uygun fiyatl\u0131 mobilite \u00e7\u00f6z\u00fcmlerine olan ihtiyac\u0131 ele al\u0131yor. Bu \u00fcr\u00fcn grubuyla ortakl\u0131k kuran \u015firketler, stratejik pazar b\u00fcy\u00fcmesi i\u00e7in \u00f6v\u00fclen \u00f6zelliklerinden ve kullan\u0131c\u0131 \u00f6nerilerinden yararlanarak rekabet avantaj\u0131 elde etmeye haz\u0131rlan\u0131yor.<\/div>\n<div><\/div>\n<div>\u0130\u015fletmeler, m\u00fc\u015fterilerine y\u00fcksek de\u011ferli \u00fcr\u00fcnlerin teslimine \u00f6ncelik verdi\u011finden, PR-999 ile uyum sa\u011flamak, m\u00fckemmelli\u011fe olan ba\u011fl\u0131l\u0131\u011f\u0131n bir i\u015fareti olarak hizmet eder. H\u0131zl\u0131 \u00fcr\u00fcn sevkiyat\u0131 garantisi ile i\u015f ortaklar\u0131, geli\u015fmi\u015f m\u00fc\u015fteri memnuniyeti ve tekrarlanan i\u015f anlam\u0131na gelen h\u0131zl\u0131 geri d\u00f6n\u00fc\u015f avantaj\u0131na sahiptir. \u00dcr\u00fcn\u00fcn garantisi ve kullan\u0131c\u0131 onaylar\u0131, kapsaml\u0131 engellilik yard\u0131mlar\u0131 alan\u0131nda ihtiyatl\u0131 ve g\u00fcvenilir bir se\u00e7im olarak ayakta durmas\u0131na katk\u0131da bulunur.<\/div>\n<p><div  id=\"btn_klavuz\"  class='avia-button-wrap av-av_button-b52b0ab3653cb409c8223152667d8c9b-wrap avia-button-left  avia-builder-el-0  el_before_av_button  avia-builder-el-first '><a href='https:\/\/www.integramedikal.com\/magaza\/upload\/kilavuz\/84-pr-999-aluminyum-koltukalti-degnegi.pdf'  class='avia-button av-av_button-b52b0ab3653cb409c8223152667d8c9b av-link-btn avia-icon_select-yes-left-icon avia-size-medium avia-position-left avia-color-theme-color-highlight'  target=\"_blank\"  rel=\"noopener noreferrer\"  aria-label=\"Kullan\u0131m K\u0131lavuzu\"><span class='avia_button_icon avia_button_icon_left avia-svg-icon avia-font-svg_entypo-fontello' data-av_svg_icon='book-open' data-av_iconset='svg_entypo-fontello'><svg version=\"1.1\" xmlns=\"http:\/\/www.w3.org\/2000\/svg\" width=\"29\" height=\"32\" viewBox=\"0 0 29 32\" preserveAspectRatio=\"xMidYMid meet\" aria-labelledby='av-svg-title-1' aria-describedby='av-svg-desc-1' role=\"graphics-symbol\">\n<title id='av-svg-title-1'>Book-open<\/title>\n<desc id='av-svg-desc-1'>Book-open<\/desc>\n<path d=\"M10.88 19.584v2.176l-6.4-2.56v-2.176zM10.88 12.928v2.176l-6.4-2.56v-2.176zM28.096 1.856q0.704 0.384 0.704 1.344v20.48q0 1.088-1.024 1.472l-12.736 5.12q-0.256 0.064-0.32 0.064t-0.16 0.032-0.16 0.032-0.16-0.032-0.16-0.032l-0.32-0.064-12.736-5.12q-1.024-0.384-1.024-1.472v-20.48q0-0.96 0.704-1.344 0.704-0.512 1.472-0.192l12.224 4.928 12.224-4.928q0.768-0.32 1.472 0.192zM12.8 27.072v-17.92l-10.24-4.096v17.92zM26.24 22.976v-17.92l-10.24 4.096v17.92zM24.32 17.024v2.176l-6.4 2.56v-2.176zM24.32 10.368v2.176l-6.4 2.56v-2.176z\"><\/path>\n<\/svg><\/span><span class='avia_iconbox_title' >Kullan\u0131m K\u0131lavuzu<\/span><\/a><\/div> <div  id=\"btn_teknikbilgi\"  class='avia-button-wrap av-av_button-e069d87ec5d6298b9b6c476e2dc5aa4e-wrap avia-button-left  avia-builder-el-1  el_after_av_button  avia-builder-el-last '><a href='javascript:void(0);'  class='avia-button av-av_button-e069d87ec5d6298b9b6c476e2dc5aa4e av-link-btn avia-icon_select-yes-left-icon avia-size-medium avia-position-left avia-color-theme-color-highlight'   aria-label=\"Teknik Bilgi\"><span class='avia_button_icon avia_button_icon_left avia-svg-icon avia-font-svg_entypo-fontello' data-av_svg_icon='cog' data-av_iconset='svg_entypo-fontello'><svg version=\"1.1\" xmlns=\"http:\/\/www.w3.org\/2000\/svg\" width=\"27\" height=\"32\" viewBox=\"0 0 27 32\" preserveAspectRatio=\"xMidYMid meet\" aria-labelledby='av-svg-title-2' aria-describedby='av-svg-desc-2' role=\"graphics-symbol\">\n<title id='av-svg-title-2'>Cog<\/title>\n<desc id='av-svg-desc-2'>Cog<\/desc>\n<path d=\"M24.32 16q0 2.304 2.56 3.904-0.384 1.28-1.088 2.624-2.24-0.576-4.352 1.408-1.728 1.856-1.088 4.352-1.28 0.64-2.688 1.152-1.472-2.624-4.224-2.624t-4.224 2.624q-1.408-0.512-2.688-1.152 0.64-2.56-1.088-4.352-1.728-1.728-4.352-1.088-0.448-0.832-1.088-2.624 2.624-1.664 2.624-4.224 0-2.304-2.624-3.968 0.64-1.792 1.088-2.624 2.368 0.576 4.352-1.408 1.728-1.792 1.088-4.352 1.344-0.704 2.688-1.088 1.472 2.56 4.224 2.56t4.224-2.56q1.344 0.384 2.688 1.088-0.64 2.496 1.088 4.352 2.112 1.984 4.352 1.408 0.704 1.344 1.088 2.624-2.56 1.6-2.56 3.968zM13.44 21.824q2.432 0 4.128-1.696t1.696-4.128-1.696-4.16-4.128-1.728-4.128 1.728-1.696 4.16 1.696 4.128 4.128 1.696z\"><\/path>\n<\/svg><\/span><span class='avia_iconbox_title' >Teknik Bilgi<\/span><\/a><\/div><\/p>\n","protected":false},"excerpt":{"rendered":"<p>PR-999 Al\u00fcminyum Koltuk Alt\u0131 De\u011fne\u011fi, B2B m\u00fc\u015fterileri ve engellilere hizmet veren firmalar i\u00e7in \u00f6zel olarak tasarlanm\u0131\u015f sayg\u0131n mobilite yard\u0131mc\u0131lar\u0131 koleksiyonumuza yenilik\u00e7i bir katk\u0131 sa\u011fl\u0131yor. \u00d6zenle tasarlanan PR-999, sa\u011flaml\u0131\u011f\u0131 konforla birle\u015ftirerek \u00e7e\u015fitli ortamlarda kullan\u0131c\u0131lara \u00fcst\u00fcn destek sunar. \u0130\u015fletmeler m\u00fc\u015fterileri i\u00e7in g\u00fcvenilir \u00e7\u00f6z\u00fcmler ararken, bu koltuk alt\u0131 de\u011fne\u011fi kalite ve s\u00fcrd\u00fcr\u00fclebilirlik talep edenler i\u00e7in kesin bir se\u00e7im [&hellip;]<\/p>\n","protected":false},"featured_media":1683,"comment_status":"open","ping_status":"closed","template":"","meta":[],"product_brand":[],"product_cat":[600],"product_tag":[],"class_list":{"0":"post-1672","1":"product","2":"type-product","3":"status-publish","4":"has-post-thumbnail","6":"product_cat-yurume-gruplari","8":"first","9":"instock","10":"sale","11":"taxable","12":"shipping-taxable","13":"purchasable","14":"product-type-simple"},"yoast_head":"<!-- This site is optimized with the Yoast SEO plugin v27.4 - https:\/\/yoast.com\/product\/yoast-seo-wordpress\/ -->\n<title>PR-999 Al\u00fcminyum Koltukalt\u0131 De\u011fne\u011fi - \u0130ntegra Medikal | | Ma\u011faza<\/title>\n<meta name=\"robots\" content=\"index, follow, max-snippet:-1, max-image-preview:large, max-video-preview:-1\" \/>\n<link rel=\"canonical\" href=\"https:\/\/integramedikal.com\/magaza\/urun\/pr-999-aluminyum-koltukalti-degnegi\/\" \/>\n<meta property=\"og:locale\" content=\"tr_TR\" \/>\n<meta property=\"og:type\" content=\"article\" \/>\n<meta property=\"og:title\" content=\"PR-999 Al\u00fcminyum Koltukalt\u0131 De\u011fne\u011fi - \u0130ntegra Medikal | | Ma\u011faza\" \/>\n<meta property=\"og:description\" content=\"PR-999 Al\u00fcminyum Koltuk Alt\u0131 De\u011fne\u011fi, B2B m\u00fc\u015fterileri ve engellilere hizmet veren firmalar i\u00e7in \u00f6zel olarak tasarlanm\u0131\u015f sayg\u0131n mobilite yard\u0131mc\u0131lar\u0131 koleksiyonumuza yenilik\u00e7i bir katk\u0131 sa\u011fl\u0131yor. \u00d6zenle tasarlanan PR-999, sa\u011flaml\u0131\u011f\u0131 konforla birle\u015ftirerek \u00e7e\u015fitli ortamlarda kullan\u0131c\u0131lara \u00fcst\u00fcn destek sunar. \u0130\u015fletmeler m\u00fc\u015fterileri i\u00e7in g\u00fcvenilir \u00e7\u00f6z\u00fcmler ararken, bu koltuk alt\u0131 de\u011fne\u011fi kalite ve s\u00fcrd\u00fcr\u00fclebilirlik talep edenler i\u00e7in kesin bir se\u00e7im [&hellip;]\" \/>\n<meta property=\"og:url\" content=\"https:\/\/integramedikal.com\/magaza\/urun\/pr-999-aluminyum-koltukalti-degnegi\/\" \/>\n<meta property=\"og:site_name\" content=\"\u0130ntegra Medikal | | Ma\u011faza\" \/>\n<meta property=\"article:publisher\" content=\"https:\/\/www.facebook.com\/integramedikal1\" \/>\n<meta property=\"article:modified_time\" content=\"2026-04-01T08:08:31+00:00\" \/>\n<meta property=\"og:image\" content=\"https:\/\/integramedikal.com\/magaza\/wp-content\/uploads\/2025\/06\/ssdgs433636.jpg\" \/>\n\t<meta property=\"og:image:width\" content=\"900\" \/>\n\t<meta property=\"og:image:height\" content=\"900\" \/>\n\t<meta property=\"og:image:type\" content=\"image\/jpeg\" \/>\n<meta name=\"twitter:card\" content=\"summary_large_image\" \/>\n<meta name=\"twitter:site\" content=\"@integramedikal\" \/>\n<meta name=\"twitter:label1\" content=\"Tahmini okuma s\u00fcresi\" \/>\n\t<meta name=\"twitter:data1\" content=\"3 dakika\" \/>\n<script type=\"application\/ld+json\" class=\"yoast-schema-graph\">{\"@context\":\"https:\\\/\\\/schema.org\",\"@graph\":[{\"@type\":\"WebPage\",\"@id\":\"https:\\\/\\\/integramedikal.com\\\/magaza\\\/urun\\\/pr-999-aluminyum-koltukalti-degnegi\\\/\",\"url\":\"https:\\\/\\\/integramedikal.com\\\/magaza\\\/urun\\\/pr-999-aluminyum-koltukalti-degnegi\\\/\",\"name\":\"PR-999 Al\u00fcminyum Koltukalt\u0131 De\u011fne\u011fi - \u0130ntegra Medikal | | Ma\u011faza\",\"isPartOf\":{\"@id\":\"https:\\\/\\\/integramedikal.com\\\/magaza\\\/#website\"},\"primaryImageOfPage\":{\"@id\":\"https:\\\/\\\/integramedikal.com\\\/magaza\\\/urun\\\/pr-999-aluminyum-koltukalti-degnegi\\\/#primaryimage\"},\"image\":{\"@id\":\"https:\\\/\\\/integramedikal.com\\\/magaza\\\/urun\\\/pr-999-aluminyum-koltukalti-degnegi\\\/#primaryimage\"},\"thumbnailUrl\":\"https:\\\/\\\/integramedikal.com\\\/magaza\\\/wp-content\\\/uploads\\\/2025\\\/06\\\/ssdgs433636.jpg\",\"datePublished\":\"2025-06-02T20:30:23+00:00\",\"dateModified\":\"2026-04-01T08:08:31+00:00\",\"breadcrumb\":{\"@id\":\"https:\\\/\\\/integramedikal.com\\\/magaza\\\/urun\\\/pr-999-aluminyum-koltukalti-degnegi\\\/#breadcrumb\"},\"inLanguage\":\"tr\",\"potentialAction\":[{\"@type\":\"ReadAction\",\"target\":[\"https:\\\/\\\/integramedikal.com\\\/magaza\\\/urun\\\/pr-999-aluminyum-koltukalti-degnegi\\\/\"]}]},{\"@type\":\"ImageObject\",\"inLanguage\":\"tr\",\"@id\":\"https:\\\/\\\/integramedikal.com\\\/magaza\\\/urun\\\/pr-999-aluminyum-koltukalti-degnegi\\\/#primaryimage\",\"url\":\"https:\\\/\\\/integramedikal.com\\\/magaza\\\/wp-content\\\/uploads\\\/2025\\\/06\\\/ssdgs433636.jpg\",\"contentUrl\":\"https:\\\/\\\/integramedikal.com\\\/magaza\\\/wp-content\\\/uploads\\\/2025\\\/06\\\/ssdgs433636.jpg\",\"width\":900,\"height\":900},{\"@type\":\"BreadcrumbList\",\"@id\":\"https:\\\/\\\/integramedikal.com\\\/magaza\\\/urun\\\/pr-999-aluminyum-koltukalti-degnegi\\\/#breadcrumb\",\"itemListElement\":[{\"@type\":\"ListItem\",\"position\":1,\"name\":\"Anasayfa\",\"item\":\"https:\\\/\\\/integramedikal.com\\\/magaza\\\/anasayfa\\\/\"},{\"@type\":\"ListItem\",\"position\":2,\"name\":\"Shop\",\"item\":\"https:\\\/\\\/integramedikal.com\\\/magaza\\\/shop\\\/\"},{\"@type\":\"ListItem\",\"position\":3,\"name\":\"PR-999 Al\u00fcminyum Koltukalt\u0131 De\u011fne\u011fi\"}]},{\"@type\":\"WebSite\",\"@id\":\"https:\\\/\\\/integramedikal.com\\\/magaza\\\/#website\",\"url\":\"https:\\\/\\\/integramedikal.com\\\/magaza\\\/\",\"name\":\"\u0130ntegra Medikal < | | >Ma\u011faza\",\"description\":\"Sa\u011fl\u0131kta Kalite | Sekt\u00f6rde 25. Y\u0131l\",\"publisher\":{\"@id\":\"https:\\\/\\\/integramedikal.com\\\/magaza\\\/#organization\"},\"potentialAction\":[{\"@type\":\"SearchAction\",\"target\":{\"@type\":\"EntryPoint\",\"urlTemplate\":\"https:\\\/\\\/integramedikal.com\\\/magaza\\\/?s={search_term_string}\"},\"query-input\":{\"@type\":\"PropertyValueSpecification\",\"valueRequired\":true,\"valueName\":\"search_term_string\"}}],\"inLanguage\":\"tr\"},{\"@type\":\"Organization\",\"@id\":\"https:\\\/\\\/integramedikal.com\\\/magaza\\\/#organization\",\"name\":\"\u0130ntegra Medikal < | | >Ma\u011faza\",\"url\":\"https:\\\/\\\/integramedikal.com\\\/magaza\\\/\",\"logo\":{\"@type\":\"ImageObject\",\"inLanguage\":\"tr\",\"@id\":\"https:\\\/\\\/integramedikal.com\\\/magaza\\\/#\\\/schema\\\/logo\\\/image\\\/\",\"url\":\"https:\\\/\\\/integramedikal.com\\\/magaza\\\/wp-content\\\/uploads\\\/2025\\\/06\\\/integra-logo-1.png\",\"contentUrl\":\"https:\\\/\\\/integramedikal.com\\\/magaza\\\/wp-content\\\/uploads\\\/2025\\\/06\\\/integra-logo-1.png\",\"width\":340,\"height\":156,\"caption\":\"\u0130ntegra Medikal < | | >Ma\u011faza\"},\"image\":{\"@id\":\"https:\\\/\\\/integramedikal.com\\\/magaza\\\/#\\\/schema\\\/logo\\\/image\\\/\"},\"sameAs\":[\"https:\\\/\\\/www.facebook.com\\\/integramedikal1\",\"https:\\\/\\\/x.com\\\/integramedikal\",\"https:\\\/\\\/www.instagram.com\\\/integramedikal\\\/\",\"https:\\\/\\\/www.youtube.com\\\/user\\\/integramedikal\"]}]}<\/script>\n<!-- \/ Yoast SEO plugin. -->","yoast_head_json":{"title":"PR-999 Al\u00fcminyum Koltukalt\u0131 De\u011fne\u011fi - \u0130ntegra Medikal | | Ma\u011faza","robots":{"index":"index","follow":"follow","max-snippet":"max-snippet:-1","max-image-preview":"max-image-preview:large","max-video-preview":"max-video-preview:-1"},"canonical":"https:\/\/integramedikal.com\/magaza\/urun\/pr-999-aluminyum-koltukalti-degnegi\/","og_locale":"tr_TR","og_type":"article","og_title":"PR-999 Al\u00fcminyum Koltukalt\u0131 De\u011fne\u011fi - \u0130ntegra Medikal | | Ma\u011faza","og_description":"PR-999 Al\u00fcminyum Koltuk Alt\u0131 De\u011fne\u011fi, B2B m\u00fc\u015fterileri ve engellilere hizmet veren firmalar i\u00e7in \u00f6zel olarak tasarlanm\u0131\u015f sayg\u0131n mobilite yard\u0131mc\u0131lar\u0131 koleksiyonumuza yenilik\u00e7i bir katk\u0131 sa\u011fl\u0131yor. \u00d6zenle tasarlanan PR-999, sa\u011flaml\u0131\u011f\u0131 konforla birle\u015ftirerek \u00e7e\u015fitli ortamlarda kullan\u0131c\u0131lara \u00fcst\u00fcn destek sunar. \u0130\u015fletmeler m\u00fc\u015fterileri i\u00e7in g\u00fcvenilir \u00e7\u00f6z\u00fcmler ararken, bu koltuk alt\u0131 de\u011fne\u011fi kalite ve s\u00fcrd\u00fcr\u00fclebilirlik talep edenler i\u00e7in kesin bir se\u00e7im [&hellip;]","og_url":"https:\/\/integramedikal.com\/magaza\/urun\/pr-999-aluminyum-koltukalti-degnegi\/","og_site_name":"\u0130ntegra Medikal | | Ma\u011faza","article_publisher":"https:\/\/www.facebook.com\/integramedikal1","article_modified_time":"2026-04-01T08:08:31+00:00","og_image":[{"width":900,"height":900,"url":"https:\/\/integramedikal.com\/magaza\/wp-content\/uploads\/2025\/06\/ssdgs433636.jpg","type":"image\/jpeg"}],"twitter_card":"summary_large_image","twitter_site":"@integramedikal","twitter_misc":{"Tahmini okuma s\u00fcresi":"3 dakika"},"schema":{"@context":"https:\/\/schema.org","@graph":[{"@type":"WebPage","@id":"https:\/\/integramedikal.com\/magaza\/urun\/pr-999-aluminyum-koltukalti-degnegi\/","url":"https:\/\/integramedikal.com\/magaza\/urun\/pr-999-aluminyum-koltukalti-degnegi\/","name":"PR-999 Al\u00fcminyum Koltukalt\u0131 De\u011fne\u011fi - \u0130ntegra Medikal | | Ma\u011faza","isPartOf":{"@id":"https:\/\/integramedikal.com\/magaza\/#website"},"primaryImageOfPage":{"@id":"https:\/\/integramedikal.com\/magaza\/urun\/pr-999-aluminyum-koltukalti-degnegi\/#primaryimage"},"image":{"@id":"https:\/\/integramedikal.com\/magaza\/urun\/pr-999-aluminyum-koltukalti-degnegi\/#primaryimage"},"thumbnailUrl":"https:\/\/integramedikal.com\/magaza\/wp-content\/uploads\/2025\/06\/ssdgs433636.jpg","datePublished":"2025-06-02T20:30:23+00:00","dateModified":"2026-04-01T08:08:31+00:00","breadcrumb":{"@id":"https:\/\/integramedikal.com\/magaza\/urun\/pr-999-aluminyum-koltukalti-degnegi\/#breadcrumb"},"inLanguage":"tr","potentialAction":[{"@type":"ReadAction","target":["https:\/\/integramedikal.com\/magaza\/urun\/pr-999-aluminyum-koltukalti-degnegi\/"]}]},{"@type":"ImageObject","inLanguage":"tr","@id":"https:\/\/integramedikal.com\/magaza\/urun\/pr-999-aluminyum-koltukalti-degnegi\/#primaryimage","url":"https:\/\/integramedikal.com\/magaza\/wp-content\/uploads\/2025\/06\/ssdgs433636.jpg","contentUrl":"https:\/\/integramedikal.com\/magaza\/wp-content\/uploads\/2025\/06\/ssdgs433636.jpg","width":900,"height":900},{"@type":"BreadcrumbList","@id":"https:\/\/integramedikal.com\/magaza\/urun\/pr-999-aluminyum-koltukalti-degnegi\/#breadcrumb","itemListElement":[{"@type":"ListItem","position":1,"name":"Anasayfa","item":"https:\/\/integramedikal.com\/magaza\/anasayfa\/"},{"@type":"ListItem","position":2,"name":"Shop","item":"https:\/\/integramedikal.com\/magaza\/shop\/"},{"@type":"ListItem","position":3,"name":"PR-999 Al\u00fcminyum Koltukalt\u0131 De\u011fne\u011fi"}]},{"@type":"WebSite","@id":"https:\/\/integramedikal.com\/magaza\/#website","url":"https:\/\/integramedikal.com\/magaza\/","name":"\u0130ntegra Medikal < | | >Ma\u011faza","description":"Sa\u011fl\u0131kta Kalite | Sekt\u00f6rde 25. Y\u0131l","publisher":{"@id":"https:\/\/integramedikal.com\/magaza\/#organization"},"potentialAction":[{"@type":"SearchAction","target":{"@type":"EntryPoint","urlTemplate":"https:\/\/integramedikal.com\/magaza\/?s={search_term_string}"},"query-input":{"@type":"PropertyValueSpecification","valueRequired":true,"valueName":"search_term_string"}}],"inLanguage":"tr"},{"@type":"Organization","@id":"https:\/\/integramedikal.com\/magaza\/#organization","name":"\u0130ntegra Medikal < | | >Ma\u011faza","url":"https:\/\/integramedikal.com\/magaza\/","logo":{"@type":"ImageObject","inLanguage":"tr","@id":"https:\/\/integramedikal.com\/magaza\/#\/schema\/logo\/image\/","url":"https:\/\/integramedikal.com\/magaza\/wp-content\/uploads\/2025\/06\/integra-logo-1.png","contentUrl":"https:\/\/integramedikal.com\/magaza\/wp-content\/uploads\/2025\/06\/integra-logo-1.png","width":340,"height":156,"caption":"\u0130ntegra Medikal < | | >Ma\u011faza"},"image":{"@id":"https:\/\/integramedikal.com\/magaza\/#\/schema\/logo\/image\/"},"sameAs":["https:\/\/www.facebook.com\/integramedikal1","https:\/\/x.com\/integramedikal","https:\/\/www.instagram.com\/integramedikal\/","https:\/\/www.youtube.com\/user\/integramedikal"]}]}},"_links":{"self":[{"href":"https:\/\/integramedikal.com\/magaza\/wp-json\/wp\/v2\/product\/1672","targetHints":{"allow":["GET"]}}],"collection":[{"href":"https:\/\/integramedikal.com\/magaza\/wp-json\/wp\/v2\/product"}],"about":[{"href":"https:\/\/integramedikal.com\/magaza\/wp-json\/wp\/v2\/types\/product"}],"replies":[{"embeddable":true,"href":"https:\/\/integramedikal.com\/magaza\/wp-json\/wp\/v2\/comments?post=1672"}],"wp:featuredmedia":[{"embeddable":true,"href":"https:\/\/integramedikal.com\/magaza\/wp-json\/wp\/v2\/media\/1683"}],"wp:attachment":[{"href":"https:\/\/integramedikal.com\/magaza\/wp-json\/wp\/v2\/media?parent=1672"}],"wp:term":[{"taxonomy":"product_brand","embeddable":true,"href":"https:\/\/integramedikal.com\/magaza\/wp-json\/wp\/v2\/product_brand?post=1672"},{"taxonomy":"product_cat","embeddable":true,"href":"https:\/\/integramedikal.com\/magaza\/wp-json\/wp\/v2\/product_cat?post=1672"},{"taxonomy":"product_tag","embeddable":true,"href":"https:\/\/integramedikal.com\/magaza\/wp-json\/wp\/v2\/product_tag?post=1672"}],"curies":[{"name":"wp","href":"https:\/\/api.w.org\/{rel}","templated":true}]}}