{"id":1671,"date":"2025-06-02T23:30:23","date_gmt":"2025-06-02T20:30:23","guid":{"rendered":"https:\/\/integramedikal.com\/magaza\/?post_type=product&#038;p=1671"},"modified":"2026-02-26T17:38:12","modified_gmt":"2026-02-26T14:38:12","slug":"pr-981-aluminyum-koltukalti-degnegi","status":"publish","type":"product","link":"https:\/\/integramedikal.com\/magaza\/urun\/pr-981-aluminyum-koltukalti-degnegi\/","title":{"rendered":"PR-981 Al\u00fcminyum Koltukalt\u0131 De\u011fne\u011fi"},"content":{"rendered":"<div>PR-981 Al\u00fcminyum Koltuk Alt\u0131 De\u011fne\u011fi, B2B al\u0131c\u0131lar\u0131n\u0131 ve ihtiyac\u0131 olanlara mobilite \u00e7\u00f6z\u00fcmleri sunan \u015firketleri hedefleyen \u00e7\u0131\u011f\u0131r a\u00e7an bir yeniliktir. Bu \u00fcr\u00fcn, yaln\u0131zca \u00fcst\u00fcn tasar\u0131m\u0131 ve i\u015flevselli\u011fi nedeniyle de\u011fil, ayn\u0131 zamanda kullan\u0131c\u0131 mobilite deste\u011fine benzersiz yakla\u015f\u0131m\u0131 nedeniyle de pazarda \u00f6ne \u00e7\u0131k\u0131yor. E\u015fsiz kaliteyi g\u00f6z \u00f6n\u00fcnde bulundurarak, kullan\u0131c\u0131lar\u0131n kritik ihtiya\u00e7lar\u0131n\u0131 kar\u015f\u0131layan, rahat ve g\u00fcvenilir bir hareket yard\u0131m\u0131 sa\u011flayan bir koltuk alt\u0131 de\u011fne\u011fi geli\u015ftirdik.<\/div>\n<div><\/div>\n<div>Mobilite yard\u0131mc\u0131lar\u0131 d\u00fcnyas\u0131nda g\u00fcvenilirli\u011fin \u00f6nemini anlayan PR-981 Al\u00fcminyum Koltuk Alt\u0131 De\u011fnek, ola\u011fan\u00fcst\u00fc yap\u0131 kalitesi ve dayan\u0131kl\u0131l\u0131\u011f\u0131 konusunda size g\u00fcvence veren benzersiz bir 2 Y\u0131l Garanti ile birlikte gelir. Sa\u011flam g\u00f6vde yap\u0131s\u0131 ve titre\u015fimi emen yayl\u0131 yap\u0131s\u0131yla, kullan\u0131c\u0131n\u0131n her ad\u0131mda kendini g\u00fcvende ve desteklenmi\u015f hissetmesini sa\u011flarken g\u00fcnl\u00fck kullan\u0131m\u0131n zorluklar\u0131na dayanacak \u015fekilde \u00f6zenle tasarlanm\u0131\u015ft\u0131r. Bu koltuk alt\u0131 de\u011fne\u011fi sadece bir \u00fcr\u00fcn de\u011fil; G\u00fcvenilirli\u011fe de\u011fer verenler i\u00e7in bir arkada\u015ft\u0131r.<\/div>\n<div><\/div>\n<div><b>Talepkar kullan\u0131c\u0131lar i\u00e7in benzersiz \u00f6zellikler<\/b><\/div>\n<div><b><br \/><\/b><\/div>\n<div>M\u00fckemmelli\u011fe olan ba\u011fl\u0131l\u0131\u011f\u0131m\u0131z, PR-981 Al\u00fcminyum Koltuk Alt\u0131 De\u011fne\u011fi sundu\u011fu kapsaml\u0131 \u00f6zellik paketinde belirgindir. Her koltuk alt\u0131 de\u011fne\u011fi, sa\u011flaml\u0131k ve kullan\u0131c\u0131 memnuniyetine \u00f6ncelik verilerek, se\u00e7ici al\u0131c\u0131lar i\u00e7in \u00f6zel olarak \u00fcretilmi\u015ftir. Ergonomik tasar\u0131m\u0131yla kullan\u0131c\u0131lar taraf\u0131ndan \u00f6nerilen bu \u00fcr\u00fcn, i\u015flevselli\u011fi konforla birle\u015ftirmenin ne demek oldu\u011funu \u00f6zetliyor. \u0130ster dar alanlarda gezinin, ister daha uzun mesafeleri kat edin, PR-981 \u00e7e\u015fitli kullan\u0131c\u0131 gereksinimlerini verimli bir \u015fekilde kar\u015f\u0131lamak i\u00e7in \u00fcretilmi\u015ftir.<\/div>\n<div><\/div>\n<div>Ekonomik bir se\u00e7im olan PR-981 Al\u00fcminyum Koltuk Alt\u0131 De\u011fnek kaliteden \u00f6d\u00fcn vermez. B2B sekt\u00f6r\u00fcnde b\u00fct\u00e7e bilincine sahip kararlar\u0131n \u00f6nemini anl\u0131yoruz ve bu nedenle \u00fcr\u00fcn\u00fcm\u00fcz\u00fc en iyi de\u011feri sunacak \u015fekilde fiyatland\u0131rd\u0131k. En y\u00fcksek standartlara uygunlu\u011fu sa\u011flayan koltuk alt\u0131 de\u011fne\u011fimizin zemine yap\u0131\u015fan,esnek, plastik ve de\u011fi\u015febilen sa\u011flam pabu\u00e7lu yap\u0131s\u0131yla emsaller taraf\u0131ndan \u00f6ne \u00e7\u0131kar. Bu \u00f6zelli\u011fi ile ayr\u0131ca ortopedik ameliyatlar sonras\u0131 bireylerin \u00e7evrelerinde geli\u015fmi\u015f bir g\u00fcvenlik duygusuyla gezinmelerine olanak tan\u0131yan g\u00fcvenilir bir performans sunarak iyile\u015fme s\u00fcre\u00e7lerini destekler.<\/div>\n<div><\/div>\n<div><b>Hizmet ve Nakliyede M\u00fckemmellik<\/b><\/div>\n<div><b><br \/><\/b><\/div>\n<div>G\u00fcn\u00fcm\u00fcz\u00fcn h\u0131zl\u0131 tempolu d\u00fcnyas\u0131nda, \u00f6zellikle temel mobilite yard\u0131mc\u0131lar\u0131 s\u00f6z konusu oldu\u011funda, h\u0131zl\u0131 ve g\u00fcvenilir hizmet talebi \u00e7ok \u00f6nemlidir. PR-981 Al\u00fcminyum Koltuk Alt\u0131 De\u011fne\u011fi i\u015fletmenize en k\u0131sa s\u00fcrede ula\u015fmas\u0131n\u0131 sa\u011flayarak h\u0131zl\u0131 sevkiyat s\u00f6z\u00fcm\u00fczle gurur duyuyoruz. Kolayla\u015ft\u0131r\u0131lm\u0131\u015f lojistik ve da\u011f\u0131t\u0131m a\u011flar\u0131m\u0131z, bekleme s\u00fcrelerini en aza indirmek i\u00e7in yorulmadan \u00e7al\u0131\u015farak m\u00fc\u015fterilerinize gecikmeden s\u00fcrekli destek sa\u011flaman\u0131za olanak tan\u0131r.<\/div>\n<div><\/div>\n<div>PR-981 Al\u00fcminyum Koltuk Alt\u0131 De\u011fne\u011fi&#8217; ni se\u00e7mek net bir mesaj iletir: i\u015fletmenizin kaliteye, g\u00fcvenilirli\u011fe ve kullan\u0131c\u0131 memnuniyetine her \u015feyden \u00f6nce de\u011fer verdi\u011fini. Sizi, \u00fcr\u00fcn tekliflerinizi y\u00fckseltmeye ve m\u00fc\u015fterilerinizi hassasiyet ve \u00f6zenle tasarlanm\u0131\u015f bir mobilite yard\u0131m\u0131 ile g\u00fc\u00e7lendirmeye davet ediyoruz. Kullan\u0131c\u0131lar\u0131n\u0131n ya\u015fam kalitesini art\u0131rmak i\u00e7in \u00f6zel olarak \u00fcretilmi\u015f bir \u00fcr\u00fcnle gelen fark\u0131 deneyimleyin.<\/div>\n<div><\/div>\n<p><div  id=\"btn_klavuz\"  class='avia-button-wrap av-av_button-96191b5f92373cd75bdb96ff197f0281-wrap avia-button-left  avia-builder-el-0  el_before_av_button  avia-builder-el-first '><a href='https:\/\/www.integramedikal.com\/magaza\/upload\/kilavuz\/82-pr-981-aluminyum-koltukalti-degnegi.pdf'  class='avia-button av-av_button-96191b5f92373cd75bdb96ff197f0281 av-link-btn avia-icon_select-yes-left-icon avia-size-medium avia-position-left avia-color-theme-color-highlight'  target=\"_blank\"  rel=\"noopener noreferrer\"  aria-label=\"Kullan\u0131m K\u0131lavuzu\"><span class='avia_button_icon avia_button_icon_left avia-svg-icon avia-font-svg_entypo-fontello' data-av_svg_icon='book-open' data-av_iconset='svg_entypo-fontello'><svg version=\"1.1\" xmlns=\"http:\/\/www.w3.org\/2000\/svg\" width=\"29\" height=\"32\" viewBox=\"0 0 29 32\" preserveAspectRatio=\"xMidYMid meet\" aria-labelledby='av-svg-title-1' aria-describedby='av-svg-desc-1' role=\"graphics-symbol\">\n<title id='av-svg-title-1'>Book-open<\/title>\n<desc id='av-svg-desc-1'>Book-open<\/desc>\n<path d=\"M10.88 19.584v2.176l-6.4-2.56v-2.176zM10.88 12.928v2.176l-6.4-2.56v-2.176zM28.096 1.856q0.704 0.384 0.704 1.344v20.48q0 1.088-1.024 1.472l-12.736 5.12q-0.256 0.064-0.32 0.064t-0.16 0.032-0.16 0.032-0.16-0.032-0.16-0.032l-0.32-0.064-12.736-5.12q-1.024-0.384-1.024-1.472v-20.48q0-0.96 0.704-1.344 0.704-0.512 1.472-0.192l12.224 4.928 12.224-4.928q0.768-0.32 1.472 0.192zM12.8 27.072v-17.92l-10.24-4.096v17.92zM26.24 22.976v-17.92l-10.24 4.096v17.92zM24.32 17.024v2.176l-6.4 2.56v-2.176zM24.32 10.368v2.176l-6.4 2.56v-2.176z\"><\/path>\n<\/svg><\/span><span class='avia_iconbox_title' >Kullan\u0131m K\u0131lavuzu<\/span><\/a><\/div> <div  id=\"btn_teknikbilgi\"  class='avia-button-wrap av-av_button-e069d87ec5d6298b9b6c476e2dc5aa4e-wrap avia-button-left  avia-builder-el-1  el_after_av_button  avia-builder-el-last '><a href='javascript:void(0);'  class='avia-button av-av_button-e069d87ec5d6298b9b6c476e2dc5aa4e av-link-btn avia-icon_select-yes-left-icon avia-size-medium avia-position-left avia-color-theme-color-highlight'   aria-label=\"Teknik Bilgi\"><span class='avia_button_icon avia_button_icon_left avia-svg-icon avia-font-svg_entypo-fontello' data-av_svg_icon='cog' data-av_iconset='svg_entypo-fontello'><svg version=\"1.1\" xmlns=\"http:\/\/www.w3.org\/2000\/svg\" width=\"27\" height=\"32\" viewBox=\"0 0 27 32\" preserveAspectRatio=\"xMidYMid meet\" aria-labelledby='av-svg-title-2' aria-describedby='av-svg-desc-2' role=\"graphics-symbol\">\n<title id='av-svg-title-2'>Cog<\/title>\n<desc id='av-svg-desc-2'>Cog<\/desc>\n<path d=\"M24.32 16q0 2.304 2.56 3.904-0.384 1.28-1.088 2.624-2.24-0.576-4.352 1.408-1.728 1.856-1.088 4.352-1.28 0.64-2.688 1.152-1.472-2.624-4.224-2.624t-4.224 2.624q-1.408-0.512-2.688-1.152 0.64-2.56-1.088-4.352-1.728-1.728-4.352-1.088-0.448-0.832-1.088-2.624 2.624-1.664 2.624-4.224 0-2.304-2.624-3.968 0.64-1.792 1.088-2.624 2.368 0.576 4.352-1.408 1.728-1.792 1.088-4.352 1.344-0.704 2.688-1.088 1.472 2.56 4.224 2.56t4.224-2.56q1.344 0.384 2.688 1.088-0.64 2.496 1.088 4.352 2.112 1.984 4.352 1.408 0.704 1.344 1.088 2.624-2.56 1.6-2.56 3.968zM13.44 21.824q2.432 0 4.128-1.696t1.696-4.128-1.696-4.16-4.128-1.728-4.128 1.728-1.696 4.16 1.696 4.128 4.128 1.696z\"><\/path>\n<\/svg><\/span><span class='avia_iconbox_title' >Teknik Bilgi<\/span><\/a><\/div><\/p>\n","protected":false},"excerpt":{"rendered":"<p>PR-981 Al\u00fcminyum Koltuk Alt\u0131 De\u011fne\u011fi, B2B al\u0131c\u0131lar\u0131n\u0131 ve ihtiyac\u0131 olanlara mobilite \u00e7\u00f6z\u00fcmleri sunan \u015firketleri hedefleyen \u00e7\u0131\u011f\u0131r a\u00e7an bir yeniliktir. Bu \u00fcr\u00fcn, yaln\u0131zca \u00fcst\u00fcn tasar\u0131m\u0131 ve i\u015flevselli\u011fi nedeniyle de\u011fil, ayn\u0131 zamanda kullan\u0131c\u0131 mobilite deste\u011fine benzersiz yakla\u015f\u0131m\u0131 nedeniyle de pazarda \u00f6ne \u00e7\u0131k\u0131yor. E\u015fsiz kaliteyi g\u00f6z \u00f6n\u00fcnde bulundurarak, kullan\u0131c\u0131lar\u0131n kritik ihtiya\u00e7lar\u0131n\u0131 kar\u015f\u0131layan, rahat ve g\u00fcvenilir bir hareket yard\u0131m\u0131 [&hellip;]<\/p>\n","protected":false},"featured_media":1682,"comment_status":"open","ping_status":"closed","template":"","meta":[],"product_brand":[],"product_cat":[600],"product_tag":[],"class_list":{"0":"post-1671","1":"product","2":"type-product","3":"status-publish","4":"has-post-thumbnail","6":"product_cat-yurume-gruplari","8":"first","9":"outofstock","10":"sale","11":"taxable","12":"shipping-taxable","13":"purchasable","14":"product-type-simple"},"yoast_head":"<!-- This site is optimized with the Yoast SEO plugin v27.4 - https:\/\/yoast.com\/product\/yoast-seo-wordpress\/ -->\n<title>PR-981 Al\u00fcminyum Koltukalt\u0131 De\u011fne\u011fi - \u0130ntegra Medikal | | Ma\u011faza<\/title>\n<meta name=\"robots\" content=\"index, follow, max-snippet:-1, max-image-preview:large, max-video-preview:-1\" \/>\n<link rel=\"canonical\" href=\"https:\/\/integramedikal.com\/magaza\/urun\/pr-981-aluminyum-koltukalti-degnegi\/\" \/>\n<meta property=\"og:locale\" content=\"tr_TR\" \/>\n<meta property=\"og:type\" content=\"article\" \/>\n<meta property=\"og:title\" content=\"PR-981 Al\u00fcminyum Koltukalt\u0131 De\u011fne\u011fi - \u0130ntegra Medikal | | Ma\u011faza\" \/>\n<meta property=\"og:description\" content=\"PR-981 Al\u00fcminyum Koltuk Alt\u0131 De\u011fne\u011fi, B2B al\u0131c\u0131lar\u0131n\u0131 ve ihtiyac\u0131 olanlara mobilite \u00e7\u00f6z\u00fcmleri sunan \u015firketleri hedefleyen \u00e7\u0131\u011f\u0131r a\u00e7an bir yeniliktir. Bu \u00fcr\u00fcn, yaln\u0131zca \u00fcst\u00fcn tasar\u0131m\u0131 ve i\u015flevselli\u011fi nedeniyle de\u011fil, ayn\u0131 zamanda kullan\u0131c\u0131 mobilite deste\u011fine benzersiz yakla\u015f\u0131m\u0131 nedeniyle de pazarda \u00f6ne \u00e7\u0131k\u0131yor. E\u015fsiz kaliteyi g\u00f6z \u00f6n\u00fcnde bulundurarak, kullan\u0131c\u0131lar\u0131n kritik ihtiya\u00e7lar\u0131n\u0131 kar\u015f\u0131layan, rahat ve g\u00fcvenilir bir hareket yard\u0131m\u0131 [&hellip;]\" \/>\n<meta property=\"og:url\" content=\"https:\/\/integramedikal.com\/magaza\/urun\/pr-981-aluminyum-koltukalti-degnegi\/\" \/>\n<meta property=\"og:site_name\" content=\"\u0130ntegra Medikal | | Ma\u011faza\" \/>\n<meta property=\"article:publisher\" content=\"https:\/\/www.facebook.com\/integramedikal1\" \/>\n<meta property=\"article:modified_time\" content=\"2026-02-26T14:38:12+00:00\" \/>\n<meta property=\"og:image\" content=\"https:\/\/integramedikal.com\/magaza\/wp-content\/uploads\/2025\/06\/fd5.jpg\" \/>\n\t<meta property=\"og:image:width\" content=\"900\" \/>\n\t<meta property=\"og:image:height\" content=\"900\" \/>\n\t<meta property=\"og:image:type\" content=\"image\/jpeg\" \/>\n<meta name=\"twitter:card\" content=\"summary_large_image\" \/>\n<meta name=\"twitter:site\" content=\"@integramedikal\" \/>\n<meta name=\"twitter:label1\" content=\"Tahmini okuma s\u00fcresi\" \/>\n\t<meta name=\"twitter:data1\" content=\"3 dakika\" \/>\n<script type=\"application\/ld+json\" class=\"yoast-schema-graph\">{\"@context\":\"https:\\\/\\\/schema.org\",\"@graph\":[{\"@type\":\"WebPage\",\"@id\":\"https:\\\/\\\/integramedikal.com\\\/magaza\\\/urun\\\/pr-981-aluminyum-koltukalti-degnegi\\\/\",\"url\":\"https:\\\/\\\/integramedikal.com\\\/magaza\\\/urun\\\/pr-981-aluminyum-koltukalti-degnegi\\\/\",\"name\":\"PR-981 Al\u00fcminyum Koltukalt\u0131 De\u011fne\u011fi - \u0130ntegra Medikal | | Ma\u011faza\",\"isPartOf\":{\"@id\":\"https:\\\/\\\/integramedikal.com\\\/magaza\\\/#website\"},\"primaryImageOfPage\":{\"@id\":\"https:\\\/\\\/integramedikal.com\\\/magaza\\\/urun\\\/pr-981-aluminyum-koltukalti-degnegi\\\/#primaryimage\"},\"image\":{\"@id\":\"https:\\\/\\\/integramedikal.com\\\/magaza\\\/urun\\\/pr-981-aluminyum-koltukalti-degnegi\\\/#primaryimage\"},\"thumbnailUrl\":\"https:\\\/\\\/integramedikal.com\\\/magaza\\\/wp-content\\\/uploads\\\/2025\\\/06\\\/fd5.jpg\",\"datePublished\":\"2025-06-02T20:30:23+00:00\",\"dateModified\":\"2026-02-26T14:38:12+00:00\",\"breadcrumb\":{\"@id\":\"https:\\\/\\\/integramedikal.com\\\/magaza\\\/urun\\\/pr-981-aluminyum-koltukalti-degnegi\\\/#breadcrumb\"},\"inLanguage\":\"tr\",\"potentialAction\":[{\"@type\":\"ReadAction\",\"target\":[\"https:\\\/\\\/integramedikal.com\\\/magaza\\\/urun\\\/pr-981-aluminyum-koltukalti-degnegi\\\/\"]}]},{\"@type\":\"ImageObject\",\"inLanguage\":\"tr\",\"@id\":\"https:\\\/\\\/integramedikal.com\\\/magaza\\\/urun\\\/pr-981-aluminyum-koltukalti-degnegi\\\/#primaryimage\",\"url\":\"https:\\\/\\\/integramedikal.com\\\/magaza\\\/wp-content\\\/uploads\\\/2025\\\/06\\\/fd5.jpg\",\"contentUrl\":\"https:\\\/\\\/integramedikal.com\\\/magaza\\\/wp-content\\\/uploads\\\/2025\\\/06\\\/fd5.jpg\",\"width\":900,\"height\":900},{\"@type\":\"BreadcrumbList\",\"@id\":\"https:\\\/\\\/integramedikal.com\\\/magaza\\\/urun\\\/pr-981-aluminyum-koltukalti-degnegi\\\/#breadcrumb\",\"itemListElement\":[{\"@type\":\"ListItem\",\"position\":1,\"name\":\"Anasayfa\",\"item\":\"https:\\\/\\\/integramedikal.com\\\/magaza\\\/anasayfa\\\/\"},{\"@type\":\"ListItem\",\"position\":2,\"name\":\"Shop\",\"item\":\"https:\\\/\\\/integramedikal.com\\\/magaza\\\/shop\\\/\"},{\"@type\":\"ListItem\",\"position\":3,\"name\":\"PR-981 Al\u00fcminyum Koltukalt\u0131 De\u011fne\u011fi\"}]},{\"@type\":\"WebSite\",\"@id\":\"https:\\\/\\\/integramedikal.com\\\/magaza\\\/#website\",\"url\":\"https:\\\/\\\/integramedikal.com\\\/magaza\\\/\",\"name\":\"\u0130ntegra Medikal < | | >Ma\u011faza\",\"description\":\"Sa\u011fl\u0131kta Kalite | Sekt\u00f6rde 25. Y\u0131l\",\"publisher\":{\"@id\":\"https:\\\/\\\/integramedikal.com\\\/magaza\\\/#organization\"},\"potentialAction\":[{\"@type\":\"SearchAction\",\"target\":{\"@type\":\"EntryPoint\",\"urlTemplate\":\"https:\\\/\\\/integramedikal.com\\\/magaza\\\/?s={search_term_string}\"},\"query-input\":{\"@type\":\"PropertyValueSpecification\",\"valueRequired\":true,\"valueName\":\"search_term_string\"}}],\"inLanguage\":\"tr\"},{\"@type\":\"Organization\",\"@id\":\"https:\\\/\\\/integramedikal.com\\\/magaza\\\/#organization\",\"name\":\"\u0130ntegra Medikal < | | >Ma\u011faza\",\"url\":\"https:\\\/\\\/integramedikal.com\\\/magaza\\\/\",\"logo\":{\"@type\":\"ImageObject\",\"inLanguage\":\"tr\",\"@id\":\"https:\\\/\\\/integramedikal.com\\\/magaza\\\/#\\\/schema\\\/logo\\\/image\\\/\",\"url\":\"https:\\\/\\\/integramedikal.com\\\/magaza\\\/wp-content\\\/uploads\\\/2025\\\/06\\\/integra-logo-1.png\",\"contentUrl\":\"https:\\\/\\\/integramedikal.com\\\/magaza\\\/wp-content\\\/uploads\\\/2025\\\/06\\\/integra-logo-1.png\",\"width\":340,\"height\":156,\"caption\":\"\u0130ntegra Medikal < | | >Ma\u011faza\"},\"image\":{\"@id\":\"https:\\\/\\\/integramedikal.com\\\/magaza\\\/#\\\/schema\\\/logo\\\/image\\\/\"},\"sameAs\":[\"https:\\\/\\\/www.facebook.com\\\/integramedikal1\",\"https:\\\/\\\/x.com\\\/integramedikal\",\"https:\\\/\\\/www.instagram.com\\\/integramedikal\\\/\",\"https:\\\/\\\/www.youtube.com\\\/user\\\/integramedikal\"]}]}<\/script>\n<!-- \/ Yoast SEO plugin. -->","yoast_head_json":{"title":"PR-981 Al\u00fcminyum Koltukalt\u0131 De\u011fne\u011fi - \u0130ntegra Medikal | | Ma\u011faza","robots":{"index":"index","follow":"follow","max-snippet":"max-snippet:-1","max-image-preview":"max-image-preview:large","max-video-preview":"max-video-preview:-1"},"canonical":"https:\/\/integramedikal.com\/magaza\/urun\/pr-981-aluminyum-koltukalti-degnegi\/","og_locale":"tr_TR","og_type":"article","og_title":"PR-981 Al\u00fcminyum Koltukalt\u0131 De\u011fne\u011fi - \u0130ntegra Medikal | | Ma\u011faza","og_description":"PR-981 Al\u00fcminyum Koltuk Alt\u0131 De\u011fne\u011fi, B2B al\u0131c\u0131lar\u0131n\u0131 ve ihtiyac\u0131 olanlara mobilite \u00e7\u00f6z\u00fcmleri sunan \u015firketleri hedefleyen \u00e7\u0131\u011f\u0131r a\u00e7an bir yeniliktir. Bu \u00fcr\u00fcn, yaln\u0131zca \u00fcst\u00fcn tasar\u0131m\u0131 ve i\u015flevselli\u011fi nedeniyle de\u011fil, ayn\u0131 zamanda kullan\u0131c\u0131 mobilite deste\u011fine benzersiz yakla\u015f\u0131m\u0131 nedeniyle de pazarda \u00f6ne \u00e7\u0131k\u0131yor. E\u015fsiz kaliteyi g\u00f6z \u00f6n\u00fcnde bulundurarak, kullan\u0131c\u0131lar\u0131n kritik ihtiya\u00e7lar\u0131n\u0131 kar\u015f\u0131layan, rahat ve g\u00fcvenilir bir hareket yard\u0131m\u0131 [&hellip;]","og_url":"https:\/\/integramedikal.com\/magaza\/urun\/pr-981-aluminyum-koltukalti-degnegi\/","og_site_name":"\u0130ntegra Medikal | | Ma\u011faza","article_publisher":"https:\/\/www.facebook.com\/integramedikal1","article_modified_time":"2026-02-26T14:38:12+00:00","og_image":[{"width":900,"height":900,"url":"https:\/\/integramedikal.com\/magaza\/wp-content\/uploads\/2025\/06\/fd5.jpg","type":"image\/jpeg"}],"twitter_card":"summary_large_image","twitter_site":"@integramedikal","twitter_misc":{"Tahmini okuma s\u00fcresi":"3 dakika"},"schema":{"@context":"https:\/\/schema.org","@graph":[{"@type":"WebPage","@id":"https:\/\/integramedikal.com\/magaza\/urun\/pr-981-aluminyum-koltukalti-degnegi\/","url":"https:\/\/integramedikal.com\/magaza\/urun\/pr-981-aluminyum-koltukalti-degnegi\/","name":"PR-981 Al\u00fcminyum Koltukalt\u0131 De\u011fne\u011fi - \u0130ntegra Medikal | | Ma\u011faza","isPartOf":{"@id":"https:\/\/integramedikal.com\/magaza\/#website"},"primaryImageOfPage":{"@id":"https:\/\/integramedikal.com\/magaza\/urun\/pr-981-aluminyum-koltukalti-degnegi\/#primaryimage"},"image":{"@id":"https:\/\/integramedikal.com\/magaza\/urun\/pr-981-aluminyum-koltukalti-degnegi\/#primaryimage"},"thumbnailUrl":"https:\/\/integramedikal.com\/magaza\/wp-content\/uploads\/2025\/06\/fd5.jpg","datePublished":"2025-06-02T20:30:23+00:00","dateModified":"2026-02-26T14:38:12+00:00","breadcrumb":{"@id":"https:\/\/integramedikal.com\/magaza\/urun\/pr-981-aluminyum-koltukalti-degnegi\/#breadcrumb"},"inLanguage":"tr","potentialAction":[{"@type":"ReadAction","target":["https:\/\/integramedikal.com\/magaza\/urun\/pr-981-aluminyum-koltukalti-degnegi\/"]}]},{"@type":"ImageObject","inLanguage":"tr","@id":"https:\/\/integramedikal.com\/magaza\/urun\/pr-981-aluminyum-koltukalti-degnegi\/#primaryimage","url":"https:\/\/integramedikal.com\/magaza\/wp-content\/uploads\/2025\/06\/fd5.jpg","contentUrl":"https:\/\/integramedikal.com\/magaza\/wp-content\/uploads\/2025\/06\/fd5.jpg","width":900,"height":900},{"@type":"BreadcrumbList","@id":"https:\/\/integramedikal.com\/magaza\/urun\/pr-981-aluminyum-koltukalti-degnegi\/#breadcrumb","itemListElement":[{"@type":"ListItem","position":1,"name":"Anasayfa","item":"https:\/\/integramedikal.com\/magaza\/anasayfa\/"},{"@type":"ListItem","position":2,"name":"Shop","item":"https:\/\/integramedikal.com\/magaza\/shop\/"},{"@type":"ListItem","position":3,"name":"PR-981 Al\u00fcminyum Koltukalt\u0131 De\u011fne\u011fi"}]},{"@type":"WebSite","@id":"https:\/\/integramedikal.com\/magaza\/#website","url":"https:\/\/integramedikal.com\/magaza\/","name":"\u0130ntegra Medikal < | | >Ma\u011faza","description":"Sa\u011fl\u0131kta Kalite | Sekt\u00f6rde 25. Y\u0131l","publisher":{"@id":"https:\/\/integramedikal.com\/magaza\/#organization"},"potentialAction":[{"@type":"SearchAction","target":{"@type":"EntryPoint","urlTemplate":"https:\/\/integramedikal.com\/magaza\/?s={search_term_string}"},"query-input":{"@type":"PropertyValueSpecification","valueRequired":true,"valueName":"search_term_string"}}],"inLanguage":"tr"},{"@type":"Organization","@id":"https:\/\/integramedikal.com\/magaza\/#organization","name":"\u0130ntegra Medikal < | | >Ma\u011faza","url":"https:\/\/integramedikal.com\/magaza\/","logo":{"@type":"ImageObject","inLanguage":"tr","@id":"https:\/\/integramedikal.com\/magaza\/#\/schema\/logo\/image\/","url":"https:\/\/integramedikal.com\/magaza\/wp-content\/uploads\/2025\/06\/integra-logo-1.png","contentUrl":"https:\/\/integramedikal.com\/magaza\/wp-content\/uploads\/2025\/06\/integra-logo-1.png","width":340,"height":156,"caption":"\u0130ntegra Medikal < | | >Ma\u011faza"},"image":{"@id":"https:\/\/integramedikal.com\/magaza\/#\/schema\/logo\/image\/"},"sameAs":["https:\/\/www.facebook.com\/integramedikal1","https:\/\/x.com\/integramedikal","https:\/\/www.instagram.com\/integramedikal\/","https:\/\/www.youtube.com\/user\/integramedikal"]}]}},"_links":{"self":[{"href":"https:\/\/integramedikal.com\/magaza\/wp-json\/wp\/v2\/product\/1671","targetHints":{"allow":["GET"]}}],"collection":[{"href":"https:\/\/integramedikal.com\/magaza\/wp-json\/wp\/v2\/product"}],"about":[{"href":"https:\/\/integramedikal.com\/magaza\/wp-json\/wp\/v2\/types\/product"}],"replies":[{"embeddable":true,"href":"https:\/\/integramedikal.com\/magaza\/wp-json\/wp\/v2\/comments?post=1671"}],"wp:featuredmedia":[{"embeddable":true,"href":"https:\/\/integramedikal.com\/magaza\/wp-json\/wp\/v2\/media\/1682"}],"wp:attachment":[{"href":"https:\/\/integramedikal.com\/magaza\/wp-json\/wp\/v2\/media?parent=1671"}],"wp:term":[{"taxonomy":"product_brand","embeddable":true,"href":"https:\/\/integramedikal.com\/magaza\/wp-json\/wp\/v2\/product_brand?post=1671"},{"taxonomy":"product_cat","embeddable":true,"href":"https:\/\/integramedikal.com\/magaza\/wp-json\/wp\/v2\/product_cat?post=1671"},{"taxonomy":"product_tag","embeddable":true,"href":"https:\/\/integramedikal.com\/magaza\/wp-json\/wp\/v2\/product_tag?post=1671"}],"curies":[{"name":"wp","href":"https:\/\/api.w.org\/{rel}","templated":true}]}}