{"id":1669,"date":"2025-06-02T23:30:23","date_gmt":"2025-06-02T20:30:23","guid":{"rendered":"https:\/\/integramedikal.com\/magaza\/?post_type=product&#038;p=1669"},"modified":"2026-02-26T17:31:12","modified_gmt":"2026-02-26T14:31:12","slug":"pr-911l-aluminyum-koltukalti-degnegi-l","status":"publish","type":"product","link":"https:\/\/integramedikal.com\/magaza\/urun\/pr-911l-aluminyum-koltukalti-degnegi-l\/","title":{"rendered":"PR-911L Al\u00fcminyum Koltukalt\u0131 De\u011fne\u011fi (L)"},"content":{"rendered":"<div>B2B sekt\u00f6r\u00fcne ve mobilite \u00e7\u00f6z\u00fcmlerine hizmet veren \u015firketlere hizmet vererek, ek deste\u011fe ihtiya\u00e7 duyanlar i\u00e7in bir tasar\u0131m zirvesi olan PR-911L Al\u00fcminyum Koltuk Alt\u0131 De\u011fne\u011fini (L) hassasiyetle haz\u0131rlanm\u0131\u015f bu koltuk alt\u0131 de\u011fne\u011fi, farkl\u0131 engelliler i\u00e7in ola\u011fan\u00fcst\u00fc yard\u0131mlar sa\u011flama taahh\u00fcd\u00fcn\u00fcn bir kan\u0131t\u0131d\u0131r. G\u00fc\u00e7, ekonomik de\u011fer ve g\u00fcvenilirli\u011fe odaklanan bu \u00fcr\u00fcn, mobilite yard\u0131mc\u0131lar\u0131 alan\u0131nda m\u00fckemmel bir teklif olarak duruyor.<\/div>\n<div><\/div>\n<div>Hem dayan\u0131kl\u0131l\u0131k hem de kullan\u0131c\u0131 tercihi g\u00f6z \u00f6n\u00fcnde bulundurularak tasarlanan koltuk alt\u0131 de\u011fne\u011fi, kullan\u0131c\u0131lar\u0131n\u0131n g\u00fcnl\u00fck hayatlar\u0131na sorunsuz bir \u015fekilde entegre olmas\u0131n\u0131 sa\u011fl\u0131yor. B2B pazar\u0131n\u0131n benzersiz taleplerini kar\u015f\u0131lamak i\u00e7in \u00f6zel olarak tasarlanm\u0131\u015f, en y\u00fcksek kalite standartlar\u0131n\u0131 kar\u015f\u0131layan bir i\u015flevsellik kar\u0131\u015f\u0131m\u0131d\u0131r. Kapsaml\u0131 \u00f6zelliklerini d\u00fc\u015f\u00fcnd\u00fc\u011f\u00fcm\u00fczde, de\u011ferinin, ki\u015finin hareketlili\u011finin g\u00fcvenilir bir uzant\u0131s\u0131 olarak hareket etmek i\u00e7in yaln\u0131zca faydan\u0131n \u00f6tesine ge\u00e7ti\u011fini g\u00f6r\u00fcyoruz.<\/div>\n<div><\/div>\n<div><b>E\u015fsiz G\u00fc\u00e7 ve Dayan\u0131kl\u0131l\u0131k<\/b><\/div>\n<div><b><br \/><\/b><\/div>\n<div>Her PR-911L Al\u00fcminyum Koltuk Alt\u0131 De\u011fne\u011fi (L), g\u00fcnl\u00fck kullan\u0131m\u0131n zorluklar\u0131na dayanan g\u00fc\u00e7l\u00fc bir g\u00f6vde yap\u0131s\u0131n\u0131 entegre ederek uzun s\u00fcre dayanacak \u015fekilde \u00fcretilmi\u015ftir. Koltuk alt\u0131 de\u011fneklerinde dayan\u0131kl\u0131l\u0131\u011f\u0131n \u00f6neminin fark\u0131nda olan bu model, \u00fcreticisinin uzun \u00f6m\u00fcrl\u00fcl\u00fc\u011f\u00fcne olan g\u00fcveninin bir g\u00f6stergesi olan 2 Y\u0131l Garanti ile g\u00f6n\u00fcl rahatl\u0131\u011f\u0131 sunuyor. Bu dayan\u0131kl\u0131l\u0131k, m\u00fc\u015fterileriniz i\u00e7in yaln\u0131zca bir sat\u0131n alma de\u011fil, ayn\u0131 zamanda uzun vadeli bir yat\u0131r\u0131m olan bir \u00fcr\u00fcne d\u00f6n\u00fc\u015f\u00fcr.<\/div>\n<div><\/div>\n<div>En y\u00fcksek standartlara uygunlu\u011fu sa\u011flayan koltuk alt\u0131 de\u011fne\u011fimizin zemine yap\u0131\u015fan,esnek, plastik ve de\u011fi\u015febilen sa\u011flam pabu\u00e7lu yap\u0131s\u0131yla emsaller taraf\u0131ndan \u00f6ne \u00e7\u0131kar. Bu \u00f6zelli\u011fi ile ayr\u0131ca ortopedik ameliyatlar sonras\u0131 bireylerin \u00e7evrelerinde geli\u015fmi\u015f bir g\u00fcvenlik duygusuyla gezinmelerine olanak tan\u0131yan g\u00fcvenilir bir performans sunarak iyile\u015fme s\u00fcre\u00e7lerini destekler. PR-911L Al\u00fcminyum Koltuk Alt\u0131 De\u011fne\u011finin yap\u0131sal b\u00fct\u00fcnl\u00fc\u011f\u00fc, mobilite yard\u0131m \u00e7\u00f6z\u00fcmlerinde kaliteli i\u015f\u00e7ili\u011fin a\u00e7\u0131k bir yans\u0131mas\u0131d\u0131r.<\/div>\n<div><\/div>\n<div><b>Ekonomik ve Amaca Uygun \u00c7\u00f6z\u00fcm<\/b><\/div>\n<div>PR-911L Al\u00fcminyum Koltuk Alt\u0131 De\u011fne\u011fi (L) kaliteden \u00f6d\u00fcn vermeyen ekonomik bir \u00fcr\u00fcn\u00fc temsil eder. Sat\u0131n al\u0131nabilirlik y\u00f6n\u00fc, \u00f6zellikle se\u00e7ici al\u0131c\u0131lar\u0131n bekledi\u011fi temel \u00f6zelliklerden \u00f6d\u00fcn vermeden maliyet verimlili\u011fine \u00f6ncelik veren i\u015fletmeler i\u00e7in \u00e7ok \u00f6nemlidir. B\u00f6yle bir denge, maliyetleri gereksiz yere \u015fi\u015firmeden m\u00fc\u015fterilerine de\u011fer sa\u011flamak isteyen B2B al\u0131c\u0131lar\u0131 i\u00e7in \u00e7ok \u00f6nemlidir.<\/div>\n<div><\/div>\n<div>Sa\u011fl\u0131k sekt\u00f6r\u00fcnde h\u0131zl\u0131 servis ihtiyac\u0131n\u0131 anlayan bu koltuk alt\u0131 de\u011fne\u011fi, \u00f6zel stre\u00e7li paketiyle h\u0131zl\u0131 \u015fekilde sevk edilerek hijyenik olarak ilk kullan\u0131ma sunulur. Sadece \u00fcst\u00fcn bir \u00fcr\u00fcn de\u011fil, ayn\u0131 zamanda i\u015fletmenizin ve hareketlilikleri ve ba\u011f\u0131ms\u0131zl\u0131klar\u0131 i\u00e7in ona ba\u011f\u0131ml\u0131 olan bireylerin acil taleplerini kar\u015f\u0131lamak i\u00e7in h\u0131zl\u0131 bir \u015fekilde gelen bir \u00fcr\u00fcn sunmaya kararl\u0131y\u0131z.<\/div>\n<div><\/div>\n<p><div  id=\"btn_klavuz\"  class='avia-button-wrap av-av_button-d24d1e96be7821f0b2b98a5607306902-wrap avia-button-left  avia-builder-el-0  el_before_av_button  avia-builder-el-first '><a href='https:\/\/www.integramedikal.com\/magaza\/upload\/kilavuz\/80-pr-911l-aluminyum-koltukalti-degnegi-l.pdf'  class='avia-button av-av_button-d24d1e96be7821f0b2b98a5607306902 av-link-btn avia-icon_select-yes-left-icon avia-size-medium avia-position-left avia-color-theme-color-highlight'  target=\"_blank\"  rel=\"noopener noreferrer\"  aria-label=\"Kullan\u0131m K\u0131lavuzu\"><span class='avia_button_icon avia_button_icon_left avia-svg-icon avia-font-svg_entypo-fontello' data-av_svg_icon='book-open' data-av_iconset='svg_entypo-fontello'><svg version=\"1.1\" xmlns=\"http:\/\/www.w3.org\/2000\/svg\" width=\"29\" height=\"32\" viewBox=\"0 0 29 32\" preserveAspectRatio=\"xMidYMid meet\" aria-labelledby='av-svg-title-1' aria-describedby='av-svg-desc-1' role=\"graphics-symbol\">\n<title id='av-svg-title-1'>Book-open<\/title>\n<desc id='av-svg-desc-1'>Book-open<\/desc>\n<path d=\"M10.88 19.584v2.176l-6.4-2.56v-2.176zM10.88 12.928v2.176l-6.4-2.56v-2.176zM28.096 1.856q0.704 0.384 0.704 1.344v20.48q0 1.088-1.024 1.472l-12.736 5.12q-0.256 0.064-0.32 0.064t-0.16 0.032-0.16 0.032-0.16-0.032-0.16-0.032l-0.32-0.064-12.736-5.12q-1.024-0.384-1.024-1.472v-20.48q0-0.96 0.704-1.344 0.704-0.512 1.472-0.192l12.224 4.928 12.224-4.928q0.768-0.32 1.472 0.192zM12.8 27.072v-17.92l-10.24-4.096v17.92zM26.24 22.976v-17.92l-10.24 4.096v17.92zM24.32 17.024v2.176l-6.4 2.56v-2.176zM24.32 10.368v2.176l-6.4 2.56v-2.176z\"><\/path>\n<\/svg><\/span><span class='avia_iconbox_title' >Kullan\u0131m K\u0131lavuzu<\/span><\/a><\/div> <div  id=\"btn_teknikbilgi\"  class='avia-button-wrap av-av_button-e069d87ec5d6298b9b6c476e2dc5aa4e-wrap avia-button-left  avia-builder-el-1  el_after_av_button  avia-builder-el-last '><a href='javascript:void(0);'  class='avia-button av-av_button-e069d87ec5d6298b9b6c476e2dc5aa4e av-link-btn avia-icon_select-yes-left-icon avia-size-medium avia-position-left avia-color-theme-color-highlight'   aria-label=\"Teknik Bilgi\"><span class='avia_button_icon avia_button_icon_left avia-svg-icon avia-font-svg_entypo-fontello' data-av_svg_icon='cog' data-av_iconset='svg_entypo-fontello'><svg version=\"1.1\" xmlns=\"http:\/\/www.w3.org\/2000\/svg\" width=\"27\" height=\"32\" viewBox=\"0 0 27 32\" preserveAspectRatio=\"xMidYMid meet\" aria-labelledby='av-svg-title-2' aria-describedby='av-svg-desc-2' role=\"graphics-symbol\">\n<title id='av-svg-title-2'>Cog<\/title>\n<desc id='av-svg-desc-2'>Cog<\/desc>\n<path d=\"M24.32 16q0 2.304 2.56 3.904-0.384 1.28-1.088 2.624-2.24-0.576-4.352 1.408-1.728 1.856-1.088 4.352-1.28 0.64-2.688 1.152-1.472-2.624-4.224-2.624t-4.224 2.624q-1.408-0.512-2.688-1.152 0.64-2.56-1.088-4.352-1.728-1.728-4.352-1.088-0.448-0.832-1.088-2.624 2.624-1.664 2.624-4.224 0-2.304-2.624-3.968 0.64-1.792 1.088-2.624 2.368 0.576 4.352-1.408 1.728-1.792 1.088-4.352 1.344-0.704 2.688-1.088 1.472 2.56 4.224 2.56t4.224-2.56q1.344 0.384 2.688 1.088-0.64 2.496 1.088 4.352 2.112 1.984 4.352 1.408 0.704 1.344 1.088 2.624-2.56 1.6-2.56 3.968zM13.44 21.824q2.432 0 4.128-1.696t1.696-4.128-1.696-4.16-4.128-1.728-4.128 1.728-1.696 4.16 1.696 4.128 4.128 1.696z\"><\/path>\n<\/svg><\/span><span class='avia_iconbox_title' >Teknik Bilgi<\/span><\/a><\/div><\/p>\n","protected":false},"excerpt":{"rendered":"<p>B2B sekt\u00f6r\u00fcne ve mobilite \u00e7\u00f6z\u00fcmlerine hizmet veren \u015firketlere hizmet vererek, ek deste\u011fe ihtiya\u00e7 duyanlar i\u00e7in bir tasar\u0131m zirvesi olan PR-911L Al\u00fcminyum Koltuk Alt\u0131 De\u011fne\u011fini (L) hassasiyetle haz\u0131rlanm\u0131\u015f bu koltuk alt\u0131 de\u011fne\u011fi, farkl\u0131 engelliler i\u00e7in ola\u011fan\u00fcst\u00fc yard\u0131mlar sa\u011flama taahh\u00fcd\u00fcn\u00fcn bir kan\u0131t\u0131d\u0131r. G\u00fc\u00e7, ekonomik de\u011fer ve g\u00fcvenilirli\u011fe odaklanan bu \u00fcr\u00fcn, mobilite yard\u0131mc\u0131lar\u0131 alan\u0131nda m\u00fckemmel bir teklif olarak [&hellip;]<\/p>\n","protected":false},"featured_media":1679,"comment_status":"open","ping_status":"closed","template":"","meta":[],"product_brand":[],"product_cat":[600],"product_tag":[],"class_list":{"0":"post-1669","1":"product","2":"type-product","3":"status-publish","4":"has-post-thumbnail","6":"product_cat-yurume-gruplari","8":"first","9":"outofstock","10":"sale","11":"taxable","12":"shipping-taxable","13":"purchasable","14":"product-type-simple"},"yoast_head":"<!-- This site is optimized with the Yoast SEO plugin v27.4 - https:\/\/yoast.com\/product\/yoast-seo-wordpress\/ -->\n<title>PR-911L Al\u00fcminyum Koltukalt\u0131 De\u011fne\u011fi (L) - \u0130ntegra Medikal | | Ma\u011faza<\/title>\n<meta name=\"robots\" content=\"index, follow, max-snippet:-1, max-image-preview:large, max-video-preview:-1\" \/>\n<link rel=\"canonical\" href=\"https:\/\/integramedikal.com\/magaza\/urun\/pr-911l-aluminyum-koltukalti-degnegi-l\/\" \/>\n<meta property=\"og:locale\" content=\"tr_TR\" \/>\n<meta property=\"og:type\" content=\"article\" \/>\n<meta property=\"og:title\" content=\"PR-911L Al\u00fcminyum Koltukalt\u0131 De\u011fne\u011fi (L) - \u0130ntegra Medikal | | Ma\u011faza\" \/>\n<meta property=\"og:description\" content=\"B2B sekt\u00f6r\u00fcne ve mobilite \u00e7\u00f6z\u00fcmlerine hizmet veren \u015firketlere hizmet vererek, ek deste\u011fe ihtiya\u00e7 duyanlar i\u00e7in bir tasar\u0131m zirvesi olan PR-911L Al\u00fcminyum Koltuk Alt\u0131 De\u011fne\u011fini (L) hassasiyetle haz\u0131rlanm\u0131\u015f bu koltuk alt\u0131 de\u011fne\u011fi, farkl\u0131 engelliler i\u00e7in ola\u011fan\u00fcst\u00fc yard\u0131mlar sa\u011flama taahh\u00fcd\u00fcn\u00fcn bir kan\u0131t\u0131d\u0131r. G\u00fc\u00e7, ekonomik de\u011fer ve g\u00fcvenilirli\u011fe odaklanan bu \u00fcr\u00fcn, mobilite yard\u0131mc\u0131lar\u0131 alan\u0131nda m\u00fckemmel bir teklif olarak [&hellip;]\" \/>\n<meta property=\"og:url\" content=\"https:\/\/integramedikal.com\/magaza\/urun\/pr-911l-aluminyum-koltukalti-degnegi-l\/\" \/>\n<meta property=\"og:site_name\" content=\"\u0130ntegra Medikal | | Ma\u011faza\" \/>\n<meta property=\"article:publisher\" content=\"https:\/\/www.facebook.com\/integramedikal1\" \/>\n<meta property=\"article:modified_time\" content=\"2026-02-26T14:31:12+00:00\" \/>\n<meta property=\"og:image\" content=\"https:\/\/integramedikal.com\/magaza\/wp-content\/uploads\/2025\/06\/PR-911L.jpg\" \/>\n\t<meta property=\"og:image:width\" content=\"900\" \/>\n\t<meta property=\"og:image:height\" content=\"900\" \/>\n\t<meta property=\"og:image:type\" content=\"image\/jpeg\" \/>\n<meta name=\"twitter:card\" content=\"summary_large_image\" \/>\n<meta name=\"twitter:site\" content=\"@integramedikal\" \/>\n<meta name=\"twitter:label1\" content=\"Tahmini okuma s\u00fcresi\" \/>\n\t<meta name=\"twitter:data1\" content=\"3 dakika\" \/>\n<script type=\"application\/ld+json\" class=\"yoast-schema-graph\">{\"@context\":\"https:\\\/\\\/schema.org\",\"@graph\":[{\"@type\":\"WebPage\",\"@id\":\"https:\\\/\\\/integramedikal.com\\\/magaza\\\/urun\\\/pr-911l-aluminyum-koltukalti-degnegi-l\\\/\",\"url\":\"https:\\\/\\\/integramedikal.com\\\/magaza\\\/urun\\\/pr-911l-aluminyum-koltukalti-degnegi-l\\\/\",\"name\":\"PR-911L Al\u00fcminyum Koltukalt\u0131 De\u011fne\u011fi (L) - \u0130ntegra Medikal | | Ma\u011faza\",\"isPartOf\":{\"@id\":\"https:\\\/\\\/integramedikal.com\\\/magaza\\\/#website\"},\"primaryImageOfPage\":{\"@id\":\"https:\\\/\\\/integramedikal.com\\\/magaza\\\/urun\\\/pr-911l-aluminyum-koltukalti-degnegi-l\\\/#primaryimage\"},\"image\":{\"@id\":\"https:\\\/\\\/integramedikal.com\\\/magaza\\\/urun\\\/pr-911l-aluminyum-koltukalti-degnegi-l\\\/#primaryimage\"},\"thumbnailUrl\":\"https:\\\/\\\/integramedikal.com\\\/magaza\\\/wp-content\\\/uploads\\\/2025\\\/06\\\/PR-911L.jpg\",\"datePublished\":\"2025-06-02T20:30:23+00:00\",\"dateModified\":\"2026-02-26T14:31:12+00:00\",\"breadcrumb\":{\"@id\":\"https:\\\/\\\/integramedikal.com\\\/magaza\\\/urun\\\/pr-911l-aluminyum-koltukalti-degnegi-l\\\/#breadcrumb\"},\"inLanguage\":\"tr\",\"potentialAction\":[{\"@type\":\"ReadAction\",\"target\":[\"https:\\\/\\\/integramedikal.com\\\/magaza\\\/urun\\\/pr-911l-aluminyum-koltukalti-degnegi-l\\\/\"]}]},{\"@type\":\"ImageObject\",\"inLanguage\":\"tr\",\"@id\":\"https:\\\/\\\/integramedikal.com\\\/magaza\\\/urun\\\/pr-911l-aluminyum-koltukalti-degnegi-l\\\/#primaryimage\",\"url\":\"https:\\\/\\\/integramedikal.com\\\/magaza\\\/wp-content\\\/uploads\\\/2025\\\/06\\\/PR-911L.jpg\",\"contentUrl\":\"https:\\\/\\\/integramedikal.com\\\/magaza\\\/wp-content\\\/uploads\\\/2025\\\/06\\\/PR-911L.jpg\",\"width\":900,\"height\":900},{\"@type\":\"BreadcrumbList\",\"@id\":\"https:\\\/\\\/integramedikal.com\\\/magaza\\\/urun\\\/pr-911l-aluminyum-koltukalti-degnegi-l\\\/#breadcrumb\",\"itemListElement\":[{\"@type\":\"ListItem\",\"position\":1,\"name\":\"Anasayfa\",\"item\":\"https:\\\/\\\/integramedikal.com\\\/magaza\\\/anasayfa\\\/\"},{\"@type\":\"ListItem\",\"position\":2,\"name\":\"Shop\",\"item\":\"https:\\\/\\\/integramedikal.com\\\/magaza\\\/shop\\\/\"},{\"@type\":\"ListItem\",\"position\":3,\"name\":\"PR-911L Al\u00fcminyum Koltukalt\u0131 De\u011fne\u011fi (L)\"}]},{\"@type\":\"WebSite\",\"@id\":\"https:\\\/\\\/integramedikal.com\\\/magaza\\\/#website\",\"url\":\"https:\\\/\\\/integramedikal.com\\\/magaza\\\/\",\"name\":\"\u0130ntegra Medikal < | | >Ma\u011faza\",\"description\":\"Sa\u011fl\u0131kta Kalite | Sekt\u00f6rde 25. Y\u0131l\",\"publisher\":{\"@id\":\"https:\\\/\\\/integramedikal.com\\\/magaza\\\/#organization\"},\"potentialAction\":[{\"@type\":\"SearchAction\",\"target\":{\"@type\":\"EntryPoint\",\"urlTemplate\":\"https:\\\/\\\/integramedikal.com\\\/magaza\\\/?s={search_term_string}\"},\"query-input\":{\"@type\":\"PropertyValueSpecification\",\"valueRequired\":true,\"valueName\":\"search_term_string\"}}],\"inLanguage\":\"tr\"},{\"@type\":\"Organization\",\"@id\":\"https:\\\/\\\/integramedikal.com\\\/magaza\\\/#organization\",\"name\":\"\u0130ntegra Medikal < | | >Ma\u011faza\",\"url\":\"https:\\\/\\\/integramedikal.com\\\/magaza\\\/\",\"logo\":{\"@type\":\"ImageObject\",\"inLanguage\":\"tr\",\"@id\":\"https:\\\/\\\/integramedikal.com\\\/magaza\\\/#\\\/schema\\\/logo\\\/image\\\/\",\"url\":\"https:\\\/\\\/integramedikal.com\\\/magaza\\\/wp-content\\\/uploads\\\/2025\\\/06\\\/integra-logo-1.png\",\"contentUrl\":\"https:\\\/\\\/integramedikal.com\\\/magaza\\\/wp-content\\\/uploads\\\/2025\\\/06\\\/integra-logo-1.png\",\"width\":340,\"height\":156,\"caption\":\"\u0130ntegra Medikal < | | >Ma\u011faza\"},\"image\":{\"@id\":\"https:\\\/\\\/integramedikal.com\\\/magaza\\\/#\\\/schema\\\/logo\\\/image\\\/\"},\"sameAs\":[\"https:\\\/\\\/www.facebook.com\\\/integramedikal1\",\"https:\\\/\\\/x.com\\\/integramedikal\",\"https:\\\/\\\/www.instagram.com\\\/integramedikal\\\/\",\"https:\\\/\\\/www.youtube.com\\\/user\\\/integramedikal\"]}]}<\/script>\n<!-- \/ Yoast SEO plugin. -->","yoast_head_json":{"title":"PR-911L Al\u00fcminyum Koltukalt\u0131 De\u011fne\u011fi (L) - \u0130ntegra Medikal | | Ma\u011faza","robots":{"index":"index","follow":"follow","max-snippet":"max-snippet:-1","max-image-preview":"max-image-preview:large","max-video-preview":"max-video-preview:-1"},"canonical":"https:\/\/integramedikal.com\/magaza\/urun\/pr-911l-aluminyum-koltukalti-degnegi-l\/","og_locale":"tr_TR","og_type":"article","og_title":"PR-911L Al\u00fcminyum Koltukalt\u0131 De\u011fne\u011fi (L) - \u0130ntegra Medikal | | Ma\u011faza","og_description":"B2B sekt\u00f6r\u00fcne ve mobilite \u00e7\u00f6z\u00fcmlerine hizmet veren \u015firketlere hizmet vererek, ek deste\u011fe ihtiya\u00e7 duyanlar i\u00e7in bir tasar\u0131m zirvesi olan PR-911L Al\u00fcminyum Koltuk Alt\u0131 De\u011fne\u011fini (L) hassasiyetle haz\u0131rlanm\u0131\u015f bu koltuk alt\u0131 de\u011fne\u011fi, farkl\u0131 engelliler i\u00e7in ola\u011fan\u00fcst\u00fc yard\u0131mlar sa\u011flama taahh\u00fcd\u00fcn\u00fcn bir kan\u0131t\u0131d\u0131r. G\u00fc\u00e7, ekonomik de\u011fer ve g\u00fcvenilirli\u011fe odaklanan bu \u00fcr\u00fcn, mobilite yard\u0131mc\u0131lar\u0131 alan\u0131nda m\u00fckemmel bir teklif olarak [&hellip;]","og_url":"https:\/\/integramedikal.com\/magaza\/urun\/pr-911l-aluminyum-koltukalti-degnegi-l\/","og_site_name":"\u0130ntegra Medikal | | Ma\u011faza","article_publisher":"https:\/\/www.facebook.com\/integramedikal1","article_modified_time":"2026-02-26T14:31:12+00:00","og_image":[{"width":900,"height":900,"url":"https:\/\/integramedikal.com\/magaza\/wp-content\/uploads\/2025\/06\/PR-911L.jpg","type":"image\/jpeg"}],"twitter_card":"summary_large_image","twitter_site":"@integramedikal","twitter_misc":{"Tahmini okuma s\u00fcresi":"3 dakika"},"schema":{"@context":"https:\/\/schema.org","@graph":[{"@type":"WebPage","@id":"https:\/\/integramedikal.com\/magaza\/urun\/pr-911l-aluminyum-koltukalti-degnegi-l\/","url":"https:\/\/integramedikal.com\/magaza\/urun\/pr-911l-aluminyum-koltukalti-degnegi-l\/","name":"PR-911L Al\u00fcminyum Koltukalt\u0131 De\u011fne\u011fi (L) - \u0130ntegra Medikal | | Ma\u011faza","isPartOf":{"@id":"https:\/\/integramedikal.com\/magaza\/#website"},"primaryImageOfPage":{"@id":"https:\/\/integramedikal.com\/magaza\/urun\/pr-911l-aluminyum-koltukalti-degnegi-l\/#primaryimage"},"image":{"@id":"https:\/\/integramedikal.com\/magaza\/urun\/pr-911l-aluminyum-koltukalti-degnegi-l\/#primaryimage"},"thumbnailUrl":"https:\/\/integramedikal.com\/magaza\/wp-content\/uploads\/2025\/06\/PR-911L.jpg","datePublished":"2025-06-02T20:30:23+00:00","dateModified":"2026-02-26T14:31:12+00:00","breadcrumb":{"@id":"https:\/\/integramedikal.com\/magaza\/urun\/pr-911l-aluminyum-koltukalti-degnegi-l\/#breadcrumb"},"inLanguage":"tr","potentialAction":[{"@type":"ReadAction","target":["https:\/\/integramedikal.com\/magaza\/urun\/pr-911l-aluminyum-koltukalti-degnegi-l\/"]}]},{"@type":"ImageObject","inLanguage":"tr","@id":"https:\/\/integramedikal.com\/magaza\/urun\/pr-911l-aluminyum-koltukalti-degnegi-l\/#primaryimage","url":"https:\/\/integramedikal.com\/magaza\/wp-content\/uploads\/2025\/06\/PR-911L.jpg","contentUrl":"https:\/\/integramedikal.com\/magaza\/wp-content\/uploads\/2025\/06\/PR-911L.jpg","width":900,"height":900},{"@type":"BreadcrumbList","@id":"https:\/\/integramedikal.com\/magaza\/urun\/pr-911l-aluminyum-koltukalti-degnegi-l\/#breadcrumb","itemListElement":[{"@type":"ListItem","position":1,"name":"Anasayfa","item":"https:\/\/integramedikal.com\/magaza\/anasayfa\/"},{"@type":"ListItem","position":2,"name":"Shop","item":"https:\/\/integramedikal.com\/magaza\/shop\/"},{"@type":"ListItem","position":3,"name":"PR-911L Al\u00fcminyum Koltukalt\u0131 De\u011fne\u011fi (L)"}]},{"@type":"WebSite","@id":"https:\/\/integramedikal.com\/magaza\/#website","url":"https:\/\/integramedikal.com\/magaza\/","name":"\u0130ntegra Medikal < | | >Ma\u011faza","description":"Sa\u011fl\u0131kta Kalite | Sekt\u00f6rde 25. Y\u0131l","publisher":{"@id":"https:\/\/integramedikal.com\/magaza\/#organization"},"potentialAction":[{"@type":"SearchAction","target":{"@type":"EntryPoint","urlTemplate":"https:\/\/integramedikal.com\/magaza\/?s={search_term_string}"},"query-input":{"@type":"PropertyValueSpecification","valueRequired":true,"valueName":"search_term_string"}}],"inLanguage":"tr"},{"@type":"Organization","@id":"https:\/\/integramedikal.com\/magaza\/#organization","name":"\u0130ntegra Medikal < | | >Ma\u011faza","url":"https:\/\/integramedikal.com\/magaza\/","logo":{"@type":"ImageObject","inLanguage":"tr","@id":"https:\/\/integramedikal.com\/magaza\/#\/schema\/logo\/image\/","url":"https:\/\/integramedikal.com\/magaza\/wp-content\/uploads\/2025\/06\/integra-logo-1.png","contentUrl":"https:\/\/integramedikal.com\/magaza\/wp-content\/uploads\/2025\/06\/integra-logo-1.png","width":340,"height":156,"caption":"\u0130ntegra Medikal < | | >Ma\u011faza"},"image":{"@id":"https:\/\/integramedikal.com\/magaza\/#\/schema\/logo\/image\/"},"sameAs":["https:\/\/www.facebook.com\/integramedikal1","https:\/\/x.com\/integramedikal","https:\/\/www.instagram.com\/integramedikal\/","https:\/\/www.youtube.com\/user\/integramedikal"]}]}},"_links":{"self":[{"href":"https:\/\/integramedikal.com\/magaza\/wp-json\/wp\/v2\/product\/1669","targetHints":{"allow":["GET"]}}],"collection":[{"href":"https:\/\/integramedikal.com\/magaza\/wp-json\/wp\/v2\/product"}],"about":[{"href":"https:\/\/integramedikal.com\/magaza\/wp-json\/wp\/v2\/types\/product"}],"replies":[{"embeddable":true,"href":"https:\/\/integramedikal.com\/magaza\/wp-json\/wp\/v2\/comments?post=1669"}],"wp:featuredmedia":[{"embeddable":true,"href":"https:\/\/integramedikal.com\/magaza\/wp-json\/wp\/v2\/media\/1679"}],"wp:attachment":[{"href":"https:\/\/integramedikal.com\/magaza\/wp-json\/wp\/v2\/media?parent=1669"}],"wp:term":[{"taxonomy":"product_brand","embeddable":true,"href":"https:\/\/integramedikal.com\/magaza\/wp-json\/wp\/v2\/product_brand?post=1669"},{"taxonomy":"product_cat","embeddable":true,"href":"https:\/\/integramedikal.com\/magaza\/wp-json\/wp\/v2\/product_cat?post=1669"},{"taxonomy":"product_tag","embeddable":true,"href":"https:\/\/integramedikal.com\/magaza\/wp-json\/wp\/v2\/product_tag?post=1669"}],"curies":[{"name":"wp","href":"https:\/\/api.w.org\/{rel}","templated":true}]}}