{"id":1668,"date":"2025-06-02T23:30:22","date_gmt":"2025-06-02T20:30:22","guid":{"rendered":"https:\/\/integramedikal.com\/magaza\/?post_type=product&#038;p=1668"},"modified":"2026-02-26T17:31:19","modified_gmt":"2026-02-26T14:31:19","slug":"pr-911m-aluminyum-koltukalti-degnegi-m","status":"publish","type":"product","link":"https:\/\/integramedikal.com\/magaza\/urun\/pr-911m-aluminyum-koltukalti-degnegi-m\/","title":{"rendered":"PR-911M Al\u00fcminyum Koltukalt\u0131 De\u011fne\u011fi (M)"},"content":{"rendered":"<div>PR-911M Al\u00fcminyum Koltuk Alt\u0131 De\u011fne\u011fi (M), mobiliteyi art\u0131rmak i\u00e7in \u00f6zel olarak tasarlanm\u0131\u015f ekonomik bir koltuk alt\u0131 de\u011fne\u011fidir. B2B sekt\u00f6r\u00fc ve yard\u0131mc\u0131 ekipman tedarik\u00e7ileri i\u00e7in \u00f6zel olarak tasarlanan bu orta boy koltuk alt\u0131 de\u011fne\u011fi sadece bir ara\u00e7 de\u011fil, ayn\u0131 zamanda engelliler i\u00e7in bir ba\u011f\u0131ms\u0131zl\u0131k i\u015faretidir. Sa\u011flam \u00f6zellikleri ve ekonomik fiyat\u0131 ile PR-911M, m\u00fc\u015fterilerine en kaliteli yard\u0131mc\u0131lar\u0131 sunmay\u0131 ama\u00e7layan i\u015fletmeler i\u00e7in ihtiyatl\u0131 bir sat\u0131n alma olarak \u00f6ne \u00e7\u0131k\u0131yor.<\/div>\n<div><\/div>\n<div>Hedef kitlesinin farkl\u0131 gereksinimlerini anlayan PR-911M, y\u00fcksek dayan\u0131kl\u0131l\u0131k ve konfor taleplerini kar\u015f\u0131lamak i\u00e7in titizlikle \u015fekillendirilmi\u015ftir. Kaliteye ve kullan\u0131c\u0131 memnuniyetine olan ba\u011fl\u0131l\u0131k, bu koltuk alt\u0131 de\u011fne\u011finin her alan\u0131nda a\u015fikard\u0131r ve bu da onu engellilik yard\u0131mc\u0131lar\u0131 pazar\u0131nda temel bir unsur haline getirir. H\u0131zl\u0131 da\u011f\u0131t\u0131ma olan ba\u011fl\u0131l\u0131\u011f\u0131, h\u0131zl\u0131 sevkiyat \u00fcr\u00fcn\u00fc olarak \u00fcn\u00fcn\u00fcn alt\u0131n\u0131 \u00e7izerek m\u00fc\u015fterilerinize an\u0131nda ula\u015fmas\u0131n\u0131 sa\u011flar.<\/div>\n<div><b><br \/><\/b><\/div>\n<div><b>Sars\u0131lmaz Kalite ve Destek<\/b><\/div>\n<div><b><br \/><\/b><\/div>\n<div>PR-911M&#8217;nin temel g\u00fcc\u00fc, g\u00fc\u00e7l\u00fc g\u00f6vde yap\u0131s\u0131nda yatar ve s\u0131n\u0131rl\u0131 hareket kabiliyetinin karma\u015f\u0131kl\u0131\u011f\u0131nda gezinen kullan\u0131c\u0131lara kararl\u0131 bir yol arkada\u015f\u0131 sunar. Y\u00fcksek kaliteli al\u00fcminyumdan \u00fcretilen koltuk de\u011fne\u011fi, kal\u0131c\u0131 performans\u0131na olan g\u00fcveni yans\u0131tan c\u00f6mert 2 y\u0131ll\u0131k garanti ile vurgulanan uzun s\u00fcreli destek vaat ediyor. Bu dayan\u0131kl\u0131 yap\u0131 kalitesi, son kullan\u0131c\u0131lar i\u00e7in g\u00fcvenilir bir m\u00fcttefik haline gelir ve zamana meydan okuyan sa\u011flam ancak hafif bir \u00e7er\u00e7eve sa\u011flar.<\/div>\n<div><\/div>\n<div>En y\u00fcksek standartlara uygunlu\u011fu sa\u011flayan koltuk alt\u0131 de\u011fne\u011fimizin zemine yap\u0131\u015fan,esnek, plastik ve de\u011fi\u015febilen sa\u011flam pabu\u00e7lu yap\u0131s\u0131yla emsaller taraf\u0131ndan \u00f6ne \u00e7\u0131kar. Bu \u00f6zelli\u011fi ile ayr\u0131ca ortopedik ameliyatlar sonras\u0131 bireylerin \u00e7evrelerinde geli\u015fmi\u015f bir g\u00fcvenlik duygusuyla gezinmelerine olanak tan\u0131yan g\u00fcvenilir bir performans sunarak iyile\u015fme s\u00fcre\u00e7lerini destekler. Kullan\u0131c\u0131 taraf\u0131ndan \u00f6nerilen PR-911M&#8217;yi m\u00fc\u015fterilerine g\u00fcvenilir engelli ara\u00e7lar\u0131 tedarik etmek isteyen herhangi bir B2B al\u0131c\u0131s\u0131 i\u00e7in ak\u0131ll\u0131ca bir yat\u0131r\u0131m olarak daha da sa\u011flamla\u015ft\u0131r\u0131r.<\/div>\n<div><\/div>\n<div><b>Ekonomi ve Verimlilik<\/b><\/div>\n<div><b><br \/><\/b><\/div>\n<div>Ticari m\u00fc\u015fterilerin pragmatik ihtiya\u00e7lar\u0131 ile uyumlu olan PR-911M Koltuk Alt\u0131 De\u011fne\u011fi, ekonomik olarak sa\u011flam olacak \u015fekilde tasarlanm\u0131\u015ft\u0131r. Paran\u0131n kar\u015f\u0131l\u0131\u011f\u0131n\u0131n \u00f6z\u00fcn\u00fc somutla\u015ft\u0131r\u0131r ve y\u00fcksek kalitenin fahi\u015f bir fiyat etiketi ile gelmesi gerekmedi\u011fini g\u00f6sterir. Bu ekonomik \u00fcr\u00fcn, premium modellerden yayg\u0131n olarak beklenen \u00f6zellikleri, gerekli finansal zorlama olmadan sa\u011flayan avantajl\u0131 bir sat\u0131n almay\u0131 temsil eder. Buna kar\u015f\u0131l\u0131k, i\u015fletmelerin bu maliyet etkinli\u011fini t\u00fcketiciye geni\u015fletmesine, iyi niyet ve m\u00fc\u015fteri sadakatini te\u015fvik etmesine olanak tan\u0131r.<\/div>\n<div><\/div>\n<div>Ayr\u0131ca, PR-911M Koltuk Alt\u0131 De\u011fne\u011finin h\u0131zl\u0131 teslimat\u0131, \u00fcreticilerinin verimlili\u011fe olan ba\u011fl\u0131l\u0131\u011f\u0131n\u0131n bir \u00f6rne\u011fidir. Sa\u011fl\u0131k sekt\u00f6r\u00fcnde h\u0131zl\u0131 servis ihtiyac\u0131n\u0131 anlayan bu koltuk alt\u0131 de\u011fne\u011fi, \u00f6zel stre\u00e7li paketiyle h\u0131zl\u0131 \u015fekilde sevk edilerek hijyenik olarak ilk kullan\u0131ma sunulur. H\u0131zl\u0131 da\u011f\u0131t\u0131ma odaklanmak, i\u015fletmelerin envanter ihtiya\u00e7lar\u0131n\u0131 h\u0131zl\u0131 bir \u015fekilde kar\u015f\u0131layabilmelerini sa\u011flayarak ar\u0131za s\u00fcresini azalt\u0131r ve onlara en \u00e7ok g\u00fcvenenlere s\u00fcrekli bir koltuk alt\u0131 de\u011fne\u011fi tedariki sa\u011flamalar\u0131na olanak tan\u0131r.<\/div>\n<div><\/div>\n<p><div  id=\"btn_klavuz\"  class='avia-button-wrap av-av_button-b7a3d656cd3ae95c7c66b8bb5a0ed668-wrap avia-button-left  avia-builder-el-0  el_before_av_button  avia-builder-el-first '><a href='https:\/\/www.integramedikal.com\/magaza\/upload\/kilavuz\/79-pr-911m-aluminyum-koltukalti-degnegi-m.pdf'  class='avia-button av-av_button-b7a3d656cd3ae95c7c66b8bb5a0ed668 av-link-btn avia-icon_select-yes-left-icon avia-size-medium avia-position-left avia-color-theme-color-highlight'  target=\"_blank\"  rel=\"noopener noreferrer\"  aria-label=\"Kullan\u0131m K\u0131lavuzu\"><span class='avia_button_icon avia_button_icon_left avia-svg-icon avia-font-svg_entypo-fontello' data-av_svg_icon='book-open' data-av_iconset='svg_entypo-fontello'><svg version=\"1.1\" xmlns=\"http:\/\/www.w3.org\/2000\/svg\" width=\"29\" height=\"32\" viewBox=\"0 0 29 32\" preserveAspectRatio=\"xMidYMid meet\" aria-labelledby='av-svg-title-1' aria-describedby='av-svg-desc-1' role=\"graphics-symbol\">\n<title id='av-svg-title-1'>Book-open<\/title>\n<desc id='av-svg-desc-1'>Book-open<\/desc>\n<path d=\"M10.88 19.584v2.176l-6.4-2.56v-2.176zM10.88 12.928v2.176l-6.4-2.56v-2.176zM28.096 1.856q0.704 0.384 0.704 1.344v20.48q0 1.088-1.024 1.472l-12.736 5.12q-0.256 0.064-0.32 0.064t-0.16 0.032-0.16 0.032-0.16-0.032-0.16-0.032l-0.32-0.064-12.736-5.12q-1.024-0.384-1.024-1.472v-20.48q0-0.96 0.704-1.344 0.704-0.512 1.472-0.192l12.224 4.928 12.224-4.928q0.768-0.32 1.472 0.192zM12.8 27.072v-17.92l-10.24-4.096v17.92zM26.24 22.976v-17.92l-10.24 4.096v17.92zM24.32 17.024v2.176l-6.4 2.56v-2.176zM24.32 10.368v2.176l-6.4 2.56v-2.176z\"><\/path>\n<\/svg><\/span><span class='avia_iconbox_title' >Kullan\u0131m K\u0131lavuzu<\/span><\/a><\/div> <div  id=\"btn_teknikbilgi\"  class='avia-button-wrap av-av_button-e069d87ec5d6298b9b6c476e2dc5aa4e-wrap avia-button-left  avia-builder-el-1  el_after_av_button  avia-builder-el-last '><a href='javascript:void(0);'  class='avia-button av-av_button-e069d87ec5d6298b9b6c476e2dc5aa4e av-link-btn avia-icon_select-yes-left-icon avia-size-medium avia-position-left avia-color-theme-color-highlight'   aria-label=\"Teknik Bilgi\"><span class='avia_button_icon avia_button_icon_left avia-svg-icon avia-font-svg_entypo-fontello' data-av_svg_icon='cog' data-av_iconset='svg_entypo-fontello'><svg version=\"1.1\" xmlns=\"http:\/\/www.w3.org\/2000\/svg\" width=\"27\" height=\"32\" viewBox=\"0 0 27 32\" preserveAspectRatio=\"xMidYMid meet\" aria-labelledby='av-svg-title-2' aria-describedby='av-svg-desc-2' role=\"graphics-symbol\">\n<title id='av-svg-title-2'>Cog<\/title>\n<desc id='av-svg-desc-2'>Cog<\/desc>\n<path d=\"M24.32 16q0 2.304 2.56 3.904-0.384 1.28-1.088 2.624-2.24-0.576-4.352 1.408-1.728 1.856-1.088 4.352-1.28 0.64-2.688 1.152-1.472-2.624-4.224-2.624t-4.224 2.624q-1.408-0.512-2.688-1.152 0.64-2.56-1.088-4.352-1.728-1.728-4.352-1.088-0.448-0.832-1.088-2.624 2.624-1.664 2.624-4.224 0-2.304-2.624-3.968 0.64-1.792 1.088-2.624 2.368 0.576 4.352-1.408 1.728-1.792 1.088-4.352 1.344-0.704 2.688-1.088 1.472 2.56 4.224 2.56t4.224-2.56q1.344 0.384 2.688 1.088-0.64 2.496 1.088 4.352 2.112 1.984 4.352 1.408 0.704 1.344 1.088 2.624-2.56 1.6-2.56 3.968zM13.44 21.824q2.432 0 4.128-1.696t1.696-4.128-1.696-4.16-4.128-1.728-4.128 1.728-1.696 4.16 1.696 4.128 4.128 1.696z\"><\/path>\n<\/svg><\/span><span class='avia_iconbox_title' >Teknik Bilgi<\/span><\/a><\/div><\/p>\n","protected":false},"excerpt":{"rendered":"<p>PR-911M Al\u00fcminyum Koltuk Alt\u0131 De\u011fne\u011fi (M), mobiliteyi art\u0131rmak i\u00e7in \u00f6zel olarak tasarlanm\u0131\u015f ekonomik bir koltuk alt\u0131 de\u011fne\u011fidir. B2B sekt\u00f6r\u00fc ve yard\u0131mc\u0131 ekipman tedarik\u00e7ileri i\u00e7in \u00f6zel olarak tasarlanan bu orta boy koltuk alt\u0131 de\u011fne\u011fi sadece bir ara\u00e7 de\u011fil, ayn\u0131 zamanda engelliler i\u00e7in bir ba\u011f\u0131ms\u0131zl\u0131k i\u015faretidir. Sa\u011flam \u00f6zellikleri ve ekonomik fiyat\u0131 ile PR-911M, m\u00fc\u015fterilerine en kaliteli yard\u0131mc\u0131lar\u0131 [&hellip;]<\/p>\n","protected":false},"featured_media":1678,"comment_status":"open","ping_status":"closed","template":"","meta":[],"product_brand":[],"product_cat":[600],"product_tag":[],"class_list":{"0":"post-1668","1":"product","2":"type-product","3":"status-publish","4":"has-post-thumbnail","6":"product_cat-yurume-gruplari","8":"first","9":"outofstock","10":"sale","11":"taxable","12":"shipping-taxable","13":"purchasable","14":"product-type-simple"},"yoast_head":"<!-- This site is optimized with the Yoast SEO plugin v27.4 - https:\/\/yoast.com\/product\/yoast-seo-wordpress\/ -->\n<title>PR-911M Al\u00fcminyum Koltukalt\u0131 De\u011fne\u011fi (M) - \u0130ntegra Medikal | | Ma\u011faza<\/title>\n<meta name=\"robots\" content=\"index, follow, max-snippet:-1, max-image-preview:large, max-video-preview:-1\" \/>\n<link rel=\"canonical\" href=\"https:\/\/integramedikal.com\/magaza\/urun\/pr-911m-aluminyum-koltukalti-degnegi-m\/\" \/>\n<meta property=\"og:locale\" content=\"tr_TR\" \/>\n<meta property=\"og:type\" content=\"article\" \/>\n<meta property=\"og:title\" content=\"PR-911M Al\u00fcminyum Koltukalt\u0131 De\u011fne\u011fi (M) - \u0130ntegra Medikal | | Ma\u011faza\" \/>\n<meta property=\"og:description\" content=\"PR-911M Al\u00fcminyum Koltuk Alt\u0131 De\u011fne\u011fi (M), mobiliteyi art\u0131rmak i\u00e7in \u00f6zel olarak tasarlanm\u0131\u015f ekonomik bir koltuk alt\u0131 de\u011fne\u011fidir. B2B sekt\u00f6r\u00fc ve yard\u0131mc\u0131 ekipman tedarik\u00e7ileri i\u00e7in \u00f6zel olarak tasarlanan bu orta boy koltuk alt\u0131 de\u011fne\u011fi sadece bir ara\u00e7 de\u011fil, ayn\u0131 zamanda engelliler i\u00e7in bir ba\u011f\u0131ms\u0131zl\u0131k i\u015faretidir. Sa\u011flam \u00f6zellikleri ve ekonomik fiyat\u0131 ile PR-911M, m\u00fc\u015fterilerine en kaliteli yard\u0131mc\u0131lar\u0131 [&hellip;]\" \/>\n<meta property=\"og:url\" content=\"https:\/\/integramedikal.com\/magaza\/urun\/pr-911m-aluminyum-koltukalti-degnegi-m\/\" \/>\n<meta property=\"og:site_name\" content=\"\u0130ntegra Medikal | | Ma\u011faza\" \/>\n<meta property=\"article:publisher\" content=\"https:\/\/www.facebook.com\/integramedikal1\" \/>\n<meta property=\"article:modified_time\" content=\"2026-02-26T14:31:19+00:00\" \/>\n<meta property=\"og:image\" content=\"https:\/\/integramedikal.com\/magaza\/wp-content\/uploads\/2025\/06\/PR-911M.jpg\" \/>\n\t<meta property=\"og:image:width\" content=\"900\" \/>\n\t<meta property=\"og:image:height\" content=\"900\" \/>\n\t<meta property=\"og:image:type\" content=\"image\/jpeg\" \/>\n<meta name=\"twitter:card\" content=\"summary_large_image\" \/>\n<meta name=\"twitter:site\" content=\"@integramedikal\" \/>\n<meta name=\"twitter:label1\" content=\"Tahmini okuma s\u00fcresi\" \/>\n\t<meta name=\"twitter:data1\" content=\"3 dakika\" \/>\n<script type=\"application\/ld+json\" class=\"yoast-schema-graph\">{\"@context\":\"https:\\\/\\\/schema.org\",\"@graph\":[{\"@type\":\"WebPage\",\"@id\":\"https:\\\/\\\/integramedikal.com\\\/magaza\\\/urun\\\/pr-911m-aluminyum-koltukalti-degnegi-m\\\/\",\"url\":\"https:\\\/\\\/integramedikal.com\\\/magaza\\\/urun\\\/pr-911m-aluminyum-koltukalti-degnegi-m\\\/\",\"name\":\"PR-911M Al\u00fcminyum Koltukalt\u0131 De\u011fne\u011fi (M) - \u0130ntegra Medikal | | Ma\u011faza\",\"isPartOf\":{\"@id\":\"https:\\\/\\\/integramedikal.com\\\/magaza\\\/#website\"},\"primaryImageOfPage\":{\"@id\":\"https:\\\/\\\/integramedikal.com\\\/magaza\\\/urun\\\/pr-911m-aluminyum-koltukalti-degnegi-m\\\/#primaryimage\"},\"image\":{\"@id\":\"https:\\\/\\\/integramedikal.com\\\/magaza\\\/urun\\\/pr-911m-aluminyum-koltukalti-degnegi-m\\\/#primaryimage\"},\"thumbnailUrl\":\"https:\\\/\\\/integramedikal.com\\\/magaza\\\/wp-content\\\/uploads\\\/2025\\\/06\\\/PR-911M.jpg\",\"datePublished\":\"2025-06-02T20:30:22+00:00\",\"dateModified\":\"2026-02-26T14:31:19+00:00\",\"breadcrumb\":{\"@id\":\"https:\\\/\\\/integramedikal.com\\\/magaza\\\/urun\\\/pr-911m-aluminyum-koltukalti-degnegi-m\\\/#breadcrumb\"},\"inLanguage\":\"tr\",\"potentialAction\":[{\"@type\":\"ReadAction\",\"target\":[\"https:\\\/\\\/integramedikal.com\\\/magaza\\\/urun\\\/pr-911m-aluminyum-koltukalti-degnegi-m\\\/\"]}]},{\"@type\":\"ImageObject\",\"inLanguage\":\"tr\",\"@id\":\"https:\\\/\\\/integramedikal.com\\\/magaza\\\/urun\\\/pr-911m-aluminyum-koltukalti-degnegi-m\\\/#primaryimage\",\"url\":\"https:\\\/\\\/integramedikal.com\\\/magaza\\\/wp-content\\\/uploads\\\/2025\\\/06\\\/PR-911M.jpg\",\"contentUrl\":\"https:\\\/\\\/integramedikal.com\\\/magaza\\\/wp-content\\\/uploads\\\/2025\\\/06\\\/PR-911M.jpg\",\"width\":900,\"height\":900},{\"@type\":\"BreadcrumbList\",\"@id\":\"https:\\\/\\\/integramedikal.com\\\/magaza\\\/urun\\\/pr-911m-aluminyum-koltukalti-degnegi-m\\\/#breadcrumb\",\"itemListElement\":[{\"@type\":\"ListItem\",\"position\":1,\"name\":\"Anasayfa\",\"item\":\"https:\\\/\\\/integramedikal.com\\\/magaza\\\/anasayfa\\\/\"},{\"@type\":\"ListItem\",\"position\":2,\"name\":\"Shop\",\"item\":\"https:\\\/\\\/integramedikal.com\\\/magaza\\\/shop\\\/\"},{\"@type\":\"ListItem\",\"position\":3,\"name\":\"PR-911M Al\u00fcminyum Koltukalt\u0131 De\u011fne\u011fi (M)\"}]},{\"@type\":\"WebSite\",\"@id\":\"https:\\\/\\\/integramedikal.com\\\/magaza\\\/#website\",\"url\":\"https:\\\/\\\/integramedikal.com\\\/magaza\\\/\",\"name\":\"\u0130ntegra Medikal < | | >Ma\u011faza\",\"description\":\"Sa\u011fl\u0131kta Kalite | Sekt\u00f6rde 25. Y\u0131l\",\"publisher\":{\"@id\":\"https:\\\/\\\/integramedikal.com\\\/magaza\\\/#organization\"},\"potentialAction\":[{\"@type\":\"SearchAction\",\"target\":{\"@type\":\"EntryPoint\",\"urlTemplate\":\"https:\\\/\\\/integramedikal.com\\\/magaza\\\/?s={search_term_string}\"},\"query-input\":{\"@type\":\"PropertyValueSpecification\",\"valueRequired\":true,\"valueName\":\"search_term_string\"}}],\"inLanguage\":\"tr\"},{\"@type\":\"Organization\",\"@id\":\"https:\\\/\\\/integramedikal.com\\\/magaza\\\/#organization\",\"name\":\"\u0130ntegra Medikal < | | >Ma\u011faza\",\"url\":\"https:\\\/\\\/integramedikal.com\\\/magaza\\\/\",\"logo\":{\"@type\":\"ImageObject\",\"inLanguage\":\"tr\",\"@id\":\"https:\\\/\\\/integramedikal.com\\\/magaza\\\/#\\\/schema\\\/logo\\\/image\\\/\",\"url\":\"https:\\\/\\\/integramedikal.com\\\/magaza\\\/wp-content\\\/uploads\\\/2025\\\/06\\\/integra-logo-1.png\",\"contentUrl\":\"https:\\\/\\\/integramedikal.com\\\/magaza\\\/wp-content\\\/uploads\\\/2025\\\/06\\\/integra-logo-1.png\",\"width\":340,\"height\":156,\"caption\":\"\u0130ntegra Medikal < | | >Ma\u011faza\"},\"image\":{\"@id\":\"https:\\\/\\\/integramedikal.com\\\/magaza\\\/#\\\/schema\\\/logo\\\/image\\\/\"},\"sameAs\":[\"https:\\\/\\\/www.facebook.com\\\/integramedikal1\",\"https:\\\/\\\/x.com\\\/integramedikal\",\"https:\\\/\\\/www.instagram.com\\\/integramedikal\\\/\",\"https:\\\/\\\/www.youtube.com\\\/user\\\/integramedikal\"]}]}<\/script>\n<!-- \/ Yoast SEO plugin. -->","yoast_head_json":{"title":"PR-911M Al\u00fcminyum Koltukalt\u0131 De\u011fne\u011fi (M) - \u0130ntegra Medikal | | Ma\u011faza","robots":{"index":"index","follow":"follow","max-snippet":"max-snippet:-1","max-image-preview":"max-image-preview:large","max-video-preview":"max-video-preview:-1"},"canonical":"https:\/\/integramedikal.com\/magaza\/urun\/pr-911m-aluminyum-koltukalti-degnegi-m\/","og_locale":"tr_TR","og_type":"article","og_title":"PR-911M Al\u00fcminyum Koltukalt\u0131 De\u011fne\u011fi (M) - \u0130ntegra Medikal | | Ma\u011faza","og_description":"PR-911M Al\u00fcminyum Koltuk Alt\u0131 De\u011fne\u011fi (M), mobiliteyi art\u0131rmak i\u00e7in \u00f6zel olarak tasarlanm\u0131\u015f ekonomik bir koltuk alt\u0131 de\u011fne\u011fidir. B2B sekt\u00f6r\u00fc ve yard\u0131mc\u0131 ekipman tedarik\u00e7ileri i\u00e7in \u00f6zel olarak tasarlanan bu orta boy koltuk alt\u0131 de\u011fne\u011fi sadece bir ara\u00e7 de\u011fil, ayn\u0131 zamanda engelliler i\u00e7in bir ba\u011f\u0131ms\u0131zl\u0131k i\u015faretidir. Sa\u011flam \u00f6zellikleri ve ekonomik fiyat\u0131 ile PR-911M, m\u00fc\u015fterilerine en kaliteli yard\u0131mc\u0131lar\u0131 [&hellip;]","og_url":"https:\/\/integramedikal.com\/magaza\/urun\/pr-911m-aluminyum-koltukalti-degnegi-m\/","og_site_name":"\u0130ntegra Medikal | | Ma\u011faza","article_publisher":"https:\/\/www.facebook.com\/integramedikal1","article_modified_time":"2026-02-26T14:31:19+00:00","og_image":[{"width":900,"height":900,"url":"https:\/\/integramedikal.com\/magaza\/wp-content\/uploads\/2025\/06\/PR-911M.jpg","type":"image\/jpeg"}],"twitter_card":"summary_large_image","twitter_site":"@integramedikal","twitter_misc":{"Tahmini okuma s\u00fcresi":"3 dakika"},"schema":{"@context":"https:\/\/schema.org","@graph":[{"@type":"WebPage","@id":"https:\/\/integramedikal.com\/magaza\/urun\/pr-911m-aluminyum-koltukalti-degnegi-m\/","url":"https:\/\/integramedikal.com\/magaza\/urun\/pr-911m-aluminyum-koltukalti-degnegi-m\/","name":"PR-911M Al\u00fcminyum Koltukalt\u0131 De\u011fne\u011fi (M) - \u0130ntegra Medikal | | Ma\u011faza","isPartOf":{"@id":"https:\/\/integramedikal.com\/magaza\/#website"},"primaryImageOfPage":{"@id":"https:\/\/integramedikal.com\/magaza\/urun\/pr-911m-aluminyum-koltukalti-degnegi-m\/#primaryimage"},"image":{"@id":"https:\/\/integramedikal.com\/magaza\/urun\/pr-911m-aluminyum-koltukalti-degnegi-m\/#primaryimage"},"thumbnailUrl":"https:\/\/integramedikal.com\/magaza\/wp-content\/uploads\/2025\/06\/PR-911M.jpg","datePublished":"2025-06-02T20:30:22+00:00","dateModified":"2026-02-26T14:31:19+00:00","breadcrumb":{"@id":"https:\/\/integramedikal.com\/magaza\/urun\/pr-911m-aluminyum-koltukalti-degnegi-m\/#breadcrumb"},"inLanguage":"tr","potentialAction":[{"@type":"ReadAction","target":["https:\/\/integramedikal.com\/magaza\/urun\/pr-911m-aluminyum-koltukalti-degnegi-m\/"]}]},{"@type":"ImageObject","inLanguage":"tr","@id":"https:\/\/integramedikal.com\/magaza\/urun\/pr-911m-aluminyum-koltukalti-degnegi-m\/#primaryimage","url":"https:\/\/integramedikal.com\/magaza\/wp-content\/uploads\/2025\/06\/PR-911M.jpg","contentUrl":"https:\/\/integramedikal.com\/magaza\/wp-content\/uploads\/2025\/06\/PR-911M.jpg","width":900,"height":900},{"@type":"BreadcrumbList","@id":"https:\/\/integramedikal.com\/magaza\/urun\/pr-911m-aluminyum-koltukalti-degnegi-m\/#breadcrumb","itemListElement":[{"@type":"ListItem","position":1,"name":"Anasayfa","item":"https:\/\/integramedikal.com\/magaza\/anasayfa\/"},{"@type":"ListItem","position":2,"name":"Shop","item":"https:\/\/integramedikal.com\/magaza\/shop\/"},{"@type":"ListItem","position":3,"name":"PR-911M Al\u00fcminyum Koltukalt\u0131 De\u011fne\u011fi (M)"}]},{"@type":"WebSite","@id":"https:\/\/integramedikal.com\/magaza\/#website","url":"https:\/\/integramedikal.com\/magaza\/","name":"\u0130ntegra Medikal < | | >Ma\u011faza","description":"Sa\u011fl\u0131kta Kalite | Sekt\u00f6rde 25. Y\u0131l","publisher":{"@id":"https:\/\/integramedikal.com\/magaza\/#organization"},"potentialAction":[{"@type":"SearchAction","target":{"@type":"EntryPoint","urlTemplate":"https:\/\/integramedikal.com\/magaza\/?s={search_term_string}"},"query-input":{"@type":"PropertyValueSpecification","valueRequired":true,"valueName":"search_term_string"}}],"inLanguage":"tr"},{"@type":"Organization","@id":"https:\/\/integramedikal.com\/magaza\/#organization","name":"\u0130ntegra Medikal < | | >Ma\u011faza","url":"https:\/\/integramedikal.com\/magaza\/","logo":{"@type":"ImageObject","inLanguage":"tr","@id":"https:\/\/integramedikal.com\/magaza\/#\/schema\/logo\/image\/","url":"https:\/\/integramedikal.com\/magaza\/wp-content\/uploads\/2025\/06\/integra-logo-1.png","contentUrl":"https:\/\/integramedikal.com\/magaza\/wp-content\/uploads\/2025\/06\/integra-logo-1.png","width":340,"height":156,"caption":"\u0130ntegra Medikal < | | >Ma\u011faza"},"image":{"@id":"https:\/\/integramedikal.com\/magaza\/#\/schema\/logo\/image\/"},"sameAs":["https:\/\/www.facebook.com\/integramedikal1","https:\/\/x.com\/integramedikal","https:\/\/www.instagram.com\/integramedikal\/","https:\/\/www.youtube.com\/user\/integramedikal"]}]}},"_links":{"self":[{"href":"https:\/\/integramedikal.com\/magaza\/wp-json\/wp\/v2\/product\/1668","targetHints":{"allow":["GET"]}}],"collection":[{"href":"https:\/\/integramedikal.com\/magaza\/wp-json\/wp\/v2\/product"}],"about":[{"href":"https:\/\/integramedikal.com\/magaza\/wp-json\/wp\/v2\/types\/product"}],"replies":[{"embeddable":true,"href":"https:\/\/integramedikal.com\/magaza\/wp-json\/wp\/v2\/comments?post=1668"}],"wp:featuredmedia":[{"embeddable":true,"href":"https:\/\/integramedikal.com\/magaza\/wp-json\/wp\/v2\/media\/1678"}],"wp:attachment":[{"href":"https:\/\/integramedikal.com\/magaza\/wp-json\/wp\/v2\/media?parent=1668"}],"wp:term":[{"taxonomy":"product_brand","embeddable":true,"href":"https:\/\/integramedikal.com\/magaza\/wp-json\/wp\/v2\/product_brand?post=1668"},{"taxonomy":"product_cat","embeddable":true,"href":"https:\/\/integramedikal.com\/magaza\/wp-json\/wp\/v2\/product_cat?post=1668"},{"taxonomy":"product_tag","embeddable":true,"href":"https:\/\/integramedikal.com\/magaza\/wp-json\/wp\/v2\/product_tag?post=1668"}],"curies":[{"name":"wp","href":"https:\/\/api.w.org\/{rel}","templated":true}]}}