{"id":1667,"date":"2025-06-02T23:30:22","date_gmt":"2025-06-02T20:30:22","guid":{"rendered":"https:\/\/integramedikal.com\/magaza\/?post_type=product&#038;p=1667"},"modified":"2026-02-18T15:48:26","modified_gmt":"2026-02-18T12:48:26","slug":"pr-911s-aluminyum-koltukalti-degnegi-s","status":"publish","type":"product","link":"https:\/\/integramedikal.com\/magaza\/urun\/pr-911s-aluminyum-koltukalti-degnegi-s\/","title":{"rendered":"PR-911S Al\u00fcminyum Koltukalt\u0131 De\u011fne\u011fi (S)"},"content":{"rendered":"<div>Hareket g\u00fc\u00e7l\u00fc\u011f\u00fc \u00e7eken bireylere hizmet veren i\u015fletmeler ve kurulu\u015flar i\u00e7in hassasiyetle tasarlanm\u0131\u015f son ekonomik bir koltuk alt\u0131 de\u011fne\u011fi olan PR-911S Al\u00fcminyum Koltuk Alt\u0131 De\u011fne\u011fi (S) ile tan\u0131\u015f\u0131n. Bu yenilik\u00e7i mobilite yard\u0131m\u0131, B2B pazar\u0131n\u0131n taleplerini kar\u015f\u0131lamak i\u00e7in \u00f6zel olarak tasarlanm\u0131\u015ft\u0131r ve \u015firketlere engelliler i\u00e7in birinci s\u0131n\u0131f ara\u00e7lar ve aksesuarlar sa\u011flad\u0131klar\u0131n\u0131 garanti eder. PR-911S sadece bir \u00fcr\u00fcn de\u011fil, dayan\u0131kl\u0131l\u0131k, destek ve ola\u011fan\u00fcst\u00fc kullan\u0131c\u0131 deneyimine olan ba\u011fl\u0131l\u0131\u011f\u0131d\u0131r.<\/div>\n<div><\/div>\n<div>Mobilite ve destek \u00e7\u00f6z\u00fcmlerimizin bir par\u00e7as\u0131 olarak, PR-911S Al\u00fcminyum Koltuk Alt\u0131 De\u011fne\u011fi (S), kullan\u0131c\u0131lar\u0131n\u0131n ya\u015fam kalitesini art\u0131rmaya y\u00f6nelik \u00f6zel tasar\u0131m\u0131yla \u00f6ne \u00e7\u0131k\u0131yor. Ekibimiz, t\u0131bbi yard\u0131m end\u00fcstrisinde g\u00fcvenilir, uzun \u00f6m\u00fcrl\u00fc ekipman ihtiyac\u0131n\u0131 anl\u0131yor. Bu koltuk alt\u0131 de\u011fne\u011fi, konfor ve denge sa\u011flarken titiz kullan\u0131ma dayanacak \u015fekilde \u00fcretilmi\u015ftir ve g\u00fcvenilirli\u011fin m\u00fc\u015fterileriniz i\u00e7in asla bir endi\u015fe kayna\u011f\u0131 olmamas\u0131n\u0131 sa\u011flar.<\/div>\n<div><\/div>\n<div><b>\u00dcr\u00fcn M\u00fckemmelli\u011fi ve G\u00fcvencesi<\/b><\/div>\n<div><b><br \/><\/b><\/div>\n<div>PR-911S Al\u00fcminyum Koltuk Alt\u0131 De\u011fne\u011fi (S), g\u00fc\u00e7l\u00fc g\u00f6vde yap\u0131s\u0131n\u0131n ve dayan\u0131kl\u0131l\u0131\u011f\u0131na duydu\u011fumuz g\u00fcvenin bir kan\u0131t\u0131 olan sa\u011flam bir 2 Y\u0131l Garanti ile birlikte gelir. Y\u00fcksek kaliteli yap\u0131s\u0131, g\u00fcnl\u00fck a\u015f\u0131nma ve y\u0131pranmaya dayanabilece\u011fini garanti ederek, \u00fcr\u00fcnlerinde uzun \u00f6m\u00fcr arayan i\u015fletmeler i\u00e7in kullan\u0131c\u0131 taraf\u0131ndan \u00f6nerilen bir se\u00e7imdir. Bu koltuk alt\u0131 de\u011fne\u011finin ekonomik olmas\u0131, i\u015fletmelerin kalite veya performanstan \u00f6d\u00fcn vermeden m\u00fc\u015fterilerine de\u011fer sa\u011flayabilmelerini sa\u011flar.<\/div>\n<div><\/div>\n<div>Bu birinci s\u0131n\u0131f koltuk alt\u0131 de\u011fne\u011fi sadece sa\u011flaml\u0131\u011f\u0131yla \u00f6ne \u00e7\u0131kmakla kalmaz, ayn\u0131 zamanda m\u00fc\u015fteri memnuniyetinde de \u00fcst s\u0131ralarda yer al\u0131r. En y\u00fcksek standartlara uygunlu\u011fu sa\u011flayan koltuk alt\u0131 de\u011fne\u011fimizin zemine yap\u0131\u015fan,esnek, plastik ve de\u011fi\u015febilen sa\u011flam pabu\u00e7lu yap\u0131s\u0131yla emsaller taraf\u0131ndan \u00f6ne \u00e7\u0131kar. Bu \u00f6zelli\u011fi ile ayr\u0131ca ortopedik ameliyatlar sonras\u0131 bireylerin \u00e7evrelerinde geli\u015fmi\u015f bir g\u00fcvenlik duygusuyla gezinmelerine olanak tan\u0131yan g\u00fcvenilir bir performans sunarak iyile\u015fme s\u00fcre\u00e7lerini destekler.<\/div>\n<div><\/div>\n<div><b>Hizmet ve Teslimat Taahh\u00fcd\u00fc<\/b><\/div>\n<div><b><br \/><\/b><\/div>\n<div>H\u0131zl\u0131 servis ihtiyac\u0131n\u0131 anlayarak, PR-911S Al\u00fcminyum Koltuk Alt\u0131 De\u011fnek (S) dahil olmak \u00fczere \u00fcr\u00fcnlerimizin h\u0131zl\u0131 sevkiyat\u0131n\u0131 sa\u011fl\u0131yoruz. H\u0131zl\u0131 sevkiyat s\u00fcrelerimiz, \u015firketlerin gerekli ekipman\u0131 gecikmeden teslim etmemiz i\u00e7in bize g\u00fcvenebilecekleri anlam\u0131na gelir ve bu da sunabilecekleri bak\u0131m d\u00fczeyinde s\u00fcreklili\u011fi kolayla\u015ft\u0131r\u0131r. Bu h\u0131zl\u0131 sevkiyat \u00fcr\u00fcn \u00f6zelli\u011fi, \u00f6rnek hizmet taahh\u00fcd\u00fcm\u00fcz\u00fcn ve B2B alan\u0131n\u0131n dinamik ihtiya\u00e7lar\u0131n\u0131 kar\u015f\u0131lamaya olan ba\u011fl\u0131l\u0131\u011f\u0131m\u0131z\u0131n alt\u0131n\u0131 \u00e7izmektedir.<\/div>\n<div><\/div>\n<div>PR-911S, kullan\u0131m kolayl\u0131\u011f\u0131 i\u00e7in tasarlanm\u0131\u015ft\u0131r ve i\u015fletmenizin envanteri i\u00e7in pratik ve verimli bir se\u00e7enek sunar. Etkili ve h\u0131zl\u0131 teslimat, bu koltuk alt\u0131 de\u011fne\u011finin ekonomik fiyatland\u0131rmas\u0131 ile birle\u015fti\u011finde, pazardaki en iyi se\u00e7im olarak konumunu sa\u011flamla\u015ft\u0131r\u0131yor. Tedari\u011finizin kalite ve uygunlukla uyumlu oldu\u011funu bilmek, m\u00fc\u015fterilerinizle g\u00fcvenilirli\u011finizi s\u00fcrd\u00fcrebilmenizi sa\u011flayarak daha g\u00fc\u00e7l\u00fc bir i\u015f ili\u015fkisini te\u015fvik etmenizi sa\u011flar.<\/div>\n<div><\/div>\n<p><div  id=\"btn_klavuz\"  class='avia-button-wrap av-av_button-90e515720fb28254e37e997440f5ca0e-wrap avia-button-left  avia-builder-el-0  el_before_av_button  avia-builder-el-first '><a href='https:\/\/www.integramedikal.com\/magaza\/upload\/kilavuz\/78-pr-911s-aluminyum-koltukalti-degnegi-s.pdf'  class='avia-button av-av_button-90e515720fb28254e37e997440f5ca0e av-link-btn avia-icon_select-yes-left-icon avia-size-medium avia-position-left avia-color-theme-color-highlight'  target=\"_blank\"  rel=\"noopener noreferrer\"  aria-label=\"Kullan\u0131m K\u0131lavuzu\"><span class='avia_button_icon avia_button_icon_left avia-svg-icon avia-font-svg_entypo-fontello' data-av_svg_icon='book-open' data-av_iconset='svg_entypo-fontello'><svg version=\"1.1\" xmlns=\"http:\/\/www.w3.org\/2000\/svg\" width=\"29\" height=\"32\" viewBox=\"0 0 29 32\" preserveAspectRatio=\"xMidYMid meet\" aria-labelledby='av-svg-title-1' aria-describedby='av-svg-desc-1' role=\"graphics-symbol\">\n<title id='av-svg-title-1'>Book-open<\/title>\n<desc id='av-svg-desc-1'>Book-open<\/desc>\n<path d=\"M10.88 19.584v2.176l-6.4-2.56v-2.176zM10.88 12.928v2.176l-6.4-2.56v-2.176zM28.096 1.856q0.704 0.384 0.704 1.344v20.48q0 1.088-1.024 1.472l-12.736 5.12q-0.256 0.064-0.32 0.064t-0.16 0.032-0.16 0.032-0.16-0.032-0.16-0.032l-0.32-0.064-12.736-5.12q-1.024-0.384-1.024-1.472v-20.48q0-0.96 0.704-1.344 0.704-0.512 1.472-0.192l12.224 4.928 12.224-4.928q0.768-0.32 1.472 0.192zM12.8 27.072v-17.92l-10.24-4.096v17.92zM26.24 22.976v-17.92l-10.24 4.096v17.92zM24.32 17.024v2.176l-6.4 2.56v-2.176zM24.32 10.368v2.176l-6.4 2.56v-2.176z\"><\/path>\n<\/svg><\/span><span class='avia_iconbox_title' >Kullan\u0131m K\u0131lavuzu<\/span><\/a><\/div> <div  id=\"btn_teknikbilgi\"  class='avia-button-wrap av-av_button-e069d87ec5d6298b9b6c476e2dc5aa4e-wrap avia-button-left  avia-builder-el-1  el_after_av_button  avia-builder-el-last '><a href='javascript:void(0);'  class='avia-button av-av_button-e069d87ec5d6298b9b6c476e2dc5aa4e av-link-btn avia-icon_select-yes-left-icon avia-size-medium avia-position-left avia-color-theme-color-highlight'   aria-label=\"Teknik Bilgi\"><span class='avia_button_icon avia_button_icon_left avia-svg-icon avia-font-svg_entypo-fontello' data-av_svg_icon='cog' data-av_iconset='svg_entypo-fontello'><svg version=\"1.1\" xmlns=\"http:\/\/www.w3.org\/2000\/svg\" width=\"27\" height=\"32\" viewBox=\"0 0 27 32\" preserveAspectRatio=\"xMidYMid meet\" aria-labelledby='av-svg-title-2' aria-describedby='av-svg-desc-2' role=\"graphics-symbol\">\n<title id='av-svg-title-2'>Cog<\/title>\n<desc id='av-svg-desc-2'>Cog<\/desc>\n<path d=\"M24.32 16q0 2.304 2.56 3.904-0.384 1.28-1.088 2.624-2.24-0.576-4.352 1.408-1.728 1.856-1.088 4.352-1.28 0.64-2.688 1.152-1.472-2.624-4.224-2.624t-4.224 2.624q-1.408-0.512-2.688-1.152 0.64-2.56-1.088-4.352-1.728-1.728-4.352-1.088-0.448-0.832-1.088-2.624 2.624-1.664 2.624-4.224 0-2.304-2.624-3.968 0.64-1.792 1.088-2.624 2.368 0.576 4.352-1.408 1.728-1.792 1.088-4.352 1.344-0.704 2.688-1.088 1.472 2.56 4.224 2.56t4.224-2.56q1.344 0.384 2.688 1.088-0.64 2.496 1.088 4.352 2.112 1.984 4.352 1.408 0.704 1.344 1.088 2.624-2.56 1.6-2.56 3.968zM13.44 21.824q2.432 0 4.128-1.696t1.696-4.128-1.696-4.16-4.128-1.728-4.128 1.728-1.696 4.16 1.696 4.128 4.128 1.696z\"><\/path>\n<\/svg><\/span><span class='avia_iconbox_title' >Teknik Bilgi<\/span><\/a><\/div><\/p>\n","protected":false},"excerpt":{"rendered":"<p>Hareket g\u00fc\u00e7l\u00fc\u011f\u00fc \u00e7eken bireylere hizmet veren i\u015fletmeler ve kurulu\u015flar i\u00e7in hassasiyetle tasarlanm\u0131\u015f son ekonomik bir koltuk alt\u0131 de\u011fne\u011fi olan PR-911S Al\u00fcminyum Koltuk Alt\u0131 De\u011fne\u011fi (S) ile tan\u0131\u015f\u0131n. Bu yenilik\u00e7i mobilite yard\u0131m\u0131, B2B pazar\u0131n\u0131n taleplerini kar\u015f\u0131lamak i\u00e7in \u00f6zel olarak tasarlanm\u0131\u015ft\u0131r ve \u015firketlere engelliler i\u00e7in birinci s\u0131n\u0131f ara\u00e7lar ve aksesuarlar sa\u011flad\u0131klar\u0131n\u0131 garanti eder. PR-911S sadece bir \u00fcr\u00fcn [&hellip;]<\/p>\n","protected":false},"featured_media":1677,"comment_status":"open","ping_status":"closed","template":"","meta":[],"product_brand":[],"product_cat":[600],"product_tag":[],"class_list":{"0":"post-1667","1":"product","2":"type-product","3":"status-publish","4":"has-post-thumbnail","6":"product_cat-yurume-gruplari","8":"first","9":"instock","10":"sale","11":"taxable","12":"shipping-taxable","13":"purchasable","14":"product-type-simple"},"yoast_head":"<!-- This site is optimized with the Yoast SEO plugin v27.4 - https:\/\/yoast.com\/product\/yoast-seo-wordpress\/ -->\n<title>PR-911S Al\u00fcminyum Koltukalt\u0131 De\u011fne\u011fi (S) - \u0130ntegra Medikal | | Ma\u011faza<\/title>\n<meta name=\"robots\" content=\"index, follow, max-snippet:-1, max-image-preview:large, max-video-preview:-1\" \/>\n<link rel=\"canonical\" href=\"https:\/\/integramedikal.com\/magaza\/urun\/pr-911s-aluminyum-koltukalti-degnegi-s\/\" \/>\n<meta property=\"og:locale\" content=\"tr_TR\" \/>\n<meta property=\"og:type\" content=\"article\" \/>\n<meta property=\"og:title\" content=\"PR-911S Al\u00fcminyum Koltukalt\u0131 De\u011fne\u011fi (S) - \u0130ntegra Medikal | | Ma\u011faza\" \/>\n<meta property=\"og:description\" content=\"Hareket g\u00fc\u00e7l\u00fc\u011f\u00fc \u00e7eken bireylere hizmet veren i\u015fletmeler ve kurulu\u015flar i\u00e7in hassasiyetle tasarlanm\u0131\u015f son ekonomik bir koltuk alt\u0131 de\u011fne\u011fi olan PR-911S Al\u00fcminyum Koltuk Alt\u0131 De\u011fne\u011fi (S) ile tan\u0131\u015f\u0131n. Bu yenilik\u00e7i mobilite yard\u0131m\u0131, B2B pazar\u0131n\u0131n taleplerini kar\u015f\u0131lamak i\u00e7in \u00f6zel olarak tasarlanm\u0131\u015ft\u0131r ve \u015firketlere engelliler i\u00e7in birinci s\u0131n\u0131f ara\u00e7lar ve aksesuarlar sa\u011flad\u0131klar\u0131n\u0131 garanti eder. PR-911S sadece bir \u00fcr\u00fcn [&hellip;]\" \/>\n<meta property=\"og:url\" content=\"https:\/\/integramedikal.com\/magaza\/urun\/pr-911s-aluminyum-koltukalti-degnegi-s\/\" \/>\n<meta property=\"og:site_name\" content=\"\u0130ntegra Medikal | | Ma\u011faza\" \/>\n<meta property=\"article:publisher\" content=\"https:\/\/www.facebook.com\/integramedikal1\" \/>\n<meta property=\"article:modified_time\" content=\"2026-02-18T12:48:26+00:00\" \/>\n<meta property=\"og:image\" content=\"https:\/\/integramedikal.com\/magaza\/wp-content\/uploads\/2025\/06\/PR-911S.jpg\" \/>\n\t<meta property=\"og:image:width\" content=\"900\" \/>\n\t<meta property=\"og:image:height\" content=\"900\" \/>\n\t<meta property=\"og:image:type\" content=\"image\/jpeg\" \/>\n<meta name=\"twitter:card\" content=\"summary_large_image\" \/>\n<meta name=\"twitter:site\" content=\"@integramedikal\" \/>\n<meta name=\"twitter:label1\" content=\"Tahmini okuma s\u00fcresi\" \/>\n\t<meta name=\"twitter:data1\" content=\"3 dakika\" \/>\n<script type=\"application\/ld+json\" class=\"yoast-schema-graph\">{\"@context\":\"https:\\\/\\\/schema.org\",\"@graph\":[{\"@type\":\"WebPage\",\"@id\":\"https:\\\/\\\/integramedikal.com\\\/magaza\\\/urun\\\/pr-911s-aluminyum-koltukalti-degnegi-s\\\/\",\"url\":\"https:\\\/\\\/integramedikal.com\\\/magaza\\\/urun\\\/pr-911s-aluminyum-koltukalti-degnegi-s\\\/\",\"name\":\"PR-911S Al\u00fcminyum Koltukalt\u0131 De\u011fne\u011fi (S) - \u0130ntegra Medikal | | Ma\u011faza\",\"isPartOf\":{\"@id\":\"https:\\\/\\\/integramedikal.com\\\/magaza\\\/#website\"},\"primaryImageOfPage\":{\"@id\":\"https:\\\/\\\/integramedikal.com\\\/magaza\\\/urun\\\/pr-911s-aluminyum-koltukalti-degnegi-s\\\/#primaryimage\"},\"image\":{\"@id\":\"https:\\\/\\\/integramedikal.com\\\/magaza\\\/urun\\\/pr-911s-aluminyum-koltukalti-degnegi-s\\\/#primaryimage\"},\"thumbnailUrl\":\"https:\\\/\\\/integramedikal.com\\\/magaza\\\/wp-content\\\/uploads\\\/2025\\\/06\\\/PR-911S.jpg\",\"datePublished\":\"2025-06-02T20:30:22+00:00\",\"dateModified\":\"2026-02-18T12:48:26+00:00\",\"breadcrumb\":{\"@id\":\"https:\\\/\\\/integramedikal.com\\\/magaza\\\/urun\\\/pr-911s-aluminyum-koltukalti-degnegi-s\\\/#breadcrumb\"},\"inLanguage\":\"tr\",\"potentialAction\":[{\"@type\":\"ReadAction\",\"target\":[\"https:\\\/\\\/integramedikal.com\\\/magaza\\\/urun\\\/pr-911s-aluminyum-koltukalti-degnegi-s\\\/\"]}]},{\"@type\":\"ImageObject\",\"inLanguage\":\"tr\",\"@id\":\"https:\\\/\\\/integramedikal.com\\\/magaza\\\/urun\\\/pr-911s-aluminyum-koltukalti-degnegi-s\\\/#primaryimage\",\"url\":\"https:\\\/\\\/integramedikal.com\\\/magaza\\\/wp-content\\\/uploads\\\/2025\\\/06\\\/PR-911S.jpg\",\"contentUrl\":\"https:\\\/\\\/integramedikal.com\\\/magaza\\\/wp-content\\\/uploads\\\/2025\\\/06\\\/PR-911S.jpg\",\"width\":900,\"height\":900},{\"@type\":\"BreadcrumbList\",\"@id\":\"https:\\\/\\\/integramedikal.com\\\/magaza\\\/urun\\\/pr-911s-aluminyum-koltukalti-degnegi-s\\\/#breadcrumb\",\"itemListElement\":[{\"@type\":\"ListItem\",\"position\":1,\"name\":\"Anasayfa\",\"item\":\"https:\\\/\\\/integramedikal.com\\\/magaza\\\/anasayfa\\\/\"},{\"@type\":\"ListItem\",\"position\":2,\"name\":\"Shop\",\"item\":\"https:\\\/\\\/integramedikal.com\\\/magaza\\\/shop\\\/\"},{\"@type\":\"ListItem\",\"position\":3,\"name\":\"PR-911S Al\u00fcminyum Koltukalt\u0131 De\u011fne\u011fi (S)\"}]},{\"@type\":\"WebSite\",\"@id\":\"https:\\\/\\\/integramedikal.com\\\/magaza\\\/#website\",\"url\":\"https:\\\/\\\/integramedikal.com\\\/magaza\\\/\",\"name\":\"\u0130ntegra Medikal < | | >Ma\u011faza\",\"description\":\"Sa\u011fl\u0131kta Kalite | Sekt\u00f6rde 25. Y\u0131l\",\"publisher\":{\"@id\":\"https:\\\/\\\/integramedikal.com\\\/magaza\\\/#organization\"},\"potentialAction\":[{\"@type\":\"SearchAction\",\"target\":{\"@type\":\"EntryPoint\",\"urlTemplate\":\"https:\\\/\\\/integramedikal.com\\\/magaza\\\/?s={search_term_string}\"},\"query-input\":{\"@type\":\"PropertyValueSpecification\",\"valueRequired\":true,\"valueName\":\"search_term_string\"}}],\"inLanguage\":\"tr\"},{\"@type\":\"Organization\",\"@id\":\"https:\\\/\\\/integramedikal.com\\\/magaza\\\/#organization\",\"name\":\"\u0130ntegra Medikal < | | >Ma\u011faza\",\"url\":\"https:\\\/\\\/integramedikal.com\\\/magaza\\\/\",\"logo\":{\"@type\":\"ImageObject\",\"inLanguage\":\"tr\",\"@id\":\"https:\\\/\\\/integramedikal.com\\\/magaza\\\/#\\\/schema\\\/logo\\\/image\\\/\",\"url\":\"https:\\\/\\\/integramedikal.com\\\/magaza\\\/wp-content\\\/uploads\\\/2025\\\/06\\\/integra-logo-1.png\",\"contentUrl\":\"https:\\\/\\\/integramedikal.com\\\/magaza\\\/wp-content\\\/uploads\\\/2025\\\/06\\\/integra-logo-1.png\",\"width\":340,\"height\":156,\"caption\":\"\u0130ntegra Medikal < | | >Ma\u011faza\"},\"image\":{\"@id\":\"https:\\\/\\\/integramedikal.com\\\/magaza\\\/#\\\/schema\\\/logo\\\/image\\\/\"},\"sameAs\":[\"https:\\\/\\\/www.facebook.com\\\/integramedikal1\",\"https:\\\/\\\/x.com\\\/integramedikal\",\"https:\\\/\\\/www.instagram.com\\\/integramedikal\\\/\",\"https:\\\/\\\/www.youtube.com\\\/user\\\/integramedikal\"]}]}<\/script>\n<!-- \/ Yoast SEO plugin. -->","yoast_head_json":{"title":"PR-911S Al\u00fcminyum Koltukalt\u0131 De\u011fne\u011fi (S) - \u0130ntegra Medikal | | Ma\u011faza","robots":{"index":"index","follow":"follow","max-snippet":"max-snippet:-1","max-image-preview":"max-image-preview:large","max-video-preview":"max-video-preview:-1"},"canonical":"https:\/\/integramedikal.com\/magaza\/urun\/pr-911s-aluminyum-koltukalti-degnegi-s\/","og_locale":"tr_TR","og_type":"article","og_title":"PR-911S Al\u00fcminyum Koltukalt\u0131 De\u011fne\u011fi (S) - \u0130ntegra Medikal | | Ma\u011faza","og_description":"Hareket g\u00fc\u00e7l\u00fc\u011f\u00fc \u00e7eken bireylere hizmet veren i\u015fletmeler ve kurulu\u015flar i\u00e7in hassasiyetle tasarlanm\u0131\u015f son ekonomik bir koltuk alt\u0131 de\u011fne\u011fi olan PR-911S Al\u00fcminyum Koltuk Alt\u0131 De\u011fne\u011fi (S) ile tan\u0131\u015f\u0131n. Bu yenilik\u00e7i mobilite yard\u0131m\u0131, B2B pazar\u0131n\u0131n taleplerini kar\u015f\u0131lamak i\u00e7in \u00f6zel olarak tasarlanm\u0131\u015ft\u0131r ve \u015firketlere engelliler i\u00e7in birinci s\u0131n\u0131f ara\u00e7lar ve aksesuarlar sa\u011flad\u0131klar\u0131n\u0131 garanti eder. PR-911S sadece bir \u00fcr\u00fcn [&hellip;]","og_url":"https:\/\/integramedikal.com\/magaza\/urun\/pr-911s-aluminyum-koltukalti-degnegi-s\/","og_site_name":"\u0130ntegra Medikal | | Ma\u011faza","article_publisher":"https:\/\/www.facebook.com\/integramedikal1","article_modified_time":"2026-02-18T12:48:26+00:00","og_image":[{"width":900,"height":900,"url":"https:\/\/integramedikal.com\/magaza\/wp-content\/uploads\/2025\/06\/PR-911S.jpg","type":"image\/jpeg"}],"twitter_card":"summary_large_image","twitter_site":"@integramedikal","twitter_misc":{"Tahmini okuma s\u00fcresi":"3 dakika"},"schema":{"@context":"https:\/\/schema.org","@graph":[{"@type":"WebPage","@id":"https:\/\/integramedikal.com\/magaza\/urun\/pr-911s-aluminyum-koltukalti-degnegi-s\/","url":"https:\/\/integramedikal.com\/magaza\/urun\/pr-911s-aluminyum-koltukalti-degnegi-s\/","name":"PR-911S Al\u00fcminyum Koltukalt\u0131 De\u011fne\u011fi (S) - \u0130ntegra Medikal | | Ma\u011faza","isPartOf":{"@id":"https:\/\/integramedikal.com\/magaza\/#website"},"primaryImageOfPage":{"@id":"https:\/\/integramedikal.com\/magaza\/urun\/pr-911s-aluminyum-koltukalti-degnegi-s\/#primaryimage"},"image":{"@id":"https:\/\/integramedikal.com\/magaza\/urun\/pr-911s-aluminyum-koltukalti-degnegi-s\/#primaryimage"},"thumbnailUrl":"https:\/\/integramedikal.com\/magaza\/wp-content\/uploads\/2025\/06\/PR-911S.jpg","datePublished":"2025-06-02T20:30:22+00:00","dateModified":"2026-02-18T12:48:26+00:00","breadcrumb":{"@id":"https:\/\/integramedikal.com\/magaza\/urun\/pr-911s-aluminyum-koltukalti-degnegi-s\/#breadcrumb"},"inLanguage":"tr","potentialAction":[{"@type":"ReadAction","target":["https:\/\/integramedikal.com\/magaza\/urun\/pr-911s-aluminyum-koltukalti-degnegi-s\/"]}]},{"@type":"ImageObject","inLanguage":"tr","@id":"https:\/\/integramedikal.com\/magaza\/urun\/pr-911s-aluminyum-koltukalti-degnegi-s\/#primaryimage","url":"https:\/\/integramedikal.com\/magaza\/wp-content\/uploads\/2025\/06\/PR-911S.jpg","contentUrl":"https:\/\/integramedikal.com\/magaza\/wp-content\/uploads\/2025\/06\/PR-911S.jpg","width":900,"height":900},{"@type":"BreadcrumbList","@id":"https:\/\/integramedikal.com\/magaza\/urun\/pr-911s-aluminyum-koltukalti-degnegi-s\/#breadcrumb","itemListElement":[{"@type":"ListItem","position":1,"name":"Anasayfa","item":"https:\/\/integramedikal.com\/magaza\/anasayfa\/"},{"@type":"ListItem","position":2,"name":"Shop","item":"https:\/\/integramedikal.com\/magaza\/shop\/"},{"@type":"ListItem","position":3,"name":"PR-911S Al\u00fcminyum Koltukalt\u0131 De\u011fne\u011fi (S)"}]},{"@type":"WebSite","@id":"https:\/\/integramedikal.com\/magaza\/#website","url":"https:\/\/integramedikal.com\/magaza\/","name":"\u0130ntegra Medikal < | | >Ma\u011faza","description":"Sa\u011fl\u0131kta Kalite | Sekt\u00f6rde 25. Y\u0131l","publisher":{"@id":"https:\/\/integramedikal.com\/magaza\/#organization"},"potentialAction":[{"@type":"SearchAction","target":{"@type":"EntryPoint","urlTemplate":"https:\/\/integramedikal.com\/magaza\/?s={search_term_string}"},"query-input":{"@type":"PropertyValueSpecification","valueRequired":true,"valueName":"search_term_string"}}],"inLanguage":"tr"},{"@type":"Organization","@id":"https:\/\/integramedikal.com\/magaza\/#organization","name":"\u0130ntegra Medikal < | | >Ma\u011faza","url":"https:\/\/integramedikal.com\/magaza\/","logo":{"@type":"ImageObject","inLanguage":"tr","@id":"https:\/\/integramedikal.com\/magaza\/#\/schema\/logo\/image\/","url":"https:\/\/integramedikal.com\/magaza\/wp-content\/uploads\/2025\/06\/integra-logo-1.png","contentUrl":"https:\/\/integramedikal.com\/magaza\/wp-content\/uploads\/2025\/06\/integra-logo-1.png","width":340,"height":156,"caption":"\u0130ntegra Medikal < | | >Ma\u011faza"},"image":{"@id":"https:\/\/integramedikal.com\/magaza\/#\/schema\/logo\/image\/"},"sameAs":["https:\/\/www.facebook.com\/integramedikal1","https:\/\/x.com\/integramedikal","https:\/\/www.instagram.com\/integramedikal\/","https:\/\/www.youtube.com\/user\/integramedikal"]}]}},"_links":{"self":[{"href":"https:\/\/integramedikal.com\/magaza\/wp-json\/wp\/v2\/product\/1667","targetHints":{"allow":["GET"]}}],"collection":[{"href":"https:\/\/integramedikal.com\/magaza\/wp-json\/wp\/v2\/product"}],"about":[{"href":"https:\/\/integramedikal.com\/magaza\/wp-json\/wp\/v2\/types\/product"}],"replies":[{"embeddable":true,"href":"https:\/\/integramedikal.com\/magaza\/wp-json\/wp\/v2\/comments?post=1667"}],"wp:featuredmedia":[{"embeddable":true,"href":"https:\/\/integramedikal.com\/magaza\/wp-json\/wp\/v2\/media\/1677"}],"wp:attachment":[{"href":"https:\/\/integramedikal.com\/magaza\/wp-json\/wp\/v2\/media?parent=1667"}],"wp:term":[{"taxonomy":"product_brand","embeddable":true,"href":"https:\/\/integramedikal.com\/magaza\/wp-json\/wp\/v2\/product_brand?post=1667"},{"taxonomy":"product_cat","embeddable":true,"href":"https:\/\/integramedikal.com\/magaza\/wp-json\/wp\/v2\/product_cat?post=1667"},{"taxonomy":"product_tag","embeddable":true,"href":"https:\/\/integramedikal.com\/magaza\/wp-json\/wp\/v2\/product_tag?post=1667"}],"curies":[{"name":"wp","href":"https:\/\/api.w.org\/{rel}","templated":true}]}}