{"id":1666,"date":"2025-06-02T23:30:22","date_gmt":"2025-06-02T20:30:22","guid":{"rendered":"https:\/\/integramedikal.com\/magaza\/?post_type=product&#038;p=1666"},"modified":"2026-02-18T15:49:47","modified_gmt":"2026-02-18T12:49:47","slug":"pr-603c-aluminyum-kanedyen","status":"publish","type":"product","link":"https:\/\/integramedikal.com\/magaza\/urun\/pr-603c-aluminyum-kanedyen\/","title":{"rendered":"PR-603C Al\u00fcminyum Kanedyen"},"content":{"rendered":"<div>PR-603C Al\u00fcminyum Kanedyen, gen\u00e7 demografi i\u00e7in \u00f6zel olarak haz\u0131rlanm\u0131\u015f, son derece g\u00fcvenilir ve iyi tasarlanm\u0131\u015f bir mobilite yard\u0131m\u0131 ile tan\u0131\u015f\u0131n. Bu \u00fcr\u00fcn, sa\u011flam yap\u0131s\u0131 ve zorluklarla kar\u015f\u0131la\u015fan \u00e7ocuklar\u0131n hareketlili\u011fini art\u0131rma taahh\u00fcd\u00fc ile pazarda \u00f6ne \u00e7\u0131k\u0131yor. B2B sekt\u00f6r\u00fcn\u00fcn ve engelli toplulu\u011funa hizmet veren kurulu\u015flar\u0131n ihtiya\u00e7lar\u0131na g\u00f6re uyarlanm\u0131\u015f \u015f\u0131k bir tasar\u0131ma sahip olan PR-603C, sadece bir Kanedyen koltuk de\u011fne\u011fi de\u011fil; T\u0131bbi yard\u0131mc\u0131 cihazlarda i\u015flevsellik ve tasar\u0131m ilerlemelerinin birle\u015ftirilmesinin bir kan\u0131t\u0131d\u0131r.<\/div>\n<div><\/div>\n<div>Yard\u0131mc\u0131 \u00fcr\u00fcnlerde g\u00fcvenilirli\u011fin anahtar oldu\u011funu anlayan PR-603C Al\u00fcminyum Kanedyen, g\u00fc\u00e7l\u00fc g\u00f6vde yap\u0131s\u0131na ve dayan\u0131kl\u0131l\u0131\u011f\u0131na olan g\u00fcveni g\u00f6steren 2 Y\u0131l Garanti ile birlikte gelir. Bu koltuk de\u011fne\u011finin yap\u0131s\u0131, gen\u00e7 kullan\u0131c\u0131ya konfor ve destek sa\u011flarken g\u00fcnl\u00fck kullan\u0131m zorluklar\u0131na dayanabilmesini sa\u011flar. Son kullan\u0131c\u0131 d\u00fc\u015f\u00fcn\u00fclerek tasarlanmas\u0131, ekonomik de\u011feri ve y\u00fcksek kalitesi, sat\u0131n alma s\u00fcre\u00e7lerinde hem kullan\u0131c\u0131 refah\u0131n\u0131 hem de maliyet y\u00f6netimini \u00f6n planda tutan kurulu\u015flar i\u00e7in ideal bir se\u00e7imdir.<\/div>\n<div><\/div>\n<div><b>Geli\u015fmi\u015f Mobilite i\u00e7in \u0130yile\u015ftirilmi\u015f Kalite<\/b><\/div>\n<div><b><br \/><\/b><\/div>\n<div>PR-603C Al\u00fcminyum Kanedyen koltuk de\u011fne\u011finin \u00f6z\u00fc, her \u00e7ocu\u011fun benzersiz ihtiya\u00e7lar\u0131na uyan, kullan\u0131c\u0131 taraf\u0131ndan \u00f6nerilen yap\u0131s\u0131nda yatmaktad\u0131r. Bu \u00fcr\u00fcn kategorisi sadece bir aksesuar de\u011fildir; \u0130stikrar ve ba\u011f\u0131ms\u0131zl\u0131k i\u00e7in onlara g\u00fcvenenlerin g\u00fcnl\u00fck ya\u015famlar\u0131n\u0131n ayr\u0131lmaz bir par\u00e7as\u0131d\u0131r. Bu koltuk alt\u0131 de\u011fne\u011finin ergonomik tasar\u0131m\u0131, kullan\u0131c\u0131lar\u0131n optimum kullan\u0131m i\u00e7in rafine edilmi\u015f bir aletle iyi bir \u015fekilde desteklenerek g\u00fcvenle d\u0131\u015far\u0131 \u00e7\u0131kabilmelerini sa\u011flar.<\/div>\n<div><\/div>\n<div>PR-603C&#8217;nin her y\u00f6n\u00fc, ki\u015fiye \u00f6zel ayarlamalar\u0131ndan maksimum konfor sunan koltuk alt\u0131 dolgusuna kadar \u00e7ocuklar d\u00fc\u015f\u00fcn\u00fclerek tasarlanm\u0131\u015ft\u0131r. Bu, \u00f6zg\u00fcrce hareket etmesi gereken aktif \u00e7ocuklar i\u00e7in \u00e7ok \u00f6nemli bir \u00f6zellik olan rahats\u0131zl\u0131k duymadan daha uzun s\u00fcreli kullan\u0131m\u0131 te\u015fvik eder. Bu koltuk de\u011fne\u011finin tasar\u0131m s\u00fcrecinde detaylara g\u00f6sterilen titizlik, gen\u00e7ler i\u00e7in benzersiz bir kullan\u0131c\u0131 deneyimi ile sonu\u00e7lan\u0131yor ve \u00e7evrelerinde kolayl\u0131kla ve g\u00fcvenle gezinmelerini sa\u011fl\u0131yor.<\/div>\n<div><\/div>\n<div><b>G\u00fcvenilirlik Verimlilikle Bulu\u015fuyor<\/b><\/div>\n<div><b><br \/><\/b><\/div>\n<div>\u00d6zel ihtiya\u00e7lar\u0131 olan toplulu\u011fa hizmet s\u00f6z konusu oldu\u011funda, h\u0131zl\u0131 ve etkili \u00e7\u00f6z\u00fcmler \u00e7ok \u00f6nemlidir. PR-603C Al\u00fcminyum Kanedyenin h\u0131zl\u0131 sevkiyat \u00fcr\u00fcn\u00fc olarak y\u00fcksek puan ald\u0131\u011f\u0131 noktalardan birisidir. Bu t\u00fcr temel hareketlilik yard\u0131mc\u0131lar\u0131n\u0131n h\u0131zl\u0131 bir \u015fekilde tedari\u011fi, deste\u011fe ihtiya\u00e7 duyan \u00e7ocuklar\u0131n ya\u015famlar\u0131nda \u00f6nemli bir fark yaratabilir. Bu ekonomik \u00fcr\u00fcn\u00fcn zaman\u0131nda teslim edilmesi, i\u015fletmelerin ve hizmet sa\u011flay\u0131c\u0131lar\u0131n m\u00fc\u015fterilerinin taleplerini gecikmeden kar\u015f\u0131layabilecek donan\u0131ma sahip olmas\u0131n\u0131 sa\u011flar.<\/div>\n<div><\/div>\n<div>\u00dcstelik ekonomik de\u011feri, kalitesinden veya sundu\u011fu destekten \u00f6d\u00fcn vermez. PR-603C, \u00e7ocu\u011fun sa\u011fl\u0131\u011f\u0131na ve bireyselli\u011fine yap\u0131lan yat\u0131r\u0131m\u0131n somut bir temsilidir. Kolayla\u015ft\u0131r\u0131lm\u0131\u015f, h\u0131zl\u0131 servis ve g\u00fc\u00e7l\u00fc bir garantinin deste\u011fiyle bu kanedyen koltuk de\u011fne\u011fi, verimlilik ve g\u00fcvenilirli\u011fin bir \u00f6rne\u011fidir. Engelli \u00e7ocuklar\u0131n refah\u0131na odaklanan perakendecilerin, toptanc\u0131lar\u0131n ve kurumlar\u0131n envanterine \u00f6nemli bir \u00fcr\u00fcnd\u00fcr.<\/div>\n<div><\/div>\n<div>PR-603C Al\u00fcminyum Kanedyen sadece yard\u0131mc\u0131 ortopedik \u00fcr\u00fcn de\u011fildir; Gen\u00e7 bireylerin ba\u011f\u0131ms\u0131zl\u0131k ve aktif ya\u015fama do\u011fru yolculu\u011funda da bir kolayla\u015ft\u0131r\u0131c\u0131 ve destekdir. \u0130htiya\u00e7 ve yenilik aras\u0131ndaki bo\u015flu\u011fu doldurarak, d\u00fc\u015f\u00fcnceli tasar\u0131m ve sa\u011flam yap\u0131 yoluyla daha iyi ya\u015fam kalitesi i\u00e7in bir yol olu\u015fturur. \u00d6nerilen \u00f6zellikleri ve ekonomik de\u011feri ile bu \u00fcr\u00fcn, \u00e7ocuk hareketlili\u011fi deste\u011fi alan\u0131nda \u00f6nemli bir yere sahiptir.<\/div>\n<div><\/div>\n<p><div  id=\"btn_klavuz\"  class='avia-button-wrap av-av_button-d1feed10b7f5f0e40b40755efe30df41-wrap avia-button-left  avia-builder-el-0  el_before_av_button  avia-builder-el-first '><a href='https:\/\/www.integramedikal.com\/magaza\/upload\/kilavuz\/77-pr-603c-aluminyum-kanedyen.pdf'  class='avia-button av-av_button-d1feed10b7f5f0e40b40755efe30df41 av-link-btn avia-icon_select-yes-left-icon avia-size-medium avia-position-left avia-color-theme-color-highlight'  target=\"_blank\"  rel=\"noopener noreferrer\"  aria-label=\"Kullan\u0131m K\u0131lavuzu\"><span class='avia_button_icon avia_button_icon_left avia-svg-icon avia-font-svg_entypo-fontello' data-av_svg_icon='book-open' data-av_iconset='svg_entypo-fontello'><svg version=\"1.1\" xmlns=\"http:\/\/www.w3.org\/2000\/svg\" width=\"29\" height=\"32\" viewBox=\"0 0 29 32\" preserveAspectRatio=\"xMidYMid meet\" aria-labelledby='av-svg-title-1' aria-describedby='av-svg-desc-1' role=\"graphics-symbol\">\n<title id='av-svg-title-1'>Book-open<\/title>\n<desc id='av-svg-desc-1'>Book-open<\/desc>\n<path d=\"M10.88 19.584v2.176l-6.4-2.56v-2.176zM10.88 12.928v2.176l-6.4-2.56v-2.176zM28.096 1.856q0.704 0.384 0.704 1.344v20.48q0 1.088-1.024 1.472l-12.736 5.12q-0.256 0.064-0.32 0.064t-0.16 0.032-0.16 0.032-0.16-0.032-0.16-0.032l-0.32-0.064-12.736-5.12q-1.024-0.384-1.024-1.472v-20.48q0-0.96 0.704-1.344 0.704-0.512 1.472-0.192l12.224 4.928 12.224-4.928q0.768-0.32 1.472 0.192zM12.8 27.072v-17.92l-10.24-4.096v17.92zM26.24 22.976v-17.92l-10.24 4.096v17.92zM24.32 17.024v2.176l-6.4 2.56v-2.176zM24.32 10.368v2.176l-6.4 2.56v-2.176z\"><\/path>\n<\/svg><\/span><span class='avia_iconbox_title' >Kullan\u0131m K\u0131lavuzu<\/span><\/a><\/div> <div  id=\"btn_teknikbilgi\"  class='avia-button-wrap av-av_button-e069d87ec5d6298b9b6c476e2dc5aa4e-wrap avia-button-left  avia-builder-el-1  el_after_av_button  avia-builder-el-last '><a href='javascript:void(0);'  class='avia-button av-av_button-e069d87ec5d6298b9b6c476e2dc5aa4e av-link-btn avia-icon_select-yes-left-icon avia-size-medium avia-position-left avia-color-theme-color-highlight'   aria-label=\"Teknik Bilgi\"><span class='avia_button_icon avia_button_icon_left avia-svg-icon avia-font-svg_entypo-fontello' data-av_svg_icon='cog' data-av_iconset='svg_entypo-fontello'><svg version=\"1.1\" xmlns=\"http:\/\/www.w3.org\/2000\/svg\" width=\"27\" height=\"32\" viewBox=\"0 0 27 32\" preserveAspectRatio=\"xMidYMid meet\" aria-labelledby='av-svg-title-2' aria-describedby='av-svg-desc-2' role=\"graphics-symbol\">\n<title id='av-svg-title-2'>Cog<\/title>\n<desc id='av-svg-desc-2'>Cog<\/desc>\n<path d=\"M24.32 16q0 2.304 2.56 3.904-0.384 1.28-1.088 2.624-2.24-0.576-4.352 1.408-1.728 1.856-1.088 4.352-1.28 0.64-2.688 1.152-1.472-2.624-4.224-2.624t-4.224 2.624q-1.408-0.512-2.688-1.152 0.64-2.56-1.088-4.352-1.728-1.728-4.352-1.088-0.448-0.832-1.088-2.624 2.624-1.664 2.624-4.224 0-2.304-2.624-3.968 0.64-1.792 1.088-2.624 2.368 0.576 4.352-1.408 1.728-1.792 1.088-4.352 1.344-0.704 2.688-1.088 1.472 2.56 4.224 2.56t4.224-2.56q1.344 0.384 2.688 1.088-0.64 2.496 1.088 4.352 2.112 1.984 4.352 1.408 0.704 1.344 1.088 2.624-2.56 1.6-2.56 3.968zM13.44 21.824q2.432 0 4.128-1.696t1.696-4.128-1.696-4.16-4.128-1.728-4.128 1.728-1.696 4.16 1.696 4.128 4.128 1.696z\"><\/path>\n<\/svg><\/span><span class='avia_iconbox_title' >Teknik Bilgi<\/span><\/a><\/div><\/p>\n","protected":false},"excerpt":{"rendered":"<p>PR-603C Al\u00fcminyum Kanedyen, gen\u00e7 demografi i\u00e7in \u00f6zel olarak haz\u0131rlanm\u0131\u015f, son derece g\u00fcvenilir ve iyi tasarlanm\u0131\u015f bir mobilite yard\u0131m\u0131 ile tan\u0131\u015f\u0131n. Bu \u00fcr\u00fcn, sa\u011flam yap\u0131s\u0131 ve zorluklarla kar\u015f\u0131la\u015fan \u00e7ocuklar\u0131n hareketlili\u011fini art\u0131rma taahh\u00fcd\u00fc ile pazarda \u00f6ne \u00e7\u0131k\u0131yor. B2B sekt\u00f6r\u00fcn\u00fcn ve engelli toplulu\u011funa hizmet veren kurulu\u015flar\u0131n ihtiya\u00e7lar\u0131na g\u00f6re uyarlanm\u0131\u015f \u015f\u0131k bir tasar\u0131ma sahip olan PR-603C, sadece bir Kanedyen [&hellip;]<\/p>\n","protected":false},"featured_media":1676,"comment_status":"open","ping_status":"closed","template":"","meta":[],"product_brand":[],"product_cat":[600],"product_tag":[],"class_list":{"0":"post-1666","1":"product","2":"type-product","3":"status-publish","4":"has-post-thumbnail","6":"product_cat-yurume-gruplari","8":"first","9":"instock","10":"sale","11":"taxable","12":"shipping-taxable","13":"purchasable","14":"product-type-simple"},"yoast_head":"<!-- This site is optimized with the Yoast SEO plugin v27.4 - https:\/\/yoast.com\/product\/yoast-seo-wordpress\/ -->\n<title>PR-603C Al\u00fcminyum Kanedyen - \u0130ntegra Medikal | | Ma\u011faza<\/title>\n<meta name=\"robots\" content=\"index, follow, max-snippet:-1, max-image-preview:large, max-video-preview:-1\" \/>\n<link rel=\"canonical\" href=\"https:\/\/integramedikal.com\/magaza\/urun\/pr-603c-aluminyum-kanedyen\/\" \/>\n<meta property=\"og:locale\" content=\"tr_TR\" \/>\n<meta property=\"og:type\" content=\"article\" \/>\n<meta property=\"og:title\" content=\"PR-603C Al\u00fcminyum Kanedyen - \u0130ntegra Medikal | | Ma\u011faza\" \/>\n<meta property=\"og:description\" content=\"PR-603C Al\u00fcminyum Kanedyen, gen\u00e7 demografi i\u00e7in \u00f6zel olarak haz\u0131rlanm\u0131\u015f, son derece g\u00fcvenilir ve iyi tasarlanm\u0131\u015f bir mobilite yard\u0131m\u0131 ile tan\u0131\u015f\u0131n. Bu \u00fcr\u00fcn, sa\u011flam yap\u0131s\u0131 ve zorluklarla kar\u015f\u0131la\u015fan \u00e7ocuklar\u0131n hareketlili\u011fini art\u0131rma taahh\u00fcd\u00fc ile pazarda \u00f6ne \u00e7\u0131k\u0131yor. B2B sekt\u00f6r\u00fcn\u00fcn ve engelli toplulu\u011funa hizmet veren kurulu\u015flar\u0131n ihtiya\u00e7lar\u0131na g\u00f6re uyarlanm\u0131\u015f \u015f\u0131k bir tasar\u0131ma sahip olan PR-603C, sadece bir Kanedyen [&hellip;]\" \/>\n<meta property=\"og:url\" content=\"https:\/\/integramedikal.com\/magaza\/urun\/pr-603c-aluminyum-kanedyen\/\" \/>\n<meta property=\"og:site_name\" content=\"\u0130ntegra Medikal | | Ma\u011faza\" \/>\n<meta property=\"article:publisher\" content=\"https:\/\/www.facebook.com\/integramedikal1\" \/>\n<meta property=\"article:modified_time\" content=\"2026-02-18T12:49:47+00:00\" \/>\n<meta property=\"og:image\" content=\"https:\/\/integramedikal.com\/magaza\/wp-content\/uploads\/2025\/06\/PR-603C.jpg\" \/>\n\t<meta property=\"og:image:width\" content=\"900\" \/>\n\t<meta property=\"og:image:height\" content=\"900\" \/>\n\t<meta property=\"og:image:type\" content=\"image\/jpeg\" \/>\n<meta name=\"twitter:card\" content=\"summary_large_image\" \/>\n<meta name=\"twitter:site\" content=\"@integramedikal\" \/>\n<meta name=\"twitter:label1\" content=\"Tahmini okuma s\u00fcresi\" \/>\n\t<meta name=\"twitter:data1\" content=\"4 dakika\" \/>\n<script type=\"application\/ld+json\" class=\"yoast-schema-graph\">{\"@context\":\"https:\\\/\\\/schema.org\",\"@graph\":[{\"@type\":\"WebPage\",\"@id\":\"https:\\\/\\\/integramedikal.com\\\/magaza\\\/urun\\\/pr-603c-aluminyum-kanedyen\\\/\",\"url\":\"https:\\\/\\\/integramedikal.com\\\/magaza\\\/urun\\\/pr-603c-aluminyum-kanedyen\\\/\",\"name\":\"PR-603C Al\u00fcminyum Kanedyen - \u0130ntegra Medikal | | Ma\u011faza\",\"isPartOf\":{\"@id\":\"https:\\\/\\\/integramedikal.com\\\/magaza\\\/#website\"},\"primaryImageOfPage\":{\"@id\":\"https:\\\/\\\/integramedikal.com\\\/magaza\\\/urun\\\/pr-603c-aluminyum-kanedyen\\\/#primaryimage\"},\"image\":{\"@id\":\"https:\\\/\\\/integramedikal.com\\\/magaza\\\/urun\\\/pr-603c-aluminyum-kanedyen\\\/#primaryimage\"},\"thumbnailUrl\":\"https:\\\/\\\/integramedikal.com\\\/magaza\\\/wp-content\\\/uploads\\\/2025\\\/06\\\/PR-603C.jpg\",\"datePublished\":\"2025-06-02T20:30:22+00:00\",\"dateModified\":\"2026-02-18T12:49:47+00:00\",\"breadcrumb\":{\"@id\":\"https:\\\/\\\/integramedikal.com\\\/magaza\\\/urun\\\/pr-603c-aluminyum-kanedyen\\\/#breadcrumb\"},\"inLanguage\":\"tr\",\"potentialAction\":[{\"@type\":\"ReadAction\",\"target\":[\"https:\\\/\\\/integramedikal.com\\\/magaza\\\/urun\\\/pr-603c-aluminyum-kanedyen\\\/\"]}]},{\"@type\":\"ImageObject\",\"inLanguage\":\"tr\",\"@id\":\"https:\\\/\\\/integramedikal.com\\\/magaza\\\/urun\\\/pr-603c-aluminyum-kanedyen\\\/#primaryimage\",\"url\":\"https:\\\/\\\/integramedikal.com\\\/magaza\\\/wp-content\\\/uploads\\\/2025\\\/06\\\/PR-603C.jpg\",\"contentUrl\":\"https:\\\/\\\/integramedikal.com\\\/magaza\\\/wp-content\\\/uploads\\\/2025\\\/06\\\/PR-603C.jpg\",\"width\":900,\"height\":900},{\"@type\":\"BreadcrumbList\",\"@id\":\"https:\\\/\\\/integramedikal.com\\\/magaza\\\/urun\\\/pr-603c-aluminyum-kanedyen\\\/#breadcrumb\",\"itemListElement\":[{\"@type\":\"ListItem\",\"position\":1,\"name\":\"Anasayfa\",\"item\":\"https:\\\/\\\/integramedikal.com\\\/magaza\\\/anasayfa\\\/\"},{\"@type\":\"ListItem\",\"position\":2,\"name\":\"Shop\",\"item\":\"https:\\\/\\\/integramedikal.com\\\/magaza\\\/shop\\\/\"},{\"@type\":\"ListItem\",\"position\":3,\"name\":\"PR-603C Al\u00fcminyum Kanedyen\"}]},{\"@type\":\"WebSite\",\"@id\":\"https:\\\/\\\/integramedikal.com\\\/magaza\\\/#website\",\"url\":\"https:\\\/\\\/integramedikal.com\\\/magaza\\\/\",\"name\":\"\u0130ntegra Medikal < | | >Ma\u011faza\",\"description\":\"Sa\u011fl\u0131kta Kalite | Sekt\u00f6rde 25. Y\u0131l\",\"publisher\":{\"@id\":\"https:\\\/\\\/integramedikal.com\\\/magaza\\\/#organization\"},\"potentialAction\":[{\"@type\":\"SearchAction\",\"target\":{\"@type\":\"EntryPoint\",\"urlTemplate\":\"https:\\\/\\\/integramedikal.com\\\/magaza\\\/?s={search_term_string}\"},\"query-input\":{\"@type\":\"PropertyValueSpecification\",\"valueRequired\":true,\"valueName\":\"search_term_string\"}}],\"inLanguage\":\"tr\"},{\"@type\":\"Organization\",\"@id\":\"https:\\\/\\\/integramedikal.com\\\/magaza\\\/#organization\",\"name\":\"\u0130ntegra Medikal < | | >Ma\u011faza\",\"url\":\"https:\\\/\\\/integramedikal.com\\\/magaza\\\/\",\"logo\":{\"@type\":\"ImageObject\",\"inLanguage\":\"tr\",\"@id\":\"https:\\\/\\\/integramedikal.com\\\/magaza\\\/#\\\/schema\\\/logo\\\/image\\\/\",\"url\":\"https:\\\/\\\/integramedikal.com\\\/magaza\\\/wp-content\\\/uploads\\\/2025\\\/06\\\/integra-logo-1.png\",\"contentUrl\":\"https:\\\/\\\/integramedikal.com\\\/magaza\\\/wp-content\\\/uploads\\\/2025\\\/06\\\/integra-logo-1.png\",\"width\":340,\"height\":156,\"caption\":\"\u0130ntegra Medikal < | | >Ma\u011faza\"},\"image\":{\"@id\":\"https:\\\/\\\/integramedikal.com\\\/magaza\\\/#\\\/schema\\\/logo\\\/image\\\/\"},\"sameAs\":[\"https:\\\/\\\/www.facebook.com\\\/integramedikal1\",\"https:\\\/\\\/x.com\\\/integramedikal\",\"https:\\\/\\\/www.instagram.com\\\/integramedikal\\\/\",\"https:\\\/\\\/www.youtube.com\\\/user\\\/integramedikal\"]}]}<\/script>\n<!-- \/ Yoast SEO plugin. -->","yoast_head_json":{"title":"PR-603C Al\u00fcminyum Kanedyen - \u0130ntegra Medikal | | Ma\u011faza","robots":{"index":"index","follow":"follow","max-snippet":"max-snippet:-1","max-image-preview":"max-image-preview:large","max-video-preview":"max-video-preview:-1"},"canonical":"https:\/\/integramedikal.com\/magaza\/urun\/pr-603c-aluminyum-kanedyen\/","og_locale":"tr_TR","og_type":"article","og_title":"PR-603C Al\u00fcminyum Kanedyen - \u0130ntegra Medikal | | Ma\u011faza","og_description":"PR-603C Al\u00fcminyum Kanedyen, gen\u00e7 demografi i\u00e7in \u00f6zel olarak haz\u0131rlanm\u0131\u015f, son derece g\u00fcvenilir ve iyi tasarlanm\u0131\u015f bir mobilite yard\u0131m\u0131 ile tan\u0131\u015f\u0131n. Bu \u00fcr\u00fcn, sa\u011flam yap\u0131s\u0131 ve zorluklarla kar\u015f\u0131la\u015fan \u00e7ocuklar\u0131n hareketlili\u011fini art\u0131rma taahh\u00fcd\u00fc ile pazarda \u00f6ne \u00e7\u0131k\u0131yor. B2B sekt\u00f6r\u00fcn\u00fcn ve engelli toplulu\u011funa hizmet veren kurulu\u015flar\u0131n ihtiya\u00e7lar\u0131na g\u00f6re uyarlanm\u0131\u015f \u015f\u0131k bir tasar\u0131ma sahip olan PR-603C, sadece bir Kanedyen [&hellip;]","og_url":"https:\/\/integramedikal.com\/magaza\/urun\/pr-603c-aluminyum-kanedyen\/","og_site_name":"\u0130ntegra Medikal | | Ma\u011faza","article_publisher":"https:\/\/www.facebook.com\/integramedikal1","article_modified_time":"2026-02-18T12:49:47+00:00","og_image":[{"width":900,"height":900,"url":"https:\/\/integramedikal.com\/magaza\/wp-content\/uploads\/2025\/06\/PR-603C.jpg","type":"image\/jpeg"}],"twitter_card":"summary_large_image","twitter_site":"@integramedikal","twitter_misc":{"Tahmini okuma s\u00fcresi":"4 dakika"},"schema":{"@context":"https:\/\/schema.org","@graph":[{"@type":"WebPage","@id":"https:\/\/integramedikal.com\/magaza\/urun\/pr-603c-aluminyum-kanedyen\/","url":"https:\/\/integramedikal.com\/magaza\/urun\/pr-603c-aluminyum-kanedyen\/","name":"PR-603C Al\u00fcminyum Kanedyen - \u0130ntegra Medikal | | Ma\u011faza","isPartOf":{"@id":"https:\/\/integramedikal.com\/magaza\/#website"},"primaryImageOfPage":{"@id":"https:\/\/integramedikal.com\/magaza\/urun\/pr-603c-aluminyum-kanedyen\/#primaryimage"},"image":{"@id":"https:\/\/integramedikal.com\/magaza\/urun\/pr-603c-aluminyum-kanedyen\/#primaryimage"},"thumbnailUrl":"https:\/\/integramedikal.com\/magaza\/wp-content\/uploads\/2025\/06\/PR-603C.jpg","datePublished":"2025-06-02T20:30:22+00:00","dateModified":"2026-02-18T12:49:47+00:00","breadcrumb":{"@id":"https:\/\/integramedikal.com\/magaza\/urun\/pr-603c-aluminyum-kanedyen\/#breadcrumb"},"inLanguage":"tr","potentialAction":[{"@type":"ReadAction","target":["https:\/\/integramedikal.com\/magaza\/urun\/pr-603c-aluminyum-kanedyen\/"]}]},{"@type":"ImageObject","inLanguage":"tr","@id":"https:\/\/integramedikal.com\/magaza\/urun\/pr-603c-aluminyum-kanedyen\/#primaryimage","url":"https:\/\/integramedikal.com\/magaza\/wp-content\/uploads\/2025\/06\/PR-603C.jpg","contentUrl":"https:\/\/integramedikal.com\/magaza\/wp-content\/uploads\/2025\/06\/PR-603C.jpg","width":900,"height":900},{"@type":"BreadcrumbList","@id":"https:\/\/integramedikal.com\/magaza\/urun\/pr-603c-aluminyum-kanedyen\/#breadcrumb","itemListElement":[{"@type":"ListItem","position":1,"name":"Anasayfa","item":"https:\/\/integramedikal.com\/magaza\/anasayfa\/"},{"@type":"ListItem","position":2,"name":"Shop","item":"https:\/\/integramedikal.com\/magaza\/shop\/"},{"@type":"ListItem","position":3,"name":"PR-603C Al\u00fcminyum Kanedyen"}]},{"@type":"WebSite","@id":"https:\/\/integramedikal.com\/magaza\/#website","url":"https:\/\/integramedikal.com\/magaza\/","name":"\u0130ntegra Medikal < | | >Ma\u011faza","description":"Sa\u011fl\u0131kta Kalite | Sekt\u00f6rde 25. Y\u0131l","publisher":{"@id":"https:\/\/integramedikal.com\/magaza\/#organization"},"potentialAction":[{"@type":"SearchAction","target":{"@type":"EntryPoint","urlTemplate":"https:\/\/integramedikal.com\/magaza\/?s={search_term_string}"},"query-input":{"@type":"PropertyValueSpecification","valueRequired":true,"valueName":"search_term_string"}}],"inLanguage":"tr"},{"@type":"Organization","@id":"https:\/\/integramedikal.com\/magaza\/#organization","name":"\u0130ntegra Medikal < | | >Ma\u011faza","url":"https:\/\/integramedikal.com\/magaza\/","logo":{"@type":"ImageObject","inLanguage":"tr","@id":"https:\/\/integramedikal.com\/magaza\/#\/schema\/logo\/image\/","url":"https:\/\/integramedikal.com\/magaza\/wp-content\/uploads\/2025\/06\/integra-logo-1.png","contentUrl":"https:\/\/integramedikal.com\/magaza\/wp-content\/uploads\/2025\/06\/integra-logo-1.png","width":340,"height":156,"caption":"\u0130ntegra Medikal < | | >Ma\u011faza"},"image":{"@id":"https:\/\/integramedikal.com\/magaza\/#\/schema\/logo\/image\/"},"sameAs":["https:\/\/www.facebook.com\/integramedikal1","https:\/\/x.com\/integramedikal","https:\/\/www.instagram.com\/integramedikal\/","https:\/\/www.youtube.com\/user\/integramedikal"]}]}},"_links":{"self":[{"href":"https:\/\/integramedikal.com\/magaza\/wp-json\/wp\/v2\/product\/1666","targetHints":{"allow":["GET"]}}],"collection":[{"href":"https:\/\/integramedikal.com\/magaza\/wp-json\/wp\/v2\/product"}],"about":[{"href":"https:\/\/integramedikal.com\/magaza\/wp-json\/wp\/v2\/types\/product"}],"replies":[{"embeddable":true,"href":"https:\/\/integramedikal.com\/magaza\/wp-json\/wp\/v2\/comments?post=1666"}],"wp:featuredmedia":[{"embeddable":true,"href":"https:\/\/integramedikal.com\/magaza\/wp-json\/wp\/v2\/media\/1676"}],"wp:attachment":[{"href":"https:\/\/integramedikal.com\/magaza\/wp-json\/wp\/v2\/media?parent=1666"}],"wp:term":[{"taxonomy":"product_brand","embeddable":true,"href":"https:\/\/integramedikal.com\/magaza\/wp-json\/wp\/v2\/product_brand?post=1666"},{"taxonomy":"product_cat","embeddable":true,"href":"https:\/\/integramedikal.com\/magaza\/wp-json\/wp\/v2\/product_cat?post=1666"},{"taxonomy":"product_tag","embeddable":true,"href":"https:\/\/integramedikal.com\/magaza\/wp-json\/wp\/v2\/product_tag?post=1666"}],"curies":[{"name":"wp","href":"https:\/\/api.w.org\/{rel}","templated":true}]}}