{"id":1654,"date":"2025-06-02T23:26:00","date_gmt":"2025-06-02T20:26:00","guid":{"rendered":"https:\/\/integramedikal.com\/magaza\/?post_type=product&#038;p=1654"},"modified":"2026-02-26T17:28:59","modified_gmt":"2026-02-26T14:28:59","slug":"pr-603-aluminyum-kanedyen","status":"publish","type":"product","link":"https:\/\/integramedikal.com\/magaza\/urun\/pr-603-aluminyum-kanedyen\/","title":{"rendered":"PR-603 Al\u00fcminyum Kanedyen"},"content":{"rendered":"<div>Mobilite yard\u0131mc\u0131lar\u0131n\u0131n standartlar\u0131n\u0131 y\u00fckselten PR-603 Al\u00fcminyum Kanedyen, sa\u011fl\u0131k sekt\u00f6r\u00fcndeki i\u015fletmeler i\u00e7in bir \u00f6rnek olarak kar\u015f\u0131m\u0131za \u00e7\u0131k\u0131yor. B2B al\u0131c\u0131lar\u0131n ve engelliler i\u00e7in \u00fcst\u00fcn ara\u00e7lar sa\u011flamaya kendini adam\u0131\u015f \u015firketlerin dikkatini \u00e7eken bu \u00fcr\u00fcn sadece bir aksesuar de\u011fil; Bu, geli\u015fmi\u015f ba\u011f\u0131ms\u0131zl\u0131k ve esnekli\u011fin bir kan\u0131t\u0131d\u0131r. Her \u00f6zellik, g\u00fcnl\u00fck y\u00fcr\u00fcy\u00fc\u015fleri i\u00e7in g\u00fcvenilir deste\u011fe ihtiya\u00e7 duyan kullan\u0131c\u0131lar\u0131n kar\u015f\u0131la\u015ft\u0131\u011f\u0131 benzersiz zorluklar\u0131 ele almak i\u00e7in titizlikle tasarlanm\u0131\u015ft\u0131r.<\/div>\n<div><\/div>\n<div>Kanedyen koltuk de\u011fne\u011fi olarak uzmanla\u015fan PR-603, sa\u011flaml\u0131k ve dayan\u0131kl\u0131l\u0131k ihtiyac\u0131 g\u00f6z \u00f6n\u00fcnde bulundurularak tasarlanm\u0131\u015ft\u0131r. Al\u00fcminyum g\u00f6vdesi, kullan\u0131c\u0131lar\u0131n g\u00fcven verici buldu\u011fu g\u00fc\u00e7l\u00fc ancak hafif bir yap\u0131 sa\u011flar. \u00d6zenle haz\u0131rlanm\u0131\u015f bu koltuk alt\u0131 \u00e7ubu\u011fu, kullan\u0131c\u0131lar\u0131n hareket yard\u0131mc\u0131lar\u0131n\u0131n yaln\u0131zca g\u00fcvenilir de\u011fil, ayn\u0131 zamanda 2 y\u0131ll\u0131k \u00f6nemli bir garanti ile desteklendi\u011fini bilerek \u00e7evrelerinde g\u00fcvenle gezinmelerini sa\u011flar.<\/div>\n<div><\/div>\n<div><b>Se\u00e7kin \u00dcr\u00fcn De\u011feri<\/b><\/div>\n<div><b><br \/><\/b><\/div>\n<div>Standart tekliflerin yo\u011fun olarak bulundu\u011fu bir pazarda, PR-603 kaliteden \u00f6d\u00fcn vermeyen ekonomik bir \u00fcr\u00fcn olarak kendini farkl\u0131 k\u0131l\u0131yor. Kullan\u0131c\u0131 taraf\u0131ndan \u00f6nerilen bir se\u00e7enek olarak tan\u0131nmas\u0131, de\u011fer \u00f6nerisinin alt\u0131n\u0131 \u00e7iziyor ve do\u011frudan son t\u00fcketicide iyi yank\u0131 uyand\u0131ran bir mobilite yard\u0131m\u0131 stoklamak isteyen \u015firketlere hitap ediyor. G\u00fcven olu\u015fturan, ola\u011fan\u00fcst\u00fc kullan\u0131c\u0131 memnuniyeti oran\u0131 sayesinde tekrarlanan i\u015flerin neredeyse garanti edilmesini sa\u011flayan bir \u00fcr\u00fcnd\u00fcr.<\/div>\n<div><\/div>\n<div>Zaman\u0131n, sunulan \u00fcr\u00fcnler kadar de\u011ferli bir kaynak oldu\u011funu kabul eden PR-603 h\u0131zl\u0131 sevk edilmesiyle de etkileyici bir da\u011f\u0131t\u0131m \u00f6zelli\u011fine sahiptir -. Bu \u00f6nemli \u00f6zellik, \u015firketlerin ve engelli m\u00fc\u015fterilerinin bekletilmeden \u00fcr\u00fcne ula\u015fmalar\u0131n\u0131 sa\u011fl\u0131yor. H\u0131zl\u0131 teslimat s\u00fcreleri, ihtiya\u00e7 ve yerine getirme aras\u0131ndaki bo\u015flu\u011fun minimum d\u00fczeyde olmas\u0131n\u0131 sa\u011flayarak PR-603&#8217;\u00fc \u00e7a\u011fda\u015flar\u0131na g\u00f6re verimlilik ve rahatl\u0131k a\u00e7\u0131s\u0131ndan \u00f6nde gelen bir se\u00e7im haline getirir.<\/div>\n<div><\/div>\n<div><b>Stratejik \u00dcr\u00fcn Tasar\u0131m\u0131<\/b><\/div>\n<div><b><br \/><\/b><\/div>\n<div>PR-603 sadece kullan\u0131c\u0131lar\u0131n\u0131n pragmatik ihtiya\u00e7lar\u0131na uyum sa\u011flamakla kalmaz, ayn\u0131 zamanda g\u00fc\u00e7ten \u00f6d\u00fcn vermeden konforu art\u0131ran bir g\u00f6vde yap\u0131s\u0131 sunmak i\u00e7in stratejik olarak \u00fcretilmi\u015ftir. Hem Koltuk Alt\u0131 De\u011fne\u011fi hem de Kanedyen\u2019 i birle\u015ftiren sofistike bir \u00fcr\u00fcn kategorisinin bir \u00fcyesi olarak, hedef kitlesinin gereksinimlerini tam olarak \u00f6ng\u00f6r\u00fcr ve ele al\u0131r. Kullan\u0131c\u0131n\u0131n \u00f6zel ihtiya\u00e7lar\u0131 ile a\u015f\u0131lanm\u0131\u015f pratik bir tasar\u0131m\u0131n, mobilite i\u00e7in nas\u0131l g\u00fcvenilir bir g\u00fcnl\u00fck yol arkada\u015f\u0131 yaratabilece\u011finin \u00f6nde gelen bir \u00f6rne\u011fi olarak ortaya \u00e7\u0131km\u0131\u015ft\u0131r.<\/div>\n<div>PR-603&#8217;\u00fcn tasar\u0131m\u0131nda ergonomi \u00f6n plandad\u0131r ve bu Kanedyen koltuk de\u011fne\u011fini sadece bir \u00fcr\u00fcn de\u011fil, ayn\u0131 zamanda kullan\u0131c\u0131n\u0131n ya\u015fam tarz\u0131n\u0131n bir par\u00e7as\u0131 yapan ayr\u0131nt\u0131lara yans\u0131r. Bu tasar\u0131m yakla\u015f\u0131m\u0131, kullan\u0131m kolayl\u0131\u011f\u0131, g\u00fcvenilirlik ve garanti destekli kalite g\u00fcvencesi ile zenginle\u015ftirilmi\u015f bir kullan\u0131c\u0131 deneyimine yol a\u00e7m\u0131\u015ft\u0131r. PR-603 Al\u00fcminyum Kanedyen yi \u015firketler i\u00e7in ak\u0131ll\u0131 bir i\u015f se\u00e7imi ve t\u00fcketici i\u00e7in ya\u015fam\u0131 iyile\u015ftiren bir \u00fcr\u00fcn olarak sa\u011flamla\u015ft\u0131ran bu tasar\u0131m yeteneklerinin kar\u0131\u015f\u0131m\u0131d\u0131r.<\/div>\n<p><div  id=\"btn_klavuz\"  class='avia-button-wrap av-av_button-68775e591d6efe509b8958059a217134-wrap avia-button-left  avia-builder-el-0  el_before_av_button  avia-builder-el-first '><a href='https:\/\/www.integramedikal.com\/magaza\/upload\/kilavuz\/76-pr-603-aluminyum-kanedyen.pdf'  class='avia-button av-av_button-68775e591d6efe509b8958059a217134 av-link-btn avia-icon_select-yes-left-icon avia-size-medium avia-position-left avia-color-theme-color-highlight'  target=\"_blank\"  rel=\"noopener noreferrer\"  aria-label=\"Kullan\u0131m K\u0131lavuzu\"><span class='avia_button_icon avia_button_icon_left avia-svg-icon avia-font-svg_entypo-fontello' data-av_svg_icon='book-open' data-av_iconset='svg_entypo-fontello'><svg version=\"1.1\" xmlns=\"http:\/\/www.w3.org\/2000\/svg\" width=\"29\" height=\"32\" viewBox=\"0 0 29 32\" preserveAspectRatio=\"xMidYMid meet\" aria-labelledby='av-svg-title-1' aria-describedby='av-svg-desc-1' role=\"graphics-symbol\">\n<title id='av-svg-title-1'>Book-open<\/title>\n<desc id='av-svg-desc-1'>Book-open<\/desc>\n<path d=\"M10.88 19.584v2.176l-6.4-2.56v-2.176zM10.88 12.928v2.176l-6.4-2.56v-2.176zM28.096 1.856q0.704 0.384 0.704 1.344v20.48q0 1.088-1.024 1.472l-12.736 5.12q-0.256 0.064-0.32 0.064t-0.16 0.032-0.16 0.032-0.16-0.032-0.16-0.032l-0.32-0.064-12.736-5.12q-1.024-0.384-1.024-1.472v-20.48q0-0.96 0.704-1.344 0.704-0.512 1.472-0.192l12.224 4.928 12.224-4.928q0.768-0.32 1.472 0.192zM12.8 27.072v-17.92l-10.24-4.096v17.92zM26.24 22.976v-17.92l-10.24 4.096v17.92zM24.32 17.024v2.176l-6.4 2.56v-2.176zM24.32 10.368v2.176l-6.4 2.56v-2.176z\"><\/path>\n<\/svg><\/span><span class='avia_iconbox_title' >Kullan\u0131m K\u0131lavuzu<\/span><\/a><\/div> <div  id=\"btn_teknikbilgi\"  class='avia-button-wrap av-av_button-e069d87ec5d6298b9b6c476e2dc5aa4e-wrap avia-button-left  avia-builder-el-1  el_after_av_button  avia-builder-el-last '><a href='javascript:void(0);'  class='avia-button av-av_button-e069d87ec5d6298b9b6c476e2dc5aa4e av-link-btn avia-icon_select-yes-left-icon avia-size-medium avia-position-left avia-color-theme-color-highlight'   aria-label=\"Teknik Bilgi\"><span class='avia_button_icon avia_button_icon_left avia-svg-icon avia-font-svg_entypo-fontello' data-av_svg_icon='cog' data-av_iconset='svg_entypo-fontello'><svg version=\"1.1\" xmlns=\"http:\/\/www.w3.org\/2000\/svg\" width=\"27\" height=\"32\" viewBox=\"0 0 27 32\" preserveAspectRatio=\"xMidYMid meet\" aria-labelledby='av-svg-title-2' aria-describedby='av-svg-desc-2' role=\"graphics-symbol\">\n<title id='av-svg-title-2'>Cog<\/title>\n<desc id='av-svg-desc-2'>Cog<\/desc>\n<path d=\"M24.32 16q0 2.304 2.56 3.904-0.384 1.28-1.088 2.624-2.24-0.576-4.352 1.408-1.728 1.856-1.088 4.352-1.28 0.64-2.688 1.152-1.472-2.624-4.224-2.624t-4.224 2.624q-1.408-0.512-2.688-1.152 0.64-2.56-1.088-4.352-1.728-1.728-4.352-1.088-0.448-0.832-1.088-2.624 2.624-1.664 2.624-4.224 0-2.304-2.624-3.968 0.64-1.792 1.088-2.624 2.368 0.576 4.352-1.408 1.728-1.792 1.088-4.352 1.344-0.704 2.688-1.088 1.472 2.56 4.224 2.56t4.224-2.56q1.344 0.384 2.688 1.088-0.64 2.496 1.088 4.352 2.112 1.984 4.352 1.408 0.704 1.344 1.088 2.624-2.56 1.6-2.56 3.968zM13.44 21.824q2.432 0 4.128-1.696t1.696-4.128-1.696-4.16-4.128-1.728-4.128 1.728-1.696 4.16 1.696 4.128 4.128 1.696z\"><\/path>\n<\/svg><\/span><span class='avia_iconbox_title' >Teknik Bilgi<\/span><\/a><\/div><\/p>\n","protected":false},"excerpt":{"rendered":"<p>Mobilite yard\u0131mc\u0131lar\u0131n\u0131n standartlar\u0131n\u0131 y\u00fckselten PR-603 Al\u00fcminyum Kanedyen, sa\u011fl\u0131k sekt\u00f6r\u00fcndeki i\u015fletmeler i\u00e7in bir \u00f6rnek olarak kar\u015f\u0131m\u0131za \u00e7\u0131k\u0131yor. B2B al\u0131c\u0131lar\u0131n ve engelliler i\u00e7in \u00fcst\u00fcn ara\u00e7lar sa\u011flamaya kendini adam\u0131\u015f \u015firketlerin dikkatini \u00e7eken bu \u00fcr\u00fcn sadece bir aksesuar de\u011fil; Bu, geli\u015fmi\u015f ba\u011f\u0131ms\u0131zl\u0131k ve esnekli\u011fin bir kan\u0131t\u0131d\u0131r. Her \u00f6zellik, g\u00fcnl\u00fck y\u00fcr\u00fcy\u00fc\u015fleri i\u00e7in g\u00fcvenilir deste\u011fe ihtiya\u00e7 duyan kullan\u0131c\u0131lar\u0131n kar\u015f\u0131la\u015ft\u0131\u011f\u0131 benzersiz zorluklar\u0131 [&hellip;]<\/p>\n","protected":false},"featured_media":1664,"comment_status":"open","ping_status":"closed","template":"","meta":[],"product_brand":[],"product_cat":[600],"product_tag":[],"class_list":{"0":"post-1654","1":"product","2":"type-product","3":"status-publish","4":"has-post-thumbnail","6":"product_cat-yurume-gruplari","8":"first","9":"outofstock","10":"sale","11":"taxable","12":"shipping-taxable","13":"purchasable","14":"product-type-simple"},"yoast_head":"<!-- This site is optimized with the Yoast SEO plugin v27.4 - https:\/\/yoast.com\/product\/yoast-seo-wordpress\/ -->\n<title>PR-603 Al\u00fcminyum Kanedyen - \u0130ntegra Medikal | | Ma\u011faza<\/title>\n<meta name=\"robots\" content=\"index, follow, max-snippet:-1, max-image-preview:large, max-video-preview:-1\" \/>\n<link rel=\"canonical\" href=\"https:\/\/integramedikal.com\/magaza\/urun\/pr-603-aluminyum-kanedyen\/\" \/>\n<meta property=\"og:locale\" content=\"tr_TR\" \/>\n<meta property=\"og:type\" content=\"article\" \/>\n<meta property=\"og:title\" content=\"PR-603 Al\u00fcminyum Kanedyen - \u0130ntegra Medikal | | Ma\u011faza\" \/>\n<meta property=\"og:description\" content=\"Mobilite yard\u0131mc\u0131lar\u0131n\u0131n standartlar\u0131n\u0131 y\u00fckselten PR-603 Al\u00fcminyum Kanedyen, sa\u011fl\u0131k sekt\u00f6r\u00fcndeki i\u015fletmeler i\u00e7in bir \u00f6rnek olarak kar\u015f\u0131m\u0131za \u00e7\u0131k\u0131yor. B2B al\u0131c\u0131lar\u0131n ve engelliler i\u00e7in \u00fcst\u00fcn ara\u00e7lar sa\u011flamaya kendini adam\u0131\u015f \u015firketlerin dikkatini \u00e7eken bu \u00fcr\u00fcn sadece bir aksesuar de\u011fil; Bu, geli\u015fmi\u015f ba\u011f\u0131ms\u0131zl\u0131k ve esnekli\u011fin bir kan\u0131t\u0131d\u0131r. Her \u00f6zellik, g\u00fcnl\u00fck y\u00fcr\u00fcy\u00fc\u015fleri i\u00e7in g\u00fcvenilir deste\u011fe ihtiya\u00e7 duyan kullan\u0131c\u0131lar\u0131n kar\u015f\u0131la\u015ft\u0131\u011f\u0131 benzersiz zorluklar\u0131 [&hellip;]\" \/>\n<meta property=\"og:url\" content=\"https:\/\/integramedikal.com\/magaza\/urun\/pr-603-aluminyum-kanedyen\/\" \/>\n<meta property=\"og:site_name\" content=\"\u0130ntegra Medikal | | Ma\u011faza\" \/>\n<meta property=\"article:publisher\" content=\"https:\/\/www.facebook.com\/integramedikal1\" \/>\n<meta property=\"article:modified_time\" content=\"2026-02-26T14:28:59+00:00\" \/>\n<meta property=\"og:image\" content=\"https:\/\/integramedikal.com\/magaza\/wp-content\/uploads\/2025\/06\/PR-603.jpg\" \/>\n\t<meta property=\"og:image:width\" content=\"900\" \/>\n\t<meta property=\"og:image:height\" content=\"900\" \/>\n\t<meta property=\"og:image:type\" content=\"image\/jpeg\" \/>\n<meta name=\"twitter:card\" content=\"summary_large_image\" \/>\n<meta name=\"twitter:site\" content=\"@integramedikal\" \/>\n<meta name=\"twitter:label1\" content=\"Tahmini okuma s\u00fcresi\" \/>\n\t<meta name=\"twitter:data1\" content=\"3 dakika\" \/>\n<script type=\"application\/ld+json\" class=\"yoast-schema-graph\">{\"@context\":\"https:\\\/\\\/schema.org\",\"@graph\":[{\"@type\":\"WebPage\",\"@id\":\"https:\\\/\\\/integramedikal.com\\\/magaza\\\/urun\\\/pr-603-aluminyum-kanedyen\\\/\",\"url\":\"https:\\\/\\\/integramedikal.com\\\/magaza\\\/urun\\\/pr-603-aluminyum-kanedyen\\\/\",\"name\":\"PR-603 Al\u00fcminyum Kanedyen - \u0130ntegra Medikal | | Ma\u011faza\",\"isPartOf\":{\"@id\":\"https:\\\/\\\/integramedikal.com\\\/magaza\\\/#website\"},\"primaryImageOfPage\":{\"@id\":\"https:\\\/\\\/integramedikal.com\\\/magaza\\\/urun\\\/pr-603-aluminyum-kanedyen\\\/#primaryimage\"},\"image\":{\"@id\":\"https:\\\/\\\/integramedikal.com\\\/magaza\\\/urun\\\/pr-603-aluminyum-kanedyen\\\/#primaryimage\"},\"thumbnailUrl\":\"https:\\\/\\\/integramedikal.com\\\/magaza\\\/wp-content\\\/uploads\\\/2025\\\/06\\\/PR-603.jpg\",\"datePublished\":\"2025-06-02T20:26:00+00:00\",\"dateModified\":\"2026-02-26T14:28:59+00:00\",\"breadcrumb\":{\"@id\":\"https:\\\/\\\/integramedikal.com\\\/magaza\\\/urun\\\/pr-603-aluminyum-kanedyen\\\/#breadcrumb\"},\"inLanguage\":\"tr\",\"potentialAction\":[{\"@type\":\"ReadAction\",\"target\":[\"https:\\\/\\\/integramedikal.com\\\/magaza\\\/urun\\\/pr-603-aluminyum-kanedyen\\\/\"]}]},{\"@type\":\"ImageObject\",\"inLanguage\":\"tr\",\"@id\":\"https:\\\/\\\/integramedikal.com\\\/magaza\\\/urun\\\/pr-603-aluminyum-kanedyen\\\/#primaryimage\",\"url\":\"https:\\\/\\\/integramedikal.com\\\/magaza\\\/wp-content\\\/uploads\\\/2025\\\/06\\\/PR-603.jpg\",\"contentUrl\":\"https:\\\/\\\/integramedikal.com\\\/magaza\\\/wp-content\\\/uploads\\\/2025\\\/06\\\/PR-603.jpg\",\"width\":900,\"height\":900},{\"@type\":\"BreadcrumbList\",\"@id\":\"https:\\\/\\\/integramedikal.com\\\/magaza\\\/urun\\\/pr-603-aluminyum-kanedyen\\\/#breadcrumb\",\"itemListElement\":[{\"@type\":\"ListItem\",\"position\":1,\"name\":\"Anasayfa\",\"item\":\"https:\\\/\\\/integramedikal.com\\\/magaza\\\/anasayfa\\\/\"},{\"@type\":\"ListItem\",\"position\":2,\"name\":\"Shop\",\"item\":\"https:\\\/\\\/integramedikal.com\\\/magaza\\\/shop\\\/\"},{\"@type\":\"ListItem\",\"position\":3,\"name\":\"PR-603 Al\u00fcminyum Kanedyen\"}]},{\"@type\":\"WebSite\",\"@id\":\"https:\\\/\\\/integramedikal.com\\\/magaza\\\/#website\",\"url\":\"https:\\\/\\\/integramedikal.com\\\/magaza\\\/\",\"name\":\"\u0130ntegra Medikal < | | >Ma\u011faza\",\"description\":\"Sa\u011fl\u0131kta Kalite | Sekt\u00f6rde 25. Y\u0131l\",\"publisher\":{\"@id\":\"https:\\\/\\\/integramedikal.com\\\/magaza\\\/#organization\"},\"potentialAction\":[{\"@type\":\"SearchAction\",\"target\":{\"@type\":\"EntryPoint\",\"urlTemplate\":\"https:\\\/\\\/integramedikal.com\\\/magaza\\\/?s={search_term_string}\"},\"query-input\":{\"@type\":\"PropertyValueSpecification\",\"valueRequired\":true,\"valueName\":\"search_term_string\"}}],\"inLanguage\":\"tr\"},{\"@type\":\"Organization\",\"@id\":\"https:\\\/\\\/integramedikal.com\\\/magaza\\\/#organization\",\"name\":\"\u0130ntegra Medikal < | | >Ma\u011faza\",\"url\":\"https:\\\/\\\/integramedikal.com\\\/magaza\\\/\",\"logo\":{\"@type\":\"ImageObject\",\"inLanguage\":\"tr\",\"@id\":\"https:\\\/\\\/integramedikal.com\\\/magaza\\\/#\\\/schema\\\/logo\\\/image\\\/\",\"url\":\"https:\\\/\\\/integramedikal.com\\\/magaza\\\/wp-content\\\/uploads\\\/2025\\\/06\\\/integra-logo-1.png\",\"contentUrl\":\"https:\\\/\\\/integramedikal.com\\\/magaza\\\/wp-content\\\/uploads\\\/2025\\\/06\\\/integra-logo-1.png\",\"width\":340,\"height\":156,\"caption\":\"\u0130ntegra Medikal < | | >Ma\u011faza\"},\"image\":{\"@id\":\"https:\\\/\\\/integramedikal.com\\\/magaza\\\/#\\\/schema\\\/logo\\\/image\\\/\"},\"sameAs\":[\"https:\\\/\\\/www.facebook.com\\\/integramedikal1\",\"https:\\\/\\\/x.com\\\/integramedikal\",\"https:\\\/\\\/www.instagram.com\\\/integramedikal\\\/\",\"https:\\\/\\\/www.youtube.com\\\/user\\\/integramedikal\"]}]}<\/script>\n<!-- \/ Yoast SEO plugin. -->","yoast_head_json":{"title":"PR-603 Al\u00fcminyum Kanedyen - \u0130ntegra Medikal | | Ma\u011faza","robots":{"index":"index","follow":"follow","max-snippet":"max-snippet:-1","max-image-preview":"max-image-preview:large","max-video-preview":"max-video-preview:-1"},"canonical":"https:\/\/integramedikal.com\/magaza\/urun\/pr-603-aluminyum-kanedyen\/","og_locale":"tr_TR","og_type":"article","og_title":"PR-603 Al\u00fcminyum Kanedyen - \u0130ntegra Medikal | | Ma\u011faza","og_description":"Mobilite yard\u0131mc\u0131lar\u0131n\u0131n standartlar\u0131n\u0131 y\u00fckselten PR-603 Al\u00fcminyum Kanedyen, sa\u011fl\u0131k sekt\u00f6r\u00fcndeki i\u015fletmeler i\u00e7in bir \u00f6rnek olarak kar\u015f\u0131m\u0131za \u00e7\u0131k\u0131yor. B2B al\u0131c\u0131lar\u0131n ve engelliler i\u00e7in \u00fcst\u00fcn ara\u00e7lar sa\u011flamaya kendini adam\u0131\u015f \u015firketlerin dikkatini \u00e7eken bu \u00fcr\u00fcn sadece bir aksesuar de\u011fil; Bu, geli\u015fmi\u015f ba\u011f\u0131ms\u0131zl\u0131k ve esnekli\u011fin bir kan\u0131t\u0131d\u0131r. Her \u00f6zellik, g\u00fcnl\u00fck y\u00fcr\u00fcy\u00fc\u015fleri i\u00e7in g\u00fcvenilir deste\u011fe ihtiya\u00e7 duyan kullan\u0131c\u0131lar\u0131n kar\u015f\u0131la\u015ft\u0131\u011f\u0131 benzersiz zorluklar\u0131 [&hellip;]","og_url":"https:\/\/integramedikal.com\/magaza\/urun\/pr-603-aluminyum-kanedyen\/","og_site_name":"\u0130ntegra Medikal | | Ma\u011faza","article_publisher":"https:\/\/www.facebook.com\/integramedikal1","article_modified_time":"2026-02-26T14:28:59+00:00","og_image":[{"width":900,"height":900,"url":"https:\/\/integramedikal.com\/magaza\/wp-content\/uploads\/2025\/06\/PR-603.jpg","type":"image\/jpeg"}],"twitter_card":"summary_large_image","twitter_site":"@integramedikal","twitter_misc":{"Tahmini okuma s\u00fcresi":"3 dakika"},"schema":{"@context":"https:\/\/schema.org","@graph":[{"@type":"WebPage","@id":"https:\/\/integramedikal.com\/magaza\/urun\/pr-603-aluminyum-kanedyen\/","url":"https:\/\/integramedikal.com\/magaza\/urun\/pr-603-aluminyum-kanedyen\/","name":"PR-603 Al\u00fcminyum Kanedyen - \u0130ntegra Medikal | | Ma\u011faza","isPartOf":{"@id":"https:\/\/integramedikal.com\/magaza\/#website"},"primaryImageOfPage":{"@id":"https:\/\/integramedikal.com\/magaza\/urun\/pr-603-aluminyum-kanedyen\/#primaryimage"},"image":{"@id":"https:\/\/integramedikal.com\/magaza\/urun\/pr-603-aluminyum-kanedyen\/#primaryimage"},"thumbnailUrl":"https:\/\/integramedikal.com\/magaza\/wp-content\/uploads\/2025\/06\/PR-603.jpg","datePublished":"2025-06-02T20:26:00+00:00","dateModified":"2026-02-26T14:28:59+00:00","breadcrumb":{"@id":"https:\/\/integramedikal.com\/magaza\/urun\/pr-603-aluminyum-kanedyen\/#breadcrumb"},"inLanguage":"tr","potentialAction":[{"@type":"ReadAction","target":["https:\/\/integramedikal.com\/magaza\/urun\/pr-603-aluminyum-kanedyen\/"]}]},{"@type":"ImageObject","inLanguage":"tr","@id":"https:\/\/integramedikal.com\/magaza\/urun\/pr-603-aluminyum-kanedyen\/#primaryimage","url":"https:\/\/integramedikal.com\/magaza\/wp-content\/uploads\/2025\/06\/PR-603.jpg","contentUrl":"https:\/\/integramedikal.com\/magaza\/wp-content\/uploads\/2025\/06\/PR-603.jpg","width":900,"height":900},{"@type":"BreadcrumbList","@id":"https:\/\/integramedikal.com\/magaza\/urun\/pr-603-aluminyum-kanedyen\/#breadcrumb","itemListElement":[{"@type":"ListItem","position":1,"name":"Anasayfa","item":"https:\/\/integramedikal.com\/magaza\/anasayfa\/"},{"@type":"ListItem","position":2,"name":"Shop","item":"https:\/\/integramedikal.com\/magaza\/shop\/"},{"@type":"ListItem","position":3,"name":"PR-603 Al\u00fcminyum Kanedyen"}]},{"@type":"WebSite","@id":"https:\/\/integramedikal.com\/magaza\/#website","url":"https:\/\/integramedikal.com\/magaza\/","name":"\u0130ntegra Medikal < | | >Ma\u011faza","description":"Sa\u011fl\u0131kta Kalite | Sekt\u00f6rde 25. Y\u0131l","publisher":{"@id":"https:\/\/integramedikal.com\/magaza\/#organization"},"potentialAction":[{"@type":"SearchAction","target":{"@type":"EntryPoint","urlTemplate":"https:\/\/integramedikal.com\/magaza\/?s={search_term_string}"},"query-input":{"@type":"PropertyValueSpecification","valueRequired":true,"valueName":"search_term_string"}}],"inLanguage":"tr"},{"@type":"Organization","@id":"https:\/\/integramedikal.com\/magaza\/#organization","name":"\u0130ntegra Medikal < | | >Ma\u011faza","url":"https:\/\/integramedikal.com\/magaza\/","logo":{"@type":"ImageObject","inLanguage":"tr","@id":"https:\/\/integramedikal.com\/magaza\/#\/schema\/logo\/image\/","url":"https:\/\/integramedikal.com\/magaza\/wp-content\/uploads\/2025\/06\/integra-logo-1.png","contentUrl":"https:\/\/integramedikal.com\/magaza\/wp-content\/uploads\/2025\/06\/integra-logo-1.png","width":340,"height":156,"caption":"\u0130ntegra Medikal < | | >Ma\u011faza"},"image":{"@id":"https:\/\/integramedikal.com\/magaza\/#\/schema\/logo\/image\/"},"sameAs":["https:\/\/www.facebook.com\/integramedikal1","https:\/\/x.com\/integramedikal","https:\/\/www.instagram.com\/integramedikal\/","https:\/\/www.youtube.com\/user\/integramedikal"]}]}},"_links":{"self":[{"href":"https:\/\/integramedikal.com\/magaza\/wp-json\/wp\/v2\/product\/1654","targetHints":{"allow":["GET"]}}],"collection":[{"href":"https:\/\/integramedikal.com\/magaza\/wp-json\/wp\/v2\/product"}],"about":[{"href":"https:\/\/integramedikal.com\/magaza\/wp-json\/wp\/v2\/types\/product"}],"replies":[{"embeddable":true,"href":"https:\/\/integramedikal.com\/magaza\/wp-json\/wp\/v2\/comments?post=1654"}],"wp:featuredmedia":[{"embeddable":true,"href":"https:\/\/integramedikal.com\/magaza\/wp-json\/wp\/v2\/media\/1664"}],"wp:attachment":[{"href":"https:\/\/integramedikal.com\/magaza\/wp-json\/wp\/v2\/media?parent=1654"}],"wp:term":[{"taxonomy":"product_brand","embeddable":true,"href":"https:\/\/integramedikal.com\/magaza\/wp-json\/wp\/v2\/product_brand?post=1654"},{"taxonomy":"product_cat","embeddable":true,"href":"https:\/\/integramedikal.com\/magaza\/wp-json\/wp\/v2\/product_cat?post=1654"},{"taxonomy":"product_tag","embeddable":true,"href":"https:\/\/integramedikal.com\/magaza\/wp-json\/wp\/v2\/product_tag?post=1654"}],"curies":[{"name":"wp","href":"https:\/\/api.w.org\/{rel}","templated":true}]}}