{"id":1651,"date":"2025-06-02T23:26:00","date_gmt":"2025-06-02T20:26:00","guid":{"rendered":"https:\/\/integramedikal.com\/magaza\/?post_type=product&#038;p=1651"},"modified":"2026-04-01T10:45:55","modified_gmt":"2026-04-01T07:45:55","slug":"pr-843-tripod-baston","status":"publish","type":"product","link":"https:\/\/integramedikal.com\/magaza\/urun\/pr-843-tripod-baston\/","title":{"rendered":"PR-843 Tripod Baston"},"content":{"rendered":"<div>PR-843 Tripod Bastonu ile tan\u0131\u015f\u0131n \u2013 denge ve konfor arayanlar i\u00e7in tasarlanm\u0131\u015f sa\u011flam ve g\u00fcvenilir bir y\u00fcr\u00fcme yard\u0131m\u0131. B2B al\u0131c\u0131lar\u0131na ve engelliler i\u00e7in mobilite \u00e7\u00f6z\u00fcmlerinde uzmanla\u015fm\u0131\u015f \u015firketlere hitap etmek i\u00e7in ustal\u0131kla haz\u0131rlanm\u0131\u015f bu \u00fcr\u00fcn, m\u00fckemmelli\u011fe olan ba\u011fl\u0131l\u0131\u011f\u0131m\u0131z\u0131n bir kan\u0131t\u0131 olarak duruyor. Etkileyici \u00f6zellikleri, g\u00fcnl\u00fck kullan\u0131m i\u00e7in geli\u015fmi\u015f destek vaat ederek, hareket g\u00fc\u00e7l\u00fc\u011f\u00fc \u00e7ekenlere hitap eden herhangi bir profesyonel envanter i\u00e7in \u00f6nemli bir sat\u0131n alma haline getiriyor.<\/div>\n<div><\/div>\n<div>PR-843 Tripod (\u00fc\u00e7 ayakl\u0131) Bastonu&#8217;nun yenilik\u00e7i tasar\u0131m\u0131, i\u015flevselli\u011fi dayan\u0131kl\u0131l\u0131kla birle\u015ftirir. Kaliteden \u00f6d\u00fcn vermeden ekonomik bir se\u00e7im olan bu baston, performans ve uygun fiyat aras\u0131nda ideal bir denge sunar. \u00dc\u00e7 ayakl\u0131 yap\u0131, kullan\u0131c\u0131 i\u00e7in \u00fcst\u00fcn denge ve destek sa\u011flayarak sa\u011fl\u0131k profesyonelleri taraf\u0131ndan \u00f6nerilen bir se\u00e7imdir. Ek olarak, bastonun h\u0131zl\u0131 sevkiyat garantisi, i\u015fletmenize veya do\u011frudan ihtiyac\u0131 olanlara h\u0131zl\u0131 teslimat sa\u011flar.<\/div>\n<div><\/div>\n<div><b>E\u015fsiz Kararl\u0131l\u0131k ve Destek<\/b><\/div>\n<div><\/div>\n<div>Tripod Bastonumuz stabilite i\u00e7in tasarlanm\u0131\u015ft\u0131r. Benzersiz \u00fc\u00e7 ayakl\u0131 tasar\u0131m, daha geni\u015f bir destek taban\u0131 sa\u011flayarak her t\u00fcrl\u00fc arazide navigasyonu sorunsuz ve g\u00fcvenli hale getirir. Kullan\u0131c\u0131lar, dengeyi korumak, d\u00fc\u015fme riskini azaltmak ve genel g\u00fcvenli\u011fi art\u0131rmak i\u00e7in sa\u011flam yap\u0131s\u0131na g\u00fcvenle g\u00fcvenebilirler. Bastonun ergonomik sap\u0131, uzun s\u00fcreli kullan\u0131m i\u00e7in rahat tutu\u015f sa\u011flayarak el yorgunlu\u011funu ortadan kald\u0131racak ve kullan\u0131c\u0131 deneyimini y\u00fckseltecek \u015fekilde tasarlanm\u0131\u015ft\u0131r.<\/div>\n<div><\/div>\n<div>Bu baston sadece stabilite ile ilgili de\u011fil; Sa\u011flam g\u00f6vde yap\u0131s\u0131, zorlu kullan\u0131ma dayanacak \u015fekilde test edilmi\u015f ve rafine edilmi\u015ftir. PR-843 modeline 2 Y\u0131l Garanti e\u015flik ederek uzun s\u00fcreli servis kolayl\u0131\u011f\u0131 ve m\u00fc\u015fteri memnuniyeti sa\u011flar. PR-843 Tripod (\u00fc\u00e7 ayakl\u0131) Bastonun, ona en \u00e7ok g\u00fcvenenlere s\u00fcrekli destek sa\u011flarken, zamana ve a\u015f\u0131nmaya kar\u015f\u0131 dayan\u0131kl\u0131 bir yol arkada\u015f\u0131 oldu\u011funa g\u00fcvenin.<\/div>\n<div><\/div>\n<div><b>Verimlilik ve Ekonomi Bir Arada<\/b><\/div>\n<div><b><br \/><\/b><\/div>\n<div>PR-843 Tripod Bastonunun \u00f6z\u00fcnde ekonomik ve verimli \u00e7\u00f6z\u00fcmlere ba\u011fl\u0131l\u0131k vard\u0131r. Kaliteyi ihmal etmeyen, B2B m\u00fc\u015fterilerimize en iyi de\u011feri sunan uygun fiyatl\u0131 bir \u00fcr\u00fcn\u00fcn \u00f6nemini anl\u0131yoruz. Bu baston sadece uygun maliyetli bir se\u00e7imi de\u011fil, ayn\u0131 zamanda g\u00fcvenilirli\u011fe yap\u0131lan bir yat\u0131r\u0131m\u0131 da temsil eder. Kolay katlanma \u00f6zelli\u011fi ile depolama ve ta\u015f\u0131ma zahmetsiz hale gelir ve bu bastonu uygun maliyetli oldu\u011fu kadar kullan\u0131\u015fl\u0131 hale getirir.<\/div>\n<div><\/div>\n<div>M\u00fckemmelli\u011fe olan ba\u011fl\u0131l\u0131\u011f\u0131m\u0131z, nakliye s\u00fcrecimize de yans\u0131r. \u00d6zellikle i\u015f alan\u0131nda zaman\u0131n \u00e7ok \u00f6nemli oldu\u011funun fark\u0131nday\u0131z. PR-843 Tripod (\u00fc\u00e7 ayakl\u0131) Bastonu, h\u0131zl\u0131 sevkiyat \u00fcr\u00fcn etiketine sahiptir ve i\u015fletmenizi donatmada veya m\u00fc\u015fterilerinize ihtiya\u00e7 duyduklar\u0131 mobilite yard\u0131m\u0131n\u0131 sa\u011flamada gereksiz gecikmeler olmamas\u0131n\u0131 sa\u011flar. G\u00fcvenilirlik ve h\u0131z ile e\u015f anlaml\u0131 olan PR-843 Tripod ile tekliflerinizi y\u00fckseltmek i\u00e7in g\u00fczel bir se\u00e7enek sunuyoruz.<\/div>\n<div><\/div>\n<p><div  id=\"btn_klavuz\"  class='avia-button-wrap av-av_button-a83d54e0e1a9b98fd59018d94bcd697c-wrap avia-button-left  avia-builder-el-0  el_before_av_button  avia-builder-el-first '><a href='https:\/\/www.integramedikal.com\/magaza\/upload\/kilavuz\/73-pr-843-tripod-baston.pdf'  class='avia-button av-av_button-a83d54e0e1a9b98fd59018d94bcd697c av-link-btn avia-icon_select-yes-left-icon avia-size-medium avia-position-left avia-color-theme-color-highlight'  target=\"_blank\"  rel=\"noopener noreferrer\"  aria-label=\"Kullan\u0131m K\u0131lavuzu\"><span class='avia_button_icon avia_button_icon_left avia-svg-icon avia-font-svg_entypo-fontello' data-av_svg_icon='book-open' data-av_iconset='svg_entypo-fontello'><svg version=\"1.1\" xmlns=\"http:\/\/www.w3.org\/2000\/svg\" width=\"29\" height=\"32\" viewBox=\"0 0 29 32\" preserveAspectRatio=\"xMidYMid meet\" aria-labelledby='av-svg-title-1' aria-describedby='av-svg-desc-1' role=\"graphics-symbol\">\n<title id='av-svg-title-1'>Book-open<\/title>\n<desc id='av-svg-desc-1'>Book-open<\/desc>\n<path d=\"M10.88 19.584v2.176l-6.4-2.56v-2.176zM10.88 12.928v2.176l-6.4-2.56v-2.176zM28.096 1.856q0.704 0.384 0.704 1.344v20.48q0 1.088-1.024 1.472l-12.736 5.12q-0.256 0.064-0.32 0.064t-0.16 0.032-0.16 0.032-0.16-0.032-0.16-0.032l-0.32-0.064-12.736-5.12q-1.024-0.384-1.024-1.472v-20.48q0-0.96 0.704-1.344 0.704-0.512 1.472-0.192l12.224 4.928 12.224-4.928q0.768-0.32 1.472 0.192zM12.8 27.072v-17.92l-10.24-4.096v17.92zM26.24 22.976v-17.92l-10.24 4.096v17.92zM24.32 17.024v2.176l-6.4 2.56v-2.176zM24.32 10.368v2.176l-6.4 2.56v-2.176z\"><\/path>\n<\/svg><\/span><span class='avia_iconbox_title' >Kullan\u0131m K\u0131lavuzu<\/span><\/a><\/div> <div  id=\"btn_teknikbilgi\"  class='avia-button-wrap av-av_button-e069d87ec5d6298b9b6c476e2dc5aa4e-wrap avia-button-left  avia-builder-el-1  el_after_av_button  avia-builder-el-last '><a href='javascript:void(0);'  class='avia-button av-av_button-e069d87ec5d6298b9b6c476e2dc5aa4e av-link-btn avia-icon_select-yes-left-icon avia-size-medium avia-position-left avia-color-theme-color-highlight'   aria-label=\"Teknik Bilgi\"><span class='avia_button_icon avia_button_icon_left avia-svg-icon avia-font-svg_entypo-fontello' data-av_svg_icon='cog' data-av_iconset='svg_entypo-fontello'><svg version=\"1.1\" xmlns=\"http:\/\/www.w3.org\/2000\/svg\" width=\"27\" height=\"32\" viewBox=\"0 0 27 32\" preserveAspectRatio=\"xMidYMid meet\" aria-labelledby='av-svg-title-2' aria-describedby='av-svg-desc-2' role=\"graphics-symbol\">\n<title id='av-svg-title-2'>Cog<\/title>\n<desc id='av-svg-desc-2'>Cog<\/desc>\n<path d=\"M24.32 16q0 2.304 2.56 3.904-0.384 1.28-1.088 2.624-2.24-0.576-4.352 1.408-1.728 1.856-1.088 4.352-1.28 0.64-2.688 1.152-1.472-2.624-4.224-2.624t-4.224 2.624q-1.408-0.512-2.688-1.152 0.64-2.56-1.088-4.352-1.728-1.728-4.352-1.088-0.448-0.832-1.088-2.624 2.624-1.664 2.624-4.224 0-2.304-2.624-3.968 0.64-1.792 1.088-2.624 2.368 0.576 4.352-1.408 1.728-1.792 1.088-4.352 1.344-0.704 2.688-1.088 1.472 2.56 4.224 2.56t4.224-2.56q1.344 0.384 2.688 1.088-0.64 2.496 1.088 4.352 2.112 1.984 4.352 1.408 0.704 1.344 1.088 2.624-2.56 1.6-2.56 3.968zM13.44 21.824q2.432 0 4.128-1.696t1.696-4.128-1.696-4.16-4.128-1.728-4.128 1.728-1.696 4.16 1.696 4.128 4.128 1.696z\"><\/path>\n<\/svg><\/span><span class='avia_iconbox_title' >Teknik Bilgi<\/span><\/a><\/div><\/p>\n","protected":false},"excerpt":{"rendered":"<p>PR-843 Tripod Bastonu ile tan\u0131\u015f\u0131n \u2013 denge ve konfor arayanlar i\u00e7in tasarlanm\u0131\u015f sa\u011flam ve g\u00fcvenilir bir y\u00fcr\u00fcme yard\u0131m\u0131. B2B al\u0131c\u0131lar\u0131na ve engelliler i\u00e7in mobilite \u00e7\u00f6z\u00fcmlerinde uzmanla\u015fm\u0131\u015f \u015firketlere hitap etmek i\u00e7in ustal\u0131kla haz\u0131rlanm\u0131\u015f bu \u00fcr\u00fcn, m\u00fckemmelli\u011fe olan ba\u011fl\u0131l\u0131\u011f\u0131m\u0131z\u0131n bir kan\u0131t\u0131 olarak duruyor. Etkileyici \u00f6zellikleri, g\u00fcnl\u00fck kullan\u0131m i\u00e7in geli\u015fmi\u015f destek vaat ederek, hareket g\u00fc\u00e7l\u00fc\u011f\u00fc \u00e7ekenlere hitap eden [&hellip;]<\/p>\n","protected":false},"featured_media":1661,"comment_status":"open","ping_status":"closed","template":"","meta":[],"product_brand":[],"product_cat":[600],"product_tag":[],"class_list":{"0":"post-1651","1":"product","2":"type-product","3":"status-publish","4":"has-post-thumbnail","6":"product_cat-yurume-gruplari","8":"first","9":"outofstock","10":"sale","11":"taxable","12":"shipping-taxable","13":"purchasable","14":"product-type-simple"},"yoast_head":"<!-- This site is optimized with the Yoast SEO plugin v27.4 - https:\/\/yoast.com\/product\/yoast-seo-wordpress\/ -->\n<title>PR-843 Tripod Baston - \u0130ntegra Medikal | | Ma\u011faza<\/title>\n<meta name=\"robots\" content=\"index, follow, max-snippet:-1, max-image-preview:large, max-video-preview:-1\" \/>\n<link rel=\"canonical\" href=\"https:\/\/integramedikal.com\/magaza\/urun\/pr-843-tripod-baston\/\" \/>\n<meta property=\"og:locale\" content=\"tr_TR\" \/>\n<meta property=\"og:type\" content=\"article\" \/>\n<meta property=\"og:title\" content=\"PR-843 Tripod Baston - \u0130ntegra Medikal | | Ma\u011faza\" \/>\n<meta property=\"og:description\" content=\"PR-843 Tripod Bastonu ile tan\u0131\u015f\u0131n \u2013 denge ve konfor arayanlar i\u00e7in tasarlanm\u0131\u015f sa\u011flam ve g\u00fcvenilir bir y\u00fcr\u00fcme yard\u0131m\u0131. B2B al\u0131c\u0131lar\u0131na ve engelliler i\u00e7in mobilite \u00e7\u00f6z\u00fcmlerinde uzmanla\u015fm\u0131\u015f \u015firketlere hitap etmek i\u00e7in ustal\u0131kla haz\u0131rlanm\u0131\u015f bu \u00fcr\u00fcn, m\u00fckemmelli\u011fe olan ba\u011fl\u0131l\u0131\u011f\u0131m\u0131z\u0131n bir kan\u0131t\u0131 olarak duruyor. Etkileyici \u00f6zellikleri, g\u00fcnl\u00fck kullan\u0131m i\u00e7in geli\u015fmi\u015f destek vaat ederek, hareket g\u00fc\u00e7l\u00fc\u011f\u00fc \u00e7ekenlere hitap eden [&hellip;]\" \/>\n<meta property=\"og:url\" content=\"https:\/\/integramedikal.com\/magaza\/urun\/pr-843-tripod-baston\/\" \/>\n<meta property=\"og:site_name\" content=\"\u0130ntegra Medikal | | Ma\u011faza\" \/>\n<meta property=\"article:publisher\" content=\"https:\/\/www.facebook.com\/integramedikal1\" \/>\n<meta property=\"article:modified_time\" content=\"2026-04-01T07:45:55+00:00\" \/>\n<meta property=\"og:image\" content=\"https:\/\/integramedikal.com\/magaza\/wp-content\/uploads\/2025\/06\/PR-843.jpg\" \/>\n\t<meta property=\"og:image:width\" content=\"900\" \/>\n\t<meta property=\"og:image:height\" content=\"900\" \/>\n\t<meta property=\"og:image:type\" content=\"image\/jpeg\" \/>\n<meta name=\"twitter:card\" content=\"summary_large_image\" \/>\n<meta name=\"twitter:site\" content=\"@integramedikal\" \/>\n<meta name=\"twitter:label1\" content=\"Tahmini okuma s\u00fcresi\" \/>\n\t<meta name=\"twitter:data1\" content=\"3 dakika\" \/>\n<script type=\"application\/ld+json\" class=\"yoast-schema-graph\">{\"@context\":\"https:\\\/\\\/schema.org\",\"@graph\":[{\"@type\":\"WebPage\",\"@id\":\"https:\\\/\\\/integramedikal.com\\\/magaza\\\/urun\\\/pr-843-tripod-baston\\\/\",\"url\":\"https:\\\/\\\/integramedikal.com\\\/magaza\\\/urun\\\/pr-843-tripod-baston\\\/\",\"name\":\"PR-843 Tripod Baston - \u0130ntegra Medikal | | Ma\u011faza\",\"isPartOf\":{\"@id\":\"https:\\\/\\\/integramedikal.com\\\/magaza\\\/#website\"},\"primaryImageOfPage\":{\"@id\":\"https:\\\/\\\/integramedikal.com\\\/magaza\\\/urun\\\/pr-843-tripod-baston\\\/#primaryimage\"},\"image\":{\"@id\":\"https:\\\/\\\/integramedikal.com\\\/magaza\\\/urun\\\/pr-843-tripod-baston\\\/#primaryimage\"},\"thumbnailUrl\":\"https:\\\/\\\/integramedikal.com\\\/magaza\\\/wp-content\\\/uploads\\\/2025\\\/06\\\/PR-843.jpg\",\"datePublished\":\"2025-06-02T20:26:00+00:00\",\"dateModified\":\"2026-04-01T07:45:55+00:00\",\"breadcrumb\":{\"@id\":\"https:\\\/\\\/integramedikal.com\\\/magaza\\\/urun\\\/pr-843-tripod-baston\\\/#breadcrumb\"},\"inLanguage\":\"tr\",\"potentialAction\":[{\"@type\":\"ReadAction\",\"target\":[\"https:\\\/\\\/integramedikal.com\\\/magaza\\\/urun\\\/pr-843-tripod-baston\\\/\"]}]},{\"@type\":\"ImageObject\",\"inLanguage\":\"tr\",\"@id\":\"https:\\\/\\\/integramedikal.com\\\/magaza\\\/urun\\\/pr-843-tripod-baston\\\/#primaryimage\",\"url\":\"https:\\\/\\\/integramedikal.com\\\/magaza\\\/wp-content\\\/uploads\\\/2025\\\/06\\\/PR-843.jpg\",\"contentUrl\":\"https:\\\/\\\/integramedikal.com\\\/magaza\\\/wp-content\\\/uploads\\\/2025\\\/06\\\/PR-843.jpg\",\"width\":900,\"height\":900},{\"@type\":\"BreadcrumbList\",\"@id\":\"https:\\\/\\\/integramedikal.com\\\/magaza\\\/urun\\\/pr-843-tripod-baston\\\/#breadcrumb\",\"itemListElement\":[{\"@type\":\"ListItem\",\"position\":1,\"name\":\"Anasayfa\",\"item\":\"https:\\\/\\\/integramedikal.com\\\/magaza\\\/anasayfa\\\/\"},{\"@type\":\"ListItem\",\"position\":2,\"name\":\"Shop\",\"item\":\"https:\\\/\\\/integramedikal.com\\\/magaza\\\/shop\\\/\"},{\"@type\":\"ListItem\",\"position\":3,\"name\":\"PR-843 Tripod Baston\"}]},{\"@type\":\"WebSite\",\"@id\":\"https:\\\/\\\/integramedikal.com\\\/magaza\\\/#website\",\"url\":\"https:\\\/\\\/integramedikal.com\\\/magaza\\\/\",\"name\":\"\u0130ntegra Medikal < | | >Ma\u011faza\",\"description\":\"Sa\u011fl\u0131kta Kalite | Sekt\u00f6rde 25. Y\u0131l\",\"publisher\":{\"@id\":\"https:\\\/\\\/integramedikal.com\\\/magaza\\\/#organization\"},\"potentialAction\":[{\"@type\":\"SearchAction\",\"target\":{\"@type\":\"EntryPoint\",\"urlTemplate\":\"https:\\\/\\\/integramedikal.com\\\/magaza\\\/?s={search_term_string}\"},\"query-input\":{\"@type\":\"PropertyValueSpecification\",\"valueRequired\":true,\"valueName\":\"search_term_string\"}}],\"inLanguage\":\"tr\"},{\"@type\":\"Organization\",\"@id\":\"https:\\\/\\\/integramedikal.com\\\/magaza\\\/#organization\",\"name\":\"\u0130ntegra Medikal < | | >Ma\u011faza\",\"url\":\"https:\\\/\\\/integramedikal.com\\\/magaza\\\/\",\"logo\":{\"@type\":\"ImageObject\",\"inLanguage\":\"tr\",\"@id\":\"https:\\\/\\\/integramedikal.com\\\/magaza\\\/#\\\/schema\\\/logo\\\/image\\\/\",\"url\":\"https:\\\/\\\/integramedikal.com\\\/magaza\\\/wp-content\\\/uploads\\\/2025\\\/06\\\/integra-logo-1.png\",\"contentUrl\":\"https:\\\/\\\/integramedikal.com\\\/magaza\\\/wp-content\\\/uploads\\\/2025\\\/06\\\/integra-logo-1.png\",\"width\":340,\"height\":156,\"caption\":\"\u0130ntegra Medikal < | | >Ma\u011faza\"},\"image\":{\"@id\":\"https:\\\/\\\/integramedikal.com\\\/magaza\\\/#\\\/schema\\\/logo\\\/image\\\/\"},\"sameAs\":[\"https:\\\/\\\/www.facebook.com\\\/integramedikal1\",\"https:\\\/\\\/x.com\\\/integramedikal\",\"https:\\\/\\\/www.instagram.com\\\/integramedikal\\\/\",\"https:\\\/\\\/www.youtube.com\\\/user\\\/integramedikal\"]}]}<\/script>\n<!-- \/ Yoast SEO plugin. -->","yoast_head_json":{"title":"PR-843 Tripod Baston - \u0130ntegra Medikal | | Ma\u011faza","robots":{"index":"index","follow":"follow","max-snippet":"max-snippet:-1","max-image-preview":"max-image-preview:large","max-video-preview":"max-video-preview:-1"},"canonical":"https:\/\/integramedikal.com\/magaza\/urun\/pr-843-tripod-baston\/","og_locale":"tr_TR","og_type":"article","og_title":"PR-843 Tripod Baston - \u0130ntegra Medikal | | Ma\u011faza","og_description":"PR-843 Tripod Bastonu ile tan\u0131\u015f\u0131n \u2013 denge ve konfor arayanlar i\u00e7in tasarlanm\u0131\u015f sa\u011flam ve g\u00fcvenilir bir y\u00fcr\u00fcme yard\u0131m\u0131. B2B al\u0131c\u0131lar\u0131na ve engelliler i\u00e7in mobilite \u00e7\u00f6z\u00fcmlerinde uzmanla\u015fm\u0131\u015f \u015firketlere hitap etmek i\u00e7in ustal\u0131kla haz\u0131rlanm\u0131\u015f bu \u00fcr\u00fcn, m\u00fckemmelli\u011fe olan ba\u011fl\u0131l\u0131\u011f\u0131m\u0131z\u0131n bir kan\u0131t\u0131 olarak duruyor. Etkileyici \u00f6zellikleri, g\u00fcnl\u00fck kullan\u0131m i\u00e7in geli\u015fmi\u015f destek vaat ederek, hareket g\u00fc\u00e7l\u00fc\u011f\u00fc \u00e7ekenlere hitap eden [&hellip;]","og_url":"https:\/\/integramedikal.com\/magaza\/urun\/pr-843-tripod-baston\/","og_site_name":"\u0130ntegra Medikal | | Ma\u011faza","article_publisher":"https:\/\/www.facebook.com\/integramedikal1","article_modified_time":"2026-04-01T07:45:55+00:00","og_image":[{"width":900,"height":900,"url":"https:\/\/integramedikal.com\/magaza\/wp-content\/uploads\/2025\/06\/PR-843.jpg","type":"image\/jpeg"}],"twitter_card":"summary_large_image","twitter_site":"@integramedikal","twitter_misc":{"Tahmini okuma s\u00fcresi":"3 dakika"},"schema":{"@context":"https:\/\/schema.org","@graph":[{"@type":"WebPage","@id":"https:\/\/integramedikal.com\/magaza\/urun\/pr-843-tripod-baston\/","url":"https:\/\/integramedikal.com\/magaza\/urun\/pr-843-tripod-baston\/","name":"PR-843 Tripod Baston - \u0130ntegra Medikal | | Ma\u011faza","isPartOf":{"@id":"https:\/\/integramedikal.com\/magaza\/#website"},"primaryImageOfPage":{"@id":"https:\/\/integramedikal.com\/magaza\/urun\/pr-843-tripod-baston\/#primaryimage"},"image":{"@id":"https:\/\/integramedikal.com\/magaza\/urun\/pr-843-tripod-baston\/#primaryimage"},"thumbnailUrl":"https:\/\/integramedikal.com\/magaza\/wp-content\/uploads\/2025\/06\/PR-843.jpg","datePublished":"2025-06-02T20:26:00+00:00","dateModified":"2026-04-01T07:45:55+00:00","breadcrumb":{"@id":"https:\/\/integramedikal.com\/magaza\/urun\/pr-843-tripod-baston\/#breadcrumb"},"inLanguage":"tr","potentialAction":[{"@type":"ReadAction","target":["https:\/\/integramedikal.com\/magaza\/urun\/pr-843-tripod-baston\/"]}]},{"@type":"ImageObject","inLanguage":"tr","@id":"https:\/\/integramedikal.com\/magaza\/urun\/pr-843-tripod-baston\/#primaryimage","url":"https:\/\/integramedikal.com\/magaza\/wp-content\/uploads\/2025\/06\/PR-843.jpg","contentUrl":"https:\/\/integramedikal.com\/magaza\/wp-content\/uploads\/2025\/06\/PR-843.jpg","width":900,"height":900},{"@type":"BreadcrumbList","@id":"https:\/\/integramedikal.com\/magaza\/urun\/pr-843-tripod-baston\/#breadcrumb","itemListElement":[{"@type":"ListItem","position":1,"name":"Anasayfa","item":"https:\/\/integramedikal.com\/magaza\/anasayfa\/"},{"@type":"ListItem","position":2,"name":"Shop","item":"https:\/\/integramedikal.com\/magaza\/shop\/"},{"@type":"ListItem","position":3,"name":"PR-843 Tripod Baston"}]},{"@type":"WebSite","@id":"https:\/\/integramedikal.com\/magaza\/#website","url":"https:\/\/integramedikal.com\/magaza\/","name":"\u0130ntegra Medikal < | | >Ma\u011faza","description":"Sa\u011fl\u0131kta Kalite | Sekt\u00f6rde 25. Y\u0131l","publisher":{"@id":"https:\/\/integramedikal.com\/magaza\/#organization"},"potentialAction":[{"@type":"SearchAction","target":{"@type":"EntryPoint","urlTemplate":"https:\/\/integramedikal.com\/magaza\/?s={search_term_string}"},"query-input":{"@type":"PropertyValueSpecification","valueRequired":true,"valueName":"search_term_string"}}],"inLanguage":"tr"},{"@type":"Organization","@id":"https:\/\/integramedikal.com\/magaza\/#organization","name":"\u0130ntegra Medikal < | | >Ma\u011faza","url":"https:\/\/integramedikal.com\/magaza\/","logo":{"@type":"ImageObject","inLanguage":"tr","@id":"https:\/\/integramedikal.com\/magaza\/#\/schema\/logo\/image\/","url":"https:\/\/integramedikal.com\/magaza\/wp-content\/uploads\/2025\/06\/integra-logo-1.png","contentUrl":"https:\/\/integramedikal.com\/magaza\/wp-content\/uploads\/2025\/06\/integra-logo-1.png","width":340,"height":156,"caption":"\u0130ntegra Medikal < | | >Ma\u011faza"},"image":{"@id":"https:\/\/integramedikal.com\/magaza\/#\/schema\/logo\/image\/"},"sameAs":["https:\/\/www.facebook.com\/integramedikal1","https:\/\/x.com\/integramedikal","https:\/\/www.instagram.com\/integramedikal\/","https:\/\/www.youtube.com\/user\/integramedikal"]}]}},"_links":{"self":[{"href":"https:\/\/integramedikal.com\/magaza\/wp-json\/wp\/v2\/product\/1651","targetHints":{"allow":["GET"]}}],"collection":[{"href":"https:\/\/integramedikal.com\/magaza\/wp-json\/wp\/v2\/product"}],"about":[{"href":"https:\/\/integramedikal.com\/magaza\/wp-json\/wp\/v2\/types\/product"}],"replies":[{"embeddable":true,"href":"https:\/\/integramedikal.com\/magaza\/wp-json\/wp\/v2\/comments?post=1651"}],"wp:featuredmedia":[{"embeddable":true,"href":"https:\/\/integramedikal.com\/magaza\/wp-json\/wp\/v2\/media\/1661"}],"wp:attachment":[{"href":"https:\/\/integramedikal.com\/magaza\/wp-json\/wp\/v2\/media?parent=1651"}],"wp:term":[{"taxonomy":"product_brand","embeddable":true,"href":"https:\/\/integramedikal.com\/magaza\/wp-json\/wp\/v2\/product_brand?post=1651"},{"taxonomy":"product_cat","embeddable":true,"href":"https:\/\/integramedikal.com\/magaza\/wp-json\/wp\/v2\/product_cat?post=1651"},{"taxonomy":"product_tag","embeddable":true,"href":"https:\/\/integramedikal.com\/magaza\/wp-json\/wp\/v2\/product_tag?post=1651"}],"curies":[{"name":"wp","href":"https:\/\/api.w.org\/{rel}","templated":true}]}}