{"id":1650,"date":"2025-06-02T23:26:00","date_gmt":"2025-06-02T20:26:00","guid":{"rendered":"https:\/\/integramedikal.com\/magaza\/?post_type=product&#038;p=1650"},"modified":"2026-02-26T17:24:18","modified_gmt":"2026-02-26T14:24:18","slug":"pr-107-gorme-engelliler-icin-teleskopik-veya-katlanabilir-baston","status":"publish","type":"product","link":"https:\/\/integramedikal.com\/magaza\/urun\/pr-107-gorme-engelliler-icin-teleskopik-veya-katlanabilir-baston\/","title":{"rendered":"PR-107 G\u00f6rme Engelliler i\u00e7in Teleskopik veya Katlanabilir Baston"},"content":{"rendered":"<div>G\u00f6rme engelli bireyler i\u00e7in \u00f6zel olarak tasarlanm\u0131\u015f temel bir hareket yard\u0131mc\u0131s\u0131 olan PR-107 Teleskopik veya Katlanabilir Baston ile tan\u0131\u015f\u0131n. Bu baston, kullan\u0131c\u0131lara daha fazla g\u00fcven ve ba\u011f\u0131ms\u0131zl\u0131k sunmak i\u00e7in haz\u0131rlanm\u0131\u015f olarak pazarda \u00f6ne \u00e7\u0131k\u0131yor. Ayr\u0131nt\u0131lara dikkat edilerek olu\u015fturulan, kullan\u0131c\u0131lar\u0131n\u0131n farkl\u0131 ihtiya\u00e7lar\u0131n\u0131 kar\u015f\u0131layarak g\u00fcnl\u00fck gezinmeyi hem daha basit hem de daha g\u00fcvenli hale getirir. Kalite ve i\u015flevselli\u011fe olan ba\u011fl\u0131l\u0131\u011f\u0131m\u0131z, baston tasar\u0131m\u0131n\u0131n her alan\u0131nda belirgindir ve B2B m\u00fc\u015fterilerimizin ve engelliler i\u00e7in mobilite \u00e7\u00f6z\u00fcmlerinde uzmanla\u015fm\u0131\u015f firmalar\u0131m\u0131z\u0131n bekledi\u011fi y\u00fcksek standartlar\u0131 kar\u015f\u0131lamas\u0131n\u0131 sa\u011flar.<\/div>\n<div><\/div>\n<div>PR-107 bastonunun temelinde, s\u0131k kullan\u0131m taleplerine dayanacak \u015fekilde titizlikle tasarlanm\u0131\u015f sa\u011flam g\u00f6vde yap\u0131s\u0131 yatar. Dayan\u0131kl\u0131 yap\u0131, g\u00f6rme engellilerin zorlu g\u00fcnl\u00fck ihtiya\u00e7lar\u0131 i\u00e7in ideal olan uzun \u00f6m\u00fcrl\u00fc performans\u0131 garanti eder. G\u00fcvenilirli\u011fe verilen \u00f6nem g\u00f6z \u00f6n\u00fcne al\u0131nd\u0131\u011f\u0131nda, bu \u00fcr\u00fcn gururla 2 Y\u0131l Garanti ile birlikte gelir ve hem size hem de m\u00fc\u015fterilerinize g\u00f6n\u00fcl rahatl\u0131\u011f\u0131 sa\u011flar. Kullan\u0131c\u0131 taraf\u0131ndan tavsiye edilen durumu, geni\u015f bir yelpazedeki memnun m\u00fc\u015fterilerden al\u0131nan olumlu geri bildirimleri ve g\u00fcveni yans\u0131t\u0131r.<\/div>\n<div><\/div>\n<div><b>G\u00f6rme Engelliler i\u00e7in Ola\u011fan\u00fcst\u00fc \u00d6zellikler<\/b><\/div>\n<div><b><br \/><\/b><\/div>\n<div>PR-107 bastonu, kaliteden \u00f6d\u00fcn vermeyen ekonomik bir \u00fcr\u00fcn\u00fcn kan\u0131t\u0131d\u0131r. B2B alan\u0131ndaki finansal hususlar\u0131 g\u00f6z \u00f6n\u00fcnde bulundurarak, bastonun temel \u00f6zelliklerden veya dayan\u0131kl\u0131l\u0131ktan \u00f6d\u00fcn vermeden eri\u015filebilir kalmas\u0131n\u0131 sa\u011flad\u0131k. Pratiklik ve sat\u0131n al\u0131nabilirli\u011fin m\u00fckemmel bir kar\u0131\u015f\u0131m\u0131n\u0131 b\u00fcnyesinde bar\u0131nd\u0131r\u0131r ve bu, \u00f6zellikle g\u00f6rme engellileri b\u00fct\u00e7elerini zorlamadan ba\u011f\u0131ms\u0131zl\u0131k i\u00e7in g\u00fcvenilir ara\u00e7larla donatmaya \u00e7al\u0131\u015fan kurulu\u015flar i\u00e7in kritik \u00f6neme sahiptir.<\/div>\n<div><\/div>\n<div>Zaman\u0131nda teslimat\u0131n gereklili\u011fini anlayarak, bu \u00c2ma bastonu i\u00e7in h\u0131zl\u0131 sevkiyat\u0131 vurguluyoruz. Kolayla\u015ft\u0131r\u0131lm\u0131\u015f da\u011f\u0131t\u0131m kanallar\u0131m\u0131z ve g\u00fcvenilir lojistik ortaklar\u0131m\u0131z, \u00fcr\u00fcn\u00fcn\u00fcz\u00fcn var\u0131\u015f noktas\u0131na derhal ula\u015fmas\u0131n\u0131 sa\u011flamak, ar\u0131za s\u00fcresini en aza indirmek ve memnuniyeti art\u0131rmak i\u00e7in birlikte \u00e7al\u0131\u015f\u0131r. Her teleskopik veya katlanabilir baston, sevkiyattan \u00f6nce kapsaml\u0131 bir \u015fekilde incelenir ve m\u00fckemmel durumda ve ihtiyac\u0131 olanlar\u0131n hizmetine sunulmaya haz\u0131r oldu\u011fundan emin olunur.<\/div>\n<div><\/div>\n<div><b>M\u00fc\u015fterileriniz d\u00fc\u015f\u00fcn\u00fclerek tasarland\u0131<\/b><\/div>\n<div><b><br \/><\/b><\/div>\n<div>Bu g\u00f6rme engelli bastonun teleskopik ve katlanabilir tasar\u0131m\u0131, rahatl\u0131\u011f\u0131n\u0131 ve saklama kolayl\u0131\u011f\u0131n\u0131 vurgulayarak kullan\u0131c\u0131 i\u00e7in daha fazla \u00f6zerklik sa\u011flar. M\u00fc\u015fterileriniz ister seyahat ihtiya\u00e7lar\u0131 i\u00e7in ta\u015f\u0131nabilir bir \u00e7\u00f6z\u00fcme ister g\u00fcnl\u00fck yard\u0131mc\u0131 bir cihaza ihtiya\u00e7 duysun, PR-107 bastonunun \u00e7ok y\u00f6nl\u00fcl\u00fc\u011f\u00fc beklentilerini kar\u015f\u0131layacak ve a\u015facakt\u0131r. Bir y\u00fcr\u00fcme yard\u0131mc\u0131s\u0131ndan daha fazlas\u0131 haline gelir; Her yolculukta g\u00fcvenilir bir yol arkada\u015f\u0131d\u0131r ve yolun her ad\u0131m\u0131nda konfor ve destek sunar.<\/div>\n<div><\/div>\n<div>G\u00f6rme engelli bastonlar\u0131n\u0131n \u00f6zel pazar\u0131nda, PR-107 bastonu m\u00fc\u015fteri odakl\u0131 tasar\u0131m\u0131yla kendini farkl\u0131 k\u0131lmaktad\u0131r. G\u00f6rme engelliler toplulu\u011funun benzersiz gereksinimlerine odaklanarak, yaln\u0131zca bir destek arac\u0131 de\u011fil, ayn\u0131 zamanda g\u00fc\u00e7lendirici bir ara\u00e7 olan bir \u00fcr\u00fcn sunuyoruz. G\u00fcveni art\u0131r\u0131r, hareketlili\u011fi art\u0131r\u0131r ve g\u00fcnl\u00fck ya\u015fam\u0131n \u00e7e\u015fitli y\u00f6nlerine sorunsuz entegrasyon sa\u011flar.<\/div>\n<div><\/div>\n<p><div  id=\"btn_klavuz\"  class='avia-button-wrap av-av_button-a66e26917edce9c0179195c3d78a849d-wrap avia-button-left  avia-builder-el-0  el_before_av_button  avia-builder-el-first '><a href='https:\/\/www.integramedikal.com\/magaza\/upload\/kilavuz\/72-pr-107-gorme-engelliler-icin-teleskopik-veya-katlanabilir-baston.pdf'  class='avia-button av-av_button-a66e26917edce9c0179195c3d78a849d av-link-btn avia-icon_select-yes-left-icon avia-size-medium avia-position-left avia-color-theme-color-highlight'  target=\"_blank\"  rel=\"noopener noreferrer\"  aria-label=\"Kullan\u0131m K\u0131lavuzu\"><span class='avia_button_icon avia_button_icon_left avia-svg-icon avia-font-svg_entypo-fontello' data-av_svg_icon='book-open' data-av_iconset='svg_entypo-fontello'><svg version=\"1.1\" xmlns=\"http:\/\/www.w3.org\/2000\/svg\" width=\"29\" height=\"32\" viewBox=\"0 0 29 32\" preserveAspectRatio=\"xMidYMid meet\" aria-labelledby='av-svg-title-1' aria-describedby='av-svg-desc-1' role=\"graphics-symbol\">\n<title id='av-svg-title-1'>Book-open<\/title>\n<desc id='av-svg-desc-1'>Book-open<\/desc>\n<path d=\"M10.88 19.584v2.176l-6.4-2.56v-2.176zM10.88 12.928v2.176l-6.4-2.56v-2.176zM28.096 1.856q0.704 0.384 0.704 1.344v20.48q0 1.088-1.024 1.472l-12.736 5.12q-0.256 0.064-0.32 0.064t-0.16 0.032-0.16 0.032-0.16-0.032-0.16-0.032l-0.32-0.064-12.736-5.12q-1.024-0.384-1.024-1.472v-20.48q0-0.96 0.704-1.344 0.704-0.512 1.472-0.192l12.224 4.928 12.224-4.928q0.768-0.32 1.472 0.192zM12.8 27.072v-17.92l-10.24-4.096v17.92zM26.24 22.976v-17.92l-10.24 4.096v17.92zM24.32 17.024v2.176l-6.4 2.56v-2.176zM24.32 10.368v2.176l-6.4 2.56v-2.176z\"><\/path>\n<\/svg><\/span><span class='avia_iconbox_title' >Kullan\u0131m K\u0131lavuzu<\/span><\/a><\/div> <div  id=\"btn_teknikbilgi\"  class='avia-button-wrap av-av_button-e069d87ec5d6298b9b6c476e2dc5aa4e-wrap avia-button-left  avia-builder-el-1  el_after_av_button  avia-builder-el-last '><a href='javascript:void(0);'  class='avia-button av-av_button-e069d87ec5d6298b9b6c476e2dc5aa4e av-link-btn avia-icon_select-yes-left-icon avia-size-medium avia-position-left avia-color-theme-color-highlight'   aria-label=\"Teknik Bilgi\"><span class='avia_button_icon avia_button_icon_left avia-svg-icon avia-font-svg_entypo-fontello' data-av_svg_icon='cog' data-av_iconset='svg_entypo-fontello'><svg version=\"1.1\" xmlns=\"http:\/\/www.w3.org\/2000\/svg\" width=\"27\" height=\"32\" viewBox=\"0 0 27 32\" preserveAspectRatio=\"xMidYMid meet\" aria-labelledby='av-svg-title-2' aria-describedby='av-svg-desc-2' role=\"graphics-symbol\">\n<title id='av-svg-title-2'>Cog<\/title>\n<desc id='av-svg-desc-2'>Cog<\/desc>\n<path d=\"M24.32 16q0 2.304 2.56 3.904-0.384 1.28-1.088 2.624-2.24-0.576-4.352 1.408-1.728 1.856-1.088 4.352-1.28 0.64-2.688 1.152-1.472-2.624-4.224-2.624t-4.224 2.624q-1.408-0.512-2.688-1.152 0.64-2.56-1.088-4.352-1.728-1.728-4.352-1.088-0.448-0.832-1.088-2.624 2.624-1.664 2.624-4.224 0-2.304-2.624-3.968 0.64-1.792 1.088-2.624 2.368 0.576 4.352-1.408 1.728-1.792 1.088-4.352 1.344-0.704 2.688-1.088 1.472 2.56 4.224 2.56t4.224-2.56q1.344 0.384 2.688 1.088-0.64 2.496 1.088 4.352 2.112 1.984 4.352 1.408 0.704 1.344 1.088 2.624-2.56 1.6-2.56 3.968zM13.44 21.824q2.432 0 4.128-1.696t1.696-4.128-1.696-4.16-4.128-1.728-4.128 1.728-1.696 4.16 1.696 4.128 4.128 1.696z\"><\/path>\n<\/svg><\/span><span class='avia_iconbox_title' >Teknik Bilgi<\/span><\/a><\/div><\/p>\n","protected":false},"excerpt":{"rendered":"<p>G\u00f6rme engelli bireyler i\u00e7in \u00f6zel olarak tasarlanm\u0131\u015f temel bir hareket yard\u0131mc\u0131s\u0131 olan PR-107 Teleskopik veya Katlanabilir Baston ile tan\u0131\u015f\u0131n. Bu baston, kullan\u0131c\u0131lara daha fazla g\u00fcven ve ba\u011f\u0131ms\u0131zl\u0131k sunmak i\u00e7in haz\u0131rlanm\u0131\u015f olarak pazarda \u00f6ne \u00e7\u0131k\u0131yor. Ayr\u0131nt\u0131lara dikkat edilerek olu\u015fturulan, kullan\u0131c\u0131lar\u0131n\u0131n farkl\u0131 ihtiya\u00e7lar\u0131n\u0131 kar\u015f\u0131layarak g\u00fcnl\u00fck gezinmeyi hem daha basit hem de daha g\u00fcvenli hale getirir. Kalite ve [&hellip;]<\/p>\n","protected":false},"featured_media":1660,"comment_status":"open","ping_status":"closed","template":"","meta":[],"product_brand":[],"product_cat":[600],"product_tag":[],"class_list":{"0":"post-1650","1":"product","2":"type-product","3":"status-publish","4":"has-post-thumbnail","6":"product_cat-yurume-gruplari","8":"first","9":"outofstock","10":"sale","11":"taxable","12":"shipping-taxable","13":"purchasable","14":"product-type-simple"},"yoast_head":"<!-- This site is optimized with the Yoast SEO plugin v27.4 - https:\/\/yoast.com\/product\/yoast-seo-wordpress\/ -->\n<title>PR-107 G\u00f6rme Engelliler i\u00e7in Teleskopik veya Katlanabilir Baston - \u0130ntegra Medikal | | Ma\u011faza<\/title>\n<meta name=\"robots\" content=\"index, follow, max-snippet:-1, max-image-preview:large, max-video-preview:-1\" \/>\n<link rel=\"canonical\" href=\"https:\/\/integramedikal.com\/magaza\/urun\/pr-107-gorme-engelliler-icin-teleskopik-veya-katlanabilir-baston\/\" \/>\n<meta property=\"og:locale\" content=\"tr_TR\" \/>\n<meta property=\"og:type\" content=\"article\" \/>\n<meta property=\"og:title\" content=\"PR-107 G\u00f6rme Engelliler i\u00e7in Teleskopik veya Katlanabilir Baston - \u0130ntegra Medikal | | Ma\u011faza\" \/>\n<meta property=\"og:description\" content=\"G\u00f6rme engelli bireyler i\u00e7in \u00f6zel olarak tasarlanm\u0131\u015f temel bir hareket yard\u0131mc\u0131s\u0131 olan PR-107 Teleskopik veya Katlanabilir Baston ile tan\u0131\u015f\u0131n. Bu baston, kullan\u0131c\u0131lara daha fazla g\u00fcven ve ba\u011f\u0131ms\u0131zl\u0131k sunmak i\u00e7in haz\u0131rlanm\u0131\u015f olarak pazarda \u00f6ne \u00e7\u0131k\u0131yor. Ayr\u0131nt\u0131lara dikkat edilerek olu\u015fturulan, kullan\u0131c\u0131lar\u0131n\u0131n farkl\u0131 ihtiya\u00e7lar\u0131n\u0131 kar\u015f\u0131layarak g\u00fcnl\u00fck gezinmeyi hem daha basit hem de daha g\u00fcvenli hale getirir. Kalite ve [&hellip;]\" \/>\n<meta property=\"og:url\" content=\"https:\/\/integramedikal.com\/magaza\/urun\/pr-107-gorme-engelliler-icin-teleskopik-veya-katlanabilir-baston\/\" \/>\n<meta property=\"og:site_name\" content=\"\u0130ntegra Medikal | | Ma\u011faza\" \/>\n<meta property=\"article:publisher\" content=\"https:\/\/www.facebook.com\/integramedikal1\" \/>\n<meta property=\"article:modified_time\" content=\"2026-02-26T14:24:18+00:00\" \/>\n<meta property=\"og:image\" content=\"https:\/\/integramedikal.com\/magaza\/wp-content\/uploads\/2025\/06\/gn7.jpg\" \/>\n\t<meta property=\"og:image:width\" content=\"900\" \/>\n\t<meta property=\"og:image:height\" content=\"900\" \/>\n\t<meta property=\"og:image:type\" content=\"image\/jpeg\" \/>\n<meta name=\"twitter:card\" content=\"summary_large_image\" \/>\n<meta name=\"twitter:site\" content=\"@integramedikal\" \/>\n<meta name=\"twitter:label1\" content=\"Tahmini okuma s\u00fcresi\" \/>\n\t<meta name=\"twitter:data1\" content=\"3 dakika\" \/>\n<script type=\"application\/ld+json\" class=\"yoast-schema-graph\">{\"@context\":\"https:\\\/\\\/schema.org\",\"@graph\":[{\"@type\":\"WebPage\",\"@id\":\"https:\\\/\\\/integramedikal.com\\\/magaza\\\/urun\\\/pr-107-gorme-engelliler-icin-teleskopik-veya-katlanabilir-baston\\\/\",\"url\":\"https:\\\/\\\/integramedikal.com\\\/magaza\\\/urun\\\/pr-107-gorme-engelliler-icin-teleskopik-veya-katlanabilir-baston\\\/\",\"name\":\"PR-107 G\u00f6rme Engelliler i\u00e7in Teleskopik veya Katlanabilir Baston - \u0130ntegra Medikal | | Ma\u011faza\",\"isPartOf\":{\"@id\":\"https:\\\/\\\/integramedikal.com\\\/magaza\\\/#website\"},\"primaryImageOfPage\":{\"@id\":\"https:\\\/\\\/integramedikal.com\\\/magaza\\\/urun\\\/pr-107-gorme-engelliler-icin-teleskopik-veya-katlanabilir-baston\\\/#primaryimage\"},\"image\":{\"@id\":\"https:\\\/\\\/integramedikal.com\\\/magaza\\\/urun\\\/pr-107-gorme-engelliler-icin-teleskopik-veya-katlanabilir-baston\\\/#primaryimage\"},\"thumbnailUrl\":\"https:\\\/\\\/integramedikal.com\\\/magaza\\\/wp-content\\\/uploads\\\/2025\\\/06\\\/gn7.jpg\",\"datePublished\":\"2025-06-02T20:26:00+00:00\",\"dateModified\":\"2026-02-26T14:24:18+00:00\",\"breadcrumb\":{\"@id\":\"https:\\\/\\\/integramedikal.com\\\/magaza\\\/urun\\\/pr-107-gorme-engelliler-icin-teleskopik-veya-katlanabilir-baston\\\/#breadcrumb\"},\"inLanguage\":\"tr\",\"potentialAction\":[{\"@type\":\"ReadAction\",\"target\":[\"https:\\\/\\\/integramedikal.com\\\/magaza\\\/urun\\\/pr-107-gorme-engelliler-icin-teleskopik-veya-katlanabilir-baston\\\/\"]}]},{\"@type\":\"ImageObject\",\"inLanguage\":\"tr\",\"@id\":\"https:\\\/\\\/integramedikal.com\\\/magaza\\\/urun\\\/pr-107-gorme-engelliler-icin-teleskopik-veya-katlanabilir-baston\\\/#primaryimage\",\"url\":\"https:\\\/\\\/integramedikal.com\\\/magaza\\\/wp-content\\\/uploads\\\/2025\\\/06\\\/gn7.jpg\",\"contentUrl\":\"https:\\\/\\\/integramedikal.com\\\/magaza\\\/wp-content\\\/uploads\\\/2025\\\/06\\\/gn7.jpg\",\"width\":900,\"height\":900},{\"@type\":\"BreadcrumbList\",\"@id\":\"https:\\\/\\\/integramedikal.com\\\/magaza\\\/urun\\\/pr-107-gorme-engelliler-icin-teleskopik-veya-katlanabilir-baston\\\/#breadcrumb\",\"itemListElement\":[{\"@type\":\"ListItem\",\"position\":1,\"name\":\"Anasayfa\",\"item\":\"https:\\\/\\\/integramedikal.com\\\/magaza\\\/anasayfa\\\/\"},{\"@type\":\"ListItem\",\"position\":2,\"name\":\"Shop\",\"item\":\"https:\\\/\\\/integramedikal.com\\\/magaza\\\/shop\\\/\"},{\"@type\":\"ListItem\",\"position\":3,\"name\":\"PR-107 G\u00f6rme Engelliler i\u00e7in Teleskopik veya Katlanabilir Baston\"}]},{\"@type\":\"WebSite\",\"@id\":\"https:\\\/\\\/integramedikal.com\\\/magaza\\\/#website\",\"url\":\"https:\\\/\\\/integramedikal.com\\\/magaza\\\/\",\"name\":\"\u0130ntegra Medikal < | | >Ma\u011faza\",\"description\":\"Sa\u011fl\u0131kta Kalite | Sekt\u00f6rde 25. Y\u0131l\",\"publisher\":{\"@id\":\"https:\\\/\\\/integramedikal.com\\\/magaza\\\/#organization\"},\"potentialAction\":[{\"@type\":\"SearchAction\",\"target\":{\"@type\":\"EntryPoint\",\"urlTemplate\":\"https:\\\/\\\/integramedikal.com\\\/magaza\\\/?s={search_term_string}\"},\"query-input\":{\"@type\":\"PropertyValueSpecification\",\"valueRequired\":true,\"valueName\":\"search_term_string\"}}],\"inLanguage\":\"tr\"},{\"@type\":\"Organization\",\"@id\":\"https:\\\/\\\/integramedikal.com\\\/magaza\\\/#organization\",\"name\":\"\u0130ntegra Medikal < | | >Ma\u011faza\",\"url\":\"https:\\\/\\\/integramedikal.com\\\/magaza\\\/\",\"logo\":{\"@type\":\"ImageObject\",\"inLanguage\":\"tr\",\"@id\":\"https:\\\/\\\/integramedikal.com\\\/magaza\\\/#\\\/schema\\\/logo\\\/image\\\/\",\"url\":\"https:\\\/\\\/integramedikal.com\\\/magaza\\\/wp-content\\\/uploads\\\/2025\\\/06\\\/integra-logo-1.png\",\"contentUrl\":\"https:\\\/\\\/integramedikal.com\\\/magaza\\\/wp-content\\\/uploads\\\/2025\\\/06\\\/integra-logo-1.png\",\"width\":340,\"height\":156,\"caption\":\"\u0130ntegra Medikal < | | >Ma\u011faza\"},\"image\":{\"@id\":\"https:\\\/\\\/integramedikal.com\\\/magaza\\\/#\\\/schema\\\/logo\\\/image\\\/\"},\"sameAs\":[\"https:\\\/\\\/www.facebook.com\\\/integramedikal1\",\"https:\\\/\\\/x.com\\\/integramedikal\",\"https:\\\/\\\/www.instagram.com\\\/integramedikal\\\/\",\"https:\\\/\\\/www.youtube.com\\\/user\\\/integramedikal\"]}]}<\/script>\n<!-- \/ Yoast SEO plugin. -->","yoast_head_json":{"title":"PR-107 G\u00f6rme Engelliler i\u00e7in Teleskopik veya Katlanabilir Baston - \u0130ntegra Medikal | | Ma\u011faza","robots":{"index":"index","follow":"follow","max-snippet":"max-snippet:-1","max-image-preview":"max-image-preview:large","max-video-preview":"max-video-preview:-1"},"canonical":"https:\/\/integramedikal.com\/magaza\/urun\/pr-107-gorme-engelliler-icin-teleskopik-veya-katlanabilir-baston\/","og_locale":"tr_TR","og_type":"article","og_title":"PR-107 G\u00f6rme Engelliler i\u00e7in Teleskopik veya Katlanabilir Baston - \u0130ntegra Medikal | | Ma\u011faza","og_description":"G\u00f6rme engelli bireyler i\u00e7in \u00f6zel olarak tasarlanm\u0131\u015f temel bir hareket yard\u0131mc\u0131s\u0131 olan PR-107 Teleskopik veya Katlanabilir Baston ile tan\u0131\u015f\u0131n. Bu baston, kullan\u0131c\u0131lara daha fazla g\u00fcven ve ba\u011f\u0131ms\u0131zl\u0131k sunmak i\u00e7in haz\u0131rlanm\u0131\u015f olarak pazarda \u00f6ne \u00e7\u0131k\u0131yor. Ayr\u0131nt\u0131lara dikkat edilerek olu\u015fturulan, kullan\u0131c\u0131lar\u0131n\u0131n farkl\u0131 ihtiya\u00e7lar\u0131n\u0131 kar\u015f\u0131layarak g\u00fcnl\u00fck gezinmeyi hem daha basit hem de daha g\u00fcvenli hale getirir. Kalite ve [&hellip;]","og_url":"https:\/\/integramedikal.com\/magaza\/urun\/pr-107-gorme-engelliler-icin-teleskopik-veya-katlanabilir-baston\/","og_site_name":"\u0130ntegra Medikal | | Ma\u011faza","article_publisher":"https:\/\/www.facebook.com\/integramedikal1","article_modified_time":"2026-02-26T14:24:18+00:00","og_image":[{"width":900,"height":900,"url":"https:\/\/integramedikal.com\/magaza\/wp-content\/uploads\/2025\/06\/gn7.jpg","type":"image\/jpeg"}],"twitter_card":"summary_large_image","twitter_site":"@integramedikal","twitter_misc":{"Tahmini okuma s\u00fcresi":"3 dakika"},"schema":{"@context":"https:\/\/schema.org","@graph":[{"@type":"WebPage","@id":"https:\/\/integramedikal.com\/magaza\/urun\/pr-107-gorme-engelliler-icin-teleskopik-veya-katlanabilir-baston\/","url":"https:\/\/integramedikal.com\/magaza\/urun\/pr-107-gorme-engelliler-icin-teleskopik-veya-katlanabilir-baston\/","name":"PR-107 G\u00f6rme Engelliler i\u00e7in Teleskopik veya Katlanabilir Baston - \u0130ntegra Medikal | | Ma\u011faza","isPartOf":{"@id":"https:\/\/integramedikal.com\/magaza\/#website"},"primaryImageOfPage":{"@id":"https:\/\/integramedikal.com\/magaza\/urun\/pr-107-gorme-engelliler-icin-teleskopik-veya-katlanabilir-baston\/#primaryimage"},"image":{"@id":"https:\/\/integramedikal.com\/magaza\/urun\/pr-107-gorme-engelliler-icin-teleskopik-veya-katlanabilir-baston\/#primaryimage"},"thumbnailUrl":"https:\/\/integramedikal.com\/magaza\/wp-content\/uploads\/2025\/06\/gn7.jpg","datePublished":"2025-06-02T20:26:00+00:00","dateModified":"2026-02-26T14:24:18+00:00","breadcrumb":{"@id":"https:\/\/integramedikal.com\/magaza\/urun\/pr-107-gorme-engelliler-icin-teleskopik-veya-katlanabilir-baston\/#breadcrumb"},"inLanguage":"tr","potentialAction":[{"@type":"ReadAction","target":["https:\/\/integramedikal.com\/magaza\/urun\/pr-107-gorme-engelliler-icin-teleskopik-veya-katlanabilir-baston\/"]}]},{"@type":"ImageObject","inLanguage":"tr","@id":"https:\/\/integramedikal.com\/magaza\/urun\/pr-107-gorme-engelliler-icin-teleskopik-veya-katlanabilir-baston\/#primaryimage","url":"https:\/\/integramedikal.com\/magaza\/wp-content\/uploads\/2025\/06\/gn7.jpg","contentUrl":"https:\/\/integramedikal.com\/magaza\/wp-content\/uploads\/2025\/06\/gn7.jpg","width":900,"height":900},{"@type":"BreadcrumbList","@id":"https:\/\/integramedikal.com\/magaza\/urun\/pr-107-gorme-engelliler-icin-teleskopik-veya-katlanabilir-baston\/#breadcrumb","itemListElement":[{"@type":"ListItem","position":1,"name":"Anasayfa","item":"https:\/\/integramedikal.com\/magaza\/anasayfa\/"},{"@type":"ListItem","position":2,"name":"Shop","item":"https:\/\/integramedikal.com\/magaza\/shop\/"},{"@type":"ListItem","position":3,"name":"PR-107 G\u00f6rme Engelliler i\u00e7in Teleskopik veya Katlanabilir Baston"}]},{"@type":"WebSite","@id":"https:\/\/integramedikal.com\/magaza\/#website","url":"https:\/\/integramedikal.com\/magaza\/","name":"\u0130ntegra Medikal < | | >Ma\u011faza","description":"Sa\u011fl\u0131kta Kalite | Sekt\u00f6rde 25. Y\u0131l","publisher":{"@id":"https:\/\/integramedikal.com\/magaza\/#organization"},"potentialAction":[{"@type":"SearchAction","target":{"@type":"EntryPoint","urlTemplate":"https:\/\/integramedikal.com\/magaza\/?s={search_term_string}"},"query-input":{"@type":"PropertyValueSpecification","valueRequired":true,"valueName":"search_term_string"}}],"inLanguage":"tr"},{"@type":"Organization","@id":"https:\/\/integramedikal.com\/magaza\/#organization","name":"\u0130ntegra Medikal < | | >Ma\u011faza","url":"https:\/\/integramedikal.com\/magaza\/","logo":{"@type":"ImageObject","inLanguage":"tr","@id":"https:\/\/integramedikal.com\/magaza\/#\/schema\/logo\/image\/","url":"https:\/\/integramedikal.com\/magaza\/wp-content\/uploads\/2025\/06\/integra-logo-1.png","contentUrl":"https:\/\/integramedikal.com\/magaza\/wp-content\/uploads\/2025\/06\/integra-logo-1.png","width":340,"height":156,"caption":"\u0130ntegra Medikal < | | >Ma\u011faza"},"image":{"@id":"https:\/\/integramedikal.com\/magaza\/#\/schema\/logo\/image\/"},"sameAs":["https:\/\/www.facebook.com\/integramedikal1","https:\/\/x.com\/integramedikal","https:\/\/www.instagram.com\/integramedikal\/","https:\/\/www.youtube.com\/user\/integramedikal"]}]}},"_links":{"self":[{"href":"https:\/\/integramedikal.com\/magaza\/wp-json\/wp\/v2\/product\/1650","targetHints":{"allow":["GET"]}}],"collection":[{"href":"https:\/\/integramedikal.com\/magaza\/wp-json\/wp\/v2\/product"}],"about":[{"href":"https:\/\/integramedikal.com\/magaza\/wp-json\/wp\/v2\/types\/product"}],"replies":[{"embeddable":true,"href":"https:\/\/integramedikal.com\/magaza\/wp-json\/wp\/v2\/comments?post=1650"}],"wp:featuredmedia":[{"embeddable":true,"href":"https:\/\/integramedikal.com\/magaza\/wp-json\/wp\/v2\/media\/1660"}],"wp:attachment":[{"href":"https:\/\/integramedikal.com\/magaza\/wp-json\/wp\/v2\/media?parent=1650"}],"wp:term":[{"taxonomy":"product_brand","embeddable":true,"href":"https:\/\/integramedikal.com\/magaza\/wp-json\/wp\/v2\/product_brand?post=1650"},{"taxonomy":"product_cat","embeddable":true,"href":"https:\/\/integramedikal.com\/magaza\/wp-json\/wp\/v2\/product_cat?post=1650"},{"taxonomy":"product_tag","embeddable":true,"href":"https:\/\/integramedikal.com\/magaza\/wp-json\/wp\/v2\/product_tag?post=1650"}],"curies":[{"name":"wp","href":"https:\/\/api.w.org\/{rel}","templated":true}]}}