{"id":1648,"date":"2025-06-02T23:25:59","date_gmt":"2025-06-02T20:25:59","guid":{"rendered":"https:\/\/integramedikal.com\/magaza\/?post_type=product&#038;p=1648"},"modified":"2026-04-01T12:04:53","modified_gmt":"2026-04-01T09:04:53","slug":"pr-105-aluminyum-katlanir-baston-bronz","status":"publish","type":"product","link":"https:\/\/integramedikal.com\/magaza\/urun\/pr-105-aluminyum-katlanir-baston-bronz\/","title":{"rendered":"PR-105 Al\u00fcminyum Katlan\u0131r Baston (Bronz)"},"content":{"rendered":"<div>PR-105 Al\u00fcminyum Katlan\u0131r Baston&#8217;u zarif bir bronz kaplamayla kar\u015f\u0131n\u0131zda, modern B2B pazar\u0131n\u0131n gerektirdi\u011fi hassasiyet ve dayan\u0131kl\u0131l\u0131kla tasarlanm\u0131\u015f \u00fcst\u00fcn bir hareketlilik yard\u0131mc\u0131s\u0131. Bu ortopedik baston, kullan\u0131c\u0131lara benzersiz bir y\u00fcr\u00fcme deneyimi sunmak i\u00e7in bi\u00e7im ve i\u015flevi bir araya getirir ve engelliler i\u00e7in mobilite \u00e7\u00f6z\u00fcmlerinde uzmanla\u015fm\u0131\u015f \u015firketlerin taleplerini kar\u015f\u0131lar. G\u00fcvenilir tasar\u0131m\u0131 ve ekonomik de\u011feri, se\u00e7ici m\u00fc\u015fterilerine en kaliteli t\u0131bbi bastonlar\u0131 sunmak isteyen i\u015fletmeler i\u00e7in ak\u0131ll\u0131 bir yat\u0131r\u0131m haline getiriyor.<\/div>\n<div><\/div>\n<div>PR-105 Al\u00fcminyum Katlan\u0131r Baston sadece bir y\u00fcr\u00fcme yard\u0131mc\u0131s\u0131 de\u011fil, yenilik\u00e7i m\u00fchendislik ve kullan\u0131c\u0131 merkezli tasar\u0131m\u0131n kar\u0131\u015f\u0131m\u0131n\u0131n bir kan\u0131t\u0131d\u0131r. Kullan\u0131c\u0131lar\u0131n ve sa\u011fl\u0131k uzmanlar\u0131n\u0131n do\u011frudan girdileriyle geli\u015ftirilen bu t\u0131bbi baston, ortopedi camias\u0131n\u0131n titiz standartlar\u0131n\u0131 kar\u015f\u0131lamaktad\u0131r. H\u0131zl\u0131 sevkiyat, bu temel arac\u0131n en \u00e7ok ihtiya\u00e7 duyanlar taraf\u0131ndan h\u0131zl\u0131 bir \u015fekilde eri\u015filebilir olmas\u0131n\u0131 sa\u011flayarak, g\u00fcnl\u00fck aktiviteler i\u00e7in destek ve istikrar sa\u011flamada gecikme olmamas\u0131n\u0131 sa\u011flar.<\/div>\n<div><\/div>\n<div><b>Ola\u011fan\u00fcst\u00fc G\u00fc\u00e7 ve Dayan\u0131kl\u0131l\u0131k<\/b><\/div>\n<div><b><br \/><\/b><\/div>\n<div>S\u00f6z\u00fcn\u00fc yerine getiren PR-105 katlan\u0131r baston, uzun s\u00fcre dayanacak \u015fekilde \u00fcretilmi\u015ftir. G\u00fc\u00e7l\u00fc bir v\u00fccut yap\u0131s\u0131na sahip olan bu ortopedik baston, dayan\u0131kl\u0131l\u0131k ve esneklik vaat ediyor. \u00dcst\u00fcn al\u00fcminyum malzeme, hafifli\u011fine ra\u011fmen, d\u00fczenli kullan\u0131m\u0131n g\u00fcnl\u00fck streslerine ve zorlanmalar\u0131na dayanabilmesini sa\u011flar. Bu g\u00fc\u00e7 ve hafiflik kar\u0131\u015f\u0131m\u0131, sa\u011flam ancak ta\u015f\u0131nabilir bir y\u00fcr\u00fcme yard\u0131m\u0131 arayan kullan\u0131c\u0131lar i\u00e7in m\u00fckemmel bir \u00e7\u00f6z\u00fcm sunar.<\/div>\n<div><\/div>\n<div>M\u00fc\u015fteri g\u00fcveninin \u00f6nemini anlayan bu t\u0131bbi baston 2 y\u0131l garantilidir. \u0130\u015fletmeler, yat\u0131r\u0131mlar\u0131n\u0131n korundu\u011fundan emin olabilirler. Garanti, \u00fcreticinin kaliteye olan ba\u011fl\u0131l\u0131\u011f\u0131n\u0131n ve PR-105 Al\u00fcminyum Katlan\u0131r Bastonun uzun \u00f6m\u00fcrl\u00fcl\u00fc\u011f\u00fcn\u00fcn alt\u0131n\u0131 \u00e7izer. Ortopedik bir cihazdan daha fazlas\u0131d\u0131r; sars\u0131lmaz deste\u011finizin g\u00fcvencesidir.<\/div>\n<div><\/div>\n<div><b>Geli\u015fmi\u015f Deneyim i\u00e7in Kullan\u0131c\u0131 Merkezli \u00d6zellikler<\/b><\/div>\n<div><b><br \/><\/b><\/div>\n<div>Ba\u015far\u0131l\u0131 bir t\u0131bbi \u00fcr\u00fcn\u00fcn anahtar\u0131n\u0131n, kullan\u0131c\u0131lar\u0131n\u0131n ihtiya\u00e7lar\u0131n\u0131 kar\u015f\u0131lama yetene\u011finde yatt\u0131\u011f\u0131n\u0131n fark\u0131nda olan PR-105 katlan\u0131r baston, kullan\u0131c\u0131 taraf\u0131ndan \u00f6nerilen bir \u00f6zellik seti ile tasarlanm\u0131\u015ft\u0131r. Y\u00fcksekli\u011fi ayarlanabilir mekanizmadan rahat tutu\u015fa kadar, bastonun her y\u00f6n\u00fc ger\u00e7ek d\u00fcnyadan geri bildirimlerle \u015fekillendirilmi\u015ftir. Bu incelikli \u00f6zellikler, \u00fcr\u00fcn\u00fcn konfor ve kullan\u0131labilirli\u011fin ince ayr\u0131nt\u0131lar\u0131n\u0131 ele almas\u0131n\u0131 sa\u011flar.<\/div>\n<div><\/div>\n<div>Ayr\u0131ca, ekonomik bir \u00fcr\u00fcn olarak, PR-105 maliyet i\u00e7in kaliteden \u00f6d\u00fcn vermez. Farkl\u0131 \u00f6l\u00e7eklerdeki i\u015fletmeler i\u00e7in eri\u015filebilir olan y\u00fcksek kalibreli bir \u00fcr\u00fcn sunarak takdire \u015fayan bir denge kurar. Bu, kaliteli t\u0131bbi ekipman\u0131n bir l\u00fcks de\u011fil, mobilite yard\u0131mc\u0131lar\u0131yla u\u011fra\u015fan her kurulu\u015f i\u00e7in standart bir teklif olmas\u0131n\u0131 sa\u011flar. PR-105 Al\u00fcminyum Katlan\u0131r Baston, bir \u00fcr\u00fcn\u00fcn nas\u0131l hem ekonomik hem de m\u00fckemmel olabilece\u011finin bir \u00f6rne\u011fidir.<\/div>\n<div><\/div>\n<p><div  id=\"btn_klavuz\"  class='avia-button-wrap av-av_button-add1c50b6f2458ea6c53f68ecf58e713-wrap avia-button-left  avia-builder-el-0  el_before_av_button  avia-builder-el-first '><a href='https:\/\/www.integramedikal.com\/magaza\/upload\/kilavuz\/70-pr-105-aluminyum-katlanir-baston-bronz.pdf'  class='avia-button av-av_button-add1c50b6f2458ea6c53f68ecf58e713 av-link-btn avia-icon_select-yes-left-icon avia-size-medium avia-position-left avia-color-theme-color-highlight'  target=\"_blank\"  rel=\"noopener noreferrer\"  aria-label=\"Kullan\u0131m K\u0131lavuzu\"><span class='avia_button_icon avia_button_icon_left avia-svg-icon avia-font-svg_entypo-fontello' data-av_svg_icon='book-open' data-av_iconset='svg_entypo-fontello'><svg version=\"1.1\" xmlns=\"http:\/\/www.w3.org\/2000\/svg\" width=\"29\" height=\"32\" viewBox=\"0 0 29 32\" preserveAspectRatio=\"xMidYMid meet\" aria-labelledby='av-svg-title-1' aria-describedby='av-svg-desc-1' role=\"graphics-symbol\">\n<title id='av-svg-title-1'>Book-open<\/title>\n<desc id='av-svg-desc-1'>Book-open<\/desc>\n<path d=\"M10.88 19.584v2.176l-6.4-2.56v-2.176zM10.88 12.928v2.176l-6.4-2.56v-2.176zM28.096 1.856q0.704 0.384 0.704 1.344v20.48q0 1.088-1.024 1.472l-12.736 5.12q-0.256 0.064-0.32 0.064t-0.16 0.032-0.16 0.032-0.16-0.032-0.16-0.032l-0.32-0.064-12.736-5.12q-1.024-0.384-1.024-1.472v-20.48q0-0.96 0.704-1.344 0.704-0.512 1.472-0.192l12.224 4.928 12.224-4.928q0.768-0.32 1.472 0.192zM12.8 27.072v-17.92l-10.24-4.096v17.92zM26.24 22.976v-17.92l-10.24 4.096v17.92zM24.32 17.024v2.176l-6.4 2.56v-2.176zM24.32 10.368v2.176l-6.4 2.56v-2.176z\"><\/path>\n<\/svg><\/span><span class='avia_iconbox_title' >Kullan\u0131m K\u0131lavuzu<\/span><\/a><\/div> <div  id=\"btn_teknikbilgi\"  class='avia-button-wrap av-av_button-e069d87ec5d6298b9b6c476e2dc5aa4e-wrap avia-button-left  avia-builder-el-1  el_after_av_button  avia-builder-el-last '><a href='javascript:void(0);'  class='avia-button av-av_button-e069d87ec5d6298b9b6c476e2dc5aa4e av-link-btn avia-icon_select-yes-left-icon avia-size-medium avia-position-left avia-color-theme-color-highlight'   aria-label=\"Teknik Bilgi\"><span class='avia_button_icon avia_button_icon_left avia-svg-icon avia-font-svg_entypo-fontello' data-av_svg_icon='cog' data-av_iconset='svg_entypo-fontello'><svg version=\"1.1\" xmlns=\"http:\/\/www.w3.org\/2000\/svg\" width=\"27\" height=\"32\" viewBox=\"0 0 27 32\" preserveAspectRatio=\"xMidYMid meet\" aria-labelledby='av-svg-title-2' aria-describedby='av-svg-desc-2' role=\"graphics-symbol\">\n<title id='av-svg-title-2'>Cog<\/title>\n<desc id='av-svg-desc-2'>Cog<\/desc>\n<path d=\"M24.32 16q0 2.304 2.56 3.904-0.384 1.28-1.088 2.624-2.24-0.576-4.352 1.408-1.728 1.856-1.088 4.352-1.28 0.64-2.688 1.152-1.472-2.624-4.224-2.624t-4.224 2.624q-1.408-0.512-2.688-1.152 0.64-2.56-1.088-4.352-1.728-1.728-4.352-1.088-0.448-0.832-1.088-2.624 2.624-1.664 2.624-4.224 0-2.304-2.624-3.968 0.64-1.792 1.088-2.624 2.368 0.576 4.352-1.408 1.728-1.792 1.088-4.352 1.344-0.704 2.688-1.088 1.472 2.56 4.224 2.56t4.224-2.56q1.344 0.384 2.688 1.088-0.64 2.496 1.088 4.352 2.112 1.984 4.352 1.408 0.704 1.344 1.088 2.624-2.56 1.6-2.56 3.968zM13.44 21.824q2.432 0 4.128-1.696t1.696-4.128-1.696-4.16-4.128-1.728-4.128 1.728-1.696 4.16 1.696 4.128 4.128 1.696z\"><\/path>\n<\/svg><\/span><span class='avia_iconbox_title' >Teknik Bilgi<\/span><\/a><\/div><\/p>\n","protected":false},"excerpt":{"rendered":"<p>PR-105 Al\u00fcminyum Katlan\u0131r Baston&#8217;u zarif bir bronz kaplamayla kar\u015f\u0131n\u0131zda, modern B2B pazar\u0131n\u0131n gerektirdi\u011fi hassasiyet ve dayan\u0131kl\u0131l\u0131kla tasarlanm\u0131\u015f \u00fcst\u00fcn bir hareketlilik yard\u0131mc\u0131s\u0131. Bu ortopedik baston, kullan\u0131c\u0131lara benzersiz bir y\u00fcr\u00fcme deneyimi sunmak i\u00e7in bi\u00e7im ve i\u015flevi bir araya getirir ve engelliler i\u00e7in mobilite \u00e7\u00f6z\u00fcmlerinde uzmanla\u015fm\u0131\u015f \u015firketlerin taleplerini kar\u015f\u0131lar. G\u00fcvenilir tasar\u0131m\u0131 ve ekonomik de\u011feri, se\u00e7ici m\u00fc\u015fterilerine en kaliteli [&hellip;]<\/p>\n","protected":false},"featured_media":1658,"comment_status":"open","ping_status":"closed","template":"","meta":[],"product_brand":[],"product_cat":[600],"product_tag":[],"class_list":{"0":"post-1648","1":"product","2":"type-product","3":"status-publish","4":"has-post-thumbnail","6":"product_cat-yurume-gruplari","8":"first","9":"instock","10":"sale","11":"taxable","12":"shipping-taxable","13":"purchasable","14":"product-type-simple"},"yoast_head":"<!-- This site is optimized with the Yoast SEO plugin v27.4 - https:\/\/yoast.com\/product\/yoast-seo-wordpress\/ -->\n<title>PR-105 Al\u00fcminyum Katlan\u0131r Baston (Bronz) - \u0130ntegra Medikal | | Ma\u011faza<\/title>\n<meta name=\"robots\" content=\"index, follow, max-snippet:-1, max-image-preview:large, max-video-preview:-1\" \/>\n<link rel=\"canonical\" href=\"https:\/\/integramedikal.com\/magaza\/urun\/pr-105-aluminyum-katlanir-baston-bronz\/\" \/>\n<meta property=\"og:locale\" content=\"tr_TR\" \/>\n<meta property=\"og:type\" content=\"article\" \/>\n<meta property=\"og:title\" content=\"PR-105 Al\u00fcminyum Katlan\u0131r Baston (Bronz) - \u0130ntegra Medikal | | Ma\u011faza\" \/>\n<meta property=\"og:description\" content=\"PR-105 Al\u00fcminyum Katlan\u0131r Baston&#8217;u zarif bir bronz kaplamayla kar\u015f\u0131n\u0131zda, modern B2B pazar\u0131n\u0131n gerektirdi\u011fi hassasiyet ve dayan\u0131kl\u0131l\u0131kla tasarlanm\u0131\u015f \u00fcst\u00fcn bir hareketlilik yard\u0131mc\u0131s\u0131. Bu ortopedik baston, kullan\u0131c\u0131lara benzersiz bir y\u00fcr\u00fcme deneyimi sunmak i\u00e7in bi\u00e7im ve i\u015flevi bir araya getirir ve engelliler i\u00e7in mobilite \u00e7\u00f6z\u00fcmlerinde uzmanla\u015fm\u0131\u015f \u015firketlerin taleplerini kar\u015f\u0131lar. G\u00fcvenilir tasar\u0131m\u0131 ve ekonomik de\u011feri, se\u00e7ici m\u00fc\u015fterilerine en kaliteli [&hellip;]\" \/>\n<meta property=\"og:url\" content=\"https:\/\/integramedikal.com\/magaza\/urun\/pr-105-aluminyum-katlanir-baston-bronz\/\" \/>\n<meta property=\"og:site_name\" content=\"\u0130ntegra Medikal | | Ma\u011faza\" \/>\n<meta property=\"article:publisher\" content=\"https:\/\/www.facebook.com\/integramedikal1\" \/>\n<meta property=\"article:modified_time\" content=\"2026-04-01T09:04:53+00:00\" \/>\n<meta property=\"og:image\" content=\"https:\/\/integramedikal.com\/magaza\/wp-content\/uploads\/2025\/06\/PR-105.jpg\" \/>\n\t<meta property=\"og:image:width\" content=\"900\" \/>\n\t<meta property=\"og:image:height\" content=\"900\" \/>\n\t<meta property=\"og:image:type\" content=\"image\/jpeg\" \/>\n<meta name=\"twitter:card\" content=\"summary_large_image\" \/>\n<meta name=\"twitter:site\" content=\"@integramedikal\" \/>\n<meta name=\"twitter:label1\" content=\"Tahmini okuma s\u00fcresi\" \/>\n\t<meta name=\"twitter:data1\" content=\"3 dakika\" \/>\n<script type=\"application\/ld+json\" class=\"yoast-schema-graph\">{\"@context\":\"https:\\\/\\\/schema.org\",\"@graph\":[{\"@type\":\"WebPage\",\"@id\":\"https:\\\/\\\/integramedikal.com\\\/magaza\\\/urun\\\/pr-105-aluminyum-katlanir-baston-bronz\\\/\",\"url\":\"https:\\\/\\\/integramedikal.com\\\/magaza\\\/urun\\\/pr-105-aluminyum-katlanir-baston-bronz\\\/\",\"name\":\"PR-105 Al\u00fcminyum Katlan\u0131r Baston (Bronz) - \u0130ntegra Medikal | | Ma\u011faza\",\"isPartOf\":{\"@id\":\"https:\\\/\\\/integramedikal.com\\\/magaza\\\/#website\"},\"primaryImageOfPage\":{\"@id\":\"https:\\\/\\\/integramedikal.com\\\/magaza\\\/urun\\\/pr-105-aluminyum-katlanir-baston-bronz\\\/#primaryimage\"},\"image\":{\"@id\":\"https:\\\/\\\/integramedikal.com\\\/magaza\\\/urun\\\/pr-105-aluminyum-katlanir-baston-bronz\\\/#primaryimage\"},\"thumbnailUrl\":\"https:\\\/\\\/integramedikal.com\\\/magaza\\\/wp-content\\\/uploads\\\/2025\\\/06\\\/PR-105.jpg\",\"datePublished\":\"2025-06-02T20:25:59+00:00\",\"dateModified\":\"2026-04-01T09:04:53+00:00\",\"breadcrumb\":{\"@id\":\"https:\\\/\\\/integramedikal.com\\\/magaza\\\/urun\\\/pr-105-aluminyum-katlanir-baston-bronz\\\/#breadcrumb\"},\"inLanguage\":\"tr\",\"potentialAction\":[{\"@type\":\"ReadAction\",\"target\":[\"https:\\\/\\\/integramedikal.com\\\/magaza\\\/urun\\\/pr-105-aluminyum-katlanir-baston-bronz\\\/\"]}]},{\"@type\":\"ImageObject\",\"inLanguage\":\"tr\",\"@id\":\"https:\\\/\\\/integramedikal.com\\\/magaza\\\/urun\\\/pr-105-aluminyum-katlanir-baston-bronz\\\/#primaryimage\",\"url\":\"https:\\\/\\\/integramedikal.com\\\/magaza\\\/wp-content\\\/uploads\\\/2025\\\/06\\\/PR-105.jpg\",\"contentUrl\":\"https:\\\/\\\/integramedikal.com\\\/magaza\\\/wp-content\\\/uploads\\\/2025\\\/06\\\/PR-105.jpg\",\"width\":900,\"height\":900},{\"@type\":\"BreadcrumbList\",\"@id\":\"https:\\\/\\\/integramedikal.com\\\/magaza\\\/urun\\\/pr-105-aluminyum-katlanir-baston-bronz\\\/#breadcrumb\",\"itemListElement\":[{\"@type\":\"ListItem\",\"position\":1,\"name\":\"Anasayfa\",\"item\":\"https:\\\/\\\/integramedikal.com\\\/magaza\\\/anasayfa\\\/\"},{\"@type\":\"ListItem\",\"position\":2,\"name\":\"Shop\",\"item\":\"https:\\\/\\\/integramedikal.com\\\/magaza\\\/shop\\\/\"},{\"@type\":\"ListItem\",\"position\":3,\"name\":\"PR-105 Al\u00fcminyum Katlan\u0131r Baston (Bronz)\"}]},{\"@type\":\"WebSite\",\"@id\":\"https:\\\/\\\/integramedikal.com\\\/magaza\\\/#website\",\"url\":\"https:\\\/\\\/integramedikal.com\\\/magaza\\\/\",\"name\":\"\u0130ntegra Medikal < | | >Ma\u011faza\",\"description\":\"Sa\u011fl\u0131kta Kalite | Sekt\u00f6rde 25. Y\u0131l\",\"publisher\":{\"@id\":\"https:\\\/\\\/integramedikal.com\\\/magaza\\\/#organization\"},\"potentialAction\":[{\"@type\":\"SearchAction\",\"target\":{\"@type\":\"EntryPoint\",\"urlTemplate\":\"https:\\\/\\\/integramedikal.com\\\/magaza\\\/?s={search_term_string}\"},\"query-input\":{\"@type\":\"PropertyValueSpecification\",\"valueRequired\":true,\"valueName\":\"search_term_string\"}}],\"inLanguage\":\"tr\"},{\"@type\":\"Organization\",\"@id\":\"https:\\\/\\\/integramedikal.com\\\/magaza\\\/#organization\",\"name\":\"\u0130ntegra Medikal < | | >Ma\u011faza\",\"url\":\"https:\\\/\\\/integramedikal.com\\\/magaza\\\/\",\"logo\":{\"@type\":\"ImageObject\",\"inLanguage\":\"tr\",\"@id\":\"https:\\\/\\\/integramedikal.com\\\/magaza\\\/#\\\/schema\\\/logo\\\/image\\\/\",\"url\":\"https:\\\/\\\/integramedikal.com\\\/magaza\\\/wp-content\\\/uploads\\\/2025\\\/06\\\/integra-logo-1.png\",\"contentUrl\":\"https:\\\/\\\/integramedikal.com\\\/magaza\\\/wp-content\\\/uploads\\\/2025\\\/06\\\/integra-logo-1.png\",\"width\":340,\"height\":156,\"caption\":\"\u0130ntegra Medikal < | | >Ma\u011faza\"},\"image\":{\"@id\":\"https:\\\/\\\/integramedikal.com\\\/magaza\\\/#\\\/schema\\\/logo\\\/image\\\/\"},\"sameAs\":[\"https:\\\/\\\/www.facebook.com\\\/integramedikal1\",\"https:\\\/\\\/x.com\\\/integramedikal\",\"https:\\\/\\\/www.instagram.com\\\/integramedikal\\\/\",\"https:\\\/\\\/www.youtube.com\\\/user\\\/integramedikal\"]}]}<\/script>\n<!-- \/ Yoast SEO plugin. -->","yoast_head_json":{"title":"PR-105 Al\u00fcminyum Katlan\u0131r Baston (Bronz) - \u0130ntegra Medikal | | Ma\u011faza","robots":{"index":"index","follow":"follow","max-snippet":"max-snippet:-1","max-image-preview":"max-image-preview:large","max-video-preview":"max-video-preview:-1"},"canonical":"https:\/\/integramedikal.com\/magaza\/urun\/pr-105-aluminyum-katlanir-baston-bronz\/","og_locale":"tr_TR","og_type":"article","og_title":"PR-105 Al\u00fcminyum Katlan\u0131r Baston (Bronz) - \u0130ntegra Medikal | | Ma\u011faza","og_description":"PR-105 Al\u00fcminyum Katlan\u0131r Baston&#8217;u zarif bir bronz kaplamayla kar\u015f\u0131n\u0131zda, modern B2B pazar\u0131n\u0131n gerektirdi\u011fi hassasiyet ve dayan\u0131kl\u0131l\u0131kla tasarlanm\u0131\u015f \u00fcst\u00fcn bir hareketlilik yard\u0131mc\u0131s\u0131. Bu ortopedik baston, kullan\u0131c\u0131lara benzersiz bir y\u00fcr\u00fcme deneyimi sunmak i\u00e7in bi\u00e7im ve i\u015flevi bir araya getirir ve engelliler i\u00e7in mobilite \u00e7\u00f6z\u00fcmlerinde uzmanla\u015fm\u0131\u015f \u015firketlerin taleplerini kar\u015f\u0131lar. G\u00fcvenilir tasar\u0131m\u0131 ve ekonomik de\u011feri, se\u00e7ici m\u00fc\u015fterilerine en kaliteli [&hellip;]","og_url":"https:\/\/integramedikal.com\/magaza\/urun\/pr-105-aluminyum-katlanir-baston-bronz\/","og_site_name":"\u0130ntegra Medikal | | Ma\u011faza","article_publisher":"https:\/\/www.facebook.com\/integramedikal1","article_modified_time":"2026-04-01T09:04:53+00:00","og_image":[{"width":900,"height":900,"url":"https:\/\/integramedikal.com\/magaza\/wp-content\/uploads\/2025\/06\/PR-105.jpg","type":"image\/jpeg"}],"twitter_card":"summary_large_image","twitter_site":"@integramedikal","twitter_misc":{"Tahmini okuma s\u00fcresi":"3 dakika"},"schema":{"@context":"https:\/\/schema.org","@graph":[{"@type":"WebPage","@id":"https:\/\/integramedikal.com\/magaza\/urun\/pr-105-aluminyum-katlanir-baston-bronz\/","url":"https:\/\/integramedikal.com\/magaza\/urun\/pr-105-aluminyum-katlanir-baston-bronz\/","name":"PR-105 Al\u00fcminyum Katlan\u0131r Baston (Bronz) - \u0130ntegra Medikal | | Ma\u011faza","isPartOf":{"@id":"https:\/\/integramedikal.com\/magaza\/#website"},"primaryImageOfPage":{"@id":"https:\/\/integramedikal.com\/magaza\/urun\/pr-105-aluminyum-katlanir-baston-bronz\/#primaryimage"},"image":{"@id":"https:\/\/integramedikal.com\/magaza\/urun\/pr-105-aluminyum-katlanir-baston-bronz\/#primaryimage"},"thumbnailUrl":"https:\/\/integramedikal.com\/magaza\/wp-content\/uploads\/2025\/06\/PR-105.jpg","datePublished":"2025-06-02T20:25:59+00:00","dateModified":"2026-04-01T09:04:53+00:00","breadcrumb":{"@id":"https:\/\/integramedikal.com\/magaza\/urun\/pr-105-aluminyum-katlanir-baston-bronz\/#breadcrumb"},"inLanguage":"tr","potentialAction":[{"@type":"ReadAction","target":["https:\/\/integramedikal.com\/magaza\/urun\/pr-105-aluminyum-katlanir-baston-bronz\/"]}]},{"@type":"ImageObject","inLanguage":"tr","@id":"https:\/\/integramedikal.com\/magaza\/urun\/pr-105-aluminyum-katlanir-baston-bronz\/#primaryimage","url":"https:\/\/integramedikal.com\/magaza\/wp-content\/uploads\/2025\/06\/PR-105.jpg","contentUrl":"https:\/\/integramedikal.com\/magaza\/wp-content\/uploads\/2025\/06\/PR-105.jpg","width":900,"height":900},{"@type":"BreadcrumbList","@id":"https:\/\/integramedikal.com\/magaza\/urun\/pr-105-aluminyum-katlanir-baston-bronz\/#breadcrumb","itemListElement":[{"@type":"ListItem","position":1,"name":"Anasayfa","item":"https:\/\/integramedikal.com\/magaza\/anasayfa\/"},{"@type":"ListItem","position":2,"name":"Shop","item":"https:\/\/integramedikal.com\/magaza\/shop\/"},{"@type":"ListItem","position":3,"name":"PR-105 Al\u00fcminyum Katlan\u0131r Baston (Bronz)"}]},{"@type":"WebSite","@id":"https:\/\/integramedikal.com\/magaza\/#website","url":"https:\/\/integramedikal.com\/magaza\/","name":"\u0130ntegra Medikal < | | >Ma\u011faza","description":"Sa\u011fl\u0131kta Kalite | Sekt\u00f6rde 25. Y\u0131l","publisher":{"@id":"https:\/\/integramedikal.com\/magaza\/#organization"},"potentialAction":[{"@type":"SearchAction","target":{"@type":"EntryPoint","urlTemplate":"https:\/\/integramedikal.com\/magaza\/?s={search_term_string}"},"query-input":{"@type":"PropertyValueSpecification","valueRequired":true,"valueName":"search_term_string"}}],"inLanguage":"tr"},{"@type":"Organization","@id":"https:\/\/integramedikal.com\/magaza\/#organization","name":"\u0130ntegra Medikal < | | >Ma\u011faza","url":"https:\/\/integramedikal.com\/magaza\/","logo":{"@type":"ImageObject","inLanguage":"tr","@id":"https:\/\/integramedikal.com\/magaza\/#\/schema\/logo\/image\/","url":"https:\/\/integramedikal.com\/magaza\/wp-content\/uploads\/2025\/06\/integra-logo-1.png","contentUrl":"https:\/\/integramedikal.com\/magaza\/wp-content\/uploads\/2025\/06\/integra-logo-1.png","width":340,"height":156,"caption":"\u0130ntegra Medikal < | | >Ma\u011faza"},"image":{"@id":"https:\/\/integramedikal.com\/magaza\/#\/schema\/logo\/image\/"},"sameAs":["https:\/\/www.facebook.com\/integramedikal1","https:\/\/x.com\/integramedikal","https:\/\/www.instagram.com\/integramedikal\/","https:\/\/www.youtube.com\/user\/integramedikal"]}]}},"_links":{"self":[{"href":"https:\/\/integramedikal.com\/magaza\/wp-json\/wp\/v2\/product\/1648","targetHints":{"allow":["GET"]}}],"collection":[{"href":"https:\/\/integramedikal.com\/magaza\/wp-json\/wp\/v2\/product"}],"about":[{"href":"https:\/\/integramedikal.com\/magaza\/wp-json\/wp\/v2\/types\/product"}],"replies":[{"embeddable":true,"href":"https:\/\/integramedikal.com\/magaza\/wp-json\/wp\/v2\/comments?post=1648"}],"wp:featuredmedia":[{"embeddable":true,"href":"https:\/\/integramedikal.com\/magaza\/wp-json\/wp\/v2\/media\/1658"}],"wp:attachment":[{"href":"https:\/\/integramedikal.com\/magaza\/wp-json\/wp\/v2\/media?parent=1648"}],"wp:term":[{"taxonomy":"product_brand","embeddable":true,"href":"https:\/\/integramedikal.com\/magaza\/wp-json\/wp\/v2\/product_brand?post=1648"},{"taxonomy":"product_cat","embeddable":true,"href":"https:\/\/integramedikal.com\/magaza\/wp-json\/wp\/v2\/product_cat?post=1648"},{"taxonomy":"product_tag","embeddable":true,"href":"https:\/\/integramedikal.com\/magaza\/wp-json\/wp\/v2\/product_tag?post=1648"}],"curies":[{"name":"wp","href":"https:\/\/api.w.org\/{rel}","templated":true}]}}