{"id":1647,"date":"2025-06-02T23:25:59","date_gmt":"2025-06-02T20:25:59","guid":{"rendered":"https:\/\/integramedikal.com\/magaza\/?post_type=product&#038;p=1647"},"modified":"2026-02-18T15:52:45","modified_gmt":"2026-02-18T12:52:45","slug":"pr-104-aluminyum-katlanir-baston-siyah","status":"publish","type":"product","link":"https:\/\/integramedikal.com\/magaza\/urun\/pr-104-aluminyum-katlanir-baston-siyah\/","title":{"rendered":"PR-104 Al\u00fcminyum Katlan\u0131r Baston (Siyah)"},"content":{"rendered":"<div>PR-104 Al\u00fcminyum Katlan\u0131r Baston (Siyah), i\u015flevsellik ve tasar\u0131m\u0131n kesi\u015fti\u011fi noktada durur ve B2B al\u0131c\u0131s\u0131na se\u00e7ici zevkler ve kaliteye ba\u011fl\u0131l\u0131kla konu\u015fan bir ni\u015f olu\u015fturur. Bu ortopedik refakat\u00e7i, \u00fcst d\u00fczey mobilite \u00e7\u00f6z\u00fcmleri sa\u011flayan kurulu\u015flara hitap etmektedir. Esneklik ve zahmetsiz kullan\u0131m i\u00e7in tasarlanan PR-104, bir bastondan daha fazlas\u0131d\u0131r; Bu bir istikrar ve ba\u011f\u0131ms\u0131zl\u0131k vaadidir.<\/div>\n<div><\/div>\n<div>T\u0131bbi bastonlar\u0131n bir\u00e7ok ki\u015finin hayat\u0131nda oynad\u0131\u011f\u0131 \u00f6nemli rol\u00fcn fark\u0131nda olan bu katlan\u0131r baston, yenilik ve g\u00fcvenilirli\u011fin kar\u0131\u015f\u0131m\u0131n\u0131 \u00f6zetliyor. Hem bi\u00e7ime hem de i\u015fleve selam veren PR-104, sadece kullan\u0131\u015fl\u0131l\u0131\u011f\u0131na hizmet etmekle kalmaz, ayn\u0131 zamanda hareketin sayg\u0131nl\u0131\u011f\u0131n\u0131n korunmas\u0131n\u0131 da sa\u011flar. Kullan\u0131c\u0131lar, sessiz destekle konu\u015fan bir \u00fcr\u00fcn sayesinde mobilite yolculuklar\u0131nda g\u00fcvenilir bir ortak bulurlar.<\/div>\n<div><\/div>\n<div><b>Ola\u011fan\u00fcst\u00fc Tasar\u0131m ve Rahatl\u0131k<\/b><\/div>\n<div><b><br \/><\/b><\/div>\n<div>PR-104 Al\u00fcminyum Katlan\u0131r Baston, s\u0131radan t\u0131bbi bastonunuz de\u011fildir. Hassas m\u00fchendislikle tasarlanm\u0131\u015f olup, g\u00fcnl\u00fck kullan\u0131m taleplerine dayanan g\u00fc\u00e7l\u00fc bir g\u00f6vde yap\u0131s\u0131na sahiptir. Titiz tasar\u0131m\u0131, hafif ancak dayan\u0131kl\u0131 bir y\u00fcr\u00fcme yard\u0131mc\u0131s\u0131 ihtiyac\u0131n\u0131 kar\u015f\u0131lar. Siyah kaplama, al\u00fcminyum \u00e7er\u00e7evesine zarif bir dokunu\u015f katarak, m\u00fc\u015fterilerini estetikten \u00f6d\u00fcn vermeyen ortopedik bir bastonla donatmak isteyen se\u00e7ici \u015firketler i\u00e7in \u015f\u0131k bir se\u00e7im haline getiriyor.<\/div>\n<div><\/div>\n<div>Katlama kabiliyetinin rahatl\u0131\u011f\u0131 g\u00f6z ard\u0131 edilemez. Bu katlan\u0131r baston, kullan\u0131c\u0131n\u0131n ya\u015fam tarz\u0131na uyum sa\u011flayacak \u015fekilde \u00fcretilmi\u015ftir ve kolay saklama ve ta\u015f\u0131ma i\u00e7in zahmetsizce \u00e7\u00f6ker. \u0130ster seyahat i\u00e7in, ister sadece g\u00fcnl\u00fck ya\u015fam\u0131n \u00e7e\u015fitli alanlar\u0131nda gezinmek i\u00e7in olsun, bu baston kolayl\u0131kla katlan\u0131r ve a\u00e7\u0131l\u0131r, denge ve deste\u011fe ihtiya\u00e7 duyuldu\u011funda her zaman elinizin alt\u0131nda olmas\u0131n\u0131 sa\u011flar.<\/div>\n<div><\/div>\n<div><b>Kalite ve Memnuniyete Ba\u011fl\u0131l\u0131k<\/b><\/div>\n<div><\/div>\n<div>\u00dcst\u00fcn yap\u0131s\u0131n\u0131 destekleyen PR-104, dayan\u0131kl\u0131l\u0131\u011f\u0131 ile ayakta duran bir \u00fcr\u00fcn anlam\u0131na gelen sa\u011flam bir 2 Y\u0131l Garanti ile birlikte gelir. Bu ortopedik bastonun \u00fcreticileri, t\u0131bbi yard\u0131mlarda uzun vadeli g\u00fcvenilirli\u011fin \u00f6nemini anl\u0131yor. Bu garanti ile al\u0131c\u0131lar, kalite ve performansa yap\u0131lan yat\u0131r\u0131m\u0131 yerine getirerek, kullan\u0131c\u0131lar\u0131na \u00f6zenle hizmet edecek uzun \u00f6m\u00fcrl\u00fc bir \u00fcr\u00fcn\u00fcn g\u00fcvencesine sahip olurlar.<\/div>\n<div>Sayg\u0131n stat\u00fcs\u00fcn\u00fcn bir kan\u0131t\u0131 olarak, PR-104, stabilitesini ve rahatl\u0131\u011f\u0131n\u0131 kan\u0131tlayan \u00e7ok say\u0131da kullan\u0131c\u0131 taraf\u0131ndan \u00f6nerilmi\u015ftir. Bu \u00fcr\u00fcn maliyet etkinli\u011fini l\u00fcks kalite ile harmanlamay\u0131 ba\u015faran ekonomik bir \u00fcr\u00fcn olarak ortaya \u00e7\u0131k\u0131yor. Cazip fiyat\u0131na ek olarak, PR-104 h\u0131zl\u0131 sevkiyat vaat ediyor ve h\u0131zl\u0131 da\u011f\u0131t\u0131m\u0131n hizmet verdi\u011fi pazar\u0131n acil ihtiya\u00e7lar\u0131n\u0131 kar\u015f\u0131lamas\u0131n\u0131 sa\u011fl\u0131yor.<\/div>\n<div><\/div>\n<p><div  id=\"btn_klavuz\"  class='avia-button-wrap av-av_button-6368fbc86349aad2691c236e6ed6a927-wrap avia-button-left  avia-builder-el-0  el_before_av_button  avia-builder-el-first '><a href='https:\/\/www.integramedikal.com\/magaza\/upload\/kilavuz\/69-pr-104-aluminyum-katlanir-baston-siyah.pdf'  class='avia-button av-av_button-6368fbc86349aad2691c236e6ed6a927 av-link-btn avia-icon_select-yes-left-icon avia-size-medium avia-position-left avia-color-theme-color-highlight'  target=\"_blank\"  rel=\"noopener noreferrer\"  aria-label=\"Kullan\u0131m K\u0131lavuzu\"><span class='avia_button_icon avia_button_icon_left avia-svg-icon avia-font-svg_entypo-fontello' data-av_svg_icon='book-open' data-av_iconset='svg_entypo-fontello'><svg version=\"1.1\" xmlns=\"http:\/\/www.w3.org\/2000\/svg\" width=\"29\" height=\"32\" viewBox=\"0 0 29 32\" preserveAspectRatio=\"xMidYMid meet\" aria-labelledby='av-svg-title-1' aria-describedby='av-svg-desc-1' role=\"graphics-symbol\">\n<title id='av-svg-title-1'>Book-open<\/title>\n<desc id='av-svg-desc-1'>Book-open<\/desc>\n<path d=\"M10.88 19.584v2.176l-6.4-2.56v-2.176zM10.88 12.928v2.176l-6.4-2.56v-2.176zM28.096 1.856q0.704 0.384 0.704 1.344v20.48q0 1.088-1.024 1.472l-12.736 5.12q-0.256 0.064-0.32 0.064t-0.16 0.032-0.16 0.032-0.16-0.032-0.16-0.032l-0.32-0.064-12.736-5.12q-1.024-0.384-1.024-1.472v-20.48q0-0.96 0.704-1.344 0.704-0.512 1.472-0.192l12.224 4.928 12.224-4.928q0.768-0.32 1.472 0.192zM12.8 27.072v-17.92l-10.24-4.096v17.92zM26.24 22.976v-17.92l-10.24 4.096v17.92zM24.32 17.024v2.176l-6.4 2.56v-2.176zM24.32 10.368v2.176l-6.4 2.56v-2.176z\"><\/path>\n<\/svg><\/span><span class='avia_iconbox_title' >Kullan\u0131m K\u0131lavuzu<\/span><\/a><\/div> <div  id=\"btn_teknikbilgi\"  class='avia-button-wrap av-av_button-e069d87ec5d6298b9b6c476e2dc5aa4e-wrap avia-button-left  avia-builder-el-1  el_after_av_button  avia-builder-el-last '><a href='javascript:void(0);'  class='avia-button av-av_button-e069d87ec5d6298b9b6c476e2dc5aa4e av-link-btn avia-icon_select-yes-left-icon avia-size-medium avia-position-left avia-color-theme-color-highlight'   aria-label=\"Teknik Bilgi\"><span class='avia_button_icon avia_button_icon_left avia-svg-icon avia-font-svg_entypo-fontello' data-av_svg_icon='cog' data-av_iconset='svg_entypo-fontello'><svg version=\"1.1\" xmlns=\"http:\/\/www.w3.org\/2000\/svg\" width=\"27\" height=\"32\" viewBox=\"0 0 27 32\" preserveAspectRatio=\"xMidYMid meet\" aria-labelledby='av-svg-title-2' aria-describedby='av-svg-desc-2' role=\"graphics-symbol\">\n<title id='av-svg-title-2'>Cog<\/title>\n<desc id='av-svg-desc-2'>Cog<\/desc>\n<path d=\"M24.32 16q0 2.304 2.56 3.904-0.384 1.28-1.088 2.624-2.24-0.576-4.352 1.408-1.728 1.856-1.088 4.352-1.28 0.64-2.688 1.152-1.472-2.624-4.224-2.624t-4.224 2.624q-1.408-0.512-2.688-1.152 0.64-2.56-1.088-4.352-1.728-1.728-4.352-1.088-0.448-0.832-1.088-2.624 2.624-1.664 2.624-4.224 0-2.304-2.624-3.968 0.64-1.792 1.088-2.624 2.368 0.576 4.352-1.408 1.728-1.792 1.088-4.352 1.344-0.704 2.688-1.088 1.472 2.56 4.224 2.56t4.224-2.56q1.344 0.384 2.688 1.088-0.64 2.496 1.088 4.352 2.112 1.984 4.352 1.408 0.704 1.344 1.088 2.624-2.56 1.6-2.56 3.968zM13.44 21.824q2.432 0 4.128-1.696t1.696-4.128-1.696-4.16-4.128-1.728-4.128 1.728-1.696 4.16 1.696 4.128 4.128 1.696z\"><\/path>\n<\/svg><\/span><span class='avia_iconbox_title' >Teknik Bilgi<\/span><\/a><\/div><\/p>\n","protected":false},"excerpt":{"rendered":"<p>PR-104 Al\u00fcminyum Katlan\u0131r Baston (Siyah), i\u015flevsellik ve tasar\u0131m\u0131n kesi\u015fti\u011fi noktada durur ve B2B al\u0131c\u0131s\u0131na se\u00e7ici zevkler ve kaliteye ba\u011fl\u0131l\u0131kla konu\u015fan bir ni\u015f olu\u015fturur. Bu ortopedik refakat\u00e7i, \u00fcst d\u00fczey mobilite \u00e7\u00f6z\u00fcmleri sa\u011flayan kurulu\u015flara hitap etmektedir. Esneklik ve zahmetsiz kullan\u0131m i\u00e7in tasarlanan PR-104, bir bastondan daha fazlas\u0131d\u0131r; Bu bir istikrar ve ba\u011f\u0131ms\u0131zl\u0131k vaadidir. T\u0131bbi bastonlar\u0131n bir\u00e7ok ki\u015finin [&hellip;]<\/p>\n","protected":false},"featured_media":1657,"comment_status":"open","ping_status":"closed","template":"","meta":[],"product_brand":[],"product_cat":[600],"product_tag":[],"class_list":{"0":"post-1647","1":"product","2":"type-product","3":"status-publish","4":"has-post-thumbnail","6":"product_cat-yurume-gruplari","8":"first","9":"instock","10":"sale","11":"taxable","12":"shipping-taxable","13":"purchasable","14":"product-type-simple"},"yoast_head":"<!-- This site is optimized with the Yoast SEO plugin v27.4 - https:\/\/yoast.com\/product\/yoast-seo-wordpress\/ -->\n<title>PR-104 Al\u00fcminyum Katlan\u0131r Baston (Siyah) - \u0130ntegra Medikal | | Ma\u011faza<\/title>\n<meta name=\"robots\" content=\"index, follow, max-snippet:-1, max-image-preview:large, max-video-preview:-1\" \/>\n<link rel=\"canonical\" href=\"https:\/\/integramedikal.com\/magaza\/urun\/pr-104-aluminyum-katlanir-baston-siyah\/\" \/>\n<meta property=\"og:locale\" content=\"tr_TR\" \/>\n<meta property=\"og:type\" content=\"article\" \/>\n<meta property=\"og:title\" content=\"PR-104 Al\u00fcminyum Katlan\u0131r Baston (Siyah) - \u0130ntegra Medikal | | Ma\u011faza\" \/>\n<meta property=\"og:description\" content=\"PR-104 Al\u00fcminyum Katlan\u0131r Baston (Siyah), i\u015flevsellik ve tasar\u0131m\u0131n kesi\u015fti\u011fi noktada durur ve B2B al\u0131c\u0131s\u0131na se\u00e7ici zevkler ve kaliteye ba\u011fl\u0131l\u0131kla konu\u015fan bir ni\u015f olu\u015fturur. Bu ortopedik refakat\u00e7i, \u00fcst d\u00fczey mobilite \u00e7\u00f6z\u00fcmleri sa\u011flayan kurulu\u015flara hitap etmektedir. Esneklik ve zahmetsiz kullan\u0131m i\u00e7in tasarlanan PR-104, bir bastondan daha fazlas\u0131d\u0131r; Bu bir istikrar ve ba\u011f\u0131ms\u0131zl\u0131k vaadidir. T\u0131bbi bastonlar\u0131n bir\u00e7ok ki\u015finin [&hellip;]\" \/>\n<meta property=\"og:url\" content=\"https:\/\/integramedikal.com\/magaza\/urun\/pr-104-aluminyum-katlanir-baston-siyah\/\" \/>\n<meta property=\"og:site_name\" content=\"\u0130ntegra Medikal | | Ma\u011faza\" \/>\n<meta property=\"article:publisher\" content=\"https:\/\/www.facebook.com\/integramedikal1\" \/>\n<meta property=\"article:modified_time\" content=\"2026-02-18T12:52:45+00:00\" \/>\n<meta property=\"og:image\" content=\"https:\/\/integramedikal.com\/magaza\/wp-content\/uploads\/2025\/06\/vcn6.jpg\" \/>\n\t<meta property=\"og:image:width\" content=\"900\" \/>\n\t<meta property=\"og:image:height\" content=\"900\" \/>\n\t<meta property=\"og:image:type\" content=\"image\/jpeg\" \/>\n<meta name=\"twitter:card\" content=\"summary_large_image\" \/>\n<meta name=\"twitter:site\" content=\"@integramedikal\" \/>\n<meta name=\"twitter:label1\" content=\"Tahmini okuma s\u00fcresi\" \/>\n\t<meta name=\"twitter:data1\" content=\"3 dakika\" \/>\n<script type=\"application\/ld+json\" class=\"yoast-schema-graph\">{\"@context\":\"https:\\\/\\\/schema.org\",\"@graph\":[{\"@type\":\"WebPage\",\"@id\":\"https:\\\/\\\/integramedikal.com\\\/magaza\\\/urun\\\/pr-104-aluminyum-katlanir-baston-siyah\\\/\",\"url\":\"https:\\\/\\\/integramedikal.com\\\/magaza\\\/urun\\\/pr-104-aluminyum-katlanir-baston-siyah\\\/\",\"name\":\"PR-104 Al\u00fcminyum Katlan\u0131r Baston (Siyah) - \u0130ntegra Medikal | | Ma\u011faza\",\"isPartOf\":{\"@id\":\"https:\\\/\\\/integramedikal.com\\\/magaza\\\/#website\"},\"primaryImageOfPage\":{\"@id\":\"https:\\\/\\\/integramedikal.com\\\/magaza\\\/urun\\\/pr-104-aluminyum-katlanir-baston-siyah\\\/#primaryimage\"},\"image\":{\"@id\":\"https:\\\/\\\/integramedikal.com\\\/magaza\\\/urun\\\/pr-104-aluminyum-katlanir-baston-siyah\\\/#primaryimage\"},\"thumbnailUrl\":\"https:\\\/\\\/integramedikal.com\\\/magaza\\\/wp-content\\\/uploads\\\/2025\\\/06\\\/vcn6.jpg\",\"datePublished\":\"2025-06-02T20:25:59+00:00\",\"dateModified\":\"2026-02-18T12:52:45+00:00\",\"breadcrumb\":{\"@id\":\"https:\\\/\\\/integramedikal.com\\\/magaza\\\/urun\\\/pr-104-aluminyum-katlanir-baston-siyah\\\/#breadcrumb\"},\"inLanguage\":\"tr\",\"potentialAction\":[{\"@type\":\"ReadAction\",\"target\":[\"https:\\\/\\\/integramedikal.com\\\/magaza\\\/urun\\\/pr-104-aluminyum-katlanir-baston-siyah\\\/\"]}]},{\"@type\":\"ImageObject\",\"inLanguage\":\"tr\",\"@id\":\"https:\\\/\\\/integramedikal.com\\\/magaza\\\/urun\\\/pr-104-aluminyum-katlanir-baston-siyah\\\/#primaryimage\",\"url\":\"https:\\\/\\\/integramedikal.com\\\/magaza\\\/wp-content\\\/uploads\\\/2025\\\/06\\\/vcn6.jpg\",\"contentUrl\":\"https:\\\/\\\/integramedikal.com\\\/magaza\\\/wp-content\\\/uploads\\\/2025\\\/06\\\/vcn6.jpg\",\"width\":900,\"height\":900},{\"@type\":\"BreadcrumbList\",\"@id\":\"https:\\\/\\\/integramedikal.com\\\/magaza\\\/urun\\\/pr-104-aluminyum-katlanir-baston-siyah\\\/#breadcrumb\",\"itemListElement\":[{\"@type\":\"ListItem\",\"position\":1,\"name\":\"Anasayfa\",\"item\":\"https:\\\/\\\/integramedikal.com\\\/magaza\\\/anasayfa\\\/\"},{\"@type\":\"ListItem\",\"position\":2,\"name\":\"Shop\",\"item\":\"https:\\\/\\\/integramedikal.com\\\/magaza\\\/shop\\\/\"},{\"@type\":\"ListItem\",\"position\":3,\"name\":\"PR-104 Al\u00fcminyum Katlan\u0131r Baston (Siyah)\"}]},{\"@type\":\"WebSite\",\"@id\":\"https:\\\/\\\/integramedikal.com\\\/magaza\\\/#website\",\"url\":\"https:\\\/\\\/integramedikal.com\\\/magaza\\\/\",\"name\":\"\u0130ntegra Medikal < | | >Ma\u011faza\",\"description\":\"Sa\u011fl\u0131kta Kalite | Sekt\u00f6rde 25. Y\u0131l\",\"publisher\":{\"@id\":\"https:\\\/\\\/integramedikal.com\\\/magaza\\\/#organization\"},\"potentialAction\":[{\"@type\":\"SearchAction\",\"target\":{\"@type\":\"EntryPoint\",\"urlTemplate\":\"https:\\\/\\\/integramedikal.com\\\/magaza\\\/?s={search_term_string}\"},\"query-input\":{\"@type\":\"PropertyValueSpecification\",\"valueRequired\":true,\"valueName\":\"search_term_string\"}}],\"inLanguage\":\"tr\"},{\"@type\":\"Organization\",\"@id\":\"https:\\\/\\\/integramedikal.com\\\/magaza\\\/#organization\",\"name\":\"\u0130ntegra Medikal < | | >Ma\u011faza\",\"url\":\"https:\\\/\\\/integramedikal.com\\\/magaza\\\/\",\"logo\":{\"@type\":\"ImageObject\",\"inLanguage\":\"tr\",\"@id\":\"https:\\\/\\\/integramedikal.com\\\/magaza\\\/#\\\/schema\\\/logo\\\/image\\\/\",\"url\":\"https:\\\/\\\/integramedikal.com\\\/magaza\\\/wp-content\\\/uploads\\\/2025\\\/06\\\/integra-logo-1.png\",\"contentUrl\":\"https:\\\/\\\/integramedikal.com\\\/magaza\\\/wp-content\\\/uploads\\\/2025\\\/06\\\/integra-logo-1.png\",\"width\":340,\"height\":156,\"caption\":\"\u0130ntegra Medikal < | | >Ma\u011faza\"},\"image\":{\"@id\":\"https:\\\/\\\/integramedikal.com\\\/magaza\\\/#\\\/schema\\\/logo\\\/image\\\/\"},\"sameAs\":[\"https:\\\/\\\/www.facebook.com\\\/integramedikal1\",\"https:\\\/\\\/x.com\\\/integramedikal\",\"https:\\\/\\\/www.instagram.com\\\/integramedikal\\\/\",\"https:\\\/\\\/www.youtube.com\\\/user\\\/integramedikal\"]}]}<\/script>\n<!-- \/ Yoast SEO plugin. -->","yoast_head_json":{"title":"PR-104 Al\u00fcminyum Katlan\u0131r Baston (Siyah) - \u0130ntegra Medikal | | Ma\u011faza","robots":{"index":"index","follow":"follow","max-snippet":"max-snippet:-1","max-image-preview":"max-image-preview:large","max-video-preview":"max-video-preview:-1"},"canonical":"https:\/\/integramedikal.com\/magaza\/urun\/pr-104-aluminyum-katlanir-baston-siyah\/","og_locale":"tr_TR","og_type":"article","og_title":"PR-104 Al\u00fcminyum Katlan\u0131r Baston (Siyah) - \u0130ntegra Medikal | | Ma\u011faza","og_description":"PR-104 Al\u00fcminyum Katlan\u0131r Baston (Siyah), i\u015flevsellik ve tasar\u0131m\u0131n kesi\u015fti\u011fi noktada durur ve B2B al\u0131c\u0131s\u0131na se\u00e7ici zevkler ve kaliteye ba\u011fl\u0131l\u0131kla konu\u015fan bir ni\u015f olu\u015fturur. Bu ortopedik refakat\u00e7i, \u00fcst d\u00fczey mobilite \u00e7\u00f6z\u00fcmleri sa\u011flayan kurulu\u015flara hitap etmektedir. Esneklik ve zahmetsiz kullan\u0131m i\u00e7in tasarlanan PR-104, bir bastondan daha fazlas\u0131d\u0131r; Bu bir istikrar ve ba\u011f\u0131ms\u0131zl\u0131k vaadidir. T\u0131bbi bastonlar\u0131n bir\u00e7ok ki\u015finin [&hellip;]","og_url":"https:\/\/integramedikal.com\/magaza\/urun\/pr-104-aluminyum-katlanir-baston-siyah\/","og_site_name":"\u0130ntegra Medikal | | Ma\u011faza","article_publisher":"https:\/\/www.facebook.com\/integramedikal1","article_modified_time":"2026-02-18T12:52:45+00:00","og_image":[{"width":900,"height":900,"url":"https:\/\/integramedikal.com\/magaza\/wp-content\/uploads\/2025\/06\/vcn6.jpg","type":"image\/jpeg"}],"twitter_card":"summary_large_image","twitter_site":"@integramedikal","twitter_misc":{"Tahmini okuma s\u00fcresi":"3 dakika"},"schema":{"@context":"https:\/\/schema.org","@graph":[{"@type":"WebPage","@id":"https:\/\/integramedikal.com\/magaza\/urun\/pr-104-aluminyum-katlanir-baston-siyah\/","url":"https:\/\/integramedikal.com\/magaza\/urun\/pr-104-aluminyum-katlanir-baston-siyah\/","name":"PR-104 Al\u00fcminyum Katlan\u0131r Baston (Siyah) - \u0130ntegra Medikal | | Ma\u011faza","isPartOf":{"@id":"https:\/\/integramedikal.com\/magaza\/#website"},"primaryImageOfPage":{"@id":"https:\/\/integramedikal.com\/magaza\/urun\/pr-104-aluminyum-katlanir-baston-siyah\/#primaryimage"},"image":{"@id":"https:\/\/integramedikal.com\/magaza\/urun\/pr-104-aluminyum-katlanir-baston-siyah\/#primaryimage"},"thumbnailUrl":"https:\/\/integramedikal.com\/magaza\/wp-content\/uploads\/2025\/06\/vcn6.jpg","datePublished":"2025-06-02T20:25:59+00:00","dateModified":"2026-02-18T12:52:45+00:00","breadcrumb":{"@id":"https:\/\/integramedikal.com\/magaza\/urun\/pr-104-aluminyum-katlanir-baston-siyah\/#breadcrumb"},"inLanguage":"tr","potentialAction":[{"@type":"ReadAction","target":["https:\/\/integramedikal.com\/magaza\/urun\/pr-104-aluminyum-katlanir-baston-siyah\/"]}]},{"@type":"ImageObject","inLanguage":"tr","@id":"https:\/\/integramedikal.com\/magaza\/urun\/pr-104-aluminyum-katlanir-baston-siyah\/#primaryimage","url":"https:\/\/integramedikal.com\/magaza\/wp-content\/uploads\/2025\/06\/vcn6.jpg","contentUrl":"https:\/\/integramedikal.com\/magaza\/wp-content\/uploads\/2025\/06\/vcn6.jpg","width":900,"height":900},{"@type":"BreadcrumbList","@id":"https:\/\/integramedikal.com\/magaza\/urun\/pr-104-aluminyum-katlanir-baston-siyah\/#breadcrumb","itemListElement":[{"@type":"ListItem","position":1,"name":"Anasayfa","item":"https:\/\/integramedikal.com\/magaza\/anasayfa\/"},{"@type":"ListItem","position":2,"name":"Shop","item":"https:\/\/integramedikal.com\/magaza\/shop\/"},{"@type":"ListItem","position":3,"name":"PR-104 Al\u00fcminyum Katlan\u0131r Baston (Siyah)"}]},{"@type":"WebSite","@id":"https:\/\/integramedikal.com\/magaza\/#website","url":"https:\/\/integramedikal.com\/magaza\/","name":"\u0130ntegra Medikal < | | >Ma\u011faza","description":"Sa\u011fl\u0131kta Kalite | Sekt\u00f6rde 25. Y\u0131l","publisher":{"@id":"https:\/\/integramedikal.com\/magaza\/#organization"},"potentialAction":[{"@type":"SearchAction","target":{"@type":"EntryPoint","urlTemplate":"https:\/\/integramedikal.com\/magaza\/?s={search_term_string}"},"query-input":{"@type":"PropertyValueSpecification","valueRequired":true,"valueName":"search_term_string"}}],"inLanguage":"tr"},{"@type":"Organization","@id":"https:\/\/integramedikal.com\/magaza\/#organization","name":"\u0130ntegra Medikal < | | >Ma\u011faza","url":"https:\/\/integramedikal.com\/magaza\/","logo":{"@type":"ImageObject","inLanguage":"tr","@id":"https:\/\/integramedikal.com\/magaza\/#\/schema\/logo\/image\/","url":"https:\/\/integramedikal.com\/magaza\/wp-content\/uploads\/2025\/06\/integra-logo-1.png","contentUrl":"https:\/\/integramedikal.com\/magaza\/wp-content\/uploads\/2025\/06\/integra-logo-1.png","width":340,"height":156,"caption":"\u0130ntegra Medikal < | | >Ma\u011faza"},"image":{"@id":"https:\/\/integramedikal.com\/magaza\/#\/schema\/logo\/image\/"},"sameAs":["https:\/\/www.facebook.com\/integramedikal1","https:\/\/x.com\/integramedikal","https:\/\/www.instagram.com\/integramedikal\/","https:\/\/www.youtube.com\/user\/integramedikal"]}]}},"_links":{"self":[{"href":"https:\/\/integramedikal.com\/magaza\/wp-json\/wp\/v2\/product\/1647","targetHints":{"allow":["GET"]}}],"collection":[{"href":"https:\/\/integramedikal.com\/magaza\/wp-json\/wp\/v2\/product"}],"about":[{"href":"https:\/\/integramedikal.com\/magaza\/wp-json\/wp\/v2\/types\/product"}],"replies":[{"embeddable":true,"href":"https:\/\/integramedikal.com\/magaza\/wp-json\/wp\/v2\/comments?post=1647"}],"wp:featuredmedia":[{"embeddable":true,"href":"https:\/\/integramedikal.com\/magaza\/wp-json\/wp\/v2\/media\/1657"}],"wp:attachment":[{"href":"https:\/\/integramedikal.com\/magaza\/wp-json\/wp\/v2\/media?parent=1647"}],"wp:term":[{"taxonomy":"product_brand","embeddable":true,"href":"https:\/\/integramedikal.com\/magaza\/wp-json\/wp\/v2\/product_brand?post=1647"},{"taxonomy":"product_cat","embeddable":true,"href":"https:\/\/integramedikal.com\/magaza\/wp-json\/wp\/v2\/product_cat?post=1647"},{"taxonomy":"product_tag","embeddable":true,"href":"https:\/\/integramedikal.com\/magaza\/wp-json\/wp\/v2\/product_tag?post=1647"}],"curies":[{"name":"wp","href":"https:\/\/api.w.org\/{rel}","templated":true}]}}