{"id":1646,"date":"2025-06-02T23:25:59","date_gmt":"2025-06-02T20:25:59","guid":{"rendered":"https:\/\/integramedikal.com\/magaza\/?post_type=product&#038;p=1646"},"modified":"2026-02-18T15:52:19","modified_gmt":"2026-02-18T12:52:19","slug":"pr-103-aluminyum-baston-eloksalli","status":"publish","type":"product","link":"https:\/\/integramedikal.com\/magaza\/urun\/pr-103-aluminyum-baston-eloksalli\/","title":{"rendered":"PR-103 Al\u00fcminyum Baston (Eloksall\u0131)"},"content":{"rendered":"<div>PR-103 Al\u00fcminyum Baston ile tan\u0131\u015f\u0131n, herhangi bir i\u015fletmenin mobilite yard\u0131mc\u0131lar\u0131 yelpazesine \u00f6nemli bir katk\u0131. B2B sekt\u00f6r\u00fc ve engelli ara\u00e7 sa\u011flay\u0131c\u0131lar\u0131 i\u00e7in \u00f6zel olarak tasarlanan bu ortopedik baston, i\u015flevselli\u011fi dayan\u0131kl\u0131l\u0131kla birle\u015ftiriyor. Y\u00fcr\u00fcrken deste\u011fe ihtiya\u00e7 duyan ki\u015filer i\u00e7in haz\u0131rlanm\u0131\u015f bu baston, kullan\u0131c\u0131lar i\u00e7in bir g\u00fcvenilirlik i\u015fareti ve t\u0131bbi ekipman perakendecileri i\u00e7in kazan\u00e7l\u0131 bir \u00fcr\u00fcn olarak duruyor.<\/div>\n<div>PR-103 Al\u00fcminyum Baston, stilden \u00f6d\u00fcn vermeden konfor sunmak i\u00e7in tasarlanm\u0131\u015ft\u0131r. Ekstra dayan\u0131kl\u0131l\u0131k i\u00e7in eloksall\u0131 olan bu medikal baston, geni\u015f bir kitleye hitap eden zarif bir g\u00f6r\u00fcn\u00fcm sunar. Ortopedik kullan\u0131m i\u00e7in ideal olan bu baston hafiftir ancak uzun s\u00fcreli servis ve kullan\u0131c\u0131 g\u00fcvenli\u011fi sa\u011flayan g\u00fc\u00e7l\u00fc bir g\u00f6vde yap\u0131s\u0131na sahiptir.<\/div>\n<div><\/div>\n<div><b>\u00dcr\u00fcn M\u00fckemmelli\u011fi ve M\u00fc\u015fteri Memnuniyeti<\/b><\/div>\n<div><b><br \/><\/b><\/div>\n<div>\u00dcst\u00fcn kalitesinin alt\u0131n\u0131 \u00e7izen PR-103 Al\u00fcminyum Baston, uzun \u00f6m\u00fcrl\u00fcl\u00fc\u011f\u00fcne ve performans\u0131na olan g\u00fcvenimizi g\u00f6steren etkileyici bir 2 Y\u0131l Garanti ile birlikte gelir. Kullan\u0131c\u0131lar taraf\u0131ndan sadece pratikli\u011fi ile de\u011fil, ayn\u0131 zamanda kullan\u0131m s\u0131ras\u0131ndaki rahatl\u0131\u011f\u0131 ile de tavsiye edilen bir \u00fcr\u00fcn. Bastonun ergonomik tasar\u0131m\u0131, el yorgunlu\u011funu en aza indirir ve d\u00fczenli kullan\u0131m kolayl\u0131\u011f\u0131 sa\u011flar, bu da onu sa\u011fl\u0131k uzmanlar\u0131 taraf\u0131ndan \u015fiddetle tavsiye edilmesini sa\u011flar.<\/div>\n<div><\/div>\n<div>Tedarikte maliyet etkinli\u011finin anahtar oldu\u011funu bilen bu ortopedik baston, ekonomik bir se\u00e7imdir. Birinci s\u0131n\u0131f t\u0131bbi yard\u0131m sa\u011flamak isteyen i\u015fletmelerin b\u00fct\u00e7elerine uygun, y\u00fcksek fiyat etiketi olmadan kalite sunar. Sat\u0131n al\u0131nabilirli\u011fi \u00f6rnek \u00f6zelliklerle birle\u015ftiren bir t\u0131bbi baston olarak, bu alandaki herhangi bir ticari kurulu\u015f i\u00e7in mant\u0131kl\u0131 bir yat\u0131r\u0131m olarak \u00f6ne \u00e7\u0131k\u0131yor.<\/div>\n<div><\/div>\n<div><b>Kolayla\u015ft\u0131r\u0131lm\u0131\u015f Servis ve H\u0131zl\u0131 Sevkiyat<\/b><\/div>\n<div><b><br \/><\/b><\/div>\n<div>T\u0131p alan\u0131nda h\u0131zl\u0131 hizmetin \u00f6nemini kabul eden bu t\u0131bbi baston, h\u0131zl\u0131 sevkiyat taahh\u00fcd\u00fcm\u00fczle e\u015fle\u015ftirilmi\u015ftir. Sipari\u015f verildikten sonra, her baston derhal g\u00f6nderilir ve envanterinizin gecikmeden yeniden stoklanmas\u0131n\u0131 sa\u011flar. Bu h\u0131zland\u0131r\u0131lm\u0131\u015f da\u011f\u0131t\u0131m s\u00fcreci, i\u015fletmelerin m\u00fc\u015fteri talebini verimli bir \u015fekilde kar\u015f\u0131lamas\u0131n\u0131 sa\u011flayarak sunulan hizmetlerde g\u00fcven ve g\u00fcvenilirlik yarat\u0131r.<\/div>\n<div><\/div>\n<div>PR-103 Al\u00fcminyum Baston, sadece fiziksel \u00f6zellikleri i\u00e7in de\u011fil, ayn\u0131 zamanda sat\u0131n alma sonras\u0131 vaat etti\u011fi destek i\u00e7in de tercih edilen bir ortopedik bastondur. M\u00fc\u015fteri hizmetlerine olan ba\u011fl\u0131l\u0131\u011f\u0131m\u0131z, \u00fcr\u00fcn\u00fcn kalitesini tamamlayarak i\u015fletmeniz i\u00e7in e\u015fsiz bir al\u0131\u015fveri\u015f deneyimi yarat\u0131r. Bu kapsaml\u0131 paket ile baston, ortopedik ekipman pazar\u0131nda en \u00e7ok satan \u00fcr\u00fcn olacak \u015fekilde konumland\u0131r\u0131lm\u0131\u015ft\u0131r.<\/div>\n<div><\/div>\n<p><div  id=\"btn_klavuz\"  class='avia-button-wrap av-av_button-84f83da443257011acfb37e6f773421f-wrap avia-button-left  avia-builder-el-0  el_before_av_button  avia-builder-el-first '><a href='https:\/\/www.integramedikal.com\/magaza\/upload\/kilavuz\/68-pr-103-aluminyum-baston-eloksalli.pdf'  class='avia-button av-av_button-84f83da443257011acfb37e6f773421f av-link-btn avia-icon_select-yes-left-icon avia-size-medium avia-position-left avia-color-theme-color-highlight'  target=\"_blank\"  rel=\"noopener noreferrer\"  aria-label=\"Kullan\u0131m K\u0131lavuzu\"><span class='avia_button_icon avia_button_icon_left avia-svg-icon avia-font-svg_entypo-fontello' data-av_svg_icon='book-open' data-av_iconset='svg_entypo-fontello'><svg version=\"1.1\" xmlns=\"http:\/\/www.w3.org\/2000\/svg\" width=\"29\" height=\"32\" viewBox=\"0 0 29 32\" preserveAspectRatio=\"xMidYMid meet\" aria-labelledby='av-svg-title-1' aria-describedby='av-svg-desc-1' role=\"graphics-symbol\">\n<title id='av-svg-title-1'>Book-open<\/title>\n<desc id='av-svg-desc-1'>Book-open<\/desc>\n<path d=\"M10.88 19.584v2.176l-6.4-2.56v-2.176zM10.88 12.928v2.176l-6.4-2.56v-2.176zM28.096 1.856q0.704 0.384 0.704 1.344v20.48q0 1.088-1.024 1.472l-12.736 5.12q-0.256 0.064-0.32 0.064t-0.16 0.032-0.16 0.032-0.16-0.032-0.16-0.032l-0.32-0.064-12.736-5.12q-1.024-0.384-1.024-1.472v-20.48q0-0.96 0.704-1.344 0.704-0.512 1.472-0.192l12.224 4.928 12.224-4.928q0.768-0.32 1.472 0.192zM12.8 27.072v-17.92l-10.24-4.096v17.92zM26.24 22.976v-17.92l-10.24 4.096v17.92zM24.32 17.024v2.176l-6.4 2.56v-2.176zM24.32 10.368v2.176l-6.4 2.56v-2.176z\"><\/path>\n<\/svg><\/span><span class='avia_iconbox_title' >Kullan\u0131m K\u0131lavuzu<\/span><\/a><\/div> <div  id=\"btn_teknikbilgi\"  class='avia-button-wrap av-av_button-e069d87ec5d6298b9b6c476e2dc5aa4e-wrap avia-button-left  avia-builder-el-1  el_after_av_button  avia-builder-el-last '><a href='javascript:void(0);'  class='avia-button av-av_button-e069d87ec5d6298b9b6c476e2dc5aa4e av-link-btn avia-icon_select-yes-left-icon avia-size-medium avia-position-left avia-color-theme-color-highlight'   aria-label=\"Teknik Bilgi\"><span class='avia_button_icon avia_button_icon_left avia-svg-icon avia-font-svg_entypo-fontello' data-av_svg_icon='cog' data-av_iconset='svg_entypo-fontello'><svg version=\"1.1\" xmlns=\"http:\/\/www.w3.org\/2000\/svg\" width=\"27\" height=\"32\" viewBox=\"0 0 27 32\" preserveAspectRatio=\"xMidYMid meet\" aria-labelledby='av-svg-title-2' aria-describedby='av-svg-desc-2' role=\"graphics-symbol\">\n<title id='av-svg-title-2'>Cog<\/title>\n<desc id='av-svg-desc-2'>Cog<\/desc>\n<path d=\"M24.32 16q0 2.304 2.56 3.904-0.384 1.28-1.088 2.624-2.24-0.576-4.352 1.408-1.728 1.856-1.088 4.352-1.28 0.64-2.688 1.152-1.472-2.624-4.224-2.624t-4.224 2.624q-1.408-0.512-2.688-1.152 0.64-2.56-1.088-4.352-1.728-1.728-4.352-1.088-0.448-0.832-1.088-2.624 2.624-1.664 2.624-4.224 0-2.304-2.624-3.968 0.64-1.792 1.088-2.624 2.368 0.576 4.352-1.408 1.728-1.792 1.088-4.352 1.344-0.704 2.688-1.088 1.472 2.56 4.224 2.56t4.224-2.56q1.344 0.384 2.688 1.088-0.64 2.496 1.088 4.352 2.112 1.984 4.352 1.408 0.704 1.344 1.088 2.624-2.56 1.6-2.56 3.968zM13.44 21.824q2.432 0 4.128-1.696t1.696-4.128-1.696-4.16-4.128-1.728-4.128 1.728-1.696 4.16 1.696 4.128 4.128 1.696z\"><\/path>\n<\/svg><\/span><span class='avia_iconbox_title' >Teknik Bilgi<\/span><\/a><\/div><\/p>\n","protected":false},"excerpt":{"rendered":"<p>PR-103 Al\u00fcminyum Baston ile tan\u0131\u015f\u0131n, herhangi bir i\u015fletmenin mobilite yard\u0131mc\u0131lar\u0131 yelpazesine \u00f6nemli bir katk\u0131. B2B sekt\u00f6r\u00fc ve engelli ara\u00e7 sa\u011flay\u0131c\u0131lar\u0131 i\u00e7in \u00f6zel olarak tasarlanan bu ortopedik baston, i\u015flevselli\u011fi dayan\u0131kl\u0131l\u0131kla birle\u015ftiriyor. Y\u00fcr\u00fcrken deste\u011fe ihtiya\u00e7 duyan ki\u015filer i\u00e7in haz\u0131rlanm\u0131\u015f bu baston, kullan\u0131c\u0131lar i\u00e7in bir g\u00fcvenilirlik i\u015fareti ve t\u0131bbi ekipman perakendecileri i\u00e7in kazan\u00e7l\u0131 bir \u00fcr\u00fcn olarak duruyor. PR-103 [&hellip;]<\/p>\n","protected":false},"featured_media":1656,"comment_status":"open","ping_status":"closed","template":"","meta":[],"product_brand":[],"product_cat":[600],"product_tag":[],"class_list":{"0":"post-1646","1":"product","2":"type-product","3":"status-publish","4":"has-post-thumbnail","6":"product_cat-yurume-gruplari","8":"first","9":"instock","10":"sale","11":"taxable","12":"shipping-taxable","13":"purchasable","14":"product-type-simple"},"yoast_head":"<!-- This site is optimized with the Yoast SEO plugin v27.4 - https:\/\/yoast.com\/product\/yoast-seo-wordpress\/ -->\n<title>PR-103 Al\u00fcminyum Baston (Eloksall\u0131) - \u0130ntegra Medikal | | Ma\u011faza<\/title>\n<meta name=\"robots\" content=\"index, follow, max-snippet:-1, max-image-preview:large, max-video-preview:-1\" \/>\n<link rel=\"canonical\" href=\"https:\/\/integramedikal.com\/magaza\/urun\/pr-103-aluminyum-baston-eloksalli\/\" \/>\n<meta property=\"og:locale\" content=\"tr_TR\" \/>\n<meta property=\"og:type\" content=\"article\" \/>\n<meta property=\"og:title\" content=\"PR-103 Al\u00fcminyum Baston (Eloksall\u0131) - \u0130ntegra Medikal | | Ma\u011faza\" \/>\n<meta property=\"og:description\" content=\"PR-103 Al\u00fcminyum Baston ile tan\u0131\u015f\u0131n, herhangi bir i\u015fletmenin mobilite yard\u0131mc\u0131lar\u0131 yelpazesine \u00f6nemli bir katk\u0131. B2B sekt\u00f6r\u00fc ve engelli ara\u00e7 sa\u011flay\u0131c\u0131lar\u0131 i\u00e7in \u00f6zel olarak tasarlanan bu ortopedik baston, i\u015flevselli\u011fi dayan\u0131kl\u0131l\u0131kla birle\u015ftiriyor. Y\u00fcr\u00fcrken deste\u011fe ihtiya\u00e7 duyan ki\u015filer i\u00e7in haz\u0131rlanm\u0131\u015f bu baston, kullan\u0131c\u0131lar i\u00e7in bir g\u00fcvenilirlik i\u015fareti ve t\u0131bbi ekipman perakendecileri i\u00e7in kazan\u00e7l\u0131 bir \u00fcr\u00fcn olarak duruyor. PR-103 [&hellip;]\" \/>\n<meta property=\"og:url\" content=\"https:\/\/integramedikal.com\/magaza\/urun\/pr-103-aluminyum-baston-eloksalli\/\" \/>\n<meta property=\"og:site_name\" content=\"\u0130ntegra Medikal | | Ma\u011faza\" \/>\n<meta property=\"article:publisher\" content=\"https:\/\/www.facebook.com\/integramedikal1\" \/>\n<meta property=\"article:modified_time\" content=\"2026-02-18T12:52:19+00:00\" \/>\n<meta property=\"og:image\" content=\"https:\/\/integramedikal.com\/magaza\/wp-content\/uploads\/2025\/06\/gnf6.png\" \/>\n\t<meta property=\"og:image:width\" content=\"900\" \/>\n\t<meta property=\"og:image:height\" content=\"900\" \/>\n\t<meta property=\"og:image:type\" content=\"image\/png\" \/>\n<meta name=\"twitter:card\" content=\"summary_large_image\" \/>\n<meta name=\"twitter:site\" content=\"@integramedikal\" \/>\n<meta name=\"twitter:label1\" content=\"Tahmini okuma s\u00fcresi\" \/>\n\t<meta name=\"twitter:data1\" content=\"3 dakika\" \/>\n<script type=\"application\/ld+json\" class=\"yoast-schema-graph\">{\"@context\":\"https:\\\/\\\/schema.org\",\"@graph\":[{\"@type\":\"WebPage\",\"@id\":\"https:\\\/\\\/integramedikal.com\\\/magaza\\\/urun\\\/pr-103-aluminyum-baston-eloksalli\\\/\",\"url\":\"https:\\\/\\\/integramedikal.com\\\/magaza\\\/urun\\\/pr-103-aluminyum-baston-eloksalli\\\/\",\"name\":\"PR-103 Al\u00fcminyum Baston (Eloksall\u0131) - \u0130ntegra Medikal | | Ma\u011faza\",\"isPartOf\":{\"@id\":\"https:\\\/\\\/integramedikal.com\\\/magaza\\\/#website\"},\"primaryImageOfPage\":{\"@id\":\"https:\\\/\\\/integramedikal.com\\\/magaza\\\/urun\\\/pr-103-aluminyum-baston-eloksalli\\\/#primaryimage\"},\"image\":{\"@id\":\"https:\\\/\\\/integramedikal.com\\\/magaza\\\/urun\\\/pr-103-aluminyum-baston-eloksalli\\\/#primaryimage\"},\"thumbnailUrl\":\"https:\\\/\\\/integramedikal.com\\\/magaza\\\/wp-content\\\/uploads\\\/2025\\\/06\\\/gnf6.png\",\"datePublished\":\"2025-06-02T20:25:59+00:00\",\"dateModified\":\"2026-02-18T12:52:19+00:00\",\"breadcrumb\":{\"@id\":\"https:\\\/\\\/integramedikal.com\\\/magaza\\\/urun\\\/pr-103-aluminyum-baston-eloksalli\\\/#breadcrumb\"},\"inLanguage\":\"tr\",\"potentialAction\":[{\"@type\":\"ReadAction\",\"target\":[\"https:\\\/\\\/integramedikal.com\\\/magaza\\\/urun\\\/pr-103-aluminyum-baston-eloksalli\\\/\"]}]},{\"@type\":\"ImageObject\",\"inLanguage\":\"tr\",\"@id\":\"https:\\\/\\\/integramedikal.com\\\/magaza\\\/urun\\\/pr-103-aluminyum-baston-eloksalli\\\/#primaryimage\",\"url\":\"https:\\\/\\\/integramedikal.com\\\/magaza\\\/wp-content\\\/uploads\\\/2025\\\/06\\\/gnf6.png\",\"contentUrl\":\"https:\\\/\\\/integramedikal.com\\\/magaza\\\/wp-content\\\/uploads\\\/2025\\\/06\\\/gnf6.png\",\"width\":900,\"height\":900},{\"@type\":\"BreadcrumbList\",\"@id\":\"https:\\\/\\\/integramedikal.com\\\/magaza\\\/urun\\\/pr-103-aluminyum-baston-eloksalli\\\/#breadcrumb\",\"itemListElement\":[{\"@type\":\"ListItem\",\"position\":1,\"name\":\"Anasayfa\",\"item\":\"https:\\\/\\\/integramedikal.com\\\/magaza\\\/anasayfa\\\/\"},{\"@type\":\"ListItem\",\"position\":2,\"name\":\"Shop\",\"item\":\"https:\\\/\\\/integramedikal.com\\\/magaza\\\/shop\\\/\"},{\"@type\":\"ListItem\",\"position\":3,\"name\":\"PR-103 Al\u00fcminyum Baston (Eloksall\u0131)\"}]},{\"@type\":\"WebSite\",\"@id\":\"https:\\\/\\\/integramedikal.com\\\/magaza\\\/#website\",\"url\":\"https:\\\/\\\/integramedikal.com\\\/magaza\\\/\",\"name\":\"\u0130ntegra Medikal < | | >Ma\u011faza\",\"description\":\"Sa\u011fl\u0131kta Kalite | Sekt\u00f6rde 25. Y\u0131l\",\"publisher\":{\"@id\":\"https:\\\/\\\/integramedikal.com\\\/magaza\\\/#organization\"},\"potentialAction\":[{\"@type\":\"SearchAction\",\"target\":{\"@type\":\"EntryPoint\",\"urlTemplate\":\"https:\\\/\\\/integramedikal.com\\\/magaza\\\/?s={search_term_string}\"},\"query-input\":{\"@type\":\"PropertyValueSpecification\",\"valueRequired\":true,\"valueName\":\"search_term_string\"}}],\"inLanguage\":\"tr\"},{\"@type\":\"Organization\",\"@id\":\"https:\\\/\\\/integramedikal.com\\\/magaza\\\/#organization\",\"name\":\"\u0130ntegra Medikal < | | >Ma\u011faza\",\"url\":\"https:\\\/\\\/integramedikal.com\\\/magaza\\\/\",\"logo\":{\"@type\":\"ImageObject\",\"inLanguage\":\"tr\",\"@id\":\"https:\\\/\\\/integramedikal.com\\\/magaza\\\/#\\\/schema\\\/logo\\\/image\\\/\",\"url\":\"https:\\\/\\\/integramedikal.com\\\/magaza\\\/wp-content\\\/uploads\\\/2025\\\/06\\\/integra-logo-1.png\",\"contentUrl\":\"https:\\\/\\\/integramedikal.com\\\/magaza\\\/wp-content\\\/uploads\\\/2025\\\/06\\\/integra-logo-1.png\",\"width\":340,\"height\":156,\"caption\":\"\u0130ntegra Medikal < | | >Ma\u011faza\"},\"image\":{\"@id\":\"https:\\\/\\\/integramedikal.com\\\/magaza\\\/#\\\/schema\\\/logo\\\/image\\\/\"},\"sameAs\":[\"https:\\\/\\\/www.facebook.com\\\/integramedikal1\",\"https:\\\/\\\/x.com\\\/integramedikal\",\"https:\\\/\\\/www.instagram.com\\\/integramedikal\\\/\",\"https:\\\/\\\/www.youtube.com\\\/user\\\/integramedikal\"]}]}<\/script>\n<!-- \/ Yoast SEO plugin. -->","yoast_head_json":{"title":"PR-103 Al\u00fcminyum Baston (Eloksall\u0131) - \u0130ntegra Medikal | | Ma\u011faza","robots":{"index":"index","follow":"follow","max-snippet":"max-snippet:-1","max-image-preview":"max-image-preview:large","max-video-preview":"max-video-preview:-1"},"canonical":"https:\/\/integramedikal.com\/magaza\/urun\/pr-103-aluminyum-baston-eloksalli\/","og_locale":"tr_TR","og_type":"article","og_title":"PR-103 Al\u00fcminyum Baston (Eloksall\u0131) - \u0130ntegra Medikal | | Ma\u011faza","og_description":"PR-103 Al\u00fcminyum Baston ile tan\u0131\u015f\u0131n, herhangi bir i\u015fletmenin mobilite yard\u0131mc\u0131lar\u0131 yelpazesine \u00f6nemli bir katk\u0131. B2B sekt\u00f6r\u00fc ve engelli ara\u00e7 sa\u011flay\u0131c\u0131lar\u0131 i\u00e7in \u00f6zel olarak tasarlanan bu ortopedik baston, i\u015flevselli\u011fi dayan\u0131kl\u0131l\u0131kla birle\u015ftiriyor. Y\u00fcr\u00fcrken deste\u011fe ihtiya\u00e7 duyan ki\u015filer i\u00e7in haz\u0131rlanm\u0131\u015f bu baston, kullan\u0131c\u0131lar i\u00e7in bir g\u00fcvenilirlik i\u015fareti ve t\u0131bbi ekipman perakendecileri i\u00e7in kazan\u00e7l\u0131 bir \u00fcr\u00fcn olarak duruyor. PR-103 [&hellip;]","og_url":"https:\/\/integramedikal.com\/magaza\/urun\/pr-103-aluminyum-baston-eloksalli\/","og_site_name":"\u0130ntegra Medikal | | Ma\u011faza","article_publisher":"https:\/\/www.facebook.com\/integramedikal1","article_modified_time":"2026-02-18T12:52:19+00:00","og_image":[{"width":900,"height":900,"url":"https:\/\/integramedikal.com\/magaza\/wp-content\/uploads\/2025\/06\/gnf6.png","type":"image\/png"}],"twitter_card":"summary_large_image","twitter_site":"@integramedikal","twitter_misc":{"Tahmini okuma s\u00fcresi":"3 dakika"},"schema":{"@context":"https:\/\/schema.org","@graph":[{"@type":"WebPage","@id":"https:\/\/integramedikal.com\/magaza\/urun\/pr-103-aluminyum-baston-eloksalli\/","url":"https:\/\/integramedikal.com\/magaza\/urun\/pr-103-aluminyum-baston-eloksalli\/","name":"PR-103 Al\u00fcminyum Baston (Eloksall\u0131) - \u0130ntegra Medikal | | Ma\u011faza","isPartOf":{"@id":"https:\/\/integramedikal.com\/magaza\/#website"},"primaryImageOfPage":{"@id":"https:\/\/integramedikal.com\/magaza\/urun\/pr-103-aluminyum-baston-eloksalli\/#primaryimage"},"image":{"@id":"https:\/\/integramedikal.com\/magaza\/urun\/pr-103-aluminyum-baston-eloksalli\/#primaryimage"},"thumbnailUrl":"https:\/\/integramedikal.com\/magaza\/wp-content\/uploads\/2025\/06\/gnf6.png","datePublished":"2025-06-02T20:25:59+00:00","dateModified":"2026-02-18T12:52:19+00:00","breadcrumb":{"@id":"https:\/\/integramedikal.com\/magaza\/urun\/pr-103-aluminyum-baston-eloksalli\/#breadcrumb"},"inLanguage":"tr","potentialAction":[{"@type":"ReadAction","target":["https:\/\/integramedikal.com\/magaza\/urun\/pr-103-aluminyum-baston-eloksalli\/"]}]},{"@type":"ImageObject","inLanguage":"tr","@id":"https:\/\/integramedikal.com\/magaza\/urun\/pr-103-aluminyum-baston-eloksalli\/#primaryimage","url":"https:\/\/integramedikal.com\/magaza\/wp-content\/uploads\/2025\/06\/gnf6.png","contentUrl":"https:\/\/integramedikal.com\/magaza\/wp-content\/uploads\/2025\/06\/gnf6.png","width":900,"height":900},{"@type":"BreadcrumbList","@id":"https:\/\/integramedikal.com\/magaza\/urun\/pr-103-aluminyum-baston-eloksalli\/#breadcrumb","itemListElement":[{"@type":"ListItem","position":1,"name":"Anasayfa","item":"https:\/\/integramedikal.com\/magaza\/anasayfa\/"},{"@type":"ListItem","position":2,"name":"Shop","item":"https:\/\/integramedikal.com\/magaza\/shop\/"},{"@type":"ListItem","position":3,"name":"PR-103 Al\u00fcminyum Baston (Eloksall\u0131)"}]},{"@type":"WebSite","@id":"https:\/\/integramedikal.com\/magaza\/#website","url":"https:\/\/integramedikal.com\/magaza\/","name":"\u0130ntegra Medikal < | | >Ma\u011faza","description":"Sa\u011fl\u0131kta Kalite | Sekt\u00f6rde 25. Y\u0131l","publisher":{"@id":"https:\/\/integramedikal.com\/magaza\/#organization"},"potentialAction":[{"@type":"SearchAction","target":{"@type":"EntryPoint","urlTemplate":"https:\/\/integramedikal.com\/magaza\/?s={search_term_string}"},"query-input":{"@type":"PropertyValueSpecification","valueRequired":true,"valueName":"search_term_string"}}],"inLanguage":"tr"},{"@type":"Organization","@id":"https:\/\/integramedikal.com\/magaza\/#organization","name":"\u0130ntegra Medikal < | | >Ma\u011faza","url":"https:\/\/integramedikal.com\/magaza\/","logo":{"@type":"ImageObject","inLanguage":"tr","@id":"https:\/\/integramedikal.com\/magaza\/#\/schema\/logo\/image\/","url":"https:\/\/integramedikal.com\/magaza\/wp-content\/uploads\/2025\/06\/integra-logo-1.png","contentUrl":"https:\/\/integramedikal.com\/magaza\/wp-content\/uploads\/2025\/06\/integra-logo-1.png","width":340,"height":156,"caption":"\u0130ntegra Medikal < | | >Ma\u011faza"},"image":{"@id":"https:\/\/integramedikal.com\/magaza\/#\/schema\/logo\/image\/"},"sameAs":["https:\/\/www.facebook.com\/integramedikal1","https:\/\/x.com\/integramedikal","https:\/\/www.instagram.com\/integramedikal\/","https:\/\/www.youtube.com\/user\/integramedikal"]}]}},"_links":{"self":[{"href":"https:\/\/integramedikal.com\/magaza\/wp-json\/wp\/v2\/product\/1646","targetHints":{"allow":["GET"]}}],"collection":[{"href":"https:\/\/integramedikal.com\/magaza\/wp-json\/wp\/v2\/product"}],"about":[{"href":"https:\/\/integramedikal.com\/magaza\/wp-json\/wp\/v2\/types\/product"}],"replies":[{"embeddable":true,"href":"https:\/\/integramedikal.com\/magaza\/wp-json\/wp\/v2\/comments?post=1646"}],"wp:featuredmedia":[{"embeddable":true,"href":"https:\/\/integramedikal.com\/magaza\/wp-json\/wp\/v2\/media\/1656"}],"wp:attachment":[{"href":"https:\/\/integramedikal.com\/magaza\/wp-json\/wp\/v2\/media?parent=1646"}],"wp:term":[{"taxonomy":"product_brand","embeddable":true,"href":"https:\/\/integramedikal.com\/magaza\/wp-json\/wp\/v2\/product_brand?post=1646"},{"taxonomy":"product_cat","embeddable":true,"href":"https:\/\/integramedikal.com\/magaza\/wp-json\/wp\/v2\/product_cat?post=1646"},{"taxonomy":"product_tag","embeddable":true,"href":"https:\/\/integramedikal.com\/magaza\/wp-json\/wp\/v2\/product_tag?post=1646"}],"curies":[{"name":"wp","href":"https:\/\/api.w.org\/{rel}","templated":true}]}}