{"id":1645,"date":"2025-06-02T23:25:59","date_gmt":"2025-06-02T20:25:59","guid":{"rendered":"https:\/\/integramedikal.com\/magaza\/?post_type=product&#038;p=1645"},"modified":"2026-02-18T15:51:58","modified_gmt":"2026-02-18T12:51:58","slug":"pr-102-aluminyum-baston-bronz","status":"publish","type":"product","link":"https:\/\/integramedikal.com\/magaza\/urun\/pr-102-aluminyum-baston-bronz\/","title":{"rendered":"PR-102 Al\u00fcminyum Baston (Bronz)"},"content":{"rendered":"<div>PR-102 Al\u00fcminyum Baston (Bronz), B2B al\u0131c\u0131lar\u0131n\u0131n ve engelliler i\u00e7in mobilite \u00e7\u00f6z\u00fcmleri sunan \u015firketlerin gereksinimlerini m\u00fckemmel bir \u015fekilde kar\u015f\u0131layan kusursuz tasar\u0131ml\u0131 bir ortopedik baston ile tan\u0131\u015f\u0131n. Dayan\u0131kl\u0131l\u0131k ve m\u00fc\u015fteri memnuniyeti ile e\u015f anlaml\u0131 olan bu medikal baston, kaliteli yard\u0131mc\u0131 cihazlar sa\u011flamaya odaklanan kurulu\u015flar i\u00e7in ekonomik bir se\u00e7im olarak ortaya \u00e7\u0131k\u0131yor. Sa\u011flam al\u00fcminyum yap\u0131, g\u00fcvenilir bir destek sa\u011flayarak kullan\u0131c\u0131 taraf\u0131ndan at\u0131lan her ad\u0131mda g\u00fcveni art\u0131r\u0131r.<\/div>\n<div><\/div>\n<div>Ortopedik ihtiya\u00e7lar\u0131n n\u00fcanslar\u0131na titizlikle dikkat edilerek tasarlanan PR-102 Al\u00fcminyum Baston, sadece destekleyici bir aksesuar de\u011fil, ayn\u0131 zamanda \u00fcreticinin m\u00fckemmelli\u011fe olan ba\u011fl\u0131l\u0131\u011f\u0131n\u0131n bir yans\u0131mas\u0131d\u0131r. Etkileyici 2 Y\u0131l Garanti, \u00fcr\u00fcn\u00fcn uzun \u00f6m\u00fcrl\u00fcl\u00fc\u011f\u00fcn\u00fcn ve \u00fcreticilerin sa\u011flam g\u00f6vde yap\u0131s\u0131na olan g\u00fcveninin alt\u0131n\u0131 \u00e7iziyor. Bu ortopedik baston, y\u00fcr\u00fcy\u00fc\u015flerinde istikrar arayanlar i\u00e7in vazge\u00e7ilmez bir ara\u00e7 olmay\u0131 vaat ediyor ve b\u00f6ylece \u00e7e\u015fitli ya\u015fam alanlar\u0131ndaki kullan\u0131c\u0131lar i\u00e7in ya\u015fam kalitesini art\u0131r\u0131yor.<\/div>\n<div><b><br \/><\/b><\/div>\n<div><b>Temel \u00d6zellikler ve Yararlar\u0131<\/b><\/div>\n<div><b><br \/><\/b><\/div>\n<div>PR-102 Al\u00fcminyum Baston (Bronz), uzun \u00f6m\u00fcr ve konfora hitap eden bir dizi \u00f6zelli\u011fi ile pazarda \u00f6ne \u00e7\u0131kmaktad\u0131r. Sa\u011flam g\u00f6vde \u00e7er\u00e7evesi, yo\u011fun kullan\u0131m i\u00e7in tasarlanm\u0131\u015ft\u0131r ve g\u00fcnl\u00fck ya\u015fam\u0131n taleplerine sars\u0131lmadan dayanabilmesini sa\u011flar. \u00dcr\u00fcn\u00fcn g\u00fcc\u00fc, kullan\u0131c\u0131 dostu olmas\u0131yla e\u015fle\u015fir &#8211; kullan\u0131c\u0131 taraf\u0131ndan \u00f6nerilen durumunun bir kan\u0131t\u0131d\u0131r. Sadece t\u0131bbi bir baston de\u011fil, ortopedik deste\u011fe ihtiyac\u0131 olanlar i\u00e7in sabit bir arkada\u015ft\u0131r.<\/div>\n<div><\/div>\n<div>Sa\u011flam tasar\u0131m\u0131n\u0131n yan\u0131 s\u0131ra, bu t\u0131bbi baston ekonomik bir \u00fcr\u00fcn olarak kutlanmaktad\u0131r. Bu maliyet etkinli\u011fi kaliteden \u00f6d\u00fcn vermez, aksine en y\u00fcksek standartlarda t\u0131bbi yard\u0131mlar\u0131n daha geni\u015f bir kitle taraf\u0131ndan eri\u015filebilir olmas\u0131n\u0131 sa\u011flar. Ayr\u0131ca, h\u0131zl\u0131 sevkiyat vaadi, bu \u00fcr\u00fcn\u00fc verimlili\u011fe ve zaman\u0131nda hizmet sunumuna de\u011fer veren i\u015fletmeler i\u00e7in daha da \u00e7ekici hale getirerek, PR-102 Al\u00fcminyum Bastonunu (Bronz) envantere ak\u0131ll\u0131 ve stratejik bir katk\u0131 haline getiriyor.<\/div>\n<div><\/div>\n<div><b>\u0130\u015fletmeniz i\u00e7in Neden PR-102&#8217;yi Se\u00e7melisiniz?<\/b><\/div>\n<div><b><br \/><\/b><\/div>\n<div>PR-102 Al\u00fcminyum Baston (Bronz), se\u00e7ici i\u015f m\u00fc\u015fterileri i\u00e7in \u00f6zel olarak tasarlanm\u0131\u015ft\u0131r. Engellilerin ihtiya\u00e7lar\u0131n\u0131n birinci s\u0131n\u0131f ara\u00e7lar ve yard\u0131mlarla kar\u015f\u0131lanmas\u0131n\u0131n zorunlulu\u011fu anla\u015f\u0131lmaktad\u0131r; Bu nedenle bu ortopedik baston, \u00fcr\u00fcn yelpazenizde m\u00fckemmel bir teklif olacak \u015fekilde donat\u0131lm\u0131\u015ft\u0131r. Garantili garantisi ile i\u015fletmeler, bir servis garantisi ile desteklendi\u011fini bilerek bu t\u0131bbi bastonu g\u00fcvenle sa\u011flayabilirler.<\/div>\n<div>\u00dcstelik h\u0131zl\u0131 sevkiyat taahh\u00fcd\u00fc, bu vazge\u00e7ilmez ortopedik yard\u0131m\u0131n m\u00fc\u015fterilerinizin en \u00e7ok ihtiya\u00e7 duydu\u011fu anda ula\u015fmas\u0131n\u0131 sa\u011flar.<\/div>\n<div><\/div>\n<div> Ola\u011fan\u00fcst\u00fc m\u00fc\u015fteri hizmetlerine ve zaman\u0131nda teslimata adanm\u0131\u015f kurulu\u015flar i\u00e7in PR-102, g\u00fcven ve g\u00fcvenilirli\u011fin somutla\u015fm\u0131\u015f hali haline gelir. G\u00fcc\u00fcn, ekonominin ve h\u0131zl\u0131 eri\u015filebilirli\u011fin bir kar\u0131\u015f\u0131m\u0131n\u0131 temsil eden ortopedik bir baston olan PR-102 Al\u00fcminyum Baston (Bronz) ile katalo\u011funuzu zenginle\u015ftirme f\u0131rsat\u0131n\u0131 yakalay\u0131n.<\/div>\n<div><\/div>\n<p><div  id=\"btn_klavuz\"  class='avia-button-wrap av-av_button-e09ceb6054cf1218afbb35af5bb06ad5-wrap avia-button-left  avia-builder-el-0  el_before_av_button  avia-builder-el-first '><a href='https:\/\/www.integramedikal.com\/magaza\/upload\/kilavuz\/67-pr-102-aluminyum-baston-bronz.pdf'  class='avia-button av-av_button-e09ceb6054cf1218afbb35af5bb06ad5 av-link-btn avia-icon_select-yes-left-icon avia-size-medium avia-position-left avia-color-theme-color-highlight'  target=\"_blank\"  rel=\"noopener noreferrer\"  aria-label=\"Kullan\u0131m K\u0131lavuzu\"><span class='avia_button_icon avia_button_icon_left avia-svg-icon avia-font-svg_entypo-fontello' data-av_svg_icon='book-open' data-av_iconset='svg_entypo-fontello'><svg version=\"1.1\" xmlns=\"http:\/\/www.w3.org\/2000\/svg\" width=\"29\" height=\"32\" viewBox=\"0 0 29 32\" preserveAspectRatio=\"xMidYMid meet\" aria-labelledby='av-svg-title-1' aria-describedby='av-svg-desc-1' role=\"graphics-symbol\">\n<title id='av-svg-title-1'>Book-open<\/title>\n<desc id='av-svg-desc-1'>Book-open<\/desc>\n<path d=\"M10.88 19.584v2.176l-6.4-2.56v-2.176zM10.88 12.928v2.176l-6.4-2.56v-2.176zM28.096 1.856q0.704 0.384 0.704 1.344v20.48q0 1.088-1.024 1.472l-12.736 5.12q-0.256 0.064-0.32 0.064t-0.16 0.032-0.16 0.032-0.16-0.032-0.16-0.032l-0.32-0.064-12.736-5.12q-1.024-0.384-1.024-1.472v-20.48q0-0.96 0.704-1.344 0.704-0.512 1.472-0.192l12.224 4.928 12.224-4.928q0.768-0.32 1.472 0.192zM12.8 27.072v-17.92l-10.24-4.096v17.92zM26.24 22.976v-17.92l-10.24 4.096v17.92zM24.32 17.024v2.176l-6.4 2.56v-2.176zM24.32 10.368v2.176l-6.4 2.56v-2.176z\"><\/path>\n<\/svg><\/span><span class='avia_iconbox_title' >Kullan\u0131m K\u0131lavuzu<\/span><\/a><\/div> <div  id=\"btn_teknikbilgi\"  class='avia-button-wrap av-av_button-e069d87ec5d6298b9b6c476e2dc5aa4e-wrap avia-button-left  avia-builder-el-1  el_after_av_button  avia-builder-el-last '><a href='javascript:void(0);'  class='avia-button av-av_button-e069d87ec5d6298b9b6c476e2dc5aa4e av-link-btn avia-icon_select-yes-left-icon avia-size-medium avia-position-left avia-color-theme-color-highlight'   aria-label=\"Teknik Bilgi\"><span class='avia_button_icon avia_button_icon_left avia-svg-icon avia-font-svg_entypo-fontello' data-av_svg_icon='cog' data-av_iconset='svg_entypo-fontello'><svg version=\"1.1\" xmlns=\"http:\/\/www.w3.org\/2000\/svg\" width=\"27\" height=\"32\" viewBox=\"0 0 27 32\" preserveAspectRatio=\"xMidYMid meet\" aria-labelledby='av-svg-title-2' aria-describedby='av-svg-desc-2' role=\"graphics-symbol\">\n<title id='av-svg-title-2'>Cog<\/title>\n<desc id='av-svg-desc-2'>Cog<\/desc>\n<path d=\"M24.32 16q0 2.304 2.56 3.904-0.384 1.28-1.088 2.624-2.24-0.576-4.352 1.408-1.728 1.856-1.088 4.352-1.28 0.64-2.688 1.152-1.472-2.624-4.224-2.624t-4.224 2.624q-1.408-0.512-2.688-1.152 0.64-2.56-1.088-4.352-1.728-1.728-4.352-1.088-0.448-0.832-1.088-2.624 2.624-1.664 2.624-4.224 0-2.304-2.624-3.968 0.64-1.792 1.088-2.624 2.368 0.576 4.352-1.408 1.728-1.792 1.088-4.352 1.344-0.704 2.688-1.088 1.472 2.56 4.224 2.56t4.224-2.56q1.344 0.384 2.688 1.088-0.64 2.496 1.088 4.352 2.112 1.984 4.352 1.408 0.704 1.344 1.088 2.624-2.56 1.6-2.56 3.968zM13.44 21.824q2.432 0 4.128-1.696t1.696-4.128-1.696-4.16-4.128-1.728-4.128 1.728-1.696 4.16 1.696 4.128 4.128 1.696z\"><\/path>\n<\/svg><\/span><span class='avia_iconbox_title' >Teknik Bilgi<\/span><\/a><\/div><\/p>\n","protected":false},"excerpt":{"rendered":"<p>PR-102 Al\u00fcminyum Baston (Bronz), B2B al\u0131c\u0131lar\u0131n\u0131n ve engelliler i\u00e7in mobilite \u00e7\u00f6z\u00fcmleri sunan \u015firketlerin gereksinimlerini m\u00fckemmel bir \u015fekilde kar\u015f\u0131layan kusursuz tasar\u0131ml\u0131 bir ortopedik baston ile tan\u0131\u015f\u0131n. Dayan\u0131kl\u0131l\u0131k ve m\u00fc\u015fteri memnuniyeti ile e\u015f anlaml\u0131 olan bu medikal baston, kaliteli yard\u0131mc\u0131 cihazlar sa\u011flamaya odaklanan kurulu\u015flar i\u00e7in ekonomik bir se\u00e7im olarak ortaya \u00e7\u0131k\u0131yor. Sa\u011flam al\u00fcminyum yap\u0131, g\u00fcvenilir bir destek [&hellip;]<\/p>\n","protected":false},"featured_media":1655,"comment_status":"open","ping_status":"closed","template":"","meta":[],"product_brand":[],"product_cat":[600],"product_tag":[],"class_list":{"0":"post-1645","1":"product","2":"type-product","3":"status-publish","4":"has-post-thumbnail","6":"product_cat-yurume-gruplari","8":"first","9":"instock","10":"sale","11":"taxable","12":"shipping-taxable","13":"purchasable","14":"product-type-simple"},"yoast_head":"<!-- This site is optimized with the Yoast SEO plugin v27.4 - https:\/\/yoast.com\/product\/yoast-seo-wordpress\/ -->\n<title>PR-102 Al\u00fcminyum Baston (Bronz) - \u0130ntegra Medikal | | Ma\u011faza<\/title>\n<meta name=\"robots\" content=\"index, follow, max-snippet:-1, max-image-preview:large, max-video-preview:-1\" \/>\n<link rel=\"canonical\" href=\"https:\/\/integramedikal.com\/magaza\/urun\/pr-102-aluminyum-baston-bronz\/\" \/>\n<meta property=\"og:locale\" content=\"tr_TR\" \/>\n<meta property=\"og:type\" content=\"article\" \/>\n<meta property=\"og:title\" content=\"PR-102 Al\u00fcminyum Baston (Bronz) - \u0130ntegra Medikal | | Ma\u011faza\" \/>\n<meta property=\"og:description\" content=\"PR-102 Al\u00fcminyum Baston (Bronz), B2B al\u0131c\u0131lar\u0131n\u0131n ve engelliler i\u00e7in mobilite \u00e7\u00f6z\u00fcmleri sunan \u015firketlerin gereksinimlerini m\u00fckemmel bir \u015fekilde kar\u015f\u0131layan kusursuz tasar\u0131ml\u0131 bir ortopedik baston ile tan\u0131\u015f\u0131n. Dayan\u0131kl\u0131l\u0131k ve m\u00fc\u015fteri memnuniyeti ile e\u015f anlaml\u0131 olan bu medikal baston, kaliteli yard\u0131mc\u0131 cihazlar sa\u011flamaya odaklanan kurulu\u015flar i\u00e7in ekonomik bir se\u00e7im olarak ortaya \u00e7\u0131k\u0131yor. Sa\u011flam al\u00fcminyum yap\u0131, g\u00fcvenilir bir destek [&hellip;]\" \/>\n<meta property=\"og:url\" content=\"https:\/\/integramedikal.com\/magaza\/urun\/pr-102-aluminyum-baston-bronz\/\" \/>\n<meta property=\"og:site_name\" content=\"\u0130ntegra Medikal | | Ma\u011faza\" \/>\n<meta property=\"article:publisher\" content=\"https:\/\/www.facebook.com\/integramedikal1\" \/>\n<meta property=\"article:modified_time\" content=\"2026-02-18T12:51:58+00:00\" \/>\n<meta property=\"og:image\" content=\"https:\/\/integramedikal.com\/magaza\/wp-content\/uploads\/2025\/06\/PR-102.jpg\" \/>\n\t<meta property=\"og:image:width\" content=\"900\" \/>\n\t<meta property=\"og:image:height\" content=\"900\" \/>\n\t<meta property=\"og:image:type\" content=\"image\/jpeg\" \/>\n<meta name=\"twitter:card\" content=\"summary_large_image\" \/>\n<meta name=\"twitter:site\" content=\"@integramedikal\" \/>\n<meta name=\"twitter:label1\" content=\"Tahmini okuma s\u00fcresi\" \/>\n\t<meta name=\"twitter:data1\" content=\"3 dakika\" \/>\n<script type=\"application\/ld+json\" class=\"yoast-schema-graph\">{\"@context\":\"https:\\\/\\\/schema.org\",\"@graph\":[{\"@type\":\"WebPage\",\"@id\":\"https:\\\/\\\/integramedikal.com\\\/magaza\\\/urun\\\/pr-102-aluminyum-baston-bronz\\\/\",\"url\":\"https:\\\/\\\/integramedikal.com\\\/magaza\\\/urun\\\/pr-102-aluminyum-baston-bronz\\\/\",\"name\":\"PR-102 Al\u00fcminyum Baston (Bronz) - \u0130ntegra Medikal | | Ma\u011faza\",\"isPartOf\":{\"@id\":\"https:\\\/\\\/integramedikal.com\\\/magaza\\\/#website\"},\"primaryImageOfPage\":{\"@id\":\"https:\\\/\\\/integramedikal.com\\\/magaza\\\/urun\\\/pr-102-aluminyum-baston-bronz\\\/#primaryimage\"},\"image\":{\"@id\":\"https:\\\/\\\/integramedikal.com\\\/magaza\\\/urun\\\/pr-102-aluminyum-baston-bronz\\\/#primaryimage\"},\"thumbnailUrl\":\"https:\\\/\\\/integramedikal.com\\\/magaza\\\/wp-content\\\/uploads\\\/2025\\\/06\\\/PR-102.jpg\",\"datePublished\":\"2025-06-02T20:25:59+00:00\",\"dateModified\":\"2026-02-18T12:51:58+00:00\",\"breadcrumb\":{\"@id\":\"https:\\\/\\\/integramedikal.com\\\/magaza\\\/urun\\\/pr-102-aluminyum-baston-bronz\\\/#breadcrumb\"},\"inLanguage\":\"tr\",\"potentialAction\":[{\"@type\":\"ReadAction\",\"target\":[\"https:\\\/\\\/integramedikal.com\\\/magaza\\\/urun\\\/pr-102-aluminyum-baston-bronz\\\/\"]}]},{\"@type\":\"ImageObject\",\"inLanguage\":\"tr\",\"@id\":\"https:\\\/\\\/integramedikal.com\\\/magaza\\\/urun\\\/pr-102-aluminyum-baston-bronz\\\/#primaryimage\",\"url\":\"https:\\\/\\\/integramedikal.com\\\/magaza\\\/wp-content\\\/uploads\\\/2025\\\/06\\\/PR-102.jpg\",\"contentUrl\":\"https:\\\/\\\/integramedikal.com\\\/magaza\\\/wp-content\\\/uploads\\\/2025\\\/06\\\/PR-102.jpg\",\"width\":900,\"height\":900},{\"@type\":\"BreadcrumbList\",\"@id\":\"https:\\\/\\\/integramedikal.com\\\/magaza\\\/urun\\\/pr-102-aluminyum-baston-bronz\\\/#breadcrumb\",\"itemListElement\":[{\"@type\":\"ListItem\",\"position\":1,\"name\":\"Anasayfa\",\"item\":\"https:\\\/\\\/integramedikal.com\\\/magaza\\\/anasayfa\\\/\"},{\"@type\":\"ListItem\",\"position\":2,\"name\":\"Shop\",\"item\":\"https:\\\/\\\/integramedikal.com\\\/magaza\\\/shop\\\/\"},{\"@type\":\"ListItem\",\"position\":3,\"name\":\"PR-102 Al\u00fcminyum Baston (Bronz)\"}]},{\"@type\":\"WebSite\",\"@id\":\"https:\\\/\\\/integramedikal.com\\\/magaza\\\/#website\",\"url\":\"https:\\\/\\\/integramedikal.com\\\/magaza\\\/\",\"name\":\"\u0130ntegra Medikal < | | >Ma\u011faza\",\"description\":\"Sa\u011fl\u0131kta Kalite | Sekt\u00f6rde 25. Y\u0131l\",\"publisher\":{\"@id\":\"https:\\\/\\\/integramedikal.com\\\/magaza\\\/#organization\"},\"potentialAction\":[{\"@type\":\"SearchAction\",\"target\":{\"@type\":\"EntryPoint\",\"urlTemplate\":\"https:\\\/\\\/integramedikal.com\\\/magaza\\\/?s={search_term_string}\"},\"query-input\":{\"@type\":\"PropertyValueSpecification\",\"valueRequired\":true,\"valueName\":\"search_term_string\"}}],\"inLanguage\":\"tr\"},{\"@type\":\"Organization\",\"@id\":\"https:\\\/\\\/integramedikal.com\\\/magaza\\\/#organization\",\"name\":\"\u0130ntegra Medikal < | | >Ma\u011faza\",\"url\":\"https:\\\/\\\/integramedikal.com\\\/magaza\\\/\",\"logo\":{\"@type\":\"ImageObject\",\"inLanguage\":\"tr\",\"@id\":\"https:\\\/\\\/integramedikal.com\\\/magaza\\\/#\\\/schema\\\/logo\\\/image\\\/\",\"url\":\"https:\\\/\\\/integramedikal.com\\\/magaza\\\/wp-content\\\/uploads\\\/2025\\\/06\\\/integra-logo-1.png\",\"contentUrl\":\"https:\\\/\\\/integramedikal.com\\\/magaza\\\/wp-content\\\/uploads\\\/2025\\\/06\\\/integra-logo-1.png\",\"width\":340,\"height\":156,\"caption\":\"\u0130ntegra Medikal < | | >Ma\u011faza\"},\"image\":{\"@id\":\"https:\\\/\\\/integramedikal.com\\\/magaza\\\/#\\\/schema\\\/logo\\\/image\\\/\"},\"sameAs\":[\"https:\\\/\\\/www.facebook.com\\\/integramedikal1\",\"https:\\\/\\\/x.com\\\/integramedikal\",\"https:\\\/\\\/www.instagram.com\\\/integramedikal\\\/\",\"https:\\\/\\\/www.youtube.com\\\/user\\\/integramedikal\"]}]}<\/script>\n<!-- \/ Yoast SEO plugin. -->","yoast_head_json":{"title":"PR-102 Al\u00fcminyum Baston (Bronz) - \u0130ntegra Medikal | | Ma\u011faza","robots":{"index":"index","follow":"follow","max-snippet":"max-snippet:-1","max-image-preview":"max-image-preview:large","max-video-preview":"max-video-preview:-1"},"canonical":"https:\/\/integramedikal.com\/magaza\/urun\/pr-102-aluminyum-baston-bronz\/","og_locale":"tr_TR","og_type":"article","og_title":"PR-102 Al\u00fcminyum Baston (Bronz) - \u0130ntegra Medikal | | Ma\u011faza","og_description":"PR-102 Al\u00fcminyum Baston (Bronz), B2B al\u0131c\u0131lar\u0131n\u0131n ve engelliler i\u00e7in mobilite \u00e7\u00f6z\u00fcmleri sunan \u015firketlerin gereksinimlerini m\u00fckemmel bir \u015fekilde kar\u015f\u0131layan kusursuz tasar\u0131ml\u0131 bir ortopedik baston ile tan\u0131\u015f\u0131n. Dayan\u0131kl\u0131l\u0131k ve m\u00fc\u015fteri memnuniyeti ile e\u015f anlaml\u0131 olan bu medikal baston, kaliteli yard\u0131mc\u0131 cihazlar sa\u011flamaya odaklanan kurulu\u015flar i\u00e7in ekonomik bir se\u00e7im olarak ortaya \u00e7\u0131k\u0131yor. Sa\u011flam al\u00fcminyum yap\u0131, g\u00fcvenilir bir destek [&hellip;]","og_url":"https:\/\/integramedikal.com\/magaza\/urun\/pr-102-aluminyum-baston-bronz\/","og_site_name":"\u0130ntegra Medikal | | Ma\u011faza","article_publisher":"https:\/\/www.facebook.com\/integramedikal1","article_modified_time":"2026-02-18T12:51:58+00:00","og_image":[{"width":900,"height":900,"url":"https:\/\/integramedikal.com\/magaza\/wp-content\/uploads\/2025\/06\/PR-102.jpg","type":"image\/jpeg"}],"twitter_card":"summary_large_image","twitter_site":"@integramedikal","twitter_misc":{"Tahmini okuma s\u00fcresi":"3 dakika"},"schema":{"@context":"https:\/\/schema.org","@graph":[{"@type":"WebPage","@id":"https:\/\/integramedikal.com\/magaza\/urun\/pr-102-aluminyum-baston-bronz\/","url":"https:\/\/integramedikal.com\/magaza\/urun\/pr-102-aluminyum-baston-bronz\/","name":"PR-102 Al\u00fcminyum Baston (Bronz) - \u0130ntegra Medikal | | Ma\u011faza","isPartOf":{"@id":"https:\/\/integramedikal.com\/magaza\/#website"},"primaryImageOfPage":{"@id":"https:\/\/integramedikal.com\/magaza\/urun\/pr-102-aluminyum-baston-bronz\/#primaryimage"},"image":{"@id":"https:\/\/integramedikal.com\/magaza\/urun\/pr-102-aluminyum-baston-bronz\/#primaryimage"},"thumbnailUrl":"https:\/\/integramedikal.com\/magaza\/wp-content\/uploads\/2025\/06\/PR-102.jpg","datePublished":"2025-06-02T20:25:59+00:00","dateModified":"2026-02-18T12:51:58+00:00","breadcrumb":{"@id":"https:\/\/integramedikal.com\/magaza\/urun\/pr-102-aluminyum-baston-bronz\/#breadcrumb"},"inLanguage":"tr","potentialAction":[{"@type":"ReadAction","target":["https:\/\/integramedikal.com\/magaza\/urun\/pr-102-aluminyum-baston-bronz\/"]}]},{"@type":"ImageObject","inLanguage":"tr","@id":"https:\/\/integramedikal.com\/magaza\/urun\/pr-102-aluminyum-baston-bronz\/#primaryimage","url":"https:\/\/integramedikal.com\/magaza\/wp-content\/uploads\/2025\/06\/PR-102.jpg","contentUrl":"https:\/\/integramedikal.com\/magaza\/wp-content\/uploads\/2025\/06\/PR-102.jpg","width":900,"height":900},{"@type":"BreadcrumbList","@id":"https:\/\/integramedikal.com\/magaza\/urun\/pr-102-aluminyum-baston-bronz\/#breadcrumb","itemListElement":[{"@type":"ListItem","position":1,"name":"Anasayfa","item":"https:\/\/integramedikal.com\/magaza\/anasayfa\/"},{"@type":"ListItem","position":2,"name":"Shop","item":"https:\/\/integramedikal.com\/magaza\/shop\/"},{"@type":"ListItem","position":3,"name":"PR-102 Al\u00fcminyum Baston (Bronz)"}]},{"@type":"WebSite","@id":"https:\/\/integramedikal.com\/magaza\/#website","url":"https:\/\/integramedikal.com\/magaza\/","name":"\u0130ntegra Medikal < | | >Ma\u011faza","description":"Sa\u011fl\u0131kta Kalite | Sekt\u00f6rde 25. Y\u0131l","publisher":{"@id":"https:\/\/integramedikal.com\/magaza\/#organization"},"potentialAction":[{"@type":"SearchAction","target":{"@type":"EntryPoint","urlTemplate":"https:\/\/integramedikal.com\/magaza\/?s={search_term_string}"},"query-input":{"@type":"PropertyValueSpecification","valueRequired":true,"valueName":"search_term_string"}}],"inLanguage":"tr"},{"@type":"Organization","@id":"https:\/\/integramedikal.com\/magaza\/#organization","name":"\u0130ntegra Medikal < | | >Ma\u011faza","url":"https:\/\/integramedikal.com\/magaza\/","logo":{"@type":"ImageObject","inLanguage":"tr","@id":"https:\/\/integramedikal.com\/magaza\/#\/schema\/logo\/image\/","url":"https:\/\/integramedikal.com\/magaza\/wp-content\/uploads\/2025\/06\/integra-logo-1.png","contentUrl":"https:\/\/integramedikal.com\/magaza\/wp-content\/uploads\/2025\/06\/integra-logo-1.png","width":340,"height":156,"caption":"\u0130ntegra Medikal < | | >Ma\u011faza"},"image":{"@id":"https:\/\/integramedikal.com\/magaza\/#\/schema\/logo\/image\/"},"sameAs":["https:\/\/www.facebook.com\/integramedikal1","https:\/\/x.com\/integramedikal","https:\/\/www.instagram.com\/integramedikal\/","https:\/\/www.youtube.com\/user\/integramedikal"]}]}},"_links":{"self":[{"href":"https:\/\/integramedikal.com\/magaza\/wp-json\/wp\/v2\/product\/1645","targetHints":{"allow":["GET"]}}],"collection":[{"href":"https:\/\/integramedikal.com\/magaza\/wp-json\/wp\/v2\/product"}],"about":[{"href":"https:\/\/integramedikal.com\/magaza\/wp-json\/wp\/v2\/types\/product"}],"replies":[{"embeddable":true,"href":"https:\/\/integramedikal.com\/magaza\/wp-json\/wp\/v2\/comments?post=1645"}],"wp:featuredmedia":[{"embeddable":true,"href":"https:\/\/integramedikal.com\/magaza\/wp-json\/wp\/v2\/media\/1655"}],"wp:attachment":[{"href":"https:\/\/integramedikal.com\/magaza\/wp-json\/wp\/v2\/media?parent=1645"}],"wp:term":[{"taxonomy":"product_brand","embeddable":true,"href":"https:\/\/integramedikal.com\/magaza\/wp-json\/wp\/v2\/product_brand?post=1645"},{"taxonomy":"product_cat","embeddable":true,"href":"https:\/\/integramedikal.com\/magaza\/wp-json\/wp\/v2\/product_cat?post=1645"},{"taxonomy":"product_tag","embeddable":true,"href":"https:\/\/integramedikal.com\/magaza\/wp-json\/wp\/v2\/product_tag?post=1645"}],"curies":[{"name":"wp","href":"https:\/\/api.w.org\/{rel}","templated":true}]}}