{"id":1557,"date":"2025-06-02T23:22:14","date_gmt":"2025-06-02T20:22:14","guid":{"rendered":"https:\/\/integramedikal.com\/magaza\/?post_type=product&#038;p=1557"},"modified":"2026-01-28T10:36:34","modified_gmt":"2026-01-28T07:36:34","slug":"s550-atto-mini-scooter","status":"publish","type":"product","link":"https:\/\/integramedikal.com\/magaza\/urun\/s550-atto-mini-scooter\/","title":{"rendered":"S550 Atto Mini Scooter"},"content":{"rendered":"<div>\u00d6ncelikle dinamik B2B pazar\u0131 ve engelli bireylerin ihtiya\u00e7lar\u0131n\u0131 kar\u015f\u0131layan kurulu\u015flar i\u00e7in tasarlanm\u0131\u015f kusursuz bir mobilite \u00e7\u00f6z\u00fcm\u00fc olan S550 Atto Mini Scooter ile tan\u0131\u015f\u0131n. Bu sofistike Midi Scooter, kullan\u0131c\u0131lar\u0131n\u0131n ba\u011f\u0131ms\u0131zl\u0131\u011f\u0131n\u0131 ve ula\u015f\u0131m kolayl\u0131\u011f\u0131n\u0131 art\u0131rmak i\u00e7in haz\u0131rlanm\u0131\u015f yenilik, konfor ve kullan\u0131c\u0131 taraf\u0131ndan \u00f6nerilen bir deneyimi bir araya getiriyor.<\/div>\n<div><\/div>\n<div>Atto Mini Scooter, nakliye s\u0131ras\u0131nda uzun \u00f6m\u00fcr ve sars\u0131lmaz bir g\u00fcvenlik duygusu sa\u011flayan dayan\u0131kl\u0131 g\u00f6vde yap\u0131s\u0131 ile g\u00fcvenilirlik ve g\u00fcvenin bir \u00f6rne\u011fidir. \u015eirketler engelliler i\u00e7in ara\u00e7 tekliflerini zenginle\u015ftirmeye \u00e7al\u0131\u015f\u0131rken, Atto Mini Scooter kalite veya performanstan \u00f6d\u00fcn vermeden ekonomik bir yat\u0131r\u0131m olarak \u00f6ne \u00e7\u0131k\u0131yor.<\/div>\n<div><\/div>\n<div><b>\u00dcr\u00fcn M\u00fckemmelli\u011fi ve G\u00fcvencesi<\/b><\/div>\n<div><b>\u00a0<\/b><\/div>\n<div>S550 Atto Mini Scooter&#8217;\u0131n sa\u011flaml\u0131\u011f\u0131, g\u00fc\u00e7l\u00fc g\u00f6vde yap\u0131s\u0131na ve kaliteli bile\u015fenlerine olan g\u00fcveni vurgulayan kapsaml\u0131 bir 2 Y\u0131ll\u0131k Garanti ile desteklenmektedir. M\u00fc\u015fteriler, yaln\u0131zca \u00fcst\u00fcn bir \u00fcr\u00fcn sat\u0131n almakla kalmay\u0131p, ayn\u0131 zamanda uzun bir s\u00fcre boyunca \u00f6zel destek ve hizmet g\u00fcvencesinden de yararland\u0131klar\u0131n\u0131 bilmenin rahatl\u0131\u011f\u0131n\u0131 ya\u015farlar. Bu g\u00fcvence, scooter&#8217;\u0131n \u015fekillendirildi\u011fi titizli\u011fin bir kan\u0131t\u0131d\u0131r ve herhangi bir filoya veya \u00fcr\u00fcn serisine kal\u0131c\u0131 bir katk\u0131 olarak potansiyelinin alt\u0131n\u0131 \u00e7izer.<\/div>\n<div><\/div>\n<div>Midi Scooter&#8217;\u0131n d\u00fc\u015f\u00fcnceli tasar\u0131m\u0131, kullan\u0131c\u0131 merkezli bir yakla\u015f\u0131m\u0131 yans\u0131tarak kullan\u0131c\u0131lar\u0131n\u0131n farkl\u0131 ihtiya\u00e7lar\u0131n\u0131 kar\u015f\u0131lamas\u0131n\u0131 sa\u011flar. Ekonomik k\u0131s\u0131tlamalar sat\u0131n alma kararlar\u0131na hakim oldu\u011fundan, bu ara\u00e7 kalite veya \u00f6zellik setinden herhangi bir \u00f6d\u00fcn vermeyen ekonomik bir \u00fcr\u00fcn olarak ortaya \u00e7\u0131k\u0131yor. S550 Atto Mini Scooter, engelliler i\u00e7in hareketi kolayla\u015ft\u0131rmaya yat\u0131r\u0131m yapanlar i\u00e7in pratik bir mobilite \u00e7\u00f6z\u00fcm\u00fc sunarak de\u011fer sunmak \u00fczere tasarlanm\u0131\u015ft\u0131r.<\/div>\n<div><\/div>\n<div><b>Lojistik ve Kullan\u0131c\u0131 Memnuniyeti<\/b><\/div>\n<div><b>\u00a0<\/b><\/div>\n<div>Kullan\u0131c\u0131lar\u0131 i\u00e7in mobilitenin kritik do\u011fas\u0131n\u0131 anlayan bu Anahtar Kelime: engelli Atto Mini Scooter, h\u0131zl\u0131 sevkiyat se\u00e7enekleriyle sunuluyor. H\u0131zl\u0131 sevkiyat ve teslimat, i\u015fletmelerin h\u0131zl\u0131 hizmete g\u00fcvenebilece\u011fi anlam\u0131na gelir ve son kullan\u0131c\u0131lar\u0131n bekletilmemesini sa\u011flar. H\u0131zl\u0131 lojistik, m\u00fc\u015fteri memnuniyetinin ayr\u0131lmaz bir par\u00e7as\u0131d\u0131r ve S550 Atto Mini Scooter, mobilite \u00e7\u00f6z\u00fcmlerinde uygun bir se\u00e7im olma stat\u00fcs\u00fcn\u00fc g\u00fc\u00e7lendirerek bu \u00f6nceli\u011fi desteklemektedir.<\/div>\n<div><\/div>\n<div>Scooter&#8217;\u0131n be\u011fenisi sadece verimli teslimat\u0131na dayanm\u0131yor; Ayn\u0131 zamanda ger\u00e7ek kullan\u0131c\u0131lar d\u00fc\u015f\u00fcn\u00fclerek olu\u015fturulmu\u015f bir \u00fcr\u00fcnd\u00fcr. Kullan\u0131m kolayl\u0131\u011f\u0131, stabilite ve konfor \u00f6zellikleri ile tavsiye edilen bu \u00fcr\u00fcn, kullan\u0131c\u0131 taraf\u0131ndan tercih edilen bir se\u00e7enek olarak kategorisinde \u00f6ne \u00e7\u0131k\u0131yor. S550 Atto Mini Scooter, fiziksel engelli bireylerin kar\u015f\u0131la\u015ft\u0131\u011f\u0131 ger\u00e7ek d\u00fcnyadaki zorluklar g\u00f6z \u00f6n\u00fcnde bulundurularak tasarlanm\u0131\u015f ve rafine edilmi\u015ftir, bu da ona rekabet\u00e7i Midi Scooter segmentinde \u00f6vg\u00fc ve tercih kazand\u0131rm\u0131\u015ft\u0131r.<\/div>\n<div><\/div>\n<p><div  id=\"btn_klavuz\"  class='avia-button-wrap av-48r7vp-3c1fa49e9762943bc509fc131415baf4-wrap avia-button-left  avia-builder-el-0  el_before_av_button  avia-builder-el-first '><a href='https:\/\/www.integramedikal.com\/magaza\/upload\/kilavuz\/63-s550-atto-mini-scooter.pdf'  class='avia-button av-48r7vp-3c1fa49e9762943bc509fc131415baf4 av-link-btn avia-icon_select-yes-left-icon avia-size-medium avia-position-left avia-color-theme-color-highlight'  target=\"_blank\"  rel=\"noopener noreferrer\"  aria-label=\"Kullan\u0131m K\u0131lavuzu\"><span class='avia_button_icon avia_button_icon_left avia-svg-icon avia-font-svg_entypo-fontello' data-av_svg_icon='book-open' data-av_iconset='svg_entypo-fontello'><svg version=\"1.1\" xmlns=\"http:\/\/www.w3.org\/2000\/svg\" width=\"29\" height=\"32\" viewBox=\"0 0 29 32\" preserveAspectRatio=\"xMidYMid meet\" aria-labelledby='av-svg-title-1' aria-describedby='av-svg-desc-1' role=\"graphics-symbol\">\n<title id='av-svg-title-1'>Book-open<\/title>\n<desc id='av-svg-desc-1'>Book-open<\/desc>\n<path d=\"M10.88 19.584v2.176l-6.4-2.56v-2.176zM10.88 12.928v2.176l-6.4-2.56v-2.176zM28.096 1.856q0.704 0.384 0.704 1.344v20.48q0 1.088-1.024 1.472l-12.736 5.12q-0.256 0.064-0.32 0.064t-0.16 0.032-0.16 0.032-0.16-0.032-0.16-0.032l-0.32-0.064-12.736-5.12q-1.024-0.384-1.024-1.472v-20.48q0-0.96 0.704-1.344 0.704-0.512 1.472-0.192l12.224 4.928 12.224-4.928q0.768-0.32 1.472 0.192zM12.8 27.072v-17.92l-10.24-4.096v17.92zM26.24 22.976v-17.92l-10.24 4.096v17.92zM24.32 17.024v2.176l-6.4 2.56v-2.176zM24.32 10.368v2.176l-6.4 2.56v-2.176z\"><\/path>\n<\/svg><\/span><span class='avia_iconbox_title' >Kullan\u0131m K\u0131lavuzu<\/span><\/a><\/div> <div  id=\"btn_teknikbilgi\"  class='avia-button-wrap av-2khib9-a443ed239e53f13717a45676da945485-wrap avia-button-left  avia-builder-el-1  el_after_av_button  avia-builder-el-last '><a href='javascript:void(0);'  class='avia-button av-2khib9-a443ed239e53f13717a45676da945485 av-link-btn avia-icon_select-yes-left-icon avia-size-medium avia-position-left avia-color-theme-color-highlight'   aria-label=\"Teknik Bilgi\"><span class='avia_button_icon avia_button_icon_left avia-svg-icon avia-font-svg_entypo-fontello' data-av_svg_icon='cog' data-av_iconset='svg_entypo-fontello'><svg version=\"1.1\" xmlns=\"http:\/\/www.w3.org\/2000\/svg\" width=\"27\" height=\"32\" viewBox=\"0 0 27 32\" preserveAspectRatio=\"xMidYMid meet\" aria-labelledby='av-svg-title-2' aria-describedby='av-svg-desc-2' role=\"graphics-symbol\">\n<title id='av-svg-title-2'>Cog<\/title>\n<desc id='av-svg-desc-2'>Cog<\/desc>\n<path d=\"M24.32 16q0 2.304 2.56 3.904-0.384 1.28-1.088 2.624-2.24-0.576-4.352 1.408-1.728 1.856-1.088 4.352-1.28 0.64-2.688 1.152-1.472-2.624-4.224-2.624t-4.224 2.624q-1.408-0.512-2.688-1.152 0.64-2.56-1.088-4.352-1.728-1.728-4.352-1.088-0.448-0.832-1.088-2.624 2.624-1.664 2.624-4.224 0-2.304-2.624-3.968 0.64-1.792 1.088-2.624 2.368 0.576 4.352-1.408 1.728-1.792 1.088-4.352 1.344-0.704 2.688-1.088 1.472 2.56 4.224 2.56t4.224-2.56q1.344 0.384 2.688 1.088-0.64 2.496 1.088 4.352 2.112 1.984 4.352 1.408 0.704 1.344 1.088 2.624-2.56 1.6-2.56 3.968zM13.44 21.824q2.432 0 4.128-1.696t1.696-4.128-1.696-4.16-4.128-1.728-4.128 1.728-1.696 4.16 1.696 4.128 4.128 1.696z\"><\/path>\n<\/svg><\/span><span class='avia_iconbox_title' >Teknik Bilgi<\/span><\/a><\/div><\/p>\n","protected":false},"excerpt":{"rendered":"<p>\u00d6ncelikle dinamik B2B pazar\u0131 ve engelli bireylerin ihtiya\u00e7lar\u0131n\u0131 kar\u015f\u0131layan kurulu\u015flar i\u00e7in tasarlanm\u0131\u015f kusursuz bir mobilite \u00e7\u00f6z\u00fcm\u00fc olan S550 Atto Mini Scooter ile tan\u0131\u015f\u0131n. Bu sofistike Midi Scooter, kullan\u0131c\u0131lar\u0131n\u0131n ba\u011f\u0131ms\u0131zl\u0131\u011f\u0131n\u0131 ve ula\u015f\u0131m kolayl\u0131\u011f\u0131n\u0131 art\u0131rmak i\u00e7in haz\u0131rlanm\u0131\u015f yenilik, konfor ve kullan\u0131c\u0131 taraf\u0131ndan \u00f6nerilen bir deneyimi bir araya getiriyor. Atto Mini Scooter, nakliye s\u0131ras\u0131nda uzun \u00f6m\u00fcr ve sars\u0131lmaz [&hellip;]<\/p>\n","protected":false},"featured_media":1608,"comment_status":"open","ping_status":"closed","template":"","meta":[],"product_brand":[],"product_cat":[302],"product_tag":[],"class_list":{"0":"post-1557","1":"product","2":"type-product","3":"status-publish","4":"has-post-thumbnail","6":"product_cat-akulu-tekerlekli-sandalye","8":"first","9":"outofstock","10":"sale","11":"taxable","12":"shipping-taxable","13":"purchasable","14":"product-type-simple"},"yoast_head":"<!-- This site is optimized with the Yoast SEO plugin v27.4 - https:\/\/yoast.com\/product\/yoast-seo-wordpress\/ -->\n<title>S550 Atto Mini Scooter - \u0130ntegra Medikal | | Ma\u011faza<\/title>\n<meta name=\"robots\" content=\"index, follow, max-snippet:-1, max-image-preview:large, max-video-preview:-1\" \/>\n<link rel=\"canonical\" href=\"https:\/\/integramedikal.com\/magaza\/urun\/s550-atto-mini-scooter\/\" \/>\n<meta property=\"og:locale\" content=\"tr_TR\" \/>\n<meta property=\"og:type\" content=\"article\" \/>\n<meta property=\"og:title\" content=\"S550 Atto Mini Scooter - \u0130ntegra Medikal | | Ma\u011faza\" \/>\n<meta property=\"og:description\" content=\"\u00d6ncelikle dinamik B2B pazar\u0131 ve engelli bireylerin ihtiya\u00e7lar\u0131n\u0131 kar\u015f\u0131layan kurulu\u015flar i\u00e7in tasarlanm\u0131\u015f kusursuz bir mobilite \u00e7\u00f6z\u00fcm\u00fc olan S550 Atto Mini Scooter ile tan\u0131\u015f\u0131n. Bu sofistike Midi Scooter, kullan\u0131c\u0131lar\u0131n\u0131n ba\u011f\u0131ms\u0131zl\u0131\u011f\u0131n\u0131 ve ula\u015f\u0131m kolayl\u0131\u011f\u0131n\u0131 art\u0131rmak i\u00e7in haz\u0131rlanm\u0131\u015f yenilik, konfor ve kullan\u0131c\u0131 taraf\u0131ndan \u00f6nerilen bir deneyimi bir araya getiriyor. Atto Mini Scooter, nakliye s\u0131ras\u0131nda uzun \u00f6m\u00fcr ve sars\u0131lmaz [&hellip;]\" \/>\n<meta property=\"og:url\" content=\"https:\/\/integramedikal.com\/magaza\/urun\/s550-atto-mini-scooter\/\" \/>\n<meta property=\"og:site_name\" content=\"\u0130ntegra Medikal | | Ma\u011faza\" \/>\n<meta property=\"article:publisher\" content=\"https:\/\/www.facebook.com\/integramedikal1\" \/>\n<meta property=\"article:modified_time\" content=\"2026-01-28T07:36:34+00:00\" \/>\n<meta property=\"og:image\" content=\"https:\/\/integramedikal.com\/magaza\/wp-content\/uploads\/2025\/06\/F2B.png\" \/>\n\t<meta property=\"og:image:width\" content=\"900\" \/>\n\t<meta property=\"og:image:height\" content=\"900\" \/>\n\t<meta property=\"og:image:type\" content=\"image\/png\" \/>\n<meta name=\"twitter:card\" content=\"summary_large_image\" \/>\n<meta name=\"twitter:site\" content=\"@integramedikal\" \/>\n<meta name=\"twitter:label1\" content=\"Tahmini okuma s\u00fcresi\" \/>\n\t<meta name=\"twitter:data1\" content=\"3 dakika\" \/>\n<script type=\"application\/ld+json\" class=\"yoast-schema-graph\">{\"@context\":\"https:\\\/\\\/schema.org\",\"@graph\":[{\"@type\":\"WebPage\",\"@id\":\"https:\\\/\\\/integramedikal.com\\\/magaza\\\/urun\\\/s550-atto-mini-scooter\\\/\",\"url\":\"https:\\\/\\\/integramedikal.com\\\/magaza\\\/urun\\\/s550-atto-mini-scooter\\\/\",\"name\":\"S550 Atto Mini Scooter - \u0130ntegra Medikal | | Ma\u011faza\",\"isPartOf\":{\"@id\":\"https:\\\/\\\/integramedikal.com\\\/magaza\\\/#website\"},\"primaryImageOfPage\":{\"@id\":\"https:\\\/\\\/integramedikal.com\\\/magaza\\\/urun\\\/s550-atto-mini-scooter\\\/#primaryimage\"},\"image\":{\"@id\":\"https:\\\/\\\/integramedikal.com\\\/magaza\\\/urun\\\/s550-atto-mini-scooter\\\/#primaryimage\"},\"thumbnailUrl\":\"https:\\\/\\\/integramedikal.com\\\/magaza\\\/wp-content\\\/uploads\\\/2025\\\/06\\\/F2B.png\",\"datePublished\":\"2025-06-02T20:22:14+00:00\",\"dateModified\":\"2026-01-28T07:36:34+00:00\",\"breadcrumb\":{\"@id\":\"https:\\\/\\\/integramedikal.com\\\/magaza\\\/urun\\\/s550-atto-mini-scooter\\\/#breadcrumb\"},\"inLanguage\":\"tr\",\"potentialAction\":[{\"@type\":\"ReadAction\",\"target\":[\"https:\\\/\\\/integramedikal.com\\\/magaza\\\/urun\\\/s550-atto-mini-scooter\\\/\"]}]},{\"@type\":\"ImageObject\",\"inLanguage\":\"tr\",\"@id\":\"https:\\\/\\\/integramedikal.com\\\/magaza\\\/urun\\\/s550-atto-mini-scooter\\\/#primaryimage\",\"url\":\"https:\\\/\\\/integramedikal.com\\\/magaza\\\/wp-content\\\/uploads\\\/2025\\\/06\\\/F2B.png\",\"contentUrl\":\"https:\\\/\\\/integramedikal.com\\\/magaza\\\/wp-content\\\/uploads\\\/2025\\\/06\\\/F2B.png\",\"width\":900,\"height\":900},{\"@type\":\"BreadcrumbList\",\"@id\":\"https:\\\/\\\/integramedikal.com\\\/magaza\\\/urun\\\/s550-atto-mini-scooter\\\/#breadcrumb\",\"itemListElement\":[{\"@type\":\"ListItem\",\"position\":1,\"name\":\"Anasayfa\",\"item\":\"https:\\\/\\\/integramedikal.com\\\/magaza\\\/anasayfa\\\/\"},{\"@type\":\"ListItem\",\"position\":2,\"name\":\"Shop\",\"item\":\"https:\\\/\\\/integramedikal.com\\\/magaza\\\/shop\\\/\"},{\"@type\":\"ListItem\",\"position\":3,\"name\":\"S550 Atto Mini Scooter\"}]},{\"@type\":\"WebSite\",\"@id\":\"https:\\\/\\\/integramedikal.com\\\/magaza\\\/#website\",\"url\":\"https:\\\/\\\/integramedikal.com\\\/magaza\\\/\",\"name\":\"\u0130ntegra Medikal < | | >Ma\u011faza\",\"description\":\"Sa\u011fl\u0131kta Kalite | Sekt\u00f6rde 25. Y\u0131l\",\"publisher\":{\"@id\":\"https:\\\/\\\/integramedikal.com\\\/magaza\\\/#organization\"},\"potentialAction\":[{\"@type\":\"SearchAction\",\"target\":{\"@type\":\"EntryPoint\",\"urlTemplate\":\"https:\\\/\\\/integramedikal.com\\\/magaza\\\/?s={search_term_string}\"},\"query-input\":{\"@type\":\"PropertyValueSpecification\",\"valueRequired\":true,\"valueName\":\"search_term_string\"}}],\"inLanguage\":\"tr\"},{\"@type\":\"Organization\",\"@id\":\"https:\\\/\\\/integramedikal.com\\\/magaza\\\/#organization\",\"name\":\"\u0130ntegra Medikal < | | >Ma\u011faza\",\"url\":\"https:\\\/\\\/integramedikal.com\\\/magaza\\\/\",\"logo\":{\"@type\":\"ImageObject\",\"inLanguage\":\"tr\",\"@id\":\"https:\\\/\\\/integramedikal.com\\\/magaza\\\/#\\\/schema\\\/logo\\\/image\\\/\",\"url\":\"https:\\\/\\\/integramedikal.com\\\/magaza\\\/wp-content\\\/uploads\\\/2025\\\/06\\\/integra-logo-1.png\",\"contentUrl\":\"https:\\\/\\\/integramedikal.com\\\/magaza\\\/wp-content\\\/uploads\\\/2025\\\/06\\\/integra-logo-1.png\",\"width\":340,\"height\":156,\"caption\":\"\u0130ntegra Medikal < | | >Ma\u011faza\"},\"image\":{\"@id\":\"https:\\\/\\\/integramedikal.com\\\/magaza\\\/#\\\/schema\\\/logo\\\/image\\\/\"},\"sameAs\":[\"https:\\\/\\\/www.facebook.com\\\/integramedikal1\",\"https:\\\/\\\/x.com\\\/integramedikal\",\"https:\\\/\\\/www.instagram.com\\\/integramedikal\\\/\",\"https:\\\/\\\/www.youtube.com\\\/user\\\/integramedikal\"]}]}<\/script>\n<!-- \/ Yoast SEO plugin. -->","yoast_head_json":{"title":"S550 Atto Mini Scooter - \u0130ntegra Medikal | | Ma\u011faza","robots":{"index":"index","follow":"follow","max-snippet":"max-snippet:-1","max-image-preview":"max-image-preview:large","max-video-preview":"max-video-preview:-1"},"canonical":"https:\/\/integramedikal.com\/magaza\/urun\/s550-atto-mini-scooter\/","og_locale":"tr_TR","og_type":"article","og_title":"S550 Atto Mini Scooter - \u0130ntegra Medikal | | Ma\u011faza","og_description":"\u00d6ncelikle dinamik B2B pazar\u0131 ve engelli bireylerin ihtiya\u00e7lar\u0131n\u0131 kar\u015f\u0131layan kurulu\u015flar i\u00e7in tasarlanm\u0131\u015f kusursuz bir mobilite \u00e7\u00f6z\u00fcm\u00fc olan S550 Atto Mini Scooter ile tan\u0131\u015f\u0131n. Bu sofistike Midi Scooter, kullan\u0131c\u0131lar\u0131n\u0131n ba\u011f\u0131ms\u0131zl\u0131\u011f\u0131n\u0131 ve ula\u015f\u0131m kolayl\u0131\u011f\u0131n\u0131 art\u0131rmak i\u00e7in haz\u0131rlanm\u0131\u015f yenilik, konfor ve kullan\u0131c\u0131 taraf\u0131ndan \u00f6nerilen bir deneyimi bir araya getiriyor. Atto Mini Scooter, nakliye s\u0131ras\u0131nda uzun \u00f6m\u00fcr ve sars\u0131lmaz [&hellip;]","og_url":"https:\/\/integramedikal.com\/magaza\/urun\/s550-atto-mini-scooter\/","og_site_name":"\u0130ntegra Medikal | | Ma\u011faza","article_publisher":"https:\/\/www.facebook.com\/integramedikal1","article_modified_time":"2026-01-28T07:36:34+00:00","og_image":[{"width":900,"height":900,"url":"https:\/\/integramedikal.com\/magaza\/wp-content\/uploads\/2025\/06\/F2B.png","type":"image\/png"}],"twitter_card":"summary_large_image","twitter_site":"@integramedikal","twitter_misc":{"Tahmini okuma s\u00fcresi":"3 dakika"},"schema":{"@context":"https:\/\/schema.org","@graph":[{"@type":"WebPage","@id":"https:\/\/integramedikal.com\/magaza\/urun\/s550-atto-mini-scooter\/","url":"https:\/\/integramedikal.com\/magaza\/urun\/s550-atto-mini-scooter\/","name":"S550 Atto Mini Scooter - \u0130ntegra Medikal | | Ma\u011faza","isPartOf":{"@id":"https:\/\/integramedikal.com\/magaza\/#website"},"primaryImageOfPage":{"@id":"https:\/\/integramedikal.com\/magaza\/urun\/s550-atto-mini-scooter\/#primaryimage"},"image":{"@id":"https:\/\/integramedikal.com\/magaza\/urun\/s550-atto-mini-scooter\/#primaryimage"},"thumbnailUrl":"https:\/\/integramedikal.com\/magaza\/wp-content\/uploads\/2025\/06\/F2B.png","datePublished":"2025-06-02T20:22:14+00:00","dateModified":"2026-01-28T07:36:34+00:00","breadcrumb":{"@id":"https:\/\/integramedikal.com\/magaza\/urun\/s550-atto-mini-scooter\/#breadcrumb"},"inLanguage":"tr","potentialAction":[{"@type":"ReadAction","target":["https:\/\/integramedikal.com\/magaza\/urun\/s550-atto-mini-scooter\/"]}]},{"@type":"ImageObject","inLanguage":"tr","@id":"https:\/\/integramedikal.com\/magaza\/urun\/s550-atto-mini-scooter\/#primaryimage","url":"https:\/\/integramedikal.com\/magaza\/wp-content\/uploads\/2025\/06\/F2B.png","contentUrl":"https:\/\/integramedikal.com\/magaza\/wp-content\/uploads\/2025\/06\/F2B.png","width":900,"height":900},{"@type":"BreadcrumbList","@id":"https:\/\/integramedikal.com\/magaza\/urun\/s550-atto-mini-scooter\/#breadcrumb","itemListElement":[{"@type":"ListItem","position":1,"name":"Anasayfa","item":"https:\/\/integramedikal.com\/magaza\/anasayfa\/"},{"@type":"ListItem","position":2,"name":"Shop","item":"https:\/\/integramedikal.com\/magaza\/shop\/"},{"@type":"ListItem","position":3,"name":"S550 Atto Mini Scooter"}]},{"@type":"WebSite","@id":"https:\/\/integramedikal.com\/magaza\/#website","url":"https:\/\/integramedikal.com\/magaza\/","name":"\u0130ntegra Medikal < | | >Ma\u011faza","description":"Sa\u011fl\u0131kta Kalite | Sekt\u00f6rde 25. Y\u0131l","publisher":{"@id":"https:\/\/integramedikal.com\/magaza\/#organization"},"potentialAction":[{"@type":"SearchAction","target":{"@type":"EntryPoint","urlTemplate":"https:\/\/integramedikal.com\/magaza\/?s={search_term_string}"},"query-input":{"@type":"PropertyValueSpecification","valueRequired":true,"valueName":"search_term_string"}}],"inLanguage":"tr"},{"@type":"Organization","@id":"https:\/\/integramedikal.com\/magaza\/#organization","name":"\u0130ntegra Medikal < | | >Ma\u011faza","url":"https:\/\/integramedikal.com\/magaza\/","logo":{"@type":"ImageObject","inLanguage":"tr","@id":"https:\/\/integramedikal.com\/magaza\/#\/schema\/logo\/image\/","url":"https:\/\/integramedikal.com\/magaza\/wp-content\/uploads\/2025\/06\/integra-logo-1.png","contentUrl":"https:\/\/integramedikal.com\/magaza\/wp-content\/uploads\/2025\/06\/integra-logo-1.png","width":340,"height":156,"caption":"\u0130ntegra Medikal < | | >Ma\u011faza"},"image":{"@id":"https:\/\/integramedikal.com\/magaza\/#\/schema\/logo\/image\/"},"sameAs":["https:\/\/www.facebook.com\/integramedikal1","https:\/\/x.com\/integramedikal","https:\/\/www.instagram.com\/integramedikal\/","https:\/\/www.youtube.com\/user\/integramedikal"]}]}},"_links":{"self":[{"href":"https:\/\/integramedikal.com\/magaza\/wp-json\/wp\/v2\/product\/1557","targetHints":{"allow":["GET"]}}],"collection":[{"href":"https:\/\/integramedikal.com\/magaza\/wp-json\/wp\/v2\/product"}],"about":[{"href":"https:\/\/integramedikal.com\/magaza\/wp-json\/wp\/v2\/types\/product"}],"replies":[{"embeddable":true,"href":"https:\/\/integramedikal.com\/magaza\/wp-json\/wp\/v2\/comments?post=1557"}],"wp:featuredmedia":[{"embeddable":true,"href":"https:\/\/integramedikal.com\/magaza\/wp-json\/wp\/v2\/media\/1608"}],"wp:attachment":[{"href":"https:\/\/integramedikal.com\/magaza\/wp-json\/wp\/v2\/media?parent=1557"}],"wp:term":[{"taxonomy":"product_brand","embeddable":true,"href":"https:\/\/integramedikal.com\/magaza\/wp-json\/wp\/v2\/product_brand?post=1557"},{"taxonomy":"product_cat","embeddable":true,"href":"https:\/\/integramedikal.com\/magaza\/wp-json\/wp\/v2\/product_cat?post=1557"},{"taxonomy":"product_tag","embeddable":true,"href":"https:\/\/integramedikal.com\/magaza\/wp-json\/wp\/v2\/product_tag?post=1557"}],"curies":[{"name":"wp","href":"https:\/\/api.w.org\/{rel}","templated":true}]}}