{"id":1555,"date":"2025-06-02T23:22:14","date_gmt":"2025-06-02T20:22:14","guid":{"rendered":"https:\/\/integramedikal.com\/magaza\/?post_type=product&#038;p=1555"},"modified":"2026-02-26T10:46:25","modified_gmt":"2026-02-26T07:46:25","slug":"g103y-standart-manuel-tekerlekli-sandalye","status":"publish","type":"product","link":"https:\/\/integramedikal.com\/magaza\/urun\/g103y-standart-manuel-tekerlekli-sandalye\/","title":{"rendered":"G103Y Standart Manuel Tekerlekli Sandalye"},"content":{"rendered":"<div>Pediatrik kategoriye hitap etmek i\u00e7in hassasiyetle haz\u0131rlanm\u0131\u015f temel bir mobilite yard\u0131m\u0131 olan G103Y Standart Manuel Tekerlekli Sandalye ile tan\u0131\u015f\u0131n. Bu tekerlekli sandalye, gen\u00e7 kullan\u0131c\u0131lar\u0131 i\u00e7in rahatl\u0131k ve konfor sa\u011flamay\u0131 ama\u00e7layan sa\u011flam tasar\u0131m\u0131 verimli i\u015flevsellikle birle\u015ftirir. Sadece kullan\u0131c\u0131 taraf\u0131ndan \u00f6nerilen \u00f6zellikleriyle de\u011fil, ayn\u0131 zamanda i\u015fletmeler aras\u0131 i\u015flemler ve engelli ara\u00e7 sa\u011flay\u0131c\u0131lar\u0131 i\u00e7in \u00e7ok aranan ekonomik bir \u00fcr\u00fcn olarak konumuyla da pazarda \u00f6ne \u00e7\u0131k\u0131yor.<\/div>\n<div><\/div>\n<div>G103Y tekerlekli sandalye, hareket deste\u011fine ihtiya\u00e7 duyan \u00e7ocuklar\u0131n benzersiz ihtiya\u00e7lar\u0131 g\u00f6z \u00f6n\u00fcnde bulundurularak tasarlanm\u0131\u015ft\u0131r. Sa\u011flam \u00e7er\u00e7evesi ve yap\u0131s\u0131, \u00fcreticinin \u00fcr\u00fcn\u00fcn\u00fcn uzun \u00f6m\u00fcrl\u00fcl\u00fc\u011f\u00fcne olan g\u00fcveni hakk\u0131nda \u00e7ok \u015fey anlatan 2 y\u0131ll\u0131k bir garanti ile desteklenen dayan\u0131kl\u0131l\u0131k ve g\u00fcvenilirlik sa\u011flar. Bu g\u00fcvence d\u00fczeyi, engelli toplulu\u011fa y\u00f6nelik \u00fcr\u00fcnlerin sa\u011flanmas\u0131nda uzmanla\u015fm\u0131\u015f, sat\u0131n ald\u0131klar\u0131 ve kendi m\u00fc\u015fterilerine sunduklar\u0131n\u0131n kalitesine g\u00fcvenebilmelerini sa\u011flayan \u015firketler i\u00e7in \u00e7ok \u00f6nemlidir.<\/div>\n<div><\/div>\n<div><b>Optimize Edilmi\u015f G\u00f6vde Yap\u0131s\u0131<\/b><\/div>\n<div><b><br \/><\/b><\/div>\n<div>Pediatrik tekerlekli sandalyeler s\u00f6z konusu oldu\u011funda, g\u00fc\u00e7l\u00fc bir v\u00fccut yap\u0131s\u0131n\u0131n \u00f6nemi k\u00fc\u00e7\u00fcmsenemez. G103Y tam da bunu sunar: Kararl\u0131l\u0131k, g\u00fcvenlik ve esneklik sa\u011flayan sa\u011flam bir temel. \u0130ster okul koridorlar\u0131nda gezinin, ister g\u00fcnl\u00fck oyunlar\u0131n zorluklar\u0131na dayan\u0131n, bu tekerlekli sandalye dayanacak \u015fekilde tasarlanm\u0131\u015ft\u0131r. Ayr\u0131ca tasar\u0131m, \u00e7ocuklar\u0131n b\u00fcy\u00fcmesini hesaba katarak, \u00e7ocuklar b\u00fcy\u00fcd\u00fck\u00e7e ve ihtiya\u00e7lar\u0131 geli\u015ftik\u00e7e ayarlanabilen uyarlanabilirlik ve rahat bir uyum sunar.<\/div>\n<div><\/div>\n<div>G103Y, sa\u011flaml\u0131\u011f\u0131n\u0131n yan\u0131 s\u0131ra kullan\u0131m kolayl\u0131\u011f\u0131ndan da \u00f6d\u00fcn vermez. Manuel tekerlekli sandalye oldu\u011fu i\u00e7in kontrol\u00fc sezgiseldir ve \u00e7ocuklar\u0131n ba\u011f\u0131ms\u0131z olarak veya minimum yard\u0131mla manevra yapmalar\u0131na olanak tan\u0131r. Bu \u00f6zerklik, benlik sayg\u0131s\u0131 ve geli\u015fimi i\u00e7in hayati \u00f6nem ta\u015f\u0131r, bu da onu sadece fiziksel bir destek de\u011fil, ayn\u0131 zamanda \u00e7ocu\u011fun psikolojik iyili\u011fi i\u00e7in g\u00fc\u00e7lendirici bir ara\u00e7 haline getirir.<\/div>\n<div><\/div>\n<div><b>Uygun Maliyetli ve Kullan\u0131c\u0131 Taraf\u0131ndan \u00d6nerilen<\/b><\/div>\n<div><b><br \/><\/b><\/div>\n<div>Genellikle \u00f6zel ekipman ihtiyac\u0131na e\u015flik edebilecek finansal k\u0131s\u0131tlamalar\u0131n fark\u0131nda olan G103Y Standart Manuel Tekerlekli Sandalye, kaliteden \u00f6d\u00fcn vermeden ekonomik bir \u00fcr\u00fcn olarak ortaya \u00e7\u0131k\u0131yor. Sat\u0131n al\u0131nabilirli\u011fi, onu B2B alan\u0131ndaki toplu al\u0131c\u0131lar ve engelliler i\u00e7in uygun maliyetli \u00e7\u00f6z\u00fcmler sunmak isteyen \u015firketler i\u00e7in pop\u00fcler bir se\u00e7im haline getiriyor. Kullan\u0131c\u0131lar ve bak\u0131c\u0131lar, g\u00fcvenilirli\u011fi ve konforu nedeniyle G103Y&#8217;yi tavsiye ederek de\u011ferli bir yat\u0131r\u0131m olarak itibar\u0131n\u0131 daha da sa\u011flamla\u015ft\u0131rd\u0131.<\/div>\n<div><\/div>\n<div>G103Y Standart Manuel Tekerlekli Sandalye, sipari\u015ften teslimata kadar h\u0131zl\u0131 ve sorunsuz bir deneyim vadediyor. Bu duyarl\u0131l\u0131k, bir mobilite cihaz\u0131na ihtiya\u00e7 duyan \u00e7ocuklar\u0131n acil gereksinimlerini ele alarak, uzun bekleme s\u00fcreleri olmadan gerekli ekipmanlar\u0131n sa\u011flanmas\u0131n\u0131 sa\u011flar. H\u0131zl\u0131 sevkiyat g\u00fcvencesi, zaman\u0131nda hizmet ve m\u00fc\u015fteri memnuniyetini \u00f6n planda tutan i\u015fletmeler i\u00e7in ek bir avantajd\u0131r.<\/div>\n<div><\/div>\n<p><div  id=\"btn_klavuz\"  class='avia-button-wrap av-av_button-3ef12b1de239531ed4c9d3851bc0ab1f-wrap avia-button-left  avia-builder-el-0  el_before_av_button  avia-builder-el-first '><a href='https:\/\/www.integramedikal.com\/magaza\/upload\/kilavuz\/11-g103y-standart-manuel-tekerlekli-sandalye.pdf'  class='avia-button av-av_button-3ef12b1de239531ed4c9d3851bc0ab1f av-link-btn avia-icon_select-yes-left-icon avia-size-medium avia-position-left avia-color-theme-color-highlight'  target=\"_blank\"  rel=\"noopener noreferrer\"  aria-label=\"Kullan\u0131m K\u0131lavuzu\"><span class='avia_button_icon avia_button_icon_left avia-svg-icon avia-font-svg_entypo-fontello' data-av_svg_icon='book-open' data-av_iconset='svg_entypo-fontello'><svg version=\"1.1\" xmlns=\"http:\/\/www.w3.org\/2000\/svg\" width=\"29\" height=\"32\" viewBox=\"0 0 29 32\" preserveAspectRatio=\"xMidYMid meet\" aria-labelledby='av-svg-title-1' aria-describedby='av-svg-desc-1' role=\"graphics-symbol\">\n<title id='av-svg-title-1'>Book-open<\/title>\n<desc id='av-svg-desc-1'>Book-open<\/desc>\n<path d=\"M10.88 19.584v2.176l-6.4-2.56v-2.176zM10.88 12.928v2.176l-6.4-2.56v-2.176zM28.096 1.856q0.704 0.384 0.704 1.344v20.48q0 1.088-1.024 1.472l-12.736 5.12q-0.256 0.064-0.32 0.064t-0.16 0.032-0.16 0.032-0.16-0.032-0.16-0.032l-0.32-0.064-12.736-5.12q-1.024-0.384-1.024-1.472v-20.48q0-0.96 0.704-1.344 0.704-0.512 1.472-0.192l12.224 4.928 12.224-4.928q0.768-0.32 1.472 0.192zM12.8 27.072v-17.92l-10.24-4.096v17.92zM26.24 22.976v-17.92l-10.24 4.096v17.92zM24.32 17.024v2.176l-6.4 2.56v-2.176zM24.32 10.368v2.176l-6.4 2.56v-2.176z\"><\/path>\n<\/svg><\/span><span class='avia_iconbox_title' >Kullan\u0131m K\u0131lavuzu<\/span><\/a><\/div> <div  id=\"btn_teknikbilgi\"  class='avia-button-wrap av-av_button-e069d87ec5d6298b9b6c476e2dc5aa4e-wrap avia-button-left  avia-builder-el-1  el_after_av_button  avia-builder-el-last '><a href='javascript:void(0);'  class='avia-button av-av_button-e069d87ec5d6298b9b6c476e2dc5aa4e av-link-btn avia-icon_select-yes-left-icon avia-size-medium avia-position-left avia-color-theme-color-highlight'   aria-label=\"Teknik Bilgi\"><span class='avia_button_icon avia_button_icon_left avia-svg-icon avia-font-svg_entypo-fontello' data-av_svg_icon='cog' data-av_iconset='svg_entypo-fontello'><svg version=\"1.1\" xmlns=\"http:\/\/www.w3.org\/2000\/svg\" width=\"27\" height=\"32\" viewBox=\"0 0 27 32\" preserveAspectRatio=\"xMidYMid meet\" aria-labelledby='av-svg-title-2' aria-describedby='av-svg-desc-2' role=\"graphics-symbol\">\n<title id='av-svg-title-2'>Cog<\/title>\n<desc id='av-svg-desc-2'>Cog<\/desc>\n<path d=\"M24.32 16q0 2.304 2.56 3.904-0.384 1.28-1.088 2.624-2.24-0.576-4.352 1.408-1.728 1.856-1.088 4.352-1.28 0.64-2.688 1.152-1.472-2.624-4.224-2.624t-4.224 2.624q-1.408-0.512-2.688-1.152 0.64-2.56-1.088-4.352-1.728-1.728-4.352-1.088-0.448-0.832-1.088-2.624 2.624-1.664 2.624-4.224 0-2.304-2.624-3.968 0.64-1.792 1.088-2.624 2.368 0.576 4.352-1.408 1.728-1.792 1.088-4.352 1.344-0.704 2.688-1.088 1.472 2.56 4.224 2.56t4.224-2.56q1.344 0.384 2.688 1.088-0.64 2.496 1.088 4.352 2.112 1.984 4.352 1.408 0.704 1.344 1.088 2.624-2.56 1.6-2.56 3.968zM13.44 21.824q2.432 0 4.128-1.696t1.696-4.128-1.696-4.16-4.128-1.728-4.128 1.728-1.696 4.16 1.696 4.128 4.128 1.696z\"><\/path>\n<\/svg><\/span><span class='avia_iconbox_title' >Teknik Bilgi<\/span><\/a><\/div><\/p>\n","protected":false},"excerpt":{"rendered":"<p>Pediatrik kategoriye hitap etmek i\u00e7in hassasiyetle haz\u0131rlanm\u0131\u015f temel bir mobilite yard\u0131m\u0131 olan G103Y Standart Manuel Tekerlekli Sandalye ile tan\u0131\u015f\u0131n. Bu tekerlekli sandalye, gen\u00e7 kullan\u0131c\u0131lar\u0131 i\u00e7in rahatl\u0131k ve konfor sa\u011flamay\u0131 ama\u00e7layan sa\u011flam tasar\u0131m\u0131 verimli i\u015flevsellikle birle\u015ftirir. Sadece kullan\u0131c\u0131 taraf\u0131ndan \u00f6nerilen \u00f6zellikleriyle de\u011fil, ayn\u0131 zamanda i\u015fletmeler aras\u0131 i\u015flemler ve engelli ara\u00e7 sa\u011flay\u0131c\u0131lar\u0131 i\u00e7in \u00e7ok aranan ekonomik bir [&hellip;]<\/p>\n","protected":false},"featured_media":1593,"comment_status":"open","ping_status":"closed","template":"","meta":[],"product_brand":[],"product_cat":[47],"product_tag":[],"class_list":{"0":"post-1555","1":"product","2":"type-product","3":"status-publish","4":"has-post-thumbnail","6":"product_cat-manuel-tekerlekli-sandalye","8":"first","9":"outofstock","10":"sale","11":"taxable","12":"shipping-taxable","13":"purchasable","14":"product-type-simple"},"yoast_head":"<!-- This site is optimized with the Yoast SEO plugin v27.4 - https:\/\/yoast.com\/product\/yoast-seo-wordpress\/ -->\n<title>G103Y Standart Manuel Tekerlekli Sandalye - \u0130ntegra Medikal | | Ma\u011faza<\/title>\n<meta name=\"robots\" content=\"index, follow, max-snippet:-1, max-image-preview:large, max-video-preview:-1\" \/>\n<link rel=\"canonical\" href=\"https:\/\/integramedikal.com\/magaza\/urun\/g103y-standart-manuel-tekerlekli-sandalye\/\" \/>\n<meta property=\"og:locale\" content=\"tr_TR\" \/>\n<meta property=\"og:type\" content=\"article\" \/>\n<meta property=\"og:title\" content=\"G103Y Standart Manuel Tekerlekli Sandalye - \u0130ntegra Medikal | | Ma\u011faza\" \/>\n<meta property=\"og:description\" content=\"Pediatrik kategoriye hitap etmek i\u00e7in hassasiyetle haz\u0131rlanm\u0131\u015f temel bir mobilite yard\u0131m\u0131 olan G103Y Standart Manuel Tekerlekli Sandalye ile tan\u0131\u015f\u0131n. Bu tekerlekli sandalye, gen\u00e7 kullan\u0131c\u0131lar\u0131 i\u00e7in rahatl\u0131k ve konfor sa\u011flamay\u0131 ama\u00e7layan sa\u011flam tasar\u0131m\u0131 verimli i\u015flevsellikle birle\u015ftirir. Sadece kullan\u0131c\u0131 taraf\u0131ndan \u00f6nerilen \u00f6zellikleriyle de\u011fil, ayn\u0131 zamanda i\u015fletmeler aras\u0131 i\u015flemler ve engelli ara\u00e7 sa\u011flay\u0131c\u0131lar\u0131 i\u00e7in \u00e7ok aranan ekonomik bir [&hellip;]\" \/>\n<meta property=\"og:url\" content=\"https:\/\/integramedikal.com\/magaza\/urun\/g103y-standart-manuel-tekerlekli-sandalye\/\" \/>\n<meta property=\"og:site_name\" content=\"\u0130ntegra Medikal | | Ma\u011faza\" \/>\n<meta property=\"article:publisher\" content=\"https:\/\/www.facebook.com\/integramedikal1\" \/>\n<meta property=\"article:modified_time\" content=\"2026-02-26T07:46:25+00:00\" \/>\n<meta property=\"og:image\" content=\"https:\/\/integramedikal.com\/magaza\/wp-content\/uploads\/2025\/06\/G103Y-1.jpg\" \/>\n\t<meta property=\"og:image:width\" content=\"900\" \/>\n\t<meta property=\"og:image:height\" content=\"900\" \/>\n\t<meta property=\"og:image:type\" content=\"image\/jpeg\" \/>\n<meta name=\"twitter:card\" content=\"summary_large_image\" \/>\n<meta name=\"twitter:site\" content=\"@integramedikal\" \/>\n<meta name=\"twitter:label1\" content=\"Tahmini okuma s\u00fcresi\" \/>\n\t<meta name=\"twitter:data1\" content=\"3 dakika\" \/>\n<script type=\"application\/ld+json\" class=\"yoast-schema-graph\">{\"@context\":\"https:\\\/\\\/schema.org\",\"@graph\":[{\"@type\":\"WebPage\",\"@id\":\"https:\\\/\\\/integramedikal.com\\\/magaza\\\/urun\\\/g103y-standart-manuel-tekerlekli-sandalye\\\/\",\"url\":\"https:\\\/\\\/integramedikal.com\\\/magaza\\\/urun\\\/g103y-standart-manuel-tekerlekli-sandalye\\\/\",\"name\":\"G103Y Standart Manuel Tekerlekli Sandalye - \u0130ntegra Medikal | | Ma\u011faza\",\"isPartOf\":{\"@id\":\"https:\\\/\\\/integramedikal.com\\\/magaza\\\/#website\"},\"primaryImageOfPage\":{\"@id\":\"https:\\\/\\\/integramedikal.com\\\/magaza\\\/urun\\\/g103y-standart-manuel-tekerlekli-sandalye\\\/#primaryimage\"},\"image\":{\"@id\":\"https:\\\/\\\/integramedikal.com\\\/magaza\\\/urun\\\/g103y-standart-manuel-tekerlekli-sandalye\\\/#primaryimage\"},\"thumbnailUrl\":\"https:\\\/\\\/integramedikal.com\\\/magaza\\\/wp-content\\\/uploads\\\/2025\\\/06\\\/G103Y-1.jpg\",\"datePublished\":\"2025-06-02T20:22:14+00:00\",\"dateModified\":\"2026-02-26T07:46:25+00:00\",\"breadcrumb\":{\"@id\":\"https:\\\/\\\/integramedikal.com\\\/magaza\\\/urun\\\/g103y-standart-manuel-tekerlekli-sandalye\\\/#breadcrumb\"},\"inLanguage\":\"tr\",\"potentialAction\":[{\"@type\":\"ReadAction\",\"target\":[\"https:\\\/\\\/integramedikal.com\\\/magaza\\\/urun\\\/g103y-standart-manuel-tekerlekli-sandalye\\\/\"]}]},{\"@type\":\"ImageObject\",\"inLanguage\":\"tr\",\"@id\":\"https:\\\/\\\/integramedikal.com\\\/magaza\\\/urun\\\/g103y-standart-manuel-tekerlekli-sandalye\\\/#primaryimage\",\"url\":\"https:\\\/\\\/integramedikal.com\\\/magaza\\\/wp-content\\\/uploads\\\/2025\\\/06\\\/G103Y-1.jpg\",\"contentUrl\":\"https:\\\/\\\/integramedikal.com\\\/magaza\\\/wp-content\\\/uploads\\\/2025\\\/06\\\/G103Y-1.jpg\",\"width\":900,\"height\":900},{\"@type\":\"BreadcrumbList\",\"@id\":\"https:\\\/\\\/integramedikal.com\\\/magaza\\\/urun\\\/g103y-standart-manuel-tekerlekli-sandalye\\\/#breadcrumb\",\"itemListElement\":[{\"@type\":\"ListItem\",\"position\":1,\"name\":\"Anasayfa\",\"item\":\"https:\\\/\\\/integramedikal.com\\\/magaza\\\/anasayfa\\\/\"},{\"@type\":\"ListItem\",\"position\":2,\"name\":\"Shop\",\"item\":\"https:\\\/\\\/integramedikal.com\\\/magaza\\\/shop\\\/\"},{\"@type\":\"ListItem\",\"position\":3,\"name\":\"G103Y Standart Manuel Tekerlekli Sandalye\"}]},{\"@type\":\"WebSite\",\"@id\":\"https:\\\/\\\/integramedikal.com\\\/magaza\\\/#website\",\"url\":\"https:\\\/\\\/integramedikal.com\\\/magaza\\\/\",\"name\":\"\u0130ntegra Medikal < | | >Ma\u011faza\",\"description\":\"Sa\u011fl\u0131kta Kalite | Sekt\u00f6rde 25. Y\u0131l\",\"publisher\":{\"@id\":\"https:\\\/\\\/integramedikal.com\\\/magaza\\\/#organization\"},\"potentialAction\":[{\"@type\":\"SearchAction\",\"target\":{\"@type\":\"EntryPoint\",\"urlTemplate\":\"https:\\\/\\\/integramedikal.com\\\/magaza\\\/?s={search_term_string}\"},\"query-input\":{\"@type\":\"PropertyValueSpecification\",\"valueRequired\":true,\"valueName\":\"search_term_string\"}}],\"inLanguage\":\"tr\"},{\"@type\":\"Organization\",\"@id\":\"https:\\\/\\\/integramedikal.com\\\/magaza\\\/#organization\",\"name\":\"\u0130ntegra Medikal < | | >Ma\u011faza\",\"url\":\"https:\\\/\\\/integramedikal.com\\\/magaza\\\/\",\"logo\":{\"@type\":\"ImageObject\",\"inLanguage\":\"tr\",\"@id\":\"https:\\\/\\\/integramedikal.com\\\/magaza\\\/#\\\/schema\\\/logo\\\/image\\\/\",\"url\":\"https:\\\/\\\/integramedikal.com\\\/magaza\\\/wp-content\\\/uploads\\\/2025\\\/06\\\/integra-logo-1.png\",\"contentUrl\":\"https:\\\/\\\/integramedikal.com\\\/magaza\\\/wp-content\\\/uploads\\\/2025\\\/06\\\/integra-logo-1.png\",\"width\":340,\"height\":156,\"caption\":\"\u0130ntegra Medikal < | | >Ma\u011faza\"},\"image\":{\"@id\":\"https:\\\/\\\/integramedikal.com\\\/magaza\\\/#\\\/schema\\\/logo\\\/image\\\/\"},\"sameAs\":[\"https:\\\/\\\/www.facebook.com\\\/integramedikal1\",\"https:\\\/\\\/x.com\\\/integramedikal\",\"https:\\\/\\\/www.instagram.com\\\/integramedikal\\\/\",\"https:\\\/\\\/www.youtube.com\\\/user\\\/integramedikal\"]}]}<\/script>\n<!-- \/ Yoast SEO plugin. -->","yoast_head_json":{"title":"G103Y Standart Manuel Tekerlekli Sandalye - \u0130ntegra Medikal | | Ma\u011faza","robots":{"index":"index","follow":"follow","max-snippet":"max-snippet:-1","max-image-preview":"max-image-preview:large","max-video-preview":"max-video-preview:-1"},"canonical":"https:\/\/integramedikal.com\/magaza\/urun\/g103y-standart-manuel-tekerlekli-sandalye\/","og_locale":"tr_TR","og_type":"article","og_title":"G103Y Standart Manuel Tekerlekli Sandalye - \u0130ntegra Medikal | | Ma\u011faza","og_description":"Pediatrik kategoriye hitap etmek i\u00e7in hassasiyetle haz\u0131rlanm\u0131\u015f temel bir mobilite yard\u0131m\u0131 olan G103Y Standart Manuel Tekerlekli Sandalye ile tan\u0131\u015f\u0131n. Bu tekerlekli sandalye, gen\u00e7 kullan\u0131c\u0131lar\u0131 i\u00e7in rahatl\u0131k ve konfor sa\u011flamay\u0131 ama\u00e7layan sa\u011flam tasar\u0131m\u0131 verimli i\u015flevsellikle birle\u015ftirir. Sadece kullan\u0131c\u0131 taraf\u0131ndan \u00f6nerilen \u00f6zellikleriyle de\u011fil, ayn\u0131 zamanda i\u015fletmeler aras\u0131 i\u015flemler ve engelli ara\u00e7 sa\u011flay\u0131c\u0131lar\u0131 i\u00e7in \u00e7ok aranan ekonomik bir [&hellip;]","og_url":"https:\/\/integramedikal.com\/magaza\/urun\/g103y-standart-manuel-tekerlekli-sandalye\/","og_site_name":"\u0130ntegra Medikal | | Ma\u011faza","article_publisher":"https:\/\/www.facebook.com\/integramedikal1","article_modified_time":"2026-02-26T07:46:25+00:00","og_image":[{"width":900,"height":900,"url":"https:\/\/integramedikal.com\/magaza\/wp-content\/uploads\/2025\/06\/G103Y-1.jpg","type":"image\/jpeg"}],"twitter_card":"summary_large_image","twitter_site":"@integramedikal","twitter_misc":{"Tahmini okuma s\u00fcresi":"3 dakika"},"schema":{"@context":"https:\/\/schema.org","@graph":[{"@type":"WebPage","@id":"https:\/\/integramedikal.com\/magaza\/urun\/g103y-standart-manuel-tekerlekli-sandalye\/","url":"https:\/\/integramedikal.com\/magaza\/urun\/g103y-standart-manuel-tekerlekli-sandalye\/","name":"G103Y Standart Manuel Tekerlekli Sandalye - \u0130ntegra Medikal | | Ma\u011faza","isPartOf":{"@id":"https:\/\/integramedikal.com\/magaza\/#website"},"primaryImageOfPage":{"@id":"https:\/\/integramedikal.com\/magaza\/urun\/g103y-standart-manuel-tekerlekli-sandalye\/#primaryimage"},"image":{"@id":"https:\/\/integramedikal.com\/magaza\/urun\/g103y-standart-manuel-tekerlekli-sandalye\/#primaryimage"},"thumbnailUrl":"https:\/\/integramedikal.com\/magaza\/wp-content\/uploads\/2025\/06\/G103Y-1.jpg","datePublished":"2025-06-02T20:22:14+00:00","dateModified":"2026-02-26T07:46:25+00:00","breadcrumb":{"@id":"https:\/\/integramedikal.com\/magaza\/urun\/g103y-standart-manuel-tekerlekli-sandalye\/#breadcrumb"},"inLanguage":"tr","potentialAction":[{"@type":"ReadAction","target":["https:\/\/integramedikal.com\/magaza\/urun\/g103y-standart-manuel-tekerlekli-sandalye\/"]}]},{"@type":"ImageObject","inLanguage":"tr","@id":"https:\/\/integramedikal.com\/magaza\/urun\/g103y-standart-manuel-tekerlekli-sandalye\/#primaryimage","url":"https:\/\/integramedikal.com\/magaza\/wp-content\/uploads\/2025\/06\/G103Y-1.jpg","contentUrl":"https:\/\/integramedikal.com\/magaza\/wp-content\/uploads\/2025\/06\/G103Y-1.jpg","width":900,"height":900},{"@type":"BreadcrumbList","@id":"https:\/\/integramedikal.com\/magaza\/urun\/g103y-standart-manuel-tekerlekli-sandalye\/#breadcrumb","itemListElement":[{"@type":"ListItem","position":1,"name":"Anasayfa","item":"https:\/\/integramedikal.com\/magaza\/anasayfa\/"},{"@type":"ListItem","position":2,"name":"Shop","item":"https:\/\/integramedikal.com\/magaza\/shop\/"},{"@type":"ListItem","position":3,"name":"G103Y Standart Manuel Tekerlekli Sandalye"}]},{"@type":"WebSite","@id":"https:\/\/integramedikal.com\/magaza\/#website","url":"https:\/\/integramedikal.com\/magaza\/","name":"\u0130ntegra Medikal < | | >Ma\u011faza","description":"Sa\u011fl\u0131kta Kalite | Sekt\u00f6rde 25. Y\u0131l","publisher":{"@id":"https:\/\/integramedikal.com\/magaza\/#organization"},"potentialAction":[{"@type":"SearchAction","target":{"@type":"EntryPoint","urlTemplate":"https:\/\/integramedikal.com\/magaza\/?s={search_term_string}"},"query-input":{"@type":"PropertyValueSpecification","valueRequired":true,"valueName":"search_term_string"}}],"inLanguage":"tr"},{"@type":"Organization","@id":"https:\/\/integramedikal.com\/magaza\/#organization","name":"\u0130ntegra Medikal < | | >Ma\u011faza","url":"https:\/\/integramedikal.com\/magaza\/","logo":{"@type":"ImageObject","inLanguage":"tr","@id":"https:\/\/integramedikal.com\/magaza\/#\/schema\/logo\/image\/","url":"https:\/\/integramedikal.com\/magaza\/wp-content\/uploads\/2025\/06\/integra-logo-1.png","contentUrl":"https:\/\/integramedikal.com\/magaza\/wp-content\/uploads\/2025\/06\/integra-logo-1.png","width":340,"height":156,"caption":"\u0130ntegra Medikal < | | >Ma\u011faza"},"image":{"@id":"https:\/\/integramedikal.com\/magaza\/#\/schema\/logo\/image\/"},"sameAs":["https:\/\/www.facebook.com\/integramedikal1","https:\/\/x.com\/integramedikal","https:\/\/www.instagram.com\/integramedikal\/","https:\/\/www.youtube.com\/user\/integramedikal"]}]}},"_links":{"self":[{"href":"https:\/\/integramedikal.com\/magaza\/wp-json\/wp\/v2\/product\/1555","targetHints":{"allow":["GET"]}}],"collection":[{"href":"https:\/\/integramedikal.com\/magaza\/wp-json\/wp\/v2\/product"}],"about":[{"href":"https:\/\/integramedikal.com\/magaza\/wp-json\/wp\/v2\/types\/product"}],"replies":[{"embeddable":true,"href":"https:\/\/integramedikal.com\/magaza\/wp-json\/wp\/v2\/comments?post=1555"}],"wp:featuredmedia":[{"embeddable":true,"href":"https:\/\/integramedikal.com\/magaza\/wp-json\/wp\/v2\/media\/1593"}],"wp:attachment":[{"href":"https:\/\/integramedikal.com\/magaza\/wp-json\/wp\/v2\/media?parent=1555"}],"wp:term":[{"taxonomy":"product_brand","embeddable":true,"href":"https:\/\/integramedikal.com\/magaza\/wp-json\/wp\/v2\/product_brand?post=1555"},{"taxonomy":"product_cat","embeddable":true,"href":"https:\/\/integramedikal.com\/magaza\/wp-json\/wp\/v2\/product_cat?post=1555"},{"taxonomy":"product_tag","embeddable":true,"href":"https:\/\/integramedikal.com\/magaza\/wp-json\/wp\/v2\/product_tag?post=1555"}],"curies":[{"name":"wp","href":"https:\/\/api.w.org\/{rel}","templated":true}]}}