{"id":1551,"date":"2025-06-02T23:22:14","date_gmt":"2025-06-02T20:22:14","guid":{"rendered":"https:\/\/integramedikal.com\/magaza\/?post_type=product&#038;p=1551"},"modified":"2026-04-01T12:07:34","modified_gmt":"2026-04-01T09:07:34","slug":"g458c-pediatrik-tekerlekli-sandalye","status":"publish","type":"product","link":"https:\/\/integramedikal.com\/magaza\/urun\/g458c-pediatrik-tekerlekli-sandalye\/","title":{"rendered":"G458C Pediatrik Tekerlekli Sandalye"},"content":{"rendered":"<div>\u00d6zel ihtiya\u00e7lar\u0131 olan \u00e7ocuklar i\u00e7in \u00f6zenle tasarlanm\u0131\u015f temel bir mobilite yard\u0131mc\u0131s\u0131 olan G458C Pediatrik Tekerlekli Sandalye ile tan\u0131\u015f\u0131n. Bu pediatrik tekerlekli sandalye, B2B al\u0131c\u0131lar\u0131n\u0131n ve engelliler i\u00e7in kaliteli ula\u015f\u0131m se\u00e7enekleri sunmaya kendini adam\u0131\u015f \u015firketlerin zorlu gereksinimlerini kar\u015f\u0131lamak \u00fczere uyarlanm\u0131\u015f, dayan\u0131kl\u0131l\u0131k ve kullan\u0131m kolayl\u0131\u011f\u0131n\u0131n bir kar\u0131\u015f\u0131m\u0131d\u0131r. G458C sadece bir \u00fcr\u00fcn de\u011fil, ayn\u0131 zamanda bir\u00e7ok \u00e7ocuk i\u00e7in ba\u011f\u0131ms\u0131zl\u0131k g\u00fcvencesidir ve onlara hak ettikleri konforu ve mobiliteyi sunar.<\/div>\n<div><\/div>\n<div>G458C Pediatrik Tekerlekli Sandalye, ayr\u0131nt\u0131lara \u00f6zellikle dikkat edilmesi gereken bir kategoriden gelir. G\u00fcvenlik ve g\u00fcvenilirli\u011fi sa\u011flamak i\u00e7in titizlikle tasarlanan bu tekerlekli \u00e7ocuk sandalyesi, ekonomik ancak y\u00fcksek kaliteli bir se\u00e7enek arayanlar i\u00e7in \u00f6vg\u00fcye de\u011fer bir \u00e7\u00f6z\u00fcmd\u00fcr. Al\u0131c\u0131lar, hem bak\u0131c\u0131lar hem de t\u0131p uzmanlar\u0131 i\u00e7in operasyonlar\u0131 basitle\u015ftirirken gen\u00e7 kullan\u0131c\u0131lara hitap etmek i\u00e7in haz\u0131rland\u0131\u011f\u0131n\u0131 bilerek bu mobilite arac\u0131na g\u00fcvenle yat\u0131r\u0131m yapabilirler.<\/div>\n<div><\/div>\n<div><b>Ola\u011fan\u00fcst\u00fc Dayan\u0131kl\u0131l\u0131k ve Konfor<\/b><\/div>\n<div><b><br \/><\/b><\/div>\n<div>Pediatrik mobilite alan\u0131nda, G458C Tekerlekli Sandalye, uzun \u00f6m\u00fcr vaat eden g\u00fc\u00e7l\u00fc bir g\u00f6vde yap\u0131s\u0131na sahip sa\u011flam bir rakip olarak ortaya \u00e7\u0131k\u0131yor. G\u00fcnl\u00fck kullan\u0131m\u0131n zorlu\u011funu ve taklas\u0131n\u0131 anlayan tekerlekli sandalye, \u00e7ocuklar\u0131n enerjik ya\u015fam tarz\u0131na dayanabilecek malzemelerle yap\u0131lm\u0131\u015ft\u0131r. Sadece g\u00fc\u00e7l\u00fc de\u011fil, ayn\u0131 zamanda konfor g\u00f6z \u00f6n\u00fcnde bulundurularak tasarlanm\u0131\u015ft\u0131r ve gen\u00e7 yolcular\u0131n g\u00fcnl\u00fck aktiviteleri ve b\u00fcy\u00fcmeleri i\u00e7in hayati \u00f6nem ta\u015f\u0131yan hareket kolayl\u0131\u011f\u0131 ve dengeyi deneyimlemelerini sa\u011flar.<\/div>\n<div><\/div>\n<div>Kalite, \u00e7ocuklar\u0131n tekerlekli sandalyelerinde en \u00f6nemli konudur ve G458C en y\u00fcksek standartlar\u0131 sunmaktan \u00e7ekinmez. 2 y\u0131l garantilidir ve yap\u0131s\u0131n\u0131n ard\u0131ndaki g\u00fcvene tan\u0131kl\u0131k eder. M\u00fckemmelli\u011fe olan bu ba\u011fl\u0131l\u0131k, \u00fcretim hatt\u0131ndan \u00e7\u0131kan her tekerlekli sandalyede yank\u0131lan\u0131r ve bu tekerlekli sandalyenin sundu\u011fu avantajlar\u0131 ilk elden deneyimleyen kullan\u0131c\u0131lar taraf\u0131ndan \u00f6nerilen bir se\u00e7enek olarak i\u015faretlenir.<\/div>\n<div><\/div>\n<div><b>\u0130\u015f Dostu \u00d6zellikler<\/b><\/div>\n<div><b><br \/><\/b><\/div>\n<div>Engelli ara\u00e7lar\u0131n\u0131n ni\u015f pazar\u0131nda faaliyet g\u00f6steren i\u015fletmeler i\u00e7in G458C Pediatrik Tekerlekli Sandalye, maliyet ve kalite aras\u0131nda ince bir denge anlam\u0131na gelir. Ekonomik bir \u00fcr\u00fcn olarak etiketlenmi\u015f, i\u015flevsellik veya tasar\u0131mdan \u00f6d\u00fcn vermeyerek, m\u00fc\u015fterilerine de\u011fer katmak isteyen kurulu\u015flar i\u00e7in \u00e7ekici bir se\u00e7enek olarak konumland\u0131r\u0131yor. Tekerlekli sandalye, son kullan\u0131c\u0131 d\u00fc\u015f\u00fcn\u00fclerek \u00fcretilmi\u015ftir ve gen\u00e7ler i\u00e7in sorunsuz ve tatmin edici bir deneyim sa\u011flayan \u00f6zelliklerle donat\u0131lm\u0131\u015ft\u0131r.<\/div>\n<div><\/div>\n<div>Zaman\u0131nda teslimat\u0131n kritik do\u011fas\u0131n\u0131 anlayan bu pediatrik tekerlekli sandalye, h\u0131zl\u0131 sevkiyat vaadiyle de \u00f6ne \u00e7\u0131k\u0131yor. \u0130\u015fletmeler, m\u00fc\u015fterilerinin ihtiya\u00e7lar\u0131n\u0131 an\u0131nda kar\u015f\u0131layabilmelerini sa\u011flamak i\u00e7in bu tekerlekli sandalyelerin h\u0131zl\u0131 ve g\u00fcvenilir bir \u015fekilde g\u00f6nderilmesine g\u00fcvenebilir. Bu verimlilik, markan\u0131n hizmete ve m\u00fc\u015fteri memnuniyetine olan ba\u011fl\u0131l\u0131\u011f\u0131n\u0131n bir i\u015fareti olarak hizmet eder. G458C Pediatrik Tekerlekli Sandalye ile \u015firketler, hem i\u015f hedeflerine hem de m\u00fc\u015fterilerinin beklentilerine uygun bir \u00fcr\u00fcn sunduklar\u0131n\u0131 bilerek envanterlerini g\u00fcvenle g\u00fc\u00e7lendirebilirler.<\/div>\n<div><\/div>\n<p><div  id=\"btn_klavuz\"  class='avia-button-wrap av-av_button-dedb3bc0f2b2a267f704870ded1ec495-wrap avia-button-left  avia-builder-el-0  el_before_av_button  avia-builder-el-first '><a href='https:\/\/www.integramedikal.com\/magaza\/upload\/kilavuz\/47-g458c-pediatrik-tekerlekli-sandalye.pdf'  class='avia-button av-av_button-dedb3bc0f2b2a267f704870ded1ec495 av-link-btn avia-icon_select-yes-left-icon avia-size-medium avia-position-left avia-color-theme-color-highlight'  target=\"_blank\"  rel=\"noopener noreferrer\"  aria-label=\"Kullan\u0131m K\u0131lavuzu\"><span class='avia_button_icon avia_button_icon_left avia-svg-icon avia-font-svg_entypo-fontello' data-av_svg_icon='book-open' data-av_iconset='svg_entypo-fontello'><svg version=\"1.1\" xmlns=\"http:\/\/www.w3.org\/2000\/svg\" width=\"29\" height=\"32\" viewBox=\"0 0 29 32\" preserveAspectRatio=\"xMidYMid meet\" aria-labelledby='av-svg-title-1' aria-describedby='av-svg-desc-1' role=\"graphics-symbol\">\n<title id='av-svg-title-1'>Book-open<\/title>\n<desc id='av-svg-desc-1'>Book-open<\/desc>\n<path d=\"M10.88 19.584v2.176l-6.4-2.56v-2.176zM10.88 12.928v2.176l-6.4-2.56v-2.176zM28.096 1.856q0.704 0.384 0.704 1.344v20.48q0 1.088-1.024 1.472l-12.736 5.12q-0.256 0.064-0.32 0.064t-0.16 0.032-0.16 0.032-0.16-0.032-0.16-0.032l-0.32-0.064-12.736-5.12q-1.024-0.384-1.024-1.472v-20.48q0-0.96 0.704-1.344 0.704-0.512 1.472-0.192l12.224 4.928 12.224-4.928q0.768-0.32 1.472 0.192zM12.8 27.072v-17.92l-10.24-4.096v17.92zM26.24 22.976v-17.92l-10.24 4.096v17.92zM24.32 17.024v2.176l-6.4 2.56v-2.176zM24.32 10.368v2.176l-6.4 2.56v-2.176z\"><\/path>\n<\/svg><\/span><span class='avia_iconbox_title' >Kullan\u0131m K\u0131lavuzu<\/span><\/a><\/div> <div  id=\"btn_teknikbilgi\"  class='avia-button-wrap av-av_button-e069d87ec5d6298b9b6c476e2dc5aa4e-wrap avia-button-left  avia-builder-el-1  el_after_av_button  avia-builder-el-last '><a href='javascript:void(0);'  class='avia-button av-av_button-e069d87ec5d6298b9b6c476e2dc5aa4e av-link-btn avia-icon_select-yes-left-icon avia-size-medium avia-position-left avia-color-theme-color-highlight'   aria-label=\"Teknik Bilgi\"><span class='avia_button_icon avia_button_icon_left avia-svg-icon avia-font-svg_entypo-fontello' data-av_svg_icon='cog' data-av_iconset='svg_entypo-fontello'><svg version=\"1.1\" xmlns=\"http:\/\/www.w3.org\/2000\/svg\" width=\"27\" height=\"32\" viewBox=\"0 0 27 32\" preserveAspectRatio=\"xMidYMid meet\" aria-labelledby='av-svg-title-2' aria-describedby='av-svg-desc-2' role=\"graphics-symbol\">\n<title id='av-svg-title-2'>Cog<\/title>\n<desc id='av-svg-desc-2'>Cog<\/desc>\n<path d=\"M24.32 16q0 2.304 2.56 3.904-0.384 1.28-1.088 2.624-2.24-0.576-4.352 1.408-1.728 1.856-1.088 4.352-1.28 0.64-2.688 1.152-1.472-2.624-4.224-2.624t-4.224 2.624q-1.408-0.512-2.688-1.152 0.64-2.56-1.088-4.352-1.728-1.728-4.352-1.088-0.448-0.832-1.088-2.624 2.624-1.664 2.624-4.224 0-2.304-2.624-3.968 0.64-1.792 1.088-2.624 2.368 0.576 4.352-1.408 1.728-1.792 1.088-4.352 1.344-0.704 2.688-1.088 1.472 2.56 4.224 2.56t4.224-2.56q1.344 0.384 2.688 1.088-0.64 2.496 1.088 4.352 2.112 1.984 4.352 1.408 0.704 1.344 1.088 2.624-2.56 1.6-2.56 3.968zM13.44 21.824q2.432 0 4.128-1.696t1.696-4.128-1.696-4.16-4.128-1.728-4.128 1.728-1.696 4.16 1.696 4.128 4.128 1.696z\"><\/path>\n<\/svg><\/span><span class='avia_iconbox_title' >Teknik Bilgi<\/span><\/a><\/div><\/p>\n","protected":false},"excerpt":{"rendered":"<p>\u00d6zel ihtiya\u00e7lar\u0131 olan \u00e7ocuklar i\u00e7in \u00f6zenle tasarlanm\u0131\u015f temel bir mobilite yard\u0131mc\u0131s\u0131 olan G458C Pediatrik Tekerlekli Sandalye ile tan\u0131\u015f\u0131n. Bu pediatrik tekerlekli sandalye, B2B al\u0131c\u0131lar\u0131n\u0131n ve engelliler i\u00e7in kaliteli ula\u015f\u0131m se\u00e7enekleri sunmaya kendini adam\u0131\u015f \u015firketlerin zorlu gereksinimlerini kar\u015f\u0131lamak \u00fczere uyarlanm\u0131\u015f, dayan\u0131kl\u0131l\u0131k ve kullan\u0131m kolayl\u0131\u011f\u0131n\u0131n bir kar\u0131\u015f\u0131m\u0131d\u0131r. G458C sadece bir \u00fcr\u00fcn de\u011fil, ayn\u0131 zamanda bir\u00e7ok \u00e7ocuk i\u00e7in [&hellip;]<\/p>\n","protected":false},"featured_media":1571,"comment_status":"open","ping_status":"closed","template":"","meta":[],"product_brand":[],"product_cat":[47],"product_tag":[],"class_list":{"0":"post-1551","1":"product","2":"type-product","3":"status-publish","4":"has-post-thumbnail","6":"product_cat-manuel-tekerlekli-sandalye","8":"first","9":"instock","10":"sale","11":"taxable","12":"shipping-taxable","13":"purchasable","14":"product-type-simple"},"yoast_head":"<!-- This site is optimized with the Yoast SEO plugin v27.4 - https:\/\/yoast.com\/product\/yoast-seo-wordpress\/ -->\n<title>G458C Pediatrik Tekerlekli Sandalye - \u0130ntegra Medikal | | Ma\u011faza<\/title>\n<meta name=\"robots\" content=\"index, follow, max-snippet:-1, max-image-preview:large, max-video-preview:-1\" \/>\n<link rel=\"canonical\" href=\"https:\/\/integramedikal.com\/magaza\/urun\/g458c-pediatrik-tekerlekli-sandalye\/\" \/>\n<meta property=\"og:locale\" content=\"tr_TR\" \/>\n<meta property=\"og:type\" content=\"article\" \/>\n<meta property=\"og:title\" content=\"G458C Pediatrik Tekerlekli Sandalye - \u0130ntegra Medikal | | Ma\u011faza\" \/>\n<meta property=\"og:description\" content=\"\u00d6zel ihtiya\u00e7lar\u0131 olan \u00e7ocuklar i\u00e7in \u00f6zenle tasarlanm\u0131\u015f temel bir mobilite yard\u0131mc\u0131s\u0131 olan G458C Pediatrik Tekerlekli Sandalye ile tan\u0131\u015f\u0131n. Bu pediatrik tekerlekli sandalye, B2B al\u0131c\u0131lar\u0131n\u0131n ve engelliler i\u00e7in kaliteli ula\u015f\u0131m se\u00e7enekleri sunmaya kendini adam\u0131\u015f \u015firketlerin zorlu gereksinimlerini kar\u015f\u0131lamak \u00fczere uyarlanm\u0131\u015f, dayan\u0131kl\u0131l\u0131k ve kullan\u0131m kolayl\u0131\u011f\u0131n\u0131n bir kar\u0131\u015f\u0131m\u0131d\u0131r. G458C sadece bir \u00fcr\u00fcn de\u011fil, ayn\u0131 zamanda bir\u00e7ok \u00e7ocuk i\u00e7in [&hellip;]\" \/>\n<meta property=\"og:url\" content=\"https:\/\/integramedikal.com\/magaza\/urun\/g458c-pediatrik-tekerlekli-sandalye\/\" \/>\n<meta property=\"og:site_name\" content=\"\u0130ntegra Medikal | | Ma\u011faza\" \/>\n<meta property=\"article:publisher\" content=\"https:\/\/www.facebook.com\/integramedikal1\" \/>\n<meta property=\"article:modified_time\" content=\"2026-04-01T09:07:34+00:00\" \/>\n<meta property=\"og:image\" content=\"https:\/\/integramedikal.com\/magaza\/wp-content\/uploads\/2025\/06\/G458C.jpg\" \/>\n\t<meta property=\"og:image:width\" content=\"900\" \/>\n\t<meta property=\"og:image:height\" content=\"900\" \/>\n\t<meta property=\"og:image:type\" content=\"image\/jpeg\" \/>\n<meta name=\"twitter:card\" content=\"summary_large_image\" \/>\n<meta name=\"twitter:site\" content=\"@integramedikal\" \/>\n<meta name=\"twitter:label1\" content=\"Tahmini okuma s\u00fcresi\" \/>\n\t<meta name=\"twitter:data1\" content=\"3 dakika\" \/>\n<script type=\"application\/ld+json\" class=\"yoast-schema-graph\">{\"@context\":\"https:\\\/\\\/schema.org\",\"@graph\":[{\"@type\":\"WebPage\",\"@id\":\"https:\\\/\\\/integramedikal.com\\\/magaza\\\/urun\\\/g458c-pediatrik-tekerlekli-sandalye\\\/\",\"url\":\"https:\\\/\\\/integramedikal.com\\\/magaza\\\/urun\\\/g458c-pediatrik-tekerlekli-sandalye\\\/\",\"name\":\"G458C Pediatrik Tekerlekli Sandalye - \u0130ntegra Medikal | | Ma\u011faza\",\"isPartOf\":{\"@id\":\"https:\\\/\\\/integramedikal.com\\\/magaza\\\/#website\"},\"primaryImageOfPage\":{\"@id\":\"https:\\\/\\\/integramedikal.com\\\/magaza\\\/urun\\\/g458c-pediatrik-tekerlekli-sandalye\\\/#primaryimage\"},\"image\":{\"@id\":\"https:\\\/\\\/integramedikal.com\\\/magaza\\\/urun\\\/g458c-pediatrik-tekerlekli-sandalye\\\/#primaryimage\"},\"thumbnailUrl\":\"https:\\\/\\\/integramedikal.com\\\/magaza\\\/wp-content\\\/uploads\\\/2025\\\/06\\\/G458C.jpg\",\"datePublished\":\"2025-06-02T20:22:14+00:00\",\"dateModified\":\"2026-04-01T09:07:34+00:00\",\"breadcrumb\":{\"@id\":\"https:\\\/\\\/integramedikal.com\\\/magaza\\\/urun\\\/g458c-pediatrik-tekerlekli-sandalye\\\/#breadcrumb\"},\"inLanguage\":\"tr\",\"potentialAction\":[{\"@type\":\"ReadAction\",\"target\":[\"https:\\\/\\\/integramedikal.com\\\/magaza\\\/urun\\\/g458c-pediatrik-tekerlekli-sandalye\\\/\"]}]},{\"@type\":\"ImageObject\",\"inLanguage\":\"tr\",\"@id\":\"https:\\\/\\\/integramedikal.com\\\/magaza\\\/urun\\\/g458c-pediatrik-tekerlekli-sandalye\\\/#primaryimage\",\"url\":\"https:\\\/\\\/integramedikal.com\\\/magaza\\\/wp-content\\\/uploads\\\/2025\\\/06\\\/G458C.jpg\",\"contentUrl\":\"https:\\\/\\\/integramedikal.com\\\/magaza\\\/wp-content\\\/uploads\\\/2025\\\/06\\\/G458C.jpg\",\"width\":900,\"height\":900},{\"@type\":\"BreadcrumbList\",\"@id\":\"https:\\\/\\\/integramedikal.com\\\/magaza\\\/urun\\\/g458c-pediatrik-tekerlekli-sandalye\\\/#breadcrumb\",\"itemListElement\":[{\"@type\":\"ListItem\",\"position\":1,\"name\":\"Anasayfa\",\"item\":\"https:\\\/\\\/integramedikal.com\\\/magaza\\\/anasayfa\\\/\"},{\"@type\":\"ListItem\",\"position\":2,\"name\":\"Shop\",\"item\":\"https:\\\/\\\/integramedikal.com\\\/magaza\\\/shop\\\/\"},{\"@type\":\"ListItem\",\"position\":3,\"name\":\"G458C Pediatrik Tekerlekli Sandalye\"}]},{\"@type\":\"WebSite\",\"@id\":\"https:\\\/\\\/integramedikal.com\\\/magaza\\\/#website\",\"url\":\"https:\\\/\\\/integramedikal.com\\\/magaza\\\/\",\"name\":\"\u0130ntegra Medikal < | | >Ma\u011faza\",\"description\":\"Sa\u011fl\u0131kta Kalite | Sekt\u00f6rde 25. Y\u0131l\",\"publisher\":{\"@id\":\"https:\\\/\\\/integramedikal.com\\\/magaza\\\/#organization\"},\"potentialAction\":[{\"@type\":\"SearchAction\",\"target\":{\"@type\":\"EntryPoint\",\"urlTemplate\":\"https:\\\/\\\/integramedikal.com\\\/magaza\\\/?s={search_term_string}\"},\"query-input\":{\"@type\":\"PropertyValueSpecification\",\"valueRequired\":true,\"valueName\":\"search_term_string\"}}],\"inLanguage\":\"tr\"},{\"@type\":\"Organization\",\"@id\":\"https:\\\/\\\/integramedikal.com\\\/magaza\\\/#organization\",\"name\":\"\u0130ntegra Medikal < | | >Ma\u011faza\",\"url\":\"https:\\\/\\\/integramedikal.com\\\/magaza\\\/\",\"logo\":{\"@type\":\"ImageObject\",\"inLanguage\":\"tr\",\"@id\":\"https:\\\/\\\/integramedikal.com\\\/magaza\\\/#\\\/schema\\\/logo\\\/image\\\/\",\"url\":\"https:\\\/\\\/integramedikal.com\\\/magaza\\\/wp-content\\\/uploads\\\/2025\\\/06\\\/integra-logo-1.png\",\"contentUrl\":\"https:\\\/\\\/integramedikal.com\\\/magaza\\\/wp-content\\\/uploads\\\/2025\\\/06\\\/integra-logo-1.png\",\"width\":340,\"height\":156,\"caption\":\"\u0130ntegra Medikal < | | >Ma\u011faza\"},\"image\":{\"@id\":\"https:\\\/\\\/integramedikal.com\\\/magaza\\\/#\\\/schema\\\/logo\\\/image\\\/\"},\"sameAs\":[\"https:\\\/\\\/www.facebook.com\\\/integramedikal1\",\"https:\\\/\\\/x.com\\\/integramedikal\",\"https:\\\/\\\/www.instagram.com\\\/integramedikal\\\/\",\"https:\\\/\\\/www.youtube.com\\\/user\\\/integramedikal\"]}]}<\/script>\n<!-- \/ Yoast SEO plugin. -->","yoast_head_json":{"title":"G458C Pediatrik Tekerlekli Sandalye - \u0130ntegra Medikal | | Ma\u011faza","robots":{"index":"index","follow":"follow","max-snippet":"max-snippet:-1","max-image-preview":"max-image-preview:large","max-video-preview":"max-video-preview:-1"},"canonical":"https:\/\/integramedikal.com\/magaza\/urun\/g458c-pediatrik-tekerlekli-sandalye\/","og_locale":"tr_TR","og_type":"article","og_title":"G458C Pediatrik Tekerlekli Sandalye - \u0130ntegra Medikal | | Ma\u011faza","og_description":"\u00d6zel ihtiya\u00e7lar\u0131 olan \u00e7ocuklar i\u00e7in \u00f6zenle tasarlanm\u0131\u015f temel bir mobilite yard\u0131mc\u0131s\u0131 olan G458C Pediatrik Tekerlekli Sandalye ile tan\u0131\u015f\u0131n. Bu pediatrik tekerlekli sandalye, B2B al\u0131c\u0131lar\u0131n\u0131n ve engelliler i\u00e7in kaliteli ula\u015f\u0131m se\u00e7enekleri sunmaya kendini adam\u0131\u015f \u015firketlerin zorlu gereksinimlerini kar\u015f\u0131lamak \u00fczere uyarlanm\u0131\u015f, dayan\u0131kl\u0131l\u0131k ve kullan\u0131m kolayl\u0131\u011f\u0131n\u0131n bir kar\u0131\u015f\u0131m\u0131d\u0131r. G458C sadece bir \u00fcr\u00fcn de\u011fil, ayn\u0131 zamanda bir\u00e7ok \u00e7ocuk i\u00e7in [&hellip;]","og_url":"https:\/\/integramedikal.com\/magaza\/urun\/g458c-pediatrik-tekerlekli-sandalye\/","og_site_name":"\u0130ntegra Medikal | | Ma\u011faza","article_publisher":"https:\/\/www.facebook.com\/integramedikal1","article_modified_time":"2026-04-01T09:07:34+00:00","og_image":[{"width":900,"height":900,"url":"https:\/\/integramedikal.com\/magaza\/wp-content\/uploads\/2025\/06\/G458C.jpg","type":"image\/jpeg"}],"twitter_card":"summary_large_image","twitter_site":"@integramedikal","twitter_misc":{"Tahmini okuma s\u00fcresi":"3 dakika"},"schema":{"@context":"https:\/\/schema.org","@graph":[{"@type":"WebPage","@id":"https:\/\/integramedikal.com\/magaza\/urun\/g458c-pediatrik-tekerlekli-sandalye\/","url":"https:\/\/integramedikal.com\/magaza\/urun\/g458c-pediatrik-tekerlekli-sandalye\/","name":"G458C Pediatrik Tekerlekli Sandalye - \u0130ntegra Medikal | | Ma\u011faza","isPartOf":{"@id":"https:\/\/integramedikal.com\/magaza\/#website"},"primaryImageOfPage":{"@id":"https:\/\/integramedikal.com\/magaza\/urun\/g458c-pediatrik-tekerlekli-sandalye\/#primaryimage"},"image":{"@id":"https:\/\/integramedikal.com\/magaza\/urun\/g458c-pediatrik-tekerlekli-sandalye\/#primaryimage"},"thumbnailUrl":"https:\/\/integramedikal.com\/magaza\/wp-content\/uploads\/2025\/06\/G458C.jpg","datePublished":"2025-06-02T20:22:14+00:00","dateModified":"2026-04-01T09:07:34+00:00","breadcrumb":{"@id":"https:\/\/integramedikal.com\/magaza\/urun\/g458c-pediatrik-tekerlekli-sandalye\/#breadcrumb"},"inLanguage":"tr","potentialAction":[{"@type":"ReadAction","target":["https:\/\/integramedikal.com\/magaza\/urun\/g458c-pediatrik-tekerlekli-sandalye\/"]}]},{"@type":"ImageObject","inLanguage":"tr","@id":"https:\/\/integramedikal.com\/magaza\/urun\/g458c-pediatrik-tekerlekli-sandalye\/#primaryimage","url":"https:\/\/integramedikal.com\/magaza\/wp-content\/uploads\/2025\/06\/G458C.jpg","contentUrl":"https:\/\/integramedikal.com\/magaza\/wp-content\/uploads\/2025\/06\/G458C.jpg","width":900,"height":900},{"@type":"BreadcrumbList","@id":"https:\/\/integramedikal.com\/magaza\/urun\/g458c-pediatrik-tekerlekli-sandalye\/#breadcrumb","itemListElement":[{"@type":"ListItem","position":1,"name":"Anasayfa","item":"https:\/\/integramedikal.com\/magaza\/anasayfa\/"},{"@type":"ListItem","position":2,"name":"Shop","item":"https:\/\/integramedikal.com\/magaza\/shop\/"},{"@type":"ListItem","position":3,"name":"G458C Pediatrik Tekerlekli Sandalye"}]},{"@type":"WebSite","@id":"https:\/\/integramedikal.com\/magaza\/#website","url":"https:\/\/integramedikal.com\/magaza\/","name":"\u0130ntegra Medikal < | | >Ma\u011faza","description":"Sa\u011fl\u0131kta Kalite | Sekt\u00f6rde 25. Y\u0131l","publisher":{"@id":"https:\/\/integramedikal.com\/magaza\/#organization"},"potentialAction":[{"@type":"SearchAction","target":{"@type":"EntryPoint","urlTemplate":"https:\/\/integramedikal.com\/magaza\/?s={search_term_string}"},"query-input":{"@type":"PropertyValueSpecification","valueRequired":true,"valueName":"search_term_string"}}],"inLanguage":"tr"},{"@type":"Organization","@id":"https:\/\/integramedikal.com\/magaza\/#organization","name":"\u0130ntegra Medikal < | | >Ma\u011faza","url":"https:\/\/integramedikal.com\/magaza\/","logo":{"@type":"ImageObject","inLanguage":"tr","@id":"https:\/\/integramedikal.com\/magaza\/#\/schema\/logo\/image\/","url":"https:\/\/integramedikal.com\/magaza\/wp-content\/uploads\/2025\/06\/integra-logo-1.png","contentUrl":"https:\/\/integramedikal.com\/magaza\/wp-content\/uploads\/2025\/06\/integra-logo-1.png","width":340,"height":156,"caption":"\u0130ntegra Medikal < | | >Ma\u011faza"},"image":{"@id":"https:\/\/integramedikal.com\/magaza\/#\/schema\/logo\/image\/"},"sameAs":["https:\/\/www.facebook.com\/integramedikal1","https:\/\/x.com\/integramedikal","https:\/\/www.instagram.com\/integramedikal\/","https:\/\/www.youtube.com\/user\/integramedikal"]}]}},"_links":{"self":[{"href":"https:\/\/integramedikal.com\/magaza\/wp-json\/wp\/v2\/product\/1551","targetHints":{"allow":["GET"]}}],"collection":[{"href":"https:\/\/integramedikal.com\/magaza\/wp-json\/wp\/v2\/product"}],"about":[{"href":"https:\/\/integramedikal.com\/magaza\/wp-json\/wp\/v2\/types\/product"}],"replies":[{"embeddable":true,"href":"https:\/\/integramedikal.com\/magaza\/wp-json\/wp\/v2\/comments?post=1551"}],"wp:featuredmedia":[{"embeddable":true,"href":"https:\/\/integramedikal.com\/magaza\/wp-json\/wp\/v2\/media\/1571"}],"wp:attachment":[{"href":"https:\/\/integramedikal.com\/magaza\/wp-json\/wp\/v2\/media?parent=1551"}],"wp:term":[{"taxonomy":"product_brand","embeddable":true,"href":"https:\/\/integramedikal.com\/magaza\/wp-json\/wp\/v2\/product_brand?post=1551"},{"taxonomy":"product_cat","embeddable":true,"href":"https:\/\/integramedikal.com\/magaza\/wp-json\/wp\/v2\/product_cat?post=1551"},{"taxonomy":"product_tag","embeddable":true,"href":"https:\/\/integramedikal.com\/magaza\/wp-json\/wp\/v2\/product_tag?post=1551"}],"curies":[{"name":"wp","href":"https:\/\/api.w.org\/{rel}","templated":true}]}}