{"id":1467,"date":"2025-06-02T23:19:12","date_gmt":"2025-06-02T20:19:12","guid":{"rendered":"https:\/\/integramedikal.com\/magaza\/?post_type=product&#038;p=1467"},"modified":"2026-02-26T16:21:21","modified_gmt":"2026-02-26T13:21:21","slug":"s301-ayaga-kaldiran-akulu-tekerlekli-sandalye","status":"publish","type":"product","link":"https:\/\/integramedikal.com\/magaza\/urun\/s301-ayaga-kaldiran-akulu-tekerlekli-sandalye\/","title":{"rendered":"S301 Ayaga Kald\u0131ran Ak\u00fcl\u00fc Tekerlekli Sandalye"},"content":{"rendered":"<div>Hareket deste\u011fine ihtiya\u00e7 duyan bireyler i\u00e7in yenilik\u00e7i bir \u00f6zerklik \u00f6rne\u011fi olan S301 Aya\u011fa Kald\u0131ran Ak\u00fcl\u00fc Tekerlekli Sandalye ile tan\u0131\u015f\u0131n. Bu ak\u00fcl\u00fc tekerlekli sandalye, yaln\u0131zca geli\u015fmi\u015f m\u00fchendislik ve tasar\u0131m\u0131n bir kan\u0131t\u0131 de\u011fil, ayn\u0131 zamanda B2B pazar\u0131n\u0131n ve engelliler i\u00e7in mobilite \u00e7\u00f6z\u00fcmlerinde uzmanla\u015fm\u0131\u015f \u015firketlerin ihtiya\u00e7lar\u0131 g\u00f6z \u00f6n\u00fcnde bulundurularak haz\u0131rlanm\u0131\u015ft\u0131r. S301&#8217;in g\u00f6ze \u00e7arpan \u00f6zelliklerini ke\u015ffetmeden \u00f6nce, hareket halinde ba\u011f\u0131ms\u0131zl\u0131k ve sayg\u0131nl\u0131k arayan kullan\u0131c\u0131lar \u00fczerindeki olumlu etkisini kabul etmek gerekir.<\/div>\n<div><\/div>\n<div>Geli\u015fmi\u015f bir \u00f6zg\u00fcrl\u00fck hissi sunmak i\u00e7in \u00f6zel olarak tasarlanan S301, i\u015flevselli\u011fi ergonomik estetikle birle\u015ftirir. M\u00fc\u015fterilerini s\u0131n\u0131f\u0131n\u0131n en iyisi mobilite cihazlar\u0131yla desteklemek isteyen i\u015fletmeler ve kurulu\u015flar, S301 Aya\u011fa Kald\u0131ran Ak\u00fcl\u00fc Tekerlekli Sandalyeyi envanterlerine vazge\u00e7ilmez bir katk\u0131 olarak g\u00f6receklerdir. \u015eimdi, bu tekerlekli sandalyeyi kendi kategorisinde birinci s\u0131n\u0131f bir se\u00e7im haline getiren \u00f6zellikleri ve faydalar\u0131 inceleyelim.<\/div>\n<div><\/div>\n<div><b>Tavizsiz Kalite ve Dayan\u0131kl\u0131l\u0131k<\/b><\/div>\n<div><b><br \/><\/b><\/div>\n<div>S301&#8217;in g\u00fc\u00e7l\u00fc g\u00f6vde yap\u0131s\u0131 sadece sa\u011flaml\u0131kla ilgili de\u011fil, ayn\u0131 zamanda kullan\u0131c\u0131lar\u0131na kal\u0131c\u0131 bir yol arkada\u015f\u0131 sa\u011flamakla da ilgilidir. Dayan\u0131kl\u0131l\u0131\u011f\u0131 ile tan\u0131nan tekerlekli sandalyenin tasar\u0131m\u0131, g\u00fcvenlik ve g\u00fcvenilirlik sa\u011flarken \u00e7e\u015fitli kullan\u0131c\u0131 ihtiya\u00e7lar\u0131n\u0131 kar\u015f\u0131lar. 2 Y\u0131l Garanti ile donat\u0131lm\u0131\u015f bu aya\u011fa kald\u0131ran ak\u00fcl\u00fc tekerlekli sandalye, kalitesini ve kullan\u0131c\u0131 memnuniyetine olan ba\u011fl\u0131l\u0131\u011f\u0131n\u0131 garanti ederek, sa\u011fl\u0131k ve engellilik yard\u0131m sekt\u00f6r\u00fcndeki profesyoneller i\u00e7in \u00f6nerilen bir se\u00e7imdir.<\/div>\n<div><\/div>\n<div>Ekonomik ayak izi, birinci s\u0131n\u0131f aya\u011fa kald\u0131ran ak\u00fcl\u00fc tekerlekli sandalyelerden beklenen kaliteden \u00f6d\u00fcn vermeden i\u015fletmeler taraf\u0131ndan toplu al\u0131mlar i\u00e7in pragmatik bir se\u00e7im haline getiriyor. G\u00fc\u00e7, g\u00fcvenilirlik ve maliyet etkinli\u011finin ideal sentezi olan S301, \u015firketlerin m\u00fc\u015fterilerine en iyisini sunmalar\u0131n\u0131 sa\u011flar ve b\u00f6ylece bir kapsay\u0131c\u0131l\u0131k ve destek ortam\u0131 geli\u015ftirmeye olan ba\u011fl\u0131l\u0131klar\u0131n\u0131 yans\u0131t\u0131r.<\/div>\n<div><\/div>\n<div><b>Kullan\u0131c\u0131 Odakl\u0131 Tasar\u0131m ve Hizmet M\u00fckemmelli\u011fi<\/b><\/div>\n<div><b><br \/><\/b><\/div>\n<div>S301, kullan\u0131c\u0131y\u0131 \u00f6n plana \u00e7\u0131kararak anlat\u0131y\u0131 engellilikten g\u00fc\u00e7lendirmeye kayd\u0131r\u0131r. Al\u0131c\u0131lara, hareket kabiliyeti k\u0131s\u0131tl\u0131 bireylerin ya\u015fam tarzlar\u0131n\u0131 iyile\u015ftirme aray\u0131\u015flar\u0131nda yard\u0131mc\u0131 olur. Sekt\u00f6rde bir \u00f6nc\u00fc olan model, sezgisel kontrol\u00fc ve rahat deneyimi nedeniyle kullan\u0131c\u0131lardan \u00f6vg\u00fc toplad\u0131. Bu tekerlekli sandalye, kullan\u0131c\u0131 taraf\u0131ndan \u00f6nerilen \u00fcr\u00fcnlerin, g\u00fcven ve marka sadakatinin \u00fczerine in\u015fa edildi\u011fi s\u00fctunlar oldu\u011funu g\u00f6stermektedir.<\/div>\n<div><\/div>\n<div>Mobilite ihtiya\u00e7lar\u0131n\u0131n aciliyetini anlayan S301, h\u0131zl\u0131 sevkiyat\u0131 garanti ederek \u00fcr\u00fcn\u00fcn var\u0131\u015f noktas\u0131na derhal ula\u015fmas\u0131n\u0131 sa\u011flar, ar\u0131za s\u00fcresini en aza indirir ve m\u00fc\u015fteri memnuniyetini art\u0131r\u0131r. Zaman \u00e7ok \u00f6nemli oldu\u011funda, bu \u00fcr\u00fcn h\u0131zl\u0131 tempolu bir end\u00fcstrinin taleplerini kar\u015f\u0131lamak i\u00e7in ad\u0131m atar. Sipari\u015ften teslimata kadar, S301 Aya\u011fa Kald\u0131ran Ak\u00fcl\u00fc Tekerlekli Sandalyenin h\u0131z\u0131n\u0131 ve \u00e7evikli\u011fini yans\u0131tan verimlili\u011fe vurgu yap\u0131l\u0131r.<\/div>\n<div><\/div>\n<p><div  id=\"btn_klavuz\"  class='avia-button-wrap av-av_button-ffefe027cc2c079c5458ddb48552a1ed-wrap avia-button-left  avia-builder-el-0  el_before_av_button  avia-builder-el-first '><a href='https:\/\/www.integramedikal.com\/magaza\/upload\/kilavuz\/61-s301-ayaga-kaldiran-akulu-tekerlekli-sandalye.pdf'  class='avia-button av-av_button-ffefe027cc2c079c5458ddb48552a1ed av-link-btn avia-icon_select-yes-left-icon avia-size-medium avia-position-left avia-color-theme-color-highlight'  target=\"_blank\"  rel=\"noopener noreferrer\"  aria-label=\"Kullan\u0131m K\u0131lavuzu\"><span class='avia_button_icon avia_button_icon_left avia-svg-icon avia-font-svg_entypo-fontello' data-av_svg_icon='book-open' data-av_iconset='svg_entypo-fontello'><svg version=\"1.1\" xmlns=\"http:\/\/www.w3.org\/2000\/svg\" width=\"29\" height=\"32\" viewBox=\"0 0 29 32\" preserveAspectRatio=\"xMidYMid meet\" aria-labelledby='av-svg-title-1' aria-describedby='av-svg-desc-1' role=\"graphics-symbol\">\n<title id='av-svg-title-1'>Book-open<\/title>\n<desc id='av-svg-desc-1'>Book-open<\/desc>\n<path d=\"M10.88 19.584v2.176l-6.4-2.56v-2.176zM10.88 12.928v2.176l-6.4-2.56v-2.176zM28.096 1.856q0.704 0.384 0.704 1.344v20.48q0 1.088-1.024 1.472l-12.736 5.12q-0.256 0.064-0.32 0.064t-0.16 0.032-0.16 0.032-0.16-0.032-0.16-0.032l-0.32-0.064-12.736-5.12q-1.024-0.384-1.024-1.472v-20.48q0-0.96 0.704-1.344 0.704-0.512 1.472-0.192l12.224 4.928 12.224-4.928q0.768-0.32 1.472 0.192zM12.8 27.072v-17.92l-10.24-4.096v17.92zM26.24 22.976v-17.92l-10.24 4.096v17.92zM24.32 17.024v2.176l-6.4 2.56v-2.176zM24.32 10.368v2.176l-6.4 2.56v-2.176z\"><\/path>\n<\/svg><\/span><span class='avia_iconbox_title' >Kullan\u0131m K\u0131lavuzu<\/span><\/a><\/div> <div  id=\"btn_teknikbilgi\"  class='avia-button-wrap av-av_button-e069d87ec5d6298b9b6c476e2dc5aa4e-wrap avia-button-left  avia-builder-el-1  el_after_av_button  avia-builder-el-last '><a href='javascript:void(0);'  class='avia-button av-av_button-e069d87ec5d6298b9b6c476e2dc5aa4e av-link-btn avia-icon_select-yes-left-icon avia-size-medium avia-position-left avia-color-theme-color-highlight'   aria-label=\"Teknik Bilgi\"><span class='avia_button_icon avia_button_icon_left avia-svg-icon avia-font-svg_entypo-fontello' data-av_svg_icon='cog' data-av_iconset='svg_entypo-fontello'><svg version=\"1.1\" xmlns=\"http:\/\/www.w3.org\/2000\/svg\" width=\"27\" height=\"32\" viewBox=\"0 0 27 32\" preserveAspectRatio=\"xMidYMid meet\" aria-labelledby='av-svg-title-2' aria-describedby='av-svg-desc-2' role=\"graphics-symbol\">\n<title id='av-svg-title-2'>Cog<\/title>\n<desc id='av-svg-desc-2'>Cog<\/desc>\n<path d=\"M24.32 16q0 2.304 2.56 3.904-0.384 1.28-1.088 2.624-2.24-0.576-4.352 1.408-1.728 1.856-1.088 4.352-1.28 0.64-2.688 1.152-1.472-2.624-4.224-2.624t-4.224 2.624q-1.408-0.512-2.688-1.152 0.64-2.56-1.088-4.352-1.728-1.728-4.352-1.088-0.448-0.832-1.088-2.624 2.624-1.664 2.624-4.224 0-2.304-2.624-3.968 0.64-1.792 1.088-2.624 2.368 0.576 4.352-1.408 1.728-1.792 1.088-4.352 1.344-0.704 2.688-1.088 1.472 2.56 4.224 2.56t4.224-2.56q1.344 0.384 2.688 1.088-0.64 2.496 1.088 4.352 2.112 1.984 4.352 1.408 0.704 1.344 1.088 2.624-2.56 1.6-2.56 3.968zM13.44 21.824q2.432 0 4.128-1.696t1.696-4.128-1.696-4.16-4.128-1.728-4.128 1.728-1.696 4.16 1.696 4.128 4.128 1.696z\"><\/path>\n<\/svg><\/span><span class='avia_iconbox_title' >Teknik Bilgi<\/span><\/a><\/div><\/p>\n","protected":false},"excerpt":{"rendered":"<p>Hareket deste\u011fine ihtiya\u00e7 duyan bireyler i\u00e7in yenilik\u00e7i bir \u00f6zerklik \u00f6rne\u011fi olan S301 Aya\u011fa Kald\u0131ran Ak\u00fcl\u00fc Tekerlekli Sandalye ile tan\u0131\u015f\u0131n. Bu ak\u00fcl\u00fc tekerlekli sandalye, yaln\u0131zca geli\u015fmi\u015f m\u00fchendislik ve tasar\u0131m\u0131n bir kan\u0131t\u0131 de\u011fil, ayn\u0131 zamanda B2B pazar\u0131n\u0131n ve engelliler i\u00e7in mobilite \u00e7\u00f6z\u00fcmlerinde uzmanla\u015fm\u0131\u015f \u015firketlerin ihtiya\u00e7lar\u0131 g\u00f6z \u00f6n\u00fcnde bulundurularak haz\u0131rlanm\u0131\u015ft\u0131r. S301&#8217;in g\u00f6ze \u00e7arpan \u00f6zelliklerini ke\u015ffetmeden \u00f6nce, hareket halinde [&hellip;]<\/p>\n","protected":false},"featured_media":1509,"comment_status":"open","ping_status":"closed","template":"","meta":[],"product_brand":[],"product_cat":[302],"product_tag":[],"class_list":{"0":"post-1467","1":"product","2":"type-product","3":"status-publish","4":"has-post-thumbnail","6":"product_cat-akulu-tekerlekli-sandalye","8":"first","9":"outofstock","10":"sale","11":"taxable","12":"shipping-taxable","13":"purchasable","14":"product-type-simple"},"yoast_head":"<!-- This site is optimized with the Yoast SEO plugin v27.4 - https:\/\/yoast.com\/product\/yoast-seo-wordpress\/ -->\n<title>S301 Ayaga Kald\u0131ran Ak\u00fcl\u00fc Tekerlekli Sandalye - \u0130ntegra Medikal | | Ma\u011faza<\/title>\n<meta name=\"robots\" content=\"index, follow, max-snippet:-1, max-image-preview:large, max-video-preview:-1\" \/>\n<link rel=\"canonical\" href=\"https:\/\/integramedikal.com\/magaza\/urun\/s301-ayaga-kaldiran-akulu-tekerlekli-sandalye\/\" \/>\n<meta property=\"og:locale\" content=\"tr_TR\" \/>\n<meta property=\"og:type\" content=\"article\" \/>\n<meta property=\"og:title\" content=\"S301 Ayaga Kald\u0131ran Ak\u00fcl\u00fc Tekerlekli Sandalye - \u0130ntegra Medikal | | Ma\u011faza\" \/>\n<meta property=\"og:description\" content=\"Hareket deste\u011fine ihtiya\u00e7 duyan bireyler i\u00e7in yenilik\u00e7i bir \u00f6zerklik \u00f6rne\u011fi olan S301 Aya\u011fa Kald\u0131ran Ak\u00fcl\u00fc Tekerlekli Sandalye ile tan\u0131\u015f\u0131n. Bu ak\u00fcl\u00fc tekerlekli sandalye, yaln\u0131zca geli\u015fmi\u015f m\u00fchendislik ve tasar\u0131m\u0131n bir kan\u0131t\u0131 de\u011fil, ayn\u0131 zamanda B2B pazar\u0131n\u0131n ve engelliler i\u00e7in mobilite \u00e7\u00f6z\u00fcmlerinde uzmanla\u015fm\u0131\u015f \u015firketlerin ihtiya\u00e7lar\u0131 g\u00f6z \u00f6n\u00fcnde bulundurularak haz\u0131rlanm\u0131\u015ft\u0131r. S301&#8217;in g\u00f6ze \u00e7arpan \u00f6zelliklerini ke\u015ffetmeden \u00f6nce, hareket halinde [&hellip;]\" \/>\n<meta property=\"og:url\" content=\"https:\/\/integramedikal.com\/magaza\/urun\/s301-ayaga-kaldiran-akulu-tekerlekli-sandalye\/\" \/>\n<meta property=\"og:site_name\" content=\"\u0130ntegra Medikal | | Ma\u011faza\" \/>\n<meta property=\"article:publisher\" content=\"https:\/\/www.facebook.com\/integramedikal1\" \/>\n<meta property=\"article:modified_time\" content=\"2026-02-26T13:21:21+00:00\" \/>\n<meta property=\"og:image\" content=\"https:\/\/integramedikal.com\/magaza\/wp-content\/uploads\/2025\/06\/9465.png\" \/>\n\t<meta property=\"og:image:width\" content=\"900\" \/>\n\t<meta property=\"og:image:height\" content=\"900\" \/>\n\t<meta property=\"og:image:type\" content=\"image\/png\" \/>\n<meta name=\"twitter:card\" content=\"summary_large_image\" \/>\n<meta name=\"twitter:site\" content=\"@integramedikal\" \/>\n<meta name=\"twitter:label1\" content=\"Tahmini okuma s\u00fcresi\" \/>\n\t<meta name=\"twitter:data1\" content=\"3 dakika\" \/>\n<script type=\"application\/ld+json\" class=\"yoast-schema-graph\">{\"@context\":\"https:\\\/\\\/schema.org\",\"@graph\":[{\"@type\":\"WebPage\",\"@id\":\"https:\\\/\\\/integramedikal.com\\\/magaza\\\/urun\\\/s301-ayaga-kaldiran-akulu-tekerlekli-sandalye\\\/\",\"url\":\"https:\\\/\\\/integramedikal.com\\\/magaza\\\/urun\\\/s301-ayaga-kaldiran-akulu-tekerlekli-sandalye\\\/\",\"name\":\"S301 Ayaga Kald\u0131ran Ak\u00fcl\u00fc Tekerlekli Sandalye - \u0130ntegra Medikal | | Ma\u011faza\",\"isPartOf\":{\"@id\":\"https:\\\/\\\/integramedikal.com\\\/magaza\\\/#website\"},\"primaryImageOfPage\":{\"@id\":\"https:\\\/\\\/integramedikal.com\\\/magaza\\\/urun\\\/s301-ayaga-kaldiran-akulu-tekerlekli-sandalye\\\/#primaryimage\"},\"image\":{\"@id\":\"https:\\\/\\\/integramedikal.com\\\/magaza\\\/urun\\\/s301-ayaga-kaldiran-akulu-tekerlekli-sandalye\\\/#primaryimage\"},\"thumbnailUrl\":\"https:\\\/\\\/integramedikal.com\\\/magaza\\\/wp-content\\\/uploads\\\/2025\\\/06\\\/9465.png\",\"datePublished\":\"2025-06-02T20:19:12+00:00\",\"dateModified\":\"2026-02-26T13:21:21+00:00\",\"breadcrumb\":{\"@id\":\"https:\\\/\\\/integramedikal.com\\\/magaza\\\/urun\\\/s301-ayaga-kaldiran-akulu-tekerlekli-sandalye\\\/#breadcrumb\"},\"inLanguage\":\"tr\",\"potentialAction\":[{\"@type\":\"ReadAction\",\"target\":[\"https:\\\/\\\/integramedikal.com\\\/magaza\\\/urun\\\/s301-ayaga-kaldiran-akulu-tekerlekli-sandalye\\\/\"]}]},{\"@type\":\"ImageObject\",\"inLanguage\":\"tr\",\"@id\":\"https:\\\/\\\/integramedikal.com\\\/magaza\\\/urun\\\/s301-ayaga-kaldiran-akulu-tekerlekli-sandalye\\\/#primaryimage\",\"url\":\"https:\\\/\\\/integramedikal.com\\\/magaza\\\/wp-content\\\/uploads\\\/2025\\\/06\\\/9465.png\",\"contentUrl\":\"https:\\\/\\\/integramedikal.com\\\/magaza\\\/wp-content\\\/uploads\\\/2025\\\/06\\\/9465.png\",\"width\":900,\"height\":900},{\"@type\":\"BreadcrumbList\",\"@id\":\"https:\\\/\\\/integramedikal.com\\\/magaza\\\/urun\\\/s301-ayaga-kaldiran-akulu-tekerlekli-sandalye\\\/#breadcrumb\",\"itemListElement\":[{\"@type\":\"ListItem\",\"position\":1,\"name\":\"Anasayfa\",\"item\":\"https:\\\/\\\/integramedikal.com\\\/magaza\\\/anasayfa\\\/\"},{\"@type\":\"ListItem\",\"position\":2,\"name\":\"Shop\",\"item\":\"https:\\\/\\\/integramedikal.com\\\/magaza\\\/shop\\\/\"},{\"@type\":\"ListItem\",\"position\":3,\"name\":\"S301 Ayaga Kald\u0131ran Ak\u00fcl\u00fc Tekerlekli Sandalye\"}]},{\"@type\":\"WebSite\",\"@id\":\"https:\\\/\\\/integramedikal.com\\\/magaza\\\/#website\",\"url\":\"https:\\\/\\\/integramedikal.com\\\/magaza\\\/\",\"name\":\"\u0130ntegra Medikal < | | >Ma\u011faza\",\"description\":\"Sa\u011fl\u0131kta Kalite | Sekt\u00f6rde 25. Y\u0131l\",\"publisher\":{\"@id\":\"https:\\\/\\\/integramedikal.com\\\/magaza\\\/#organization\"},\"potentialAction\":[{\"@type\":\"SearchAction\",\"target\":{\"@type\":\"EntryPoint\",\"urlTemplate\":\"https:\\\/\\\/integramedikal.com\\\/magaza\\\/?s={search_term_string}\"},\"query-input\":{\"@type\":\"PropertyValueSpecification\",\"valueRequired\":true,\"valueName\":\"search_term_string\"}}],\"inLanguage\":\"tr\"},{\"@type\":\"Organization\",\"@id\":\"https:\\\/\\\/integramedikal.com\\\/magaza\\\/#organization\",\"name\":\"\u0130ntegra Medikal < | | >Ma\u011faza\",\"url\":\"https:\\\/\\\/integramedikal.com\\\/magaza\\\/\",\"logo\":{\"@type\":\"ImageObject\",\"inLanguage\":\"tr\",\"@id\":\"https:\\\/\\\/integramedikal.com\\\/magaza\\\/#\\\/schema\\\/logo\\\/image\\\/\",\"url\":\"https:\\\/\\\/integramedikal.com\\\/magaza\\\/wp-content\\\/uploads\\\/2025\\\/06\\\/integra-logo-1.png\",\"contentUrl\":\"https:\\\/\\\/integramedikal.com\\\/magaza\\\/wp-content\\\/uploads\\\/2025\\\/06\\\/integra-logo-1.png\",\"width\":340,\"height\":156,\"caption\":\"\u0130ntegra Medikal < | | >Ma\u011faza\"},\"image\":{\"@id\":\"https:\\\/\\\/integramedikal.com\\\/magaza\\\/#\\\/schema\\\/logo\\\/image\\\/\"},\"sameAs\":[\"https:\\\/\\\/www.facebook.com\\\/integramedikal1\",\"https:\\\/\\\/x.com\\\/integramedikal\",\"https:\\\/\\\/www.instagram.com\\\/integramedikal\\\/\",\"https:\\\/\\\/www.youtube.com\\\/user\\\/integramedikal\"]}]}<\/script>\n<!-- \/ Yoast SEO plugin. -->","yoast_head_json":{"title":"S301 Ayaga Kald\u0131ran Ak\u00fcl\u00fc Tekerlekli Sandalye - \u0130ntegra Medikal | | Ma\u011faza","robots":{"index":"index","follow":"follow","max-snippet":"max-snippet:-1","max-image-preview":"max-image-preview:large","max-video-preview":"max-video-preview:-1"},"canonical":"https:\/\/integramedikal.com\/magaza\/urun\/s301-ayaga-kaldiran-akulu-tekerlekli-sandalye\/","og_locale":"tr_TR","og_type":"article","og_title":"S301 Ayaga Kald\u0131ran Ak\u00fcl\u00fc Tekerlekli Sandalye - \u0130ntegra Medikal | | Ma\u011faza","og_description":"Hareket deste\u011fine ihtiya\u00e7 duyan bireyler i\u00e7in yenilik\u00e7i bir \u00f6zerklik \u00f6rne\u011fi olan S301 Aya\u011fa Kald\u0131ran Ak\u00fcl\u00fc Tekerlekli Sandalye ile tan\u0131\u015f\u0131n. Bu ak\u00fcl\u00fc tekerlekli sandalye, yaln\u0131zca geli\u015fmi\u015f m\u00fchendislik ve tasar\u0131m\u0131n bir kan\u0131t\u0131 de\u011fil, ayn\u0131 zamanda B2B pazar\u0131n\u0131n ve engelliler i\u00e7in mobilite \u00e7\u00f6z\u00fcmlerinde uzmanla\u015fm\u0131\u015f \u015firketlerin ihtiya\u00e7lar\u0131 g\u00f6z \u00f6n\u00fcnde bulundurularak haz\u0131rlanm\u0131\u015ft\u0131r. S301&#8217;in g\u00f6ze \u00e7arpan \u00f6zelliklerini ke\u015ffetmeden \u00f6nce, hareket halinde [&hellip;]","og_url":"https:\/\/integramedikal.com\/magaza\/urun\/s301-ayaga-kaldiran-akulu-tekerlekli-sandalye\/","og_site_name":"\u0130ntegra Medikal | | Ma\u011faza","article_publisher":"https:\/\/www.facebook.com\/integramedikal1","article_modified_time":"2026-02-26T13:21:21+00:00","og_image":[{"width":900,"height":900,"url":"https:\/\/integramedikal.com\/magaza\/wp-content\/uploads\/2025\/06\/9465.png","type":"image\/png"}],"twitter_card":"summary_large_image","twitter_site":"@integramedikal","twitter_misc":{"Tahmini okuma s\u00fcresi":"3 dakika"},"schema":{"@context":"https:\/\/schema.org","@graph":[{"@type":"WebPage","@id":"https:\/\/integramedikal.com\/magaza\/urun\/s301-ayaga-kaldiran-akulu-tekerlekli-sandalye\/","url":"https:\/\/integramedikal.com\/magaza\/urun\/s301-ayaga-kaldiran-akulu-tekerlekli-sandalye\/","name":"S301 Ayaga Kald\u0131ran Ak\u00fcl\u00fc Tekerlekli Sandalye - \u0130ntegra Medikal | | Ma\u011faza","isPartOf":{"@id":"https:\/\/integramedikal.com\/magaza\/#website"},"primaryImageOfPage":{"@id":"https:\/\/integramedikal.com\/magaza\/urun\/s301-ayaga-kaldiran-akulu-tekerlekli-sandalye\/#primaryimage"},"image":{"@id":"https:\/\/integramedikal.com\/magaza\/urun\/s301-ayaga-kaldiran-akulu-tekerlekli-sandalye\/#primaryimage"},"thumbnailUrl":"https:\/\/integramedikal.com\/magaza\/wp-content\/uploads\/2025\/06\/9465.png","datePublished":"2025-06-02T20:19:12+00:00","dateModified":"2026-02-26T13:21:21+00:00","breadcrumb":{"@id":"https:\/\/integramedikal.com\/magaza\/urun\/s301-ayaga-kaldiran-akulu-tekerlekli-sandalye\/#breadcrumb"},"inLanguage":"tr","potentialAction":[{"@type":"ReadAction","target":["https:\/\/integramedikal.com\/magaza\/urun\/s301-ayaga-kaldiran-akulu-tekerlekli-sandalye\/"]}]},{"@type":"ImageObject","inLanguage":"tr","@id":"https:\/\/integramedikal.com\/magaza\/urun\/s301-ayaga-kaldiran-akulu-tekerlekli-sandalye\/#primaryimage","url":"https:\/\/integramedikal.com\/magaza\/wp-content\/uploads\/2025\/06\/9465.png","contentUrl":"https:\/\/integramedikal.com\/magaza\/wp-content\/uploads\/2025\/06\/9465.png","width":900,"height":900},{"@type":"BreadcrumbList","@id":"https:\/\/integramedikal.com\/magaza\/urun\/s301-ayaga-kaldiran-akulu-tekerlekli-sandalye\/#breadcrumb","itemListElement":[{"@type":"ListItem","position":1,"name":"Anasayfa","item":"https:\/\/integramedikal.com\/magaza\/anasayfa\/"},{"@type":"ListItem","position":2,"name":"Shop","item":"https:\/\/integramedikal.com\/magaza\/shop\/"},{"@type":"ListItem","position":3,"name":"S301 Ayaga Kald\u0131ran Ak\u00fcl\u00fc Tekerlekli Sandalye"}]},{"@type":"WebSite","@id":"https:\/\/integramedikal.com\/magaza\/#website","url":"https:\/\/integramedikal.com\/magaza\/","name":"\u0130ntegra Medikal < | | >Ma\u011faza","description":"Sa\u011fl\u0131kta Kalite | Sekt\u00f6rde 25. Y\u0131l","publisher":{"@id":"https:\/\/integramedikal.com\/magaza\/#organization"},"potentialAction":[{"@type":"SearchAction","target":{"@type":"EntryPoint","urlTemplate":"https:\/\/integramedikal.com\/magaza\/?s={search_term_string}"},"query-input":{"@type":"PropertyValueSpecification","valueRequired":true,"valueName":"search_term_string"}}],"inLanguage":"tr"},{"@type":"Organization","@id":"https:\/\/integramedikal.com\/magaza\/#organization","name":"\u0130ntegra Medikal < | | >Ma\u011faza","url":"https:\/\/integramedikal.com\/magaza\/","logo":{"@type":"ImageObject","inLanguage":"tr","@id":"https:\/\/integramedikal.com\/magaza\/#\/schema\/logo\/image\/","url":"https:\/\/integramedikal.com\/magaza\/wp-content\/uploads\/2025\/06\/integra-logo-1.png","contentUrl":"https:\/\/integramedikal.com\/magaza\/wp-content\/uploads\/2025\/06\/integra-logo-1.png","width":340,"height":156,"caption":"\u0130ntegra Medikal < | | >Ma\u011faza"},"image":{"@id":"https:\/\/integramedikal.com\/magaza\/#\/schema\/logo\/image\/"},"sameAs":["https:\/\/www.facebook.com\/integramedikal1","https:\/\/x.com\/integramedikal","https:\/\/www.instagram.com\/integramedikal\/","https:\/\/www.youtube.com\/user\/integramedikal"]}]}},"_links":{"self":[{"href":"https:\/\/integramedikal.com\/magaza\/wp-json\/wp\/v2\/product\/1467","targetHints":{"allow":["GET"]}}],"collection":[{"href":"https:\/\/integramedikal.com\/magaza\/wp-json\/wp\/v2\/product"}],"about":[{"href":"https:\/\/integramedikal.com\/magaza\/wp-json\/wp\/v2\/types\/product"}],"replies":[{"embeddable":true,"href":"https:\/\/integramedikal.com\/magaza\/wp-json\/wp\/v2\/comments?post=1467"}],"wp:featuredmedia":[{"embeddable":true,"href":"https:\/\/integramedikal.com\/magaza\/wp-json\/wp\/v2\/media\/1509"}],"wp:attachment":[{"href":"https:\/\/integramedikal.com\/magaza\/wp-json\/wp\/v2\/media?parent=1467"}],"wp:term":[{"taxonomy":"product_brand","embeddable":true,"href":"https:\/\/integramedikal.com\/magaza\/wp-json\/wp\/v2\/product_brand?post=1467"},{"taxonomy":"product_cat","embeddable":true,"href":"https:\/\/integramedikal.com\/magaza\/wp-json\/wp\/v2\/product_cat?post=1467"},{"taxonomy":"product_tag","embeddable":true,"href":"https:\/\/integramedikal.com\/magaza\/wp-json\/wp\/v2\/product_tag?post=1467"}],"curies":[{"name":"wp","href":"https:\/\/api.w.org\/{rel}","templated":true}]}}