{"id":1466,"date":"2025-06-02T23:19:12","date_gmt":"2025-06-02T20:19:12","guid":{"rendered":"https:\/\/integramedikal.com\/magaza\/?post_type=product&#038;p=1466"},"modified":"2026-04-06T15:51:58","modified_gmt":"2026-04-06T12:51:58","slug":"s220-standart-akulu-tekerlekli-sandalye","status":"publish","type":"product","link":"https:\/\/integramedikal.com\/magaza\/urun\/s220-standart-akulu-tekerlekli-sandalye\/","title":{"rendered":"S220 Standart Ak\u00fcl\u00fc Tekerlekli Sandalye"},"content":{"rendered":"<div>S220 Standart Ak\u00fcl\u00fc Tekerlekli Sandalye, B2B pazar\u0131 i\u00e7in tasarlanm\u0131\u015f, \u00f6zellikle engelliler i\u00e7in mobilite yard\u0131mc\u0131lar\u0131 konusunda uzmanla\u015fm\u0131\u015f \u015firketlerin ihtiya\u00e7lar\u0131n\u0131 kar\u015f\u0131layan g\u00fcvenilir ve ekonomik bir \u00e7\u00f6z\u00fcm\u00fc temsil eder. Bu ak\u00fcl\u00fc tekerlekli sandalye, g\u00fc\u00e7l\u00fc bir g\u00f6vde yap\u0131s\u0131n\u0131 kullan\u0131c\u0131 dostu \u00f6zelliklerle birle\u015ftirerek hem y\u00fcksek kalite hem de i\u015flevsellik a\u00e7\u0131s\u0131ndan y\u00fcksek bir \u00fcr\u00fcn\u00fc yans\u0131t\u0131yor. Bu sekt\u00f6rde faaliyet g\u00f6steren i\u015fletmelerin benzersiz gereksinimlerini anlayan S220, dayan\u0131kl\u0131l\u0131k ve uygun maliyetin \u00e7ekici bir kar\u0131\u015f\u0131m\u0131n\u0131 sunar.<\/div>\n<div><\/div>\n<div>Bu son teknoloji mobilite yard\u0131m\u0131 sadece kullan\u0131c\u0131lar\u0131 taraf\u0131ndan tavsiye edilmekle kalmaz, ayn\u0131 zamanda 2 y\u0131ll\u0131k bir garanti ile desteklenir ve hem tedarik\u00e7i hem de t\u00fcketici i\u00e7in g\u00f6n\u00fcl rahatl\u0131\u011f\u0131 sa\u011flar. Ak\u00fcl\u00fc tekerlekli sandalye olarak, performanstan \u00f6d\u00fcn vermeden kullan\u0131m kolayl\u0131\u011f\u0131n\u0131 vurgular ve envanteriniz i\u00e7in ideal bir se\u00e7imdir. Ekonomik fiyat noktas\u0131, rekabet\u00e7i pazardaki \u00e7ekicili\u011fini daha da art\u0131rarak, m\u00fc\u015fterilerinize b\u00fcy\u00fck bir yat\u0131r\u0131m yapmadan de\u011fer sunman\u0131za olanak tan\u0131r.<\/div>\n<div><\/div>\n<div><b>Sa\u011flam Tasar\u0131m Kullan\u0131c\u0131 Memnuniyetiyle Bulu\u015fuyor<\/b><\/div>\n<div><\/div>\n<div>S220 Standart Ak\u00fcl\u00fc Tekerlekli Sandalyeye yat\u0131r\u0131m yapmak, m\u00fc\u015fterilerinize uzun s\u00fcre dayanacak \u015fekilde \u00fcretilmi\u015f bir \u00fcr\u00fcn sunmak anlam\u0131na gelir. G\u00fc\u00e7l\u00fc v\u00fccut yap\u0131s\u0131, uygulad\u0131\u011f\u0131 titiz standartlar\u0131n bir kan\u0131t\u0131d\u0131r. Tekerlekli sandalye kullan\u0131c\u0131lar\u0131n\u0131n kar\u015f\u0131la\u015ft\u0131\u011f\u0131 g\u00fcnl\u00fck zorluklara dayanacak \u015fekilde tasarlanan S220, al\u0131c\u0131lar\u0131n g\u00fcvenebilece\u011fi g\u00fcvenilir bir \u00e7\u00f6z\u00fcm sunar. Ayr\u0131ca, bu ak\u00fcl\u00fc tekerlekli sandalye, kullan\u0131c\u0131 taban\u0131ndan olumlu geri bildirimler ald\u0131, bu da performans\u0131n\u0131n ve son kullan\u0131c\u0131ya getirdi\u011fi memnuniyetin bir kan\u0131t\u0131.<\/div>\n<div><\/div>\n<div>\u00dcr\u00fcn yelpazeniz i\u00e7in S220&#8217;yi se\u00e7erek, yaln\u0131zca sa\u011flaml\u0131\u011f\u0131yla bilinen bir tekerlekli sandalye de\u011fil, ayn\u0131 zamanda kullan\u0131c\u0131 memnuniyeti i\u00e7in de \u00f6ne \u00e7\u0131kan bir tekerlekli sandalye elde edersiniz. Bu t\u00fcr onaylar, kaliteli \u00fcr\u00fcnler sunma konusundaki itibar\u0131n\u0131 korumay\u0131 ama\u00e7layan i\u015fletmeler i\u00e7in paha bi\u00e7ilmezdir ve S220 ile tam olarak bunu elde edersiniz. Tasar\u0131m\u0131, hareketlilik ve ba\u011f\u0131ms\u0131zl\u0131k i\u00e7in tekerlekli sandalyeye g\u00fcvenenlerin ihtiya\u00e7 ve tercihlerini kar\u015f\u0131lamak i\u00e7in dikkatlice d\u00fc\u015f\u00fcn\u00fclm\u00fc\u015ft\u00fcr.<\/div>\n<div><\/div>\n<div><b>S220&#8217;nin Katma De\u011ferli Avantajlar\u0131<\/b><\/div>\n<div><b><br \/><\/b><\/div>\n<div>S220 Standart Ak\u00fcl\u00fc Tekerlekli Sandalye, kaliteden \u00f6d\u00fcn vermeden ekonomik \u00fcr\u00fcnler sunmak isteyen i\u015fletmeler i\u00e7in m\u00fckemmel bir se\u00e7imdir. Rekabet\u00e7i fiyatland\u0131rma stratejisi, m\u00fc\u015fterilerinize eri\u015filebilir bir mobilite \u00e7\u00f6z\u00fcm\u00fc sunabilmenizi sa\u011flar. Ayr\u0131ca, tekerlekli sandalyenin h\u0131zl\u0131 sevkiyat taahh\u00fcd\u00fc, m\u00fc\u015fterilerinizin taleplerini verimli bir \u015fekilde kar\u015f\u0131laman\u0131za olanak tan\u0131yan h\u0131zl\u0131 hizmet taahh\u00fcd\u00fcn\u00fcn alt\u0131n\u0131 \u00e7izer. H\u0131zl\u0131 teslimat, kolayl\u0131ktan daha fazlas\u0131d\u0131r; Bu, m\u00fc\u015fterilerinizin ya\u015famlar\u0131nda hareketlili\u011fin \u00f6nemine sayg\u0131 duymakla ilgilidir.<\/div>\n<div><\/div>\n<div>S220 ile sadece ak\u00fcl\u00fc tekerlekli sandalyeye de\u011fil, ayn\u0131 zamanda m\u00fc\u015fterilerinizin memnuniyetine ve g\u00fcvenine de yat\u0131r\u0131m yapm\u0131\u015f olursunuz. G\u00fc\u00e7l\u00fc bir garanti, dayan\u0131kl\u0131 bir yap\u0131, kullan\u0131c\u0131 onay\u0131 ve ekonomik de\u011ferin birle\u015fimi, S220&#8217;yi engelliler i\u00e7in tasarlanm\u0131\u015f ara\u00e7 yelpazesinde \u00f6ne \u00e7\u0131kan bir \u00fcr\u00fcn olarak konumland\u0131r\u0131yor. Do\u011frudan hedef kitlenizin ihtiya\u00e7lar\u0131na hitap eder ve pille \u00e7al\u0131\u015fan mobilite yard\u0131mc\u0131lar\u0131 alan\u0131nda pratik ve d\u00fc\u015f\u00fcnceli bir \u00e7\u00f6z\u00fcm sunar.<\/div>\n<div><\/div>\n<p><div  id=\"btn_klavuz\"  class='avia-button-wrap av-av_button-8405f3ff6315660ce1adc13766c8506c-wrap avia-button-left  avia-builder-el-0  el_before_av_button  avia-builder-el-first '><a href='https:\/\/www.integramedikal.com\/magaza\/upload\/kilavuz\/60-s220-standart-akulu-tekerlekli-sandalye.pdf'  class='avia-button av-av_button-8405f3ff6315660ce1adc13766c8506c av-link-btn avia-icon_select-yes-left-icon avia-size-medium avia-position-left avia-color-theme-color-highlight'  target=\"_blank\"  rel=\"noopener noreferrer\"  aria-label=\"Kullan\u0131m K\u0131lavuzu\"><span class='avia_button_icon avia_button_icon_left avia-svg-icon avia-font-svg_entypo-fontello' data-av_svg_icon='book-open' data-av_iconset='svg_entypo-fontello'><svg version=\"1.1\" xmlns=\"http:\/\/www.w3.org\/2000\/svg\" width=\"29\" height=\"32\" viewBox=\"0 0 29 32\" preserveAspectRatio=\"xMidYMid meet\" aria-labelledby='av-svg-title-1' aria-describedby='av-svg-desc-1' role=\"graphics-symbol\">\n<title id='av-svg-title-1'>Book-open<\/title>\n<desc id='av-svg-desc-1'>Book-open<\/desc>\n<path d=\"M10.88 19.584v2.176l-6.4-2.56v-2.176zM10.88 12.928v2.176l-6.4-2.56v-2.176zM28.096 1.856q0.704 0.384 0.704 1.344v20.48q0 1.088-1.024 1.472l-12.736 5.12q-0.256 0.064-0.32 0.064t-0.16 0.032-0.16 0.032-0.16-0.032-0.16-0.032l-0.32-0.064-12.736-5.12q-1.024-0.384-1.024-1.472v-20.48q0-0.96 0.704-1.344 0.704-0.512 1.472-0.192l12.224 4.928 12.224-4.928q0.768-0.32 1.472 0.192zM12.8 27.072v-17.92l-10.24-4.096v17.92zM26.24 22.976v-17.92l-10.24 4.096v17.92zM24.32 17.024v2.176l-6.4 2.56v-2.176zM24.32 10.368v2.176l-6.4 2.56v-2.176z\"><\/path>\n<\/svg><\/span><span class='avia_iconbox_title' >Kullan\u0131m K\u0131lavuzu<\/span><\/a><\/div> <div  id=\"btn_teknikbilgi\"  class='avia-button-wrap av-av_button-e069d87ec5d6298b9b6c476e2dc5aa4e-wrap avia-button-left  avia-builder-el-1  el_after_av_button  avia-builder-el-last '><a href='javascript:void(0);'  class='avia-button av-av_button-e069d87ec5d6298b9b6c476e2dc5aa4e av-link-btn avia-icon_select-yes-left-icon avia-size-medium avia-position-left avia-color-theme-color-highlight'   aria-label=\"Teknik Bilgi\"><span class='avia_button_icon avia_button_icon_left avia-svg-icon avia-font-svg_entypo-fontello' data-av_svg_icon='cog' data-av_iconset='svg_entypo-fontello'><svg version=\"1.1\" xmlns=\"http:\/\/www.w3.org\/2000\/svg\" width=\"27\" height=\"32\" viewBox=\"0 0 27 32\" preserveAspectRatio=\"xMidYMid meet\" aria-labelledby='av-svg-title-2' aria-describedby='av-svg-desc-2' role=\"graphics-symbol\">\n<title id='av-svg-title-2'>Cog<\/title>\n<desc id='av-svg-desc-2'>Cog<\/desc>\n<path d=\"M24.32 16q0 2.304 2.56 3.904-0.384 1.28-1.088 2.624-2.24-0.576-4.352 1.408-1.728 1.856-1.088 4.352-1.28 0.64-2.688 1.152-1.472-2.624-4.224-2.624t-4.224 2.624q-1.408-0.512-2.688-1.152 0.64-2.56-1.088-4.352-1.728-1.728-4.352-1.088-0.448-0.832-1.088-2.624 2.624-1.664 2.624-4.224 0-2.304-2.624-3.968 0.64-1.792 1.088-2.624 2.368 0.576 4.352-1.408 1.728-1.792 1.088-4.352 1.344-0.704 2.688-1.088 1.472 2.56 4.224 2.56t4.224-2.56q1.344 0.384 2.688 1.088-0.64 2.496 1.088 4.352 2.112 1.984 4.352 1.408 0.704 1.344 1.088 2.624-2.56 1.6-2.56 3.968zM13.44 21.824q2.432 0 4.128-1.696t1.696-4.128-1.696-4.16-4.128-1.728-4.128 1.728-1.696 4.16 1.696 4.128 4.128 1.696z\"><\/path>\n<\/svg><\/span><span class='avia_iconbox_title' >Teknik Bilgi<\/span><\/a><\/div><\/p>\n","protected":false},"excerpt":{"rendered":"<p>S220 Standart Ak\u00fcl\u00fc Tekerlekli Sandalye, B2B pazar\u0131 i\u00e7in tasarlanm\u0131\u015f, \u00f6zellikle engelliler i\u00e7in mobilite yard\u0131mc\u0131lar\u0131 konusunda uzmanla\u015fm\u0131\u015f \u015firketlerin ihtiya\u00e7lar\u0131n\u0131 kar\u015f\u0131layan g\u00fcvenilir ve ekonomik bir \u00e7\u00f6z\u00fcm\u00fc temsil eder. Bu ak\u00fcl\u00fc tekerlekli sandalye, g\u00fc\u00e7l\u00fc bir g\u00f6vde yap\u0131s\u0131n\u0131 kullan\u0131c\u0131 dostu \u00f6zelliklerle birle\u015ftirerek hem y\u00fcksek kalite hem de i\u015flevsellik a\u00e7\u0131s\u0131ndan y\u00fcksek bir \u00fcr\u00fcn\u00fc yans\u0131t\u0131yor. Bu sekt\u00f6rde faaliyet g\u00f6steren i\u015fletmelerin benzersiz [&hellip;]<\/p>\n","protected":false},"featured_media":1502,"comment_status":"open","ping_status":"closed","template":"","meta":[],"product_brand":[],"product_cat":[302],"product_tag":[],"class_list":{"0":"post-1466","1":"product","2":"type-product","3":"status-publish","4":"has-post-thumbnail","6":"product_cat-akulu-tekerlekli-sandalye","8":"first","9":"outofstock","10":"sale","11":"taxable","12":"shipping-taxable","13":"purchasable","14":"product-type-simple"},"yoast_head":"<!-- This site is optimized with the Yoast SEO plugin v27.4 - https:\/\/yoast.com\/product\/yoast-seo-wordpress\/ -->\n<title>S220 Standart Ak\u00fcl\u00fc Tekerlekli Sandalye - \u0130ntegra Medikal | | Ma\u011faza<\/title>\n<meta name=\"robots\" content=\"index, follow, max-snippet:-1, max-image-preview:large, max-video-preview:-1\" \/>\n<link rel=\"canonical\" href=\"https:\/\/integramedikal.com\/magaza\/urun\/s220-standart-akulu-tekerlekli-sandalye\/\" \/>\n<meta property=\"og:locale\" content=\"tr_TR\" \/>\n<meta property=\"og:type\" content=\"article\" \/>\n<meta property=\"og:title\" content=\"S220 Standart Ak\u00fcl\u00fc Tekerlekli Sandalye - \u0130ntegra Medikal | | Ma\u011faza\" \/>\n<meta property=\"og:description\" content=\"S220 Standart Ak\u00fcl\u00fc Tekerlekli Sandalye, B2B pazar\u0131 i\u00e7in tasarlanm\u0131\u015f, \u00f6zellikle engelliler i\u00e7in mobilite yard\u0131mc\u0131lar\u0131 konusunda uzmanla\u015fm\u0131\u015f \u015firketlerin ihtiya\u00e7lar\u0131n\u0131 kar\u015f\u0131layan g\u00fcvenilir ve ekonomik bir \u00e7\u00f6z\u00fcm\u00fc temsil eder. Bu ak\u00fcl\u00fc tekerlekli sandalye, g\u00fc\u00e7l\u00fc bir g\u00f6vde yap\u0131s\u0131n\u0131 kullan\u0131c\u0131 dostu \u00f6zelliklerle birle\u015ftirerek hem y\u00fcksek kalite hem de i\u015flevsellik a\u00e7\u0131s\u0131ndan y\u00fcksek bir \u00fcr\u00fcn\u00fc yans\u0131t\u0131yor. Bu sekt\u00f6rde faaliyet g\u00f6steren i\u015fletmelerin benzersiz [&hellip;]\" \/>\n<meta property=\"og:url\" content=\"https:\/\/integramedikal.com\/magaza\/urun\/s220-standart-akulu-tekerlekli-sandalye\/\" \/>\n<meta property=\"og:site_name\" content=\"\u0130ntegra Medikal | | Ma\u011faza\" \/>\n<meta property=\"article:publisher\" content=\"https:\/\/www.facebook.com\/integramedikal1\" \/>\n<meta property=\"article:modified_time\" content=\"2026-04-06T12:51:58+00:00\" \/>\n<meta property=\"og:image\" content=\"https:\/\/integramedikal.com\/magaza\/wp-content\/uploads\/2025\/06\/dh4.jpg\" \/>\n\t<meta property=\"og:image:width\" content=\"900\" \/>\n\t<meta property=\"og:image:height\" content=\"900\" \/>\n\t<meta property=\"og:image:type\" content=\"image\/jpeg\" \/>\n<meta name=\"twitter:card\" content=\"summary_large_image\" \/>\n<meta name=\"twitter:site\" content=\"@integramedikal\" \/>\n<meta name=\"twitter:label1\" content=\"Tahmini okuma s\u00fcresi\" \/>\n\t<meta name=\"twitter:data1\" content=\"3 dakika\" \/>\n<script type=\"application\/ld+json\" class=\"yoast-schema-graph\">{\"@context\":\"https:\\\/\\\/schema.org\",\"@graph\":[{\"@type\":\"WebPage\",\"@id\":\"https:\\\/\\\/integramedikal.com\\\/magaza\\\/urun\\\/s220-standart-akulu-tekerlekli-sandalye\\\/\",\"url\":\"https:\\\/\\\/integramedikal.com\\\/magaza\\\/urun\\\/s220-standart-akulu-tekerlekli-sandalye\\\/\",\"name\":\"S220 Standart Ak\u00fcl\u00fc Tekerlekli Sandalye - \u0130ntegra Medikal | | Ma\u011faza\",\"isPartOf\":{\"@id\":\"https:\\\/\\\/integramedikal.com\\\/magaza\\\/#website\"},\"primaryImageOfPage\":{\"@id\":\"https:\\\/\\\/integramedikal.com\\\/magaza\\\/urun\\\/s220-standart-akulu-tekerlekli-sandalye\\\/#primaryimage\"},\"image\":{\"@id\":\"https:\\\/\\\/integramedikal.com\\\/magaza\\\/urun\\\/s220-standart-akulu-tekerlekli-sandalye\\\/#primaryimage\"},\"thumbnailUrl\":\"https:\\\/\\\/integramedikal.com\\\/magaza\\\/wp-content\\\/uploads\\\/2025\\\/06\\\/dh4.jpg\",\"datePublished\":\"2025-06-02T20:19:12+00:00\",\"dateModified\":\"2026-04-06T12:51:58+00:00\",\"breadcrumb\":{\"@id\":\"https:\\\/\\\/integramedikal.com\\\/magaza\\\/urun\\\/s220-standart-akulu-tekerlekli-sandalye\\\/#breadcrumb\"},\"inLanguage\":\"tr\",\"potentialAction\":[{\"@type\":\"ReadAction\",\"target\":[\"https:\\\/\\\/integramedikal.com\\\/magaza\\\/urun\\\/s220-standart-akulu-tekerlekli-sandalye\\\/\"]}]},{\"@type\":\"ImageObject\",\"inLanguage\":\"tr\",\"@id\":\"https:\\\/\\\/integramedikal.com\\\/magaza\\\/urun\\\/s220-standart-akulu-tekerlekli-sandalye\\\/#primaryimage\",\"url\":\"https:\\\/\\\/integramedikal.com\\\/magaza\\\/wp-content\\\/uploads\\\/2025\\\/06\\\/dh4.jpg\",\"contentUrl\":\"https:\\\/\\\/integramedikal.com\\\/magaza\\\/wp-content\\\/uploads\\\/2025\\\/06\\\/dh4.jpg\",\"width\":900,\"height\":900},{\"@type\":\"BreadcrumbList\",\"@id\":\"https:\\\/\\\/integramedikal.com\\\/magaza\\\/urun\\\/s220-standart-akulu-tekerlekli-sandalye\\\/#breadcrumb\",\"itemListElement\":[{\"@type\":\"ListItem\",\"position\":1,\"name\":\"Anasayfa\",\"item\":\"https:\\\/\\\/integramedikal.com\\\/magaza\\\/anasayfa\\\/\"},{\"@type\":\"ListItem\",\"position\":2,\"name\":\"Shop\",\"item\":\"https:\\\/\\\/integramedikal.com\\\/magaza\\\/shop\\\/\"},{\"@type\":\"ListItem\",\"position\":3,\"name\":\"S220 Standart Ak\u00fcl\u00fc Tekerlekli Sandalye\"}]},{\"@type\":\"WebSite\",\"@id\":\"https:\\\/\\\/integramedikal.com\\\/magaza\\\/#website\",\"url\":\"https:\\\/\\\/integramedikal.com\\\/magaza\\\/\",\"name\":\"\u0130ntegra Medikal < | | >Ma\u011faza\",\"description\":\"Sa\u011fl\u0131kta Kalite | Sekt\u00f6rde 25. Y\u0131l\",\"publisher\":{\"@id\":\"https:\\\/\\\/integramedikal.com\\\/magaza\\\/#organization\"},\"potentialAction\":[{\"@type\":\"SearchAction\",\"target\":{\"@type\":\"EntryPoint\",\"urlTemplate\":\"https:\\\/\\\/integramedikal.com\\\/magaza\\\/?s={search_term_string}\"},\"query-input\":{\"@type\":\"PropertyValueSpecification\",\"valueRequired\":true,\"valueName\":\"search_term_string\"}}],\"inLanguage\":\"tr\"},{\"@type\":\"Organization\",\"@id\":\"https:\\\/\\\/integramedikal.com\\\/magaza\\\/#organization\",\"name\":\"\u0130ntegra Medikal < | | >Ma\u011faza\",\"url\":\"https:\\\/\\\/integramedikal.com\\\/magaza\\\/\",\"logo\":{\"@type\":\"ImageObject\",\"inLanguage\":\"tr\",\"@id\":\"https:\\\/\\\/integramedikal.com\\\/magaza\\\/#\\\/schema\\\/logo\\\/image\\\/\",\"url\":\"https:\\\/\\\/integramedikal.com\\\/magaza\\\/wp-content\\\/uploads\\\/2025\\\/06\\\/integra-logo-1.png\",\"contentUrl\":\"https:\\\/\\\/integramedikal.com\\\/magaza\\\/wp-content\\\/uploads\\\/2025\\\/06\\\/integra-logo-1.png\",\"width\":340,\"height\":156,\"caption\":\"\u0130ntegra Medikal < | | >Ma\u011faza\"},\"image\":{\"@id\":\"https:\\\/\\\/integramedikal.com\\\/magaza\\\/#\\\/schema\\\/logo\\\/image\\\/\"},\"sameAs\":[\"https:\\\/\\\/www.facebook.com\\\/integramedikal1\",\"https:\\\/\\\/x.com\\\/integramedikal\",\"https:\\\/\\\/www.instagram.com\\\/integramedikal\\\/\",\"https:\\\/\\\/www.youtube.com\\\/user\\\/integramedikal\"]}]}<\/script>\n<!-- \/ Yoast SEO plugin. -->","yoast_head_json":{"title":"S220 Standart Ak\u00fcl\u00fc Tekerlekli Sandalye - \u0130ntegra Medikal | | Ma\u011faza","robots":{"index":"index","follow":"follow","max-snippet":"max-snippet:-1","max-image-preview":"max-image-preview:large","max-video-preview":"max-video-preview:-1"},"canonical":"https:\/\/integramedikal.com\/magaza\/urun\/s220-standart-akulu-tekerlekli-sandalye\/","og_locale":"tr_TR","og_type":"article","og_title":"S220 Standart Ak\u00fcl\u00fc Tekerlekli Sandalye - \u0130ntegra Medikal | | Ma\u011faza","og_description":"S220 Standart Ak\u00fcl\u00fc Tekerlekli Sandalye, B2B pazar\u0131 i\u00e7in tasarlanm\u0131\u015f, \u00f6zellikle engelliler i\u00e7in mobilite yard\u0131mc\u0131lar\u0131 konusunda uzmanla\u015fm\u0131\u015f \u015firketlerin ihtiya\u00e7lar\u0131n\u0131 kar\u015f\u0131layan g\u00fcvenilir ve ekonomik bir \u00e7\u00f6z\u00fcm\u00fc temsil eder. Bu ak\u00fcl\u00fc tekerlekli sandalye, g\u00fc\u00e7l\u00fc bir g\u00f6vde yap\u0131s\u0131n\u0131 kullan\u0131c\u0131 dostu \u00f6zelliklerle birle\u015ftirerek hem y\u00fcksek kalite hem de i\u015flevsellik a\u00e7\u0131s\u0131ndan y\u00fcksek bir \u00fcr\u00fcn\u00fc yans\u0131t\u0131yor. Bu sekt\u00f6rde faaliyet g\u00f6steren i\u015fletmelerin benzersiz [&hellip;]","og_url":"https:\/\/integramedikal.com\/magaza\/urun\/s220-standart-akulu-tekerlekli-sandalye\/","og_site_name":"\u0130ntegra Medikal | | Ma\u011faza","article_publisher":"https:\/\/www.facebook.com\/integramedikal1","article_modified_time":"2026-04-06T12:51:58+00:00","og_image":[{"width":900,"height":900,"url":"https:\/\/integramedikal.com\/magaza\/wp-content\/uploads\/2025\/06\/dh4.jpg","type":"image\/jpeg"}],"twitter_card":"summary_large_image","twitter_site":"@integramedikal","twitter_misc":{"Tahmini okuma s\u00fcresi":"3 dakika"},"schema":{"@context":"https:\/\/schema.org","@graph":[{"@type":"WebPage","@id":"https:\/\/integramedikal.com\/magaza\/urun\/s220-standart-akulu-tekerlekli-sandalye\/","url":"https:\/\/integramedikal.com\/magaza\/urun\/s220-standart-akulu-tekerlekli-sandalye\/","name":"S220 Standart Ak\u00fcl\u00fc Tekerlekli Sandalye - \u0130ntegra Medikal | | Ma\u011faza","isPartOf":{"@id":"https:\/\/integramedikal.com\/magaza\/#website"},"primaryImageOfPage":{"@id":"https:\/\/integramedikal.com\/magaza\/urun\/s220-standart-akulu-tekerlekli-sandalye\/#primaryimage"},"image":{"@id":"https:\/\/integramedikal.com\/magaza\/urun\/s220-standart-akulu-tekerlekli-sandalye\/#primaryimage"},"thumbnailUrl":"https:\/\/integramedikal.com\/magaza\/wp-content\/uploads\/2025\/06\/dh4.jpg","datePublished":"2025-06-02T20:19:12+00:00","dateModified":"2026-04-06T12:51:58+00:00","breadcrumb":{"@id":"https:\/\/integramedikal.com\/magaza\/urun\/s220-standart-akulu-tekerlekli-sandalye\/#breadcrumb"},"inLanguage":"tr","potentialAction":[{"@type":"ReadAction","target":["https:\/\/integramedikal.com\/magaza\/urun\/s220-standart-akulu-tekerlekli-sandalye\/"]}]},{"@type":"ImageObject","inLanguage":"tr","@id":"https:\/\/integramedikal.com\/magaza\/urun\/s220-standart-akulu-tekerlekli-sandalye\/#primaryimage","url":"https:\/\/integramedikal.com\/magaza\/wp-content\/uploads\/2025\/06\/dh4.jpg","contentUrl":"https:\/\/integramedikal.com\/magaza\/wp-content\/uploads\/2025\/06\/dh4.jpg","width":900,"height":900},{"@type":"BreadcrumbList","@id":"https:\/\/integramedikal.com\/magaza\/urun\/s220-standart-akulu-tekerlekli-sandalye\/#breadcrumb","itemListElement":[{"@type":"ListItem","position":1,"name":"Anasayfa","item":"https:\/\/integramedikal.com\/magaza\/anasayfa\/"},{"@type":"ListItem","position":2,"name":"Shop","item":"https:\/\/integramedikal.com\/magaza\/shop\/"},{"@type":"ListItem","position":3,"name":"S220 Standart Ak\u00fcl\u00fc Tekerlekli Sandalye"}]},{"@type":"WebSite","@id":"https:\/\/integramedikal.com\/magaza\/#website","url":"https:\/\/integramedikal.com\/magaza\/","name":"\u0130ntegra Medikal < | | >Ma\u011faza","description":"Sa\u011fl\u0131kta Kalite | Sekt\u00f6rde 25. Y\u0131l","publisher":{"@id":"https:\/\/integramedikal.com\/magaza\/#organization"},"potentialAction":[{"@type":"SearchAction","target":{"@type":"EntryPoint","urlTemplate":"https:\/\/integramedikal.com\/magaza\/?s={search_term_string}"},"query-input":{"@type":"PropertyValueSpecification","valueRequired":true,"valueName":"search_term_string"}}],"inLanguage":"tr"},{"@type":"Organization","@id":"https:\/\/integramedikal.com\/magaza\/#organization","name":"\u0130ntegra Medikal < | | >Ma\u011faza","url":"https:\/\/integramedikal.com\/magaza\/","logo":{"@type":"ImageObject","inLanguage":"tr","@id":"https:\/\/integramedikal.com\/magaza\/#\/schema\/logo\/image\/","url":"https:\/\/integramedikal.com\/magaza\/wp-content\/uploads\/2025\/06\/integra-logo-1.png","contentUrl":"https:\/\/integramedikal.com\/magaza\/wp-content\/uploads\/2025\/06\/integra-logo-1.png","width":340,"height":156,"caption":"\u0130ntegra Medikal < | | >Ma\u011faza"},"image":{"@id":"https:\/\/integramedikal.com\/magaza\/#\/schema\/logo\/image\/"},"sameAs":["https:\/\/www.facebook.com\/integramedikal1","https:\/\/x.com\/integramedikal","https:\/\/www.instagram.com\/integramedikal\/","https:\/\/www.youtube.com\/user\/integramedikal"]}]}},"_links":{"self":[{"href":"https:\/\/integramedikal.com\/magaza\/wp-json\/wp\/v2\/product\/1466","targetHints":{"allow":["GET"]}}],"collection":[{"href":"https:\/\/integramedikal.com\/magaza\/wp-json\/wp\/v2\/product"}],"about":[{"href":"https:\/\/integramedikal.com\/magaza\/wp-json\/wp\/v2\/types\/product"}],"replies":[{"embeddable":true,"href":"https:\/\/integramedikal.com\/magaza\/wp-json\/wp\/v2\/comments?post=1466"}],"wp:featuredmedia":[{"embeddable":true,"href":"https:\/\/integramedikal.com\/magaza\/wp-json\/wp\/v2\/media\/1502"}],"wp:attachment":[{"href":"https:\/\/integramedikal.com\/magaza\/wp-json\/wp\/v2\/media?parent=1466"}],"wp:term":[{"taxonomy":"product_brand","embeddable":true,"href":"https:\/\/integramedikal.com\/magaza\/wp-json\/wp\/v2\/product_brand?post=1466"},{"taxonomy":"product_cat","embeddable":true,"href":"https:\/\/integramedikal.com\/magaza\/wp-json\/wp\/v2\/product_cat?post=1466"},{"taxonomy":"product_tag","embeddable":true,"href":"https:\/\/integramedikal.com\/magaza\/wp-json\/wp\/v2\/product_tag?post=1466"}],"curies":[{"name":"wp","href":"https:\/\/api.w.org\/{rel}","templated":true}]}}