{"id":1465,"date":"2025-06-02T23:19:12","date_gmt":"2025-06-02T20:19:12","guid":{"rendered":"https:\/\/integramedikal.com\/magaza\/?post_type=product&#038;p=1465"},"modified":"2026-02-26T16:06:07","modified_gmt":"2026-02-26T13:06:07","slug":"s150-merdiven-cikma-sandalyesi","status":"publish","type":"product","link":"https:\/\/integramedikal.com\/magaza\/urun\/s150-merdiven-cikma-sandalyesi\/","title":{"rendered":"S150 Merdiven \u00c7\u0131kma Sandalyesi"},"content":{"rendered":"<div>B2B al\u0131c\u0131lar ve engelliler i\u00e7in mobilite yard\u0131mc\u0131lar\u0131 konusunda uzmanla\u015fm\u0131\u015f \u015firketler i\u00e7in tasarlanm\u0131\u015f yenilik\u00e7i bir \u00e7\u00f6z\u00fcm olan S150 Merdiven T\u0131rmanma Koltu\u011fu Turkuaz ile tan\u0131\u015f\u0131n. Bu ak\u00fc ile \u00e7al\u0131\u015fan turkuaz merdiven t\u0131rmanma koltu\u011fu, i\u015flevselli\u011fi stille birle\u015ftirerek geli\u015fmi\u015f eri\u015filebilirli\u011fe ihtiya\u00e7 duyanlar i\u00e7in g\u00fcvenilir ve zarif bir \u00e7\u00f6z\u00fcm sunar. H\u0131zl\u0131 tempolu bir pazar\u0131n taleplerini kar\u015f\u0131lamak i\u00e7in tasarlanan bu sandalye, s\u0131radanl\u0131\u011f\u0131n \u00f6tesine ge\u00e7erek birincil kullan\u0131m\u0131n\u0131n \u00e7ok \u00f6tesine ge\u00e7en faydalar sunar.<\/div>\n<div><\/div>\n<div>S150 sadece ekonomik bir se\u00e7im de\u011fil, ayn\u0131 zamanda dayan\u0131kl\u0131l\u0131k ve uzun s\u00fcreli hizmet sa\u011flayan g\u00fc\u00e7l\u00fc bir g\u00f6vde yap\u0131s\u0131na sahip, kullan\u0131c\u0131 taraf\u0131ndan \u00f6nerilen bir \u00fcr\u00fcnd\u00fcr. Sa\u011flam \u00e7er\u00e7evesi, hem kullan\u0131c\u0131lara hem de al\u0131c\u0131lara g\u00f6n\u00fcl rahatl\u0131\u011f\u0131 sa\u011flayarak bu sandalyenin mobilite yard\u0131mc\u0131lar\u0131n\u0131n rekabet\u00e7i alan\u0131nda \u00f6ne \u00e7\u0131kmas\u0131n\u0131 sa\u011flar. Hastaneler, ya\u015fl\u0131 merkezleri veya kamu binalar\u0131 gibi ortamlar i\u00e7in engelli bireylerin transferini sa\u011flayan bu sandalye, hedef kitlesinin titiz gereksinimlerini kar\u015f\u0131lar ve a\u015far.<\/div>\n<div><\/div>\n<div><b>Ola\u011fan\u00fcst\u00fc Kalite ve G\u00fcvenilirlik<\/b><\/div>\n<div><b>\u00a0<\/b><\/div>\n<div>S150 Merdiven T\u0131rmanma Koltu\u011fu Turkuaz, herhangi bir pille \u00e7al\u0131\u015fan sandalye de\u011fildir; Yat\u0131r\u0131m\u0131n\u0131z\u0131 g\u00fcvence alt\u0131na alan 2 y\u0131l garantili bir kalite vaadidir. Garanti, sahip olabilece\u011finiz t\u00fcm endi\u015feleri kapsar ve \u00fcreticinin \u00fcr\u00fcnlerine olan g\u00fcveninin bir kan\u0131t\u0131d\u0131r. G\u00fc\u00e7l\u00fc g\u00f6vde yap\u0131s\u0131, tekrarlanan kullan\u0131ma dayanacak \u015fekilde titizlikle tasarlanm\u0131\u015ft\u0131r ve her ortamda merdivenlerde gezinen kullan\u0131c\u0131lar i\u00e7in e\u015fsiz bir denge ve destek sunar.<\/div>\n<div><\/div>\n<div>Kullan\u0131c\u0131 d\u00fc\u015f\u00fcn\u00fclerek tasarlanan bu sandalye, \u00e7e\u015fitli seviyelerde optimum konfor ve manevra kolayl\u0131\u011f\u0131 sa\u011flamak i\u00e7in \u00f6zel olarak tasarlanm\u0131\u015ft\u0131r. Ak\u00fc ile \u00e7al\u0131\u015fan i\u015flevselli\u011fi, kullan\u0131c\u0131lar\u0131n minimum \u00e7abayla merdivenlerden inip \u00e7\u0131kabilece\u011fi anlam\u0131na gelir ve bu da onu hizmet verdi\u011fi ki\u015filer i\u00e7in paha bi\u00e7ilmez bir varl\u0131k haline getirir. Bu \u00f6zellik, S150&#8217;yi manuel se\u00e7eneklerden ay\u0131r\u0131r ve sandalyenin fiziksel engelleri a\u015fmaya y\u00f6nelik yenilik\u00e7i yakla\u015f\u0131m\u0131n\u0131 vurgular.<\/div>\n<div><\/div>\n<div><b>\u0130\u015f \u0130htiya\u00e7lar\u0131n\u0131n Verimlilikle Kar\u015f\u0131lanmas\u0131<\/b><\/div>\n<div><b>\u00a0<\/b><\/div>\n<div>\u0130\u015fletmeler aras\u0131 alanda teslimat\u0131n aciliyetini anlayan S150 Merdiven T\u0131rmanma Koltu\u011fu, h\u0131zl\u0131 sevkiyat sa\u011flar. \u00dcr\u00fcn\u00fc m\u00fc\u015fteriye ula\u015ft\u0131rmadaki bu uygunluk, \u00fcreticinin istisnai hizmete olan ba\u011fl\u0131l\u0131\u011f\u0131n\u0131 vurgulamaktad\u0131r. Sandalyenin geli\u015fi sadece bir ba\u015flang\u0131\u00e7, \u00e7\u00fcnk\u00fc ekonomik fiyat\u0131 ayn\u0131 zamanda onu herhangi bir envantere mant\u0131kl\u0131 bir katk\u0131 haline getiriyor ve engellilere hitap eden i\u015fletmeler i\u00e7in daha iyi bir sonu\u00e7 elde etmeyi kolayla\u015ft\u0131r\u0131yor.<\/div>\n<div><\/div>\n<div>Turkuaz sandalye sadece bir hareketlilik yard\u0131mc\u0131s\u0131 de\u011fildir; Bu bir i\u015f m\u00fcttefiki. Zaman\u0131ndal\u0131\u011f\u0131n, g\u00fcvenilirli\u011fin ve maliyet etkinli\u011finin sat\u0131n alma kararlar\u0131n\u0131 y\u00f6nlendirdi\u011fi bir B2B pazar\u0131n\u0131n titiz taleplerine uyan bir \u00fcr\u00fcnd\u00fcr. Al\u0131c\u0131lar, S150 Merdiven T\u0131rmanma Koltu\u011funu se\u00e7erek sadece bir \u00fcr\u00fcn se\u00e7miyor, ayn\u0131 zamanda m\u00fc\u015fterilerinin karma\u015f\u0131k ihtiya\u00e7lar\u0131n\u0131 anlayan ve bunlara yan\u0131t veren bir ortakl\u0131k se\u00e7iyorlar.<\/div>\n<div><\/div>\n<p><div  id=\"btn_klavuz\"  class='avia-button-wrap av-3os4gp-0fd413b4aeccd7d0c5a07467d00324c9-wrap avia-button-left  avia-builder-el-0  el_before_av_button  avia-builder-el-first '><a href='https:\/\/www.integramedikal.com\/magaza\/upload\/kilavuz\/59-s150-merdiven-cikma-sandalyesi.pdf'  class='avia-button av-3os4gp-0fd413b4aeccd7d0c5a07467d00324c9 av-link-btn avia-icon_select-yes-left-icon avia-size-medium avia-position-left avia-color-theme-color-highlight'  target=\"_blank\"  rel=\"noopener noreferrer\"  aria-label=\"Kullan\u0131m K\u0131lavuzu\"><span class='avia_button_icon avia_button_icon_left avia-svg-icon avia-font-svg_entypo-fontello' data-av_svg_icon='book-open' data-av_iconset='svg_entypo-fontello'><svg version=\"1.1\" xmlns=\"http:\/\/www.w3.org\/2000\/svg\" width=\"29\" height=\"32\" viewBox=\"0 0 29 32\" preserveAspectRatio=\"xMidYMid meet\" aria-labelledby='av-svg-title-1' aria-describedby='av-svg-desc-1' role=\"graphics-symbol\">\n<title id='av-svg-title-1'>Book-open<\/title>\n<desc id='av-svg-desc-1'>Book-open<\/desc>\n<path d=\"M10.88 19.584v2.176l-6.4-2.56v-2.176zM10.88 12.928v2.176l-6.4-2.56v-2.176zM28.096 1.856q0.704 0.384 0.704 1.344v20.48q0 1.088-1.024 1.472l-12.736 5.12q-0.256 0.064-0.32 0.064t-0.16 0.032-0.16 0.032-0.16-0.032-0.16-0.032l-0.32-0.064-12.736-5.12q-1.024-0.384-1.024-1.472v-20.48q0-0.96 0.704-1.344 0.704-0.512 1.472-0.192l12.224 4.928 12.224-4.928q0.768-0.32 1.472 0.192zM12.8 27.072v-17.92l-10.24-4.096v17.92zM26.24 22.976v-17.92l-10.24 4.096v17.92zM24.32 17.024v2.176l-6.4 2.56v-2.176zM24.32 10.368v2.176l-6.4 2.56v-2.176z\"><\/path>\n<\/svg><\/span><span class='avia_iconbox_title' >Kullan\u0131m K\u0131lavuzu<\/span><\/a><\/div> <div  id=\"btn_teknikbilgi\"  class='avia-button-wrap av-25kt95-d6f9d066f082e249e4abf1244aaeb8f1-wrap avia-button-left  avia-builder-el-1  el_after_av_button  avia-builder-el-last '><a href='javascript:void(0);'  class='avia-button av-25kt95-d6f9d066f082e249e4abf1244aaeb8f1 av-link-btn avia-icon_select-yes-left-icon avia-size-medium avia-position-left avia-color-theme-color-highlight'   aria-label=\"Teknik Bilgi\"><span class='avia_button_icon avia_button_icon_left avia-svg-icon avia-font-svg_entypo-fontello' data-av_svg_icon='cog' data-av_iconset='svg_entypo-fontello'><svg version=\"1.1\" xmlns=\"http:\/\/www.w3.org\/2000\/svg\" width=\"27\" height=\"32\" viewBox=\"0 0 27 32\" preserveAspectRatio=\"xMidYMid meet\" aria-labelledby='av-svg-title-2' aria-describedby='av-svg-desc-2' role=\"graphics-symbol\">\n<title id='av-svg-title-2'>Cog<\/title>\n<desc id='av-svg-desc-2'>Cog<\/desc>\n<path d=\"M24.32 16q0 2.304 2.56 3.904-0.384 1.28-1.088 2.624-2.24-0.576-4.352 1.408-1.728 1.856-1.088 4.352-1.28 0.64-2.688 1.152-1.472-2.624-4.224-2.624t-4.224 2.624q-1.408-0.512-2.688-1.152 0.64-2.56-1.088-4.352-1.728-1.728-4.352-1.088-0.448-0.832-1.088-2.624 2.624-1.664 2.624-4.224 0-2.304-2.624-3.968 0.64-1.792 1.088-2.624 2.368 0.576 4.352-1.408 1.728-1.792 1.088-4.352 1.344-0.704 2.688-1.088 1.472 2.56 4.224 2.56t4.224-2.56q1.344 0.384 2.688 1.088-0.64 2.496 1.088 4.352 2.112 1.984 4.352 1.408 0.704 1.344 1.088 2.624-2.56 1.6-2.56 3.968zM13.44 21.824q2.432 0 4.128-1.696t1.696-4.128-1.696-4.16-4.128-1.728-4.128 1.728-1.696 4.16 1.696 4.128 4.128 1.696z\"><\/path>\n<\/svg><\/span><span class='avia_iconbox_title' >Teknik Bilgi<\/span><\/a><\/div><\/p>\n","protected":false},"excerpt":{"rendered":"<p>B2B al\u0131c\u0131lar ve engelliler i\u00e7in mobilite yard\u0131mc\u0131lar\u0131 konusunda uzmanla\u015fm\u0131\u015f \u015firketler i\u00e7in tasarlanm\u0131\u015f yenilik\u00e7i bir \u00e7\u00f6z\u00fcm olan S150 Merdiven T\u0131rmanma Koltu\u011fu Turkuaz ile tan\u0131\u015f\u0131n. Bu ak\u00fc ile \u00e7al\u0131\u015fan turkuaz merdiven t\u0131rmanma koltu\u011fu, i\u015flevselli\u011fi stille birle\u015ftirerek geli\u015fmi\u015f eri\u015filebilirli\u011fe ihtiya\u00e7 duyanlar i\u00e7in g\u00fcvenilir ve zarif bir \u00e7\u00f6z\u00fcm sunar. H\u0131zl\u0131 tempolu bir pazar\u0131n taleplerini kar\u015f\u0131lamak i\u00e7in tasarlanan bu sandalye, [&hellip;]<\/p>\n","protected":false},"featured_media":1496,"comment_status":"open","ping_status":"closed","template":"","meta":[],"product_brand":[],"product_cat":[302],"product_tag":[],"class_list":{"0":"post-1465","1":"product","2":"type-product","3":"status-publish","4":"has-post-thumbnail","6":"product_cat-akulu-tekerlekli-sandalye","8":"first","9":"outofstock","10":"sale","11":"taxable","12":"shipping-taxable","13":"purchasable","14":"product-type-simple"},"yoast_head":"<!-- This site is optimized with the Yoast SEO plugin v27.4 - https:\/\/yoast.com\/product\/yoast-seo-wordpress\/ -->\n<title>S150 Merdiven \u00c7\u0131kma Sandalyesi - \u0130ntegra Medikal | | Ma\u011faza<\/title>\n<meta name=\"robots\" content=\"index, follow, max-snippet:-1, max-image-preview:large, max-video-preview:-1\" \/>\n<link rel=\"canonical\" href=\"https:\/\/integramedikal.com\/magaza\/urun\/s150-merdiven-cikma-sandalyesi\/\" \/>\n<meta property=\"og:locale\" content=\"tr_TR\" \/>\n<meta property=\"og:type\" content=\"article\" \/>\n<meta property=\"og:title\" content=\"S150 Merdiven \u00c7\u0131kma Sandalyesi - \u0130ntegra Medikal | | Ma\u011faza\" \/>\n<meta property=\"og:description\" content=\"B2B al\u0131c\u0131lar ve engelliler i\u00e7in mobilite yard\u0131mc\u0131lar\u0131 konusunda uzmanla\u015fm\u0131\u015f \u015firketler i\u00e7in tasarlanm\u0131\u015f yenilik\u00e7i bir \u00e7\u00f6z\u00fcm olan S150 Merdiven T\u0131rmanma Koltu\u011fu Turkuaz ile tan\u0131\u015f\u0131n. Bu ak\u00fc ile \u00e7al\u0131\u015fan turkuaz merdiven t\u0131rmanma koltu\u011fu, i\u015flevselli\u011fi stille birle\u015ftirerek geli\u015fmi\u015f eri\u015filebilirli\u011fe ihtiya\u00e7 duyanlar i\u00e7in g\u00fcvenilir ve zarif bir \u00e7\u00f6z\u00fcm sunar. H\u0131zl\u0131 tempolu bir pazar\u0131n taleplerini kar\u015f\u0131lamak i\u00e7in tasarlanan bu sandalye, [&hellip;]\" \/>\n<meta property=\"og:url\" content=\"https:\/\/integramedikal.com\/magaza\/urun\/s150-merdiven-cikma-sandalyesi\/\" \/>\n<meta property=\"og:site_name\" content=\"\u0130ntegra Medikal | | Ma\u011faza\" \/>\n<meta property=\"article:publisher\" content=\"https:\/\/www.facebook.com\/integramedikal1\" \/>\n<meta property=\"article:modified_time\" content=\"2026-02-26T13:06:07+00:00\" \/>\n<meta property=\"og:image\" content=\"https:\/\/integramedikal.com\/magaza\/wp-content\/uploads\/2025\/06\/saf45.jpg\" \/>\n\t<meta property=\"og:image:width\" content=\"900\" \/>\n\t<meta property=\"og:image:height\" content=\"900\" \/>\n\t<meta property=\"og:image:type\" content=\"image\/jpeg\" \/>\n<meta name=\"twitter:card\" content=\"summary_large_image\" \/>\n<meta name=\"twitter:site\" content=\"@integramedikal\" \/>\n<meta name=\"twitter:label1\" content=\"Tahmini okuma s\u00fcresi\" \/>\n\t<meta name=\"twitter:data1\" content=\"3 dakika\" \/>\n<script type=\"application\/ld+json\" class=\"yoast-schema-graph\">{\"@context\":\"https:\\\/\\\/schema.org\",\"@graph\":[{\"@type\":\"WebPage\",\"@id\":\"https:\\\/\\\/integramedikal.com\\\/magaza\\\/urun\\\/s150-merdiven-cikma-sandalyesi\\\/\",\"url\":\"https:\\\/\\\/integramedikal.com\\\/magaza\\\/urun\\\/s150-merdiven-cikma-sandalyesi\\\/\",\"name\":\"S150 Merdiven \u00c7\u0131kma Sandalyesi - \u0130ntegra Medikal | | Ma\u011faza\",\"isPartOf\":{\"@id\":\"https:\\\/\\\/integramedikal.com\\\/magaza\\\/#website\"},\"primaryImageOfPage\":{\"@id\":\"https:\\\/\\\/integramedikal.com\\\/magaza\\\/urun\\\/s150-merdiven-cikma-sandalyesi\\\/#primaryimage\"},\"image\":{\"@id\":\"https:\\\/\\\/integramedikal.com\\\/magaza\\\/urun\\\/s150-merdiven-cikma-sandalyesi\\\/#primaryimage\"},\"thumbnailUrl\":\"https:\\\/\\\/integramedikal.com\\\/magaza\\\/wp-content\\\/uploads\\\/2025\\\/06\\\/saf45.jpg\",\"datePublished\":\"2025-06-02T20:19:12+00:00\",\"dateModified\":\"2026-02-26T13:06:07+00:00\",\"breadcrumb\":{\"@id\":\"https:\\\/\\\/integramedikal.com\\\/magaza\\\/urun\\\/s150-merdiven-cikma-sandalyesi\\\/#breadcrumb\"},\"inLanguage\":\"tr\",\"potentialAction\":[{\"@type\":\"ReadAction\",\"target\":[\"https:\\\/\\\/integramedikal.com\\\/magaza\\\/urun\\\/s150-merdiven-cikma-sandalyesi\\\/\"]}]},{\"@type\":\"ImageObject\",\"inLanguage\":\"tr\",\"@id\":\"https:\\\/\\\/integramedikal.com\\\/magaza\\\/urun\\\/s150-merdiven-cikma-sandalyesi\\\/#primaryimage\",\"url\":\"https:\\\/\\\/integramedikal.com\\\/magaza\\\/wp-content\\\/uploads\\\/2025\\\/06\\\/saf45.jpg\",\"contentUrl\":\"https:\\\/\\\/integramedikal.com\\\/magaza\\\/wp-content\\\/uploads\\\/2025\\\/06\\\/saf45.jpg\",\"width\":900,\"height\":900},{\"@type\":\"BreadcrumbList\",\"@id\":\"https:\\\/\\\/integramedikal.com\\\/magaza\\\/urun\\\/s150-merdiven-cikma-sandalyesi\\\/#breadcrumb\",\"itemListElement\":[{\"@type\":\"ListItem\",\"position\":1,\"name\":\"Anasayfa\",\"item\":\"https:\\\/\\\/integramedikal.com\\\/magaza\\\/anasayfa\\\/\"},{\"@type\":\"ListItem\",\"position\":2,\"name\":\"Shop\",\"item\":\"https:\\\/\\\/integramedikal.com\\\/magaza\\\/shop\\\/\"},{\"@type\":\"ListItem\",\"position\":3,\"name\":\"S150 Merdiven \u00c7\u0131kma Sandalyesi\"}]},{\"@type\":\"WebSite\",\"@id\":\"https:\\\/\\\/integramedikal.com\\\/magaza\\\/#website\",\"url\":\"https:\\\/\\\/integramedikal.com\\\/magaza\\\/\",\"name\":\"\u0130ntegra Medikal < | | >Ma\u011faza\",\"description\":\"Sa\u011fl\u0131kta Kalite | Sekt\u00f6rde 25. Y\u0131l\",\"publisher\":{\"@id\":\"https:\\\/\\\/integramedikal.com\\\/magaza\\\/#organization\"},\"potentialAction\":[{\"@type\":\"SearchAction\",\"target\":{\"@type\":\"EntryPoint\",\"urlTemplate\":\"https:\\\/\\\/integramedikal.com\\\/magaza\\\/?s={search_term_string}\"},\"query-input\":{\"@type\":\"PropertyValueSpecification\",\"valueRequired\":true,\"valueName\":\"search_term_string\"}}],\"inLanguage\":\"tr\"},{\"@type\":\"Organization\",\"@id\":\"https:\\\/\\\/integramedikal.com\\\/magaza\\\/#organization\",\"name\":\"\u0130ntegra Medikal < | | >Ma\u011faza\",\"url\":\"https:\\\/\\\/integramedikal.com\\\/magaza\\\/\",\"logo\":{\"@type\":\"ImageObject\",\"inLanguage\":\"tr\",\"@id\":\"https:\\\/\\\/integramedikal.com\\\/magaza\\\/#\\\/schema\\\/logo\\\/image\\\/\",\"url\":\"https:\\\/\\\/integramedikal.com\\\/magaza\\\/wp-content\\\/uploads\\\/2025\\\/06\\\/integra-logo-1.png\",\"contentUrl\":\"https:\\\/\\\/integramedikal.com\\\/magaza\\\/wp-content\\\/uploads\\\/2025\\\/06\\\/integra-logo-1.png\",\"width\":340,\"height\":156,\"caption\":\"\u0130ntegra Medikal < | | >Ma\u011faza\"},\"image\":{\"@id\":\"https:\\\/\\\/integramedikal.com\\\/magaza\\\/#\\\/schema\\\/logo\\\/image\\\/\"},\"sameAs\":[\"https:\\\/\\\/www.facebook.com\\\/integramedikal1\",\"https:\\\/\\\/x.com\\\/integramedikal\",\"https:\\\/\\\/www.instagram.com\\\/integramedikal\\\/\",\"https:\\\/\\\/www.youtube.com\\\/user\\\/integramedikal\"]}]}<\/script>\n<!-- \/ Yoast SEO plugin. -->","yoast_head_json":{"title":"S150 Merdiven \u00c7\u0131kma Sandalyesi - \u0130ntegra Medikal | | Ma\u011faza","robots":{"index":"index","follow":"follow","max-snippet":"max-snippet:-1","max-image-preview":"max-image-preview:large","max-video-preview":"max-video-preview:-1"},"canonical":"https:\/\/integramedikal.com\/magaza\/urun\/s150-merdiven-cikma-sandalyesi\/","og_locale":"tr_TR","og_type":"article","og_title":"S150 Merdiven \u00c7\u0131kma Sandalyesi - \u0130ntegra Medikal | | Ma\u011faza","og_description":"B2B al\u0131c\u0131lar ve engelliler i\u00e7in mobilite yard\u0131mc\u0131lar\u0131 konusunda uzmanla\u015fm\u0131\u015f \u015firketler i\u00e7in tasarlanm\u0131\u015f yenilik\u00e7i bir \u00e7\u00f6z\u00fcm olan S150 Merdiven T\u0131rmanma Koltu\u011fu Turkuaz ile tan\u0131\u015f\u0131n. Bu ak\u00fc ile \u00e7al\u0131\u015fan turkuaz merdiven t\u0131rmanma koltu\u011fu, i\u015flevselli\u011fi stille birle\u015ftirerek geli\u015fmi\u015f eri\u015filebilirli\u011fe ihtiya\u00e7 duyanlar i\u00e7in g\u00fcvenilir ve zarif bir \u00e7\u00f6z\u00fcm sunar. H\u0131zl\u0131 tempolu bir pazar\u0131n taleplerini kar\u015f\u0131lamak i\u00e7in tasarlanan bu sandalye, [&hellip;]","og_url":"https:\/\/integramedikal.com\/magaza\/urun\/s150-merdiven-cikma-sandalyesi\/","og_site_name":"\u0130ntegra Medikal | | Ma\u011faza","article_publisher":"https:\/\/www.facebook.com\/integramedikal1","article_modified_time":"2026-02-26T13:06:07+00:00","og_image":[{"width":900,"height":900,"url":"https:\/\/integramedikal.com\/magaza\/wp-content\/uploads\/2025\/06\/saf45.jpg","type":"image\/jpeg"}],"twitter_card":"summary_large_image","twitter_site":"@integramedikal","twitter_misc":{"Tahmini okuma s\u00fcresi":"3 dakika"},"schema":{"@context":"https:\/\/schema.org","@graph":[{"@type":"WebPage","@id":"https:\/\/integramedikal.com\/magaza\/urun\/s150-merdiven-cikma-sandalyesi\/","url":"https:\/\/integramedikal.com\/magaza\/urun\/s150-merdiven-cikma-sandalyesi\/","name":"S150 Merdiven \u00c7\u0131kma Sandalyesi - \u0130ntegra Medikal | | Ma\u011faza","isPartOf":{"@id":"https:\/\/integramedikal.com\/magaza\/#website"},"primaryImageOfPage":{"@id":"https:\/\/integramedikal.com\/magaza\/urun\/s150-merdiven-cikma-sandalyesi\/#primaryimage"},"image":{"@id":"https:\/\/integramedikal.com\/magaza\/urun\/s150-merdiven-cikma-sandalyesi\/#primaryimage"},"thumbnailUrl":"https:\/\/integramedikal.com\/magaza\/wp-content\/uploads\/2025\/06\/saf45.jpg","datePublished":"2025-06-02T20:19:12+00:00","dateModified":"2026-02-26T13:06:07+00:00","breadcrumb":{"@id":"https:\/\/integramedikal.com\/magaza\/urun\/s150-merdiven-cikma-sandalyesi\/#breadcrumb"},"inLanguage":"tr","potentialAction":[{"@type":"ReadAction","target":["https:\/\/integramedikal.com\/magaza\/urun\/s150-merdiven-cikma-sandalyesi\/"]}]},{"@type":"ImageObject","inLanguage":"tr","@id":"https:\/\/integramedikal.com\/magaza\/urun\/s150-merdiven-cikma-sandalyesi\/#primaryimage","url":"https:\/\/integramedikal.com\/magaza\/wp-content\/uploads\/2025\/06\/saf45.jpg","contentUrl":"https:\/\/integramedikal.com\/magaza\/wp-content\/uploads\/2025\/06\/saf45.jpg","width":900,"height":900},{"@type":"BreadcrumbList","@id":"https:\/\/integramedikal.com\/magaza\/urun\/s150-merdiven-cikma-sandalyesi\/#breadcrumb","itemListElement":[{"@type":"ListItem","position":1,"name":"Anasayfa","item":"https:\/\/integramedikal.com\/magaza\/anasayfa\/"},{"@type":"ListItem","position":2,"name":"Shop","item":"https:\/\/integramedikal.com\/magaza\/shop\/"},{"@type":"ListItem","position":3,"name":"S150 Merdiven \u00c7\u0131kma Sandalyesi"}]},{"@type":"WebSite","@id":"https:\/\/integramedikal.com\/magaza\/#website","url":"https:\/\/integramedikal.com\/magaza\/","name":"\u0130ntegra Medikal < | | >Ma\u011faza","description":"Sa\u011fl\u0131kta Kalite | Sekt\u00f6rde 25. Y\u0131l","publisher":{"@id":"https:\/\/integramedikal.com\/magaza\/#organization"},"potentialAction":[{"@type":"SearchAction","target":{"@type":"EntryPoint","urlTemplate":"https:\/\/integramedikal.com\/magaza\/?s={search_term_string}"},"query-input":{"@type":"PropertyValueSpecification","valueRequired":true,"valueName":"search_term_string"}}],"inLanguage":"tr"},{"@type":"Organization","@id":"https:\/\/integramedikal.com\/magaza\/#organization","name":"\u0130ntegra Medikal < | | >Ma\u011faza","url":"https:\/\/integramedikal.com\/magaza\/","logo":{"@type":"ImageObject","inLanguage":"tr","@id":"https:\/\/integramedikal.com\/magaza\/#\/schema\/logo\/image\/","url":"https:\/\/integramedikal.com\/magaza\/wp-content\/uploads\/2025\/06\/integra-logo-1.png","contentUrl":"https:\/\/integramedikal.com\/magaza\/wp-content\/uploads\/2025\/06\/integra-logo-1.png","width":340,"height":156,"caption":"\u0130ntegra Medikal < | | >Ma\u011faza"},"image":{"@id":"https:\/\/integramedikal.com\/magaza\/#\/schema\/logo\/image\/"},"sameAs":["https:\/\/www.facebook.com\/integramedikal1","https:\/\/x.com\/integramedikal","https:\/\/www.instagram.com\/integramedikal\/","https:\/\/www.youtube.com\/user\/integramedikal"]}]}},"_links":{"self":[{"href":"https:\/\/integramedikal.com\/magaza\/wp-json\/wp\/v2\/product\/1465","targetHints":{"allow":["GET"]}}],"collection":[{"href":"https:\/\/integramedikal.com\/magaza\/wp-json\/wp\/v2\/product"}],"about":[{"href":"https:\/\/integramedikal.com\/magaza\/wp-json\/wp\/v2\/types\/product"}],"replies":[{"embeddable":true,"href":"https:\/\/integramedikal.com\/magaza\/wp-json\/wp\/v2\/comments?post=1465"}],"wp:featuredmedia":[{"embeddable":true,"href":"https:\/\/integramedikal.com\/magaza\/wp-json\/wp\/v2\/media\/1496"}],"wp:attachment":[{"href":"https:\/\/integramedikal.com\/magaza\/wp-json\/wp\/v2\/media?parent=1465"}],"wp:term":[{"taxonomy":"product_brand","embeddable":true,"href":"https:\/\/integramedikal.com\/magaza\/wp-json\/wp\/v2\/product_brand?post=1465"},{"taxonomy":"product_cat","embeddable":true,"href":"https:\/\/integramedikal.com\/magaza\/wp-json\/wp\/v2\/product_cat?post=1465"},{"taxonomy":"product_tag","embeddable":true,"href":"https:\/\/integramedikal.com\/magaza\/wp-json\/wp\/v2\/product_tag?post=1465"}],"curies":[{"name":"wp","href":"https:\/\/api.w.org\/{rel}","templated":true}]}}