{"id":1463,"date":"2025-06-02T23:19:12","date_gmt":"2025-06-02T20:19:12","guid":{"rendered":"https:\/\/integramedikal.com\/magaza\/?post_type=product&#038;p=1463"},"modified":"2026-03-31T16:00:41","modified_gmt":"2026-03-31T13:00:41","slug":"jt-309-hafif-akulu-tekerlekli-sandalye","status":"publish","type":"product","link":"https:\/\/integramedikal.com\/magaza\/urun\/jt-309-hafif-akulu-tekerlekli-sandalye\/","title":{"rendered":"JT-309 Hafif Ak\u00fcl\u00fc Tekerlekli Sandalye"},"content":{"rendered":"<div>JT-309 Hafif Ak\u00fcl\u00fc Tekerlekli Sandalye ile tan\u0131\u015f\u0131n &#8211; \u00f6zellikle sofistike B2B pazar\u0131 ve engelliler i\u00e7in y\u00fcksek kaliteli ara\u00e7lar sa\u011flayan \u015firketler i\u00e7in tasarlanm\u0131\u015f yenilik\u00e7i bir mobilite \u00e7\u00f6z\u00fcm\u00fc. Dayan\u0131kl\u0131l\u0131k ve hafiflik aras\u0131ndaki m\u00fckemmel dengeyi yakalayan bu ak\u00fcl\u00fc tekerlekli sandalye, i\u015flevselli\u011fi, g\u00fcvenilirli\u011fi ve kullan\u0131m kolayl\u0131\u011f\u0131n\u0131 vurgular. Benzersiz sat\u0131\u015f teklifi, \u00f6zellikle titiz ticari kullan\u0131ma hitap eden bir tasar\u0131mla kullan\u0131c\u0131lar\u0131n\u0131n mobilite ya\u015fam tarz\u0131n\u0131 geli\u015ftirme taahh\u00fcd\u00fcnde yatmaktad\u0131r.<\/div>\n<div><\/div>\n<div>JT-309&#8217;umuz sadece engelliler i\u00e7in ekonomik bir ta\u015f\u0131ma se\u00e7ene\u011fi ihtiyac\u0131n\u0131 kar\u015f\u0131lamakla kalmaz, ayn\u0131 zamanda kaliteden asla \u00f6d\u00fcn verilmemesini sa\u011flar. \u00c7ok \u00f6nemli bir \u00fcr\u00fcn kategorisine girdi\u011fi i\u00e7in, hem eri\u015filebilir hem de kullan\u0131c\u0131 dostu kapsay\u0131c\u0131 bir \u00fcr\u00fcn yaratmaya odaklanarak tasarlanm\u0131\u015ft\u0131r. Uygun maliyetli ancak y\u00fcksek performansl\u0131 bir tekerlekli sandalyeye ihtiya\u00e7 duyan i\u015fletmeler i\u00e7in, JT-309 Hafif Ak\u00fcl\u00fc Tekerlekli Sandalye, se\u00e7ici m\u00fc\u015fterilerinizin beklentilerini kar\u015f\u0131lamay\u0131 ve a\u015fmay\u0131 vaat eden ideal bir se\u00e7im olarak ortaya \u00e7\u0131k\u0131yor.<\/div>\n<div><\/div>\n<div><b>\u00dcr\u00fcn \u00d6zellikleri ve Faydalar\u0131<\/b><\/div>\n<div><\/div>\n<div>JT-309 Hafif Ak\u00fcl\u00fc Tekerlekli Sandalye, sa\u011flam g\u00f6vde yap\u0131s\u0131yla \u00f6ne \u00e7\u0131kar ve kullan\u0131c\u0131lara e\u015fsiz bir g\u00fc\u00e7 ve kolayl\u0131k kar\u0131\u015f\u0131m\u0131 sa\u011flar. Kullan\u0131c\u0131 deneyimini savunan bir tasar\u0131m\u0131 yans\u0131tacak \u015fekilde kullan\u0131c\u0131lar\u0131n kendileri taraf\u0131ndan test edilmi\u015f ve \u00f6nerilmi\u015ftir. Ak\u00fcl\u00fc tekerlekli sandalye sadece harekete yard\u0131mc\u0131 olmakla ilgili de\u011fildir; sars\u0131lmaz istikrar ve yap\u0131sal b\u00fct\u00fcnl\u00fck ile onu yeniden tan\u0131mlamakla ilgilidir. Ayr\u0131ca, hafif \u00e7er\u00e7evesi g\u00fc\u00e7ten \u00f6d\u00fcn vermez; JT-309, zahmetsiz kontrol ile g\u00fcnl\u00fck zorluklar\u0131n \u00fcstesinden gelmek i\u00e7in tasarlanm\u0131\u015ft\u0131r.<\/div>\n<div>Bir di\u011fer \u00f6nemli \u00f6zellik ise JT-309&#8217;un h\u0131zl\u0131 sevkiyat taahh\u00fcd\u00fcd\u00fcr. Bir mobilite \u00e7\u00f6z\u00fcm\u00fcne duyulan ihtiyac\u0131n e\u015flik edebilecek aciliyetin fark\u0131nda olan bu \u00fcr\u00fcn, m\u00fc\u015fterilerinizin sat\u0131n almalar\u0131 i\u00e7in gereksiz yere uzun s\u00fcre beklemek zorunda kalmamalar\u0131n\u0131 sa\u011flar. H\u0131zl\u0131 servise olan bu ba\u011fl\u0131l\u0131k, hem bizim hem de m\u00fc\u015fterilerinizin zaman\u0131na verdi\u011fimiz de\u011ferin bir kan\u0131t\u0131d\u0131r. Ek olarak, bu H\u0131zl\u0131 Sevkiyat \u00dcr\u00fcn\u00fc, 2 Y\u0131ll\u0131k G\u00fc\u00e7l\u00fc Garanti ile birle\u015fti\u011finde, JT-309&#8217;un uzun s\u00fcreli performans\u0131na olan g\u00fcvenimizi ve m\u00fc\u015fteri memnuniyetine olan ba\u011fl\u0131l\u0131\u011f\u0131m\u0131z\u0131 g\u00f6sterir.<\/div>\n<div><\/div>\n<div><b>Ekonomi ve G\u00fcvence<\/b><\/div>\n<div><b>\u00a0<\/b><\/div>\n<div>Pazar\u0131n kaliteden \u00f6d\u00fcn vermeyen ekonomik bir \u00fcr\u00fcne olan ihtiyac\u0131n\u0131 anlayan JT-309, ak\u00fcl\u00fc tekerlekli sandalye kategorisinde uygun maliyetli bir alternatif olarak konumland\u0131r\u0131lm\u0131\u015ft\u0131r. Bu Ekonomik \u00dcr\u00fcn, hem sat\u0131n al\u0131nabilirlik hem de i\u015flevsellik g\u00f6z \u00f6n\u00fcnde bulundurularak tasarlanm\u0131\u015ft\u0131r ve i\u015fletmelerin g\u00f6z korkutucu masraflar olmadan m\u00fc\u015fterilerine g\u00fcvenilir bir \u00fcr\u00fcn sunabilmelerini sa\u011flar. Bu nedenle tekerlekli sandalye, kullan\u0131c\u0131lar\u0131n hareketlili\u011fine ve \u00f6zg\u00fcrl\u00fc\u011f\u00fcne olumlu katk\u0131da bulunurken, b\u00fct\u00e7e bilincine sahip stratejilere uyacak \u015fekilde uyarlanm\u0131\u015ft\u0131r.<\/div>\n<div><\/div>\n<div>Destek ve g\u00fcven, uzun vadeli bir i\u015f ili\u015fkisinin temelidir. Bu nedenle JT-309 Hafif Ak\u00fcl\u00fc Tekerlekli Sandalye, \u00fcr\u00fcn\u00fcm\u00fcz\u00fcn ve dayan\u0131kl\u0131l\u0131\u011f\u0131n\u0131n arkas\u0131nda durma taahh\u00fcd\u00fcm\u00fcz\u00fcn alt\u0131n\u0131 \u00e7izen sa\u011flam bir 2 Y\u0131l Garanti ile birlikte gelir. Bu garanti, hem i\u015fletmelere hem de kullan\u0131c\u0131lara JT-309&#8217;u g\u00fcvenle se\u00e7meleri i\u00e7in ihtiya\u00e7 duyduklar\u0131 g\u00fcvenceyi veren bir vaat niteli\u011findedir &#8211; birinci s\u0131n\u0131f performans ve yard\u0131m vaadi. Sadece bir tekerlekli sandalye de\u011fil; uzun \u00f6m\u00fcrl\u00fc bir mobilite \u00fcr\u00fcn\u00fcd\u00fcr.<\/div>\n<div><\/div>\n<p><div  id=\"btn_klavuz\"  class='avia-button-wrap av-3wordj-6ba8d53c9c67ae0b0a027d8ddfddde0d-wrap avia-button-left  avia-builder-el-0  el_before_av_button  avia-builder-el-first '><a href='https:\/\/www.integramedikal.com\/magaza\/upload\/kilavuz\/57-jt-309-hafif-akulu-tekerlekli-sandalye.pdf'  class='avia-button av-3wordj-6ba8d53c9c67ae0b0a027d8ddfddde0d av-link-btn avia-icon_select-yes-left-icon avia-size-medium avia-position-left avia-color-theme-color-highlight'  target=\"_blank\"  rel=\"noopener noreferrer\"  aria-label=\"Kullan\u0131m K\u0131lavuzu\"><span class='avia_button_icon avia_button_icon_left avia-svg-icon avia-font-svg_entypo-fontello' data-av_svg_icon='book-open' data-av_iconset='svg_entypo-fontello'><svg version=\"1.1\" xmlns=\"http:\/\/www.w3.org\/2000\/svg\" width=\"29\" height=\"32\" viewBox=\"0 0 29 32\" preserveAspectRatio=\"xMidYMid meet\" aria-labelledby='av-svg-title-1' aria-describedby='av-svg-desc-1' role=\"graphics-symbol\">\n<title id='av-svg-title-1'>Book-open<\/title>\n<desc id='av-svg-desc-1'>Book-open<\/desc>\n<path d=\"M10.88 19.584v2.176l-6.4-2.56v-2.176zM10.88 12.928v2.176l-6.4-2.56v-2.176zM28.096 1.856q0.704 0.384 0.704 1.344v20.48q0 1.088-1.024 1.472l-12.736 5.12q-0.256 0.064-0.32 0.064t-0.16 0.032-0.16 0.032-0.16-0.032-0.16-0.032l-0.32-0.064-12.736-5.12q-1.024-0.384-1.024-1.472v-20.48q0-0.96 0.704-1.344 0.704-0.512 1.472-0.192l12.224 4.928 12.224-4.928q0.768-0.32 1.472 0.192zM12.8 27.072v-17.92l-10.24-4.096v17.92zM26.24 22.976v-17.92l-10.24 4.096v17.92zM24.32 17.024v2.176l-6.4 2.56v-2.176zM24.32 10.368v2.176l-6.4 2.56v-2.176z\"><\/path>\n<\/svg><\/span><span class='avia_iconbox_title' >Kullan\u0131m K\u0131lavuzu<\/span><\/a><\/div> <div  id=\"btn_teknikbilgi\"  class='avia-button-wrap av-2jwxhz-43e8eb08628fdfd38700970ace120608-wrap avia-button-left  avia-builder-el-1  el_after_av_button  avia-builder-el-last '><a href='javascript:void(0);'  class='avia-button av-2jwxhz-43e8eb08628fdfd38700970ace120608 av-link-btn avia-icon_select-yes-left-icon avia-size-medium avia-position-left avia-color-theme-color-highlight'   aria-label=\"Teknik Bilgi\"><span class='avia_button_icon avia_button_icon_left avia-svg-icon avia-font-svg_entypo-fontello' data-av_svg_icon='cog' data-av_iconset='svg_entypo-fontello'><svg version=\"1.1\" xmlns=\"http:\/\/www.w3.org\/2000\/svg\" width=\"27\" height=\"32\" viewBox=\"0 0 27 32\" preserveAspectRatio=\"xMidYMid meet\" aria-labelledby='av-svg-title-2' aria-describedby='av-svg-desc-2' role=\"graphics-symbol\">\n<title id='av-svg-title-2'>Cog<\/title>\n<desc id='av-svg-desc-2'>Cog<\/desc>\n<path d=\"M24.32 16q0 2.304 2.56 3.904-0.384 1.28-1.088 2.624-2.24-0.576-4.352 1.408-1.728 1.856-1.088 4.352-1.28 0.64-2.688 1.152-1.472-2.624-4.224-2.624t-4.224 2.624q-1.408-0.512-2.688-1.152 0.64-2.56-1.088-4.352-1.728-1.728-4.352-1.088-0.448-0.832-1.088-2.624 2.624-1.664 2.624-4.224 0-2.304-2.624-3.968 0.64-1.792 1.088-2.624 2.368 0.576 4.352-1.408 1.728-1.792 1.088-4.352 1.344-0.704 2.688-1.088 1.472 2.56 4.224 2.56t4.224-2.56q1.344 0.384 2.688 1.088-0.64 2.496 1.088 4.352 2.112 1.984 4.352 1.408 0.704 1.344 1.088 2.624-2.56 1.6-2.56 3.968zM13.44 21.824q2.432 0 4.128-1.696t1.696-4.128-1.696-4.16-4.128-1.728-4.128 1.728-1.696 4.16 1.696 4.128 4.128 1.696z\"><\/path>\n<\/svg><\/span><span class='avia_iconbox_title' >Teknik Bilgi<\/span><\/a><\/div><\/p>\n","protected":false},"excerpt":{"rendered":"<p>JT-309 Hafif Ak\u00fcl\u00fc Tekerlekli Sandalye ile tan\u0131\u015f\u0131n &#8211; \u00f6zellikle sofistike B2B pazar\u0131 ve engelliler i\u00e7in y\u00fcksek kaliteli ara\u00e7lar sa\u011flayan \u015firketler i\u00e7in tasarlanm\u0131\u015f yenilik\u00e7i bir mobilite \u00e7\u00f6z\u00fcm\u00fc. Dayan\u0131kl\u0131l\u0131k ve hafiflik aras\u0131ndaki m\u00fckemmel dengeyi yakalayan bu ak\u00fcl\u00fc tekerlekli sandalye, i\u015flevselli\u011fi, g\u00fcvenilirli\u011fi ve kullan\u0131m kolayl\u0131\u011f\u0131n\u0131 vurgular. Benzersiz sat\u0131\u015f teklifi, \u00f6zellikle titiz ticari kullan\u0131ma hitap eden bir tasar\u0131mla kullan\u0131c\u0131lar\u0131n\u0131n [&hellip;]<\/p>\n","protected":false},"featured_media":1476,"comment_status":"open","ping_status":"closed","template":"","meta":[],"product_brand":[],"product_cat":[302],"product_tag":[],"class_list":{"0":"post-1463","1":"product","2":"type-product","3":"status-publish","4":"has-post-thumbnail","6":"product_cat-akulu-tekerlekli-sandalye","8":"first","9":"outofstock","10":"sale","11":"taxable","12":"shipping-taxable","13":"purchasable","14":"product-type-simple"},"yoast_head":"<!-- This site is optimized with the Yoast SEO plugin v27.4 - https:\/\/yoast.com\/product\/yoast-seo-wordpress\/ -->\n<title>JT-309 Hafif Ak\u00fcl\u00fc Tekerlekli Sandalye - \u0130ntegra Medikal | | Ma\u011faza<\/title>\n<meta name=\"robots\" content=\"index, follow, max-snippet:-1, max-image-preview:large, max-video-preview:-1\" \/>\n<link rel=\"canonical\" href=\"https:\/\/integramedikal.com\/magaza\/urun\/jt-309-hafif-akulu-tekerlekli-sandalye\/\" \/>\n<meta property=\"og:locale\" content=\"tr_TR\" \/>\n<meta property=\"og:type\" content=\"article\" \/>\n<meta property=\"og:title\" content=\"JT-309 Hafif Ak\u00fcl\u00fc Tekerlekli Sandalye - \u0130ntegra Medikal | | Ma\u011faza\" \/>\n<meta property=\"og:description\" content=\"JT-309 Hafif Ak\u00fcl\u00fc Tekerlekli Sandalye ile tan\u0131\u015f\u0131n &#8211; \u00f6zellikle sofistike B2B pazar\u0131 ve engelliler i\u00e7in y\u00fcksek kaliteli ara\u00e7lar sa\u011flayan \u015firketler i\u00e7in tasarlanm\u0131\u015f yenilik\u00e7i bir mobilite \u00e7\u00f6z\u00fcm\u00fc. Dayan\u0131kl\u0131l\u0131k ve hafiflik aras\u0131ndaki m\u00fckemmel dengeyi yakalayan bu ak\u00fcl\u00fc tekerlekli sandalye, i\u015flevselli\u011fi, g\u00fcvenilirli\u011fi ve kullan\u0131m kolayl\u0131\u011f\u0131n\u0131 vurgular. Benzersiz sat\u0131\u015f teklifi, \u00f6zellikle titiz ticari kullan\u0131ma hitap eden bir tasar\u0131mla kullan\u0131c\u0131lar\u0131n\u0131n [&hellip;]\" \/>\n<meta property=\"og:url\" content=\"https:\/\/integramedikal.com\/magaza\/urun\/jt-309-hafif-akulu-tekerlekli-sandalye\/\" \/>\n<meta property=\"og:site_name\" content=\"\u0130ntegra Medikal | | Ma\u011faza\" \/>\n<meta property=\"article:publisher\" content=\"https:\/\/www.facebook.com\/integramedikal1\" \/>\n<meta property=\"article:modified_time\" content=\"2026-03-31T13:00:41+00:00\" \/>\n<meta property=\"og:image\" content=\"https:\/\/integramedikal.com\/magaza\/wp-content\/uploads\/2025\/06\/vcx6khqa.jpg\" \/>\n\t<meta property=\"og:image:width\" content=\"900\" \/>\n\t<meta property=\"og:image:height\" content=\"900\" \/>\n\t<meta property=\"og:image:type\" content=\"image\/jpeg\" \/>\n<meta name=\"twitter:card\" content=\"summary_large_image\" \/>\n<meta name=\"twitter:site\" content=\"@integramedikal\" \/>\n<meta name=\"twitter:label1\" content=\"Tahmini okuma s\u00fcresi\" \/>\n\t<meta name=\"twitter:data1\" content=\"3 dakika\" \/>\n<script type=\"application\/ld+json\" class=\"yoast-schema-graph\">{\"@context\":\"https:\\\/\\\/schema.org\",\"@graph\":[{\"@type\":\"WebPage\",\"@id\":\"https:\\\/\\\/integramedikal.com\\\/magaza\\\/urun\\\/jt-309-hafif-akulu-tekerlekli-sandalye\\\/\",\"url\":\"https:\\\/\\\/integramedikal.com\\\/magaza\\\/urun\\\/jt-309-hafif-akulu-tekerlekli-sandalye\\\/\",\"name\":\"JT-309 Hafif Ak\u00fcl\u00fc Tekerlekli Sandalye - \u0130ntegra Medikal | | Ma\u011faza\",\"isPartOf\":{\"@id\":\"https:\\\/\\\/integramedikal.com\\\/magaza\\\/#website\"},\"primaryImageOfPage\":{\"@id\":\"https:\\\/\\\/integramedikal.com\\\/magaza\\\/urun\\\/jt-309-hafif-akulu-tekerlekli-sandalye\\\/#primaryimage\"},\"image\":{\"@id\":\"https:\\\/\\\/integramedikal.com\\\/magaza\\\/urun\\\/jt-309-hafif-akulu-tekerlekli-sandalye\\\/#primaryimage\"},\"thumbnailUrl\":\"https:\\\/\\\/integramedikal.com\\\/magaza\\\/wp-content\\\/uploads\\\/2025\\\/06\\\/vcx6khqa.jpg\",\"datePublished\":\"2025-06-02T20:19:12+00:00\",\"dateModified\":\"2026-03-31T13:00:41+00:00\",\"breadcrumb\":{\"@id\":\"https:\\\/\\\/integramedikal.com\\\/magaza\\\/urun\\\/jt-309-hafif-akulu-tekerlekli-sandalye\\\/#breadcrumb\"},\"inLanguage\":\"tr\",\"potentialAction\":[{\"@type\":\"ReadAction\",\"target\":[\"https:\\\/\\\/integramedikal.com\\\/magaza\\\/urun\\\/jt-309-hafif-akulu-tekerlekli-sandalye\\\/\"]}]},{\"@type\":\"ImageObject\",\"inLanguage\":\"tr\",\"@id\":\"https:\\\/\\\/integramedikal.com\\\/magaza\\\/urun\\\/jt-309-hafif-akulu-tekerlekli-sandalye\\\/#primaryimage\",\"url\":\"https:\\\/\\\/integramedikal.com\\\/magaza\\\/wp-content\\\/uploads\\\/2025\\\/06\\\/vcx6khqa.jpg\",\"contentUrl\":\"https:\\\/\\\/integramedikal.com\\\/magaza\\\/wp-content\\\/uploads\\\/2025\\\/06\\\/vcx6khqa.jpg\",\"width\":900,\"height\":900},{\"@type\":\"BreadcrumbList\",\"@id\":\"https:\\\/\\\/integramedikal.com\\\/magaza\\\/urun\\\/jt-309-hafif-akulu-tekerlekli-sandalye\\\/#breadcrumb\",\"itemListElement\":[{\"@type\":\"ListItem\",\"position\":1,\"name\":\"Anasayfa\",\"item\":\"https:\\\/\\\/integramedikal.com\\\/magaza\\\/anasayfa\\\/\"},{\"@type\":\"ListItem\",\"position\":2,\"name\":\"Shop\",\"item\":\"https:\\\/\\\/integramedikal.com\\\/magaza\\\/shop\\\/\"},{\"@type\":\"ListItem\",\"position\":3,\"name\":\"JT-309 Hafif Ak\u00fcl\u00fc Tekerlekli Sandalye\"}]},{\"@type\":\"WebSite\",\"@id\":\"https:\\\/\\\/integramedikal.com\\\/magaza\\\/#website\",\"url\":\"https:\\\/\\\/integramedikal.com\\\/magaza\\\/\",\"name\":\"\u0130ntegra Medikal < | | >Ma\u011faza\",\"description\":\"Sa\u011fl\u0131kta Kalite | Sekt\u00f6rde 25. Y\u0131l\",\"publisher\":{\"@id\":\"https:\\\/\\\/integramedikal.com\\\/magaza\\\/#organization\"},\"potentialAction\":[{\"@type\":\"SearchAction\",\"target\":{\"@type\":\"EntryPoint\",\"urlTemplate\":\"https:\\\/\\\/integramedikal.com\\\/magaza\\\/?s={search_term_string}\"},\"query-input\":{\"@type\":\"PropertyValueSpecification\",\"valueRequired\":true,\"valueName\":\"search_term_string\"}}],\"inLanguage\":\"tr\"},{\"@type\":\"Organization\",\"@id\":\"https:\\\/\\\/integramedikal.com\\\/magaza\\\/#organization\",\"name\":\"\u0130ntegra Medikal < | | >Ma\u011faza\",\"url\":\"https:\\\/\\\/integramedikal.com\\\/magaza\\\/\",\"logo\":{\"@type\":\"ImageObject\",\"inLanguage\":\"tr\",\"@id\":\"https:\\\/\\\/integramedikal.com\\\/magaza\\\/#\\\/schema\\\/logo\\\/image\\\/\",\"url\":\"https:\\\/\\\/integramedikal.com\\\/magaza\\\/wp-content\\\/uploads\\\/2025\\\/06\\\/integra-logo-1.png\",\"contentUrl\":\"https:\\\/\\\/integramedikal.com\\\/magaza\\\/wp-content\\\/uploads\\\/2025\\\/06\\\/integra-logo-1.png\",\"width\":340,\"height\":156,\"caption\":\"\u0130ntegra Medikal < | | >Ma\u011faza\"},\"image\":{\"@id\":\"https:\\\/\\\/integramedikal.com\\\/magaza\\\/#\\\/schema\\\/logo\\\/image\\\/\"},\"sameAs\":[\"https:\\\/\\\/www.facebook.com\\\/integramedikal1\",\"https:\\\/\\\/x.com\\\/integramedikal\",\"https:\\\/\\\/www.instagram.com\\\/integramedikal\\\/\",\"https:\\\/\\\/www.youtube.com\\\/user\\\/integramedikal\"]}]}<\/script>\n<!-- \/ Yoast SEO plugin. -->","yoast_head_json":{"title":"JT-309 Hafif Ak\u00fcl\u00fc Tekerlekli Sandalye - \u0130ntegra Medikal | | Ma\u011faza","robots":{"index":"index","follow":"follow","max-snippet":"max-snippet:-1","max-image-preview":"max-image-preview:large","max-video-preview":"max-video-preview:-1"},"canonical":"https:\/\/integramedikal.com\/magaza\/urun\/jt-309-hafif-akulu-tekerlekli-sandalye\/","og_locale":"tr_TR","og_type":"article","og_title":"JT-309 Hafif Ak\u00fcl\u00fc Tekerlekli Sandalye - \u0130ntegra Medikal | | Ma\u011faza","og_description":"JT-309 Hafif Ak\u00fcl\u00fc Tekerlekli Sandalye ile tan\u0131\u015f\u0131n &#8211; \u00f6zellikle sofistike B2B pazar\u0131 ve engelliler i\u00e7in y\u00fcksek kaliteli ara\u00e7lar sa\u011flayan \u015firketler i\u00e7in tasarlanm\u0131\u015f yenilik\u00e7i bir mobilite \u00e7\u00f6z\u00fcm\u00fc. Dayan\u0131kl\u0131l\u0131k ve hafiflik aras\u0131ndaki m\u00fckemmel dengeyi yakalayan bu ak\u00fcl\u00fc tekerlekli sandalye, i\u015flevselli\u011fi, g\u00fcvenilirli\u011fi ve kullan\u0131m kolayl\u0131\u011f\u0131n\u0131 vurgular. Benzersiz sat\u0131\u015f teklifi, \u00f6zellikle titiz ticari kullan\u0131ma hitap eden bir tasar\u0131mla kullan\u0131c\u0131lar\u0131n\u0131n [&hellip;]","og_url":"https:\/\/integramedikal.com\/magaza\/urun\/jt-309-hafif-akulu-tekerlekli-sandalye\/","og_site_name":"\u0130ntegra Medikal | | Ma\u011faza","article_publisher":"https:\/\/www.facebook.com\/integramedikal1","article_modified_time":"2026-03-31T13:00:41+00:00","og_image":[{"width":900,"height":900,"url":"https:\/\/integramedikal.com\/magaza\/wp-content\/uploads\/2025\/06\/vcx6khqa.jpg","type":"image\/jpeg"}],"twitter_card":"summary_large_image","twitter_site":"@integramedikal","twitter_misc":{"Tahmini okuma s\u00fcresi":"3 dakika"},"schema":{"@context":"https:\/\/schema.org","@graph":[{"@type":"WebPage","@id":"https:\/\/integramedikal.com\/magaza\/urun\/jt-309-hafif-akulu-tekerlekli-sandalye\/","url":"https:\/\/integramedikal.com\/magaza\/urun\/jt-309-hafif-akulu-tekerlekli-sandalye\/","name":"JT-309 Hafif Ak\u00fcl\u00fc Tekerlekli Sandalye - \u0130ntegra Medikal | | Ma\u011faza","isPartOf":{"@id":"https:\/\/integramedikal.com\/magaza\/#website"},"primaryImageOfPage":{"@id":"https:\/\/integramedikal.com\/magaza\/urun\/jt-309-hafif-akulu-tekerlekli-sandalye\/#primaryimage"},"image":{"@id":"https:\/\/integramedikal.com\/magaza\/urun\/jt-309-hafif-akulu-tekerlekli-sandalye\/#primaryimage"},"thumbnailUrl":"https:\/\/integramedikal.com\/magaza\/wp-content\/uploads\/2025\/06\/vcx6khqa.jpg","datePublished":"2025-06-02T20:19:12+00:00","dateModified":"2026-03-31T13:00:41+00:00","breadcrumb":{"@id":"https:\/\/integramedikal.com\/magaza\/urun\/jt-309-hafif-akulu-tekerlekli-sandalye\/#breadcrumb"},"inLanguage":"tr","potentialAction":[{"@type":"ReadAction","target":["https:\/\/integramedikal.com\/magaza\/urun\/jt-309-hafif-akulu-tekerlekli-sandalye\/"]}]},{"@type":"ImageObject","inLanguage":"tr","@id":"https:\/\/integramedikal.com\/magaza\/urun\/jt-309-hafif-akulu-tekerlekli-sandalye\/#primaryimage","url":"https:\/\/integramedikal.com\/magaza\/wp-content\/uploads\/2025\/06\/vcx6khqa.jpg","contentUrl":"https:\/\/integramedikal.com\/magaza\/wp-content\/uploads\/2025\/06\/vcx6khqa.jpg","width":900,"height":900},{"@type":"BreadcrumbList","@id":"https:\/\/integramedikal.com\/magaza\/urun\/jt-309-hafif-akulu-tekerlekli-sandalye\/#breadcrumb","itemListElement":[{"@type":"ListItem","position":1,"name":"Anasayfa","item":"https:\/\/integramedikal.com\/magaza\/anasayfa\/"},{"@type":"ListItem","position":2,"name":"Shop","item":"https:\/\/integramedikal.com\/magaza\/shop\/"},{"@type":"ListItem","position":3,"name":"JT-309 Hafif Ak\u00fcl\u00fc Tekerlekli Sandalye"}]},{"@type":"WebSite","@id":"https:\/\/integramedikal.com\/magaza\/#website","url":"https:\/\/integramedikal.com\/magaza\/","name":"\u0130ntegra Medikal < | | >Ma\u011faza","description":"Sa\u011fl\u0131kta Kalite | Sekt\u00f6rde 25. Y\u0131l","publisher":{"@id":"https:\/\/integramedikal.com\/magaza\/#organization"},"potentialAction":[{"@type":"SearchAction","target":{"@type":"EntryPoint","urlTemplate":"https:\/\/integramedikal.com\/magaza\/?s={search_term_string}"},"query-input":{"@type":"PropertyValueSpecification","valueRequired":true,"valueName":"search_term_string"}}],"inLanguage":"tr"},{"@type":"Organization","@id":"https:\/\/integramedikal.com\/magaza\/#organization","name":"\u0130ntegra Medikal < | | >Ma\u011faza","url":"https:\/\/integramedikal.com\/magaza\/","logo":{"@type":"ImageObject","inLanguage":"tr","@id":"https:\/\/integramedikal.com\/magaza\/#\/schema\/logo\/image\/","url":"https:\/\/integramedikal.com\/magaza\/wp-content\/uploads\/2025\/06\/integra-logo-1.png","contentUrl":"https:\/\/integramedikal.com\/magaza\/wp-content\/uploads\/2025\/06\/integra-logo-1.png","width":340,"height":156,"caption":"\u0130ntegra Medikal < | | >Ma\u011faza"},"image":{"@id":"https:\/\/integramedikal.com\/magaza\/#\/schema\/logo\/image\/"},"sameAs":["https:\/\/www.facebook.com\/integramedikal1","https:\/\/x.com\/integramedikal","https:\/\/www.instagram.com\/integramedikal\/","https:\/\/www.youtube.com\/user\/integramedikal"]}]}},"_links":{"self":[{"href":"https:\/\/integramedikal.com\/magaza\/wp-json\/wp\/v2\/product\/1463","targetHints":{"allow":["GET"]}}],"collection":[{"href":"https:\/\/integramedikal.com\/magaza\/wp-json\/wp\/v2\/product"}],"about":[{"href":"https:\/\/integramedikal.com\/magaza\/wp-json\/wp\/v2\/types\/product"}],"replies":[{"embeddable":true,"href":"https:\/\/integramedikal.com\/magaza\/wp-json\/wp\/v2\/comments?post=1463"}],"wp:featuredmedia":[{"embeddable":true,"href":"https:\/\/integramedikal.com\/magaza\/wp-json\/wp\/v2\/media\/1476"}],"wp:attachment":[{"href":"https:\/\/integramedikal.com\/magaza\/wp-json\/wp\/v2\/media?parent=1463"}],"wp:term":[{"taxonomy":"product_brand","embeddable":true,"href":"https:\/\/integramedikal.com\/magaza\/wp-json\/wp\/v2\/product_brand?post=1463"},{"taxonomy":"product_cat","embeddable":true,"href":"https:\/\/integramedikal.com\/magaza\/wp-json\/wp\/v2\/product_cat?post=1463"},{"taxonomy":"product_tag","embeddable":true,"href":"https:\/\/integramedikal.com\/magaza\/wp-json\/wp\/v2\/product_tag?post=1463"}],"curies":[{"name":"wp","href":"https:\/\/api.w.org\/{rel}","templated":true}]}}