{"id":1462,"date":"2025-06-02T23:19:12","date_gmt":"2025-06-02T20:19:12","guid":{"rendered":"https:\/\/integramedikal.com\/magaza\/?post_type=product&#038;p=1462"},"modified":"2026-01-09T10:00:07","modified_gmt":"2026-01-09T07:00:07","slug":"jt-200-standart-akulu-tekerlekli-sandalye","status":"publish","type":"product","link":"https:\/\/integramedikal.com\/magaza\/urun\/jt-200-standart-akulu-tekerlekli-sandalye\/","title":{"rendered":"JT-200 Standart Ak\u00fcl\u00fc Tekerlekli Sandalye"},"content":{"rendered":"<div>B2B alan\u0131 ve farkl\u0131 yeteneklere hitap eden firmalar i\u00e7in \u00f6zel olarak haz\u0131rlanm\u0131\u015f son teknoloji mobilite \u00e7\u00f6z\u00fcm\u00fcne ho\u015f geldiniz &#8211; JT-200 Standart Ak\u00fcl\u00fc Tekerlekli Sandalye. Bu tekerlekli sandalye, yaln\u0131zca kullan\u0131c\u0131lar\u0131 mobilite ile g\u00fc\u00e7lendirmek i\u00e7in de\u011fil, ayn\u0131 zamanda i\u015fletmelere envanterleri i\u00e7in g\u00fcvenilir ve ekonomik bir \u00fcr\u00fcn sunmak i\u00e7in tasarlanm\u0131\u015f modern inovasyonun bir kan\u0131t\u0131d\u0131r. Sa\u011flam yap\u0131y\u0131 uygun fiyatla harmanlayan JT-200, g\u00fcnl\u00fck navigasyonu kullan\u0131c\u0131lar\u0131 i\u00e7in sorunsuz bir deneyime d\u00f6n\u00fc\u015ft\u00fcr\u00fcr.<\/div>\n<div><\/div>\n<div>Hedef kitlenin ihtiya\u00e7lar\u0131n\u0131 ve tercihlerini anlamak, JT-200&#8217;\u00fcn sadece bir tekerlekli sandalye de\u011fil, ayn\u0131 zamanda g\u00fcvenilir bir refakat\u00e7i olmas\u0131n\u0131 sa\u011flam\u0131\u015ft\u0131r. Ak\u00fcl\u00fc tekerlekli sandalye kategorisine girmesi, kapsay\u0131c\u0131 mobilite \u00e7\u00f6z\u00fcmlerine do\u011fru \u00f6nemli bir ad\u0131m\u0131 i\u015faret ediyor. JT-200, dayan\u0131kl\u0131l\u0131k ve konfor i\u00e7in tasarlanm\u0131\u015ft\u0131r, bu da onu mobilite yard\u0131m\u0131na ihtiya\u00e7 duyanlar i\u00e7in kalite g\u00fcvenceli ara\u00e7lar tedarik etmek isteyen \u015firketler i\u00e7in tercih edilen bir se\u00e7enek haline getirir.<\/div>\n<div><\/div>\n<div><b>E\u015fsiz Kalite ve G\u00fcvence<\/b><\/div>\n<div><b>\u00a0<\/b><\/div>\n<div>JT-200 Standart Ak\u00fcl\u00fc Tekerlekli Sandalye sadece hareketlilik ile ilgili de\u011fildir, ayn\u0131 zamanda kal\u0131c\u0131 g\u00fcvenilirlikle de ilgilidir. Kategorisinde \u00f6ne \u00e7\u0131kan JT-200, yat\u0131r\u0131m\u0131n\u0131z\u0131 gelece\u011fe ta\u015f\u0131yan 2 y\u0131ll\u0131k bir garantiye sahiptir. G\u00fc\u00e7l\u00fc g\u00f6vde yap\u0131s\u0131, titiz m\u00fchendisli\u011fin ve kullan\u0131lan y\u00fcksek kaliteli malzemelerin bir kan\u0131t\u0131d\u0131r ve zamana ve kullan\u0131ma kar\u015f\u0131 dayan\u0131kl\u0131d\u0131r. M\u00fc\u015fteriler, m\u00fc\u015fterilerine yaln\u0131zca ba\u011f\u0131ms\u0131zl\u0131k de\u011fil, ayn\u0131 zamanda kal\u0131c\u0131 destek s\u00f6z\u00fc de sunduklar\u0131ndan emin olabilirler.<\/div>\n<div><\/div>\n<div>Kullan\u0131c\u0131 taraf\u0131ndan \u00f6nerilen bir \u00fcr\u00fcn olarak JT-200, en \u00f6nemli ki\u015filerin, yani kullan\u0131c\u0131lar\u0131n seslerini somutla\u015ft\u0131r\u0131r. Deneyimleri, bu ekonomik \u00fcr\u00fcn\u00fc ger\u00e7ek d\u00fcnyadaki talepleri kar\u015f\u0131lamak, performans ve maliyet etkinli\u011fini dengelemek i\u00e7in \u015fekillendirdi. H\u0131zl\u0131 sevkiyat, tekerlekli sandalyenin \u00e7ekicili\u011fini art\u0131r\u0131r ve i\u015fletmenizin taahh\u00fctlerini gecikmeden yerine getirebilece\u011fini vaat eder. JT-200 bir sat\u0131n alma i\u015fleminden daha fazlas\u0131d\u0131r; Bu, pazar ihtiya\u00e7lar\u0131 ve t\u00fcketici memnuniyeti ile uyumlu ak\u0131ll\u0131 bir i\u015f karar\u0131d\u0131r.<\/div>\n<div><\/div>\n<div><b>JT-200&#8217;\u00fc Farkl\u0131 K\u0131lan \u00d6zellikler<\/b><\/div>\n<div><b>\u00a0<\/b><\/div>\n<div>Bu Ak\u00fcl\u00fc Tekerlekli Sandalye, B2B sekt\u00f6r\u00fcndeki mobilite \u00e7\u00f6z\u00fcmleri i\u00e7in bir mihenk ta\u015f\u0131d\u0131r. JT-200&#8217;\u00fcn her \u00f6zelli\u011fi, i\u015fletmelerin ve se\u00e7kin m\u00fc\u015fterilerinin farkl\u0131 taleplerini kar\u015f\u0131lamak i\u00e7in \u00f6zenle geli\u015ftirilmi\u015ftir. Bu tekerlekli sandalyenin ekonomik y\u00f6n\u00fc, performans\u0131ndan \u00f6d\u00fcn vermez &#8211; bunun yerine, JT-200&#8217;\u00fcn kaliteden veya kullan\u0131c\u0131 deneyiminden \u00f6d\u00fcn vermeden uygun maliyetli bir se\u00e7enek olarak konumunu g\u00fc\u00e7lendirir. Tekerlekli sandalyenin kullan\u0131c\u0131lar\u0131, tasar\u0131m\u0131n\u0131n g\u00fcc\u00fc ve dengesi ile desteklenen \u00f6zg\u00fcrl\u00fc\u011f\u00fcn tad\u0131n\u0131 \u00e7\u0131karacaklar.<\/div>\n<div>JT-200&#8217;\u00fcn \u00fcr\u00fcn \u00f6zelliklerinin kapsaml\u0131 bir listesi, ak\u00fcl\u00fc tekerlekli sandalye pazar\u0131ndaki \u00fcst\u00fcnl\u00fc\u011f\u00fcn\u00fc daha da g\u00f6stermektedir:<\/div>\n<div><\/div>\n<div>\u25cf 2 Y\u0131l Garanti: Geni\u015fletilmi\u015f koruma ile g\u00f6n\u00fcl rahatl\u0131\u011f\u0131 sa\u011flar.<\/div>\n<div>\u25cf G\u00fc\u00e7l\u00fc G\u00f6vde Yap\u0131s\u0131: Uzun \u00f6m\u00fcrl\u00fc g\u00fcvenilirlik i\u00e7in dayan\u0131kl\u0131 yap\u0131.<\/div>\n<div>\u25cf Kullan\u0131c\u0131 Taraf\u0131ndan \u00d6nerilen: Kalitesi ve performans\u0131 nedeniyle t\u00fcketiciler taraf\u0131ndan onaylanm\u0131\u015ft\u0131r.<\/div>\n<div>\u25cf Ekonomik \u00dcr\u00fcn: Kaliteden \u00f6d\u00fcn vermeden uygun maliyetli.<\/div>\n<div>\u25cf H\u0131zl\u0131 Sevkiyat: \u0130\u015fletmelerin ve t\u00fcketicilerin acil ihtiya\u00e7lar\u0131n\u0131 kar\u015f\u0131lamak i\u00e7in h\u0131zl\u0131 teslimat.<\/div>\n<div><\/div>\n<div>Ola\u011fan\u00fcst\u00fc kalite, yenilik\u00e7i tasar\u0131m ve ekonomik uygulanabilirli\u011fin bir araya geldi\u011fi bir \u00fcr\u00fcn olan JT-200 Standart Ak\u00fcl\u00fc Tekerlekli Sandalyeyi benimseyin. Bu, farkl\u0131 yeteneklere sahip ki\u015filerin ya\u015famlar\u0131n\u0131 iyile\u015ftirmek ve ayn\u0131 zamanda sa\u011flam getiriler ve m\u00fc\u015fteri memnuniyeti sa\u011flamak isteyen \u015firketlerin etik de\u011ferlerine de uygun bir yat\u0131r\u0131md\u0131r.<\/div>\n<div><\/div>\n<p><div  id=\"btn_klavuz\"  class='avia-button-wrap av-dbpna-d72040791526a57338dcaaf1c58375f4-wrap avia-button-left  avia-builder-el-0  el_before_av_button  avia-builder-el-first '><a href='https:\/\/www.integramedikal.com\/magaza\/upload\/kilavuz\/55-jt-200-standart-akulu-tekerlekli-sandalye.pdf'  class='avia-button av-dbpna-d72040791526a57338dcaaf1c58375f4 av-link-btn avia-icon_select-yes-left-icon avia-size-medium avia-position-left avia-color-theme-color-highlight'  target=\"_blank\"  rel=\"noopener noreferrer\"  aria-label=\"Kullan\u0131m K\u0131lavuzu\"><span class='avia_button_icon avia_button_icon_left avia-svg-icon avia-font-svg_entypo-fontello' data-av_svg_icon='book-open' data-av_iconset='svg_entypo-fontello'><svg version=\"1.1\" xmlns=\"http:\/\/www.w3.org\/2000\/svg\" width=\"29\" height=\"32\" viewBox=\"0 0 29 32\" preserveAspectRatio=\"xMidYMid meet\" aria-labelledby='av-svg-title-1' aria-describedby='av-svg-desc-1' role=\"graphics-symbol\">\n<title id='av-svg-title-1'>Book-open<\/title>\n<desc id='av-svg-desc-1'>Book-open<\/desc>\n<path d=\"M10.88 19.584v2.176l-6.4-2.56v-2.176zM10.88 12.928v2.176l-6.4-2.56v-2.176zM28.096 1.856q0.704 0.384 0.704 1.344v20.48q0 1.088-1.024 1.472l-12.736 5.12q-0.256 0.064-0.32 0.064t-0.16 0.032-0.16 0.032-0.16-0.032-0.16-0.032l-0.32-0.064-12.736-5.12q-1.024-0.384-1.024-1.472v-20.48q0-0.96 0.704-1.344 0.704-0.512 1.472-0.192l12.224 4.928 12.224-4.928q0.768-0.32 1.472 0.192zM12.8 27.072v-17.92l-10.24-4.096v17.92zM26.24 22.976v-17.92l-10.24 4.096v17.92zM24.32 17.024v2.176l-6.4 2.56v-2.176zM24.32 10.368v2.176l-6.4 2.56v-2.176z\"><\/path>\n<\/svg><\/span><span class='avia_iconbox_title' >Kullan\u0131m K\u0131lavuzu<\/span><\/a><\/div> <div  id=\"btn_teknikbilgi\"  class='avia-button-wrap av-6qnp2-fda8ccb0c566209527a94d0f1d5004f7-wrap avia-button-left  avia-builder-el-1  el_after_av_button  avia-builder-el-last '><a href='javascript:void(0);'  class='avia-button av-6qnp2-fda8ccb0c566209527a94d0f1d5004f7 av-link-btn avia-icon_select-yes-left-icon avia-size-medium avia-position-left avia-color-theme-color-highlight'   aria-label=\"Teknik Bilgi\"><span class='avia_button_icon avia_button_icon_left avia-svg-icon avia-font-svg_entypo-fontello' data-av_svg_icon='cog' data-av_iconset='svg_entypo-fontello'><svg version=\"1.1\" xmlns=\"http:\/\/www.w3.org\/2000\/svg\" width=\"27\" height=\"32\" viewBox=\"0 0 27 32\" preserveAspectRatio=\"xMidYMid meet\" aria-labelledby='av-svg-title-2' aria-describedby='av-svg-desc-2' role=\"graphics-symbol\">\n<title id='av-svg-title-2'>Cog<\/title>\n<desc id='av-svg-desc-2'>Cog<\/desc>\n<path d=\"M24.32 16q0 2.304 2.56 3.904-0.384 1.28-1.088 2.624-2.24-0.576-4.352 1.408-1.728 1.856-1.088 4.352-1.28 0.64-2.688 1.152-1.472-2.624-4.224-2.624t-4.224 2.624q-1.408-0.512-2.688-1.152 0.64-2.56-1.088-4.352-1.728-1.728-4.352-1.088-0.448-0.832-1.088-2.624 2.624-1.664 2.624-4.224 0-2.304-2.624-3.968 0.64-1.792 1.088-2.624 2.368 0.576 4.352-1.408 1.728-1.792 1.088-4.352 1.344-0.704 2.688-1.088 1.472 2.56 4.224 2.56t4.224-2.56q1.344 0.384 2.688 1.088-0.64 2.496 1.088 4.352 2.112 1.984 4.352 1.408 0.704 1.344 1.088 2.624-2.56 1.6-2.56 3.968zM13.44 21.824q2.432 0 4.128-1.696t1.696-4.128-1.696-4.16-4.128-1.728-4.128 1.728-1.696 4.16 1.696 4.128 4.128 1.696z\"><\/path>\n<\/svg><\/span><span class='avia_iconbox_title' >Teknik Bilgi<\/span><\/a><\/div><\/p>\n","protected":false},"excerpt":{"rendered":"<p>B2B alan\u0131 ve farkl\u0131 yeteneklere hitap eden firmalar i\u00e7in \u00f6zel olarak haz\u0131rlanm\u0131\u015f son teknoloji mobilite \u00e7\u00f6z\u00fcm\u00fcne ho\u015f geldiniz &#8211; JT-200 Standart Ak\u00fcl\u00fc Tekerlekli Sandalye. Bu tekerlekli sandalye, yaln\u0131zca kullan\u0131c\u0131lar\u0131 mobilite ile g\u00fc\u00e7lendirmek i\u00e7in de\u011fil, ayn\u0131 zamanda i\u015fletmelere envanterleri i\u00e7in g\u00fcvenilir ve ekonomik bir \u00fcr\u00fcn sunmak i\u00e7in tasarlanm\u0131\u015f modern inovasyonun bir kan\u0131t\u0131d\u0131r. Sa\u011flam yap\u0131y\u0131 uygun fiyatla [&hellip;]<\/p>\n","protected":false},"featured_media":1472,"comment_status":"open","ping_status":"closed","template":"","meta":[],"product_brand":[],"product_cat":[302],"product_tag":[],"class_list":{"0":"post-1462","1":"product","2":"type-product","3":"status-publish","4":"has-post-thumbnail","6":"product_cat-akulu-tekerlekli-sandalye","8":"first","9":"outofstock","10":"sale","11":"taxable","12":"shipping-taxable","13":"purchasable","14":"product-type-simple"},"yoast_head":"<!-- This site is optimized with the Yoast SEO plugin v27.4 - https:\/\/yoast.com\/product\/yoast-seo-wordpress\/ -->\n<title>JT-200 Standart Ak\u00fcl\u00fc Tekerlekli Sandalye - \u0130ntegra Medikal | | Ma\u011faza<\/title>\n<meta name=\"robots\" content=\"index, follow, max-snippet:-1, max-image-preview:large, max-video-preview:-1\" \/>\n<link rel=\"canonical\" href=\"https:\/\/integramedikal.com\/magaza\/urun\/jt-200-standart-akulu-tekerlekli-sandalye\/\" \/>\n<meta property=\"og:locale\" content=\"tr_TR\" \/>\n<meta property=\"og:type\" content=\"article\" \/>\n<meta property=\"og:title\" content=\"JT-200 Standart Ak\u00fcl\u00fc Tekerlekli Sandalye - \u0130ntegra Medikal | | Ma\u011faza\" \/>\n<meta property=\"og:description\" content=\"B2B alan\u0131 ve farkl\u0131 yeteneklere hitap eden firmalar i\u00e7in \u00f6zel olarak haz\u0131rlanm\u0131\u015f son teknoloji mobilite \u00e7\u00f6z\u00fcm\u00fcne ho\u015f geldiniz &#8211; JT-200 Standart Ak\u00fcl\u00fc Tekerlekli Sandalye. Bu tekerlekli sandalye, yaln\u0131zca kullan\u0131c\u0131lar\u0131 mobilite ile g\u00fc\u00e7lendirmek i\u00e7in de\u011fil, ayn\u0131 zamanda i\u015fletmelere envanterleri i\u00e7in g\u00fcvenilir ve ekonomik bir \u00fcr\u00fcn sunmak i\u00e7in tasarlanm\u0131\u015f modern inovasyonun bir kan\u0131t\u0131d\u0131r. Sa\u011flam yap\u0131y\u0131 uygun fiyatla [&hellip;]\" \/>\n<meta property=\"og:url\" content=\"https:\/\/integramedikal.com\/magaza\/urun\/jt-200-standart-akulu-tekerlekli-sandalye\/\" \/>\n<meta property=\"og:site_name\" content=\"\u0130ntegra Medikal | | Ma\u011faza\" \/>\n<meta property=\"article:publisher\" content=\"https:\/\/www.facebook.com\/integramedikal1\" \/>\n<meta property=\"article:modified_time\" content=\"2026-01-09T07:00:07+00:00\" \/>\n<meta property=\"og:image\" content=\"https:\/\/integramedikal.com\/magaza\/wp-content\/uploads\/2025\/06\/db7.jpg\" \/>\n\t<meta property=\"og:image:width\" content=\"900\" \/>\n\t<meta property=\"og:image:height\" content=\"900\" \/>\n\t<meta property=\"og:image:type\" content=\"image\/jpeg\" \/>\n<meta name=\"twitter:card\" content=\"summary_large_image\" \/>\n<meta name=\"twitter:site\" content=\"@integramedikal\" \/>\n<meta name=\"twitter:label1\" content=\"Tahmini okuma s\u00fcresi\" \/>\n\t<meta name=\"twitter:data1\" content=\"3 dakika\" \/>\n<script type=\"application\/ld+json\" class=\"yoast-schema-graph\">{\"@context\":\"https:\\\/\\\/schema.org\",\"@graph\":[{\"@type\":\"WebPage\",\"@id\":\"https:\\\/\\\/integramedikal.com\\\/magaza\\\/urun\\\/jt-200-standart-akulu-tekerlekli-sandalye\\\/\",\"url\":\"https:\\\/\\\/integramedikal.com\\\/magaza\\\/urun\\\/jt-200-standart-akulu-tekerlekli-sandalye\\\/\",\"name\":\"JT-200 Standart Ak\u00fcl\u00fc Tekerlekli Sandalye - \u0130ntegra Medikal | | Ma\u011faza\",\"isPartOf\":{\"@id\":\"https:\\\/\\\/integramedikal.com\\\/magaza\\\/#website\"},\"primaryImageOfPage\":{\"@id\":\"https:\\\/\\\/integramedikal.com\\\/magaza\\\/urun\\\/jt-200-standart-akulu-tekerlekli-sandalye\\\/#primaryimage\"},\"image\":{\"@id\":\"https:\\\/\\\/integramedikal.com\\\/magaza\\\/urun\\\/jt-200-standart-akulu-tekerlekli-sandalye\\\/#primaryimage\"},\"thumbnailUrl\":\"https:\\\/\\\/integramedikal.com\\\/magaza\\\/wp-content\\\/uploads\\\/2025\\\/06\\\/db7.jpg\",\"datePublished\":\"2025-06-02T20:19:12+00:00\",\"dateModified\":\"2026-01-09T07:00:07+00:00\",\"breadcrumb\":{\"@id\":\"https:\\\/\\\/integramedikal.com\\\/magaza\\\/urun\\\/jt-200-standart-akulu-tekerlekli-sandalye\\\/#breadcrumb\"},\"inLanguage\":\"tr\",\"potentialAction\":[{\"@type\":\"ReadAction\",\"target\":[\"https:\\\/\\\/integramedikal.com\\\/magaza\\\/urun\\\/jt-200-standart-akulu-tekerlekli-sandalye\\\/\"]}]},{\"@type\":\"ImageObject\",\"inLanguage\":\"tr\",\"@id\":\"https:\\\/\\\/integramedikal.com\\\/magaza\\\/urun\\\/jt-200-standart-akulu-tekerlekli-sandalye\\\/#primaryimage\",\"url\":\"https:\\\/\\\/integramedikal.com\\\/magaza\\\/wp-content\\\/uploads\\\/2025\\\/06\\\/db7.jpg\",\"contentUrl\":\"https:\\\/\\\/integramedikal.com\\\/magaza\\\/wp-content\\\/uploads\\\/2025\\\/06\\\/db7.jpg\",\"width\":900,\"height\":900},{\"@type\":\"BreadcrumbList\",\"@id\":\"https:\\\/\\\/integramedikal.com\\\/magaza\\\/urun\\\/jt-200-standart-akulu-tekerlekli-sandalye\\\/#breadcrumb\",\"itemListElement\":[{\"@type\":\"ListItem\",\"position\":1,\"name\":\"Anasayfa\",\"item\":\"https:\\\/\\\/integramedikal.com\\\/magaza\\\/anasayfa\\\/\"},{\"@type\":\"ListItem\",\"position\":2,\"name\":\"Shop\",\"item\":\"https:\\\/\\\/integramedikal.com\\\/magaza\\\/shop\\\/\"},{\"@type\":\"ListItem\",\"position\":3,\"name\":\"JT-200 Standart Ak\u00fcl\u00fc Tekerlekli Sandalye\"}]},{\"@type\":\"WebSite\",\"@id\":\"https:\\\/\\\/integramedikal.com\\\/magaza\\\/#website\",\"url\":\"https:\\\/\\\/integramedikal.com\\\/magaza\\\/\",\"name\":\"\u0130ntegra Medikal < | | >Ma\u011faza\",\"description\":\"Sa\u011fl\u0131kta Kalite | Sekt\u00f6rde 25. Y\u0131l\",\"publisher\":{\"@id\":\"https:\\\/\\\/integramedikal.com\\\/magaza\\\/#organization\"},\"potentialAction\":[{\"@type\":\"SearchAction\",\"target\":{\"@type\":\"EntryPoint\",\"urlTemplate\":\"https:\\\/\\\/integramedikal.com\\\/magaza\\\/?s={search_term_string}\"},\"query-input\":{\"@type\":\"PropertyValueSpecification\",\"valueRequired\":true,\"valueName\":\"search_term_string\"}}],\"inLanguage\":\"tr\"},{\"@type\":\"Organization\",\"@id\":\"https:\\\/\\\/integramedikal.com\\\/magaza\\\/#organization\",\"name\":\"\u0130ntegra Medikal < | | >Ma\u011faza\",\"url\":\"https:\\\/\\\/integramedikal.com\\\/magaza\\\/\",\"logo\":{\"@type\":\"ImageObject\",\"inLanguage\":\"tr\",\"@id\":\"https:\\\/\\\/integramedikal.com\\\/magaza\\\/#\\\/schema\\\/logo\\\/image\\\/\",\"url\":\"https:\\\/\\\/integramedikal.com\\\/magaza\\\/wp-content\\\/uploads\\\/2025\\\/06\\\/integra-logo-1.png\",\"contentUrl\":\"https:\\\/\\\/integramedikal.com\\\/magaza\\\/wp-content\\\/uploads\\\/2025\\\/06\\\/integra-logo-1.png\",\"width\":340,\"height\":156,\"caption\":\"\u0130ntegra Medikal < | | >Ma\u011faza\"},\"image\":{\"@id\":\"https:\\\/\\\/integramedikal.com\\\/magaza\\\/#\\\/schema\\\/logo\\\/image\\\/\"},\"sameAs\":[\"https:\\\/\\\/www.facebook.com\\\/integramedikal1\",\"https:\\\/\\\/x.com\\\/integramedikal\",\"https:\\\/\\\/www.instagram.com\\\/integramedikal\\\/\",\"https:\\\/\\\/www.youtube.com\\\/user\\\/integramedikal\"]}]}<\/script>\n<!-- \/ Yoast SEO plugin. -->","yoast_head_json":{"title":"JT-200 Standart Ak\u00fcl\u00fc Tekerlekli Sandalye - \u0130ntegra Medikal | | Ma\u011faza","robots":{"index":"index","follow":"follow","max-snippet":"max-snippet:-1","max-image-preview":"max-image-preview:large","max-video-preview":"max-video-preview:-1"},"canonical":"https:\/\/integramedikal.com\/magaza\/urun\/jt-200-standart-akulu-tekerlekli-sandalye\/","og_locale":"tr_TR","og_type":"article","og_title":"JT-200 Standart Ak\u00fcl\u00fc Tekerlekli Sandalye - \u0130ntegra Medikal | | Ma\u011faza","og_description":"B2B alan\u0131 ve farkl\u0131 yeteneklere hitap eden firmalar i\u00e7in \u00f6zel olarak haz\u0131rlanm\u0131\u015f son teknoloji mobilite \u00e7\u00f6z\u00fcm\u00fcne ho\u015f geldiniz &#8211; JT-200 Standart Ak\u00fcl\u00fc Tekerlekli Sandalye. Bu tekerlekli sandalye, yaln\u0131zca kullan\u0131c\u0131lar\u0131 mobilite ile g\u00fc\u00e7lendirmek i\u00e7in de\u011fil, ayn\u0131 zamanda i\u015fletmelere envanterleri i\u00e7in g\u00fcvenilir ve ekonomik bir \u00fcr\u00fcn sunmak i\u00e7in tasarlanm\u0131\u015f modern inovasyonun bir kan\u0131t\u0131d\u0131r. Sa\u011flam yap\u0131y\u0131 uygun fiyatla [&hellip;]","og_url":"https:\/\/integramedikal.com\/magaza\/urun\/jt-200-standart-akulu-tekerlekli-sandalye\/","og_site_name":"\u0130ntegra Medikal | | Ma\u011faza","article_publisher":"https:\/\/www.facebook.com\/integramedikal1","article_modified_time":"2026-01-09T07:00:07+00:00","og_image":[{"width":900,"height":900,"url":"https:\/\/integramedikal.com\/magaza\/wp-content\/uploads\/2025\/06\/db7.jpg","type":"image\/jpeg"}],"twitter_card":"summary_large_image","twitter_site":"@integramedikal","twitter_misc":{"Tahmini okuma s\u00fcresi":"3 dakika"},"schema":{"@context":"https:\/\/schema.org","@graph":[{"@type":"WebPage","@id":"https:\/\/integramedikal.com\/magaza\/urun\/jt-200-standart-akulu-tekerlekli-sandalye\/","url":"https:\/\/integramedikal.com\/magaza\/urun\/jt-200-standart-akulu-tekerlekli-sandalye\/","name":"JT-200 Standart Ak\u00fcl\u00fc Tekerlekli Sandalye - \u0130ntegra Medikal | | Ma\u011faza","isPartOf":{"@id":"https:\/\/integramedikal.com\/magaza\/#website"},"primaryImageOfPage":{"@id":"https:\/\/integramedikal.com\/magaza\/urun\/jt-200-standart-akulu-tekerlekli-sandalye\/#primaryimage"},"image":{"@id":"https:\/\/integramedikal.com\/magaza\/urun\/jt-200-standart-akulu-tekerlekli-sandalye\/#primaryimage"},"thumbnailUrl":"https:\/\/integramedikal.com\/magaza\/wp-content\/uploads\/2025\/06\/db7.jpg","datePublished":"2025-06-02T20:19:12+00:00","dateModified":"2026-01-09T07:00:07+00:00","breadcrumb":{"@id":"https:\/\/integramedikal.com\/magaza\/urun\/jt-200-standart-akulu-tekerlekli-sandalye\/#breadcrumb"},"inLanguage":"tr","potentialAction":[{"@type":"ReadAction","target":["https:\/\/integramedikal.com\/magaza\/urun\/jt-200-standart-akulu-tekerlekli-sandalye\/"]}]},{"@type":"ImageObject","inLanguage":"tr","@id":"https:\/\/integramedikal.com\/magaza\/urun\/jt-200-standart-akulu-tekerlekli-sandalye\/#primaryimage","url":"https:\/\/integramedikal.com\/magaza\/wp-content\/uploads\/2025\/06\/db7.jpg","contentUrl":"https:\/\/integramedikal.com\/magaza\/wp-content\/uploads\/2025\/06\/db7.jpg","width":900,"height":900},{"@type":"BreadcrumbList","@id":"https:\/\/integramedikal.com\/magaza\/urun\/jt-200-standart-akulu-tekerlekli-sandalye\/#breadcrumb","itemListElement":[{"@type":"ListItem","position":1,"name":"Anasayfa","item":"https:\/\/integramedikal.com\/magaza\/anasayfa\/"},{"@type":"ListItem","position":2,"name":"Shop","item":"https:\/\/integramedikal.com\/magaza\/shop\/"},{"@type":"ListItem","position":3,"name":"JT-200 Standart Ak\u00fcl\u00fc Tekerlekli Sandalye"}]},{"@type":"WebSite","@id":"https:\/\/integramedikal.com\/magaza\/#website","url":"https:\/\/integramedikal.com\/magaza\/","name":"\u0130ntegra Medikal < | | >Ma\u011faza","description":"Sa\u011fl\u0131kta Kalite | Sekt\u00f6rde 25. Y\u0131l","publisher":{"@id":"https:\/\/integramedikal.com\/magaza\/#organization"},"potentialAction":[{"@type":"SearchAction","target":{"@type":"EntryPoint","urlTemplate":"https:\/\/integramedikal.com\/magaza\/?s={search_term_string}"},"query-input":{"@type":"PropertyValueSpecification","valueRequired":true,"valueName":"search_term_string"}}],"inLanguage":"tr"},{"@type":"Organization","@id":"https:\/\/integramedikal.com\/magaza\/#organization","name":"\u0130ntegra Medikal < | | >Ma\u011faza","url":"https:\/\/integramedikal.com\/magaza\/","logo":{"@type":"ImageObject","inLanguage":"tr","@id":"https:\/\/integramedikal.com\/magaza\/#\/schema\/logo\/image\/","url":"https:\/\/integramedikal.com\/magaza\/wp-content\/uploads\/2025\/06\/integra-logo-1.png","contentUrl":"https:\/\/integramedikal.com\/magaza\/wp-content\/uploads\/2025\/06\/integra-logo-1.png","width":340,"height":156,"caption":"\u0130ntegra Medikal < | | >Ma\u011faza"},"image":{"@id":"https:\/\/integramedikal.com\/magaza\/#\/schema\/logo\/image\/"},"sameAs":["https:\/\/www.facebook.com\/integramedikal1","https:\/\/x.com\/integramedikal","https:\/\/www.instagram.com\/integramedikal\/","https:\/\/www.youtube.com\/user\/integramedikal"]}]}},"_links":{"self":[{"href":"https:\/\/integramedikal.com\/magaza\/wp-json\/wp\/v2\/product\/1462","targetHints":{"allow":["GET"]}}],"collection":[{"href":"https:\/\/integramedikal.com\/magaza\/wp-json\/wp\/v2\/product"}],"about":[{"href":"https:\/\/integramedikal.com\/magaza\/wp-json\/wp\/v2\/types\/product"}],"replies":[{"embeddable":true,"href":"https:\/\/integramedikal.com\/magaza\/wp-json\/wp\/v2\/comments?post=1462"}],"wp:featuredmedia":[{"embeddable":true,"href":"https:\/\/integramedikal.com\/magaza\/wp-json\/wp\/v2\/media\/1472"}],"wp:attachment":[{"href":"https:\/\/integramedikal.com\/magaza\/wp-json\/wp\/v2\/media?parent=1462"}],"wp:term":[{"taxonomy":"product_brand","embeddable":true,"href":"https:\/\/integramedikal.com\/magaza\/wp-json\/wp\/v2\/product_brand?post=1462"},{"taxonomy":"product_cat","embeddable":true,"href":"https:\/\/integramedikal.com\/magaza\/wp-json\/wp\/v2\/product_cat?post=1462"},{"taxonomy":"product_tag","embeddable":true,"href":"https:\/\/integramedikal.com\/magaza\/wp-json\/wp\/v2\/product_tag?post=1462"}],"curies":[{"name":"wp","href":"https:\/\/api.w.org\/{rel}","templated":true}]}}