{"id":1399,"date":"2025-06-02T23:16:12","date_gmt":"2025-06-02T20:16:12","guid":{"rendered":"https:\/\/integramedikal.com\/magaza\/?post_type=product&#038;p=1399"},"modified":"2026-02-26T15:56:24","modified_gmt":"2026-02-26T12:56:24","slug":"jt-124-akulu-tekerlekli-sandalye","status":"publish","type":"product","link":"https:\/\/integramedikal.com\/magaza\/urun\/jt-124-akulu-tekerlekli-sandalye\/","title":{"rendered":"JT-124 Ak\u00fcl\u00fc Tekerlekli Sandalye"},"content":{"rendered":"<div>Bireyleri g\u00fc\u00e7lendirmek ve \u00e7e\u015fitli ortamlardaki kullan\u0131c\u0131lar\u0131n ya\u015famlar\u0131n\u0131 zenginle\u015ftirmek i\u00e7in tasarlanm\u0131\u015f son teknoloji bir \u00e7\u00f6z\u00fcm olan JT-124 Ak\u00fcl\u00fc Tekerlekli Sandalye ile rahatl\u0131k ve mobilite d\u00fcnyas\u0131n\u0131n kilidini a\u00e7\u0131n. \u0130novasyonun \u00f6z\u00fc, B2B sekt\u00f6r\u00fc ve farkl\u0131 engelliler i\u00e7in ula\u015f\u0131m yard\u0131mlar\u0131na odaklanan i\u015fletmeler i\u00e7in titizlikle uyarlanm\u0131\u015f bu \u00fcr\u00fcnde yakalanm\u0131\u015ft\u0131r. Bu ak\u00fcl\u00fc tekerlekli sandalye bir \u00fcr\u00fcnden daha fazlas\u0131d\u0131r; Ki\u015fisel mobilite alan\u0131nda yeni bir standart belirleyen, hizmet verdi\u011fi ki\u015filer i\u00e7in bir \u00f6zerklik i\u015faretidir.<\/div>\n<div><\/div>\n<div>Sa\u011flam bir g\u00f6vde yap\u0131s\u0131 ile \u00fcretilen JT-124, dayan\u0131kl\u0131l\u0131k ve g\u00fcvenilirlik a\u00e7\u0131s\u0131ndan di\u011ferlerinden ayr\u0131l\u0131r. Ola\u011fan\u00fcst\u00fc tasar\u0131m\u0131 ile sadece uzun \u00f6m\u00fcr vaat etmekle kalmaz, ayn\u0131 zamanda kullan\u0131c\u0131lar\u0131n g\u00fcnl\u00fck ya\u015famlar\u0131nda kolayl\u0131kla ve g\u00fcvenle gezinmelerini sa\u011flar. Bu tekerlekli sandalyenin hem kullan\u0131c\u0131 odakl\u0131l\u0131k hem de ekonomik duyarl\u0131l\u0131k g\u00f6z \u00f6n\u00fcnde bulundurularak \u00f6zel olarak haz\u0131rlanm\u0131\u015f olmas\u0131, onu mobilite alan\u0131nda birinci s\u0131n\u0131f \u00e7\u00f6z\u00fcmler sunmak isteyen \u015firketler i\u00e7in kar\u015f\u0131 konulmaz bir teklif haline getiriyor.<\/div>\n<div><\/div>\n<div><b>Ola\u011fan\u00fcst\u00fc Dayan\u0131kl\u0131l\u0131k ve Konfor<\/b><\/div>\n<div><b><br \/><\/b><\/div>\n<div>JT-124 Ak\u00fcl\u00fc Tekerlekli Sandalyenin her y\u00f6n\u00fc dayan\u0131kl\u0131l\u0131\u011f\u0131 hayk\u0131r\u0131yor. Bu tekerlekli sandalye, s\u00fcrekli kullan\u0131m\u0131n g\u00fcnl\u00fck taleplerine dayanabilen g\u00fc\u00e7l\u00fc bir g\u00f6vde yap\u0131s\u0131 ile donat\u0131lm\u0131\u015ft\u0131r ve kullan\u0131c\u0131 i\u00e7in sorunsuz ve g\u00fcvenli bir deneyim sa\u011flar. M\u00fc\u015fterilerimizin titiz standartlar\u0131n\u0131 kar\u015f\u0131lamak i\u00e7in \u00f6zenle tasarlanm\u0131\u015f olup, sa\u011flam yap\u0131 kalitesiyle g\u00f6n\u00fcl rahatl\u0131\u011f\u0131 sa\u011flar. Kullan\u0131c\u0131lar taraf\u0131ndan geni\u015f \u00e7apta kabul g\u00f6rmesi ve takdir edilmesi, tavsiye edilmeye de\u011fer ve kullan\u0131c\u0131 onayl\u0131 bir mobilite \u00e7\u00f6z\u00fcm\u00fc olarak sahip oldu\u011fu \u00fcn\u00fcn\u00fcn alt\u0131n\u0131 \u00e7iziyor.<\/div>\n<div>B2B ili\u015fkilerinde g\u00fcvenin kritik do\u011fas\u0131n\u0131 anlayan JT-124, 2 y\u0131ll\u0131k c\u00f6mert bir garanti ile birlikte gelir. Kaliteye ve m\u00fc\u015fteri memnuniyetine olan bu ba\u011fl\u0131l\u0131\u011f\u0131m\u0131z, zamana direnen \u00fcr\u00fcnler sunmaya olan ba\u011fl\u0131l\u0131\u011f\u0131m\u0131z\u0131 yans\u0131tmaktad\u0131r. Yat\u0131r\u0131m\u0131n\u0131z sadece tekerlekli sandalyeye de\u011fil, ayn\u0131 zamanda g\u00fcvenilir bir garantinin getirdi\u011fi g\u00fcvence ve g\u00fcvenli\u011fe de ba\u011fl\u0131d\u0131r.<\/div>\n<div><\/div>\n<div><b>Ekonomik ve Verimli Sat\u0131n Alma<\/b><\/div>\n<div><b><br \/><\/b><\/div>\n<div>G\u00fcn\u00fcm\u00fcz\u00fcn h\u0131zl\u0131 tempolu d\u00fcnyas\u0131nda, kaliteyi maliyet etkinli\u011fi ile harmanlayan ekonomik bir \u00fcr\u00fcn\u00fcn de\u011feri g\u00f6z ard\u0131 edilemez. JT-124 Ak\u00fcl\u00fc Tekerlekli Sandalye, i\u015fletme sat\u0131n al\u0131mlar\u0131n\u0131 y\u00f6neten finansal k\u0131s\u0131tlamalar ve stratejik b\u00fct\u00e7eleme dikkate al\u0131narak geli\u015ftirilmi\u015ftir. Bu dayan\u0131kl\u0131l\u0131\u011f\u0131 ve performans\u0131 ile geri d\u00f6n\u00fc\u015f sa\u011flayan kaliteli bir \u00fcr\u00fcne yap\u0131lan yat\u0131r\u0131md\u0131r. Tekerlekli sandalyemiz, y\u00fcksek kalite ve uygun fiyat\u0131n ger\u00e7ekten el ele gidebilece\u011fi felsefesinin bir kan\u0131t\u0131d\u0131r.<\/div>\n<div><\/div>\n<div>JT-124&#8217;\u00fcn \u00e7ekicili\u011fine ek olarak, h\u0131zl\u0131 sevkiyat taahh\u00fcd\u00fcm\u00fcz de var. Kritik bir kaynak olarak zamana de\u011fer veren bir pazarda, teslimat s\u00fcrecini h\u0131zland\u0131rma yetene\u011fimiz bizi farkl\u0131 k\u0131l\u0131yor ve B2B i\u015flemlerinin talepleri ve dinamikleri ile uyumlu. \u0130\u00e7iniz rahat olsun, JT-124 Ak\u00fcl\u00fc Tekerlekli Sandalyeyi se\u00e7mek, \u00fcr\u00fcn kalitesinden veya m\u00fc\u015fteri hizmetleri m\u00fckemmelli\u011finden \u00f6d\u00fcn vermeden kolayla\u015ft\u0131r\u0131lm\u0131\u015f, verimli bir tedarik s\u00fcrecini tercih etmek anlam\u0131na gelir<\/div>\n<div><\/div>\n<p><div  id=\"btn_klavuz\"  class='avia-button-wrap av-av_button-63c4cf517af02605c41ae2fc62b908e5-wrap avia-button-left  avia-builder-el-0  el_before_av_button  avia-builder-el-first '><a href='https:\/\/www.integramedikal.com\/magaza\/upload\/kilavuz\/54-jt-124-akulu-tekerlekli-sandalye.pdf'  class='avia-button av-av_button-63c4cf517af02605c41ae2fc62b908e5 av-link-btn avia-icon_select-yes-left-icon avia-size-medium avia-position-left avia-color-theme-color-highlight'  target=\"_blank\"  rel=\"noopener noreferrer\"  aria-label=\"Kullan\u0131m K\u0131lavuzu\"><span class='avia_button_icon avia_button_icon_left avia-svg-icon avia-font-svg_entypo-fontello' data-av_svg_icon='book-open' data-av_iconset='svg_entypo-fontello'><svg version=\"1.1\" xmlns=\"http:\/\/www.w3.org\/2000\/svg\" width=\"29\" height=\"32\" viewBox=\"0 0 29 32\" preserveAspectRatio=\"xMidYMid meet\" aria-labelledby='av-svg-title-1' aria-describedby='av-svg-desc-1' role=\"graphics-symbol\">\n<title id='av-svg-title-1'>Book-open<\/title>\n<desc id='av-svg-desc-1'>Book-open<\/desc>\n<path d=\"M10.88 19.584v2.176l-6.4-2.56v-2.176zM10.88 12.928v2.176l-6.4-2.56v-2.176zM28.096 1.856q0.704 0.384 0.704 1.344v20.48q0 1.088-1.024 1.472l-12.736 5.12q-0.256 0.064-0.32 0.064t-0.16 0.032-0.16 0.032-0.16-0.032-0.16-0.032l-0.32-0.064-12.736-5.12q-1.024-0.384-1.024-1.472v-20.48q0-0.96 0.704-1.344 0.704-0.512 1.472-0.192l12.224 4.928 12.224-4.928q0.768-0.32 1.472 0.192zM12.8 27.072v-17.92l-10.24-4.096v17.92zM26.24 22.976v-17.92l-10.24 4.096v17.92zM24.32 17.024v2.176l-6.4 2.56v-2.176zM24.32 10.368v2.176l-6.4 2.56v-2.176z\"><\/path>\n<\/svg><\/span><span class='avia_iconbox_title' >Kullan\u0131m K\u0131lavuzu<\/span><\/a><\/div> <div  id=\"btn_teknikbilgi\"  class='avia-button-wrap av-av_button-e069d87ec5d6298b9b6c476e2dc5aa4e-wrap avia-button-left  avia-builder-el-1  el_after_av_button  avia-builder-el-last '><a href='javascript:void(0);'  class='avia-button av-av_button-e069d87ec5d6298b9b6c476e2dc5aa4e av-link-btn avia-icon_select-yes-left-icon avia-size-medium avia-position-left avia-color-theme-color-highlight'   aria-label=\"Teknik Bilgi\"><span class='avia_button_icon avia_button_icon_left avia-svg-icon avia-font-svg_entypo-fontello' data-av_svg_icon='cog' data-av_iconset='svg_entypo-fontello'><svg version=\"1.1\" xmlns=\"http:\/\/www.w3.org\/2000\/svg\" width=\"27\" height=\"32\" viewBox=\"0 0 27 32\" preserveAspectRatio=\"xMidYMid meet\" aria-labelledby='av-svg-title-2' aria-describedby='av-svg-desc-2' role=\"graphics-symbol\">\n<title id='av-svg-title-2'>Cog<\/title>\n<desc id='av-svg-desc-2'>Cog<\/desc>\n<path d=\"M24.32 16q0 2.304 2.56 3.904-0.384 1.28-1.088 2.624-2.24-0.576-4.352 1.408-1.728 1.856-1.088 4.352-1.28 0.64-2.688 1.152-1.472-2.624-4.224-2.624t-4.224 2.624q-1.408-0.512-2.688-1.152 0.64-2.56-1.088-4.352-1.728-1.728-4.352-1.088-0.448-0.832-1.088-2.624 2.624-1.664 2.624-4.224 0-2.304-2.624-3.968 0.64-1.792 1.088-2.624 2.368 0.576 4.352-1.408 1.728-1.792 1.088-4.352 1.344-0.704 2.688-1.088 1.472 2.56 4.224 2.56t4.224-2.56q1.344 0.384 2.688 1.088-0.64 2.496 1.088 4.352 2.112 1.984 4.352 1.408 0.704 1.344 1.088 2.624-2.56 1.6-2.56 3.968zM13.44 21.824q2.432 0 4.128-1.696t1.696-4.128-1.696-4.16-4.128-1.728-4.128 1.728-1.696 4.16 1.696 4.128 4.128 1.696z\"><\/path>\n<\/svg><\/span><span class='avia_iconbox_title' >Teknik Bilgi<\/span><\/a><\/div><\/p>\n","protected":false},"excerpt":{"rendered":"<p>Bireyleri g\u00fc\u00e7lendirmek ve \u00e7e\u015fitli ortamlardaki kullan\u0131c\u0131lar\u0131n ya\u015famlar\u0131n\u0131 zenginle\u015ftirmek i\u00e7in tasarlanm\u0131\u015f son teknoloji bir \u00e7\u00f6z\u00fcm olan JT-124 Ak\u00fcl\u00fc Tekerlekli Sandalye ile rahatl\u0131k ve mobilite d\u00fcnyas\u0131n\u0131n kilidini a\u00e7\u0131n. \u0130novasyonun \u00f6z\u00fc, B2B sekt\u00f6r\u00fc ve farkl\u0131 engelliler i\u00e7in ula\u015f\u0131m yard\u0131mlar\u0131na odaklanan i\u015fletmeler i\u00e7in titizlikle uyarlanm\u0131\u015f bu \u00fcr\u00fcnde yakalanm\u0131\u015ft\u0131r. Bu ak\u00fcl\u00fc tekerlekli sandalye bir \u00fcr\u00fcnden daha fazlas\u0131d\u0131r; Ki\u015fisel mobilite alan\u0131nda [&hellip;]<\/p>\n","protected":false},"featured_media":1450,"comment_status":"open","ping_status":"closed","template":"","meta":[],"product_brand":[],"product_cat":[302],"product_tag":[],"class_list":{"0":"post-1399","1":"product","2":"type-product","3":"status-publish","4":"has-post-thumbnail","6":"product_cat-akulu-tekerlekli-sandalye","8":"first","9":"outofstock","10":"sale","11":"taxable","12":"shipping-taxable","13":"purchasable","14":"product-type-simple"},"yoast_head":"<!-- This site is optimized with the Yoast SEO plugin v27.4 - https:\/\/yoast.com\/product\/yoast-seo-wordpress\/ -->\n<title>JT-124 Ak\u00fcl\u00fc Tekerlekli Sandalye - \u0130ntegra Medikal | | Ma\u011faza<\/title>\n<meta name=\"robots\" content=\"index, follow, max-snippet:-1, max-image-preview:large, max-video-preview:-1\" \/>\n<link rel=\"canonical\" href=\"https:\/\/integramedikal.com\/magaza\/urun\/jt-124-akulu-tekerlekli-sandalye\/\" \/>\n<meta property=\"og:locale\" content=\"tr_TR\" \/>\n<meta property=\"og:type\" content=\"article\" \/>\n<meta property=\"og:title\" content=\"JT-124 Ak\u00fcl\u00fc Tekerlekli Sandalye - \u0130ntegra Medikal | | Ma\u011faza\" \/>\n<meta property=\"og:description\" content=\"Bireyleri g\u00fc\u00e7lendirmek ve \u00e7e\u015fitli ortamlardaki kullan\u0131c\u0131lar\u0131n ya\u015famlar\u0131n\u0131 zenginle\u015ftirmek i\u00e7in tasarlanm\u0131\u015f son teknoloji bir \u00e7\u00f6z\u00fcm olan JT-124 Ak\u00fcl\u00fc Tekerlekli Sandalye ile rahatl\u0131k ve mobilite d\u00fcnyas\u0131n\u0131n kilidini a\u00e7\u0131n. \u0130novasyonun \u00f6z\u00fc, B2B sekt\u00f6r\u00fc ve farkl\u0131 engelliler i\u00e7in ula\u015f\u0131m yard\u0131mlar\u0131na odaklanan i\u015fletmeler i\u00e7in titizlikle uyarlanm\u0131\u015f bu \u00fcr\u00fcnde yakalanm\u0131\u015ft\u0131r. Bu ak\u00fcl\u00fc tekerlekli sandalye bir \u00fcr\u00fcnden daha fazlas\u0131d\u0131r; Ki\u015fisel mobilite alan\u0131nda [&hellip;]\" \/>\n<meta property=\"og:url\" content=\"https:\/\/integramedikal.com\/magaza\/urun\/jt-124-akulu-tekerlekli-sandalye\/\" \/>\n<meta property=\"og:site_name\" content=\"\u0130ntegra Medikal | | Ma\u011faza\" \/>\n<meta property=\"article:publisher\" content=\"https:\/\/www.facebook.com\/integramedikal1\" \/>\n<meta property=\"article:modified_time\" content=\"2026-02-26T12:56:24+00:00\" \/>\n<meta property=\"og:image\" content=\"https:\/\/integramedikal.com\/magaza\/wp-content\/uploads\/2025\/06\/8013-1.jpg\" \/>\n\t<meta property=\"og:image:width\" content=\"900\" \/>\n\t<meta property=\"og:image:height\" content=\"900\" \/>\n\t<meta property=\"og:image:type\" content=\"image\/jpeg\" \/>\n<meta name=\"twitter:card\" content=\"summary_large_image\" \/>\n<meta name=\"twitter:site\" content=\"@integramedikal\" \/>\n<meta name=\"twitter:label1\" content=\"Tahmini okuma s\u00fcresi\" \/>\n\t<meta name=\"twitter:data1\" content=\"3 dakika\" \/>\n<script type=\"application\/ld+json\" class=\"yoast-schema-graph\">{\"@context\":\"https:\\\/\\\/schema.org\",\"@graph\":[{\"@type\":\"WebPage\",\"@id\":\"https:\\\/\\\/integramedikal.com\\\/magaza\\\/urun\\\/jt-124-akulu-tekerlekli-sandalye\\\/\",\"url\":\"https:\\\/\\\/integramedikal.com\\\/magaza\\\/urun\\\/jt-124-akulu-tekerlekli-sandalye\\\/\",\"name\":\"JT-124 Ak\u00fcl\u00fc Tekerlekli Sandalye - \u0130ntegra Medikal | | Ma\u011faza\",\"isPartOf\":{\"@id\":\"https:\\\/\\\/integramedikal.com\\\/magaza\\\/#website\"},\"primaryImageOfPage\":{\"@id\":\"https:\\\/\\\/integramedikal.com\\\/magaza\\\/urun\\\/jt-124-akulu-tekerlekli-sandalye\\\/#primaryimage\"},\"image\":{\"@id\":\"https:\\\/\\\/integramedikal.com\\\/magaza\\\/urun\\\/jt-124-akulu-tekerlekli-sandalye\\\/#primaryimage\"},\"thumbnailUrl\":\"https:\\\/\\\/integramedikal.com\\\/magaza\\\/wp-content\\\/uploads\\\/2025\\\/06\\\/8013-1.jpg\",\"datePublished\":\"2025-06-02T20:16:12+00:00\",\"dateModified\":\"2026-02-26T12:56:24+00:00\",\"breadcrumb\":{\"@id\":\"https:\\\/\\\/integramedikal.com\\\/magaza\\\/urun\\\/jt-124-akulu-tekerlekli-sandalye\\\/#breadcrumb\"},\"inLanguage\":\"tr\",\"potentialAction\":[{\"@type\":\"ReadAction\",\"target\":[\"https:\\\/\\\/integramedikal.com\\\/magaza\\\/urun\\\/jt-124-akulu-tekerlekli-sandalye\\\/\"]}]},{\"@type\":\"ImageObject\",\"inLanguage\":\"tr\",\"@id\":\"https:\\\/\\\/integramedikal.com\\\/magaza\\\/urun\\\/jt-124-akulu-tekerlekli-sandalye\\\/#primaryimage\",\"url\":\"https:\\\/\\\/integramedikal.com\\\/magaza\\\/wp-content\\\/uploads\\\/2025\\\/06\\\/8013-1.jpg\",\"contentUrl\":\"https:\\\/\\\/integramedikal.com\\\/magaza\\\/wp-content\\\/uploads\\\/2025\\\/06\\\/8013-1.jpg\",\"width\":900,\"height\":900},{\"@type\":\"BreadcrumbList\",\"@id\":\"https:\\\/\\\/integramedikal.com\\\/magaza\\\/urun\\\/jt-124-akulu-tekerlekli-sandalye\\\/#breadcrumb\",\"itemListElement\":[{\"@type\":\"ListItem\",\"position\":1,\"name\":\"Anasayfa\",\"item\":\"https:\\\/\\\/integramedikal.com\\\/magaza\\\/anasayfa\\\/\"},{\"@type\":\"ListItem\",\"position\":2,\"name\":\"Shop\",\"item\":\"https:\\\/\\\/integramedikal.com\\\/magaza\\\/shop\\\/\"},{\"@type\":\"ListItem\",\"position\":3,\"name\":\"JT-124 Ak\u00fcl\u00fc Tekerlekli Sandalye\"}]},{\"@type\":\"WebSite\",\"@id\":\"https:\\\/\\\/integramedikal.com\\\/magaza\\\/#website\",\"url\":\"https:\\\/\\\/integramedikal.com\\\/magaza\\\/\",\"name\":\"\u0130ntegra Medikal < | | >Ma\u011faza\",\"description\":\"Sa\u011fl\u0131kta Kalite | Sekt\u00f6rde 25. Y\u0131l\",\"publisher\":{\"@id\":\"https:\\\/\\\/integramedikal.com\\\/magaza\\\/#organization\"},\"potentialAction\":[{\"@type\":\"SearchAction\",\"target\":{\"@type\":\"EntryPoint\",\"urlTemplate\":\"https:\\\/\\\/integramedikal.com\\\/magaza\\\/?s={search_term_string}\"},\"query-input\":{\"@type\":\"PropertyValueSpecification\",\"valueRequired\":true,\"valueName\":\"search_term_string\"}}],\"inLanguage\":\"tr\"},{\"@type\":\"Organization\",\"@id\":\"https:\\\/\\\/integramedikal.com\\\/magaza\\\/#organization\",\"name\":\"\u0130ntegra Medikal < | | >Ma\u011faza\",\"url\":\"https:\\\/\\\/integramedikal.com\\\/magaza\\\/\",\"logo\":{\"@type\":\"ImageObject\",\"inLanguage\":\"tr\",\"@id\":\"https:\\\/\\\/integramedikal.com\\\/magaza\\\/#\\\/schema\\\/logo\\\/image\\\/\",\"url\":\"https:\\\/\\\/integramedikal.com\\\/magaza\\\/wp-content\\\/uploads\\\/2025\\\/06\\\/integra-logo-1.png\",\"contentUrl\":\"https:\\\/\\\/integramedikal.com\\\/magaza\\\/wp-content\\\/uploads\\\/2025\\\/06\\\/integra-logo-1.png\",\"width\":340,\"height\":156,\"caption\":\"\u0130ntegra Medikal < | | >Ma\u011faza\"},\"image\":{\"@id\":\"https:\\\/\\\/integramedikal.com\\\/magaza\\\/#\\\/schema\\\/logo\\\/image\\\/\"},\"sameAs\":[\"https:\\\/\\\/www.facebook.com\\\/integramedikal1\",\"https:\\\/\\\/x.com\\\/integramedikal\",\"https:\\\/\\\/www.instagram.com\\\/integramedikal\\\/\",\"https:\\\/\\\/www.youtube.com\\\/user\\\/integramedikal\"]}]}<\/script>\n<!-- \/ Yoast SEO plugin. -->","yoast_head_json":{"title":"JT-124 Ak\u00fcl\u00fc Tekerlekli Sandalye - \u0130ntegra Medikal | | Ma\u011faza","robots":{"index":"index","follow":"follow","max-snippet":"max-snippet:-1","max-image-preview":"max-image-preview:large","max-video-preview":"max-video-preview:-1"},"canonical":"https:\/\/integramedikal.com\/magaza\/urun\/jt-124-akulu-tekerlekli-sandalye\/","og_locale":"tr_TR","og_type":"article","og_title":"JT-124 Ak\u00fcl\u00fc Tekerlekli Sandalye - \u0130ntegra Medikal | | Ma\u011faza","og_description":"Bireyleri g\u00fc\u00e7lendirmek ve \u00e7e\u015fitli ortamlardaki kullan\u0131c\u0131lar\u0131n ya\u015famlar\u0131n\u0131 zenginle\u015ftirmek i\u00e7in tasarlanm\u0131\u015f son teknoloji bir \u00e7\u00f6z\u00fcm olan JT-124 Ak\u00fcl\u00fc Tekerlekli Sandalye ile rahatl\u0131k ve mobilite d\u00fcnyas\u0131n\u0131n kilidini a\u00e7\u0131n. \u0130novasyonun \u00f6z\u00fc, B2B sekt\u00f6r\u00fc ve farkl\u0131 engelliler i\u00e7in ula\u015f\u0131m yard\u0131mlar\u0131na odaklanan i\u015fletmeler i\u00e7in titizlikle uyarlanm\u0131\u015f bu \u00fcr\u00fcnde yakalanm\u0131\u015ft\u0131r. Bu ak\u00fcl\u00fc tekerlekli sandalye bir \u00fcr\u00fcnden daha fazlas\u0131d\u0131r; Ki\u015fisel mobilite alan\u0131nda [&hellip;]","og_url":"https:\/\/integramedikal.com\/magaza\/urun\/jt-124-akulu-tekerlekli-sandalye\/","og_site_name":"\u0130ntegra Medikal | | Ma\u011faza","article_publisher":"https:\/\/www.facebook.com\/integramedikal1","article_modified_time":"2026-02-26T12:56:24+00:00","og_image":[{"width":900,"height":900,"url":"https:\/\/integramedikal.com\/magaza\/wp-content\/uploads\/2025\/06\/8013-1.jpg","type":"image\/jpeg"}],"twitter_card":"summary_large_image","twitter_site":"@integramedikal","twitter_misc":{"Tahmini okuma s\u00fcresi":"3 dakika"},"schema":{"@context":"https:\/\/schema.org","@graph":[{"@type":"WebPage","@id":"https:\/\/integramedikal.com\/magaza\/urun\/jt-124-akulu-tekerlekli-sandalye\/","url":"https:\/\/integramedikal.com\/magaza\/urun\/jt-124-akulu-tekerlekli-sandalye\/","name":"JT-124 Ak\u00fcl\u00fc Tekerlekli Sandalye - \u0130ntegra Medikal | | Ma\u011faza","isPartOf":{"@id":"https:\/\/integramedikal.com\/magaza\/#website"},"primaryImageOfPage":{"@id":"https:\/\/integramedikal.com\/magaza\/urun\/jt-124-akulu-tekerlekli-sandalye\/#primaryimage"},"image":{"@id":"https:\/\/integramedikal.com\/magaza\/urun\/jt-124-akulu-tekerlekli-sandalye\/#primaryimage"},"thumbnailUrl":"https:\/\/integramedikal.com\/magaza\/wp-content\/uploads\/2025\/06\/8013-1.jpg","datePublished":"2025-06-02T20:16:12+00:00","dateModified":"2026-02-26T12:56:24+00:00","breadcrumb":{"@id":"https:\/\/integramedikal.com\/magaza\/urun\/jt-124-akulu-tekerlekli-sandalye\/#breadcrumb"},"inLanguage":"tr","potentialAction":[{"@type":"ReadAction","target":["https:\/\/integramedikal.com\/magaza\/urun\/jt-124-akulu-tekerlekli-sandalye\/"]}]},{"@type":"ImageObject","inLanguage":"tr","@id":"https:\/\/integramedikal.com\/magaza\/urun\/jt-124-akulu-tekerlekli-sandalye\/#primaryimage","url":"https:\/\/integramedikal.com\/magaza\/wp-content\/uploads\/2025\/06\/8013-1.jpg","contentUrl":"https:\/\/integramedikal.com\/magaza\/wp-content\/uploads\/2025\/06\/8013-1.jpg","width":900,"height":900},{"@type":"BreadcrumbList","@id":"https:\/\/integramedikal.com\/magaza\/urun\/jt-124-akulu-tekerlekli-sandalye\/#breadcrumb","itemListElement":[{"@type":"ListItem","position":1,"name":"Anasayfa","item":"https:\/\/integramedikal.com\/magaza\/anasayfa\/"},{"@type":"ListItem","position":2,"name":"Shop","item":"https:\/\/integramedikal.com\/magaza\/shop\/"},{"@type":"ListItem","position":3,"name":"JT-124 Ak\u00fcl\u00fc Tekerlekli Sandalye"}]},{"@type":"WebSite","@id":"https:\/\/integramedikal.com\/magaza\/#website","url":"https:\/\/integramedikal.com\/magaza\/","name":"\u0130ntegra Medikal < | | >Ma\u011faza","description":"Sa\u011fl\u0131kta Kalite | Sekt\u00f6rde 25. Y\u0131l","publisher":{"@id":"https:\/\/integramedikal.com\/magaza\/#organization"},"potentialAction":[{"@type":"SearchAction","target":{"@type":"EntryPoint","urlTemplate":"https:\/\/integramedikal.com\/magaza\/?s={search_term_string}"},"query-input":{"@type":"PropertyValueSpecification","valueRequired":true,"valueName":"search_term_string"}}],"inLanguage":"tr"},{"@type":"Organization","@id":"https:\/\/integramedikal.com\/magaza\/#organization","name":"\u0130ntegra Medikal < | | >Ma\u011faza","url":"https:\/\/integramedikal.com\/magaza\/","logo":{"@type":"ImageObject","inLanguage":"tr","@id":"https:\/\/integramedikal.com\/magaza\/#\/schema\/logo\/image\/","url":"https:\/\/integramedikal.com\/magaza\/wp-content\/uploads\/2025\/06\/integra-logo-1.png","contentUrl":"https:\/\/integramedikal.com\/magaza\/wp-content\/uploads\/2025\/06\/integra-logo-1.png","width":340,"height":156,"caption":"\u0130ntegra Medikal < | | >Ma\u011faza"},"image":{"@id":"https:\/\/integramedikal.com\/magaza\/#\/schema\/logo\/image\/"},"sameAs":["https:\/\/www.facebook.com\/integramedikal1","https:\/\/x.com\/integramedikal","https:\/\/www.instagram.com\/integramedikal\/","https:\/\/www.youtube.com\/user\/integramedikal"]}]}},"_links":{"self":[{"href":"https:\/\/integramedikal.com\/magaza\/wp-json\/wp\/v2\/product\/1399","targetHints":{"allow":["GET"]}}],"collection":[{"href":"https:\/\/integramedikal.com\/magaza\/wp-json\/wp\/v2\/product"}],"about":[{"href":"https:\/\/integramedikal.com\/magaza\/wp-json\/wp\/v2\/types\/product"}],"replies":[{"embeddable":true,"href":"https:\/\/integramedikal.com\/magaza\/wp-json\/wp\/v2\/comments?post=1399"}],"wp:featuredmedia":[{"embeddable":true,"href":"https:\/\/integramedikal.com\/magaza\/wp-json\/wp\/v2\/media\/1450"}],"wp:attachment":[{"href":"https:\/\/integramedikal.com\/magaza\/wp-json\/wp\/v2\/media?parent=1399"}],"wp:term":[{"taxonomy":"product_brand","embeddable":true,"href":"https:\/\/integramedikal.com\/magaza\/wp-json\/wp\/v2\/product_brand?post=1399"},{"taxonomy":"product_cat","embeddable":true,"href":"https:\/\/integramedikal.com\/magaza\/wp-json\/wp\/v2\/product_cat?post=1399"},{"taxonomy":"product_tag","embeddable":true,"href":"https:\/\/integramedikal.com\/magaza\/wp-json\/wp\/v2\/product_tag?post=1399"}],"curies":[{"name":"wp","href":"https:\/\/api.w.org\/{rel}","templated":true}]}}