{"id":1398,"date":"2025-06-02T23:16:11","date_gmt":"2025-06-02T20:16:11","guid":{"rendered":"https:\/\/integramedikal.com\/magaza\/?post_type=product&#038;p=1398"},"modified":"2026-04-01T12:10:49","modified_gmt":"2026-04-01T09:10:49","slug":"jt-100-standart-akulu-tekerlekli-sandalye","status":"publish","type":"product","link":"https:\/\/integramedikal.com\/magaza\/urun\/jt-100-standart-akulu-tekerlekli-sandalye\/","title":{"rendered":"JT-100 Standart Ak\u00fcl\u00fc Tekerlekli Sandalye"},"content":{"rendered":"<div>Engelli toplulu\u011fu i\u00e7in eri\u015filebilirlikte devrim yaratan sa\u011flam bir mobilite \u00e7\u00f6z\u00fcm\u00fc olan JT-100 Standart Ak\u00fcl\u00fc Tekerlekli Sandalye ile tan\u0131\u015f\u0131n. Bu ak\u00fcl\u00fc tekerlekli sandalye, dayan\u0131kl\u0131l\u0131k ve g\u00fcvenilirli\u011fi b\u00fcnyesinde bar\u0131nd\u0131rarak al\u0131c\u0131lara pratik ve g\u00fcvenilir bir se\u00e7enek sunar. Hassasiyetle tasarlanm\u0131\u015f olup, B2B m\u00fc\u015fterilerinin ve engelli ara\u00e7lar\u0131nda uzmanla\u015fm\u0131\u015f \u015firketlerin dinamik ihtiya\u00e7lar\u0131n\u0131 kar\u015f\u0131lamak \u00fczere tasarlanm\u0131\u015ft\u0131r ve kullan\u0131c\u0131lar\u0131na daha iyi bir ya\u015fam kalitesi sa\u011flamak i\u00e7in kalite ve i\u015flevselli\u011fin el ele gitmesini sa\u011flar. JT-100, konfor ve manevra kabiliyetini korurken g\u00fcnl\u00fck kullan\u0131ma dayanacak \u015fekilde haz\u0131rlanm\u0131\u015f g\u00fc\u00e7l\u00fc g\u00f6vde yap\u0131s\u0131yla pazarda \u00f6ne \u00e7\u0131k\u0131yor. Bu tekerlekli sandalyenin dikkatli yap\u0131s\u0131, kullan\u0131c\u0131lar\u0131n ihtiya\u00e7lar\u0131na olan ba\u011fl\u0131l\u0131\u011f\u0131 yans\u0131t\u0131r ve onlara arad\u0131klar\u0131 ba\u011f\u0131ms\u0131zl\u0131\u011f\u0131 sunar. G\u00fc\u00e7l\u00fc bir ya\u015fam deneyimini vurgulayan JT-100, kategorisinde beklentileri a\u015fma yetene\u011fini g\u00f6stererek kullan\u0131c\u0131lar aras\u0131nda h\u0131zla \u00f6nerilen bir se\u00e7enek haline geldi.<\/div>\n<div><\/div>\n<div><b>Ola\u011fan\u00fcst\u00fc Dayan\u0131kl\u0131l\u0131k ve Kullan\u0131c\u0131 Odakl\u0131 Tasar\u0131m<\/b><\/div>\n<div><b>\u00a0<\/b><\/div>\n<div>JT-100 Standart Ak\u00fcl\u00fc Tekerlekli Sandalye, uzun s\u00fcre dayanacak \u015fekilde \u00fcretilmi\u015ftir ve al\u0131c\u0131lara dayan\u0131kl\u0131 do\u011fas\u0131 hakk\u0131nda g\u00fcvence veren 2 y\u0131ll\u0131k \u00f6nemli bir garanti ile birlikte gelir. Esnek \u00e7er\u00e7evesi ve y\u00fcksek kaliteli malzemeleri, tekerlekli sandalyenin b\u00fct\u00fcnl\u00fckten \u00f6d\u00fcn vermeden uzun s\u00fcreli kullan\u0131m\u0131 s\u00fcrd\u00fcrme yetene\u011fini kan\u0131tlar. JT-100&#8217;\u00fcn d\u00fc\u015f\u00fcnceli tasar\u0131m\u0131, \u00f6zellikle kullan\u0131c\u0131n\u0131n konforuna ve hareketlili\u011fine hitap ederek, tekerlekli sandalyenin her y\u00f6n\u00fcn\u00fcn, hareketlili\u011fin \u00e7ok \u00f6nemli oldu\u011fu ki\u015filer i\u00e7in sorunsuz bir g\u00fcnl\u00fck deneyime katk\u0131da bulunmas\u0131n\u0131 sa\u011flar.<\/div>\n<div><\/div>\n<div>Dayan\u0131kl\u0131l\u0131\u011fa odaklanmak, tekerlekli sandalyenin esteti\u011fini veya i\u015flevselli\u011fini azaltmaz. JT-100, ister kapal\u0131 alanlarda gezinirken ister a\u00e7\u0131k arazilerde gezinirken olsun, geni\u015f bir ortam yelpazesine uygundur. Bu sadece bir hareketlilik yard\u0131m\u0131ndan daha fazlas\u0131d\u0131r; ayr\u0131ca kullan\u0131c\u0131lar\u0131n \u00e7evreleriyle ba\u011f\u0131ms\u0131z ve g\u00fcvenle ili\u015fki kurma \u00f6zg\u00fcrl\u00fc\u011f\u00fc veren bir ara\u00e7t\u0131r.<\/div>\n<div><\/div>\n<div><b>Ekonomik Fizibilite ve H\u0131zl\u0131 Teslimat Taahh\u00fcd\u00fc<\/b><\/div>\n<div><b>\u00a0<\/b><\/div>\n<div>Ekonomik eri\u015filebilirli\u011fin \u00f6nemini kavrayan JT-100 Standart Ak\u00fcl\u00fc Tekerlekli Sandalye, kaliteden \u00f6d\u00fcn vermeden ekonomik bir \u00fcr\u00fcn olarak konumland\u0131r\u0131lm\u0131\u015ft\u0131r. Bu maliyet etkinli\u011fi ve y\u00fcksek performans dengesi, tekerlekli sandalyeyi b\u00fct\u00e7e hususlar\u0131na ba\u011fl\u0131 kalarak \u00fcst d\u00fczey mobilite yard\u0131mc\u0131lar\u0131 sa\u011flamak isteyen i\u015fletmeler i\u00e7in ideal bir se\u00e7enek haline getirir. Hem sat\u0131c\u0131 hem de kullan\u0131c\u0131 i\u00e7in de\u011fer yaratmaya yap\u0131lan vurgu, tasar\u0131m\u0131n\u0131n ve i\u015flevselli\u011finin her alan\u0131nda belirgindir.<\/div>\n<div><\/div>\n<div>G\u00fcn\u00fcm\u00fcz\u00fcn h\u0131zl\u0131 tempolu d\u00fcnyas\u0131nda, h\u0131zl\u0131 teslimat \u00e7ok \u00f6nemlidir. Bu nedenle, JT-100 h\u0131zl\u0131 sevkiyat\u0131 garanti ederek i\u015fletmelerin talebi derhal kar\u015f\u0131lamak i\u00e7in h\u0131zl\u0131 bir tedarik zincirine g\u00fcvenebilmelerini sa\u011flar. H\u0131zl\u0131 \u00fcr\u00fcn teslimat\u0131na olan bu ba\u011fl\u0131l\u0131k, JT-100&#8217;\u00fcn modern lojistik standartlarla uyumunu \u00f6rnekleyerek sat\u0131n almadan tekerlekli sandalye kullan\u0131c\u0131s\u0131n\u0131n ellerine kadar olan s\u00fcreci kolayla\u015ft\u0131r\u0131r. Sadece bir \u00fcr\u00fcn\u00fc de\u011fil, mobilite \u00e7\u00f6z\u00fcmlerine zaman\u0131nda eri\u015fime \u00f6ncelik veren kapsaml\u0131 bir hizmeti temsil eder.<\/div>\n<div><\/div>\n<p><div  id=\"btn_klavuz\"  class='avia-button-wrap av-emneu-3b9f50666728772ad5e9177723a757be-wrap avia-button-left  avia-builder-el-0  el_before_av_button  avia-builder-el-first '><a href='https:\/\/www.integramedikal.com\/magaza\/upload\/kilavuz\/53-jt-100-standart-akulu-tekerlekli-sandalye.pdf'  class='avia-button av-emneu-3b9f50666728772ad5e9177723a757be av-link-btn avia-icon_select-yes-left-icon avia-size-medium avia-position-left avia-color-theme-color-highlight'  target=\"_blank\"  rel=\"noopener noreferrer\"  aria-label=\"Kullan\u0131m K\u0131lavuzu\"><span class='avia_button_icon avia_button_icon_left avia-svg-icon avia-font-svg_entypo-fontello' data-av_svg_icon='book-open' data-av_iconset='svg_entypo-fontello'><svg version=\"1.1\" xmlns=\"http:\/\/www.w3.org\/2000\/svg\" width=\"29\" height=\"32\" viewBox=\"0 0 29 32\" preserveAspectRatio=\"xMidYMid meet\" aria-labelledby='av-svg-title-1' aria-describedby='av-svg-desc-1' role=\"graphics-symbol\">\n<title id='av-svg-title-1'>Book-open<\/title>\n<desc id='av-svg-desc-1'>Book-open<\/desc>\n<path d=\"M10.88 19.584v2.176l-6.4-2.56v-2.176zM10.88 12.928v2.176l-6.4-2.56v-2.176zM28.096 1.856q0.704 0.384 0.704 1.344v20.48q0 1.088-1.024 1.472l-12.736 5.12q-0.256 0.064-0.32 0.064t-0.16 0.032-0.16 0.032-0.16-0.032-0.16-0.032l-0.32-0.064-12.736-5.12q-1.024-0.384-1.024-1.472v-20.48q0-0.96 0.704-1.344 0.704-0.512 1.472-0.192l12.224 4.928 12.224-4.928q0.768-0.32 1.472 0.192zM12.8 27.072v-17.92l-10.24-4.096v17.92zM26.24 22.976v-17.92l-10.24 4.096v17.92zM24.32 17.024v2.176l-6.4 2.56v-2.176zM24.32 10.368v2.176l-6.4 2.56v-2.176z\"><\/path>\n<\/svg><\/span><span class='avia_iconbox_title' >Kullan\u0131m K\u0131lavuzu<\/span><\/a><\/div> <div  id=\"btn_teknikbilgi\"  class='avia-button-wrap av-2jp7o6-120dfec7ad46d7cf5989986275e01b3d-wrap avia-button-left  avia-builder-el-1  el_after_av_button  avia-builder-el-last '><a href='javascript:void(0);'  class='avia-button av-2jp7o6-120dfec7ad46d7cf5989986275e01b3d av-link-btn avia-icon_select-yes-left-icon avia-size-medium avia-position-left avia-color-theme-color-highlight'   aria-label=\"Teknik Bilgi\"><span class='avia_button_icon avia_button_icon_left avia-svg-icon avia-font-svg_entypo-fontello' data-av_svg_icon='cog' data-av_iconset='svg_entypo-fontello'><svg version=\"1.1\" xmlns=\"http:\/\/www.w3.org\/2000\/svg\" width=\"27\" height=\"32\" viewBox=\"0 0 27 32\" preserveAspectRatio=\"xMidYMid meet\" aria-labelledby='av-svg-title-2' aria-describedby='av-svg-desc-2' role=\"graphics-symbol\">\n<title id='av-svg-title-2'>Cog<\/title>\n<desc id='av-svg-desc-2'>Cog<\/desc>\n<path d=\"M24.32 16q0 2.304 2.56 3.904-0.384 1.28-1.088 2.624-2.24-0.576-4.352 1.408-1.728 1.856-1.088 4.352-1.28 0.64-2.688 1.152-1.472-2.624-4.224-2.624t-4.224 2.624q-1.408-0.512-2.688-1.152 0.64-2.56-1.088-4.352-1.728-1.728-4.352-1.088-0.448-0.832-1.088-2.624 2.624-1.664 2.624-4.224 0-2.304-2.624-3.968 0.64-1.792 1.088-2.624 2.368 0.576 4.352-1.408 1.728-1.792 1.088-4.352 1.344-0.704 2.688-1.088 1.472 2.56 4.224 2.56t4.224-2.56q1.344 0.384 2.688 1.088-0.64 2.496 1.088 4.352 2.112 1.984 4.352 1.408 0.704 1.344 1.088 2.624-2.56 1.6-2.56 3.968zM13.44 21.824q2.432 0 4.128-1.696t1.696-4.128-1.696-4.16-4.128-1.728-4.128 1.728-1.696 4.16 1.696 4.128 4.128 1.696z\"><\/path>\n<\/svg><\/span><span class='avia_iconbox_title' >Teknik Bilgi<\/span><\/a><\/div><\/p>\n","protected":false},"excerpt":{"rendered":"<p>Engelli toplulu\u011fu i\u00e7in eri\u015filebilirlikte devrim yaratan sa\u011flam bir mobilite \u00e7\u00f6z\u00fcm\u00fc olan JT-100 Standart Ak\u00fcl\u00fc Tekerlekli Sandalye ile tan\u0131\u015f\u0131n. Bu ak\u00fcl\u00fc tekerlekli sandalye, dayan\u0131kl\u0131l\u0131k ve g\u00fcvenilirli\u011fi b\u00fcnyesinde bar\u0131nd\u0131rarak al\u0131c\u0131lara pratik ve g\u00fcvenilir bir se\u00e7enek sunar. Hassasiyetle tasarlanm\u0131\u015f olup, B2B m\u00fc\u015fterilerinin ve engelli ara\u00e7lar\u0131nda uzmanla\u015fm\u0131\u015f \u015firketlerin dinamik ihtiya\u00e7lar\u0131n\u0131 kar\u015f\u0131lamak \u00fczere tasarlanm\u0131\u015ft\u0131r ve kullan\u0131c\u0131lar\u0131na daha iyi bir ya\u015fam [&hellip;]<\/p>\n","protected":false},"featured_media":1444,"comment_status":"open","ping_status":"closed","template":"","meta":[],"product_brand":[],"product_cat":[302],"product_tag":[],"class_list":{"0":"post-1398","1":"product","2":"type-product","3":"status-publish","4":"has-post-thumbnail","6":"product_cat-akulu-tekerlekli-sandalye","8":"first","9":"instock","10":"sale","11":"taxable","12":"shipping-taxable","13":"purchasable","14":"product-type-simple"},"yoast_head":"<!-- This site is optimized with the Yoast SEO plugin v27.4 - https:\/\/yoast.com\/product\/yoast-seo-wordpress\/ -->\n<title>JT-100 Standart Ak\u00fcl\u00fc Tekerlekli Sandalye - \u0130ntegra Medikal | | Ma\u011faza<\/title>\n<meta name=\"robots\" content=\"index, follow, max-snippet:-1, max-image-preview:large, max-video-preview:-1\" \/>\n<link rel=\"canonical\" href=\"https:\/\/integramedikal.com\/magaza\/urun\/jt-100-standart-akulu-tekerlekli-sandalye\/\" \/>\n<meta property=\"og:locale\" content=\"tr_TR\" \/>\n<meta property=\"og:type\" content=\"article\" \/>\n<meta property=\"og:title\" content=\"JT-100 Standart Ak\u00fcl\u00fc Tekerlekli Sandalye - \u0130ntegra Medikal | | Ma\u011faza\" \/>\n<meta property=\"og:description\" content=\"Engelli toplulu\u011fu i\u00e7in eri\u015filebilirlikte devrim yaratan sa\u011flam bir mobilite \u00e7\u00f6z\u00fcm\u00fc olan JT-100 Standart Ak\u00fcl\u00fc Tekerlekli Sandalye ile tan\u0131\u015f\u0131n. Bu ak\u00fcl\u00fc tekerlekli sandalye, dayan\u0131kl\u0131l\u0131k ve g\u00fcvenilirli\u011fi b\u00fcnyesinde bar\u0131nd\u0131rarak al\u0131c\u0131lara pratik ve g\u00fcvenilir bir se\u00e7enek sunar. Hassasiyetle tasarlanm\u0131\u015f olup, B2B m\u00fc\u015fterilerinin ve engelli ara\u00e7lar\u0131nda uzmanla\u015fm\u0131\u015f \u015firketlerin dinamik ihtiya\u00e7lar\u0131n\u0131 kar\u015f\u0131lamak \u00fczere tasarlanm\u0131\u015ft\u0131r ve kullan\u0131c\u0131lar\u0131na daha iyi bir ya\u015fam [&hellip;]\" \/>\n<meta property=\"og:url\" content=\"https:\/\/integramedikal.com\/magaza\/urun\/jt-100-standart-akulu-tekerlekli-sandalye\/\" \/>\n<meta property=\"og:site_name\" content=\"\u0130ntegra Medikal | | Ma\u011faza\" \/>\n<meta property=\"article:publisher\" content=\"https:\/\/www.facebook.com\/integramedikal1\" \/>\n<meta property=\"article:modified_time\" content=\"2026-04-01T09:10:49+00:00\" \/>\n<meta property=\"og:image\" content=\"https:\/\/integramedikal.com\/magaza\/wp-content\/uploads\/2025\/06\/BVC5.jpg\" \/>\n\t<meta property=\"og:image:width\" content=\"900\" \/>\n\t<meta property=\"og:image:height\" content=\"900\" \/>\n\t<meta property=\"og:image:type\" content=\"image\/jpeg\" \/>\n<meta name=\"twitter:card\" content=\"summary_large_image\" \/>\n<meta name=\"twitter:site\" content=\"@integramedikal\" \/>\n<meta name=\"twitter:label1\" content=\"Tahmini okuma s\u00fcresi\" \/>\n\t<meta name=\"twitter:data1\" content=\"3 dakika\" \/>\n<script type=\"application\/ld+json\" class=\"yoast-schema-graph\">{\"@context\":\"https:\\\/\\\/schema.org\",\"@graph\":[{\"@type\":\"WebPage\",\"@id\":\"https:\\\/\\\/integramedikal.com\\\/magaza\\\/urun\\\/jt-100-standart-akulu-tekerlekli-sandalye\\\/\",\"url\":\"https:\\\/\\\/integramedikal.com\\\/magaza\\\/urun\\\/jt-100-standart-akulu-tekerlekli-sandalye\\\/\",\"name\":\"JT-100 Standart Ak\u00fcl\u00fc Tekerlekli Sandalye - \u0130ntegra Medikal | | Ma\u011faza\",\"isPartOf\":{\"@id\":\"https:\\\/\\\/integramedikal.com\\\/magaza\\\/#website\"},\"primaryImageOfPage\":{\"@id\":\"https:\\\/\\\/integramedikal.com\\\/magaza\\\/urun\\\/jt-100-standart-akulu-tekerlekli-sandalye\\\/#primaryimage\"},\"image\":{\"@id\":\"https:\\\/\\\/integramedikal.com\\\/magaza\\\/urun\\\/jt-100-standart-akulu-tekerlekli-sandalye\\\/#primaryimage\"},\"thumbnailUrl\":\"https:\\\/\\\/integramedikal.com\\\/magaza\\\/wp-content\\\/uploads\\\/2025\\\/06\\\/BVC5.jpg\",\"datePublished\":\"2025-06-02T20:16:11+00:00\",\"dateModified\":\"2026-04-01T09:10:49+00:00\",\"breadcrumb\":{\"@id\":\"https:\\\/\\\/integramedikal.com\\\/magaza\\\/urun\\\/jt-100-standart-akulu-tekerlekli-sandalye\\\/#breadcrumb\"},\"inLanguage\":\"tr\",\"potentialAction\":[{\"@type\":\"ReadAction\",\"target\":[\"https:\\\/\\\/integramedikal.com\\\/magaza\\\/urun\\\/jt-100-standart-akulu-tekerlekli-sandalye\\\/\"]}]},{\"@type\":\"ImageObject\",\"inLanguage\":\"tr\",\"@id\":\"https:\\\/\\\/integramedikal.com\\\/magaza\\\/urun\\\/jt-100-standart-akulu-tekerlekli-sandalye\\\/#primaryimage\",\"url\":\"https:\\\/\\\/integramedikal.com\\\/magaza\\\/wp-content\\\/uploads\\\/2025\\\/06\\\/BVC5.jpg\",\"contentUrl\":\"https:\\\/\\\/integramedikal.com\\\/magaza\\\/wp-content\\\/uploads\\\/2025\\\/06\\\/BVC5.jpg\",\"width\":900,\"height\":900},{\"@type\":\"BreadcrumbList\",\"@id\":\"https:\\\/\\\/integramedikal.com\\\/magaza\\\/urun\\\/jt-100-standart-akulu-tekerlekli-sandalye\\\/#breadcrumb\",\"itemListElement\":[{\"@type\":\"ListItem\",\"position\":1,\"name\":\"Anasayfa\",\"item\":\"https:\\\/\\\/integramedikal.com\\\/magaza\\\/anasayfa\\\/\"},{\"@type\":\"ListItem\",\"position\":2,\"name\":\"Shop\",\"item\":\"https:\\\/\\\/integramedikal.com\\\/magaza\\\/shop\\\/\"},{\"@type\":\"ListItem\",\"position\":3,\"name\":\"JT-100 Standart Ak\u00fcl\u00fc Tekerlekli Sandalye\"}]},{\"@type\":\"WebSite\",\"@id\":\"https:\\\/\\\/integramedikal.com\\\/magaza\\\/#website\",\"url\":\"https:\\\/\\\/integramedikal.com\\\/magaza\\\/\",\"name\":\"\u0130ntegra Medikal < | | >Ma\u011faza\",\"description\":\"Sa\u011fl\u0131kta Kalite | Sekt\u00f6rde 25. Y\u0131l\",\"publisher\":{\"@id\":\"https:\\\/\\\/integramedikal.com\\\/magaza\\\/#organization\"},\"potentialAction\":[{\"@type\":\"SearchAction\",\"target\":{\"@type\":\"EntryPoint\",\"urlTemplate\":\"https:\\\/\\\/integramedikal.com\\\/magaza\\\/?s={search_term_string}\"},\"query-input\":{\"@type\":\"PropertyValueSpecification\",\"valueRequired\":true,\"valueName\":\"search_term_string\"}}],\"inLanguage\":\"tr\"},{\"@type\":\"Organization\",\"@id\":\"https:\\\/\\\/integramedikal.com\\\/magaza\\\/#organization\",\"name\":\"\u0130ntegra Medikal < | | >Ma\u011faza\",\"url\":\"https:\\\/\\\/integramedikal.com\\\/magaza\\\/\",\"logo\":{\"@type\":\"ImageObject\",\"inLanguage\":\"tr\",\"@id\":\"https:\\\/\\\/integramedikal.com\\\/magaza\\\/#\\\/schema\\\/logo\\\/image\\\/\",\"url\":\"https:\\\/\\\/integramedikal.com\\\/magaza\\\/wp-content\\\/uploads\\\/2025\\\/06\\\/integra-logo-1.png\",\"contentUrl\":\"https:\\\/\\\/integramedikal.com\\\/magaza\\\/wp-content\\\/uploads\\\/2025\\\/06\\\/integra-logo-1.png\",\"width\":340,\"height\":156,\"caption\":\"\u0130ntegra Medikal < | | >Ma\u011faza\"},\"image\":{\"@id\":\"https:\\\/\\\/integramedikal.com\\\/magaza\\\/#\\\/schema\\\/logo\\\/image\\\/\"},\"sameAs\":[\"https:\\\/\\\/www.facebook.com\\\/integramedikal1\",\"https:\\\/\\\/x.com\\\/integramedikal\",\"https:\\\/\\\/www.instagram.com\\\/integramedikal\\\/\",\"https:\\\/\\\/www.youtube.com\\\/user\\\/integramedikal\"]}]}<\/script>\n<!-- \/ Yoast SEO plugin. -->","yoast_head_json":{"title":"JT-100 Standart Ak\u00fcl\u00fc Tekerlekli Sandalye - \u0130ntegra Medikal | | Ma\u011faza","robots":{"index":"index","follow":"follow","max-snippet":"max-snippet:-1","max-image-preview":"max-image-preview:large","max-video-preview":"max-video-preview:-1"},"canonical":"https:\/\/integramedikal.com\/magaza\/urun\/jt-100-standart-akulu-tekerlekli-sandalye\/","og_locale":"tr_TR","og_type":"article","og_title":"JT-100 Standart Ak\u00fcl\u00fc Tekerlekli Sandalye - \u0130ntegra Medikal | | Ma\u011faza","og_description":"Engelli toplulu\u011fu i\u00e7in eri\u015filebilirlikte devrim yaratan sa\u011flam bir mobilite \u00e7\u00f6z\u00fcm\u00fc olan JT-100 Standart Ak\u00fcl\u00fc Tekerlekli Sandalye ile tan\u0131\u015f\u0131n. Bu ak\u00fcl\u00fc tekerlekli sandalye, dayan\u0131kl\u0131l\u0131k ve g\u00fcvenilirli\u011fi b\u00fcnyesinde bar\u0131nd\u0131rarak al\u0131c\u0131lara pratik ve g\u00fcvenilir bir se\u00e7enek sunar. Hassasiyetle tasarlanm\u0131\u015f olup, B2B m\u00fc\u015fterilerinin ve engelli ara\u00e7lar\u0131nda uzmanla\u015fm\u0131\u015f \u015firketlerin dinamik ihtiya\u00e7lar\u0131n\u0131 kar\u015f\u0131lamak \u00fczere tasarlanm\u0131\u015ft\u0131r ve kullan\u0131c\u0131lar\u0131na daha iyi bir ya\u015fam [&hellip;]","og_url":"https:\/\/integramedikal.com\/magaza\/urun\/jt-100-standart-akulu-tekerlekli-sandalye\/","og_site_name":"\u0130ntegra Medikal | | Ma\u011faza","article_publisher":"https:\/\/www.facebook.com\/integramedikal1","article_modified_time":"2026-04-01T09:10:49+00:00","og_image":[{"width":900,"height":900,"url":"https:\/\/integramedikal.com\/magaza\/wp-content\/uploads\/2025\/06\/BVC5.jpg","type":"image\/jpeg"}],"twitter_card":"summary_large_image","twitter_site":"@integramedikal","twitter_misc":{"Tahmini okuma s\u00fcresi":"3 dakika"},"schema":{"@context":"https:\/\/schema.org","@graph":[{"@type":"WebPage","@id":"https:\/\/integramedikal.com\/magaza\/urun\/jt-100-standart-akulu-tekerlekli-sandalye\/","url":"https:\/\/integramedikal.com\/magaza\/urun\/jt-100-standart-akulu-tekerlekli-sandalye\/","name":"JT-100 Standart Ak\u00fcl\u00fc Tekerlekli Sandalye - \u0130ntegra Medikal | | Ma\u011faza","isPartOf":{"@id":"https:\/\/integramedikal.com\/magaza\/#website"},"primaryImageOfPage":{"@id":"https:\/\/integramedikal.com\/magaza\/urun\/jt-100-standart-akulu-tekerlekli-sandalye\/#primaryimage"},"image":{"@id":"https:\/\/integramedikal.com\/magaza\/urun\/jt-100-standart-akulu-tekerlekli-sandalye\/#primaryimage"},"thumbnailUrl":"https:\/\/integramedikal.com\/magaza\/wp-content\/uploads\/2025\/06\/BVC5.jpg","datePublished":"2025-06-02T20:16:11+00:00","dateModified":"2026-04-01T09:10:49+00:00","breadcrumb":{"@id":"https:\/\/integramedikal.com\/magaza\/urun\/jt-100-standart-akulu-tekerlekli-sandalye\/#breadcrumb"},"inLanguage":"tr","potentialAction":[{"@type":"ReadAction","target":["https:\/\/integramedikal.com\/magaza\/urun\/jt-100-standart-akulu-tekerlekli-sandalye\/"]}]},{"@type":"ImageObject","inLanguage":"tr","@id":"https:\/\/integramedikal.com\/magaza\/urun\/jt-100-standart-akulu-tekerlekli-sandalye\/#primaryimage","url":"https:\/\/integramedikal.com\/magaza\/wp-content\/uploads\/2025\/06\/BVC5.jpg","contentUrl":"https:\/\/integramedikal.com\/magaza\/wp-content\/uploads\/2025\/06\/BVC5.jpg","width":900,"height":900},{"@type":"BreadcrumbList","@id":"https:\/\/integramedikal.com\/magaza\/urun\/jt-100-standart-akulu-tekerlekli-sandalye\/#breadcrumb","itemListElement":[{"@type":"ListItem","position":1,"name":"Anasayfa","item":"https:\/\/integramedikal.com\/magaza\/anasayfa\/"},{"@type":"ListItem","position":2,"name":"Shop","item":"https:\/\/integramedikal.com\/magaza\/shop\/"},{"@type":"ListItem","position":3,"name":"JT-100 Standart Ak\u00fcl\u00fc Tekerlekli Sandalye"}]},{"@type":"WebSite","@id":"https:\/\/integramedikal.com\/magaza\/#website","url":"https:\/\/integramedikal.com\/magaza\/","name":"\u0130ntegra Medikal < | | >Ma\u011faza","description":"Sa\u011fl\u0131kta Kalite | Sekt\u00f6rde 25. Y\u0131l","publisher":{"@id":"https:\/\/integramedikal.com\/magaza\/#organization"},"potentialAction":[{"@type":"SearchAction","target":{"@type":"EntryPoint","urlTemplate":"https:\/\/integramedikal.com\/magaza\/?s={search_term_string}"},"query-input":{"@type":"PropertyValueSpecification","valueRequired":true,"valueName":"search_term_string"}}],"inLanguage":"tr"},{"@type":"Organization","@id":"https:\/\/integramedikal.com\/magaza\/#organization","name":"\u0130ntegra Medikal < | | >Ma\u011faza","url":"https:\/\/integramedikal.com\/magaza\/","logo":{"@type":"ImageObject","inLanguage":"tr","@id":"https:\/\/integramedikal.com\/magaza\/#\/schema\/logo\/image\/","url":"https:\/\/integramedikal.com\/magaza\/wp-content\/uploads\/2025\/06\/integra-logo-1.png","contentUrl":"https:\/\/integramedikal.com\/magaza\/wp-content\/uploads\/2025\/06\/integra-logo-1.png","width":340,"height":156,"caption":"\u0130ntegra Medikal < | | >Ma\u011faza"},"image":{"@id":"https:\/\/integramedikal.com\/magaza\/#\/schema\/logo\/image\/"},"sameAs":["https:\/\/www.facebook.com\/integramedikal1","https:\/\/x.com\/integramedikal","https:\/\/www.instagram.com\/integramedikal\/","https:\/\/www.youtube.com\/user\/integramedikal"]}]}},"_links":{"self":[{"href":"https:\/\/integramedikal.com\/magaza\/wp-json\/wp\/v2\/product\/1398","targetHints":{"allow":["GET"]}}],"collection":[{"href":"https:\/\/integramedikal.com\/magaza\/wp-json\/wp\/v2\/product"}],"about":[{"href":"https:\/\/integramedikal.com\/magaza\/wp-json\/wp\/v2\/types\/product"}],"replies":[{"embeddable":true,"href":"https:\/\/integramedikal.com\/magaza\/wp-json\/wp\/v2\/comments?post=1398"}],"wp:featuredmedia":[{"embeddable":true,"href":"https:\/\/integramedikal.com\/magaza\/wp-json\/wp\/v2\/media\/1444"}],"wp:attachment":[{"href":"https:\/\/integramedikal.com\/magaza\/wp-json\/wp\/v2\/media?parent=1398"}],"wp:term":[{"taxonomy":"product_brand","embeddable":true,"href":"https:\/\/integramedikal.com\/magaza\/wp-json\/wp\/v2\/product_brand?post=1398"},{"taxonomy":"product_cat","embeddable":true,"href":"https:\/\/integramedikal.com\/magaza\/wp-json\/wp\/v2\/product_cat?post=1398"},{"taxonomy":"product_tag","embeddable":true,"href":"https:\/\/integramedikal.com\/magaza\/wp-json\/wp\/v2\/product_tag?post=1398"}],"curies":[{"name":"wp","href":"https:\/\/api.w.org\/{rel}","templated":true}]}}