{"id":1396,"date":"2025-06-02T23:16:11","date_gmt":"2025-06-02T20:16:11","guid":{"rendered":"https:\/\/integramedikal.com\/magaza\/?post_type=product&#038;p=1396"},"modified":"2026-03-31T15:59:55","modified_gmt":"2026-03-31T12:59:55","slug":"jt-098-katlanir-akulu-tekerlekli-sandalye","status":"publish","type":"product","link":"https:\/\/integramedikal.com\/magaza\/urun\/jt-098-katlanir-akulu-tekerlekli-sandalye\/","title":{"rendered":"JT-098 Katlan\u0131r Ak\u00fcl\u00fc Tekerlekli Sandalye"},"content":{"rendered":"<div>Destekli mobilitedeki en son yenili\u011fi tan\u0131tan JT-098 Katlan\u0131r Ak\u00fcl\u00fc Tekerlekli Sandalye, \u00f6ncelikle i\u015fletmeler aras\u0131 sekt\u00f6r\u00fc ve engelliler i\u00e7in mobilite yard\u0131mc\u0131lar\u0131 konusunda uzmanla\u015fm\u0131\u015f \u015firketleri kar\u015f\u0131lamak i\u00e7in tasarlanm\u0131\u015f devrim niteli\u011finde bir ak\u00fcl\u00fc tekerlekli sandalye. Bu zarif tasar\u0131ml\u0131 sandalye sadece bir ula\u015f\u0131m arac\u0131 de\u011fil, ayn\u0131 zamanda destekli mobiliteye g\u00fcvenenler i\u00e7in bir \u00f6zg\u00fcrl\u00fck sembol\u00fcd\u00fcr ve markam\u0131z\u0131n \u00fcst\u00fcn kalite ve i\u015flevselli\u011fe olan ba\u011fl\u0131l\u0131\u011f\u0131n\u0131 sembolize eder.<\/div>\n<div><\/div>\n<div>En geli\u015fmi\u015f teknolojiyi kullanan JT-098, ola\u011fan\u00fcst\u00fc dayan\u0131kl\u0131l\u0131\u011f\u0131 kullan\u0131c\u0131 dostu bir aray\u00fczle birle\u015ftirir. Son kullan\u0131c\u0131lar\u0131n hem konforu hem de g\u00fcvenilirli\u011fi deneyimlemesini sa\u011flar. Piyasada ekonomik bir se\u00e7im olan bu ak\u00fcl\u00fc tekerlekli sandalye, m\u00fc\u015fterilere uygun maliyetli bir mobilite \u00e7\u00f6z\u00fcm\u00fc sunmak isteyen i\u015fletmeler i\u00e7in ihtiyatl\u0131 bir yat\u0131r\u0131md\u0131r. G\u00fc\u00e7l\u00fc g\u00f6vde yap\u0131s\u0131 uzun \u00f6m\u00fcr vadederken, \u015f\u0131k tasar\u0131m\u0131 ne tarzdan ne de verimlilikten \u00f6d\u00fcn vermiyor.<\/div>\n<div><b>\u00a0<\/b><\/div>\n<div><b>E\u015fsiz Kalite ve G\u00fcvence<\/b><\/div>\n<div><\/div>\n<div>JT-098 Katlan\u0131r Ak\u00fcl\u00fc Tekerlekli Sandalye, i\u015f\u00e7ili\u011fine ve dayan\u0131kl\u0131l\u0131\u011f\u0131na olan g\u00fcvenimizi yans\u0131tan 2 y\u0131ll\u0131k \u00f6nemli bir garantiye sahiptir. M\u00fckemmelli\u011fe olan ba\u011fl\u0131l\u0131\u011f\u0131m\u0131z, i\u015fletmelerin m\u00fc\u015fterilerine yaln\u0131zca end\u00fcstri standartlar\u0131n\u0131 kar\u015f\u0131lamakla kalmay\u0131p ayn\u0131 zamanda a\u015fan bir \u00fcr\u00fcn sunaca\u011f\u0131n\u0131 garanti eder. E\u015fsiz yap\u0131sal b\u00fct\u00fcnl\u00fck, kullan\u0131c\u0131 i\u00e7in g\u00fcvenli ve istikrarl\u0131 bir yolculuk sa\u011flayarak, onu alandaki uygulay\u0131c\u0131lar ve uzmanlar aras\u0131nda \u015fiddetle tavsiye edilen bir se\u00e7enek haline getirir.<\/div>\n<div><\/div>\n<div>M\u00fc\u015fteri odakl\u0131 bak\u0131\u015f a\u00e7\u0131m\u0131z, yenilik\u00e7i m\u00fchendisli\u011fi pratik \u00f6zelliklerle harmanlayan ve nihayetinde ak\u00fcl\u00fc tekerlekli sandalye demografisinin geli\u015fen ihtiya\u00e7lar\u0131n\u0131 yans\u0131tan bir \u00fcr\u00fcn \u015fekillendirdi. Bu katlanabilir ak\u00fcl\u00fc tekerlekli sandalyenin ak\u0131ll\u0131 tasar\u0131m\u0131, sorunsuz depolama ve ta\u015f\u0131ma sa\u011flar, yani h\u0131zl\u0131 tempolu bir d\u00fcnyada \u00e7ok y\u00f6nl\u00fcl\u00fck \u00e7a\u011fr\u0131s\u0131na yan\u0131t verir. Verimli katlama mekanizmas\u0131, g\u00fcnl\u00fck hayata sorunsuz bir \u015fekilde kolayca entegre edilebilmesini sa\u011flar.<\/div>\n<div><\/div>\n<div><b>Uygunluk ve Pratiklik Yeniden Tan\u0131mland\u0131<\/b><\/div>\n<div><b>\u00a0<\/b><\/div>\n<div>Engellilerin acil ihtiya\u00e7lar\u0131n\u0131 ve onlara hizmet veren i\u015fletmelerden gelen talepleri anlayarak, katlan\u0131r ak\u00fcl\u00fc tekerlekli sandalyemizin herhangi bir \u00fcr\u00fcn de\u011fil, h\u0131zl\u0131 sevkiyat se\u00e7enekleriyle h\u0131zl\u0131 bir \u015fekilde ula\u015fan bir \u00e7\u00f6z\u00fcm olmas\u0131n\u0131 sa\u011fl\u0131yoruz. Temel mobilite yard\u0131mc\u0131lar\u0131 i\u00e7in bekleme s\u00fcresini azaltman\u0131n \u00f6neminin fark\u0131nday\u0131z ve bu nedenle B2B m\u00fc\u015fterilerimize h\u0131zl\u0131 teslimata \u00f6ncelik vererek hizmet ve destekte m\u00fckemmelli\u011fe olan ba\u011fl\u0131l\u0131\u011f\u0131m\u0131z\u0131 peki\u015ftiriyoruz.<\/div>\n<div><\/div>\n<div>Kullan\u0131c\u0131 geri bildirimlerinin, uzman de\u011ferlendirmesinin ve d\u00fc\u015f\u00fcnceli tasar\u0131m\u0131n doruk noktas\u0131 olan JT-098 modeli, ekonomik, kullan\u0131c\u0131 taraf\u0131ndan \u00f6nerilen mobilite \u00fcr\u00fcnlerinin zirvesini temsil eder. Herhangi bir \u00fcr\u00fcn yelpazesine girmesi, kalitede bir y\u00fckseltme, tekliflerin geni\u015fletilmesi ve bir kapsay\u0131c\u0131l\u0131k mesaj\u0131 anlam\u0131na gelecektir. G\u00fc\u00e7, esneklik ve kullan\u0131c\u0131 konforunun dikkatli bir kar\u0131\u015f\u0131m\u0131yla tasarlanan bu \u00fcr\u00fcn, mobilite \u00e7\u00f6z\u00fcmleri sekt\u00f6r\u00fcnde yenilik\u00e7i problem \u00e7\u00f6zmenin bir kan\u0131t\u0131 olarak duruyor.<\/div>\n<div><\/div>\n<p><div  id=\"btn_klavuz\"  class='avia-button-wrap av-3wcyxw-600b90e4e8128b844b5cba6653d0fc2d-wrap avia-button-left  avia-builder-el-0  el_before_av_button  avia-builder-el-first '><a href='https:\/\/www.integramedikal.com\/magaza\/upload\/kilavuz\/51-jt-098-katlanir-akulu-tekerlekli-sandalye.pdf'  class='avia-button av-3wcyxw-600b90e4e8128b844b5cba6653d0fc2d av-link-btn avia-icon_select-yes-left-icon avia-size-medium avia-position-left avia-color-theme-color-highlight'  target=\"_blank\"  rel=\"noopener noreferrer\"  aria-label=\"Kullan\u0131m K\u0131lavuzu\"><span class='avia_button_icon avia_button_icon_left avia-svg-icon avia-font-svg_entypo-fontello' data-av_svg_icon='book-open' data-av_iconset='svg_entypo-fontello'><svg version=\"1.1\" xmlns=\"http:\/\/www.w3.org\/2000\/svg\" width=\"29\" height=\"32\" viewBox=\"0 0 29 32\" preserveAspectRatio=\"xMidYMid meet\" aria-labelledby='av-svg-title-1' aria-describedby='av-svg-desc-1' role=\"graphics-symbol\">\n<title id='av-svg-title-1'>Book-open<\/title>\n<desc id='av-svg-desc-1'>Book-open<\/desc>\n<path d=\"M10.88 19.584v2.176l-6.4-2.56v-2.176zM10.88 12.928v2.176l-6.4-2.56v-2.176zM28.096 1.856q0.704 0.384 0.704 1.344v20.48q0 1.088-1.024 1.472l-12.736 5.12q-0.256 0.064-0.32 0.064t-0.16 0.032-0.16 0.032-0.16-0.032-0.16-0.032l-0.32-0.064-12.736-5.12q-1.024-0.384-1.024-1.472v-20.48q0-0.96 0.704-1.344 0.704-0.512 1.472-0.192l12.224 4.928 12.224-4.928q0.768-0.32 1.472 0.192zM12.8 27.072v-17.92l-10.24-4.096v17.92zM26.24 22.976v-17.92l-10.24 4.096v17.92zM24.32 17.024v2.176l-6.4 2.56v-2.176zM24.32 10.368v2.176l-6.4 2.56v-2.176z\"><\/path>\n<\/svg><\/span><span class='avia_iconbox_title' >Kullan\u0131m K\u0131lavuzu<\/span><\/a><\/div> <div  id=\"btn_teknikbilgi\"  class='avia-button-wrap av-2wdykk-5a4f0629caf9aa1d7427ca2968e2e521-wrap avia-button-left  avia-builder-el-1  el_after_av_button  avia-builder-el-last '><a href='javascript:void(0);'  class='avia-button av-2wdykk-5a4f0629caf9aa1d7427ca2968e2e521 av-link-btn avia-icon_select-yes-left-icon avia-size-medium avia-position-left avia-color-theme-color-highlight'   aria-label=\"Teknik Bilgi\"><span class='avia_button_icon avia_button_icon_left avia-svg-icon avia-font-svg_entypo-fontello' data-av_svg_icon='cog' data-av_iconset='svg_entypo-fontello'><svg version=\"1.1\" xmlns=\"http:\/\/www.w3.org\/2000\/svg\" width=\"27\" height=\"32\" viewBox=\"0 0 27 32\" preserveAspectRatio=\"xMidYMid meet\" aria-labelledby='av-svg-title-2' aria-describedby='av-svg-desc-2' role=\"graphics-symbol\">\n<title id='av-svg-title-2'>Cog<\/title>\n<desc id='av-svg-desc-2'>Cog<\/desc>\n<path d=\"M24.32 16q0 2.304 2.56 3.904-0.384 1.28-1.088 2.624-2.24-0.576-4.352 1.408-1.728 1.856-1.088 4.352-1.28 0.64-2.688 1.152-1.472-2.624-4.224-2.624t-4.224 2.624q-1.408-0.512-2.688-1.152 0.64-2.56-1.088-4.352-1.728-1.728-4.352-1.088-0.448-0.832-1.088-2.624 2.624-1.664 2.624-4.224 0-2.304-2.624-3.968 0.64-1.792 1.088-2.624 2.368 0.576 4.352-1.408 1.728-1.792 1.088-4.352 1.344-0.704 2.688-1.088 1.472 2.56 4.224 2.56t4.224-2.56q1.344 0.384 2.688 1.088-0.64 2.496 1.088 4.352 2.112 1.984 4.352 1.408 0.704 1.344 1.088 2.624-2.56 1.6-2.56 3.968zM13.44 21.824q2.432 0 4.128-1.696t1.696-4.128-1.696-4.16-4.128-1.728-4.128 1.728-1.696 4.16 1.696 4.128 4.128 1.696z\"><\/path>\n<\/svg><\/span><span class='avia_iconbox_title' >Teknik Bilgi<\/span><\/a><\/div><\/p>\n","protected":false},"excerpt":{"rendered":"<p>Destekli mobilitedeki en son yenili\u011fi tan\u0131tan JT-098 Katlan\u0131r Ak\u00fcl\u00fc Tekerlekli Sandalye, \u00f6ncelikle i\u015fletmeler aras\u0131 sekt\u00f6r\u00fc ve engelliler i\u00e7in mobilite yard\u0131mc\u0131lar\u0131 konusunda uzmanla\u015fm\u0131\u015f \u015firketleri kar\u015f\u0131lamak i\u00e7in tasarlanm\u0131\u015f devrim niteli\u011finde bir ak\u00fcl\u00fc tekerlekli sandalye. Bu zarif tasar\u0131ml\u0131 sandalye sadece bir ula\u015f\u0131m arac\u0131 de\u011fil, ayn\u0131 zamanda destekli mobiliteye g\u00fcvenenler i\u00e7in bir \u00f6zg\u00fcrl\u00fck sembol\u00fcd\u00fcr ve markam\u0131z\u0131n \u00fcst\u00fcn kalite ve [&hellip;]<\/p>\n","protected":false},"featured_media":1430,"comment_status":"open","ping_status":"closed","template":"","meta":[],"product_brand":[],"product_cat":[302],"product_tag":[],"class_list":{"0":"post-1396","1":"product","2":"type-product","3":"status-publish","4":"has-post-thumbnail","6":"product_cat-akulu-tekerlekli-sandalye","8":"first","9":"outofstock","10":"sale","11":"taxable","12":"shipping-taxable","13":"purchasable","14":"product-type-simple"},"yoast_head":"<!-- This site is optimized with the Yoast SEO plugin v27.4 - https:\/\/yoast.com\/product\/yoast-seo-wordpress\/ -->\n<title>JT-098 Katlan\u0131r Ak\u00fcl\u00fc Tekerlekli Sandalye - \u0130ntegra Medikal | | Ma\u011faza<\/title>\n<meta name=\"robots\" content=\"index, follow, max-snippet:-1, max-image-preview:large, max-video-preview:-1\" \/>\n<link rel=\"canonical\" href=\"https:\/\/integramedikal.com\/magaza\/urun\/jt-098-katlanir-akulu-tekerlekli-sandalye\/\" \/>\n<meta property=\"og:locale\" content=\"tr_TR\" \/>\n<meta property=\"og:type\" content=\"article\" \/>\n<meta property=\"og:title\" content=\"JT-098 Katlan\u0131r Ak\u00fcl\u00fc Tekerlekli Sandalye - \u0130ntegra Medikal | | Ma\u011faza\" \/>\n<meta property=\"og:description\" content=\"Destekli mobilitedeki en son yenili\u011fi tan\u0131tan JT-098 Katlan\u0131r Ak\u00fcl\u00fc Tekerlekli Sandalye, \u00f6ncelikle i\u015fletmeler aras\u0131 sekt\u00f6r\u00fc ve engelliler i\u00e7in mobilite yard\u0131mc\u0131lar\u0131 konusunda uzmanla\u015fm\u0131\u015f \u015firketleri kar\u015f\u0131lamak i\u00e7in tasarlanm\u0131\u015f devrim niteli\u011finde bir ak\u00fcl\u00fc tekerlekli sandalye. Bu zarif tasar\u0131ml\u0131 sandalye sadece bir ula\u015f\u0131m arac\u0131 de\u011fil, ayn\u0131 zamanda destekli mobiliteye g\u00fcvenenler i\u00e7in bir \u00f6zg\u00fcrl\u00fck sembol\u00fcd\u00fcr ve markam\u0131z\u0131n \u00fcst\u00fcn kalite ve [&hellip;]\" \/>\n<meta property=\"og:url\" content=\"https:\/\/integramedikal.com\/magaza\/urun\/jt-098-katlanir-akulu-tekerlekli-sandalye\/\" \/>\n<meta property=\"og:site_name\" content=\"\u0130ntegra Medikal | | Ma\u011faza\" \/>\n<meta property=\"article:publisher\" content=\"https:\/\/www.facebook.com\/integramedikal1\" \/>\n<meta property=\"article:modified_time\" content=\"2026-03-31T12:59:55+00:00\" \/>\n<meta property=\"og:image\" content=\"https:\/\/integramedikal.com\/magaza\/wp-content\/uploads\/2025\/06\/8012-2.jpg\" \/>\n\t<meta property=\"og:image:width\" content=\"900\" \/>\n\t<meta property=\"og:image:height\" content=\"900\" \/>\n\t<meta property=\"og:image:type\" content=\"image\/jpeg\" \/>\n<meta name=\"twitter:card\" content=\"summary_large_image\" \/>\n<meta name=\"twitter:site\" content=\"@integramedikal\" \/>\n<meta name=\"twitter:label1\" content=\"Tahmini okuma s\u00fcresi\" \/>\n\t<meta name=\"twitter:data1\" content=\"3 dakika\" \/>\n<script type=\"application\/ld+json\" class=\"yoast-schema-graph\">{\"@context\":\"https:\\\/\\\/schema.org\",\"@graph\":[{\"@type\":\"WebPage\",\"@id\":\"https:\\\/\\\/integramedikal.com\\\/magaza\\\/urun\\\/jt-098-katlanir-akulu-tekerlekli-sandalye\\\/\",\"url\":\"https:\\\/\\\/integramedikal.com\\\/magaza\\\/urun\\\/jt-098-katlanir-akulu-tekerlekli-sandalye\\\/\",\"name\":\"JT-098 Katlan\u0131r Ak\u00fcl\u00fc Tekerlekli Sandalye - \u0130ntegra Medikal | | Ma\u011faza\",\"isPartOf\":{\"@id\":\"https:\\\/\\\/integramedikal.com\\\/magaza\\\/#website\"},\"primaryImageOfPage\":{\"@id\":\"https:\\\/\\\/integramedikal.com\\\/magaza\\\/urun\\\/jt-098-katlanir-akulu-tekerlekli-sandalye\\\/#primaryimage\"},\"image\":{\"@id\":\"https:\\\/\\\/integramedikal.com\\\/magaza\\\/urun\\\/jt-098-katlanir-akulu-tekerlekli-sandalye\\\/#primaryimage\"},\"thumbnailUrl\":\"https:\\\/\\\/integramedikal.com\\\/magaza\\\/wp-content\\\/uploads\\\/2025\\\/06\\\/8012-2.jpg\",\"datePublished\":\"2025-06-02T20:16:11+00:00\",\"dateModified\":\"2026-03-31T12:59:55+00:00\",\"breadcrumb\":{\"@id\":\"https:\\\/\\\/integramedikal.com\\\/magaza\\\/urun\\\/jt-098-katlanir-akulu-tekerlekli-sandalye\\\/#breadcrumb\"},\"inLanguage\":\"tr\",\"potentialAction\":[{\"@type\":\"ReadAction\",\"target\":[\"https:\\\/\\\/integramedikal.com\\\/magaza\\\/urun\\\/jt-098-katlanir-akulu-tekerlekli-sandalye\\\/\"]}]},{\"@type\":\"ImageObject\",\"inLanguage\":\"tr\",\"@id\":\"https:\\\/\\\/integramedikal.com\\\/magaza\\\/urun\\\/jt-098-katlanir-akulu-tekerlekli-sandalye\\\/#primaryimage\",\"url\":\"https:\\\/\\\/integramedikal.com\\\/magaza\\\/wp-content\\\/uploads\\\/2025\\\/06\\\/8012-2.jpg\",\"contentUrl\":\"https:\\\/\\\/integramedikal.com\\\/magaza\\\/wp-content\\\/uploads\\\/2025\\\/06\\\/8012-2.jpg\",\"width\":900,\"height\":900},{\"@type\":\"BreadcrumbList\",\"@id\":\"https:\\\/\\\/integramedikal.com\\\/magaza\\\/urun\\\/jt-098-katlanir-akulu-tekerlekli-sandalye\\\/#breadcrumb\",\"itemListElement\":[{\"@type\":\"ListItem\",\"position\":1,\"name\":\"Anasayfa\",\"item\":\"https:\\\/\\\/integramedikal.com\\\/magaza\\\/anasayfa\\\/\"},{\"@type\":\"ListItem\",\"position\":2,\"name\":\"Shop\",\"item\":\"https:\\\/\\\/integramedikal.com\\\/magaza\\\/shop\\\/\"},{\"@type\":\"ListItem\",\"position\":3,\"name\":\"JT-098 Katlan\u0131r Ak\u00fcl\u00fc Tekerlekli Sandalye\"}]},{\"@type\":\"WebSite\",\"@id\":\"https:\\\/\\\/integramedikal.com\\\/magaza\\\/#website\",\"url\":\"https:\\\/\\\/integramedikal.com\\\/magaza\\\/\",\"name\":\"\u0130ntegra Medikal < | | >Ma\u011faza\",\"description\":\"Sa\u011fl\u0131kta Kalite | Sekt\u00f6rde 25. Y\u0131l\",\"publisher\":{\"@id\":\"https:\\\/\\\/integramedikal.com\\\/magaza\\\/#organization\"},\"potentialAction\":[{\"@type\":\"SearchAction\",\"target\":{\"@type\":\"EntryPoint\",\"urlTemplate\":\"https:\\\/\\\/integramedikal.com\\\/magaza\\\/?s={search_term_string}\"},\"query-input\":{\"@type\":\"PropertyValueSpecification\",\"valueRequired\":true,\"valueName\":\"search_term_string\"}}],\"inLanguage\":\"tr\"},{\"@type\":\"Organization\",\"@id\":\"https:\\\/\\\/integramedikal.com\\\/magaza\\\/#organization\",\"name\":\"\u0130ntegra Medikal < | | >Ma\u011faza\",\"url\":\"https:\\\/\\\/integramedikal.com\\\/magaza\\\/\",\"logo\":{\"@type\":\"ImageObject\",\"inLanguage\":\"tr\",\"@id\":\"https:\\\/\\\/integramedikal.com\\\/magaza\\\/#\\\/schema\\\/logo\\\/image\\\/\",\"url\":\"https:\\\/\\\/integramedikal.com\\\/magaza\\\/wp-content\\\/uploads\\\/2025\\\/06\\\/integra-logo-1.png\",\"contentUrl\":\"https:\\\/\\\/integramedikal.com\\\/magaza\\\/wp-content\\\/uploads\\\/2025\\\/06\\\/integra-logo-1.png\",\"width\":340,\"height\":156,\"caption\":\"\u0130ntegra Medikal < | | >Ma\u011faza\"},\"image\":{\"@id\":\"https:\\\/\\\/integramedikal.com\\\/magaza\\\/#\\\/schema\\\/logo\\\/image\\\/\"},\"sameAs\":[\"https:\\\/\\\/www.facebook.com\\\/integramedikal1\",\"https:\\\/\\\/x.com\\\/integramedikal\",\"https:\\\/\\\/www.instagram.com\\\/integramedikal\\\/\",\"https:\\\/\\\/www.youtube.com\\\/user\\\/integramedikal\"]}]}<\/script>\n<!-- \/ Yoast SEO plugin. -->","yoast_head_json":{"title":"JT-098 Katlan\u0131r Ak\u00fcl\u00fc Tekerlekli Sandalye - \u0130ntegra Medikal | | Ma\u011faza","robots":{"index":"index","follow":"follow","max-snippet":"max-snippet:-1","max-image-preview":"max-image-preview:large","max-video-preview":"max-video-preview:-1"},"canonical":"https:\/\/integramedikal.com\/magaza\/urun\/jt-098-katlanir-akulu-tekerlekli-sandalye\/","og_locale":"tr_TR","og_type":"article","og_title":"JT-098 Katlan\u0131r Ak\u00fcl\u00fc Tekerlekli Sandalye - \u0130ntegra Medikal | | Ma\u011faza","og_description":"Destekli mobilitedeki en son yenili\u011fi tan\u0131tan JT-098 Katlan\u0131r Ak\u00fcl\u00fc Tekerlekli Sandalye, \u00f6ncelikle i\u015fletmeler aras\u0131 sekt\u00f6r\u00fc ve engelliler i\u00e7in mobilite yard\u0131mc\u0131lar\u0131 konusunda uzmanla\u015fm\u0131\u015f \u015firketleri kar\u015f\u0131lamak i\u00e7in tasarlanm\u0131\u015f devrim niteli\u011finde bir ak\u00fcl\u00fc tekerlekli sandalye. Bu zarif tasar\u0131ml\u0131 sandalye sadece bir ula\u015f\u0131m arac\u0131 de\u011fil, ayn\u0131 zamanda destekli mobiliteye g\u00fcvenenler i\u00e7in bir \u00f6zg\u00fcrl\u00fck sembol\u00fcd\u00fcr ve markam\u0131z\u0131n \u00fcst\u00fcn kalite ve [&hellip;]","og_url":"https:\/\/integramedikal.com\/magaza\/urun\/jt-098-katlanir-akulu-tekerlekli-sandalye\/","og_site_name":"\u0130ntegra Medikal | | Ma\u011faza","article_publisher":"https:\/\/www.facebook.com\/integramedikal1","article_modified_time":"2026-03-31T12:59:55+00:00","og_image":[{"width":900,"height":900,"url":"https:\/\/integramedikal.com\/magaza\/wp-content\/uploads\/2025\/06\/8012-2.jpg","type":"image\/jpeg"}],"twitter_card":"summary_large_image","twitter_site":"@integramedikal","twitter_misc":{"Tahmini okuma s\u00fcresi":"3 dakika"},"schema":{"@context":"https:\/\/schema.org","@graph":[{"@type":"WebPage","@id":"https:\/\/integramedikal.com\/magaza\/urun\/jt-098-katlanir-akulu-tekerlekli-sandalye\/","url":"https:\/\/integramedikal.com\/magaza\/urun\/jt-098-katlanir-akulu-tekerlekli-sandalye\/","name":"JT-098 Katlan\u0131r Ak\u00fcl\u00fc Tekerlekli Sandalye - \u0130ntegra Medikal | | Ma\u011faza","isPartOf":{"@id":"https:\/\/integramedikal.com\/magaza\/#website"},"primaryImageOfPage":{"@id":"https:\/\/integramedikal.com\/magaza\/urun\/jt-098-katlanir-akulu-tekerlekli-sandalye\/#primaryimage"},"image":{"@id":"https:\/\/integramedikal.com\/magaza\/urun\/jt-098-katlanir-akulu-tekerlekli-sandalye\/#primaryimage"},"thumbnailUrl":"https:\/\/integramedikal.com\/magaza\/wp-content\/uploads\/2025\/06\/8012-2.jpg","datePublished":"2025-06-02T20:16:11+00:00","dateModified":"2026-03-31T12:59:55+00:00","breadcrumb":{"@id":"https:\/\/integramedikal.com\/magaza\/urun\/jt-098-katlanir-akulu-tekerlekli-sandalye\/#breadcrumb"},"inLanguage":"tr","potentialAction":[{"@type":"ReadAction","target":["https:\/\/integramedikal.com\/magaza\/urun\/jt-098-katlanir-akulu-tekerlekli-sandalye\/"]}]},{"@type":"ImageObject","inLanguage":"tr","@id":"https:\/\/integramedikal.com\/magaza\/urun\/jt-098-katlanir-akulu-tekerlekli-sandalye\/#primaryimage","url":"https:\/\/integramedikal.com\/magaza\/wp-content\/uploads\/2025\/06\/8012-2.jpg","contentUrl":"https:\/\/integramedikal.com\/magaza\/wp-content\/uploads\/2025\/06\/8012-2.jpg","width":900,"height":900},{"@type":"BreadcrumbList","@id":"https:\/\/integramedikal.com\/magaza\/urun\/jt-098-katlanir-akulu-tekerlekli-sandalye\/#breadcrumb","itemListElement":[{"@type":"ListItem","position":1,"name":"Anasayfa","item":"https:\/\/integramedikal.com\/magaza\/anasayfa\/"},{"@type":"ListItem","position":2,"name":"Shop","item":"https:\/\/integramedikal.com\/magaza\/shop\/"},{"@type":"ListItem","position":3,"name":"JT-098 Katlan\u0131r Ak\u00fcl\u00fc Tekerlekli Sandalye"}]},{"@type":"WebSite","@id":"https:\/\/integramedikal.com\/magaza\/#website","url":"https:\/\/integramedikal.com\/magaza\/","name":"\u0130ntegra Medikal < | | >Ma\u011faza","description":"Sa\u011fl\u0131kta Kalite | Sekt\u00f6rde 25. Y\u0131l","publisher":{"@id":"https:\/\/integramedikal.com\/magaza\/#organization"},"potentialAction":[{"@type":"SearchAction","target":{"@type":"EntryPoint","urlTemplate":"https:\/\/integramedikal.com\/magaza\/?s={search_term_string}"},"query-input":{"@type":"PropertyValueSpecification","valueRequired":true,"valueName":"search_term_string"}}],"inLanguage":"tr"},{"@type":"Organization","@id":"https:\/\/integramedikal.com\/magaza\/#organization","name":"\u0130ntegra Medikal < | | >Ma\u011faza","url":"https:\/\/integramedikal.com\/magaza\/","logo":{"@type":"ImageObject","inLanguage":"tr","@id":"https:\/\/integramedikal.com\/magaza\/#\/schema\/logo\/image\/","url":"https:\/\/integramedikal.com\/magaza\/wp-content\/uploads\/2025\/06\/integra-logo-1.png","contentUrl":"https:\/\/integramedikal.com\/magaza\/wp-content\/uploads\/2025\/06\/integra-logo-1.png","width":340,"height":156,"caption":"\u0130ntegra Medikal < | | >Ma\u011faza"},"image":{"@id":"https:\/\/integramedikal.com\/magaza\/#\/schema\/logo\/image\/"},"sameAs":["https:\/\/www.facebook.com\/integramedikal1","https:\/\/x.com\/integramedikal","https:\/\/www.instagram.com\/integramedikal\/","https:\/\/www.youtube.com\/user\/integramedikal"]}]}},"_links":{"self":[{"href":"https:\/\/integramedikal.com\/magaza\/wp-json\/wp\/v2\/product\/1396","targetHints":{"allow":["GET"]}}],"collection":[{"href":"https:\/\/integramedikal.com\/magaza\/wp-json\/wp\/v2\/product"}],"about":[{"href":"https:\/\/integramedikal.com\/magaza\/wp-json\/wp\/v2\/types\/product"}],"replies":[{"embeddable":true,"href":"https:\/\/integramedikal.com\/magaza\/wp-json\/wp\/v2\/comments?post=1396"}],"wp:featuredmedia":[{"embeddable":true,"href":"https:\/\/integramedikal.com\/magaza\/wp-json\/wp\/v2\/media\/1430"}],"wp:attachment":[{"href":"https:\/\/integramedikal.com\/magaza\/wp-json\/wp\/v2\/media?parent=1396"}],"wp:term":[{"taxonomy":"product_brand","embeddable":true,"href":"https:\/\/integramedikal.com\/magaza\/wp-json\/wp\/v2\/product_brand?post=1396"},{"taxonomy":"product_cat","embeddable":true,"href":"https:\/\/integramedikal.com\/magaza\/wp-json\/wp\/v2\/product_cat?post=1396"},{"taxonomy":"product_tag","embeddable":true,"href":"https:\/\/integramedikal.com\/magaza\/wp-json\/wp\/v2\/product_tag?post=1396"}],"curies":[{"name":"wp","href":"https:\/\/api.w.org\/{rel}","templated":true}]}}